{"id":19550,"date":"2026-04-29T08:49:46","date_gmt":"2026-04-29T08:49:46","guid":{"rendered":"https:\/\/hd-multimedia.com\/?post_type=product&#038;p=19550"},"modified":"2026-04-29T08:54:35","modified_gmt":"2026-04-29T08:54:35","slug":"kanto-uki","status":"publish","type":"product","link":"https:\/\/hd-multimedia.com\/en\/trgovina\/kanto-uki\/","title":{"rendered":"Kanto UKI"},"content":{"rendered":"<p><strong>Kanto UKI Specifikacije:<\/strong><br \/>\nDRIVERI:<br \/>\nVisokotonci sa svilenom kupolom od \u00be\u201d<br \/>\nNiskotonci s papirnatom konusom od 3\u201d<\/p>\n<p>AUDIO:<br \/>\nKlasa D, dvostruko poja\u010dano<br \/>\n100 W vr\u0161na snaga (50 W ukupno RMS)<br \/>\n9 W RMS per tweeter<br \/>\n16 W RMS po niskotoncu<br \/>\nAutomatski visokopropusni\/niskopropusni filtar od 100 Hz<br \/>\nFrekvencijski odziv 80 Hz \u2013 22 kHz<\/p>\n<p>ULAZI:<br \/>\nRCA linijski<br \/>\nUSB-C (16 bit\/48 kHz)<br \/>\nBluetooth\u00ae 5.3<\/p>\n<p>IZLAZI:<br \/>\nSubwoofer output<br \/>\n3,5 mm izlaz za slu\u0161alice<\/p>\n<p>\u0160TO SE NALAZI U KUTIJI:<br \/>\n4-pinski priklju\u010dak za zvu\u010dnik (1,8 m)<br \/>\nPower cable<br \/>\n8 x rubber feet<br \/>\nManual<\/p>\n<p>TE\u017dINE I MJERE:<\/p>\n<p>Dimensions (each speaker)<br \/>\n11,2 x 11 x 16,5 cm<br \/>\nNeto te\u017eina (aktivno): 2,2 lb (1 kg)<br \/>\nNeto te\u017eina (pasivno): 1,9 lb (0,9 kg)<br \/>\n\u00bc\u201d-20 navojni stra\u017enji otvor za monta\u017eu<\/p>\n<div class=\"ast-oembed-container\" style=\"height: 100%;\"><iframe title=\"Massive Sound, Tiny Footprint: Why the Kanto UKI is Bi-Amplified Perfection\" width=\"500\" height=\"281\" src=\"https:\/\/www.youtube.com\/embed\/KtTsil9vRBw?feature=oembed&#038;enablejsapi=1&#038;origin=https:\/\/hd-multimedia.com\" frameborder=\"0\" allow=\"accelerometer; autoplay; clipboard-write; encrypted-media; gyroscope; picture-in-picture; web-share\" referrerpolicy=\"strict-origin-when-cross-origin\" allowfullscreen><\/iframe><\/div>\n<p>&nbsp;<\/p>","protected":false},"excerpt":{"rendered":"<p>Kanto UKI su mali, sna\u017eni zvu\u010dnici za slu\u0161anje glazbe na radnom stolu. Bogati glazbeni detalji, impresivna dubina i iskren, precizan zvuk bez napora za u\u0161i uobi\u010dajenog za stolne zvu\u010dnike. S intuitivnim kontrolama, besprijekorno se pove\u017eite putem USB-C, Bluetooth 5.3 i RCA. Uki nudi inteligentne zna\u010dajke poput automatske skretnice subwoofera i prebacivanja lijeve\/desne orijentacije &#8211; kako bi kontrole i slu\u0161alice uvijek bile pri ruci. S kompaktnim, razigranim oblikom, Uki je promi\u0161ljeno dizajniran kako bi donio \u017eivahan zvuk i jednostavnost kori\u0161tenja na va\u0161 stol ili u male prostore.<\/p>\n<p>Uz Kanto UKI mo\u017eete naru\u010diti poseban stalak Kanto SU2 koji se montira sa stra\u017enje strane zvu\u010dnika.<\/p>\n<p><a href=\"https:\/\/www.kantoaudio.com\/powered-speakers\/uki\/?playlist=0ede8ff&amp;video=f472e08\" target=\"_blank\" rel=\"noopener\">Link for additional product information!<\/a><\/p>","protected":false},"featured_media":19556,"template":"","meta":{"site-sidebar-layout":"default","site-content-layout":"","ast-site-content-layout":"default","site-content-style":"default","site-sidebar-style":"default","ast-global-header-display":"","ast-banner-title-visibility":"","ast-main-header-display":"","ast-hfb-above-header-display":"","ast-hfb-below-header-display":"","ast-hfb-mobile-header-display":"","site-post-title":"","ast-breadcrumbs-content":"","ast-featured-img":"","footer-sml-layout":"","theme-transparent-header-meta":"default","adv-header-id-meta":"","stick-header-meta":"default","header-above-stick-meta":"","header-main-stick-meta":"","header-below-stick-meta":"","astra-migrate-meta-layouts":"set","ast-page-background-enabled":"default","ast-page-background-meta":{"desktop":{"background-color":"","background-image":"","background-repeat":"repeat","background-position":"center center","background-size":"auto","background-attachment":"scroll","background-type":"","background-media":"","overlay-type":"","overlay-color":"","overlay-opacity":"","overlay-gradient":""},"tablet":{"background-color":"","background-image":"","background-repeat":"repeat","background-position":"center center","background-size":"auto","background-attachment":"scroll","background-type":"","background-media":"","overlay-type":"","overlay-color":"","overlay-opacity":"","overlay-gradient":""},"mobile":{"background-color":"","background-image":"","background-repeat":"repeat","background-position":"center center","background-size":"auto","background-attachment":"scroll","background-type":"","background-media":"","overlay-type":"","overlay-color":"","overlay-opacity":"","overlay-gradient":""}},"ast-content-background-meta":{"desktop":{"background-color":"var(--ast-global-color-5)","background-image":"","background-repeat":"repeat","background-position":"center center","background-size":"auto","background-attachment":"scroll","background-type":"","background-media":"","overlay-type":"","overlay-color":"","overlay-opacity":"","overlay-gradient":""},"tablet":{"background-color":"var(--ast-global-color-5)","background-image":"","background-repeat":"repeat","background-position":"center center","background-size":"auto","background-attachment":"scroll","background-type":"","background-media":"","overlay-type":"","overlay-color":"","overlay-opacity":"","overlay-gradient":""},"mobile":{"background-color":"var(--ast-global-color-5)","background-image":"","background-repeat":"repeat","background-position":"center center","background-size":"auto","background-attachment":"scroll","background-type":"","background-media":"","overlay-type":"","overlay-color":"","overlay-opacity":"","overlay-gradient":""}}},"class_list":["post-19550","product","type-product","status-publish","has-post-thumbnail","hentry","product_cat-kanto-proizvodaci","product_cat-aktivne-zvucne-kutije","product_tag-novo-u-ponudi","desktop-align-center","tablet-align-center","mobile-align-center","ast-product-gallery-layout-horizontal","ast-magnify-disabled","ast-product-single-variable","ast-product-tabs-layout-horizontal"],"yoast_head":"<!-- This site is optimized with the Yoast SEO plugin v21.4 - https:\/\/yoast.com\/wordpress\/plugins\/seo\/ -->\n<title>Kanto UKI - hd-multimedia<\/title>\n<meta name=\"description\" content=\"Kanto UKI su mali, sna\u017eni zvu\u010dnici za slu\u0161anje glazbe na radnom stolu. Bogati glazbeni detalji, impresivna dubina i iskren, precizan zvuk bez napora za u\u0161i.\" \/>\n<meta name=\"robots\" content=\"index, follow, max-snippet:-1, max-image-preview:large, max-video-preview:-1\" \/>\n<link rel=\"canonical\" href=\"https:\/\/hd-multimedia.com\/en\/trgovina\/kanto-uki\/\" \/>\n<meta property=\"og:locale\" content=\"en_GB\" \/>\n<meta property=\"og:type\" content=\"article\" \/>\n<meta property=\"og:title\" content=\"Kanto UKI - hd-multimedia\" \/>\n<meta property=\"og:description\" content=\"Kanto UKI su mali, sna\u017eni zvu\u010dnici za slu\u0161anje glazbe na radnom stolu. Bogati glazbeni detalji, impresivna dubina i iskren, precizan zvuk bez napora za u\u0161i.\" \/>\n<meta property=\"og:url\" content=\"https:\/\/hd-multimedia.com\/en\/trgovina\/kanto-uki\/\" \/>\n<meta property=\"og:site_name\" content=\"hd-multimedia\" \/>\n<meta property=\"article:modified_time\" content=\"2026-04-29T08:54:35+00:00\" \/>\n<meta property=\"og:image\" content=\"https:\/\/hd-multimedia.com\/hdm_media\/Kanto-UKI-Black-e1777452415741.png\" \/>\n\t<meta property=\"og:image:width\" content=\"600\" \/>\n\t<meta property=\"og:image:height\" content=\"600\" \/>\n\t<meta property=\"og:image:type\" content=\"image\/png\" \/>\n<meta name=\"twitter:card\" content=\"summary_large_image\" \/>\n<meta name=\"twitter:label1\" content=\"Estimated reading time\" \/>\n\t<meta name=\"twitter:data1\" content=\"1 minute\" \/>\n<script type=\"application\/ld+json\" class=\"yoast-schema-graph\">{\"@context\":\"https:\/\/schema.org\",\"@graph\":[{\"@type\":\"WebPage\",\"@id\":\"https:\/\/hd-multimedia.com\/trgovina\/kanto-uki\/\",\"url\":\"https:\/\/hd-multimedia.com\/trgovina\/kanto-uki\/\",\"name\":\"Kanto UKI - hd-multimedia\",\"isPartOf\":{\"@id\":\"https:\/\/hd-multimedia.com\/#website\"},\"datePublished\":\"2026-04-29T08:49:46+00:00\",\"dateModified\":\"2026-04-29T08:54:35+00:00\",\"description\":\"Kanto UKI su mali, sna\u017eni zvu\u010dnici za slu\u0161anje glazbe na radnom stolu. Bogati glazbeni detalji, impresivna dubina i iskren, precizan zvuk bez napora za u\u0161i.\",\"breadcrumb\":{\"@id\":\"https:\/\/hd-multimedia.com\/trgovina\/kanto-uki\/#breadcrumb\"},\"inLanguage\":\"en-GB\",\"potentialAction\":[{\"@type\":\"ReadAction\",\"target\":[\"https:\/\/hd-multimedia.com\/trgovina\/kanto-uki\/\"]}]},{\"@type\":\"BreadcrumbList\",\"@id\":\"https:\/\/hd-multimedia.com\/trgovina\/kanto-uki\/#breadcrumb\",\"itemListElement\":[{\"@type\":\"ListItem\",\"position\":1,\"name\":\"Po\u010detna stranica\",\"item\":\"https:\/\/hd-multimedia.com\/\"},{\"@type\":\"ListItem\",\"position\":2,\"name\":\"Trgovina\",\"item\":\"https:\/\/hd-multimedia.com\/trgovina\/\"},{\"@type\":\"ListItem\",\"position\":3,\"name\":\"Kanto UKI\"}]},{\"@type\":\"WebSite\",\"@id\":\"https:\/\/hd-multimedia.com\/#website\",\"url\":\"https:\/\/hd-multimedia.com\/\",\"name\":\"hd-multimedia\",\"description\":\"\",\"publisher\":{\"@id\":\"https:\/\/hd-multimedia.com\/#organization\"},\"potentialAction\":[{\"@type\":\"SearchAction\",\"target\":{\"@type\":\"EntryPoint\",\"urlTemplate\":\"https:\/\/hd-multimedia.com\/?s={search_term_string}\"},\"query-input\":\"required name=search_term_string\"}],\"inLanguage\":\"en-GB\"},{\"@type\":\"Organization\",\"@id\":\"https:\/\/hd-multimedia.com\/#organization\",\"name\":\"hd-multimedia\",\"url\":\"https:\/\/hd-multimedia.com\/\",\"logo\":{\"@type\":\"ImageObject\",\"inLanguage\":\"en-GB\",\"@id\":\"https:\/\/hd-multimedia.com\/#\/schema\/logo\/image\/\",\"url\":\"https:\/\/hd-multimedia.com\/hdm_media\/HD-curves-ok-196-56px-alpha-1.png\",\"contentUrl\":\"https:\/\/hd-multimedia.com\/hdm_media\/HD-curves-ok-196-56px-alpha-1.png\",\"width\":196,\"height\":53,\"caption\":\"hd-multimedia\"},\"image\":{\"@id\":\"https:\/\/hd-multimedia.com\/#\/schema\/logo\/image\/\"}}]}<\/script>\n<!-- \/ Yoast SEO plugin. -->","yoast_head_json":{"title":"Kanto UKI - hd-multimedia","description":"Kanto UKI su mali, sna\u017eni zvu\u010dnici za slu\u0161anje glazbe na radnom stolu. Bogati glazbeni detalji, impresivna dubina i iskren, precizan zvuk bez napora za u\u0161i.","robots":{"index":"index","follow":"follow","max-snippet":"max-snippet:-1","max-image-preview":"max-image-preview:large","max-video-preview":"max-video-preview:-1"},"canonical":"https:\/\/hd-multimedia.com\/en\/trgovina\/kanto-uki\/","og_locale":"en_GB","og_type":"article","og_title":"Kanto UKI - hd-multimedia","og_description":"Kanto UKI su mali, sna\u017eni zvu\u010dnici za slu\u0161anje glazbe na radnom stolu. Bogati glazbeni detalji, impresivna dubina i iskren, precizan zvuk bez napora za u\u0161i.","og_url":"https:\/\/hd-multimedia.com\/en\/trgovina\/kanto-uki\/","og_site_name":"hd-multimedia","article_modified_time":"2026-04-29T08:54:35+00:00","og_image":[{"width":600,"height":600,"url":"https:\/\/hd-multimedia.com\/hdm_media\/Kanto-UKI-Black-e1777452415741.png","type":"image\/png"}],"twitter_card":"summary_large_image","twitter_misc":{"Estimated reading time":"1 minute"},"schema":{"@context":"https:\/\/schema.org","@graph":[{"@type":"WebPage","@id":"https:\/\/hd-multimedia.com\/trgovina\/kanto-uki\/","url":"https:\/\/hd-multimedia.com\/trgovina\/kanto-uki\/","name":"Kanto UKI - hd-multimedia","isPartOf":{"@id":"https:\/\/hd-multimedia.com\/#website"},"datePublished":"2026-04-29T08:49:46+00:00","dateModified":"2026-04-29T08:54:35+00:00","description":"Kanto UKI su mali, sna\u017eni zvu\u010dnici za slu\u0161anje glazbe na radnom stolu. Bogati glazbeni detalji, impresivna dubina i iskren, precizan zvuk bez napora za u\u0161i.","breadcrumb":{"@id":"https:\/\/hd-multimedia.com\/trgovina\/kanto-uki\/#breadcrumb"},"inLanguage":"en-GB","potentialAction":[{"@type":"ReadAction","target":["https:\/\/hd-multimedia.com\/trgovina\/kanto-uki\/"]}]},{"@type":"BreadcrumbList","@id":"https:\/\/hd-multimedia.com\/trgovina\/kanto-uki\/#breadcrumb","itemListElement":[{"@type":"ListItem","position":1,"name":"Po\u010detna stranica","item":"https:\/\/hd-multimedia.com\/"},{"@type":"ListItem","position":2,"name":"Trgovina","item":"https:\/\/hd-multimedia.com\/trgovina\/"},{"@type":"ListItem","position":3,"name":"Kanto UKI"}]},{"@type":"WebSite","@id":"https:\/\/hd-multimedia.com\/#website","url":"https:\/\/hd-multimedia.com\/","name":"hd-multimedia","description":"","publisher":{"@id":"https:\/\/hd-multimedia.com\/#organization"},"potentialAction":[{"@type":"SearchAction","target":{"@type":"EntryPoint","urlTemplate":"https:\/\/hd-multimedia.com\/?s={search_term_string}"},"query-input":"required name=search_term_string"}],"inLanguage":"en-GB"},{"@type":"Organization","@id":"https:\/\/hd-multimedia.com\/#organization","name":"hd-multimedia","url":"https:\/\/hd-multimedia.com\/","logo":{"@type":"ImageObject","inLanguage":"en-GB","@id":"https:\/\/hd-multimedia.com\/#\/schema\/logo\/image\/","url":"https:\/\/hd-multimedia.com\/hdm_media\/HD-curves-ok-196-56px-alpha-1.png","contentUrl":"https:\/\/hd-multimedia.com\/hdm_media\/HD-curves-ok-196-56px-alpha-1.png","width":196,"height":53,"caption":"hd-multimedia"},"image":{"@id":"https:\/\/hd-multimedia.com\/#\/schema\/logo\/image\/"}}]}},"post_mailing_queue_ids":[],"_links":{"self":[{"href":"https:\/\/hd-multimedia.com\/en\/wp-json\/wp\/v2\/product\/19550","targetHints":{"allow":["GET"]}}],"collection":[{"href":"https:\/\/hd-multimedia.com\/en\/wp-json\/wp\/v2\/product"}],"about":[{"href":"https:\/\/hd-multimedia.com\/en\/wp-json\/wp\/v2\/types\/product"}],"version-history":[{"count":2,"href":"https:\/\/hd-multimedia.com\/en\/wp-json\/wp\/v2\/product\/19550\/revisions"}],"predecessor-version":[{"id":19564,"href":"https:\/\/hd-multimedia.com\/en\/wp-json\/wp\/v2\/product\/19550\/revisions\/19564"}],"wp:featuredmedia":[{"embeddable":true,"href":"https:\/\/hd-multimedia.com\/en\/wp-json\/wp\/v2\/media\/19556"}],"wp:attachment":[{"href":"https:\/\/hd-multimedia.com\/en\/wp-json\/wp\/v2\/media?parent=19550"}],"curies":[{"name":"wp","href":"https:\/\/api.w.org\/{rel}","templated":true}]}}