{"id":19542,"date":"2026-04-28T13:32:35","date_gmt":"2026-04-28T13:32:35","guid":{"rendered":"https:\/\/hd-multimedia.com\/?post_type=product&#038;p=19542"},"modified":"2026-04-28T13:32:36","modified_gmt":"2026-04-28T13:32:36","slug":"kanto-sph","status":"publish","type":"product","link":"https:\/\/hd-multimedia.com\/en\/trgovina\/kanto-sph\/","title":{"rendered":"Kanto SPH"},"content":{"rendered":"<p>Kanto SPH ima integrirano upravljanje kabelima. Uredno sakrijte \u017eice zvu\u010dnika za uredan prostor koji izgleda jednako o\u0161tro kao \u0161to zvu\u010di.<\/p>\n<p><strong>Pakiranje uklju\u010duje:<\/strong><\/p>\n<p>2x stalka za zvu\u010dnike | Oprema | Priru\u010dnik<\/p>\n<p><a href=\"https:\/\/cdn.amplifi.pattern.com\/181312c7-6923-429b-80dc-21fd2ddc63a9\" target=\"_blank\" rel=\"noopener\">Detailed specifications!<\/a><\/p>","protected":false},"excerpt":{"rendered":"<p>Kanto SPH pru\u017ea fokus i jasno\u0107u koju su va\u0161i zvu\u010dnici zaslu\u017eili. Dizajnirani za srednje zvu\u010dnike za police do 13,6 kg, Kanto SPH stalci za pozicioniraju va\u0161e zvu\u010dnike za doista precizan, impresivan zvuk. Podesivi po visini od 60 cm do 107 cm, SPH stalci olak\u0161avaju savr\u0161eno poravnavanje visokotonaca s va\u0161im u\u0161ima &#8211; poga\u0111aju\u0107i tu bitnu idealnu to\u010dku za ku\u0107no kino, stereo ili igra\u0107e sustave. S potpuno \u010deli\u010dnom konstrukcijom od baze do plo\u010de zvu\u010dnika, SPH stalci pru\u017eaju pouzdanu potporu za va\u0161u najdra\u017eu audio opremu. Siguran sustav zaklju\u010davanja s dvostrukim vijcima osigurava da ugnije\u017e\u0111eni stupovi ostanu spojeni, minimiziraju\u0107i vibracije tako da zvuk ostaje vjeran. S uklju\u010denim \u0161iljcima za tepih i gumenim no\u017eicama za stabilnost na bilo kojoj povr\u0161ini, plus elegantnim, minimalisti\u010dkim profilom koji se besprijekorno uklapa u va\u0161 prostor, SPH omogu\u0107uje da va\u0161i zvu\u010dnici zablistaju.<\/p>\n<p><a href=\"https:\/\/www.kantoaudio.com\/speaker-accessories\/sph\/\" target=\"_blank\" rel=\"noopener\">Link for additional product information!<\/a><\/p>","protected":false},"featured_media":19543,"template":"","meta":{"site-sidebar-layout":"default","site-content-layout":"","ast-site-content-layout":"default","site-content-style":"default","site-sidebar-style":"default","ast-global-header-display":"","ast-banner-title-visibility":"","ast-main-header-display":"","ast-hfb-above-header-display":"","ast-hfb-below-header-display":"","ast-hfb-mobile-header-display":"","site-post-title":"","ast-breadcrumbs-content":"","ast-featured-img":"","footer-sml-layout":"","theme-transparent-header-meta":"default","adv-header-id-meta":"","stick-header-meta":"default","header-above-stick-meta":"","header-main-stick-meta":"","header-below-stick-meta":"","astra-migrate-meta-layouts":"set","ast-page-background-enabled":"default","ast-page-background-meta":{"desktop":{"background-color":"","background-image":"","background-repeat":"repeat","background-position":"center center","background-size":"auto","background-attachment":"scroll","background-type":"","background-media":"","overlay-type":"","overlay-color":"","overlay-opacity":"","overlay-gradient":""},"tablet":{"background-color":"","background-image":"","background-repeat":"repeat","background-position":"center center","background-size":"auto","background-attachment":"scroll","background-type":"","background-media":"","overlay-type":"","overlay-color":"","overlay-opacity":"","overlay-gradient":""},"mobile":{"background-color":"","background-image":"","background-repeat":"repeat","background-position":"center center","background-size":"auto","background-attachment":"scroll","background-type":"","background-media":"","overlay-type":"","overlay-color":"","overlay-opacity":"","overlay-gradient":""}},"ast-content-background-meta":{"desktop":{"background-color":"var(--ast-global-color-5)","background-image":"","background-repeat":"repeat","background-position":"center center","background-size":"auto","background-attachment":"scroll","background-type":"","background-media":"","overlay-type":"","overlay-color":"","overlay-opacity":"","overlay-gradient":""},"tablet":{"background-color":"var(--ast-global-color-5)","background-image":"","background-repeat":"repeat","background-position":"center center","background-size":"auto","background-attachment":"scroll","background-type":"","background-media":"","overlay-type":"","overlay-color":"","overlay-opacity":"","overlay-gradient":""},"mobile":{"background-color":"var(--ast-global-color-5)","background-image":"","background-repeat":"repeat","background-position":"center center","background-size":"auto","background-attachment":"scroll","background-type":"","background-media":"","overlay-type":"","overlay-color":"","overlay-opacity":"","overlay-gradient":""}}},"class_list":["post-19542","product","type-product","status-publish","has-post-thumbnail","hentry","product_cat-kanto-proizvodaci","product_cat-stalci-za-zvucne-kutije","product_tag-novo-u-ponudi","desktop-align-center","tablet-align-center","mobile-align-center","ast-product-gallery-layout-horizontal","ast-magnify-disabled","ast-product-tabs-layout-horizontal"],"yoast_head":"<!-- This site is optimized with the Yoast SEO plugin v21.4 - https:\/\/yoast.com\/wordpress\/plugins\/seo\/ -->\n<title>Kanto SPH - hd-multimedia<\/title>\n<meta name=\"description\" content=\"Kanto SPH pru\u017ea fokus i jasno\u0107u koju su va\u0161i zvu\u010dnici zaslu\u017eili. Dizajnirani za srednje zvu\u010dnike za police do 13,6 kg. Stalci za precizno pozicioniranje.\" \/>\n<meta name=\"robots\" content=\"index, follow, max-snippet:-1, max-image-preview:large, max-video-preview:-1\" \/>\n<link rel=\"canonical\" href=\"https:\/\/hd-multimedia.com\/en\/trgovina\/kanto-sph\/\" \/>\n<meta property=\"og:locale\" content=\"en_GB\" \/>\n<meta property=\"og:type\" content=\"article\" \/>\n<meta property=\"og:title\" content=\"Kanto SPH - hd-multimedia\" \/>\n<meta property=\"og:description\" content=\"Kanto SPH pru\u017ea fokus i jasno\u0107u koju su va\u0161i zvu\u010dnici zaslu\u017eili. Dizajnirani za srednje zvu\u010dnike za police do 13,6 kg. Stalci za precizno pozicioniranje.\" \/>\n<meta property=\"og:url\" content=\"https:\/\/hd-multimedia.com\/en\/trgovina\/kanto-sph\/\" \/>\n<meta property=\"og:site_name\" content=\"hd-multimedia\" \/>\n<meta property=\"article:modified_time\" content=\"2026-04-28T13:32:36+00:00\" \/>\n<meta property=\"og:image\" content=\"https:\/\/hd-multimedia.com\/hdm_media\/Kanto-SPH--e1777383055449.png\" \/>\n\t<meta property=\"og:image:width\" content=\"600\" \/>\n\t<meta property=\"og:image:height\" content=\"600\" \/>\n\t<meta property=\"og:image:type\" content=\"image\/png\" \/>\n<meta name=\"twitter:card\" content=\"summary_large_image\" \/>\n<meta name=\"twitter:label1\" content=\"Estimated reading time\" \/>\n\t<meta name=\"twitter:data1\" content=\"1 minute\" \/>\n<script type=\"application\/ld+json\" class=\"yoast-schema-graph\">{\"@context\":\"https:\/\/schema.org\",\"@graph\":[{\"@type\":\"WebPage\",\"@id\":\"https:\/\/hd-multimedia.com\/trgovina\/kanto-sph\/\",\"url\":\"https:\/\/hd-multimedia.com\/trgovina\/kanto-sph\/\",\"name\":\"Kanto SPH - hd-multimedia\",\"isPartOf\":{\"@id\":\"https:\/\/hd-multimedia.com\/#website\"},\"datePublished\":\"2026-04-28T13:32:35+00:00\",\"dateModified\":\"2026-04-28T13:32:36+00:00\",\"description\":\"Kanto SPH pru\u017ea fokus i jasno\u0107u koju su va\u0161i zvu\u010dnici zaslu\u017eili. Dizajnirani za srednje zvu\u010dnike za police do 13,6 kg. Stalci za precizno pozicioniranje.\",\"breadcrumb\":{\"@id\":\"https:\/\/hd-multimedia.com\/trgovina\/kanto-sph\/#breadcrumb\"},\"inLanguage\":\"en-GB\",\"potentialAction\":[{\"@type\":\"ReadAction\",\"target\":[\"https:\/\/hd-multimedia.com\/trgovina\/kanto-sph\/\"]}]},{\"@type\":\"BreadcrumbList\",\"@id\":\"https:\/\/hd-multimedia.com\/trgovina\/kanto-sph\/#breadcrumb\",\"itemListElement\":[{\"@type\":\"ListItem\",\"position\":1,\"name\":\"Po\u010detna stranica\",\"item\":\"https:\/\/hd-multimedia.com\/\"},{\"@type\":\"ListItem\",\"position\":2,\"name\":\"Trgovina\",\"item\":\"https:\/\/hd-multimedia.com\/trgovina\/\"},{\"@type\":\"ListItem\",\"position\":3,\"name\":\"Kanto SPH\"}]},{\"@type\":\"WebSite\",\"@id\":\"https:\/\/hd-multimedia.com\/#website\",\"url\":\"https:\/\/hd-multimedia.com\/\",\"name\":\"hd-multimedia\",\"description\":\"\",\"publisher\":{\"@id\":\"https:\/\/hd-multimedia.com\/#organization\"},\"potentialAction\":[{\"@type\":\"SearchAction\",\"target\":{\"@type\":\"EntryPoint\",\"urlTemplate\":\"https:\/\/hd-multimedia.com\/?s={search_term_string}\"},\"query-input\":\"required name=search_term_string\"}],\"inLanguage\":\"en-GB\"},{\"@type\":\"Organization\",\"@id\":\"https:\/\/hd-multimedia.com\/#organization\",\"name\":\"hd-multimedia\",\"url\":\"https:\/\/hd-multimedia.com\/\",\"logo\":{\"@type\":\"ImageObject\",\"inLanguage\":\"en-GB\",\"@id\":\"https:\/\/hd-multimedia.com\/#\/schema\/logo\/image\/\",\"url\":\"https:\/\/hd-multimedia.com\/hdm_media\/HD-curves-ok-196-56px-alpha-1.png\",\"contentUrl\":\"https:\/\/hd-multimedia.com\/hdm_media\/HD-curves-ok-196-56px-alpha-1.png\",\"width\":196,\"height\":53,\"caption\":\"hd-multimedia\"},\"image\":{\"@id\":\"https:\/\/hd-multimedia.com\/#\/schema\/logo\/image\/\"}}]}<\/script>\n<!-- \/ Yoast SEO plugin. -->","yoast_head_json":{"title":"Kanto SPH - hd-multimedia","description":"Kanto SPH pru\u017ea fokus i jasno\u0107u koju su va\u0161i zvu\u010dnici zaslu\u017eili. Dizajnirani za srednje zvu\u010dnike za police do 13,6 kg. Stalci za precizno pozicioniranje.","robots":{"index":"index","follow":"follow","max-snippet":"max-snippet:-1","max-image-preview":"max-image-preview:large","max-video-preview":"max-video-preview:-1"},"canonical":"https:\/\/hd-multimedia.com\/en\/trgovina\/kanto-sph\/","og_locale":"en_GB","og_type":"article","og_title":"Kanto SPH - hd-multimedia","og_description":"Kanto SPH pru\u017ea fokus i jasno\u0107u koju su va\u0161i zvu\u010dnici zaslu\u017eili. Dizajnirani za srednje zvu\u010dnike za police do 13,6 kg. Stalci za precizno pozicioniranje.","og_url":"https:\/\/hd-multimedia.com\/en\/trgovina\/kanto-sph\/","og_site_name":"hd-multimedia","article_modified_time":"2026-04-28T13:32:36+00:00","og_image":[{"width":600,"height":600,"url":"https:\/\/hd-multimedia.com\/hdm_media\/Kanto-SPH--e1777383055449.png","type":"image\/png"}],"twitter_card":"summary_large_image","twitter_misc":{"Estimated reading time":"1 minute"},"schema":{"@context":"https:\/\/schema.org","@graph":[{"@type":"WebPage","@id":"https:\/\/hd-multimedia.com\/trgovina\/kanto-sph\/","url":"https:\/\/hd-multimedia.com\/trgovina\/kanto-sph\/","name":"Kanto SPH - hd-multimedia","isPartOf":{"@id":"https:\/\/hd-multimedia.com\/#website"},"datePublished":"2026-04-28T13:32:35+00:00","dateModified":"2026-04-28T13:32:36+00:00","description":"Kanto SPH pru\u017ea fokus i jasno\u0107u koju su va\u0161i zvu\u010dnici zaslu\u017eili. Dizajnirani za srednje zvu\u010dnike za police do 13,6 kg. Stalci za precizno pozicioniranje.","breadcrumb":{"@id":"https:\/\/hd-multimedia.com\/trgovina\/kanto-sph\/#breadcrumb"},"inLanguage":"en-GB","potentialAction":[{"@type":"ReadAction","target":["https:\/\/hd-multimedia.com\/trgovina\/kanto-sph\/"]}]},{"@type":"BreadcrumbList","@id":"https:\/\/hd-multimedia.com\/trgovina\/kanto-sph\/#breadcrumb","itemListElement":[{"@type":"ListItem","position":1,"name":"Po\u010detna stranica","item":"https:\/\/hd-multimedia.com\/"},{"@type":"ListItem","position":2,"name":"Trgovina","item":"https:\/\/hd-multimedia.com\/trgovina\/"},{"@type":"ListItem","position":3,"name":"Kanto SPH"}]},{"@type":"WebSite","@id":"https:\/\/hd-multimedia.com\/#website","url":"https:\/\/hd-multimedia.com\/","name":"hd-multimedia","description":"","publisher":{"@id":"https:\/\/hd-multimedia.com\/#organization"},"potentialAction":[{"@type":"SearchAction","target":{"@type":"EntryPoint","urlTemplate":"https:\/\/hd-multimedia.com\/?s={search_term_string}"},"query-input":"required name=search_term_string"}],"inLanguage":"en-GB"},{"@type":"Organization","@id":"https:\/\/hd-multimedia.com\/#organization","name":"hd-multimedia","url":"https:\/\/hd-multimedia.com\/","logo":{"@type":"ImageObject","inLanguage":"en-GB","@id":"https:\/\/hd-multimedia.com\/#\/schema\/logo\/image\/","url":"https:\/\/hd-multimedia.com\/hdm_media\/HD-curves-ok-196-56px-alpha-1.png","contentUrl":"https:\/\/hd-multimedia.com\/hdm_media\/HD-curves-ok-196-56px-alpha-1.png","width":196,"height":53,"caption":"hd-multimedia"},"image":{"@id":"https:\/\/hd-multimedia.com\/#\/schema\/logo\/image\/"}}]}},"post_mailing_queue_ids":[],"_links":{"self":[{"href":"https:\/\/hd-multimedia.com\/en\/wp-json\/wp\/v2\/product\/19542","targetHints":{"allow":["GET"]}}],"collection":[{"href":"https:\/\/hd-multimedia.com\/en\/wp-json\/wp\/v2\/product"}],"about":[{"href":"https:\/\/hd-multimedia.com\/en\/wp-json\/wp\/v2\/types\/product"}],"version-history":[{"count":1,"href":"https:\/\/hd-multimedia.com\/en\/wp-json\/wp\/v2\/product\/19542\/revisions"}],"predecessor-version":[{"id":19545,"href":"https:\/\/hd-multimedia.com\/en\/wp-json\/wp\/v2\/product\/19542\/revisions\/19545"}],"wp:featuredmedia":[{"embeddable":true,"href":"https:\/\/hd-multimedia.com\/en\/wp-json\/wp\/v2\/media\/19543"}],"wp:attachment":[{"href":"https:\/\/hd-multimedia.com\/en\/wp-json\/wp\/v2\/media?parent=19542"}],"curies":[{"name":"wp","href":"https:\/\/api.w.org\/{rel}","templated":true}]}}