{"id":19537,"date":"2026-04-28T12:39:30","date_gmt":"2026-04-28T12:39:30","guid":{"rendered":"https:\/\/hd-multimedia.com\/?post_type=product&#038;p=19537"},"modified":"2026-04-28T13:03:04","modified_gmt":"2026-04-28T13:03:04","slug":"kanto-su2","status":"publish","type":"product","link":"https:\/\/hd-multimedia.com\/en\/trgovina\/kanto-su2\/","title":{"rendered":"Kanto SU2"},"content":{"rendered":"<p>Kanto SU2 je izra\u0111en kako bi va\u0161im Uki i Ora zvu\u010dnicima donio visoki dizajn i visoku preciznost zvuka. Besprijekorno pri\u010dvr\u0161\u0107en na stra\u017enju stranu prilo\u017eenim vijkom od 1\/4\u2032\u2032-20, trenuta\u010dno osloba\u0111a dragocjeni prostor na radnoj povr\u0161ini i stvara minimalisti\u010dku, lebde\u0107u estetiku. Podizanjem zvu\u010dnika sa stola, SU2 smanjuje rane refleksije koje mogu zamutiti zvuk. Jasno\u0107a je dodatno pobolj\u0161ana blagim kutom prema gore koji usmjerava zvuk ravno u va\u0161e u\u0161i. Integrirani silikonski jastu\u010di\u0107i pru\u017eaju smanjenje vibracija i stabilnost, osiguravaju\u0107i profinjeno iskustvo bez ometanja. Dostupan u crnoj boji, spaja performanse s estetikom kako bi va\u0161 radni prostor podigao s prosje\u010dnog na ambiciozan.<\/p>\n<p><strong>Pakiranje Uklju\u010duje:<\/strong><\/p>\n<p>2x stalka za zvu\u010dnike | 2x vijka 1\/4\u2033-20<\/p>\n<p><a href=\"https:\/\/cdn.amplifi.pattern.com\/32519791-2af3-48c8-a3ce-f85ee8a65a2a\" target=\"_blank\" rel=\"noopener\">Detailed specifications!<\/a><\/p>","protected":false},"excerpt":{"rendered":"<p>Stalci za zvu\u010dnike Kanto SU2 konstruirani su kao idealan dodatak za Uki i Ora zvu\u010dnike. Besprijekorno se pri\u010dvr\u0161\u0107uju\u0107i stra\u017enjim vijkom od 1\/4\u201c-20, SU2 isti\u010du dizajn zvu\u010dnika, podi\u017eu\u0107i i poravnavaju\u0107i zvu\u010dnike s va\u0161im u\u0161ima za optimalnu akusti\u010dnu jasno\u0107u i vrhunsko iskustvo slu\u0161anja, a istovremeno odr\u017eavaju jednostavan pristup svim stra\u017enjim ulazima.<\/p>\n<p><a href=\"https:\/\/www.kantoaudio.com\/speaker-accessories\/su2\/\" target=\"_blank\" rel=\"noopener\">Link for additional product information!<\/a><\/p>","protected":false},"featured_media":19539,"template":"","meta":{"site-sidebar-layout":"default","site-content-layout":"","ast-site-content-layout":"default","site-content-style":"default","site-sidebar-style":"default","ast-global-header-display":"","ast-banner-title-visibility":"","ast-main-header-display":"","ast-hfb-above-header-display":"","ast-hfb-below-header-display":"","ast-hfb-mobile-header-display":"","site-post-title":"","ast-breadcrumbs-content":"","ast-featured-img":"","footer-sml-layout":"","theme-transparent-header-meta":"default","adv-header-id-meta":"","stick-header-meta":"default","header-above-stick-meta":"","header-main-stick-meta":"","header-below-stick-meta":"","astra-migrate-meta-layouts":"set","ast-page-background-enabled":"default","ast-page-background-meta":{"desktop":{"background-color":"","background-image":"","background-repeat":"repeat","background-position":"center center","background-size":"auto","background-attachment":"scroll","background-type":"","background-media":"","overlay-type":"","overlay-color":"","overlay-opacity":"","overlay-gradient":""},"tablet":{"background-color":"","background-image":"","background-repeat":"repeat","background-position":"center center","background-size":"auto","background-attachment":"scroll","background-type":"","background-media":"","overlay-type":"","overlay-color":"","overlay-opacity":"","overlay-gradient":""},"mobile":{"background-color":"","background-image":"","background-repeat":"repeat","background-position":"center center","background-size":"auto","background-attachment":"scroll","background-type":"","background-media":"","overlay-type":"","overlay-color":"","overlay-opacity":"","overlay-gradient":""}},"ast-content-background-meta":{"desktop":{"background-color":"var(--ast-global-color-5)","background-image":"","background-repeat":"repeat","background-position":"center center","background-size":"auto","background-attachment":"scroll","background-type":"","background-media":"","overlay-type":"","overlay-color":"","overlay-opacity":"","overlay-gradient":""},"tablet":{"background-color":"var(--ast-global-color-5)","background-image":"","background-repeat":"repeat","background-position":"center center","background-size":"auto","background-attachment":"scroll","background-type":"","background-media":"","overlay-type":"","overlay-color":"","overlay-opacity":"","overlay-gradient":""},"mobile":{"background-color":"var(--ast-global-color-5)","background-image":"","background-repeat":"repeat","background-position":"center center","background-size":"auto","background-attachment":"scroll","background-type":"","background-media":"","overlay-type":"","overlay-color":"","overlay-opacity":"","overlay-gradient":""}}},"class_list":["post-19537","product","type-product","status-publish","has-post-thumbnail","hentry","product_cat-kanto-proizvodaci","product_cat-stalci-za-zvucne-kutije","product_tag-novo-u-ponudi","desktop-align-center","tablet-align-center","mobile-align-center","ast-product-gallery-layout-horizontal","ast-magnify-disabled","ast-product-tabs-layout-horizontal"],"yoast_head":"<!-- This site is optimized with the Yoast SEO plugin v21.4 - https:\/\/yoast.com\/wordpress\/plugins\/seo\/ -->\n<title>Kanto SU2 - hd-multimedia<\/title>\n<meta name=\"description\" content=\"Stalci za zvu\u010dnike Kanto SU2 konstruirani su kao idealan dodatak za Uki i Ora zvu\u010dnike. Besprijekorno se pri\u010dvr\u0161\u0107uju\u0107i stra\u017enjim vijkom od 1\/4\u201c-20\" \/>\n<meta name=\"robots\" content=\"index, follow, max-snippet:-1, max-image-preview:large, max-video-preview:-1\" \/>\n<link rel=\"canonical\" href=\"https:\/\/hd-multimedia.com\/en\/trgovina\/kanto-su2\/\" \/>\n<meta property=\"og:locale\" content=\"en_GB\" \/>\n<meta property=\"og:type\" content=\"article\" \/>\n<meta property=\"og:title\" content=\"Kanto SU2 - hd-multimedia\" \/>\n<meta property=\"og:description\" content=\"Stalci za zvu\u010dnike Kanto SU2 konstruirani su kao idealan dodatak za Uki i Ora zvu\u010dnike. Besprijekorno se pri\u010dvr\u0161\u0107uju\u0107i stra\u017enjim vijkom od 1\/4\u201c-20\" \/>\n<meta property=\"og:url\" content=\"https:\/\/hd-multimedia.com\/en\/trgovina\/kanto-su2\/\" \/>\n<meta property=\"og:site_name\" content=\"hd-multimedia\" \/>\n<meta property=\"article:modified_time\" content=\"2026-04-28T13:03:04+00:00\" \/>\n<meta property=\"og:image\" content=\"https:\/\/hd-multimedia.com\/hdm_media\/Kanto-SU2-e1777379884267.png\" \/>\n\t<meta property=\"og:image:width\" content=\"600\" \/>\n\t<meta property=\"og:image:height\" content=\"600\" \/>\n\t<meta property=\"og:image:type\" content=\"image\/png\" \/>\n<meta name=\"twitter:card\" content=\"summary_large_image\" \/>\n<meta name=\"twitter:label1\" content=\"Estimated reading time\" \/>\n\t<meta name=\"twitter:data1\" content=\"1 minute\" \/>\n<script type=\"application\/ld+json\" class=\"yoast-schema-graph\">{\"@context\":\"https:\/\/schema.org\",\"@graph\":[{\"@type\":\"WebPage\",\"@id\":\"https:\/\/hd-multimedia.com\/trgovina\/kanto-su2\/\",\"url\":\"https:\/\/hd-multimedia.com\/trgovina\/kanto-su2\/\",\"name\":\"Kanto SU2 - hd-multimedia\",\"isPartOf\":{\"@id\":\"https:\/\/hd-multimedia.com\/#website\"},\"datePublished\":\"2026-04-28T12:39:30+00:00\",\"dateModified\":\"2026-04-28T13:03:04+00:00\",\"description\":\"Stalci za zvu\u010dnike Kanto SU2 konstruirani su kao idealan dodatak za Uki i Ora zvu\u010dnike. Besprijekorno se pri\u010dvr\u0161\u0107uju\u0107i stra\u017enjim vijkom od 1\/4\u201c-20\",\"breadcrumb\":{\"@id\":\"https:\/\/hd-multimedia.com\/trgovina\/kanto-su2\/#breadcrumb\"},\"inLanguage\":\"en-GB\",\"potentialAction\":[{\"@type\":\"ReadAction\",\"target\":[\"https:\/\/hd-multimedia.com\/trgovina\/kanto-su2\/\"]}]},{\"@type\":\"BreadcrumbList\",\"@id\":\"https:\/\/hd-multimedia.com\/trgovina\/kanto-su2\/#breadcrumb\",\"itemListElement\":[{\"@type\":\"ListItem\",\"position\":1,\"name\":\"Po\u010detna stranica\",\"item\":\"https:\/\/hd-multimedia.com\/\"},{\"@type\":\"ListItem\",\"position\":2,\"name\":\"Trgovina\",\"item\":\"https:\/\/hd-multimedia.com\/trgovina\/\"},{\"@type\":\"ListItem\",\"position\":3,\"name\":\"Kanto SU2\"}]},{\"@type\":\"WebSite\",\"@id\":\"https:\/\/hd-multimedia.com\/#website\",\"url\":\"https:\/\/hd-multimedia.com\/\",\"name\":\"hd-multimedia\",\"description\":\"\",\"publisher\":{\"@id\":\"https:\/\/hd-multimedia.com\/#organization\"},\"potentialAction\":[{\"@type\":\"SearchAction\",\"target\":{\"@type\":\"EntryPoint\",\"urlTemplate\":\"https:\/\/hd-multimedia.com\/?s={search_term_string}\"},\"query-input\":\"required name=search_term_string\"}],\"inLanguage\":\"en-GB\"},{\"@type\":\"Organization\",\"@id\":\"https:\/\/hd-multimedia.com\/#organization\",\"name\":\"hd-multimedia\",\"url\":\"https:\/\/hd-multimedia.com\/\",\"logo\":{\"@type\":\"ImageObject\",\"inLanguage\":\"en-GB\",\"@id\":\"https:\/\/hd-multimedia.com\/#\/schema\/logo\/image\/\",\"url\":\"https:\/\/hd-multimedia.com\/hdm_media\/HD-curves-ok-196-56px-alpha-1.png\",\"contentUrl\":\"https:\/\/hd-multimedia.com\/hdm_media\/HD-curves-ok-196-56px-alpha-1.png\",\"width\":196,\"height\":53,\"caption\":\"hd-multimedia\"},\"image\":{\"@id\":\"https:\/\/hd-multimedia.com\/#\/schema\/logo\/image\/\"}}]}<\/script>\n<!-- \/ Yoast SEO plugin. -->","yoast_head_json":{"title":"Kanto SU2 - hd-multimedia","description":"Stalci za zvu\u010dnike Kanto SU2 konstruirani su kao idealan dodatak za Uki i Ora zvu\u010dnike. Besprijekorno se pri\u010dvr\u0161\u0107uju\u0107i stra\u017enjim vijkom od 1\/4\u201c-20","robots":{"index":"index","follow":"follow","max-snippet":"max-snippet:-1","max-image-preview":"max-image-preview:large","max-video-preview":"max-video-preview:-1"},"canonical":"https:\/\/hd-multimedia.com\/en\/trgovina\/kanto-su2\/","og_locale":"en_GB","og_type":"article","og_title":"Kanto SU2 - hd-multimedia","og_description":"Stalci za zvu\u010dnike Kanto SU2 konstruirani su kao idealan dodatak za Uki i Ora zvu\u010dnike. Besprijekorno se pri\u010dvr\u0161\u0107uju\u0107i stra\u017enjim vijkom od 1\/4\u201c-20","og_url":"https:\/\/hd-multimedia.com\/en\/trgovina\/kanto-su2\/","og_site_name":"hd-multimedia","article_modified_time":"2026-04-28T13:03:04+00:00","og_image":[{"width":600,"height":600,"url":"https:\/\/hd-multimedia.com\/hdm_media\/Kanto-SU2-e1777379884267.png","type":"image\/png"}],"twitter_card":"summary_large_image","twitter_misc":{"Estimated reading time":"1 minute"},"schema":{"@context":"https:\/\/schema.org","@graph":[{"@type":"WebPage","@id":"https:\/\/hd-multimedia.com\/trgovina\/kanto-su2\/","url":"https:\/\/hd-multimedia.com\/trgovina\/kanto-su2\/","name":"Kanto SU2 - hd-multimedia","isPartOf":{"@id":"https:\/\/hd-multimedia.com\/#website"},"datePublished":"2026-04-28T12:39:30+00:00","dateModified":"2026-04-28T13:03:04+00:00","description":"Stalci za zvu\u010dnike Kanto SU2 konstruirani su kao idealan dodatak za Uki i Ora zvu\u010dnike. Besprijekorno se pri\u010dvr\u0161\u0107uju\u0107i stra\u017enjim vijkom od 1\/4\u201c-20","breadcrumb":{"@id":"https:\/\/hd-multimedia.com\/trgovina\/kanto-su2\/#breadcrumb"},"inLanguage":"en-GB","potentialAction":[{"@type":"ReadAction","target":["https:\/\/hd-multimedia.com\/trgovina\/kanto-su2\/"]}]},{"@type":"BreadcrumbList","@id":"https:\/\/hd-multimedia.com\/trgovina\/kanto-su2\/#breadcrumb","itemListElement":[{"@type":"ListItem","position":1,"name":"Po\u010detna stranica","item":"https:\/\/hd-multimedia.com\/"},{"@type":"ListItem","position":2,"name":"Trgovina","item":"https:\/\/hd-multimedia.com\/trgovina\/"},{"@type":"ListItem","position":3,"name":"Kanto SU2"}]},{"@type":"WebSite","@id":"https:\/\/hd-multimedia.com\/#website","url":"https:\/\/hd-multimedia.com\/","name":"hd-multimedia","description":"","publisher":{"@id":"https:\/\/hd-multimedia.com\/#organization"},"potentialAction":[{"@type":"SearchAction","target":{"@type":"EntryPoint","urlTemplate":"https:\/\/hd-multimedia.com\/?s={search_term_string}"},"query-input":"required name=search_term_string"}],"inLanguage":"en-GB"},{"@type":"Organization","@id":"https:\/\/hd-multimedia.com\/#organization","name":"hd-multimedia","url":"https:\/\/hd-multimedia.com\/","logo":{"@type":"ImageObject","inLanguage":"en-GB","@id":"https:\/\/hd-multimedia.com\/#\/schema\/logo\/image\/","url":"https:\/\/hd-multimedia.com\/hdm_media\/HD-curves-ok-196-56px-alpha-1.png","contentUrl":"https:\/\/hd-multimedia.com\/hdm_media\/HD-curves-ok-196-56px-alpha-1.png","width":196,"height":53,"caption":"hd-multimedia"},"image":{"@id":"https:\/\/hd-multimedia.com\/#\/schema\/logo\/image\/"}}]}},"post_mailing_queue_ids":[],"_links":{"self":[{"href":"https:\/\/hd-multimedia.com\/en\/wp-json\/wp\/v2\/product\/19537","targetHints":{"allow":["GET"]}}],"collection":[{"href":"https:\/\/hd-multimedia.com\/en\/wp-json\/wp\/v2\/product"}],"about":[{"href":"https:\/\/hd-multimedia.com\/en\/wp-json\/wp\/v2\/types\/product"}],"version-history":[{"count":1,"href":"https:\/\/hd-multimedia.com\/en\/wp-json\/wp\/v2\/product\/19537\/revisions"}],"predecessor-version":[{"id":19541,"href":"https:\/\/hd-multimedia.com\/en\/wp-json\/wp\/v2\/product\/19537\/revisions\/19541"}],"wp:featuredmedia":[{"embeddable":true,"href":"https:\/\/hd-multimedia.com\/en\/wp-json\/wp\/v2\/media\/19539"}],"wp:attachment":[{"href":"https:\/\/hd-multimedia.com\/en\/wp-json\/wp\/v2\/media?parent=19537"}],"curies":[{"name":"wp","href":"https:\/\/api.w.org\/{rel}","templated":true}]}}