{"id":19320,"date":"2026-02-11T13:37:49","date_gmt":"2026-02-11T13:37:49","guid":{"rendered":"https:\/\/hd-multimedia.com\/?post_type=product&#038;p=19320"},"modified":"2026-03-25T17:15:48","modified_gmt":"2026-03-25T17:15:48","slug":"fiio-snowsky-disc","status":"publish","type":"product","link":"https:\/\/hd-multimedia.com\/en\/trgovina\/fiio-snowsky-disc\/","title":{"rendered":"FiiO Snowsky DISC"},"content":{"rendered":"<p>FiiO Snowsky DISC podr\u017eava opse\u017eno dekodiranje zvuka visoke rezolucije, uklju\u010duju\u0107i PCM do 384kHz\/32bit, DSD64\/128 i \u0161irok raspon popularnih formata kao \u0161to su FLAC, WAV, AIFF, Apple Lossless, APE i WMA Lossless. Pohrana glazbe pro\u0161iriva je putem TF (microSD) kartice do 2TB, \u0161to vam omogu\u0107uje da nosite ogromnu glazbenu biblioteku gdje god idete.<\/p>\n<p>Opremljen 1,8-in\u010dnim potpuno laminiranim LCD zaslonom (360\u00d7360), FiiO Snowsky DISC pru\u017ea glatko i intuitivno korisni\u010dko su\u010delje s vizualnim prikazom reprodukcije u stilu diska. Ugra\u0111ena baterija od 1450 mAh pru\u017ea do 12 sati reprodukcije, \u0161to ga \u010dini idealnim za putovanje na posao i putovanja. Dodatne pametne zna\u010dajke uklju\u010duju dvorazinsko poja\u010danje i rotaciju zaslona.<\/p>\n<p><strong>Specifications:<\/strong><\/p>\n<p>Dimenzije: 68 \u00d7 68 \u00d7 12,9 mm<br \/>\nTe\u017eina: 77,2 g<br \/>\nZaslon: 1,8-in\u010dni LCD (360 \u00d7 360), potpuno laminiran<br \/>\nDAC \u010dipovi: Dual CS43131<br \/>\nIzlazi za slu\u0161alice: 3,5 mm single-ended + 4,4 mm balansirani<br \/>\nKoaksijalni izlaz: Standardno su\u010delje 3,5 mm uti\u010dnica<br \/>\nBluetooth verzija: Bluetooth 5.4<br \/>\nKapacitet baterije: 1450 mAh<br \/>\nPohrana: TF (microSD) kartica do 2 TB<br \/>\nIzlazna snaga: Na\u010din 1 \u2265280 mW + 280 mW @32 \u03a9 (3,0 Vrms, THD+N &lt;1%)<br \/>\nIzlazna snaga: Na\u010din 2 \u2265125 mW + 125 mW @32 \u03a9 (2,0 Vrms, THD+N) &lt;1%)<br \/>\nOmjer signala i \u0161uma: \u2265129dB (A-ponderirano)<br \/>\nTHD+N: &lt;0,0003% (1kHz \/ -6dB @32\u03a9)<br \/>\nUgra\u0111eno dekodiranje: PCM 384kHz\/32bit, DSD128<br \/>\nUSB DAC: PCM 384kHz\/32bit<br \/>\nUSB Audio: PCM 768kHz\/32bit<br \/>\nKoaksijalni izlaz: PCM 192kHz\/24bit, DSD64 (DoP)<\/p>\n<p><a href=\"https:\/\/www.fiio.com\/DISC_parameters\" target=\"_blank\" rel=\"noopener\">Detailed specifications!<\/a><\/p>","protected":false},"excerpt":{"rendered":"<p>FiiO Snowsky DISC je kompaktan i elegantan prijenosni Hi-Res glazbeni player dizajniran za moderne ljubitelje digitalnog zvuka koji \u017eele sna\u017ean zvuk u malom i zabavnom formatu. Pokretan dvostrukim CS43131 DAC \u010dipovima i Juno X2000 platformom, FiiO Snowsky DISC pru\u017ea \u010dist, detaljan i dinami\u010dan zvuk za \u017ei\u010dno i be\u017ei\u010dno slu\u0161anje. S podr\u0161kom za Bluetooth 5.4 i LDAC, FiiO Snowsky DISC omogu\u0107uje visokokvalitetni be\u017ei\u010dni prijenos zvuka na kompatibilne slu\u0161alice i zvu\u010dnike. Integrirana Wi-Fi povezivost omogu\u0107uje prakti\u010dno mre\u017eno strimanje i tako\u0111er podr\u017eava AirPlay.<\/p>\n<p>FiiO Snowsky DISC ima 3,5 mm single-ended i 4,4 mm balansirane izlaze za slu\u0161alice, pru\u017eaju\u0107i izvrsnu kompatibilnost sa \u0161irokim rasponom IEM-ova i naglavnih slu\u0161alica. Ure\u0111aj tako\u0111er podr\u017eava USB DAC na\u010din rada, rade\u0107i kao vanjska zvu\u010dna kartica za pametne telefone, tablete i ra\u010dunala s plug-and-play radom. Osim toga, FiiO Snowsky DISC nudi koaksijalni SPDIF digitalni izlaz (3,5 mm dijeljeno su\u010delje) za spajanje na vanjske DAC i poja\u010dala.<\/p>\n<p><a href=\"https:\/\/www.fiio.com\/DISC\" target=\"_blank\" rel=\"noopener\">Link for additional product information!<\/a><\/p>","protected":false},"featured_media":19332,"template":"","meta":{"site-sidebar-layout":"default","site-content-layout":"","ast-site-content-layout":"default","site-content-style":"default","site-sidebar-style":"default","ast-global-header-display":"","ast-banner-title-visibility":"","ast-main-header-display":"","ast-hfb-above-header-display":"","ast-hfb-below-header-display":"","ast-hfb-mobile-header-display":"","site-post-title":"","ast-breadcrumbs-content":"","ast-featured-img":"","footer-sml-layout":"","theme-transparent-header-meta":"default","adv-header-id-meta":"","stick-header-meta":"default","header-above-stick-meta":"","header-main-stick-meta":"","header-below-stick-meta":"","astra-migrate-meta-layouts":"set","ast-page-background-enabled":"default","ast-page-background-meta":{"desktop":{"background-color":"","background-image":"","background-repeat":"repeat","background-position":"center center","background-size":"auto","background-attachment":"scroll","background-type":"","background-media":"","overlay-type":"","overlay-color":"","overlay-opacity":"","overlay-gradient":""},"tablet":{"background-color":"","background-image":"","background-repeat":"repeat","background-position":"center center","background-size":"auto","background-attachment":"scroll","background-type":"","background-media":"","overlay-type":"","overlay-color":"","overlay-opacity":"","overlay-gradient":""},"mobile":{"background-color":"","background-image":"","background-repeat":"repeat","background-position":"center center","background-size":"auto","background-attachment":"scroll","background-type":"","background-media":"","overlay-type":"","overlay-color":"","overlay-opacity":"","overlay-gradient":""}},"ast-content-background-meta":{"desktop":{"background-color":"var(--ast-global-color-5)","background-image":"","background-repeat":"repeat","background-position":"center center","background-size":"auto","background-attachment":"scroll","background-type":"","background-media":"","overlay-type":"","overlay-color":"","overlay-opacity":"","overlay-gradient":""},"tablet":{"background-color":"var(--ast-global-color-5)","background-image":"","background-repeat":"repeat","background-position":"center center","background-size":"auto","background-attachment":"scroll","background-type":"","background-media":"","overlay-type":"","overlay-color":"","overlay-opacity":"","overlay-gradient":""},"mobile":{"background-color":"var(--ast-global-color-5)","background-image":"","background-repeat":"repeat","background-position":"center center","background-size":"auto","background-attachment":"scroll","background-type":"","background-media":"","overlay-type":"","overlay-color":"","overlay-opacity":"","overlay-gradient":""}}},"class_list":["post-19320","product","type-product","status-publish","has-post-thumbnail","hentry","product_cat-mobilni-playeri","product_cat-fiio","product_tag-novo-u-ponudi-fiio","product_tag-novo-u-ponudi","desktop-align-center","tablet-align-center","mobile-align-center","ast-product-gallery-layout-horizontal","ast-magnify-disabled","ast-product-tabs-layout-horizontal"],"yoast_head":"<!-- This site is optimized with the Yoast SEO plugin v21.4 - https:\/\/yoast.com\/wordpress\/plugins\/seo\/ -->\n<title>FiiO Snowsky DISC - hd-multimedia<\/title>\n<meta name=\"description\" content=\"FiiO Snowsky DISC je kompaktan i elegantan prijenosni Hi-Res glazbeni player dizajniran za moderne ljubitelje digitalnog zvuka u malom i zabavnom formatu.\" \/>\n<meta name=\"robots\" content=\"index, follow, max-snippet:-1, max-image-preview:large, max-video-preview:-1\" \/>\n<link rel=\"canonical\" href=\"https:\/\/hd-multimedia.com\/en\/trgovina\/fiio-snowsky-disc\/\" \/>\n<meta property=\"og:locale\" content=\"en_GB\" \/>\n<meta property=\"og:type\" content=\"article\" \/>\n<meta property=\"og:title\" content=\"FiiO Snowsky DISC - hd-multimedia\" \/>\n<meta property=\"og:description\" content=\"FiiO Snowsky DISC je kompaktan i elegantan prijenosni Hi-Res glazbeni player dizajniran za moderne ljubitelje digitalnog zvuka u malom i zabavnom formatu.\" \/>\n<meta property=\"og:url\" content=\"https:\/\/hd-multimedia.com\/en\/trgovina\/fiio-snowsky-disc\/\" \/>\n<meta property=\"og:site_name\" content=\"hd-multimedia\" \/>\n<meta property=\"article:modified_time\" content=\"2026-03-25T17:15:48+00:00\" \/>\n<meta property=\"og:image\" content=\"https:\/\/hd-multimedia.com\/hdm_media\/FiiO-DISC-Black-scaled.jpg\" \/>\n\t<meta property=\"og:image:width\" content=\"2560\" \/>\n\t<meta property=\"og:image:height\" content=\"2560\" \/>\n\t<meta property=\"og:image:type\" content=\"image\/jpeg\" \/>\n<meta name=\"twitter:card\" content=\"summary_large_image\" \/>\n<meta name=\"twitter:label1\" content=\"Estimated reading time\" \/>\n\t<meta name=\"twitter:data1\" content=\"2 minutes\" \/>\n<script type=\"application\/ld+json\" class=\"yoast-schema-graph\">{\"@context\":\"https:\/\/schema.org\",\"@graph\":[{\"@type\":\"WebPage\",\"@id\":\"https:\/\/hd-multimedia.com\/trgovina\/fiio-snowsky-disc\/\",\"url\":\"https:\/\/hd-multimedia.com\/trgovina\/fiio-snowsky-disc\/\",\"name\":\"FiiO Snowsky DISC - hd-multimedia\",\"isPartOf\":{\"@id\":\"https:\/\/hd-multimedia.com\/#website\"},\"datePublished\":\"2026-02-11T13:37:49+00:00\",\"dateModified\":\"2026-03-25T17:15:48+00:00\",\"description\":\"FiiO Snowsky DISC je kompaktan i elegantan prijenosni Hi-Res glazbeni player dizajniran za moderne ljubitelje digitalnog zvuka u malom i zabavnom formatu.\",\"breadcrumb\":{\"@id\":\"https:\/\/hd-multimedia.com\/trgovina\/fiio-snowsky-disc\/#breadcrumb\"},\"inLanguage\":\"en-GB\",\"potentialAction\":[{\"@type\":\"ReadAction\",\"target\":[\"https:\/\/hd-multimedia.com\/trgovina\/fiio-snowsky-disc\/\"]}]},{\"@type\":\"BreadcrumbList\",\"@id\":\"https:\/\/hd-multimedia.com\/trgovina\/fiio-snowsky-disc\/#breadcrumb\",\"itemListElement\":[{\"@type\":\"ListItem\",\"position\":1,\"name\":\"Po\u010detna stranica\",\"item\":\"https:\/\/hd-multimedia.com\/\"},{\"@type\":\"ListItem\",\"position\":2,\"name\":\"Trgovina\",\"item\":\"https:\/\/hd-multimedia.com\/trgovina\/\"},{\"@type\":\"ListItem\",\"position\":3,\"name\":\"FiiO Snowsky DISC\"}]},{\"@type\":\"WebSite\",\"@id\":\"https:\/\/hd-multimedia.com\/#website\",\"url\":\"https:\/\/hd-multimedia.com\/\",\"name\":\"hd-multimedia\",\"description\":\"\",\"publisher\":{\"@id\":\"https:\/\/hd-multimedia.com\/#organization\"},\"potentialAction\":[{\"@type\":\"SearchAction\",\"target\":{\"@type\":\"EntryPoint\",\"urlTemplate\":\"https:\/\/hd-multimedia.com\/?s={search_term_string}\"},\"query-input\":\"required name=search_term_string\"}],\"inLanguage\":\"en-GB\"},{\"@type\":\"Organization\",\"@id\":\"https:\/\/hd-multimedia.com\/#organization\",\"name\":\"hd-multimedia\",\"url\":\"https:\/\/hd-multimedia.com\/\",\"logo\":{\"@type\":\"ImageObject\",\"inLanguage\":\"en-GB\",\"@id\":\"https:\/\/hd-multimedia.com\/#\/schema\/logo\/image\/\",\"url\":\"https:\/\/hd-multimedia.com\/hdm_media\/HD-curves-ok-196-56px-alpha-1.png\",\"contentUrl\":\"https:\/\/hd-multimedia.com\/hdm_media\/HD-curves-ok-196-56px-alpha-1.png\",\"width\":196,\"height\":53,\"caption\":\"hd-multimedia\"},\"image\":{\"@id\":\"https:\/\/hd-multimedia.com\/#\/schema\/logo\/image\/\"}}]}<\/script>\n<!-- \/ Yoast SEO plugin. -->","yoast_head_json":{"title":"FiiO Snowsky DISC - hd-multimedia","description":"FiiO Snowsky DISC je kompaktan i elegantan prijenosni Hi-Res glazbeni player dizajniran za moderne ljubitelje digitalnog zvuka u malom i zabavnom formatu.","robots":{"index":"index","follow":"follow","max-snippet":"max-snippet:-1","max-image-preview":"max-image-preview:large","max-video-preview":"max-video-preview:-1"},"canonical":"https:\/\/hd-multimedia.com\/en\/trgovina\/fiio-snowsky-disc\/","og_locale":"en_GB","og_type":"article","og_title":"FiiO Snowsky DISC - hd-multimedia","og_description":"FiiO Snowsky DISC je kompaktan i elegantan prijenosni Hi-Res glazbeni player dizajniran za moderne ljubitelje digitalnog zvuka u malom i zabavnom formatu.","og_url":"https:\/\/hd-multimedia.com\/en\/trgovina\/fiio-snowsky-disc\/","og_site_name":"hd-multimedia","article_modified_time":"2026-03-25T17:15:48+00:00","og_image":[{"width":2560,"height":2560,"url":"https:\/\/hd-multimedia.com\/hdm_media\/FiiO-DISC-Black-scaled.jpg","type":"image\/jpeg"}],"twitter_card":"summary_large_image","twitter_misc":{"Estimated reading time":"2 minutes"},"schema":{"@context":"https:\/\/schema.org","@graph":[{"@type":"WebPage","@id":"https:\/\/hd-multimedia.com\/trgovina\/fiio-snowsky-disc\/","url":"https:\/\/hd-multimedia.com\/trgovina\/fiio-snowsky-disc\/","name":"FiiO Snowsky DISC - hd-multimedia","isPartOf":{"@id":"https:\/\/hd-multimedia.com\/#website"},"datePublished":"2026-02-11T13:37:49+00:00","dateModified":"2026-03-25T17:15:48+00:00","description":"FiiO Snowsky DISC je kompaktan i elegantan prijenosni Hi-Res glazbeni player dizajniran za moderne ljubitelje digitalnog zvuka u malom i zabavnom formatu.","breadcrumb":{"@id":"https:\/\/hd-multimedia.com\/trgovina\/fiio-snowsky-disc\/#breadcrumb"},"inLanguage":"en-GB","potentialAction":[{"@type":"ReadAction","target":["https:\/\/hd-multimedia.com\/trgovina\/fiio-snowsky-disc\/"]}]},{"@type":"BreadcrumbList","@id":"https:\/\/hd-multimedia.com\/trgovina\/fiio-snowsky-disc\/#breadcrumb","itemListElement":[{"@type":"ListItem","position":1,"name":"Po\u010detna stranica","item":"https:\/\/hd-multimedia.com\/"},{"@type":"ListItem","position":2,"name":"Trgovina","item":"https:\/\/hd-multimedia.com\/trgovina\/"},{"@type":"ListItem","position":3,"name":"FiiO Snowsky DISC"}]},{"@type":"WebSite","@id":"https:\/\/hd-multimedia.com\/#website","url":"https:\/\/hd-multimedia.com\/","name":"hd-multimedia","description":"","publisher":{"@id":"https:\/\/hd-multimedia.com\/#organization"},"potentialAction":[{"@type":"SearchAction","target":{"@type":"EntryPoint","urlTemplate":"https:\/\/hd-multimedia.com\/?s={search_term_string}"},"query-input":"required name=search_term_string"}],"inLanguage":"en-GB"},{"@type":"Organization","@id":"https:\/\/hd-multimedia.com\/#organization","name":"hd-multimedia","url":"https:\/\/hd-multimedia.com\/","logo":{"@type":"ImageObject","inLanguage":"en-GB","@id":"https:\/\/hd-multimedia.com\/#\/schema\/logo\/image\/","url":"https:\/\/hd-multimedia.com\/hdm_media\/HD-curves-ok-196-56px-alpha-1.png","contentUrl":"https:\/\/hd-multimedia.com\/hdm_media\/HD-curves-ok-196-56px-alpha-1.png","width":196,"height":53,"caption":"hd-multimedia"},"image":{"@id":"https:\/\/hd-multimedia.com\/#\/schema\/logo\/image\/"}}]}},"post_mailing_queue_ids":[],"_links":{"self":[{"href":"https:\/\/hd-multimedia.com\/en\/wp-json\/wp\/v2\/product\/19320","targetHints":{"allow":["GET"]}}],"collection":[{"href":"https:\/\/hd-multimedia.com\/en\/wp-json\/wp\/v2\/product"}],"about":[{"href":"https:\/\/hd-multimedia.com\/en\/wp-json\/wp\/v2\/types\/product"}],"version-history":[{"count":3,"href":"https:\/\/hd-multimedia.com\/en\/wp-json\/wp\/v2\/product\/19320\/revisions"}],"predecessor-version":[{"id":19358,"href":"https:\/\/hd-multimedia.com\/en\/wp-json\/wp\/v2\/product\/19320\/revisions\/19358"}],"wp:featuredmedia":[{"embeddable":true,"href":"https:\/\/hd-multimedia.com\/en\/wp-json\/wp\/v2\/media\/19332"}],"wp:attachment":[{"href":"https:\/\/hd-multimedia.com\/en\/wp-json\/wp\/v2\/media?parent=19320"}],"curies":[{"name":"wp","href":"https:\/\/api.w.org\/{rel}","templated":true}]}}