{"id":19318,"date":"2026-02-11T13:35:17","date_gmt":"2026-02-11T13:35:17","guid":{"rendered":"https:\/\/hd-multimedia.com\/?post_type=product&#038;p=19318"},"modified":"2026-03-20T22:30:37","modified_gmt":"2026-03-20T22:30:37","slug":"fiio-jt7","status":"publish","type":"product","link":"https:\/\/hd-multimedia.com\/en\/trgovina\/fiio-jt7\/","title":{"rendered":"FiiO JT7"},"content":{"rendered":"<p>Odvojivi kabelski sustav omogu\u0107uje FiiO JT7 prilagodbu razli\u010ditim audio izvorima. U kutiji se nalaze 3,5 mm kabel za slu\u0161alice s jednim krajem, 4,4 mm balansirani kabel i 6,3 mm adapter za kori\u0161tenje s poja\u010dalima i profesionalnom opremom. Dvostruki 3,5 mm TRS konektori osiguravaju kompatibilnost s prijenosnim DAC-ovima, stolnim poja\u010dalima, prijenosnim ra\u010dunalima i audio playerima. S frekvencijskim rasponom od 7 Hz \u2013 40 kHz i Hi-Res Audio certifikatom, FiiO JT7 samouvjereno zadovoljava profesionalne standarde slu\u0161anja, a istovremeno ostaje pristupa\u010dan, sklopiv i jednostavan za no\u0161enje. FiiO JT7 idealan je za slu\u0161atelje koji tra\u017ee referentne planarne magnetske performanse bez \u017ertvovanja udobnosti, te\u017eine ili upotrebljivosti, pretvaraju\u0107i audiofilsko slu\u0161anje u prakti\u010dno svakodnevno iskustvo.<\/p>\n<p><strong>Specifications:<\/strong><\/p>\n<p>Driver: planarni magnetski pogonski sklop 95 \u00d7 86 mm<br \/>\nDijafragma: Ultra tanka dijafragma od 3 \u03bcm<br \/>\nFrekvencijski odziv: 7 Hz \u2013 40 kHz<br \/>\nImpedancija: 18 \u03a9 @ 1 kHz<br \/>\nOsjetljivost: 92 dB\/mW @ 1 kHz, 109 dB\/Vrms @ 1 kHz<br \/>\nTe\u017eina: Pribli\u017eno 318 g (bez kabela)<br \/>\nKabel: Visoko\u010disti bakar bez kisika<br \/>\nDuljina kabela: ~1,5 m<br \/>\nPriklju\u010dci: Dva 3,5 mm TRS konektora za slu\u0161alice<br \/>\nAudio priklju\u010dak: 3,5 mm SE, 4,4 mm balansirani, uklju\u010den 6,3 mm adapter<br \/>\nPakiranje: Slu\u0161alice, 3,5 mm kabel, 4,4 mm balansirani kabel, 6,3 mm adapter, torbica za pohranu, kratki vodi\u010d<\/p>\n<p><a href=\"https:\/\/www.fiio.com\/jt7_reviews\" target=\"_blank\" rel=\"noopener\">FiiO JT7 Recenzije!<\/a><\/p>","protected":false},"excerpt":{"rendered":"<p>FiiO JT7 su lagane planarne magnetske slu\u0161alice otvorenog tipa te\u017eine 318 g s driverom dimenzija 95 \u00d7 86 mm, ultra tankom dijafragmom od 3 \u03bcm, Hi-Res Audio certifikatom, odvojivim kabelima i ergonomskom trakom za glavu dizajniranom za udobnost i dugo slu\u0161anje. FiiO JT7 ima vi\u0161edimenzionalnu teksturu dijafragme razvijenu za pobolj\u0161anje elasti\u010dnosti, smanjenje unutarnjeg naprezanja i pove\u0107anje amplitude pokreta. Ova inovacija omogu\u0107uje da FiiO JT7 isporu\u010di puniji bas, integritet zavojnice, besprijekornu integraciju i dugoro\u010dnu strukturnu stabilnost.<\/p>\n<p><a href=\"https:\/\/www.fiio.com\/jt7\" target=\"_blank\" rel=\"noopener\">Link for additional product information!<\/a><\/p>","protected":false},"featured_media":19336,"template":"","meta":{"site-sidebar-layout":"default","site-content-layout":"","ast-site-content-layout":"default","site-content-style":"default","site-sidebar-style":"default","ast-global-header-display":"","ast-banner-title-visibility":"","ast-main-header-display":"","ast-hfb-above-header-display":"","ast-hfb-below-header-display":"","ast-hfb-mobile-header-display":"","site-post-title":"","ast-breadcrumbs-content":"","ast-featured-img":"","footer-sml-layout":"","theme-transparent-header-meta":"default","adv-header-id-meta":"","stick-header-meta":"default","header-above-stick-meta":"","header-main-stick-meta":"","header-below-stick-meta":"","astra-migrate-meta-layouts":"set","ast-page-background-enabled":"default","ast-page-background-meta":{"desktop":{"background-color":"","background-image":"","background-repeat":"repeat","background-position":"center center","background-size":"auto","background-attachment":"scroll","background-type":"","background-media":"","overlay-type":"","overlay-color":"","overlay-opacity":"","overlay-gradient":""},"tablet":{"background-color":"","background-image":"","background-repeat":"repeat","background-position":"center center","background-size":"auto","background-attachment":"scroll","background-type":"","background-media":"","overlay-type":"","overlay-color":"","overlay-opacity":"","overlay-gradient":""},"mobile":{"background-color":"","background-image":"","background-repeat":"repeat","background-position":"center center","background-size":"auto","background-attachment":"scroll","background-type":"","background-media":"","overlay-type":"","overlay-color":"","overlay-opacity":"","overlay-gradient":""}},"ast-content-background-meta":{"desktop":{"background-color":"var(--ast-global-color-5)","background-image":"","background-repeat":"repeat","background-position":"center center","background-size":"auto","background-attachment":"scroll","background-type":"","background-media":"","overlay-type":"","overlay-color":"","overlay-opacity":"","overlay-gradient":""},"tablet":{"background-color":"var(--ast-global-color-5)","background-image":"","background-repeat":"repeat","background-position":"center center","background-size":"auto","background-attachment":"scroll","background-type":"","background-media":"","overlay-type":"","overlay-color":"","overlay-opacity":"","overlay-gradient":""},"mobile":{"background-color":"var(--ast-global-color-5)","background-image":"","background-repeat":"repeat","background-position":"center center","background-size":"auto","background-attachment":"scroll","background-type":"","background-media":"","overlay-type":"","overlay-color":"","overlay-opacity":"","overlay-gradient":""}}},"class_list":["post-19318","product","type-product","status-publish","has-post-thumbnail","hentry","product_cat-naglavne-slusalice","product_cat-fiio","product_tag-novo-u-ponudi-fiio","product_tag-novo-u-ponudi","desktop-align-center","tablet-align-center","mobile-align-center","ast-product-gallery-layout-horizontal","ast-magnify-disabled","ast-product-tabs-layout-horizontal"],"yoast_head":"<!-- This site is optimized with the Yoast SEO plugin v21.4 - https:\/\/yoast.com\/wordpress\/plugins\/seo\/ -->\n<title>FiiO JT7 - hd-multimedia<\/title>\n<meta name=\"description\" content=\"FiiO JT7 su lagane planarne magnetske slu\u0161alice otvorenog tipa te\u017eine 318 g s driverom dimenzija 95 \u00d7 86 mm, ultra tankom dijafragmom od 3 \u03bcm.\" \/>\n<meta name=\"robots\" content=\"index, follow, max-snippet:-1, max-image-preview:large, max-video-preview:-1\" \/>\n<link rel=\"canonical\" href=\"https:\/\/hd-multimedia.com\/en\/trgovina\/fiio-jt7\/\" \/>\n<meta property=\"og:locale\" content=\"en_GB\" \/>\n<meta property=\"og:type\" content=\"article\" \/>\n<meta property=\"og:title\" content=\"FiiO JT7 - hd-multimedia\" \/>\n<meta property=\"og:description\" content=\"FiiO JT7 su lagane planarne magnetske slu\u0161alice otvorenog tipa te\u017eine 318 g s driverom dimenzija 95 \u00d7 86 mm, ultra tankom dijafragmom od 3 \u03bcm.\" \/>\n<meta property=\"og:url\" content=\"https:\/\/hd-multimedia.com\/en\/trgovina\/fiio-jt7\/\" \/>\n<meta property=\"og:site_name\" content=\"hd-multimedia\" \/>\n<meta property=\"article:modified_time\" content=\"2026-03-20T22:30:37+00:00\" \/>\n<meta property=\"og:image\" content=\"https:\/\/hd-multimedia.com\/hdm_media\/FiiO-JT7-Black-2-e1770903874628.jpg\" \/>\n\t<meta property=\"og:image:width\" content=\"800\" \/>\n\t<meta property=\"og:image:height\" content=\"800\" \/>\n\t<meta property=\"og:image:type\" content=\"image\/jpeg\" \/>\n<meta name=\"twitter:card\" content=\"summary_large_image\" \/>\n<meta name=\"twitter:label1\" content=\"Estimated reading time\" \/>\n\t<meta name=\"twitter:data1\" content=\"2 minutes\" \/>\n<script type=\"application\/ld+json\" class=\"yoast-schema-graph\">{\"@context\":\"https:\/\/schema.org\",\"@graph\":[{\"@type\":\"WebPage\",\"@id\":\"https:\/\/hd-multimedia.com\/trgovina\/fiio-jt7\/\",\"url\":\"https:\/\/hd-multimedia.com\/trgovina\/fiio-jt7\/\",\"name\":\"FiiO JT7 - hd-multimedia\",\"isPartOf\":{\"@id\":\"https:\/\/hd-multimedia.com\/#website\"},\"datePublished\":\"2026-02-11T13:35:17+00:00\",\"dateModified\":\"2026-03-20T22:30:37+00:00\",\"description\":\"FiiO JT7 su lagane planarne magnetske slu\u0161alice otvorenog tipa te\u017eine 318 g s driverom dimenzija 95 \u00d7 86 mm, ultra tankom dijafragmom od 3 \u03bcm.\",\"breadcrumb\":{\"@id\":\"https:\/\/hd-multimedia.com\/trgovina\/fiio-jt7\/#breadcrumb\"},\"inLanguage\":\"en-GB\",\"potentialAction\":[{\"@type\":\"ReadAction\",\"target\":[\"https:\/\/hd-multimedia.com\/trgovina\/fiio-jt7\/\"]}]},{\"@type\":\"BreadcrumbList\",\"@id\":\"https:\/\/hd-multimedia.com\/trgovina\/fiio-jt7\/#breadcrumb\",\"itemListElement\":[{\"@type\":\"ListItem\",\"position\":1,\"name\":\"Po\u010detna stranica\",\"item\":\"https:\/\/hd-multimedia.com\/\"},{\"@type\":\"ListItem\",\"position\":2,\"name\":\"Trgovina\",\"item\":\"https:\/\/hd-multimedia.com\/trgovina\/\"},{\"@type\":\"ListItem\",\"position\":3,\"name\":\"FiiO JT7\"}]},{\"@type\":\"WebSite\",\"@id\":\"https:\/\/hd-multimedia.com\/#website\",\"url\":\"https:\/\/hd-multimedia.com\/\",\"name\":\"hd-multimedia\",\"description\":\"\",\"publisher\":{\"@id\":\"https:\/\/hd-multimedia.com\/#organization\"},\"potentialAction\":[{\"@type\":\"SearchAction\",\"target\":{\"@type\":\"EntryPoint\",\"urlTemplate\":\"https:\/\/hd-multimedia.com\/?s={search_term_string}\"},\"query-input\":\"required name=search_term_string\"}],\"inLanguage\":\"en-GB\"},{\"@type\":\"Organization\",\"@id\":\"https:\/\/hd-multimedia.com\/#organization\",\"name\":\"hd-multimedia\",\"url\":\"https:\/\/hd-multimedia.com\/\",\"logo\":{\"@type\":\"ImageObject\",\"inLanguage\":\"en-GB\",\"@id\":\"https:\/\/hd-multimedia.com\/#\/schema\/logo\/image\/\",\"url\":\"https:\/\/hd-multimedia.com\/hdm_media\/HD-curves-ok-196-56px-alpha-1.png\",\"contentUrl\":\"https:\/\/hd-multimedia.com\/hdm_media\/HD-curves-ok-196-56px-alpha-1.png\",\"width\":196,\"height\":53,\"caption\":\"hd-multimedia\"},\"image\":{\"@id\":\"https:\/\/hd-multimedia.com\/#\/schema\/logo\/image\/\"}}]}<\/script>\n<!-- \/ Yoast SEO plugin. -->","yoast_head_json":{"title":"FiiO JT7 - hd-multimedia","description":"FiiO JT7 su lagane planarne magnetske slu\u0161alice otvorenog tipa te\u017eine 318 g s driverom dimenzija 95 \u00d7 86 mm, ultra tankom dijafragmom od 3 \u03bcm.","robots":{"index":"index","follow":"follow","max-snippet":"max-snippet:-1","max-image-preview":"max-image-preview:large","max-video-preview":"max-video-preview:-1"},"canonical":"https:\/\/hd-multimedia.com\/en\/trgovina\/fiio-jt7\/","og_locale":"en_GB","og_type":"article","og_title":"FiiO JT7 - hd-multimedia","og_description":"FiiO JT7 su lagane planarne magnetske slu\u0161alice otvorenog tipa te\u017eine 318 g s driverom dimenzija 95 \u00d7 86 mm, ultra tankom dijafragmom od 3 \u03bcm.","og_url":"https:\/\/hd-multimedia.com\/en\/trgovina\/fiio-jt7\/","og_site_name":"hd-multimedia","article_modified_time":"2026-03-20T22:30:37+00:00","og_image":[{"width":800,"height":800,"url":"https:\/\/hd-multimedia.com\/hdm_media\/FiiO-JT7-Black-2-e1770903874628.jpg","type":"image\/jpeg"}],"twitter_card":"summary_large_image","twitter_misc":{"Estimated reading time":"2 minutes"},"schema":{"@context":"https:\/\/schema.org","@graph":[{"@type":"WebPage","@id":"https:\/\/hd-multimedia.com\/trgovina\/fiio-jt7\/","url":"https:\/\/hd-multimedia.com\/trgovina\/fiio-jt7\/","name":"FiiO JT7 - hd-multimedia","isPartOf":{"@id":"https:\/\/hd-multimedia.com\/#website"},"datePublished":"2026-02-11T13:35:17+00:00","dateModified":"2026-03-20T22:30:37+00:00","description":"FiiO JT7 su lagane planarne magnetske slu\u0161alice otvorenog tipa te\u017eine 318 g s driverom dimenzija 95 \u00d7 86 mm, ultra tankom dijafragmom od 3 \u03bcm.","breadcrumb":{"@id":"https:\/\/hd-multimedia.com\/trgovina\/fiio-jt7\/#breadcrumb"},"inLanguage":"en-GB","potentialAction":[{"@type":"ReadAction","target":["https:\/\/hd-multimedia.com\/trgovina\/fiio-jt7\/"]}]},{"@type":"BreadcrumbList","@id":"https:\/\/hd-multimedia.com\/trgovina\/fiio-jt7\/#breadcrumb","itemListElement":[{"@type":"ListItem","position":1,"name":"Po\u010detna stranica","item":"https:\/\/hd-multimedia.com\/"},{"@type":"ListItem","position":2,"name":"Trgovina","item":"https:\/\/hd-multimedia.com\/trgovina\/"},{"@type":"ListItem","position":3,"name":"FiiO JT7"}]},{"@type":"WebSite","@id":"https:\/\/hd-multimedia.com\/#website","url":"https:\/\/hd-multimedia.com\/","name":"hd-multimedia","description":"","publisher":{"@id":"https:\/\/hd-multimedia.com\/#organization"},"potentialAction":[{"@type":"SearchAction","target":{"@type":"EntryPoint","urlTemplate":"https:\/\/hd-multimedia.com\/?s={search_term_string}"},"query-input":"required name=search_term_string"}],"inLanguage":"en-GB"},{"@type":"Organization","@id":"https:\/\/hd-multimedia.com\/#organization","name":"hd-multimedia","url":"https:\/\/hd-multimedia.com\/","logo":{"@type":"ImageObject","inLanguage":"en-GB","@id":"https:\/\/hd-multimedia.com\/#\/schema\/logo\/image\/","url":"https:\/\/hd-multimedia.com\/hdm_media\/HD-curves-ok-196-56px-alpha-1.png","contentUrl":"https:\/\/hd-multimedia.com\/hdm_media\/HD-curves-ok-196-56px-alpha-1.png","width":196,"height":53,"caption":"hd-multimedia"},"image":{"@id":"https:\/\/hd-multimedia.com\/#\/schema\/logo\/image\/"}}]}},"post_mailing_queue_ids":[],"_links":{"self":[{"href":"https:\/\/hd-multimedia.com\/en\/wp-json\/wp\/v2\/product\/19318","targetHints":{"allow":["GET"]}}],"collection":[{"href":"https:\/\/hd-multimedia.com\/en\/wp-json\/wp\/v2\/product"}],"about":[{"href":"https:\/\/hd-multimedia.com\/en\/wp-json\/wp\/v2\/types\/product"}],"version-history":[{"count":3,"href":"https:\/\/hd-multimedia.com\/en\/wp-json\/wp\/v2\/product\/19318\/revisions"}],"predecessor-version":[{"id":19356,"href":"https:\/\/hd-multimedia.com\/en\/wp-json\/wp\/v2\/product\/19318\/revisions\/19356"}],"wp:featuredmedia":[{"embeddable":true,"href":"https:\/\/hd-multimedia.com\/en\/wp-json\/wp\/v2\/media\/19336"}],"wp:attachment":[{"href":"https:\/\/hd-multimedia.com\/en\/wp-json\/wp\/v2\/media?parent=19318"}],"curies":[{"name":"wp","href":"https:\/\/api.w.org\/{rel}","templated":true}]}}