{"id":19207,"date":"2025-12-11T13:46:44","date_gmt":"2025-12-11T13:46:44","guid":{"rendered":"https:\/\/hd-multimedia.com\/?post_type=product&#038;p=19207"},"modified":"2026-03-08T22:07:13","modified_gmt":"2026-03-08T22:07:13","slug":"topping-mini-300","status":"publish","type":"product","link":"https:\/\/hd-multimedia.com\/en\/trgovina\/topping-mini-300\/","title":{"rendered":"Topping Mini 300"},"content":{"rendered":"<p>Topping Mini 300 se besprijekorno prilago\u0111ava va\u0161oj postavci s balansiranim TRS i nebalansiranim RCA ulazima, osiguravaju\u0107i kompatibilnost sa \u0161irokim rasponom DAC-ova, pretpoja\u010dala i profesionalnih izvora, bez potrebe za adapterima. Topping Mini 300 ima inteligentnu za\u0161titu od pregrijavanja, prekomjerne struje i prekomjerne glasno\u0107e.<\/p>\n<p>S ultra niskim \u0161umom, izvrsnim odvajanjem kanala i robusnom strukturom poja\u010danja, Topping Mini 300 pru\u017ea neutralnu prezentaciju bez distorzije koja po\u0161tuje originalnu snimku. O\u010dekujte zvuk koji je sna\u017ean i \u010dist.<\/p>\n<p><strong>Specifications:<\/strong><br \/>\nUlaz: SE \/ BAL<br \/>\nTHD+N @1kHz (A-wt): &lt;0,0006% (SE) \/ &lt;0,0005% (BAL) @4\u03a9 5W<br \/>\nTHD+N @No-wt 20kBW: &lt;0,0010% @4\u03a9 5W<br \/>\nSNR @MAX OUT 1kHz (A-wt): 121dB (SE) \/ 124dB (BAL)<br \/>\nDinami\u010dki raspon @1kHz (A-wt): 121dB (SE) \/ 124dB (BAL)<br \/>\nFrekvencijski odziv: 20Hz\u201340kHz (\u00b10,3dB)<br \/>\nIzlazna razina: 65Vpp @4\u03a9 \/ 68Vpp @8\u03a9<br \/>\n\u0160um (A-wt): &lt;15\u03bcVrms<br \/>\nPreslu\u0161avanje kanala @1kHz: -90dB (SE) \/ -106dB (BAL)<br \/>\nUlazna osjetljivost: 1,3Vrms (SE) \/ 2,6Vrms (BAL)<br \/>\nPoja\u010danje: 25,0dB (SE) \/ 19,2dB (BAL)<br \/>\nBalans kanala: 0,1dB<br \/>\nImpedancija optere\u0107enja: 4\u20138\u03a9<br \/>\nOutput power:<br \/>\n140W \u00d7 2 @4\u03a9 (THD+N &lt;10%)<br \/>\n125W \u00d7 2 @4\u03a9 (THD+N &lt;1%)<br \/>\n85W \u00d7 2 @8\u03a9 (THD+N &lt;10%)<br \/>\n65W \u00d7 2 @8\u03a9 (THD+N &lt;1%)<br \/>\nDimenzije: 6,5 \u00d7 5,1 \u00d7 1,6 in (16,6 \u00d7 12,9 \u00d7 4,1 cm)<br \/>\nNapajanje: DC 38V<\/p>","protected":false},"excerpt":{"rendered":"<p>Topping Mini 300 je poja\u010dalo koje ima potpuno balansirani dizajn klase D, konstruiran za maksimiziranje \u010disto\u0107e signala i minimiziranje \u0161uma. Uklanjanjem smetnji i brujanja iz mre\u017ee, Topping Mini 300 posti\u017ee izuzetno tihu pozadinu, omogu\u0107uju\u0107i glazbi da svira s besprijekornom jasno\u0107om. Njegova napredna topologija sklopova osigurava nisku distorziju i jednostavnu kontrolu, odr\u017eavaju\u0107i gladak, transparentan zvuk u bilo kojem optere\u0107enju zvu\u010dnika.<\/p>\n<p>Topping Mini 300 je kompaktan ali ne dopustite da vas veli\u010dina zavara, Topping Mini 300 ima ozbiljnu snagu. Isporu\u010duje do 140 W x 2 na 4\u03a9 (10% THD+N) i 125 W x 2 uz samo 1% distorzije, kombinira visokokvalitetne performanse s pogonom potrebnim i za audiofilsku reprodukciju i za studijski monitoring. O\u017eivljava glazbu bez obzira na to napaja li zvu\u010dnike za police ili samostoje\u0107e zvu\u010dnike!<\/p>\n<p><a href=\"https:\/\/www.toppingaudio.com\/product-item\/mini-300\" target=\"_blank\" rel=\"noopener\">Link for additional product information!<\/a><\/p>","protected":false},"featured_media":19217,"template":"","meta":{"site-sidebar-layout":"default","site-content-layout":"","ast-site-content-layout":"default","site-content-style":"default","site-sidebar-style":"default","ast-global-header-display":"","ast-banner-title-visibility":"","ast-main-header-display":"","ast-hfb-above-header-display":"","ast-hfb-below-header-display":"","ast-hfb-mobile-header-display":"","site-post-title":"","ast-breadcrumbs-content":"","ast-featured-img":"","footer-sml-layout":"","theme-transparent-header-meta":"default","adv-header-id-meta":"","stick-header-meta":"default","header-above-stick-meta":"","header-main-stick-meta":"","header-below-stick-meta":"","astra-migrate-meta-layouts":"set","ast-page-background-enabled":"default","ast-page-background-meta":{"desktop":{"background-color":"","background-image":"","background-repeat":"repeat","background-position":"center center","background-size":"auto","background-attachment":"scroll","background-type":"","background-media":"","overlay-type":"","overlay-color":"","overlay-opacity":"","overlay-gradient":""},"tablet":{"background-color":"","background-image":"","background-repeat":"repeat","background-position":"center center","background-size":"auto","background-attachment":"scroll","background-type":"","background-media":"","overlay-type":"","overlay-color":"","overlay-opacity":"","overlay-gradient":""},"mobile":{"background-color":"","background-image":"","background-repeat":"repeat","background-position":"center center","background-size":"auto","background-attachment":"scroll","background-type":"","background-media":"","overlay-type":"","overlay-color":"","overlay-opacity":"","overlay-gradient":""}},"ast-content-background-meta":{"desktop":{"background-color":"var(--ast-global-color-5)","background-image":"","background-repeat":"repeat","background-position":"center center","background-size":"auto","background-attachment":"scroll","background-type":"","background-media":"","overlay-type":"","overlay-color":"","overlay-opacity":"","overlay-gradient":""},"tablet":{"background-color":"var(--ast-global-color-5)","background-image":"","background-repeat":"repeat","background-position":"center center","background-size":"auto","background-attachment":"scroll","background-type":"","background-media":"","overlay-type":"","overlay-color":"","overlay-opacity":"","overlay-gradient":""},"mobile":{"background-color":"var(--ast-global-color-5)","background-image":"","background-repeat":"repeat","background-position":"center center","background-size":"auto","background-attachment":"scroll","background-type":"","background-media":"","overlay-type":"","overlay-color":"","overlay-opacity":"","overlay-gradient":""}}},"class_list":["post-19207","product","type-product","status-publish","has-post-thumbnail","hentry","product_cat-pojacala-snage","product_cat-topping","product_tag-novo-u-ponudi","desktop-align-center","tablet-align-center","mobile-align-center","ast-product-gallery-layout-horizontal","ast-magnify-disabled","ast-product-single-variable","ast-product-tabs-layout-horizontal"],"yoast_head":"<!-- This site is optimized with the Yoast SEO plugin v21.4 - https:\/\/yoast.com\/wordpress\/plugins\/seo\/ -->\n<title>Topping Mini 300 - hd-multimedia<\/title>\n<meta name=\"description\" content=\"Topping Mini 300 je poja\u010dalo koje ima potpuno balansirani dizajn klase D, konstruiran za maksimiziranje \u010disto\u0107e signala i minimiziranje \u0161uma.\" \/>\n<meta name=\"robots\" content=\"index, follow, max-snippet:-1, max-image-preview:large, max-video-preview:-1\" \/>\n<link rel=\"canonical\" href=\"https:\/\/hd-multimedia.com\/en\/trgovina\/topping-mini-300\/\" \/>\n<meta property=\"og:locale\" content=\"en_GB\" \/>\n<meta property=\"og:type\" content=\"article\" \/>\n<meta property=\"og:title\" content=\"Topping Mini 300 - hd-multimedia\" \/>\n<meta property=\"og:description\" content=\"Topping Mini 300 je poja\u010dalo koje ima potpuno balansirani dizajn klase D, konstruiran za maksimiziranje \u010disto\u0107e signala i minimiziranje \u0161uma.\" \/>\n<meta property=\"og:url\" content=\"https:\/\/hd-multimedia.com\/en\/trgovina\/topping-mini-300\/\" \/>\n<meta property=\"og:site_name\" content=\"hd-multimedia\" \/>\n<meta property=\"article:modified_time\" content=\"2026-03-08T22:07:13+00:00\" \/>\n<meta property=\"og:image\" content=\"https:\/\/hd-multimedia.com\/hdm_media\/Topping-Mini-300-Silver1-e1765461812886.png\" \/>\n\t<meta property=\"og:image:width\" content=\"848\" \/>\n\t<meta property=\"og:image:height\" content=\"848\" \/>\n\t<meta property=\"og:image:type\" content=\"image\/png\" \/>\n<meta name=\"twitter:card\" content=\"summary_large_image\" \/>\n<meta name=\"twitter:label1\" content=\"Estimated reading time\" \/>\n\t<meta name=\"twitter:data1\" content=\"1 minute\" \/>\n<script type=\"application\/ld+json\" class=\"yoast-schema-graph\">{\"@context\":\"https:\/\/schema.org\",\"@graph\":[{\"@type\":\"WebPage\",\"@id\":\"https:\/\/hd-multimedia.com\/trgovina\/topping-mini-300\/\",\"url\":\"https:\/\/hd-multimedia.com\/trgovina\/topping-mini-300\/\",\"name\":\"Topping Mini 300 - hd-multimedia\",\"isPartOf\":{\"@id\":\"https:\/\/hd-multimedia.com\/#website\"},\"datePublished\":\"2025-12-11T13:46:44+00:00\",\"dateModified\":\"2026-03-08T22:07:13+00:00\",\"description\":\"Topping Mini 300 je poja\u010dalo koje ima potpuno balansirani dizajn klase D, konstruiran za maksimiziranje \u010disto\u0107e signala i minimiziranje \u0161uma.\",\"breadcrumb\":{\"@id\":\"https:\/\/hd-multimedia.com\/trgovina\/topping-mini-300\/#breadcrumb\"},\"inLanguage\":\"en-GB\",\"potentialAction\":[{\"@type\":\"ReadAction\",\"target\":[\"https:\/\/hd-multimedia.com\/trgovina\/topping-mini-300\/\"]}]},{\"@type\":\"BreadcrumbList\",\"@id\":\"https:\/\/hd-multimedia.com\/trgovina\/topping-mini-300\/#breadcrumb\",\"itemListElement\":[{\"@type\":\"ListItem\",\"position\":1,\"name\":\"Po\u010detna stranica\",\"item\":\"https:\/\/hd-multimedia.com\/\"},{\"@type\":\"ListItem\",\"position\":2,\"name\":\"Trgovina\",\"item\":\"https:\/\/hd-multimedia.com\/trgovina\/\"},{\"@type\":\"ListItem\",\"position\":3,\"name\":\"Topping Mini 300\"}]},{\"@type\":\"WebSite\",\"@id\":\"https:\/\/hd-multimedia.com\/#website\",\"url\":\"https:\/\/hd-multimedia.com\/\",\"name\":\"hd-multimedia\",\"description\":\"\",\"publisher\":{\"@id\":\"https:\/\/hd-multimedia.com\/#organization\"},\"potentialAction\":[{\"@type\":\"SearchAction\",\"target\":{\"@type\":\"EntryPoint\",\"urlTemplate\":\"https:\/\/hd-multimedia.com\/?s={search_term_string}\"},\"query-input\":\"required name=search_term_string\"}],\"inLanguage\":\"en-GB\"},{\"@type\":\"Organization\",\"@id\":\"https:\/\/hd-multimedia.com\/#organization\",\"name\":\"hd-multimedia\",\"url\":\"https:\/\/hd-multimedia.com\/\",\"logo\":{\"@type\":\"ImageObject\",\"inLanguage\":\"en-GB\",\"@id\":\"https:\/\/hd-multimedia.com\/#\/schema\/logo\/image\/\",\"url\":\"https:\/\/hd-multimedia.com\/hdm_media\/HD-curves-ok-196-56px-alpha-1.png\",\"contentUrl\":\"https:\/\/hd-multimedia.com\/hdm_media\/HD-curves-ok-196-56px-alpha-1.png\",\"width\":196,\"height\":53,\"caption\":\"hd-multimedia\"},\"image\":{\"@id\":\"https:\/\/hd-multimedia.com\/#\/schema\/logo\/image\/\"}}]}<\/script>\n<!-- \/ Yoast SEO plugin. -->","yoast_head_json":{"title":"Topping Mini 300 - hd-multimedia","description":"Topping Mini 300 je poja\u010dalo koje ima potpuno balansirani dizajn klase D, konstruiran za maksimiziranje \u010disto\u0107e signala i minimiziranje \u0161uma.","robots":{"index":"index","follow":"follow","max-snippet":"max-snippet:-1","max-image-preview":"max-image-preview:large","max-video-preview":"max-video-preview:-1"},"canonical":"https:\/\/hd-multimedia.com\/en\/trgovina\/topping-mini-300\/","og_locale":"en_GB","og_type":"article","og_title":"Topping Mini 300 - hd-multimedia","og_description":"Topping Mini 300 je poja\u010dalo koje ima potpuno balansirani dizajn klase D, konstruiran za maksimiziranje \u010disto\u0107e signala i minimiziranje \u0161uma.","og_url":"https:\/\/hd-multimedia.com\/en\/trgovina\/topping-mini-300\/","og_site_name":"hd-multimedia","article_modified_time":"2026-03-08T22:07:13+00:00","og_image":[{"width":848,"height":848,"url":"https:\/\/hd-multimedia.com\/hdm_media\/Topping-Mini-300-Silver1-e1765461812886.png","type":"image\/png"}],"twitter_card":"summary_large_image","twitter_misc":{"Estimated reading time":"1 minute"},"schema":{"@context":"https:\/\/schema.org","@graph":[{"@type":"WebPage","@id":"https:\/\/hd-multimedia.com\/trgovina\/topping-mini-300\/","url":"https:\/\/hd-multimedia.com\/trgovina\/topping-mini-300\/","name":"Topping Mini 300 - hd-multimedia","isPartOf":{"@id":"https:\/\/hd-multimedia.com\/#website"},"datePublished":"2025-12-11T13:46:44+00:00","dateModified":"2026-03-08T22:07:13+00:00","description":"Topping Mini 300 je poja\u010dalo koje ima potpuno balansirani dizajn klase D, konstruiran za maksimiziranje \u010disto\u0107e signala i minimiziranje \u0161uma.","breadcrumb":{"@id":"https:\/\/hd-multimedia.com\/trgovina\/topping-mini-300\/#breadcrumb"},"inLanguage":"en-GB","potentialAction":[{"@type":"ReadAction","target":["https:\/\/hd-multimedia.com\/trgovina\/topping-mini-300\/"]}]},{"@type":"BreadcrumbList","@id":"https:\/\/hd-multimedia.com\/trgovina\/topping-mini-300\/#breadcrumb","itemListElement":[{"@type":"ListItem","position":1,"name":"Po\u010detna stranica","item":"https:\/\/hd-multimedia.com\/"},{"@type":"ListItem","position":2,"name":"Trgovina","item":"https:\/\/hd-multimedia.com\/trgovina\/"},{"@type":"ListItem","position":3,"name":"Topping Mini 300"}]},{"@type":"WebSite","@id":"https:\/\/hd-multimedia.com\/#website","url":"https:\/\/hd-multimedia.com\/","name":"hd-multimedia","description":"","publisher":{"@id":"https:\/\/hd-multimedia.com\/#organization"},"potentialAction":[{"@type":"SearchAction","target":{"@type":"EntryPoint","urlTemplate":"https:\/\/hd-multimedia.com\/?s={search_term_string}"},"query-input":"required name=search_term_string"}],"inLanguage":"en-GB"},{"@type":"Organization","@id":"https:\/\/hd-multimedia.com\/#organization","name":"hd-multimedia","url":"https:\/\/hd-multimedia.com\/","logo":{"@type":"ImageObject","inLanguage":"en-GB","@id":"https:\/\/hd-multimedia.com\/#\/schema\/logo\/image\/","url":"https:\/\/hd-multimedia.com\/hdm_media\/HD-curves-ok-196-56px-alpha-1.png","contentUrl":"https:\/\/hd-multimedia.com\/hdm_media\/HD-curves-ok-196-56px-alpha-1.png","width":196,"height":53,"caption":"hd-multimedia"},"image":{"@id":"https:\/\/hd-multimedia.com\/#\/schema\/logo\/image\/"}}]}},"post_mailing_queue_ids":[],"_links":{"self":[{"href":"https:\/\/hd-multimedia.com\/en\/wp-json\/wp\/v2\/product\/19207","targetHints":{"allow":["GET"]}}],"collection":[{"href":"https:\/\/hd-multimedia.com\/en\/wp-json\/wp\/v2\/product"}],"about":[{"href":"https:\/\/hd-multimedia.com\/en\/wp-json\/wp\/v2\/types\/product"}],"version-history":[{"count":5,"href":"https:\/\/hd-multimedia.com\/en\/wp-json\/wp\/v2\/product\/19207\/revisions"}],"predecessor-version":[{"id":19225,"href":"https:\/\/hd-multimedia.com\/en\/wp-json\/wp\/v2\/product\/19207\/revisions\/19225"}],"wp:featuredmedia":[{"embeddable":true,"href":"https:\/\/hd-multimedia.com\/en\/wp-json\/wp\/v2\/media\/19217"}],"wp:attachment":[{"href":"https:\/\/hd-multimedia.com\/en\/wp-json\/wp\/v2\/media?parent=19207"}],"curies":[{"name":"wp","href":"https:\/\/api.w.org\/{rel}","templated":true}]}}