{"id":19006,"date":"2025-10-03T07:41:33","date_gmt":"2025-10-03T07:41:33","guid":{"rendered":"https:\/\/hd-multimedia.com\/?post_type=product&#038;p=19006"},"modified":"2026-02-20T10:59:36","modified_gmt":"2026-02-20T10:59:36","slug":"elac-muro-outdoor-m61","status":"publish","type":"product","link":"https:\/\/hd-multimedia.com\/en\/trgovina\/elac-muro-outdoor-m61\/","title":{"rendered":"Elac Muro Outdoor M61"},"content":{"rendered":"<p>Elac Muro Outdoor M61 &#8211; par pasivnih zvu\u010dnih kutija za vanjsku uporabu.<\/p>\n<p><strong>Specifications:<\/strong><\/p>\n<p>Serija MURO Outdoor<br \/>\nModel OD-M61<br \/>\nSpeaker type: 2-way, closed\/plug-in<br \/>\nFrekvencijski odziv: -3 dB: 80 do 20 kHz<br \/>\nFrekvencijski odziv: -6 dB: 65 do 20 kHz<br \/>\nNominal impedance: 8 \u03a9<br \/>\nOsjetljivost @2,83 v\/1 m 86 dB<br \/>\nCrossover frequency: 2160 Hz<br \/>\nPreporu\u010dena snaga poja\u010dala: 30 &#8211; 100 W<br \/>\nNominalna\/vr\u0161na snaga: 80\/130 W<br \/>\nTweeter: 25 mm silk dome tweeter with double-layer copper-clad aluminum voice coil<br \/>\nNiskotonac (aramidna vlakna): 6 1\/2 \u201c 25 mm polipropilenski konus, gumeni ovjes<br \/>\nHousing: UV-resistant plastic<br \/>\nConnection: Closed with connection option<br \/>\nPriklju\u010dak za zvu\u010dnik: 5-smjerni vezni terminali<br \/>\n\u0160irina (mm) 7,87\/200<br \/>\nVisina (mm) 12,2\/310<br \/>\nDubina (mm) 9,25\/235<br \/>\nNeto te\u017eina (kg) 7,71\/3,5<\/p>","protected":false},"excerpt":{"rendered":"<p>Elac Muro Outdoor M61 &#8211; par pasivnih zvu\u010dnih kutija za vanjsku uporabu. Ove kutije su modernog dizajna s \u010distim, elegantnim profilom bez velikih vidljivih gumba.Besprijekorno se integriraju u bilo koje okru\u017eenje, u zatvorenom ili na otvorenom. Dizajnirani za izdr\u017eljivost, imaju IP66 ocjenu kako bi izdr\u017eali vremenske uvjete, dok vam uklonjivi utika\u010di za priklju\u010dke omogu\u0107uju transformaciju njegovog dizajna u konfiguraciju s priklju\u010dkom za pobolj\u0161ane performanse basa kada to vremenski uvjeti dopu\u0161taju. Elac Muro Outdoor M61 &#8211; par pasivnih zvu\u010dnih kutija za vanjsku uporabu je savr\u0161en spoj stila, prilagodljivosti i vrhunske kvalitete zvuka.<\/p>\n<p>Elac Muro Outdoor M61 &#8211; par pasivnih zvu\u010dnih kutija za vanjsku uporabu nude iznimnu svestranost i fleksibilnost s prilo\u017eenim nosa\u010dem, omogu\u0107uju\u0107i besprijekornu vertikalnu, horizontalnu, zidnu, stropnu ili kutnu monta\u017eu za bilo koju potrebu instalacije. Nosa\u010d ima oznake u koracima od 15 stupnjeva koje olak\u0161avaju poravnanje.<\/p>\n<p><a href=\"https:\/\/elac.com\/od-m61-bk\" target=\"_blank\" rel=\"noopener\">Link for additional product information!<\/a><\/p>","protected":false},"featured_media":19012,"template":"","meta":{"site-sidebar-layout":"default","site-content-layout":"","ast-site-content-layout":"default","site-content-style":"default","site-sidebar-style":"default","ast-global-header-display":"","ast-banner-title-visibility":"","ast-main-header-display":"","ast-hfb-above-header-display":"","ast-hfb-below-header-display":"","ast-hfb-mobile-header-display":"","site-post-title":"","ast-breadcrumbs-content":"","ast-featured-img":"","footer-sml-layout":"","theme-transparent-header-meta":"default","adv-header-id-meta":"","stick-header-meta":"default","header-above-stick-meta":"","header-main-stick-meta":"","header-below-stick-meta":"","astra-migrate-meta-layouts":"set","ast-page-background-enabled":"default","ast-page-background-meta":{"desktop":{"background-color":"","background-image":"","background-repeat":"repeat","background-position":"center center","background-size":"auto","background-attachment":"scroll","background-type":"","background-media":"","overlay-type":"","overlay-color":"","overlay-opacity":"","overlay-gradient":""},"tablet":{"background-color":"","background-image":"","background-repeat":"repeat","background-position":"center center","background-size":"auto","background-attachment":"scroll","background-type":"","background-media":"","overlay-type":"","overlay-color":"","overlay-opacity":"","overlay-gradient":""},"mobile":{"background-color":"","background-image":"","background-repeat":"repeat","background-position":"center center","background-size":"auto","background-attachment":"scroll","background-type":"","background-media":"","overlay-type":"","overlay-color":"","overlay-opacity":"","overlay-gradient":""}},"ast-content-background-meta":{"desktop":{"background-color":"var(--ast-global-color-5)","background-image":"","background-repeat":"repeat","background-position":"center center","background-size":"auto","background-attachment":"scroll","background-type":"","background-media":"","overlay-type":"","overlay-color":"","overlay-opacity":"","overlay-gradient":""},"tablet":{"background-color":"var(--ast-global-color-5)","background-image":"","background-repeat":"repeat","background-position":"center center","background-size":"auto","background-attachment":"scroll","background-type":"","background-media":"","overlay-type":"","overlay-color":"","overlay-opacity":"","overlay-gradient":""},"mobile":{"background-color":"var(--ast-global-color-5)","background-image":"","background-repeat":"repeat","background-position":"center center","background-size":"auto","background-attachment":"scroll","background-type":"","background-media":"","overlay-type":"","overlay-color":"","overlay-opacity":"","overlay-gradient":""}}},"class_list":["post-19006","product","type-product","status-publish","has-post-thumbnail","hentry","product_cat-pasivne-zvucne-kutije","product_cat-elac","desktop-align-center","tablet-align-center","mobile-align-center","ast-product-gallery-layout-horizontal","ast-magnify-disabled","ast-product-tabs-layout-horizontal"],"yoast_head":"<!-- This site is optimized with the Yoast SEO plugin v21.4 - https:\/\/yoast.com\/wordpress\/plugins\/seo\/ -->\n<title>Elac Muro Outdoor M61 - hd-multimedia<\/title>\n<meta name=\"description\" content=\"Elac Muro Outdoor M61 - par pasivnih zvu\u010dnih kutija za vanjsku uporabu. Dizajnirani za izdr\u017eljivost, imaju IP66 ocjenu kako bi izdr\u017eali vremenske uvjete!\" \/>\n<meta name=\"robots\" content=\"index, follow, max-snippet:-1, max-image-preview:large, max-video-preview:-1\" \/>\n<link rel=\"canonical\" href=\"https:\/\/hd-multimedia.com\/en\/trgovina\/elac-muro-outdoor-m61\/\" \/>\n<meta property=\"og:locale\" content=\"en_GB\" \/>\n<meta property=\"og:type\" content=\"article\" \/>\n<meta property=\"og:title\" content=\"Elac Muro Outdoor M61 - hd-multimedia\" \/>\n<meta property=\"og:description\" content=\"Elac Muro Outdoor M61 - par pasivnih zvu\u010dnih kutija za vanjsku uporabu. Dizajnirani za izdr\u017eljivost, imaju IP66 ocjenu kako bi izdr\u017eali vremenske uvjete!\" \/>\n<meta property=\"og:url\" content=\"https:\/\/hd-multimedia.com\/en\/trgovina\/elac-muro-outdoor-m61\/\" \/>\n<meta property=\"og:site_name\" content=\"hd-multimedia\" \/>\n<meta property=\"article:modified_time\" content=\"2026-02-20T10:59:36+00:00\" \/>\n<meta property=\"og:image\" content=\"https:\/\/hd-multimedia.com\/hdm_media\/Elac-Muro-61.jpg\" \/>\n\t<meta property=\"og:image:width\" content=\"1000\" \/>\n\t<meta property=\"og:image:height\" content=\"1000\" \/>\n\t<meta property=\"og:image:type\" content=\"image\/jpeg\" \/>\n<meta name=\"twitter:card\" content=\"summary_large_image\" \/>\n<meta name=\"twitter:label1\" content=\"Estimated reading time\" \/>\n\t<meta name=\"twitter:data1\" content=\"1 minute\" \/>\n<script type=\"application\/ld+json\" class=\"yoast-schema-graph\">{\"@context\":\"https:\/\/schema.org\",\"@graph\":[{\"@type\":\"WebPage\",\"@id\":\"https:\/\/hd-multimedia.com\/trgovina\/elac-muro-outdoor-m61\/\",\"url\":\"https:\/\/hd-multimedia.com\/trgovina\/elac-muro-outdoor-m61\/\",\"name\":\"Elac Muro Outdoor M61 - hd-multimedia\",\"isPartOf\":{\"@id\":\"https:\/\/hd-multimedia.com\/#website\"},\"datePublished\":\"2025-10-03T07:41:33+00:00\",\"dateModified\":\"2026-02-20T10:59:36+00:00\",\"description\":\"Elac Muro Outdoor M61 - par pasivnih zvu\u010dnih kutija za vanjsku uporabu. Dizajnirani za izdr\u017eljivost, imaju IP66 ocjenu kako bi izdr\u017eali vremenske uvjete!\",\"breadcrumb\":{\"@id\":\"https:\/\/hd-multimedia.com\/trgovina\/elac-muro-outdoor-m61\/#breadcrumb\"},\"inLanguage\":\"en-GB\",\"potentialAction\":[{\"@type\":\"ReadAction\",\"target\":[\"https:\/\/hd-multimedia.com\/trgovina\/elac-muro-outdoor-m61\/\"]}]},{\"@type\":\"BreadcrumbList\",\"@id\":\"https:\/\/hd-multimedia.com\/trgovina\/elac-muro-outdoor-m61\/#breadcrumb\",\"itemListElement\":[{\"@type\":\"ListItem\",\"position\":1,\"name\":\"Po\u010detna stranica\",\"item\":\"https:\/\/hd-multimedia.com\/\"},{\"@type\":\"ListItem\",\"position\":2,\"name\":\"Trgovina\",\"item\":\"https:\/\/hd-multimedia.com\/trgovina\/\"},{\"@type\":\"ListItem\",\"position\":3,\"name\":\"Elac Muro Outdoor M61\"}]},{\"@type\":\"WebSite\",\"@id\":\"https:\/\/hd-multimedia.com\/#website\",\"url\":\"https:\/\/hd-multimedia.com\/\",\"name\":\"hd-multimedia\",\"description\":\"\",\"publisher\":{\"@id\":\"https:\/\/hd-multimedia.com\/#organization\"},\"potentialAction\":[{\"@type\":\"SearchAction\",\"target\":{\"@type\":\"EntryPoint\",\"urlTemplate\":\"https:\/\/hd-multimedia.com\/?s={search_term_string}\"},\"query-input\":\"required name=search_term_string\"}],\"inLanguage\":\"en-GB\"},{\"@type\":\"Organization\",\"@id\":\"https:\/\/hd-multimedia.com\/#organization\",\"name\":\"hd-multimedia\",\"url\":\"https:\/\/hd-multimedia.com\/\",\"logo\":{\"@type\":\"ImageObject\",\"inLanguage\":\"en-GB\",\"@id\":\"https:\/\/hd-multimedia.com\/#\/schema\/logo\/image\/\",\"url\":\"https:\/\/hd-multimedia.com\/hdm_media\/HD-curves-ok-196-56px-alpha-1.png\",\"contentUrl\":\"https:\/\/hd-multimedia.com\/hdm_media\/HD-curves-ok-196-56px-alpha-1.png\",\"width\":196,\"height\":53,\"caption\":\"hd-multimedia\"},\"image\":{\"@id\":\"https:\/\/hd-multimedia.com\/#\/schema\/logo\/image\/\"}}]}<\/script>\n<!-- \/ Yoast SEO plugin. -->","yoast_head_json":{"title":"Elac Muro Outdoor M61 - hd-multimedia","description":"Elac Muro Outdoor M61 - par pasivnih zvu\u010dnih kutija za vanjsku uporabu. Dizajnirani za izdr\u017eljivost, imaju IP66 ocjenu kako bi izdr\u017eali vremenske uvjete!","robots":{"index":"index","follow":"follow","max-snippet":"max-snippet:-1","max-image-preview":"max-image-preview:large","max-video-preview":"max-video-preview:-1"},"canonical":"https:\/\/hd-multimedia.com\/en\/trgovina\/elac-muro-outdoor-m61\/","og_locale":"en_GB","og_type":"article","og_title":"Elac Muro Outdoor M61 - hd-multimedia","og_description":"Elac Muro Outdoor M61 - par pasivnih zvu\u010dnih kutija za vanjsku uporabu. Dizajnirani za izdr\u017eljivost, imaju IP66 ocjenu kako bi izdr\u017eali vremenske uvjete!","og_url":"https:\/\/hd-multimedia.com\/en\/trgovina\/elac-muro-outdoor-m61\/","og_site_name":"hd-multimedia","article_modified_time":"2026-02-20T10:59:36+00:00","og_image":[{"width":1000,"height":1000,"url":"https:\/\/hd-multimedia.com\/hdm_media\/Elac-Muro-61.jpg","type":"image\/jpeg"}],"twitter_card":"summary_large_image","twitter_misc":{"Estimated reading time":"1 minute"},"schema":{"@context":"https:\/\/schema.org","@graph":[{"@type":"WebPage","@id":"https:\/\/hd-multimedia.com\/trgovina\/elac-muro-outdoor-m61\/","url":"https:\/\/hd-multimedia.com\/trgovina\/elac-muro-outdoor-m61\/","name":"Elac Muro Outdoor M61 - hd-multimedia","isPartOf":{"@id":"https:\/\/hd-multimedia.com\/#website"},"datePublished":"2025-10-03T07:41:33+00:00","dateModified":"2026-02-20T10:59:36+00:00","description":"Elac Muro Outdoor M61 - par pasivnih zvu\u010dnih kutija za vanjsku uporabu. Dizajnirani za izdr\u017eljivost, imaju IP66 ocjenu kako bi izdr\u017eali vremenske uvjete!","breadcrumb":{"@id":"https:\/\/hd-multimedia.com\/trgovina\/elac-muro-outdoor-m61\/#breadcrumb"},"inLanguage":"en-GB","potentialAction":[{"@type":"ReadAction","target":["https:\/\/hd-multimedia.com\/trgovina\/elac-muro-outdoor-m61\/"]}]},{"@type":"BreadcrumbList","@id":"https:\/\/hd-multimedia.com\/trgovina\/elac-muro-outdoor-m61\/#breadcrumb","itemListElement":[{"@type":"ListItem","position":1,"name":"Po\u010detna stranica","item":"https:\/\/hd-multimedia.com\/"},{"@type":"ListItem","position":2,"name":"Trgovina","item":"https:\/\/hd-multimedia.com\/trgovina\/"},{"@type":"ListItem","position":3,"name":"Elac Muro Outdoor M61"}]},{"@type":"WebSite","@id":"https:\/\/hd-multimedia.com\/#website","url":"https:\/\/hd-multimedia.com\/","name":"hd-multimedia","description":"","publisher":{"@id":"https:\/\/hd-multimedia.com\/#organization"},"potentialAction":[{"@type":"SearchAction","target":{"@type":"EntryPoint","urlTemplate":"https:\/\/hd-multimedia.com\/?s={search_term_string}"},"query-input":"required name=search_term_string"}],"inLanguage":"en-GB"},{"@type":"Organization","@id":"https:\/\/hd-multimedia.com\/#organization","name":"hd-multimedia","url":"https:\/\/hd-multimedia.com\/","logo":{"@type":"ImageObject","inLanguage":"en-GB","@id":"https:\/\/hd-multimedia.com\/#\/schema\/logo\/image\/","url":"https:\/\/hd-multimedia.com\/hdm_media\/HD-curves-ok-196-56px-alpha-1.png","contentUrl":"https:\/\/hd-multimedia.com\/hdm_media\/HD-curves-ok-196-56px-alpha-1.png","width":196,"height":53,"caption":"hd-multimedia"},"image":{"@id":"https:\/\/hd-multimedia.com\/#\/schema\/logo\/image\/"}}]}},"post_mailing_queue_ids":[],"_links":{"self":[{"href":"https:\/\/hd-multimedia.com\/en\/wp-json\/wp\/v2\/product\/19006","targetHints":{"allow":["GET"]}}],"collection":[{"href":"https:\/\/hd-multimedia.com\/en\/wp-json\/wp\/v2\/product"}],"about":[{"href":"https:\/\/hd-multimedia.com\/en\/wp-json\/wp\/v2\/types\/product"}],"version-history":[{"count":1,"href":"https:\/\/hd-multimedia.com\/en\/wp-json\/wp\/v2\/product\/19006\/revisions"}],"predecessor-version":[{"id":19007,"href":"https:\/\/hd-multimedia.com\/en\/wp-json\/wp\/v2\/product\/19006\/revisions\/19007"}],"wp:featuredmedia":[{"embeddable":true,"href":"https:\/\/hd-multimedia.com\/en\/wp-json\/wp\/v2\/media\/19012"}],"wp:attachment":[{"href":"https:\/\/hd-multimedia.com\/en\/wp-json\/wp\/v2\/media?parent=19006"}],"curies":[{"name":"wp","href":"https:\/\/api.w.org\/{rel}","templated":true}]}}