{"id":18998,"date":"2025-10-02T13:43:40","date_gmt":"2025-10-02T13:43:40","guid":{"rendered":"https:\/\/hd-multimedia.com\/?post_type=product&#038;p=18998"},"modified":"2026-02-20T11:02:01","modified_gmt":"2026-02-20T11:02:01","slug":"fiio-fh3","status":"publish","type":"product","link":"https:\/\/hd-multimedia.com\/en\/trgovina\/fiio-fh3\/","title":{"rendered":"FiiO FH3"},"content":{"rendered":"<p>FiiO FH3 dolazi s cijelim nizom razli\u010ditih parova umetaka za u\u0161i u razli\u010ditim veli\u010dinama. Postoje tri para za ljubitelje basa. Tri para za one koji preferiraju uravnote\u017eenu reprodukciju zvuka. I tri para za sve one koji cijene reprodukciju visokih frekvencija.<\/p>\n<p><strong>Specifications:<\/strong><br \/>\nDriveri: 10 mm dinami\u010dki drajver s berilijem, Knowles ED30262 za srednje frekvencije, Knowles RAD33518 za visoke frekvencije<br \/>\nFrequency response: 10Hz-40kHz<br \/>\nImpedancija: 24ohm @1kHz<br \/>\nOsjetljivost: 114dB@1mW<br \/>\nMaksimalna ulazna snaga: 100mW<br \/>\nMaterijal kabela: monokristalni posrebreni bakar visoke \u010disto\u0107e<br \/>\nDuljina kabela: 1,2 m<br \/>\nTe\u017eina: 7,3 g (svaka slu\u0161alica)<\/p>\n<p><a href=\"https:\/\/www.fiio.com\/fh3_comparisons\" target=\"_blank\" rel=\"noopener\">Detaljne specifikacije i usporedbe!<\/a><\/p>","protected":false},"excerpt":{"rendered":"<p>FiiO FH3 su Hibridne in-ear slu\u0161alice s S.TURBO tehnologijom. FiiO FH3 in-ear slu\u0161alice dolaze s mno\u0161tvom inovacija i pobolj\u0161anja, a sve to jam\u010di jo\u0161 uravnote\u017eeniju i prirodniju zvu\u010dnu sliku. Hibridna konstrukcija dinami\u010dkih i BA drivera i berilijev premaz na dinami\u010dkom driveru za o\u0161tar i precizan bas. FiiO FH3 dolazi s visokokvalitetnim kablom za slu\u0161alice &#8211; 96 \u017eica s posrebrenim premazom i elegntnim ku\u0107i\u0161tem od aluminija obra\u0111enim CNC-om. S ugra\u0111enim MMCX priklju\u010dkom FiiO FH3, bilo koji kabel slu\u0161alica mo\u017ee se lako spojiti, odspojiti i zamijeniti.<\/p>\n<p><a href=\"https:\/\/www.fiio.com\/fh3\" target=\"_blank\" rel=\"noopener\">Link for additional product information!<\/a><\/p>","protected":false},"featured_media":18999,"template":"","meta":{"site-sidebar-layout":"default","site-content-layout":"","ast-site-content-layout":"default","site-content-style":"default","site-sidebar-style":"default","ast-global-header-display":"","ast-banner-title-visibility":"","ast-main-header-display":"","ast-hfb-above-header-display":"","ast-hfb-below-header-display":"","ast-hfb-mobile-header-display":"","site-post-title":"","ast-breadcrumbs-content":"","ast-featured-img":"","footer-sml-layout":"","theme-transparent-header-meta":"default","adv-header-id-meta":"","stick-header-meta":"default","header-above-stick-meta":"","header-main-stick-meta":"","header-below-stick-meta":"","astra-migrate-meta-layouts":"set","ast-page-background-enabled":"default","ast-page-background-meta":{"desktop":{"background-color":"","background-image":"","background-repeat":"repeat","background-position":"center center","background-size":"auto","background-attachment":"scroll","background-type":"","background-media":"","overlay-type":"","overlay-color":"","overlay-opacity":"","overlay-gradient":""},"tablet":{"background-color":"","background-image":"","background-repeat":"repeat","background-position":"center center","background-size":"auto","background-attachment":"scroll","background-type":"","background-media":"","overlay-type":"","overlay-color":"","overlay-opacity":"","overlay-gradient":""},"mobile":{"background-color":"","background-image":"","background-repeat":"repeat","background-position":"center center","background-size":"auto","background-attachment":"scroll","background-type":"","background-media":"","overlay-type":"","overlay-color":"","overlay-opacity":"","overlay-gradient":""}},"ast-content-background-meta":{"desktop":{"background-color":"var(--ast-global-color-5)","background-image":"","background-repeat":"repeat","background-position":"center center","background-size":"auto","background-attachment":"scroll","background-type":"","background-media":"","overlay-type":"","overlay-color":"","overlay-opacity":"","overlay-gradient":""},"tablet":{"background-color":"var(--ast-global-color-5)","background-image":"","background-repeat":"repeat","background-position":"center center","background-size":"auto","background-attachment":"scroll","background-type":"","background-media":"","overlay-type":"","overlay-color":"","overlay-opacity":"","overlay-gradient":""},"mobile":{"background-color":"var(--ast-global-color-5)","background-image":"","background-repeat":"repeat","background-position":"center center","background-size":"auto","background-attachment":"scroll","background-type":"","background-media":"","overlay-type":"","overlay-color":"","overlay-opacity":"","overlay-gradient":""}}},"class_list":["post-18998","product","type-product","status-publish","has-post-thumbnail","hentry","product_cat-usne-slusalice-iem","product_cat-fiio","desktop-align-center","tablet-align-center","mobile-align-center","ast-product-gallery-layout-horizontal","ast-magnify-disabled","ast-product-tabs-layout-horizontal"],"yoast_head":"<!-- This site is optimized with the Yoast SEO plugin v21.4 - https:\/\/yoast.com\/wordpress\/plugins\/seo\/ -->\n<title>FiiO FH3 - hd-multimedia<\/title>\n<meta name=\"description\" content=\"FiiO FH3 su Hibridne in-ear slu\u0161alice s S.TURBO tehnologijom. FiiO FH3 in-ear slu\u0161alice dolaze s mno\u0161tvom inovacija i pobolj\u0161anja.\" \/>\n<meta name=\"robots\" content=\"index, follow, max-snippet:-1, max-image-preview:large, max-video-preview:-1\" \/>\n<link rel=\"canonical\" href=\"https:\/\/hd-multimedia.com\/en\/trgovina\/fiio-fh3\/\" \/>\n<meta property=\"og:locale\" content=\"en_GB\" \/>\n<meta property=\"og:type\" content=\"article\" \/>\n<meta property=\"og:title\" content=\"FiiO FH3 - hd-multimedia\" \/>\n<meta property=\"og:description\" content=\"FiiO FH3 su Hibridne in-ear slu\u0161alice s S.TURBO tehnologijom. FiiO FH3 in-ear slu\u0161alice dolaze s mno\u0161tvom inovacija i pobolj\u0161anja.\" \/>\n<meta property=\"og:url\" content=\"https:\/\/hd-multimedia.com\/en\/trgovina\/fiio-fh3\/\" \/>\n<meta property=\"og:site_name\" content=\"hd-multimedia\" \/>\n<meta property=\"article:modified_time\" content=\"2026-02-20T11:02:01+00:00\" \/>\n<meta property=\"og:image\" content=\"https:\/\/hd-multimedia.com\/hdm_media\/FiiO-FH3-1-1-e1759411648996.jpg\" \/>\n\t<meta property=\"og:image:width\" content=\"700\" \/>\n\t<meta property=\"og:image:height\" content=\"700\" \/>\n\t<meta property=\"og:image:type\" content=\"image\/jpeg\" \/>\n<meta name=\"twitter:card\" content=\"summary_large_image\" \/>\n<meta name=\"twitter:label1\" content=\"Estimated reading time\" \/>\n\t<meta name=\"twitter:data1\" content=\"1 minute\" \/>\n<script type=\"application\/ld+json\" class=\"yoast-schema-graph\">{\"@context\":\"https:\/\/schema.org\",\"@graph\":[{\"@type\":\"WebPage\",\"@id\":\"https:\/\/hd-multimedia.com\/trgovina\/fiio-fh3\/\",\"url\":\"https:\/\/hd-multimedia.com\/trgovina\/fiio-fh3\/\",\"name\":\"FiiO FH3 - hd-multimedia\",\"isPartOf\":{\"@id\":\"https:\/\/hd-multimedia.com\/#website\"},\"datePublished\":\"2025-10-02T13:43:40+00:00\",\"dateModified\":\"2026-02-20T11:02:01+00:00\",\"description\":\"FiiO FH3 su Hibridne in-ear slu\u0161alice s S.TURBO tehnologijom. FiiO FH3 in-ear slu\u0161alice dolaze s mno\u0161tvom inovacija i pobolj\u0161anja.\",\"breadcrumb\":{\"@id\":\"https:\/\/hd-multimedia.com\/trgovina\/fiio-fh3\/#breadcrumb\"},\"inLanguage\":\"en-GB\",\"potentialAction\":[{\"@type\":\"ReadAction\",\"target\":[\"https:\/\/hd-multimedia.com\/trgovina\/fiio-fh3\/\"]}]},{\"@type\":\"BreadcrumbList\",\"@id\":\"https:\/\/hd-multimedia.com\/trgovina\/fiio-fh3\/#breadcrumb\",\"itemListElement\":[{\"@type\":\"ListItem\",\"position\":1,\"name\":\"Po\u010detna stranica\",\"item\":\"https:\/\/hd-multimedia.com\/\"},{\"@type\":\"ListItem\",\"position\":2,\"name\":\"Trgovina\",\"item\":\"https:\/\/hd-multimedia.com\/trgovina\/\"},{\"@type\":\"ListItem\",\"position\":3,\"name\":\"FiiO FH3\"}]},{\"@type\":\"WebSite\",\"@id\":\"https:\/\/hd-multimedia.com\/#website\",\"url\":\"https:\/\/hd-multimedia.com\/\",\"name\":\"hd-multimedia\",\"description\":\"\",\"publisher\":{\"@id\":\"https:\/\/hd-multimedia.com\/#organization\"},\"potentialAction\":[{\"@type\":\"SearchAction\",\"target\":{\"@type\":\"EntryPoint\",\"urlTemplate\":\"https:\/\/hd-multimedia.com\/?s={search_term_string}\"},\"query-input\":\"required name=search_term_string\"}],\"inLanguage\":\"en-GB\"},{\"@type\":\"Organization\",\"@id\":\"https:\/\/hd-multimedia.com\/#organization\",\"name\":\"hd-multimedia\",\"url\":\"https:\/\/hd-multimedia.com\/\",\"logo\":{\"@type\":\"ImageObject\",\"inLanguage\":\"en-GB\",\"@id\":\"https:\/\/hd-multimedia.com\/#\/schema\/logo\/image\/\",\"url\":\"https:\/\/hd-multimedia.com\/hdm_media\/HD-curves-ok-196-56px-alpha-1.png\",\"contentUrl\":\"https:\/\/hd-multimedia.com\/hdm_media\/HD-curves-ok-196-56px-alpha-1.png\",\"width\":196,\"height\":53,\"caption\":\"hd-multimedia\"},\"image\":{\"@id\":\"https:\/\/hd-multimedia.com\/#\/schema\/logo\/image\/\"}}]}<\/script>\n<!-- \/ Yoast SEO plugin. -->","yoast_head_json":{"title":"FiiO FH3 - hd-multimedia","description":"FiiO FH3 su Hibridne in-ear slu\u0161alice s S.TURBO tehnologijom. FiiO FH3 in-ear slu\u0161alice dolaze s mno\u0161tvom inovacija i pobolj\u0161anja.","robots":{"index":"index","follow":"follow","max-snippet":"max-snippet:-1","max-image-preview":"max-image-preview:large","max-video-preview":"max-video-preview:-1"},"canonical":"https:\/\/hd-multimedia.com\/en\/trgovina\/fiio-fh3\/","og_locale":"en_GB","og_type":"article","og_title":"FiiO FH3 - hd-multimedia","og_description":"FiiO FH3 su Hibridne in-ear slu\u0161alice s S.TURBO tehnologijom. FiiO FH3 in-ear slu\u0161alice dolaze s mno\u0161tvom inovacija i pobolj\u0161anja.","og_url":"https:\/\/hd-multimedia.com\/en\/trgovina\/fiio-fh3\/","og_site_name":"hd-multimedia","article_modified_time":"2026-02-20T11:02:01+00:00","og_image":[{"width":700,"height":700,"url":"https:\/\/hd-multimedia.com\/hdm_media\/FiiO-FH3-1-1-e1759411648996.jpg","type":"image\/jpeg"}],"twitter_card":"summary_large_image","twitter_misc":{"Estimated reading time":"1 minute"},"schema":{"@context":"https:\/\/schema.org","@graph":[{"@type":"WebPage","@id":"https:\/\/hd-multimedia.com\/trgovina\/fiio-fh3\/","url":"https:\/\/hd-multimedia.com\/trgovina\/fiio-fh3\/","name":"FiiO FH3 - hd-multimedia","isPartOf":{"@id":"https:\/\/hd-multimedia.com\/#website"},"datePublished":"2025-10-02T13:43:40+00:00","dateModified":"2026-02-20T11:02:01+00:00","description":"FiiO FH3 su Hibridne in-ear slu\u0161alice s S.TURBO tehnologijom. FiiO FH3 in-ear slu\u0161alice dolaze s mno\u0161tvom inovacija i pobolj\u0161anja.","breadcrumb":{"@id":"https:\/\/hd-multimedia.com\/trgovina\/fiio-fh3\/#breadcrumb"},"inLanguage":"en-GB","potentialAction":[{"@type":"ReadAction","target":["https:\/\/hd-multimedia.com\/trgovina\/fiio-fh3\/"]}]},{"@type":"BreadcrumbList","@id":"https:\/\/hd-multimedia.com\/trgovina\/fiio-fh3\/#breadcrumb","itemListElement":[{"@type":"ListItem","position":1,"name":"Po\u010detna stranica","item":"https:\/\/hd-multimedia.com\/"},{"@type":"ListItem","position":2,"name":"Trgovina","item":"https:\/\/hd-multimedia.com\/trgovina\/"},{"@type":"ListItem","position":3,"name":"FiiO FH3"}]},{"@type":"WebSite","@id":"https:\/\/hd-multimedia.com\/#website","url":"https:\/\/hd-multimedia.com\/","name":"hd-multimedia","description":"","publisher":{"@id":"https:\/\/hd-multimedia.com\/#organization"},"potentialAction":[{"@type":"SearchAction","target":{"@type":"EntryPoint","urlTemplate":"https:\/\/hd-multimedia.com\/?s={search_term_string}"},"query-input":"required name=search_term_string"}],"inLanguage":"en-GB"},{"@type":"Organization","@id":"https:\/\/hd-multimedia.com\/#organization","name":"hd-multimedia","url":"https:\/\/hd-multimedia.com\/","logo":{"@type":"ImageObject","inLanguage":"en-GB","@id":"https:\/\/hd-multimedia.com\/#\/schema\/logo\/image\/","url":"https:\/\/hd-multimedia.com\/hdm_media\/HD-curves-ok-196-56px-alpha-1.png","contentUrl":"https:\/\/hd-multimedia.com\/hdm_media\/HD-curves-ok-196-56px-alpha-1.png","width":196,"height":53,"caption":"hd-multimedia"},"image":{"@id":"https:\/\/hd-multimedia.com\/#\/schema\/logo\/image\/"}}]}},"post_mailing_queue_ids":[],"_links":{"self":[{"href":"https:\/\/hd-multimedia.com\/en\/wp-json\/wp\/v2\/product\/18998","targetHints":{"allow":["GET"]}}],"collection":[{"href":"https:\/\/hd-multimedia.com\/en\/wp-json\/wp\/v2\/product"}],"about":[{"href":"https:\/\/hd-multimedia.com\/en\/wp-json\/wp\/v2\/types\/product"}],"version-history":[{"count":1,"href":"https:\/\/hd-multimedia.com\/en\/wp-json\/wp\/v2\/product\/18998\/revisions"}],"predecessor-version":[{"id":19004,"href":"https:\/\/hd-multimedia.com\/en\/wp-json\/wp\/v2\/product\/18998\/revisions\/19004"}],"wp:featuredmedia":[{"embeddable":true,"href":"https:\/\/hd-multimedia.com\/en\/wp-json\/wp\/v2\/media\/18999"}],"wp:attachment":[{"href":"https:\/\/hd-multimedia.com\/en\/wp-json\/wp\/v2\/media?parent=18998"}],"curies":[{"name":"wp","href":"https:\/\/api.w.org\/{rel}","templated":true}]}}