{"id":18908,"date":"2025-09-09T12:49:52","date_gmt":"2025-09-09T12:49:52","guid":{"rendered":"https:\/\/hd-multimedia.com\/?post_type=product&#038;p=18908"},"modified":"2026-02-20T10:56:06","modified_gmt":"2026-02-20T10:56:06","slug":"elac-ds123","status":"publish","type":"product","link":"https:\/\/hd-multimedia.com\/en\/trgovina\/elac-ds123\/","title":{"rendered":"Elac DS123"},"content":{"rendered":"<p>The Elac DS123 active subwoofer features rear-panel controls for seamlessly blending the bass with the rest of your speakers in your system. The ELAC S123 is equipped with a set of stereo RCA\/LFE line input jacks for connecting the active subwoofer to your AV or stereo receiver\/preamp. It also offers speaker-level inputs and outputs, if needed. Pre-installed rubber feet help isolate the subwoofer enclosure from the floor to prevent unwanted distortion caused by vibrations. These rubber feet can be removed if you plan to use more robust vibration isolation feet.<\/p>\n<p>The Elac DS123 will detect when an audio signal is being sent to the amplifier and will turn itself on. Also, to save power, the subwoofer will turn itself off after 15 minutes of no audio signal and inactivity. You can also manually turn the subwoofer on\/off using the power switch on the rear panel. There is an LED on the back of the subwoofer that will glow green to indicate that the subwoofer is on, and glow red when the subwoofer is off or in standby mode.<\/p>\n<p><strong>Specifications:<\/strong><\/p>\n<p>Speaker type: Active subwoofer, Closed cabinet design<br \/>\nWoofer: 12&quot; Polypropylene cone with textured surface<br \/>\nLow frequency: 28 Hz @ 3dB, 26 Hz @ 6dB<br \/>\nCrossover Frequency: 50 to 150 Hz<br \/>\nMaximum amplifier power: (RMS\/Peak) 200 \/ 400<br \/>\n\u0160irina: 360 mm<br \/>\nDubina: 378 mm<br \/>\nVisina: 360 mm<br \/>\nNeto te\u017eina: 13,7 kg<br \/>\nTotal Harmonic Distortion (THD) &lt;0.1%<\/p>","protected":false},"excerpt":{"rendered":"<p>Elac DS123 je aktivni subwoofer Izgra\u0111en s prilago\u0111enim 12&#8243; wooferom i visokou\u010dinkovitim poja\u010dalom D klase sa 400W vr\u0161ne snage. Elac DS123 aktivni subwoofer pru\u017ea uske, niske frekvencije bez distorzije koje o\u017eivljavaju va\u0161u omiljenu glazbu i filmove. Elac S123 aktivni subwoofer koristi zatvoreno ku\u0107i\u0161te koje osigurava nisku distorziju i brz odziv prijelaza, pru\u017eaju\u0107i prirodne, artikulirane niske frekvencije koje se besprijekorno stapaju s va\u0161im glavnim zvu\u010dnicima. Ku\u0107i\u0161te je izra\u0111eno od MDF-a (vlaknaste plo\u010de srednje gusto\u0107e) s unutarnjim horizontalnim oja\u010danjima koje poma\u017eu u smanjenju ne\u017eeljenih vibracija koje mogu promijeniti boju glazbenog ili filmskog sadr\u017eaja. Vanjski zidovi ku\u0107i\u0161ta od MDF-a prekriveni su crnim vinilom s teksturom drveta. Uklonjiva platnena re\u0161etka prekriva 12&#8243; woofer i prednji dio ku\u0107i\u0161ta.<\/p>\n<p><a href=\"https:\/\/elac.com\/ds123-bk\" target=\"_blank\" rel=\"noopener\">Link for additional product information!<\/a><\/p>","protected":false},"featured_media":18913,"template":"","meta":{"site-sidebar-layout":"default","site-content-layout":"","ast-site-content-layout":"default","site-content-style":"default","site-sidebar-style":"default","ast-global-header-display":"","ast-banner-title-visibility":"","ast-main-header-display":"","ast-hfb-above-header-display":"","ast-hfb-below-header-display":"","ast-hfb-mobile-header-display":"","site-post-title":"","ast-breadcrumbs-content":"","ast-featured-img":"","footer-sml-layout":"","theme-transparent-header-meta":"default","adv-header-id-meta":"","stick-header-meta":"default","header-above-stick-meta":"","header-main-stick-meta":"","header-below-stick-meta":"","astra-migrate-meta-layouts":"set","ast-page-background-enabled":"default","ast-page-background-meta":{"desktop":{"background-color":"","background-image":"","background-repeat":"repeat","background-position":"center center","background-size":"auto","background-attachment":"scroll","background-type":"","background-media":"","overlay-type":"","overlay-color":"","overlay-opacity":"","overlay-gradient":""},"tablet":{"background-color":"","background-image":"","background-repeat":"repeat","background-position":"center center","background-size":"auto","background-attachment":"scroll","background-type":"","background-media":"","overlay-type":"","overlay-color":"","overlay-opacity":"","overlay-gradient":""},"mobile":{"background-color":"","background-image":"","background-repeat":"repeat","background-position":"center center","background-size":"auto","background-attachment":"scroll","background-type":"","background-media":"","overlay-type":"","overlay-color":"","overlay-opacity":"","overlay-gradient":""}},"ast-content-background-meta":{"desktop":{"background-color":"var(--ast-global-color-5)","background-image":"","background-repeat":"repeat","background-position":"center center","background-size":"auto","background-attachment":"scroll","background-type":"","background-media":"","overlay-type":"","overlay-color":"","overlay-opacity":"","overlay-gradient":""},"tablet":{"background-color":"var(--ast-global-color-5)","background-image":"","background-repeat":"repeat","background-position":"center center","background-size":"auto","background-attachment":"scroll","background-type":"","background-media":"","overlay-type":"","overlay-color":"","overlay-opacity":"","overlay-gradient":""},"mobile":{"background-color":"var(--ast-global-color-5)","background-image":"","background-repeat":"repeat","background-position":"center center","background-size":"auto","background-attachment":"scroll","background-type":"","background-media":"","overlay-type":"","overlay-color":"","overlay-opacity":"","overlay-gradient":""}}},"class_list":["post-18908","product","type-product","status-publish","has-post-thumbnail","hentry","product_cat-subwoofer-home-theater","product_cat-elac","desktop-align-center","tablet-align-center","mobile-align-center","ast-product-gallery-layout-horizontal","ast-magnify-disabled","ast-product-tabs-layout-horizontal"],"yoast_head":"<!-- This site is optimized with the Yoast SEO plugin v21.4 - https:\/\/yoast.com\/wordpress\/plugins\/seo\/ -->\n<title>Elac DS123 - hd-multimedia<\/title>\n<meta name=\"description\" content=\"Elac DS123 je aktivni subwoofer Izgra\u0111en s prilago\u0111enim 12&quot; wooferom i visokou\u010dinkovitim poja\u010dalom D klase sa 400W vr\u0161ne snage.\" \/>\n<meta name=\"robots\" content=\"index, follow, max-snippet:-1, max-image-preview:large, max-video-preview:-1\" \/>\n<link rel=\"canonical\" href=\"https:\/\/hd-multimedia.com\/en\/trgovina\/elac-ds123\/\" \/>\n<meta property=\"og:locale\" content=\"en_GB\" \/>\n<meta property=\"og:type\" content=\"article\" \/>\n<meta property=\"og:title\" content=\"Elac DS123 - hd-multimedia\" \/>\n<meta property=\"og:description\" content=\"Elac DS123 je aktivni subwoofer Izgra\u0111en s prilago\u0111enim 12&quot; wooferom i visokou\u010dinkovitim poja\u010dalom D klase sa 400W vr\u0161ne snage.\" \/>\n<meta property=\"og:url\" content=\"https:\/\/hd-multimedia.com\/en\/trgovina\/elac-ds123\/\" \/>\n<meta property=\"og:site_name\" content=\"hd-multimedia\" \/>\n<meta property=\"article:modified_time\" content=\"2026-02-20T10:56:06+00:00\" \/>\n<meta property=\"og:image\" content=\"https:\/\/hd-multimedia.com\/hdm_media\/Elac-DS123-Black-e1757425256304.jpg\" \/>\n\t<meta property=\"og:image:width\" content=\"763\" \/>\n\t<meta property=\"og:image:height\" content=\"763\" \/>\n\t<meta property=\"og:image:type\" content=\"image\/jpeg\" \/>\n<meta name=\"twitter:card\" content=\"summary_large_image\" \/>\n<meta name=\"twitter:label1\" content=\"Estimated reading time\" \/>\n\t<meta name=\"twitter:data1\" content=\"2 minutes\" \/>\n<script type=\"application\/ld+json\" class=\"yoast-schema-graph\">{\"@context\":\"https:\/\/schema.org\",\"@graph\":[{\"@type\":\"WebPage\",\"@id\":\"https:\/\/hd-multimedia.com\/trgovina\/elac-ds123\/\",\"url\":\"https:\/\/hd-multimedia.com\/trgovina\/elac-ds123\/\",\"name\":\"Elac DS123 - hd-multimedia\",\"isPartOf\":{\"@id\":\"https:\/\/hd-multimedia.com\/#website\"},\"datePublished\":\"2025-09-09T12:49:52+00:00\",\"dateModified\":\"2026-02-20T10:56:06+00:00\",\"description\":\"Elac DS123 je aktivni subwoofer Izgra\u0111en s prilago\u0111enim 12\\\" wooferom i visokou\u010dinkovitim poja\u010dalom D klase sa 400W vr\u0161ne snage.\",\"breadcrumb\":{\"@id\":\"https:\/\/hd-multimedia.com\/trgovina\/elac-ds123\/#breadcrumb\"},\"inLanguage\":\"en-GB\",\"potentialAction\":[{\"@type\":\"ReadAction\",\"target\":[\"https:\/\/hd-multimedia.com\/trgovina\/elac-ds123\/\"]}]},{\"@type\":\"BreadcrumbList\",\"@id\":\"https:\/\/hd-multimedia.com\/trgovina\/elac-ds123\/#breadcrumb\",\"itemListElement\":[{\"@type\":\"ListItem\",\"position\":1,\"name\":\"Po\u010detna stranica\",\"item\":\"https:\/\/hd-multimedia.com\/\"},{\"@type\":\"ListItem\",\"position\":2,\"name\":\"Trgovina\",\"item\":\"https:\/\/hd-multimedia.com\/trgovina\/\"},{\"@type\":\"ListItem\",\"position\":3,\"name\":\"Elac DS123\"}]},{\"@type\":\"WebSite\",\"@id\":\"https:\/\/hd-multimedia.com\/#website\",\"url\":\"https:\/\/hd-multimedia.com\/\",\"name\":\"hd-multimedia\",\"description\":\"\",\"publisher\":{\"@id\":\"https:\/\/hd-multimedia.com\/#organization\"},\"potentialAction\":[{\"@type\":\"SearchAction\",\"target\":{\"@type\":\"EntryPoint\",\"urlTemplate\":\"https:\/\/hd-multimedia.com\/?s={search_term_string}\"},\"query-input\":\"required name=search_term_string\"}],\"inLanguage\":\"en-GB\"},{\"@type\":\"Organization\",\"@id\":\"https:\/\/hd-multimedia.com\/#organization\",\"name\":\"hd-multimedia\",\"url\":\"https:\/\/hd-multimedia.com\/\",\"logo\":{\"@type\":\"ImageObject\",\"inLanguage\":\"en-GB\",\"@id\":\"https:\/\/hd-multimedia.com\/#\/schema\/logo\/image\/\",\"url\":\"https:\/\/hd-multimedia.com\/hdm_media\/HD-curves-ok-196-56px-alpha-1.png\",\"contentUrl\":\"https:\/\/hd-multimedia.com\/hdm_media\/HD-curves-ok-196-56px-alpha-1.png\",\"width\":196,\"height\":53,\"caption\":\"hd-multimedia\"},\"image\":{\"@id\":\"https:\/\/hd-multimedia.com\/#\/schema\/logo\/image\/\"}}]}<\/script>\n<!-- \/ Yoast SEO plugin. -->","yoast_head_json":{"title":"Elac DS123 - hd-multimedia","description":"Elac DS123 je aktivni subwoofer Izgra\u0111en s prilago\u0111enim 12\" wooferom i visokou\u010dinkovitim poja\u010dalom D klase sa 400W vr\u0161ne snage.","robots":{"index":"index","follow":"follow","max-snippet":"max-snippet:-1","max-image-preview":"max-image-preview:large","max-video-preview":"max-video-preview:-1"},"canonical":"https:\/\/hd-multimedia.com\/en\/trgovina\/elac-ds123\/","og_locale":"en_GB","og_type":"article","og_title":"Elac DS123 - hd-multimedia","og_description":"Elac DS123 je aktivni subwoofer Izgra\u0111en s prilago\u0111enim 12\" wooferom i visokou\u010dinkovitim poja\u010dalom D klase sa 400W vr\u0161ne snage.","og_url":"https:\/\/hd-multimedia.com\/en\/trgovina\/elac-ds123\/","og_site_name":"hd-multimedia","article_modified_time":"2026-02-20T10:56:06+00:00","og_image":[{"width":763,"height":763,"url":"https:\/\/hd-multimedia.com\/hdm_media\/Elac-DS123-Black-e1757425256304.jpg","type":"image\/jpeg"}],"twitter_card":"summary_large_image","twitter_misc":{"Estimated reading time":"2 minutes"},"schema":{"@context":"https:\/\/schema.org","@graph":[{"@type":"WebPage","@id":"https:\/\/hd-multimedia.com\/trgovina\/elac-ds123\/","url":"https:\/\/hd-multimedia.com\/trgovina\/elac-ds123\/","name":"Elac DS123 - hd-multimedia","isPartOf":{"@id":"https:\/\/hd-multimedia.com\/#website"},"datePublished":"2025-09-09T12:49:52+00:00","dateModified":"2026-02-20T10:56:06+00:00","description":"Elac DS123 je aktivni subwoofer Izgra\u0111en s prilago\u0111enim 12\" wooferom i visokou\u010dinkovitim poja\u010dalom D klase sa 400W vr\u0161ne snage.","breadcrumb":{"@id":"https:\/\/hd-multimedia.com\/trgovina\/elac-ds123\/#breadcrumb"},"inLanguage":"en-GB","potentialAction":[{"@type":"ReadAction","target":["https:\/\/hd-multimedia.com\/trgovina\/elac-ds123\/"]}]},{"@type":"BreadcrumbList","@id":"https:\/\/hd-multimedia.com\/trgovina\/elac-ds123\/#breadcrumb","itemListElement":[{"@type":"ListItem","position":1,"name":"Po\u010detna stranica","item":"https:\/\/hd-multimedia.com\/"},{"@type":"ListItem","position":2,"name":"Trgovina","item":"https:\/\/hd-multimedia.com\/trgovina\/"},{"@type":"ListItem","position":3,"name":"Elac DS123"}]},{"@type":"WebSite","@id":"https:\/\/hd-multimedia.com\/#website","url":"https:\/\/hd-multimedia.com\/","name":"hd-multimedia","description":"","publisher":{"@id":"https:\/\/hd-multimedia.com\/#organization"},"potentialAction":[{"@type":"SearchAction","target":{"@type":"EntryPoint","urlTemplate":"https:\/\/hd-multimedia.com\/?s={search_term_string}"},"query-input":"required name=search_term_string"}],"inLanguage":"en-GB"},{"@type":"Organization","@id":"https:\/\/hd-multimedia.com\/#organization","name":"hd-multimedia","url":"https:\/\/hd-multimedia.com\/","logo":{"@type":"ImageObject","inLanguage":"en-GB","@id":"https:\/\/hd-multimedia.com\/#\/schema\/logo\/image\/","url":"https:\/\/hd-multimedia.com\/hdm_media\/HD-curves-ok-196-56px-alpha-1.png","contentUrl":"https:\/\/hd-multimedia.com\/hdm_media\/HD-curves-ok-196-56px-alpha-1.png","width":196,"height":53,"caption":"hd-multimedia"},"image":{"@id":"https:\/\/hd-multimedia.com\/#\/schema\/logo\/image\/"}}]}},"post_mailing_queue_ids":[],"_links":{"self":[{"href":"https:\/\/hd-multimedia.com\/en\/wp-json\/wp\/v2\/product\/18908","targetHints":{"allow":["GET"]}}],"collection":[{"href":"https:\/\/hd-multimedia.com\/en\/wp-json\/wp\/v2\/product"}],"about":[{"href":"https:\/\/hd-multimedia.com\/en\/wp-json\/wp\/v2\/types\/product"}],"version-history":[{"count":6,"href":"https:\/\/hd-multimedia.com\/en\/wp-json\/wp\/v2\/product\/18908\/revisions"}],"predecessor-version":[{"id":19026,"href":"https:\/\/hd-multimedia.com\/en\/wp-json\/wp\/v2\/product\/18908\/revisions\/19026"}],"wp:featuredmedia":[{"embeddable":true,"href":"https:\/\/hd-multimedia.com\/en\/wp-json\/wp\/v2\/media\/18913"}],"wp:attachment":[{"href":"https:\/\/hd-multimedia.com\/en\/wp-json\/wp\/v2\/media?parent=18908"}],"curies":[{"name":"wp","href":"https:\/\/api.w.org\/{rel}","templated":true}]}}