{"id":18831,"date":"2025-08-18T10:49:19","date_gmt":"2025-08-18T10:49:19","guid":{"rendered":"https:\/\/hd-multimedia.com\/?post_type=product&#038;p=18831"},"modified":"2026-04-10T06:44:30","modified_gmt":"2026-04-10T06:44:30","slug":"fiio-k15","status":"publish","type":"product","link":"https:\/\/hd-multimedia.com\/en\/trgovina\/fiio-k15\/","title":{"rendered":"FiiO K15"},"content":{"rendered":"<p>FiiO equipped the K15 with a professionally designed discrete class AB headphone amplifier circuit. Features OPAMPs + transistor design for current amplification. The K15 contains a pair of ON Semiconductor MJE243G\/253G chips that provide high current gain and low impedance. This setting produces a powerful output that reaches up to 3W per channel. With such an extremely powerful output, the FiiO K15 easily drives full-sized headphones. Its low impedance makes it compatible with high-sensitivity IEMs. We also have five-level adjustable gain for easy pairing with low and high sensitivity audio equipment.<\/p>\n<p>The FiiO K15 is a very versatile device that can be used in multiple scenarios. This includes using the device as a USB DAC, wireless Bluetooth DAC, headphone amplifier, network streamer, local playback and a complete all-in-one solution. We&#039;re pretty sure the FiiO K15 will fit any setup perfectly.<\/p>\n<p><a href=\"https:\/\/www.fiio.com\/k15_parameters\" target=\"_blank\" rel=\"noopener\">Detailed specifications!<\/a><\/p>","protected":false},"excerpt":{"rendered":"<p>FiiO K15 brings an advanced dual DAC chipset with AKM&#039;s latest AK4479SVQ DAC chips. They feature upgraded &quot;Velvet Sound&quot; audio technology, promising silky smooth Hi-Res audio signal processing with ultra-low distortion, wide dynamic range and extended signal bandwidth. These are the latest flagship 32-bit DAC chips developed by AKM.<\/p>\n<p>The FiiO K15 supports Roon Ready and Apple AirPlay 2. Users can use both of these features to freely stream their favorite music whenever they want. The device is powered by the Ingenic X2000 processor chip that offers a smooth user interface, and we also have a colorful touchscreen for easy interaction.<\/p>\n<p><a href=\"https:\/\/www.fiio.com\/k15\" target=\"_blank\" rel=\"noopener\">Link for additional product information!<\/a><\/p>","protected":false},"featured_media":18842,"template":"","meta":{"site-sidebar-layout":"default","site-content-layout":"","ast-site-content-layout":"default","site-content-style":"default","site-sidebar-style":"default","ast-global-header-display":"","ast-banner-title-visibility":"","ast-main-header-display":"","ast-hfb-above-header-display":"","ast-hfb-below-header-display":"","ast-hfb-mobile-header-display":"","site-post-title":"","ast-breadcrumbs-content":"","ast-featured-img":"","footer-sml-layout":"","theme-transparent-header-meta":"default","adv-header-id-meta":"","stick-header-meta":"default","header-above-stick-meta":"","header-main-stick-meta":"","header-below-stick-meta":"","astra-migrate-meta-layouts":"set","ast-page-background-enabled":"default","ast-page-background-meta":{"desktop":{"background-color":"","background-image":"","background-repeat":"repeat","background-position":"center center","background-size":"auto","background-attachment":"scroll","background-type":"","background-media":"","overlay-type":"","overlay-color":"","overlay-opacity":"","overlay-gradient":""},"tablet":{"background-color":"","background-image":"","background-repeat":"repeat","background-position":"center center","background-size":"auto","background-attachment":"scroll","background-type":"","background-media":"","overlay-type":"","overlay-color":"","overlay-opacity":"","overlay-gradient":""},"mobile":{"background-color":"","background-image":"","background-repeat":"repeat","background-position":"center center","background-size":"auto","background-attachment":"scroll","background-type":"","background-media":"","overlay-type":"","overlay-color":"","overlay-opacity":"","overlay-gradient":""}},"ast-content-background-meta":{"desktop":{"background-color":"var(--ast-global-color-5)","background-image":"","background-repeat":"repeat","background-position":"center center","background-size":"auto","background-attachment":"scroll","background-type":"","background-media":"","overlay-type":"","overlay-color":"","overlay-opacity":"","overlay-gradient":""},"tablet":{"background-color":"var(--ast-global-color-5)","background-image":"","background-repeat":"repeat","background-position":"center center","background-size":"auto","background-attachment":"scroll","background-type":"","background-media":"","overlay-type":"","overlay-color":"","overlay-opacity":"","overlay-gradient":""},"mobile":{"background-color":"var(--ast-global-color-5)","background-image":"","background-repeat":"repeat","background-position":"center center","background-size":"auto","background-attachment":"scroll","background-type":"","background-media":"","overlay-type":"","overlay-color":"","overlay-opacity":"","overlay-gradient":""}}},"class_list":["post-18831","product","type-product","status-publish","has-post-thumbnail","hentry","product_cat-streameri","product_cat-pojacala-za-slusalice","product_cat-fiio","desktop-align-center","tablet-align-center","mobile-align-center","ast-product-gallery-layout-horizontal","ast-magnify-disabled","ast-product-single-variable","ast-product-tabs-layout-horizontal"],"yoast_head":"<!-- This site is optimized with the Yoast SEO plugin v21.4 - https:\/\/yoast.com\/wordpress\/plugins\/seo\/ -->\n<title>FiiO K15 - hd-multimedia<\/title>\n<meta name=\"description\" content=\"FiiO K15 donosi napredni dvostruki DAC \u010dipset s najnovijim AKM-ovim AK4479SVQ DAC \u010dipovima. Imaju nadogra\u0111enu audio tehnologiju \u201eVelvet Sound\u201c\" \/>\n<meta name=\"robots\" content=\"index, follow, max-snippet:-1, max-image-preview:large, max-video-preview:-1\" \/>\n<link rel=\"canonical\" href=\"https:\/\/hd-multimedia.com\/en\/trgovina\/fiio-k15\/\" \/>\n<meta property=\"og:locale\" content=\"en_GB\" \/>\n<meta property=\"og:type\" content=\"article\" \/>\n<meta property=\"og:title\" content=\"FiiO K15 - hd-multimedia\" \/>\n<meta property=\"og:description\" content=\"FiiO K15 donosi napredni dvostruki DAC \u010dipset s najnovijim AKM-ovim AK4479SVQ DAC \u010dipovima. Imaju nadogra\u0111enu audio tehnologiju \u201eVelvet Sound\u201c\" \/>\n<meta property=\"og:url\" content=\"https:\/\/hd-multimedia.com\/en\/trgovina\/fiio-k15\/\" \/>\n<meta property=\"og:site_name\" content=\"hd-multimedia\" \/>\n<meta property=\"article:modified_time\" content=\"2026-04-10T06:44:30+00:00\" \/>\n<meta property=\"og:image\" content=\"https:\/\/hd-multimedia.com\/hdm_media\/FiiO-K15-Silver-e1755520167225.png\" \/>\n\t<meta property=\"og:image:width\" content=\"946\" \/>\n\t<meta property=\"og:image:height\" content=\"946\" \/>\n\t<meta property=\"og:image:type\" content=\"image\/png\" \/>\n<meta name=\"twitter:card\" content=\"summary_large_image\" \/>\n<meta name=\"twitter:label1\" content=\"Estimated reading time\" \/>\n\t<meta name=\"twitter:data1\" content=\"1 minute\" \/>\n<script type=\"application\/ld+json\" class=\"yoast-schema-graph\">{\"@context\":\"https:\/\/schema.org\",\"@graph\":[{\"@type\":\"WebPage\",\"@id\":\"https:\/\/hd-multimedia.com\/trgovina\/fiio-k15\/\",\"url\":\"https:\/\/hd-multimedia.com\/trgovina\/fiio-k15\/\",\"name\":\"FiiO K15 - hd-multimedia\",\"isPartOf\":{\"@id\":\"https:\/\/hd-multimedia.com\/#website\"},\"datePublished\":\"2025-08-18T10:49:19+00:00\",\"dateModified\":\"2026-04-10T06:44:30+00:00\",\"description\":\"FiiO K15 donosi napredni dvostruki DAC \u010dipset s najnovijim AKM-ovim AK4479SVQ DAC \u010dipovima. Imaju nadogra\u0111enu audio tehnologiju \u201eVelvet Sound\u201c\",\"breadcrumb\":{\"@id\":\"https:\/\/hd-multimedia.com\/trgovina\/fiio-k15\/#breadcrumb\"},\"inLanguage\":\"en-GB\",\"potentialAction\":[{\"@type\":\"ReadAction\",\"target\":[\"https:\/\/hd-multimedia.com\/trgovina\/fiio-k15\/\"]}]},{\"@type\":\"BreadcrumbList\",\"@id\":\"https:\/\/hd-multimedia.com\/trgovina\/fiio-k15\/#breadcrumb\",\"itemListElement\":[{\"@type\":\"ListItem\",\"position\":1,\"name\":\"Po\u010detna stranica\",\"item\":\"https:\/\/hd-multimedia.com\/\"},{\"@type\":\"ListItem\",\"position\":2,\"name\":\"Trgovina\",\"item\":\"https:\/\/hd-multimedia.com\/trgovina\/\"},{\"@type\":\"ListItem\",\"position\":3,\"name\":\"FiiO K15\"}]},{\"@type\":\"WebSite\",\"@id\":\"https:\/\/hd-multimedia.com\/#website\",\"url\":\"https:\/\/hd-multimedia.com\/\",\"name\":\"hd-multimedia\",\"description\":\"\",\"publisher\":{\"@id\":\"https:\/\/hd-multimedia.com\/#organization\"},\"potentialAction\":[{\"@type\":\"SearchAction\",\"target\":{\"@type\":\"EntryPoint\",\"urlTemplate\":\"https:\/\/hd-multimedia.com\/?s={search_term_string}\"},\"query-input\":\"required name=search_term_string\"}],\"inLanguage\":\"en-GB\"},{\"@type\":\"Organization\",\"@id\":\"https:\/\/hd-multimedia.com\/#organization\",\"name\":\"hd-multimedia\",\"url\":\"https:\/\/hd-multimedia.com\/\",\"logo\":{\"@type\":\"ImageObject\",\"inLanguage\":\"en-GB\",\"@id\":\"https:\/\/hd-multimedia.com\/#\/schema\/logo\/image\/\",\"url\":\"https:\/\/hd-multimedia.com\/hdm_media\/HD-curves-ok-196-56px-alpha-1.png\",\"contentUrl\":\"https:\/\/hd-multimedia.com\/hdm_media\/HD-curves-ok-196-56px-alpha-1.png\",\"width\":196,\"height\":53,\"caption\":\"hd-multimedia\"},\"image\":{\"@id\":\"https:\/\/hd-multimedia.com\/#\/schema\/logo\/image\/\"}}]}<\/script>\n<!-- \/ Yoast SEO plugin. -->","yoast_head_json":{"title":"FiiO K15 - hd-multimedia","description":"FiiO K15 donosi napredni dvostruki DAC \u010dipset s najnovijim AKM-ovim AK4479SVQ DAC \u010dipovima. Imaju nadogra\u0111enu audio tehnologiju \u201eVelvet Sound\u201c","robots":{"index":"index","follow":"follow","max-snippet":"max-snippet:-1","max-image-preview":"max-image-preview:large","max-video-preview":"max-video-preview:-1"},"canonical":"https:\/\/hd-multimedia.com\/en\/trgovina\/fiio-k15\/","og_locale":"en_GB","og_type":"article","og_title":"FiiO K15 - hd-multimedia","og_description":"FiiO K15 donosi napredni dvostruki DAC \u010dipset s najnovijim AKM-ovim AK4479SVQ DAC \u010dipovima. Imaju nadogra\u0111enu audio tehnologiju \u201eVelvet Sound\u201c","og_url":"https:\/\/hd-multimedia.com\/en\/trgovina\/fiio-k15\/","og_site_name":"hd-multimedia","article_modified_time":"2026-04-10T06:44:30+00:00","og_image":[{"width":946,"height":946,"url":"https:\/\/hd-multimedia.com\/hdm_media\/FiiO-K15-Silver-e1755520167225.png","type":"image\/png"}],"twitter_card":"summary_large_image","twitter_misc":{"Estimated reading time":"1 minute"},"schema":{"@context":"https:\/\/schema.org","@graph":[{"@type":"WebPage","@id":"https:\/\/hd-multimedia.com\/trgovina\/fiio-k15\/","url":"https:\/\/hd-multimedia.com\/trgovina\/fiio-k15\/","name":"FiiO K15 - hd-multimedia","isPartOf":{"@id":"https:\/\/hd-multimedia.com\/#website"},"datePublished":"2025-08-18T10:49:19+00:00","dateModified":"2026-04-10T06:44:30+00:00","description":"FiiO K15 donosi napredni dvostruki DAC \u010dipset s najnovijim AKM-ovim AK4479SVQ DAC \u010dipovima. Imaju nadogra\u0111enu audio tehnologiju \u201eVelvet Sound\u201c","breadcrumb":{"@id":"https:\/\/hd-multimedia.com\/trgovina\/fiio-k15\/#breadcrumb"},"inLanguage":"en-GB","potentialAction":[{"@type":"ReadAction","target":["https:\/\/hd-multimedia.com\/trgovina\/fiio-k15\/"]}]},{"@type":"BreadcrumbList","@id":"https:\/\/hd-multimedia.com\/trgovina\/fiio-k15\/#breadcrumb","itemListElement":[{"@type":"ListItem","position":1,"name":"Po\u010detna stranica","item":"https:\/\/hd-multimedia.com\/"},{"@type":"ListItem","position":2,"name":"Trgovina","item":"https:\/\/hd-multimedia.com\/trgovina\/"},{"@type":"ListItem","position":3,"name":"FiiO K15"}]},{"@type":"WebSite","@id":"https:\/\/hd-multimedia.com\/#website","url":"https:\/\/hd-multimedia.com\/","name":"hd-multimedia","description":"","publisher":{"@id":"https:\/\/hd-multimedia.com\/#organization"},"potentialAction":[{"@type":"SearchAction","target":{"@type":"EntryPoint","urlTemplate":"https:\/\/hd-multimedia.com\/?s={search_term_string}"},"query-input":"required name=search_term_string"}],"inLanguage":"en-GB"},{"@type":"Organization","@id":"https:\/\/hd-multimedia.com\/#organization","name":"hd-multimedia","url":"https:\/\/hd-multimedia.com\/","logo":{"@type":"ImageObject","inLanguage":"en-GB","@id":"https:\/\/hd-multimedia.com\/#\/schema\/logo\/image\/","url":"https:\/\/hd-multimedia.com\/hdm_media\/HD-curves-ok-196-56px-alpha-1.png","contentUrl":"https:\/\/hd-multimedia.com\/hdm_media\/HD-curves-ok-196-56px-alpha-1.png","width":196,"height":53,"caption":"hd-multimedia"},"image":{"@id":"https:\/\/hd-multimedia.com\/#\/schema\/logo\/image\/"}}]}},"post_mailing_queue_ids":[],"_links":{"self":[{"href":"https:\/\/hd-multimedia.com\/en\/wp-json\/wp\/v2\/product\/18831","targetHints":{"allow":["GET"]}}],"collection":[{"href":"https:\/\/hd-multimedia.com\/en\/wp-json\/wp\/v2\/product"}],"about":[{"href":"https:\/\/hd-multimedia.com\/en\/wp-json\/wp\/v2\/types\/product"}],"version-history":[{"count":2,"href":"https:\/\/hd-multimedia.com\/en\/wp-json\/wp\/v2\/product\/18831\/revisions"}],"predecessor-version":[{"id":18844,"href":"https:\/\/hd-multimedia.com\/en\/wp-json\/wp\/v2\/product\/18831\/revisions\/18844"}],"wp:featuredmedia":[{"embeddable":true,"href":"https:\/\/hd-multimedia.com\/en\/wp-json\/wp\/v2\/media\/18842"}],"wp:attachment":[{"href":"https:\/\/hd-multimedia.com\/en\/wp-json\/wp\/v2\/media?parent=18831"}],"curies":[{"name":"wp","href":"https:\/\/api.w.org\/{rel}","templated":true}]}}