{"id":18806,"date":"2025-08-14T09:33:56","date_gmt":"2025-08-14T09:33:56","guid":{"rendered":"https:\/\/hd-multimedia.com\/?post_type=product&#038;p=18806"},"modified":"2026-02-11T12:35:15","modified_gmt":"2026-02-11T12:35:15","slug":"topping-a900","status":"publish","type":"product","link":"https:\/\/hd-multimedia.com\/en\/trgovina\/topping-a900\/","title":{"rendered":"Topping A900"},"content":{"rendered":"<p>T&#039;ANG-KU-LA ARCHITECTURE:<br \/>\nAt the heart of the A900 is the patented three-stage T&#039;ang-ku-la feedback circuit. It uses six channels of fully differential amplification to maintain balance from source to output. This design reduces circuit noise and high-frequency distortion, while increasing reliability and reducing thermal noise. The result is a wider dynamic range, cooler operation, and a sound that remains clean and controlled. With nearly 22,000 mW per channel at 16 \u03a9, the Topping A900 has room for even the most demanding headphones.<\/p>\n<p>The Topping A900 features a 2-inch color display that provides useful information and real-time playback details, an FFT spectrum or a VU meter. You can choose from nine background colors and easily switch between display modes. On the right side, three touch buttons and a responsive knob allow you to quickly and easily navigate and manage settings.<\/p>\n<p><strong>Features of Topping A900:<\/strong><\/p>\n<p>Six-channel T&#039;ang-ku-la circuit with patented three-stage feedback<br \/>\nFully balanced differential architecture<br \/>\nOutput power 22,000 mW x2 @16\u03a9<br \/>\nTHD+N &lt;0.00003% across the entire bandwidth (90kBW)<br \/>\nSNR\/DNR up to 151 dB<br \/>\nBalanced volume control via relay with 0.5 dB steps<br \/>\nSix headphone outputs: 6.35mm, 4.4mm, 4-pin XLR, dual 3-pin XLR<br \/>\nSupports independent or simultaneous output configurations<br \/>\nPreamp mode with balanced XLR outputs<br \/>\nColor display with customizable modes and colors<br \/>\nPremium Neutrik and Pentaconn connectors<br \/>\nIsolated power supply for analog\/digital circuits<br \/>\nPrecision machined aluminum remote control<\/p>\n<p>&nbsp;<\/p>","protected":false},"excerpt":{"rendered":"<p>The Topping A900 is a premium headphone amplifier designed for listeners who want massive power, sonic precision and the satisfaction of fully balanced reference-level sound. With a six-channel T&#039;ang-ku-la circuit, true differential architecture, a signal-to-noise ratio of 151 dB and a peak output power of 22,000 mW x2 at 16\u03a9, the A900 delivers clean, powerful sound and outstanding control over any pair of headphones or monitors.<\/p>\n<p>The Topping A900 offers six physical headphone outputs, including 6.35mm single-ended, 4.4mm balanced, 4-pin XLR balanced, and dual 3-pin balanced. Premium connectors from Neutrik and Pentaconn ensure a solid and reliable connection. The outputs can be configured as independent or simultaneous, so you can test or monitor multiple headphones without having to swap cables.<\/p>\n<p><a href=\"https:\/\/www.toppingaudio.com\/product-item\/a900\" target=\"_blank\" rel=\"noopener\">Link for additional product information!<\/a><\/p>","protected":false},"featured_media":18822,"template":"","meta":{"site-sidebar-layout":"default","site-content-layout":"","ast-site-content-layout":"default","site-content-style":"default","site-sidebar-style":"default","ast-global-header-display":"","ast-banner-title-visibility":"","ast-main-header-display":"","ast-hfb-above-header-display":"","ast-hfb-below-header-display":"","ast-hfb-mobile-header-display":"","site-post-title":"","ast-breadcrumbs-content":"","ast-featured-img":"","footer-sml-layout":"","theme-transparent-header-meta":"default","adv-header-id-meta":"","stick-header-meta":"default","header-above-stick-meta":"","header-main-stick-meta":"","header-below-stick-meta":"","astra-migrate-meta-layouts":"set","ast-page-background-enabled":"default","ast-page-background-meta":{"desktop":{"background-color":"","background-image":"","background-repeat":"repeat","background-position":"center center","background-size":"auto","background-attachment":"scroll","background-type":"","background-media":"","overlay-type":"","overlay-color":"","overlay-opacity":"","overlay-gradient":""},"tablet":{"background-color":"","background-image":"","background-repeat":"repeat","background-position":"center center","background-size":"auto","background-attachment":"scroll","background-type":"","background-media":"","overlay-type":"","overlay-color":"","overlay-opacity":"","overlay-gradient":""},"mobile":{"background-color":"","background-image":"","background-repeat":"repeat","background-position":"center center","background-size":"auto","background-attachment":"scroll","background-type":"","background-media":"","overlay-type":"","overlay-color":"","overlay-opacity":"","overlay-gradient":""}},"ast-content-background-meta":{"desktop":{"background-color":"var(--ast-global-color-5)","background-image":"","background-repeat":"repeat","background-position":"center center","background-size":"auto","background-attachment":"scroll","background-type":"","background-media":"","overlay-type":"","overlay-color":"","overlay-opacity":"","overlay-gradient":""},"tablet":{"background-color":"var(--ast-global-color-5)","background-image":"","background-repeat":"repeat","background-position":"center center","background-size":"auto","background-attachment":"scroll","background-type":"","background-media":"","overlay-type":"","overlay-color":"","overlay-opacity":"","overlay-gradient":""},"mobile":{"background-color":"var(--ast-global-color-5)","background-image":"","background-repeat":"repeat","background-position":"center center","background-size":"auto","background-attachment":"scroll","background-type":"","background-media":"","overlay-type":"","overlay-color":"","overlay-opacity":"","overlay-gradient":""}}},"class_list":["post-18806","product","type-product","status-publish","has-post-thumbnail","hentry","product_cat-pojacala-za-slusalice","product_cat-topping","product_tag-novo-u-ponudi","desktop-align-center","tablet-align-center","mobile-align-center","ast-product-gallery-layout-horizontal","ast-magnify-disabled","ast-product-tabs-layout-horizontal"],"yoast_head":"<!-- This site is optimized with the Yoast SEO plugin v21.4 - https:\/\/yoast.com\/wordpress\/plugins\/seo\/ -->\n<title>Topping A900 - hd-multimedia<\/title>\n<meta name=\"description\" content=\"Topping A900 je vrhunsko poja\u010dalo za slu\u0161alice dizajnirano za slu\u0161atelje koji \u017eele masivnu snagu, zvu\u010dnu preciznost i zadovoljstvo.\" \/>\n<meta name=\"robots\" content=\"index, follow, max-snippet:-1, max-image-preview:large, max-video-preview:-1\" \/>\n<link rel=\"canonical\" href=\"https:\/\/hd-multimedia.com\/en\/trgovina\/topping-a900\/\" \/>\n<meta property=\"og:locale\" content=\"en_GB\" \/>\n<meta property=\"og:type\" content=\"article\" \/>\n<meta property=\"og:title\" content=\"Topping A900 - hd-multimedia\" \/>\n<meta property=\"og:description\" content=\"Topping A900 je vrhunsko poja\u010dalo za slu\u0161alice dizajnirano za slu\u0161atelje koji \u017eele masivnu snagu, zvu\u010dnu preciznost i zadovoljstvo.\" \/>\n<meta property=\"og:url\" content=\"https:\/\/hd-multimedia.com\/en\/trgovina\/topping-a900\/\" \/>\n<meta property=\"og:site_name\" content=\"hd-multimedia\" \/>\n<meta property=\"article:modified_time\" content=\"2026-02-11T12:35:15+00:00\" \/>\n<meta property=\"og:image\" content=\"https:\/\/hd-multimedia.com\/hdm_media\/Topping-A900-Silver-e1755174592702.png\" \/>\n\t<meta property=\"og:image:width\" content=\"904\" \/>\n\t<meta property=\"og:image:height\" content=\"903\" \/>\n\t<meta property=\"og:image:type\" content=\"image\/png\" \/>\n<meta name=\"twitter:card\" content=\"summary_large_image\" \/>\n<meta name=\"twitter:label1\" content=\"Estimated reading time\" \/>\n\t<meta name=\"twitter:data1\" content=\"2 minutes\" \/>\n<script type=\"application\/ld+json\" class=\"yoast-schema-graph\">{\"@context\":\"https:\/\/schema.org\",\"@graph\":[{\"@type\":\"WebPage\",\"@id\":\"https:\/\/hd-multimedia.com\/trgovina\/topping-a900\/\",\"url\":\"https:\/\/hd-multimedia.com\/trgovina\/topping-a900\/\",\"name\":\"Topping A900 - hd-multimedia\",\"isPartOf\":{\"@id\":\"https:\/\/hd-multimedia.com\/#website\"},\"datePublished\":\"2025-08-14T09:33:56+00:00\",\"dateModified\":\"2026-02-11T12:35:15+00:00\",\"description\":\"Topping A900 je vrhunsko poja\u010dalo za slu\u0161alice dizajnirano za slu\u0161atelje koji \u017eele masivnu snagu, zvu\u010dnu preciznost i zadovoljstvo.\",\"breadcrumb\":{\"@id\":\"https:\/\/hd-multimedia.com\/trgovina\/topping-a900\/#breadcrumb\"},\"inLanguage\":\"en-GB\",\"potentialAction\":[{\"@type\":\"ReadAction\",\"target\":[\"https:\/\/hd-multimedia.com\/trgovina\/topping-a900\/\"]}]},{\"@type\":\"BreadcrumbList\",\"@id\":\"https:\/\/hd-multimedia.com\/trgovina\/topping-a900\/#breadcrumb\",\"itemListElement\":[{\"@type\":\"ListItem\",\"position\":1,\"name\":\"Po\u010detna stranica\",\"item\":\"https:\/\/hd-multimedia.com\/\"},{\"@type\":\"ListItem\",\"position\":2,\"name\":\"Trgovina\",\"item\":\"https:\/\/hd-multimedia.com\/trgovina\/\"},{\"@type\":\"ListItem\",\"position\":3,\"name\":\"Topping A900\"}]},{\"@type\":\"WebSite\",\"@id\":\"https:\/\/hd-multimedia.com\/#website\",\"url\":\"https:\/\/hd-multimedia.com\/\",\"name\":\"hd-multimedia\",\"description\":\"\",\"publisher\":{\"@id\":\"https:\/\/hd-multimedia.com\/#organization\"},\"potentialAction\":[{\"@type\":\"SearchAction\",\"target\":{\"@type\":\"EntryPoint\",\"urlTemplate\":\"https:\/\/hd-multimedia.com\/?s={search_term_string}\"},\"query-input\":\"required name=search_term_string\"}],\"inLanguage\":\"en-GB\"},{\"@type\":\"Organization\",\"@id\":\"https:\/\/hd-multimedia.com\/#organization\",\"name\":\"hd-multimedia\",\"url\":\"https:\/\/hd-multimedia.com\/\",\"logo\":{\"@type\":\"ImageObject\",\"inLanguage\":\"en-GB\",\"@id\":\"https:\/\/hd-multimedia.com\/#\/schema\/logo\/image\/\",\"url\":\"https:\/\/hd-multimedia.com\/hdm_media\/HD-curves-ok-196-56px-alpha-1.png\",\"contentUrl\":\"https:\/\/hd-multimedia.com\/hdm_media\/HD-curves-ok-196-56px-alpha-1.png\",\"width\":196,\"height\":53,\"caption\":\"hd-multimedia\"},\"image\":{\"@id\":\"https:\/\/hd-multimedia.com\/#\/schema\/logo\/image\/\"}}]}<\/script>\n<!-- \/ Yoast SEO plugin. -->","yoast_head_json":{"title":"Topping A900 - hd-multimedia","description":"Topping A900 je vrhunsko poja\u010dalo za slu\u0161alice dizajnirano za slu\u0161atelje koji \u017eele masivnu snagu, zvu\u010dnu preciznost i zadovoljstvo.","robots":{"index":"index","follow":"follow","max-snippet":"max-snippet:-1","max-image-preview":"max-image-preview:large","max-video-preview":"max-video-preview:-1"},"canonical":"https:\/\/hd-multimedia.com\/en\/trgovina\/topping-a900\/","og_locale":"en_GB","og_type":"article","og_title":"Topping A900 - hd-multimedia","og_description":"Topping A900 je vrhunsko poja\u010dalo za slu\u0161alice dizajnirano za slu\u0161atelje koji \u017eele masivnu snagu, zvu\u010dnu preciznost i zadovoljstvo.","og_url":"https:\/\/hd-multimedia.com\/en\/trgovina\/topping-a900\/","og_site_name":"hd-multimedia","article_modified_time":"2026-02-11T12:35:15+00:00","og_image":[{"width":904,"height":903,"url":"https:\/\/hd-multimedia.com\/hdm_media\/Topping-A900-Silver-e1755174592702.png","type":"image\/png"}],"twitter_card":"summary_large_image","twitter_misc":{"Estimated reading time":"2 minutes"},"schema":{"@context":"https:\/\/schema.org","@graph":[{"@type":"WebPage","@id":"https:\/\/hd-multimedia.com\/trgovina\/topping-a900\/","url":"https:\/\/hd-multimedia.com\/trgovina\/topping-a900\/","name":"Topping A900 - hd-multimedia","isPartOf":{"@id":"https:\/\/hd-multimedia.com\/#website"},"datePublished":"2025-08-14T09:33:56+00:00","dateModified":"2026-02-11T12:35:15+00:00","description":"Topping A900 je vrhunsko poja\u010dalo za slu\u0161alice dizajnirano za slu\u0161atelje koji \u017eele masivnu snagu, zvu\u010dnu preciznost i zadovoljstvo.","breadcrumb":{"@id":"https:\/\/hd-multimedia.com\/trgovina\/topping-a900\/#breadcrumb"},"inLanguage":"en-GB","potentialAction":[{"@type":"ReadAction","target":["https:\/\/hd-multimedia.com\/trgovina\/topping-a900\/"]}]},{"@type":"BreadcrumbList","@id":"https:\/\/hd-multimedia.com\/trgovina\/topping-a900\/#breadcrumb","itemListElement":[{"@type":"ListItem","position":1,"name":"Po\u010detna stranica","item":"https:\/\/hd-multimedia.com\/"},{"@type":"ListItem","position":2,"name":"Trgovina","item":"https:\/\/hd-multimedia.com\/trgovina\/"},{"@type":"ListItem","position":3,"name":"Topping A900"}]},{"@type":"WebSite","@id":"https:\/\/hd-multimedia.com\/#website","url":"https:\/\/hd-multimedia.com\/","name":"hd-multimedia","description":"","publisher":{"@id":"https:\/\/hd-multimedia.com\/#organization"},"potentialAction":[{"@type":"SearchAction","target":{"@type":"EntryPoint","urlTemplate":"https:\/\/hd-multimedia.com\/?s={search_term_string}"},"query-input":"required name=search_term_string"}],"inLanguage":"en-GB"},{"@type":"Organization","@id":"https:\/\/hd-multimedia.com\/#organization","name":"hd-multimedia","url":"https:\/\/hd-multimedia.com\/","logo":{"@type":"ImageObject","inLanguage":"en-GB","@id":"https:\/\/hd-multimedia.com\/#\/schema\/logo\/image\/","url":"https:\/\/hd-multimedia.com\/hdm_media\/HD-curves-ok-196-56px-alpha-1.png","contentUrl":"https:\/\/hd-multimedia.com\/hdm_media\/HD-curves-ok-196-56px-alpha-1.png","width":196,"height":53,"caption":"hd-multimedia"},"image":{"@id":"https:\/\/hd-multimedia.com\/#\/schema\/logo\/image\/"}}]}},"post_mailing_queue_ids":[],"_links":{"self":[{"href":"https:\/\/hd-multimedia.com\/en\/wp-json\/wp\/v2\/product\/18806","targetHints":{"allow":["GET"]}}],"collection":[{"href":"https:\/\/hd-multimedia.com\/en\/wp-json\/wp\/v2\/product"}],"about":[{"href":"https:\/\/hd-multimedia.com\/en\/wp-json\/wp\/v2\/types\/product"}],"version-history":[{"count":4,"href":"https:\/\/hd-multimedia.com\/en\/wp-json\/wp\/v2\/product\/18806\/revisions"}],"predecessor-version":[{"id":18826,"href":"https:\/\/hd-multimedia.com\/en\/wp-json\/wp\/v2\/product\/18806\/revisions\/18826"}],"wp:featuredmedia":[{"embeddable":true,"href":"https:\/\/hd-multimedia.com\/en\/wp-json\/wp\/v2\/media\/18822"}],"wp:attachment":[{"href":"https:\/\/hd-multimedia.com\/en\/wp-json\/wp\/v2\/media?parent=18806"}],"curies":[{"name":"wp","href":"https:\/\/api.w.org\/{rel}","templated":true}]}}