{"id":18723,"date":"2025-07-21T13:18:05","date_gmt":"2025-07-21T13:18:05","guid":{"rendered":"https:\/\/hd-multimedia.com\/?post_type=product&#038;p=18723"},"modified":"2026-02-20T10:55:34","modified_gmt":"2026-02-20T10:55:34","slug":"elac-muro-outdoor-m81","status":"publish","type":"product","link":"https:\/\/hd-multimedia.com\/en\/trgovina\/elac-muro-outdoor-m81\/","title":{"rendered":"Elac Muro Outdoor M81"},"content":{"rendered":"<p>Elac Muro Outdoor M81 Designed for outdoor use with IP66 protection, this speaker features removable plugs that allow you to switch between a closed configuration for maximum weather resistance and a ported configuration for bass enhancement when conditions permit. Transform the design into a ported configuration for enhanced bass when weather conditions permit.<\/p>\n<p>It offers exceptional versatility and flexibility with the included bracket, allowing for seamless vertical, horizontal, wall, ceiling or corner mounting for any installation need.<\/p>\n<p><strong>Specifications:<\/strong><\/p>\n<p>Model OD-M81<br \/>\nSpeaker type: 2-way, closed\/plug-in<br \/>\nFrequency response: -3 dB: 70 to 20 kHz<br \/>\nFrequency response: -6 dB: 55 to 20 kHz<br \/>\nNominal impedance: 8 \u03a9<br \/>\nSensitivity @2.83 v\/1 m 87 dB<br \/>\nCrossover frequency: 2160 Hz<br \/>\nRecommended amplifier power: 30 \u2013 180 W<br \/>\nNominal\/peak power: 100\/150 W<br \/>\nTweeter: 25 mm silk dome tweeter with double-layer copper-clad aluminum voice coil<br \/>\nWoofer: 8\u201d 25 mm polypropylene cone, rubber surround<br \/>\nHousing: UV-resistant plastic<br \/>\nConnection: Closed with connection option<br \/>\nSpeaker connection: 5-way connection terminals<br \/>\nWidth (mm) 9.84\/250<br \/>\nHeight (mm) mm) 15.35\/390<br \/>\nDepth (in \/ mm) 11.2\/285<br \/>\nNet weight: 5.0 kg<\/p>","protected":false},"excerpt":{"rendered":"<p>The Elac Muro Outdoor M81 is an outdoor wall speaker with a modern design and exceptional versatility. With a clean, sleek profile without large visible buttons, this speaker integrates seamlessly into any environment, indoors or outdoors. Designed for durability, it&#039;s IP66 rated to withstand the elements, while removable plugs allow you to transform the design into a ported configuration for enhanced bass performance when the weather permits. With its refined aesthetics and innovative functionality, the Muro outdoor wall speaker is the perfect combination of style, adaptability and superior sound quality.<\/p>\n<p>The price refers to a pair of speakers.<\/p>\n<p><a href=\"https:\/\/elac.com\/od-m81-bk\" target=\"_blank\" rel=\"noopener\">Link for additional product information!<\/a><\/p>","protected":false},"featured_media":18743,"template":"","meta":{"site-sidebar-layout":"default","site-content-layout":"","ast-site-content-layout":"default","site-content-style":"default","site-sidebar-style":"default","ast-global-header-display":"","ast-banner-title-visibility":"","ast-main-header-display":"","ast-hfb-above-header-display":"","ast-hfb-below-header-display":"","ast-hfb-mobile-header-display":"","site-post-title":"","ast-breadcrumbs-content":"","ast-featured-img":"","footer-sml-layout":"","theme-transparent-header-meta":"default","adv-header-id-meta":"","stick-header-meta":"default","header-above-stick-meta":"","header-main-stick-meta":"","header-below-stick-meta":"","astra-migrate-meta-layouts":"set","ast-page-background-enabled":"default","ast-page-background-meta":{"desktop":{"background-color":"","background-image":"","background-repeat":"repeat","background-position":"center center","background-size":"auto","background-attachment":"scroll","background-type":"","background-media":"","overlay-type":"","overlay-color":"","overlay-opacity":"","overlay-gradient":""},"tablet":{"background-color":"","background-image":"","background-repeat":"repeat","background-position":"center center","background-size":"auto","background-attachment":"scroll","background-type":"","background-media":"","overlay-type":"","overlay-color":"","overlay-opacity":"","overlay-gradient":""},"mobile":{"background-color":"","background-image":"","background-repeat":"repeat","background-position":"center center","background-size":"auto","background-attachment":"scroll","background-type":"","background-media":"","overlay-type":"","overlay-color":"","overlay-opacity":"","overlay-gradient":""}},"ast-content-background-meta":{"desktop":{"background-color":"var(--ast-global-color-5)","background-image":"","background-repeat":"repeat","background-position":"center center","background-size":"auto","background-attachment":"scroll","background-type":"","background-media":"","overlay-type":"","overlay-color":"","overlay-opacity":"","overlay-gradient":""},"tablet":{"background-color":"var(--ast-global-color-5)","background-image":"","background-repeat":"repeat","background-position":"center center","background-size":"auto","background-attachment":"scroll","background-type":"","background-media":"","overlay-type":"","overlay-color":"","overlay-opacity":"","overlay-gradient":""},"mobile":{"background-color":"var(--ast-global-color-5)","background-image":"","background-repeat":"repeat","background-position":"center center","background-size":"auto","background-attachment":"scroll","background-type":"","background-media":"","overlay-type":"","overlay-color":"","overlay-opacity":"","overlay-gradient":""}}},"class_list":["post-18723","product","type-product","status-publish","has-post-thumbnail","hentry","product_cat-pasivne-zvucne-kutije","product_cat-elac","desktop-align-center","tablet-align-center","mobile-align-center","ast-product-gallery-layout-horizontal","ast-magnify-disabled","ast-product-tabs-layout-horizontal"],"yoast_head":"<!-- This site is optimized with the Yoast SEO plugin v21.4 - https:\/\/yoast.com\/wordpress\/plugins\/seo\/ -->\n<title>Elac Muro Outdoor M81 - hd-multimedia<\/title>\n<meta name=\"description\" content=\"Elac Muro Outdoor M81 je vanjski zidni zvu\u010dnik modernog dizajna s iznimnom svestrano\u0161\u0107u. S \u010distim, elegantnim profilom bez velikih vidljivih gumba.\" \/>\n<meta name=\"robots\" content=\"index, follow, max-snippet:-1, max-image-preview:large, max-video-preview:-1\" \/>\n<link rel=\"canonical\" href=\"https:\/\/hd-multimedia.com\/en\/trgovina\/elac-muro-outdoor-m81\/\" \/>\n<meta property=\"og:locale\" content=\"en_GB\" \/>\n<meta property=\"og:type\" content=\"article\" \/>\n<meta property=\"og:title\" content=\"Elac Muro Outdoor M81 - hd-multimedia\" \/>\n<meta property=\"og:description\" content=\"Elac Muro Outdoor M81 je vanjski zidni zvu\u010dnik modernog dizajna s iznimnom svestrano\u0161\u0107u. S \u010distim, elegantnim profilom bez velikih vidljivih gumba.\" \/>\n<meta property=\"og:url\" content=\"https:\/\/hd-multimedia.com\/en\/trgovina\/elac-muro-outdoor-m81\/\" \/>\n<meta property=\"og:site_name\" content=\"hd-multimedia\" \/>\n<meta property=\"article:modified_time\" content=\"2026-02-20T10:55:34+00:00\" \/>\n<meta property=\"og:image\" content=\"https:\/\/hd-multimedia.com\/hdm_media\/Elac-Muro-Outdoor-M814-e1753181704651.jpg\" \/>\n\t<meta property=\"og:image:width\" content=\"703\" \/>\n\t<meta property=\"og:image:height\" content=\"703\" \/>\n\t<meta property=\"og:image:type\" content=\"image\/jpeg\" \/>\n<meta name=\"twitter:card\" content=\"summary_large_image\" \/>\n<meta name=\"twitter:label1\" content=\"Estimated reading time\" \/>\n\t<meta name=\"twitter:data1\" content=\"1 minute\" \/>\n<script type=\"application\/ld+json\" class=\"yoast-schema-graph\">{\"@context\":\"https:\/\/schema.org\",\"@graph\":[{\"@type\":\"WebPage\",\"@id\":\"https:\/\/hd-multimedia.com\/trgovina\/elac-muro-outdoor-m81\/\",\"url\":\"https:\/\/hd-multimedia.com\/trgovina\/elac-muro-outdoor-m81\/\",\"name\":\"Elac Muro Outdoor M81 - hd-multimedia\",\"isPartOf\":{\"@id\":\"https:\/\/hd-multimedia.com\/#website\"},\"datePublished\":\"2025-07-21T13:18:05+00:00\",\"dateModified\":\"2026-02-20T10:55:34+00:00\",\"description\":\"Elac Muro Outdoor M81 je vanjski zidni zvu\u010dnik modernog dizajna s iznimnom svestrano\u0161\u0107u. S \u010distim, elegantnim profilom bez velikih vidljivih gumba.\",\"breadcrumb\":{\"@id\":\"https:\/\/hd-multimedia.com\/trgovina\/elac-muro-outdoor-m81\/#breadcrumb\"},\"inLanguage\":\"en-GB\",\"potentialAction\":[{\"@type\":\"ReadAction\",\"target\":[\"https:\/\/hd-multimedia.com\/trgovina\/elac-muro-outdoor-m81\/\"]}]},{\"@type\":\"BreadcrumbList\",\"@id\":\"https:\/\/hd-multimedia.com\/trgovina\/elac-muro-outdoor-m81\/#breadcrumb\",\"itemListElement\":[{\"@type\":\"ListItem\",\"position\":1,\"name\":\"Po\u010detna stranica\",\"item\":\"https:\/\/hd-multimedia.com\/\"},{\"@type\":\"ListItem\",\"position\":2,\"name\":\"Trgovina\",\"item\":\"https:\/\/hd-multimedia.com\/trgovina\/\"},{\"@type\":\"ListItem\",\"position\":3,\"name\":\"Elac Muro Outdoor M81\"}]},{\"@type\":\"WebSite\",\"@id\":\"https:\/\/hd-multimedia.com\/#website\",\"url\":\"https:\/\/hd-multimedia.com\/\",\"name\":\"hd-multimedia\",\"description\":\"\",\"publisher\":{\"@id\":\"https:\/\/hd-multimedia.com\/#organization\"},\"potentialAction\":[{\"@type\":\"SearchAction\",\"target\":{\"@type\":\"EntryPoint\",\"urlTemplate\":\"https:\/\/hd-multimedia.com\/?s={search_term_string}\"},\"query-input\":\"required name=search_term_string\"}],\"inLanguage\":\"en-GB\"},{\"@type\":\"Organization\",\"@id\":\"https:\/\/hd-multimedia.com\/#organization\",\"name\":\"hd-multimedia\",\"url\":\"https:\/\/hd-multimedia.com\/\",\"logo\":{\"@type\":\"ImageObject\",\"inLanguage\":\"en-GB\",\"@id\":\"https:\/\/hd-multimedia.com\/#\/schema\/logo\/image\/\",\"url\":\"https:\/\/hd-multimedia.com\/hdm_media\/HD-curves-ok-196-56px-alpha-1.png\",\"contentUrl\":\"https:\/\/hd-multimedia.com\/hdm_media\/HD-curves-ok-196-56px-alpha-1.png\",\"width\":196,\"height\":53,\"caption\":\"hd-multimedia\"},\"image\":{\"@id\":\"https:\/\/hd-multimedia.com\/#\/schema\/logo\/image\/\"}}]}<\/script>\n<!-- \/ Yoast SEO plugin. -->","yoast_head_json":{"title":"Elac Muro Outdoor M81 - hd-multimedia","description":"Elac Muro Outdoor M81 je vanjski zidni zvu\u010dnik modernog dizajna s iznimnom svestrano\u0161\u0107u. S \u010distim, elegantnim profilom bez velikih vidljivih gumba.","robots":{"index":"index","follow":"follow","max-snippet":"max-snippet:-1","max-image-preview":"max-image-preview:large","max-video-preview":"max-video-preview:-1"},"canonical":"https:\/\/hd-multimedia.com\/en\/trgovina\/elac-muro-outdoor-m81\/","og_locale":"en_GB","og_type":"article","og_title":"Elac Muro Outdoor M81 - hd-multimedia","og_description":"Elac Muro Outdoor M81 je vanjski zidni zvu\u010dnik modernog dizajna s iznimnom svestrano\u0161\u0107u. S \u010distim, elegantnim profilom bez velikih vidljivih gumba.","og_url":"https:\/\/hd-multimedia.com\/en\/trgovina\/elac-muro-outdoor-m81\/","og_site_name":"hd-multimedia","article_modified_time":"2026-02-20T10:55:34+00:00","og_image":[{"width":703,"height":703,"url":"https:\/\/hd-multimedia.com\/hdm_media\/Elac-Muro-Outdoor-M814-e1753181704651.jpg","type":"image\/jpeg"}],"twitter_card":"summary_large_image","twitter_misc":{"Estimated reading time":"1 minute"},"schema":{"@context":"https:\/\/schema.org","@graph":[{"@type":"WebPage","@id":"https:\/\/hd-multimedia.com\/trgovina\/elac-muro-outdoor-m81\/","url":"https:\/\/hd-multimedia.com\/trgovina\/elac-muro-outdoor-m81\/","name":"Elac Muro Outdoor M81 - hd-multimedia","isPartOf":{"@id":"https:\/\/hd-multimedia.com\/#website"},"datePublished":"2025-07-21T13:18:05+00:00","dateModified":"2026-02-20T10:55:34+00:00","description":"Elac Muro Outdoor M81 je vanjski zidni zvu\u010dnik modernog dizajna s iznimnom svestrano\u0161\u0107u. S \u010distim, elegantnim profilom bez velikih vidljivih gumba.","breadcrumb":{"@id":"https:\/\/hd-multimedia.com\/trgovina\/elac-muro-outdoor-m81\/#breadcrumb"},"inLanguage":"en-GB","potentialAction":[{"@type":"ReadAction","target":["https:\/\/hd-multimedia.com\/trgovina\/elac-muro-outdoor-m81\/"]}]},{"@type":"BreadcrumbList","@id":"https:\/\/hd-multimedia.com\/trgovina\/elac-muro-outdoor-m81\/#breadcrumb","itemListElement":[{"@type":"ListItem","position":1,"name":"Po\u010detna stranica","item":"https:\/\/hd-multimedia.com\/"},{"@type":"ListItem","position":2,"name":"Trgovina","item":"https:\/\/hd-multimedia.com\/trgovina\/"},{"@type":"ListItem","position":3,"name":"Elac Muro Outdoor M81"}]},{"@type":"WebSite","@id":"https:\/\/hd-multimedia.com\/#website","url":"https:\/\/hd-multimedia.com\/","name":"hd-multimedia","description":"","publisher":{"@id":"https:\/\/hd-multimedia.com\/#organization"},"potentialAction":[{"@type":"SearchAction","target":{"@type":"EntryPoint","urlTemplate":"https:\/\/hd-multimedia.com\/?s={search_term_string}"},"query-input":"required name=search_term_string"}],"inLanguage":"en-GB"},{"@type":"Organization","@id":"https:\/\/hd-multimedia.com\/#organization","name":"hd-multimedia","url":"https:\/\/hd-multimedia.com\/","logo":{"@type":"ImageObject","inLanguage":"en-GB","@id":"https:\/\/hd-multimedia.com\/#\/schema\/logo\/image\/","url":"https:\/\/hd-multimedia.com\/hdm_media\/HD-curves-ok-196-56px-alpha-1.png","contentUrl":"https:\/\/hd-multimedia.com\/hdm_media\/HD-curves-ok-196-56px-alpha-1.png","width":196,"height":53,"caption":"hd-multimedia"},"image":{"@id":"https:\/\/hd-multimedia.com\/#\/schema\/logo\/image\/"}}]}},"post_mailing_queue_ids":[],"_links":{"self":[{"href":"https:\/\/hd-multimedia.com\/en\/wp-json\/wp\/v2\/product\/18723","targetHints":{"allow":["GET"]}}],"collection":[{"href":"https:\/\/hd-multimedia.com\/en\/wp-json\/wp\/v2\/product"}],"about":[{"href":"https:\/\/hd-multimedia.com\/en\/wp-json\/wp\/v2\/types\/product"}],"version-history":[{"count":7,"href":"https:\/\/hd-multimedia.com\/en\/wp-json\/wp\/v2\/product\/18723\/revisions"}],"predecessor-version":[{"id":18789,"href":"https:\/\/hd-multimedia.com\/en\/wp-json\/wp\/v2\/product\/18723\/revisions\/18789"}],"wp:featuredmedia":[{"embeddable":true,"href":"https:\/\/hd-multimedia.com\/en\/wp-json\/wp\/v2\/media\/18743"}],"wp:attachment":[{"href":"https:\/\/hd-multimedia.com\/en\/wp-json\/wp\/v2\/media?parent=18723"}],"curies":[{"name":"wp","href":"https:\/\/api.w.org\/{rel}","templated":true}]}}