{"id":18720,"date":"2025-07-21T13:08:33","date_gmt":"2025-07-21T13:08:33","guid":{"rendered":"https:\/\/hd-multimedia.com\/?post_type=product&#038;p=18720"},"modified":"2026-02-24T13:21:31","modified_gmt":"2026-02-24T13:21:31","slug":"elac-debut-connex-dcb61","status":"publish","type":"product","link":"https:\/\/hd-multimedia.com\/en\/trgovina\/elac-debut-connex-dcb61\/","title":{"rendered":"Elac Debut ConneX DCB61"},"content":{"rendered":"<p>The Elac Debut ConneX DCB61 features Elac&#039;s XBass Enhancer, which provides improved bass extension and output for a richer and more dynamic sound \u2013 with the option to turn it off for a more neutral response. To further enhance low frequency performance while minimizing noise, the DCB61 uses an &quot;S&quot; shaped rear bass reflex port, ensuring deeper and cleaner bass reproduction.<\/p>\n<p><strong>Dolby Digital certified!<\/strong><br \/>\nSeamless 2.1 audio connectivity for movies and TV! The Elac Debut ConneX DCB61 features integrated Dolby Digital decoding, ensuring seamless connectivity to your TV while delivering authentic 2.1-channel sound for a truly immersive listening experience. Designed for easy setup and superior sound quality, the DCB61 enhances every moment with deep bass, crystal-clear dialogue, and room-filling performance.<\/p>\n<p><strong>Elac Debut ConneX DCB61 specifications:<\/strong><\/p>\n<p>HDMI input (eARC)<br \/>\nLine\/Phono input<br \/>\nUSB Audio Input (96\/24)<br \/>\nOptical input<br \/>\nBluetooth input \u2013 LC3+, supports 96k\/24 bit<br \/>\nSubwoofer output<br \/>\nFrequency response @ -3 dB 48 Hz \u2013 22 kHz<br \/>\nFrequency response @ -6 dB 41 Hz \u2013 24 kHz<br \/>\nTotal Harmonic Distortion (THD) &lt;=0.1%<br \/>\nSignal to noise ratio (S\/N) &gt;= 90 dB<br \/>\nDimensions (WxDxH) 205 x 243 x 330<br \/>\nNet weight (pair) 24 lbs \/ 10.9 kg<br \/>\nGross weight (pair) 30.64 lbs \/ 13.9 kg<br \/>\nAmplifier (RMS\/Peak) 160\/320 W<br \/>\niOS and Android app management<br \/>\nRemote control Infrared<br \/>\nReinforced 12 mm MDF housing and removable grilles<\/p>","protected":false},"excerpt":{"rendered":"<p>The Debut ConneX DCB61 is a high performance wireless speaker system designed for ultimate convenience and superior sound quality. Building on the design foundations of the compact, award-winning DCB41, the DCB61 active speakers feature improved app control (available on iOS and Android) and powerful 6.5\u2033 long-throw woofers. With support for Dolby Digital, these speakers deliver impressive cinema-quality sound. With a diverse array of inputs \u2013 including HDMI ARC, Analog\/Phono, Optical, USB and Bluetooth \u2013 along with carefully designed drivers and amplifiers, the DCB61 guarantees an exceptional listening experience that exceeds expectations.<\/p>\n<p><a href=\"https:\/\/elac.com\/dcb61\" target=\"_blank\" rel=\"noopener\">Link for additional product information!<\/a><\/p>","protected":false},"featured_media":18751,"template":"","meta":{"site-sidebar-layout":"default","site-content-layout":"","ast-site-content-layout":"default","site-content-style":"default","site-sidebar-style":"default","ast-global-header-display":"","ast-banner-title-visibility":"","ast-main-header-display":"","ast-hfb-above-header-display":"","ast-hfb-below-header-display":"","ast-hfb-mobile-header-display":"","site-post-title":"","ast-breadcrumbs-content":"","ast-featured-img":"","footer-sml-layout":"","theme-transparent-header-meta":"default","adv-header-id-meta":"","stick-header-meta":"default","header-above-stick-meta":"","header-main-stick-meta":"","header-below-stick-meta":"","astra-migrate-meta-layouts":"set","ast-page-background-enabled":"default","ast-page-background-meta":{"desktop":{"background-color":"","background-image":"","background-repeat":"repeat","background-position":"center center","background-size":"auto","background-attachment":"scroll","background-type":"","background-media":"","overlay-type":"","overlay-color":"","overlay-opacity":"","overlay-gradient":""},"tablet":{"background-color":"","background-image":"","background-repeat":"repeat","background-position":"center center","background-size":"auto","background-attachment":"scroll","background-type":"","background-media":"","overlay-type":"","overlay-color":"","overlay-opacity":"","overlay-gradient":""},"mobile":{"background-color":"","background-image":"","background-repeat":"repeat","background-position":"center center","background-size":"auto","background-attachment":"scroll","background-type":"","background-media":"","overlay-type":"","overlay-color":"","overlay-opacity":"","overlay-gradient":""}},"ast-content-background-meta":{"desktop":{"background-color":"var(--ast-global-color-5)","background-image":"","background-repeat":"repeat","background-position":"center center","background-size":"auto","background-attachment":"scroll","background-type":"","background-media":"","overlay-type":"","overlay-color":"","overlay-opacity":"","overlay-gradient":""},"tablet":{"background-color":"var(--ast-global-color-5)","background-image":"","background-repeat":"repeat","background-position":"center center","background-size":"auto","background-attachment":"scroll","background-type":"","background-media":"","overlay-type":"","overlay-color":"","overlay-opacity":"","overlay-gradient":""},"mobile":{"background-color":"var(--ast-global-color-5)","background-image":"","background-repeat":"repeat","background-position":"center center","background-size":"auto","background-attachment":"scroll","background-type":"","background-media":"","overlay-type":"","overlay-color":"","overlay-opacity":"","overlay-gradient":""}}},"class_list":["post-18720","product","type-product","status-publish","has-post-thumbnail","hentry","product_cat-aktivne-zvucne-kutije","product_cat-elac","desktop-align-center","tablet-align-center","mobile-align-center","ast-product-gallery-layout-horizontal","ast-magnify-disabled","ast-product-single-variable","ast-product-tabs-layout-horizontal"],"yoast_head":"<!-- This site is optimized with the Yoast SEO plugin v21.4 - https:\/\/yoast.com\/wordpress\/plugins\/seo\/ -->\n<title>Elac Debut ConneX DCB61 - hd-multimedia<\/title>\n<meta name=\"description\" content=\"Elac Debut ConneX DCB61Debut ConneX DCB61 je visokou\u010dinkoviti be\u017ei\u010dni sustav zvu\u010dnika dizajniran za vrhunsku prakti\u010dnost i vrhunsku kvalitetu zvuka.\" \/>\n<meta name=\"robots\" content=\"index, follow, max-snippet:-1, max-image-preview:large, max-video-preview:-1\" \/>\n<link rel=\"canonical\" href=\"https:\/\/hd-multimedia.com\/en\/trgovina\/elac-debut-connex-dcb61\/\" \/>\n<meta property=\"og:locale\" content=\"en_GB\" \/>\n<meta property=\"og:type\" content=\"article\" \/>\n<meta property=\"og:title\" content=\"Elac Debut ConneX DCB61 - hd-multimedia\" \/>\n<meta property=\"og:description\" content=\"Elac Debut ConneX DCB61Debut ConneX DCB61 je visokou\u010dinkoviti be\u017ei\u010dni sustav zvu\u010dnika dizajniran za vrhunsku prakti\u010dnost i vrhunsku kvalitetu zvuka.\" \/>\n<meta property=\"og:url\" content=\"https:\/\/hd-multimedia.com\/en\/trgovina\/elac-debut-connex-dcb61\/\" \/>\n<meta property=\"og:site_name\" content=\"hd-multimedia\" \/>\n<meta property=\"article:modified_time\" content=\"2026-02-24T13:21:31+00:00\" \/>\n<meta property=\"og:image\" content=\"https:\/\/hd-multimedia.com\/hdm_media\/Elac-Debut-ConneX-DCB61-1-e1753185413912.jpg\" \/>\n\t<meta property=\"og:image:width\" content=\"915\" \/>\n\t<meta property=\"og:image:height\" content=\"915\" \/>\n\t<meta property=\"og:image:type\" content=\"image\/jpeg\" \/>\n<meta name=\"twitter:card\" content=\"summary_large_image\" \/>\n<meta name=\"twitter:label1\" content=\"Estimated reading time\" \/>\n\t<meta name=\"twitter:data1\" content=\"2 minutes\" \/>\n<script type=\"application\/ld+json\" class=\"yoast-schema-graph\">{\"@context\":\"https:\/\/schema.org\",\"@graph\":[{\"@type\":\"WebPage\",\"@id\":\"https:\/\/hd-multimedia.com\/trgovina\/elac-debut-connex-dcb61\/\",\"url\":\"https:\/\/hd-multimedia.com\/trgovina\/elac-debut-connex-dcb61\/\",\"name\":\"Elac Debut ConneX DCB61 - hd-multimedia\",\"isPartOf\":{\"@id\":\"https:\/\/hd-multimedia.com\/#website\"},\"datePublished\":\"2025-07-21T13:08:33+00:00\",\"dateModified\":\"2026-02-24T13:21:31+00:00\",\"description\":\"Elac Debut ConneX DCB61Debut ConneX DCB61 je visokou\u010dinkoviti be\u017ei\u010dni sustav zvu\u010dnika dizajniran za vrhunsku prakti\u010dnost i vrhunsku kvalitetu zvuka.\",\"breadcrumb\":{\"@id\":\"https:\/\/hd-multimedia.com\/trgovina\/elac-debut-connex-dcb61\/#breadcrumb\"},\"inLanguage\":\"en-GB\",\"potentialAction\":[{\"@type\":\"ReadAction\",\"target\":[\"https:\/\/hd-multimedia.com\/trgovina\/elac-debut-connex-dcb61\/\"]}]},{\"@type\":\"BreadcrumbList\",\"@id\":\"https:\/\/hd-multimedia.com\/trgovina\/elac-debut-connex-dcb61\/#breadcrumb\",\"itemListElement\":[{\"@type\":\"ListItem\",\"position\":1,\"name\":\"Po\u010detna stranica\",\"item\":\"https:\/\/hd-multimedia.com\/\"},{\"@type\":\"ListItem\",\"position\":2,\"name\":\"Trgovina\",\"item\":\"https:\/\/hd-multimedia.com\/trgovina\/\"},{\"@type\":\"ListItem\",\"position\":3,\"name\":\"Elac Debut ConneX DCB61\"}]},{\"@type\":\"WebSite\",\"@id\":\"https:\/\/hd-multimedia.com\/#website\",\"url\":\"https:\/\/hd-multimedia.com\/\",\"name\":\"hd-multimedia\",\"description\":\"\",\"publisher\":{\"@id\":\"https:\/\/hd-multimedia.com\/#organization\"},\"potentialAction\":[{\"@type\":\"SearchAction\",\"target\":{\"@type\":\"EntryPoint\",\"urlTemplate\":\"https:\/\/hd-multimedia.com\/?s={search_term_string}\"},\"query-input\":\"required name=search_term_string\"}],\"inLanguage\":\"en-GB\"},{\"@type\":\"Organization\",\"@id\":\"https:\/\/hd-multimedia.com\/#organization\",\"name\":\"hd-multimedia\",\"url\":\"https:\/\/hd-multimedia.com\/\",\"logo\":{\"@type\":\"ImageObject\",\"inLanguage\":\"en-GB\",\"@id\":\"https:\/\/hd-multimedia.com\/#\/schema\/logo\/image\/\",\"url\":\"https:\/\/hd-multimedia.com\/hdm_media\/HD-curves-ok-196-56px-alpha-1.png\",\"contentUrl\":\"https:\/\/hd-multimedia.com\/hdm_media\/HD-curves-ok-196-56px-alpha-1.png\",\"width\":196,\"height\":53,\"caption\":\"hd-multimedia\"},\"image\":{\"@id\":\"https:\/\/hd-multimedia.com\/#\/schema\/logo\/image\/\"}}]}<\/script>\n<!-- \/ Yoast SEO plugin. -->","yoast_head_json":{"title":"Elac Debut ConneX DCB61 - hd-multimedia","description":"Elac Debut ConneX DCB61Debut ConneX DCB61 je visokou\u010dinkoviti be\u017ei\u010dni sustav zvu\u010dnika dizajniran za vrhunsku prakti\u010dnost i vrhunsku kvalitetu zvuka.","robots":{"index":"index","follow":"follow","max-snippet":"max-snippet:-1","max-image-preview":"max-image-preview:large","max-video-preview":"max-video-preview:-1"},"canonical":"https:\/\/hd-multimedia.com\/en\/trgovina\/elac-debut-connex-dcb61\/","og_locale":"en_GB","og_type":"article","og_title":"Elac Debut ConneX DCB61 - hd-multimedia","og_description":"Elac Debut ConneX DCB61Debut ConneX DCB61 je visokou\u010dinkoviti be\u017ei\u010dni sustav zvu\u010dnika dizajniran za vrhunsku prakti\u010dnost i vrhunsku kvalitetu zvuka.","og_url":"https:\/\/hd-multimedia.com\/en\/trgovina\/elac-debut-connex-dcb61\/","og_site_name":"hd-multimedia","article_modified_time":"2026-02-24T13:21:31+00:00","og_image":[{"width":915,"height":915,"url":"https:\/\/hd-multimedia.com\/hdm_media\/Elac-Debut-ConneX-DCB61-1-e1753185413912.jpg","type":"image\/jpeg"}],"twitter_card":"summary_large_image","twitter_misc":{"Estimated reading time":"2 minutes"},"schema":{"@context":"https:\/\/schema.org","@graph":[{"@type":"WebPage","@id":"https:\/\/hd-multimedia.com\/trgovina\/elac-debut-connex-dcb61\/","url":"https:\/\/hd-multimedia.com\/trgovina\/elac-debut-connex-dcb61\/","name":"Elac Debut ConneX DCB61 - hd-multimedia","isPartOf":{"@id":"https:\/\/hd-multimedia.com\/#website"},"datePublished":"2025-07-21T13:08:33+00:00","dateModified":"2026-02-24T13:21:31+00:00","description":"Elac Debut ConneX DCB61Debut ConneX DCB61 je visokou\u010dinkoviti be\u017ei\u010dni sustav zvu\u010dnika dizajniran za vrhunsku prakti\u010dnost i vrhunsku kvalitetu zvuka.","breadcrumb":{"@id":"https:\/\/hd-multimedia.com\/trgovina\/elac-debut-connex-dcb61\/#breadcrumb"},"inLanguage":"en-GB","potentialAction":[{"@type":"ReadAction","target":["https:\/\/hd-multimedia.com\/trgovina\/elac-debut-connex-dcb61\/"]}]},{"@type":"BreadcrumbList","@id":"https:\/\/hd-multimedia.com\/trgovina\/elac-debut-connex-dcb61\/#breadcrumb","itemListElement":[{"@type":"ListItem","position":1,"name":"Po\u010detna stranica","item":"https:\/\/hd-multimedia.com\/"},{"@type":"ListItem","position":2,"name":"Trgovina","item":"https:\/\/hd-multimedia.com\/trgovina\/"},{"@type":"ListItem","position":3,"name":"Elac Debut ConneX DCB61"}]},{"@type":"WebSite","@id":"https:\/\/hd-multimedia.com\/#website","url":"https:\/\/hd-multimedia.com\/","name":"hd-multimedia","description":"","publisher":{"@id":"https:\/\/hd-multimedia.com\/#organization"},"potentialAction":[{"@type":"SearchAction","target":{"@type":"EntryPoint","urlTemplate":"https:\/\/hd-multimedia.com\/?s={search_term_string}"},"query-input":"required name=search_term_string"}],"inLanguage":"en-GB"},{"@type":"Organization","@id":"https:\/\/hd-multimedia.com\/#organization","name":"hd-multimedia","url":"https:\/\/hd-multimedia.com\/","logo":{"@type":"ImageObject","inLanguage":"en-GB","@id":"https:\/\/hd-multimedia.com\/#\/schema\/logo\/image\/","url":"https:\/\/hd-multimedia.com\/hdm_media\/HD-curves-ok-196-56px-alpha-1.png","contentUrl":"https:\/\/hd-multimedia.com\/hdm_media\/HD-curves-ok-196-56px-alpha-1.png","width":196,"height":53,"caption":"hd-multimedia"},"image":{"@id":"https:\/\/hd-multimedia.com\/#\/schema\/logo\/image\/"}}]}},"post_mailing_queue_ids":[],"_links":{"self":[{"href":"https:\/\/hd-multimedia.com\/en\/wp-json\/wp\/v2\/product\/18720","targetHints":{"allow":["GET"]}}],"collection":[{"href":"https:\/\/hd-multimedia.com\/en\/wp-json\/wp\/v2\/product"}],"about":[{"href":"https:\/\/hd-multimedia.com\/en\/wp-json\/wp\/v2\/types\/product"}],"version-history":[{"count":5,"href":"https:\/\/hd-multimedia.com\/en\/wp-json\/wp\/v2\/product\/18720\/revisions"}],"predecessor-version":[{"id":18752,"href":"https:\/\/hd-multimedia.com\/en\/wp-json\/wp\/v2\/product\/18720\/revisions\/18752"}],"wp:featuredmedia":[{"embeddable":true,"href":"https:\/\/hd-multimedia.com\/en\/wp-json\/wp\/v2\/media\/18751"}],"wp:attachment":[{"href":"https:\/\/hd-multimedia.com\/en\/wp-json\/wp\/v2\/media?parent=18720"}],"curies":[{"name":"wp","href":"https:\/\/api.w.org\/{rel}","templated":true}]}}