{"id":18626,"date":"2025-06-30T13:28:41","date_gmt":"2025-06-30T13:28:41","guid":{"rendered":"https:\/\/hd-multimedia.com\/?post_type=product&#038;p=18626"},"modified":"2026-02-20T10:55:10","modified_gmt":"2026-02-20T10:55:10","slug":"fiio-m21","status":"publish","type":"product","link":"https:\/\/hd-multimedia.com\/en\/trgovina\/fiio-m21\/","title":{"rendered":"FiiO M21"},"content":{"rendered":"<p>FiiO M21 Specifications:<\/p>\n<p>RAM | 4 GB<br \/>\nInternal memory (ROM) | 64 GB (approx. 52 GB usable)<br \/>\nMemory card slot | One microSD card, up to 2 TB<\/p>\n<p>DAC | 4 \u00d7 Cirrus Logic CS43198<br \/>\nAmplifiers | 2 \u00d7 OPA1692 + 2 \u00d7 SGM8262-2<br \/>\nAdaptive impedance | PO: 8\u2013350 \u03a9 \/ BAL: 8\u2013350 \u03a9<br \/>\nChannel separation | L20, R20 (0.5 dB per level)<br \/>\nSpecial decoding | MQA full decoding, all in DSD<br \/>\nEQ | 10-band dynamic EQ (\u00b112 dB), 8 presets, custom EQ<\/p>\n<p>Connectivity:<br \/>\nWi-Fi | 2.4GHz\/5GHz, DLNA, AirPlay, Wi-Fi music streaming, Roon Ready<br \/>\nBluetooth reception (5.0) | SBC, AAC, LDAC<br \/>\nBluetooth transmission (5.0) | SBC, AAC, aptX, aptX HD, LDAC, LHDC<br \/>\nFiiO Link | Wi-Fi + Bluetooth control (Android); Bluetooth control (iOS)<br \/>\nUSB DAC mode | Up to 384kHz\/32bit, DSD256<br \/>\nUSB audio | Up to 768kHz\/32bit, DSD512 (DoP\/D2P\/Native)<br \/>\nCoaxial output | Up to 384kHz\/24bit, DSD128 (DoP)<\/p>\n<p>Physical controls on the device:<br \/>\nMultifunction, Volume, Play\/Pause, Previous, Next<\/p>\n<p>Enter and exit:<br \/>\nLine output standard 3.5 mm<br \/>\nBalanced line output standard 4.4 mm<br \/>\nStandard 3.5mm headphone output<br \/>\nBalanced headphone output standard 4.4 mm<\/p>\n<p>Battery and power supply:<br \/>\nCharging time | Approximately 1.5 hours<br \/>\nBattery life | 15 h (3.5 mm SE) \/ 12.5 h (4.4 mm BAL) (test: MP3 44 kHz\/16 bit, 32 \u03a9, display off, EQ off, high gain)<br \/>\nAudio performance:<\/p>\n<p><a href=\"https:\/\/fiio.com\/m21_parameters\" target=\"_blank\" rel=\"noopener\">Link for additional product information!<\/a><\/p>","protected":false},"excerpt":{"rendered":"<p>Meet the new FiiO M21 portable high-resolution music player. Dual Cirrus Logic CS43198 DACs, Snapdragon 680, custom Android 13 OS, dual balanced and single-ended outputs, advanced DAPS system, 3 gain levels, bidirectional LDAC Bluetooth 5.0 and asynchronous USB DAC with support for up to 768kHz\/32bit deliver clear and powerful sound wherever you go.<\/p>\n<p>Posljednji komad iz izloga!<\/p>\n<p><a href=\"https:\/\/fiio.com\/m21\" target=\"_blank\" rel=\"noopener\">More about FiiO M21<\/a><\/p>","protected":false},"featured_media":18635,"template":"","meta":{"site-sidebar-layout":"default","site-content-layout":"","ast-site-content-layout":"default","site-content-style":"default","site-sidebar-style":"default","ast-global-header-display":"","ast-banner-title-visibility":"","ast-main-header-display":"","ast-hfb-above-header-display":"","ast-hfb-below-header-display":"","ast-hfb-mobile-header-display":"","site-post-title":"","ast-breadcrumbs-content":"","ast-featured-img":"","footer-sml-layout":"","theme-transparent-header-meta":"default","adv-header-id-meta":"","stick-header-meta":"default","header-above-stick-meta":"","header-main-stick-meta":"","header-below-stick-meta":"","astra-migrate-meta-layouts":"set","ast-page-background-enabled":"default","ast-page-background-meta":{"desktop":{"background-color":"","background-image":"","background-repeat":"repeat","background-position":"center center","background-size":"auto","background-attachment":"scroll","background-type":"","background-media":"","overlay-type":"","overlay-color":"","overlay-opacity":"","overlay-gradient":""},"tablet":{"background-color":"","background-image":"","background-repeat":"repeat","background-position":"center center","background-size":"auto","background-attachment":"scroll","background-type":"","background-media":"","overlay-type":"","overlay-color":"","overlay-opacity":"","overlay-gradient":""},"mobile":{"background-color":"","background-image":"","background-repeat":"repeat","background-position":"center center","background-size":"auto","background-attachment":"scroll","background-type":"","background-media":"","overlay-type":"","overlay-color":"","overlay-opacity":"","overlay-gradient":""}},"ast-content-background-meta":{"desktop":{"background-color":"var(--ast-global-color-5)","background-image":"","background-repeat":"repeat","background-position":"center center","background-size":"auto","background-attachment":"scroll","background-type":"","background-media":"","overlay-type":"","overlay-color":"","overlay-opacity":"","overlay-gradient":""},"tablet":{"background-color":"var(--ast-global-color-5)","background-image":"","background-repeat":"repeat","background-position":"center center","background-size":"auto","background-attachment":"scroll","background-type":"","background-media":"","overlay-type":"","overlay-color":"","overlay-opacity":"","overlay-gradient":""},"mobile":{"background-color":"var(--ast-global-color-5)","background-image":"","background-repeat":"repeat","background-position":"center center","background-size":"auto","background-attachment":"scroll","background-type":"","background-media":"","overlay-type":"","overlay-color":"","overlay-opacity":"","overlay-gradient":""}}},"class_list":["post-18626","product","type-product","status-publish","has-post-thumbnail","hentry","product_cat-mobilni-playeri","product_cat-fiio","desktop-align-center","tablet-align-center","mobile-align-center","ast-product-gallery-layout-horizontal","ast-magnify-disabled","ast-product-tabs-layout-horizontal"],"yoast_head":"<!-- This site is optimized with the Yoast SEO plugin v21.4 - https:\/\/yoast.com\/wordpress\/plugins\/seo\/ -->\n<title>FiiO M21 - hd-multimedia<\/title>\n<meta name=\"description\" content=\"Upoznajte novi FiiO M21 prijenosni glazbeni player visoke rezolucije koji vam pru\u017ea \u010dist i sna\u017ean zvuk gdje god da krenete.\" \/>\n<meta name=\"robots\" content=\"index, follow, max-snippet:-1, max-image-preview:large, max-video-preview:-1\" \/>\n<link rel=\"canonical\" href=\"https:\/\/hd-multimedia.com\/en\/trgovina\/fiio-m21\/\" \/>\n<meta property=\"og:locale\" content=\"en_GB\" \/>\n<meta property=\"og:type\" content=\"article\" \/>\n<meta property=\"og:title\" content=\"FiiO M21 - hd-multimedia\" \/>\n<meta property=\"og:description\" content=\"Upoznajte novi FiiO M21 prijenosni glazbeni player visoke rezolucije koji vam pru\u017ea \u010dist i sna\u017ean zvuk gdje god da krenete.\" \/>\n<meta property=\"og:url\" content=\"https:\/\/hd-multimedia.com\/en\/trgovina\/fiio-m21\/\" \/>\n<meta property=\"og:site_name\" content=\"hd-multimedia\" \/>\n<meta property=\"article:modified_time\" content=\"2026-02-20T10:55:10+00:00\" \/>\n<meta property=\"og:image\" content=\"https:\/\/hd-multimedia.com\/hdm_media\/FiiO-M21-Blue-e1751371012928.jpg\" \/>\n\t<meta property=\"og:image:width\" content=\"700\" \/>\n\t<meta property=\"og:image:height\" content=\"700\" \/>\n\t<meta property=\"og:image:type\" content=\"image\/jpeg\" \/>\n<meta name=\"twitter:card\" content=\"summary_large_image\" \/>\n<meta name=\"twitter:label1\" content=\"Estimated reading time\" \/>\n\t<meta name=\"twitter:data1\" content=\"2 minutes\" \/>\n<script type=\"application\/ld+json\" class=\"yoast-schema-graph\">{\"@context\":\"https:\/\/schema.org\",\"@graph\":[{\"@type\":\"WebPage\",\"@id\":\"https:\/\/hd-multimedia.com\/trgovina\/fiio-m21\/\",\"url\":\"https:\/\/hd-multimedia.com\/trgovina\/fiio-m21\/\",\"name\":\"FiiO M21 - hd-multimedia\",\"isPartOf\":{\"@id\":\"https:\/\/hd-multimedia.com\/#website\"},\"datePublished\":\"2025-06-30T13:28:41+00:00\",\"dateModified\":\"2026-02-20T10:55:10+00:00\",\"description\":\"Upoznajte novi FiiO M21 prijenosni glazbeni player visoke rezolucije koji vam pru\u017ea \u010dist i sna\u017ean zvuk gdje god da krenete.\",\"breadcrumb\":{\"@id\":\"https:\/\/hd-multimedia.com\/trgovina\/fiio-m21\/#breadcrumb\"},\"inLanguage\":\"en-GB\",\"potentialAction\":[{\"@type\":\"ReadAction\",\"target\":[\"https:\/\/hd-multimedia.com\/trgovina\/fiio-m21\/\"]}]},{\"@type\":\"BreadcrumbList\",\"@id\":\"https:\/\/hd-multimedia.com\/trgovina\/fiio-m21\/#breadcrumb\",\"itemListElement\":[{\"@type\":\"ListItem\",\"position\":1,\"name\":\"Po\u010detna stranica\",\"item\":\"https:\/\/hd-multimedia.com\/\"},{\"@type\":\"ListItem\",\"position\":2,\"name\":\"Trgovina\",\"item\":\"https:\/\/hd-multimedia.com\/trgovina\/\"},{\"@type\":\"ListItem\",\"position\":3,\"name\":\"FiiO M21\"}]},{\"@type\":\"WebSite\",\"@id\":\"https:\/\/hd-multimedia.com\/#website\",\"url\":\"https:\/\/hd-multimedia.com\/\",\"name\":\"hd-multimedia\",\"description\":\"\",\"publisher\":{\"@id\":\"https:\/\/hd-multimedia.com\/#organization\"},\"potentialAction\":[{\"@type\":\"SearchAction\",\"target\":{\"@type\":\"EntryPoint\",\"urlTemplate\":\"https:\/\/hd-multimedia.com\/?s={search_term_string}\"},\"query-input\":\"required name=search_term_string\"}],\"inLanguage\":\"en-GB\"},{\"@type\":\"Organization\",\"@id\":\"https:\/\/hd-multimedia.com\/#organization\",\"name\":\"hd-multimedia\",\"url\":\"https:\/\/hd-multimedia.com\/\",\"logo\":{\"@type\":\"ImageObject\",\"inLanguage\":\"en-GB\",\"@id\":\"https:\/\/hd-multimedia.com\/#\/schema\/logo\/image\/\",\"url\":\"https:\/\/hd-multimedia.com\/hdm_media\/HD-curves-ok-196-56px-alpha-1.png\",\"contentUrl\":\"https:\/\/hd-multimedia.com\/hdm_media\/HD-curves-ok-196-56px-alpha-1.png\",\"width\":196,\"height\":53,\"caption\":\"hd-multimedia\"},\"image\":{\"@id\":\"https:\/\/hd-multimedia.com\/#\/schema\/logo\/image\/\"}}]}<\/script>\n<!-- \/ Yoast SEO plugin. -->","yoast_head_json":{"title":"FiiO M21 - hd-multimedia","description":"Upoznajte novi FiiO M21 prijenosni glazbeni player visoke rezolucije koji vam pru\u017ea \u010dist i sna\u017ean zvuk gdje god da krenete.","robots":{"index":"index","follow":"follow","max-snippet":"max-snippet:-1","max-image-preview":"max-image-preview:large","max-video-preview":"max-video-preview:-1"},"canonical":"https:\/\/hd-multimedia.com\/en\/trgovina\/fiio-m21\/","og_locale":"en_GB","og_type":"article","og_title":"FiiO M21 - hd-multimedia","og_description":"Upoznajte novi FiiO M21 prijenosni glazbeni player visoke rezolucije koji vam pru\u017ea \u010dist i sna\u017ean zvuk gdje god da krenete.","og_url":"https:\/\/hd-multimedia.com\/en\/trgovina\/fiio-m21\/","og_site_name":"hd-multimedia","article_modified_time":"2026-02-20T10:55:10+00:00","og_image":[{"width":700,"height":700,"url":"https:\/\/hd-multimedia.com\/hdm_media\/FiiO-M21-Blue-e1751371012928.jpg","type":"image\/jpeg"}],"twitter_card":"summary_large_image","twitter_misc":{"Estimated reading time":"2 minutes"},"schema":{"@context":"https:\/\/schema.org","@graph":[{"@type":"WebPage","@id":"https:\/\/hd-multimedia.com\/trgovina\/fiio-m21\/","url":"https:\/\/hd-multimedia.com\/trgovina\/fiio-m21\/","name":"FiiO M21 - hd-multimedia","isPartOf":{"@id":"https:\/\/hd-multimedia.com\/#website"},"datePublished":"2025-06-30T13:28:41+00:00","dateModified":"2026-02-20T10:55:10+00:00","description":"Upoznajte novi FiiO M21 prijenosni glazbeni player visoke rezolucije koji vam pru\u017ea \u010dist i sna\u017ean zvuk gdje god da krenete.","breadcrumb":{"@id":"https:\/\/hd-multimedia.com\/trgovina\/fiio-m21\/#breadcrumb"},"inLanguage":"en-GB","potentialAction":[{"@type":"ReadAction","target":["https:\/\/hd-multimedia.com\/trgovina\/fiio-m21\/"]}]},{"@type":"BreadcrumbList","@id":"https:\/\/hd-multimedia.com\/trgovina\/fiio-m21\/#breadcrumb","itemListElement":[{"@type":"ListItem","position":1,"name":"Po\u010detna stranica","item":"https:\/\/hd-multimedia.com\/"},{"@type":"ListItem","position":2,"name":"Trgovina","item":"https:\/\/hd-multimedia.com\/trgovina\/"},{"@type":"ListItem","position":3,"name":"FiiO M21"}]},{"@type":"WebSite","@id":"https:\/\/hd-multimedia.com\/#website","url":"https:\/\/hd-multimedia.com\/","name":"hd-multimedia","description":"","publisher":{"@id":"https:\/\/hd-multimedia.com\/#organization"},"potentialAction":[{"@type":"SearchAction","target":{"@type":"EntryPoint","urlTemplate":"https:\/\/hd-multimedia.com\/?s={search_term_string}"},"query-input":"required name=search_term_string"}],"inLanguage":"en-GB"},{"@type":"Organization","@id":"https:\/\/hd-multimedia.com\/#organization","name":"hd-multimedia","url":"https:\/\/hd-multimedia.com\/","logo":{"@type":"ImageObject","inLanguage":"en-GB","@id":"https:\/\/hd-multimedia.com\/#\/schema\/logo\/image\/","url":"https:\/\/hd-multimedia.com\/hdm_media\/HD-curves-ok-196-56px-alpha-1.png","contentUrl":"https:\/\/hd-multimedia.com\/hdm_media\/HD-curves-ok-196-56px-alpha-1.png","width":196,"height":53,"caption":"hd-multimedia"},"image":{"@id":"https:\/\/hd-multimedia.com\/#\/schema\/logo\/image\/"}}]}},"post_mailing_queue_ids":[],"_links":{"self":[{"href":"https:\/\/hd-multimedia.com\/en\/wp-json\/wp\/v2\/product\/18626","targetHints":{"allow":["GET"]}}],"collection":[{"href":"https:\/\/hd-multimedia.com\/en\/wp-json\/wp\/v2\/product"}],"about":[{"href":"https:\/\/hd-multimedia.com\/en\/wp-json\/wp\/v2\/types\/product"}],"version-history":[{"count":4,"href":"https:\/\/hd-multimedia.com\/en\/wp-json\/wp\/v2\/product\/18626\/revisions"}],"predecessor-version":[{"id":18964,"href":"https:\/\/hd-multimedia.com\/en\/wp-json\/wp\/v2\/product\/18626\/revisions\/18964"}],"wp:featuredmedia":[{"embeddable":true,"href":"https:\/\/hd-multimedia.com\/en\/wp-json\/wp\/v2\/media\/18635"}],"wp:attachment":[{"href":"https:\/\/hd-multimedia.com\/en\/wp-json\/wp\/v2\/media?parent=18626"}],"curies":[{"name":"wp","href":"https:\/\/api.w.org\/{rel}","templated":true}]}}