{"id":18624,"date":"2025-06-30T13:26:30","date_gmt":"2025-06-30T13:26:30","guid":{"rendered":"https:\/\/hd-multimedia.com\/?post_type=product&#038;p=18624"},"modified":"2026-02-02T13:45:32","modified_gmt":"2026-02-02T13:45:32","slug":"fiio-bta30-pro","status":"publish","type":"product","link":"https:\/\/hd-multimedia.com\/en\/trgovina\/fiio-bta30-pro\/","title":{"rendered":"FiiO BTA30 Pro"},"content":{"rendered":"<p>The FiiO BTA30 Pro is a high-quality Bluetooth transceiver.<\/p>\n<p>LDAC transmission and reception | ES9038Q2M DAC | XMOS receiver chip | Supports up to 384k\/DSD256 | DSP capability | Qualcomm CSR8675 | RGB indicator | Remote control via app.<\/p>\n<p><a href=\"https:\/\/www.fiio.com\/bta30pro_parameters\" target=\"_blank\" rel=\"noopener\">Detailed specifications and parameters!<\/a><\/p>","protected":false},"excerpt":{"rendered":"<p>The FiiO BTA30 Pro is a high-resolution Bluetooth transmitter and receiver that allows you to create a Bluetooth desktop system in your home. The FiiO BTA30 Pro features Qualcomm&#039;s CSR8675 Bluetooth processor chip. The BTA30 Pro delivers seamless Bluetooth transmission with support for the high-resolution LDAC codec in both the transmit and receive stages. The FiiO BTA30 Pro harnesses the power of the trusted Sabre ES9038Q2M DAC 32-bit chip, which delivers high-resolution audio signal decoding with the highest precision and quality. This DAC supports the latest XMOS XU208 USB receiver, which provides support for 32-bit\/384kHz and native support for DSD512 decoding over USB.<\/p>\n<p>The BTA30 Pro can serve as a desktop DAC, and in addition to Bluetooth and USB, it also has SPDIF coaxial and optical digital inputs. It allows users to access both input and output functions at the same time. You can easily switch the active input mode by clicking on the input button.<\/p>\n<p><a href=\"https:\/\/www.fiio.com\/bta30pro\" target=\"_blank\" rel=\"noopener\">Link for additional product information!<\/a><\/p>","protected":false},"featured_media":18656,"template":"","meta":{"site-sidebar-layout":"default","site-content-layout":"","ast-site-content-layout":"default","site-content-style":"default","site-sidebar-style":"default","ast-global-header-display":"","ast-banner-title-visibility":"","ast-main-header-display":"","ast-hfb-above-header-display":"","ast-hfb-below-header-display":"","ast-hfb-mobile-header-display":"","site-post-title":"","ast-breadcrumbs-content":"","ast-featured-img":"","footer-sml-layout":"","theme-transparent-header-meta":"default","adv-header-id-meta":"","stick-header-meta":"default","header-above-stick-meta":"","header-main-stick-meta":"","header-below-stick-meta":"","astra-migrate-meta-layouts":"set","ast-page-background-enabled":"default","ast-page-background-meta":{"desktop":{"background-color":"","background-image":"","background-repeat":"repeat","background-position":"center center","background-size":"auto","background-attachment":"scroll","background-type":"","background-media":"","overlay-type":"","overlay-color":"","overlay-opacity":"","overlay-gradient":""},"tablet":{"background-color":"","background-image":"","background-repeat":"repeat","background-position":"center center","background-size":"auto","background-attachment":"scroll","background-type":"","background-media":"","overlay-type":"","overlay-color":"","overlay-opacity":"","overlay-gradient":""},"mobile":{"background-color":"","background-image":"","background-repeat":"repeat","background-position":"center center","background-size":"auto","background-attachment":"scroll","background-type":"","background-media":"","overlay-type":"","overlay-color":"","overlay-opacity":"","overlay-gradient":""}},"ast-content-background-meta":{"desktop":{"background-color":"var(--ast-global-color-5)","background-image":"","background-repeat":"repeat","background-position":"center center","background-size":"auto","background-attachment":"scroll","background-type":"","background-media":"","overlay-type":"","overlay-color":"","overlay-opacity":"","overlay-gradient":""},"tablet":{"background-color":"var(--ast-global-color-5)","background-image":"","background-repeat":"repeat","background-position":"center center","background-size":"auto","background-attachment":"scroll","background-type":"","background-media":"","overlay-type":"","overlay-color":"","overlay-opacity":"","overlay-gradient":""},"mobile":{"background-color":"var(--ast-global-color-5)","background-image":"","background-repeat":"repeat","background-position":"center center","background-size":"auto","background-attachment":"scroll","background-type":"","background-media":"","overlay-type":"","overlay-color":"","overlay-opacity":"","overlay-gradient":""}}},"class_list":["post-18624","product","type-product","status-publish","has-post-thumbnail","hentry","product_cat-bluetooth-reciever","product_cat-fiio","product_tag-novo-u-ponudi-fiio","desktop-align-center","tablet-align-center","mobile-align-center","ast-product-gallery-layout-horizontal","ast-magnify-disabled","ast-product-tabs-layout-horizontal"],"yoast_head":"<!-- This site is optimized with the Yoast SEO plugin v21.4 - https:\/\/yoast.com\/wordpress\/plugins\/seo\/ -->\n<title>FiiO BTA30 Pro - hd-multimedia<\/title>\n<meta name=\"description\" content=\"FiiO BTA30 FiiO BTA30 Pro je Bluetooth oda\u0161ilja\u010d i prijemnik visoke razlu\u010divosti koji omogu\u0107uje da stvorite Bluetooth stolni sustav u svom domu.\" \/>\n<meta name=\"robots\" content=\"index, follow, max-snippet:-1, max-image-preview:large, max-video-preview:-1\" \/>\n<link rel=\"canonical\" href=\"https:\/\/hd-multimedia.com\/en\/trgovina\/fiio-bta30-pro\/\" \/>\n<meta property=\"og:locale\" content=\"en_GB\" \/>\n<meta property=\"og:type\" content=\"article\" \/>\n<meta property=\"og:title\" content=\"FiiO BTA30 Pro - hd-multimedia\" \/>\n<meta property=\"og:description\" content=\"FiiO BTA30 FiiO BTA30 Pro je Bluetooth oda\u0161ilja\u010d i prijemnik visoke razlu\u010divosti koji omogu\u0107uje da stvorite Bluetooth stolni sustav u svom domu.\" \/>\n<meta property=\"og:url\" content=\"https:\/\/hd-multimedia.com\/en\/trgovina\/fiio-bta30-pro\/\" \/>\n<meta property=\"og:site_name\" content=\"hd-multimedia\" \/>\n<meta property=\"article:modified_time\" content=\"2026-02-02T13:45:32+00:00\" \/>\n<meta property=\"og:image\" content=\"https:\/\/hd-multimedia.com\/hdm_media\/FiiO-BTA30-pro-e1751449211455.jpg\" \/>\n\t<meta property=\"og:image:width\" content=\"1200\" \/>\n\t<meta property=\"og:image:height\" content=\"1200\" \/>\n\t<meta property=\"og:image:type\" content=\"image\/jpeg\" \/>\n<meta name=\"twitter:card\" content=\"summary_large_image\" \/>\n<meta name=\"twitter:label1\" content=\"Estimated reading time\" \/>\n\t<meta name=\"twitter:data1\" content=\"1 minute\" \/>\n<script type=\"application\/ld+json\" class=\"yoast-schema-graph\">{\"@context\":\"https:\/\/schema.org\",\"@graph\":[{\"@type\":\"WebPage\",\"@id\":\"https:\/\/hd-multimedia.com\/trgovina\/fiio-bta30-pro\/\",\"url\":\"https:\/\/hd-multimedia.com\/trgovina\/fiio-bta30-pro\/\",\"name\":\"FiiO BTA30 Pro - hd-multimedia\",\"isPartOf\":{\"@id\":\"https:\/\/hd-multimedia.com\/#website\"},\"datePublished\":\"2025-06-30T13:26:30+00:00\",\"dateModified\":\"2026-02-02T13:45:32+00:00\",\"description\":\"FiiO BTA30 FiiO BTA30 Pro je Bluetooth oda\u0161ilja\u010d i prijemnik visoke razlu\u010divosti koji omogu\u0107uje da stvorite Bluetooth stolni sustav u svom domu.\",\"breadcrumb\":{\"@id\":\"https:\/\/hd-multimedia.com\/trgovina\/fiio-bta30-pro\/#breadcrumb\"},\"inLanguage\":\"en-GB\",\"potentialAction\":[{\"@type\":\"ReadAction\",\"target\":[\"https:\/\/hd-multimedia.com\/trgovina\/fiio-bta30-pro\/\"]}]},{\"@type\":\"BreadcrumbList\",\"@id\":\"https:\/\/hd-multimedia.com\/trgovina\/fiio-bta30-pro\/#breadcrumb\",\"itemListElement\":[{\"@type\":\"ListItem\",\"position\":1,\"name\":\"Po\u010detna stranica\",\"item\":\"https:\/\/hd-multimedia.com\/\"},{\"@type\":\"ListItem\",\"position\":2,\"name\":\"Trgovina\",\"item\":\"https:\/\/hd-multimedia.com\/trgovina\/\"},{\"@type\":\"ListItem\",\"position\":3,\"name\":\"FiiO BTA30 Pro\"}]},{\"@type\":\"WebSite\",\"@id\":\"https:\/\/hd-multimedia.com\/#website\",\"url\":\"https:\/\/hd-multimedia.com\/\",\"name\":\"hd-multimedia\",\"description\":\"\",\"publisher\":{\"@id\":\"https:\/\/hd-multimedia.com\/#organization\"},\"potentialAction\":[{\"@type\":\"SearchAction\",\"target\":{\"@type\":\"EntryPoint\",\"urlTemplate\":\"https:\/\/hd-multimedia.com\/?s={search_term_string}\"},\"query-input\":\"required name=search_term_string\"}],\"inLanguage\":\"en-GB\"},{\"@type\":\"Organization\",\"@id\":\"https:\/\/hd-multimedia.com\/#organization\",\"name\":\"hd-multimedia\",\"url\":\"https:\/\/hd-multimedia.com\/\",\"logo\":{\"@type\":\"ImageObject\",\"inLanguage\":\"en-GB\",\"@id\":\"https:\/\/hd-multimedia.com\/#\/schema\/logo\/image\/\",\"url\":\"https:\/\/hd-multimedia.com\/hdm_media\/HD-curves-ok-196-56px-alpha-1.png\",\"contentUrl\":\"https:\/\/hd-multimedia.com\/hdm_media\/HD-curves-ok-196-56px-alpha-1.png\",\"width\":196,\"height\":53,\"caption\":\"hd-multimedia\"},\"image\":{\"@id\":\"https:\/\/hd-multimedia.com\/#\/schema\/logo\/image\/\"}}]}<\/script>\n<!-- \/ Yoast SEO plugin. -->","yoast_head_json":{"title":"FiiO BTA30 Pro - hd-multimedia","description":"FiiO BTA30 FiiO BTA30 Pro je Bluetooth oda\u0161ilja\u010d i prijemnik visoke razlu\u010divosti koji omogu\u0107uje da stvorite Bluetooth stolni sustav u svom domu.","robots":{"index":"index","follow":"follow","max-snippet":"max-snippet:-1","max-image-preview":"max-image-preview:large","max-video-preview":"max-video-preview:-1"},"canonical":"https:\/\/hd-multimedia.com\/en\/trgovina\/fiio-bta30-pro\/","og_locale":"en_GB","og_type":"article","og_title":"FiiO BTA30 Pro - hd-multimedia","og_description":"FiiO BTA30 FiiO BTA30 Pro je Bluetooth oda\u0161ilja\u010d i prijemnik visoke razlu\u010divosti koji omogu\u0107uje da stvorite Bluetooth stolni sustav u svom domu.","og_url":"https:\/\/hd-multimedia.com\/en\/trgovina\/fiio-bta30-pro\/","og_site_name":"hd-multimedia","article_modified_time":"2026-02-02T13:45:32+00:00","og_image":[{"width":1200,"height":1200,"url":"https:\/\/hd-multimedia.com\/hdm_media\/FiiO-BTA30-pro-e1751449211455.jpg","type":"image\/jpeg"}],"twitter_card":"summary_large_image","twitter_misc":{"Estimated reading time":"1 minute"},"schema":{"@context":"https:\/\/schema.org","@graph":[{"@type":"WebPage","@id":"https:\/\/hd-multimedia.com\/trgovina\/fiio-bta30-pro\/","url":"https:\/\/hd-multimedia.com\/trgovina\/fiio-bta30-pro\/","name":"FiiO BTA30 Pro - hd-multimedia","isPartOf":{"@id":"https:\/\/hd-multimedia.com\/#website"},"datePublished":"2025-06-30T13:26:30+00:00","dateModified":"2026-02-02T13:45:32+00:00","description":"FiiO BTA30 FiiO BTA30 Pro je Bluetooth oda\u0161ilja\u010d i prijemnik visoke razlu\u010divosti koji omogu\u0107uje da stvorite Bluetooth stolni sustav u svom domu.","breadcrumb":{"@id":"https:\/\/hd-multimedia.com\/trgovina\/fiio-bta30-pro\/#breadcrumb"},"inLanguage":"en-GB","potentialAction":[{"@type":"ReadAction","target":["https:\/\/hd-multimedia.com\/trgovina\/fiio-bta30-pro\/"]}]},{"@type":"BreadcrumbList","@id":"https:\/\/hd-multimedia.com\/trgovina\/fiio-bta30-pro\/#breadcrumb","itemListElement":[{"@type":"ListItem","position":1,"name":"Po\u010detna stranica","item":"https:\/\/hd-multimedia.com\/"},{"@type":"ListItem","position":2,"name":"Trgovina","item":"https:\/\/hd-multimedia.com\/trgovina\/"},{"@type":"ListItem","position":3,"name":"FiiO BTA30 Pro"}]},{"@type":"WebSite","@id":"https:\/\/hd-multimedia.com\/#website","url":"https:\/\/hd-multimedia.com\/","name":"hd-multimedia","description":"","publisher":{"@id":"https:\/\/hd-multimedia.com\/#organization"},"potentialAction":[{"@type":"SearchAction","target":{"@type":"EntryPoint","urlTemplate":"https:\/\/hd-multimedia.com\/?s={search_term_string}"},"query-input":"required name=search_term_string"}],"inLanguage":"en-GB"},{"@type":"Organization","@id":"https:\/\/hd-multimedia.com\/#organization","name":"hd-multimedia","url":"https:\/\/hd-multimedia.com\/","logo":{"@type":"ImageObject","inLanguage":"en-GB","@id":"https:\/\/hd-multimedia.com\/#\/schema\/logo\/image\/","url":"https:\/\/hd-multimedia.com\/hdm_media\/HD-curves-ok-196-56px-alpha-1.png","contentUrl":"https:\/\/hd-multimedia.com\/hdm_media\/HD-curves-ok-196-56px-alpha-1.png","width":196,"height":53,"caption":"hd-multimedia"},"image":{"@id":"https:\/\/hd-multimedia.com\/#\/schema\/logo\/image\/"}}]}},"post_mailing_queue_ids":[],"_links":{"self":[{"href":"https:\/\/hd-multimedia.com\/en\/wp-json\/wp\/v2\/product\/18624","targetHints":{"allow":["GET"]}}],"collection":[{"href":"https:\/\/hd-multimedia.com\/en\/wp-json\/wp\/v2\/product"}],"about":[{"href":"https:\/\/hd-multimedia.com\/en\/wp-json\/wp\/v2\/types\/product"}],"version-history":[{"count":4,"href":"https:\/\/hd-multimedia.com\/en\/wp-json\/wp\/v2\/product\/18624\/revisions"}],"predecessor-version":[{"id":18661,"href":"https:\/\/hd-multimedia.com\/en\/wp-json\/wp\/v2\/product\/18624\/revisions\/18661"}],"wp:featuredmedia":[{"embeddable":true,"href":"https:\/\/hd-multimedia.com\/en\/wp-json\/wp\/v2\/media\/18656"}],"wp:attachment":[{"href":"https:\/\/hd-multimedia.com\/en\/wp-json\/wp\/v2\/media?parent=18624"}],"curies":[{"name":"wp","href":"https:\/\/api.w.org\/{rel}","templated":true}]}}