{"id":186,"date":"2019-08-21T09:47:48","date_gmt":"2019-08-21T09:47:48","guid":{"rendered":"https:\/\/hd-multimedia.com\/?product=fiio-fb1-w"},"modified":"2026-04-01T09:10:41","modified_gmt":"2026-04-01T09:10:41","slug":"fiio-fb1-w","status":"publish","type":"product","link":"https:\/\/hd-multimedia.com\/en\/trgovina\/fiio-fb1-w\/","title":{"rendered":"FiiO FB1"},"content":{"rendered":"<p>What if you get a call while you&#039;re enjoying your music? No problem \u2013 with just the press of a button, you can switch from music to voice calls within a second. The FB1&#039;s built-in high-definition microphone ensures that the person on the other end will catch every word you say.<\/p>\n<ul>\n<li>Supported audio formats: aptX, SBC, and AAC<\/li>\n<li>Bluetooth chip: CSR8645<\/li>\n<li>Bluetooth version: 4.1<\/li>\n<li>Transmission distance: About 20 meters (at open area connecting to phone)<\/li>\n<li>Battery capacity: 110mAh<\/li>\n<li>Battery life: About 8 hours<\/li>\n<li>Charging time: \u22642 hours<\/li>\n<li>Charging port: Micro USB<\/li>\n<li>Weight: About 20g<\/li>\n<\/ul>\n<p><a href=\"https:\/\/www.fiio.com\/fb1\" target=\"_blank\" rel=\"noopener\">You can find other information at this link.<\/a><\/p>","protected":false},"excerpt":{"rendered":"<p>FiiO FB1 Bluetooth 4.1 headphones with microphone and aptX\/AAC\/SBC support. The FB1 uses the Qualcomm CSR8645 Bluetooth 4.1 chip, which supports SBC, AAC and aptX audio codecs to ensure you get the best out of your music. The FiiO FB1 has ear hooks for a firm and comfortable fit in your ears. It comes with 3 pairs of ear tips (small, medium and large) in different sizes for a customized fit and a storage bag. These headphones are easy and comfortable to wear, weighing only 20 grams.<\/p>\n<p><a href=\"https:\/\/www.fiio.com\/fb1\" target=\"_blank\" rel=\"noopener\">Link for additional information on specifications!<\/a><\/p>","protected":false},"featured_media":1088,"template":"","meta":{"site-sidebar-layout":"default","site-content-layout":"default","ast-site-content-layout":"default","site-content-style":"default","site-sidebar-style":"default","ast-global-header-display":"","ast-banner-title-visibility":"","ast-main-header-display":"","ast-hfb-above-header-display":"","ast-hfb-below-header-display":"","ast-hfb-mobile-header-display":"","site-post-title":"","ast-breadcrumbs-content":"","ast-featured-img":"","footer-sml-layout":"","theme-transparent-header-meta":"default","adv-header-id-meta":"","stick-header-meta":"default","header-above-stick-meta":"","header-main-stick-meta":"","header-below-stick-meta":"","astra-migrate-meta-layouts":"set","ast-page-background-enabled":"default","ast-page-background-meta":{"desktop":{"background-color":"","background-image":"","background-repeat":"repeat","background-position":"center center","background-size":"auto","background-attachment":"scroll","background-type":"","background-media":"","overlay-type":"","overlay-color":"","overlay-opacity":"","overlay-gradient":""},"tablet":{"background-color":"","background-image":"","background-repeat":"repeat","background-position":"center center","background-size":"auto","background-attachment":"scroll","background-type":"","background-media":"","overlay-type":"","overlay-color":"","overlay-opacity":"","overlay-gradient":""},"mobile":{"background-color":"","background-image":"","background-repeat":"repeat","background-position":"center center","background-size":"auto","background-attachment":"scroll","background-type":"","background-media":"","overlay-type":"","overlay-color":"","overlay-opacity":"","overlay-gradient":""}},"ast-content-background-meta":{"desktop":{"background-color":"var(--ast-global-color-5)","background-image":"","background-repeat":"repeat","background-position":"center center","background-size":"auto","background-attachment":"scroll","background-type":"","background-media":"","overlay-type":"","overlay-color":"","overlay-opacity":"","overlay-gradient":""},"tablet":{"background-color":"var(--ast-global-color-5)","background-image":"","background-repeat":"repeat","background-position":"center center","background-size":"auto","background-attachment":"scroll","background-type":"","background-media":"","overlay-type":"","overlay-color":"","overlay-opacity":"","overlay-gradient":""},"mobile":{"background-color":"var(--ast-global-color-5)","background-image":"","background-repeat":"repeat","background-position":"center center","background-size":"auto","background-attachment":"scroll","background-type":"","background-media":"","overlay-type":"","overlay-color":"","overlay-opacity":"","overlay-gradient":""}}},"class_list":["post-186","product","type-product","status-publish","has-post-thumbnail","hentry","product_cat-usne-slusalice-iem","product_cat-bluetooth-slusalice","product_cat-fiio","product_tag-bluetooth-iem","desktop-align-center","tablet-align-center","mobile-align-center","ast-product-gallery-layout-horizontal","ast-magnify-disabled","ast-product-tabs-layout-horizontal"],"yoast_head":"<!-- This site is optimized with the Yoast SEO plugin v21.4 - https:\/\/yoast.com\/wordpress\/plugins\/seo\/ -->\n<title>FiiO FB1 - hd-multimedia<\/title>\n<meta name=\"description\" content=\"FiiO FB1 Bluetooth 4.1 slu\u0161alice s mikrofonom. FB1 koristi Qualcomm CSR8645 Bluetooth 4.1 \u010dip, koji podr\u017eava SBC, AAC i aptX audio kodeke.\" \/>\n<meta name=\"robots\" content=\"index, follow, max-snippet:-1, max-image-preview:large, max-video-preview:-1\" \/>\n<link rel=\"canonical\" href=\"https:\/\/hd-multimedia.com\/en\/trgovina\/fiio-fb1-w\/\" \/>\n<meta property=\"og:locale\" content=\"en_GB\" \/>\n<meta property=\"og:type\" content=\"article\" \/>\n<meta property=\"og:title\" content=\"FiiO FB1 - hd-multimedia\" \/>\n<meta property=\"og:description\" content=\"FiiO FB1 Bluetooth 4.1 slu\u0161alice s mikrofonom. FB1 koristi Qualcomm CSR8645 Bluetooth 4.1 \u010dip, koji podr\u017eava SBC, AAC i aptX audio kodeke.\" \/>\n<meta property=\"og:url\" content=\"https:\/\/hd-multimedia.com\/en\/trgovina\/fiio-fb1-w\/\" \/>\n<meta property=\"og:site_name\" content=\"hd-multimedia\" \/>\n<meta property=\"article:modified_time\" content=\"2026-04-01T09:10:41+00:00\" \/>\n<meta property=\"og:image\" content=\"https:\/\/hd-multimedia.com\/hdm_media\/FB1-1-e1567687077976.jpg\" \/>\n\t<meta property=\"og:image:width\" content=\"678\" \/>\n\t<meta property=\"og:image:height\" content=\"678\" \/>\n\t<meta property=\"og:image:type\" content=\"image\/jpeg\" \/>\n<meta name=\"twitter:card\" content=\"summary_large_image\" \/>\n<meta name=\"twitter:label1\" content=\"Estimated reading time\" \/>\n\t<meta name=\"twitter:data1\" content=\"1 minute\" \/>\n<script type=\"application\/ld+json\" class=\"yoast-schema-graph\">{\"@context\":\"https:\/\/schema.org\",\"@graph\":[{\"@type\":\"WebPage\",\"@id\":\"https:\/\/hd-multimedia.com\/trgovina\/fiio-fb1-w\/\",\"url\":\"https:\/\/hd-multimedia.com\/trgovina\/fiio-fb1-w\/\",\"name\":\"FiiO FB1 - hd-multimedia\",\"isPartOf\":{\"@id\":\"https:\/\/hd-multimedia.com\/#website\"},\"datePublished\":\"2019-08-21T09:47:48+00:00\",\"dateModified\":\"2026-04-01T09:10:41+00:00\",\"description\":\"FiiO FB1 Bluetooth 4.1 slu\u0161alice s mikrofonom. FB1 koristi Qualcomm CSR8645 Bluetooth 4.1 \u010dip, koji podr\u017eava SBC, AAC i aptX audio kodeke.\",\"breadcrumb\":{\"@id\":\"https:\/\/hd-multimedia.com\/trgovina\/fiio-fb1-w\/#breadcrumb\"},\"inLanguage\":\"en-GB\",\"potentialAction\":[{\"@type\":\"ReadAction\",\"target\":[\"https:\/\/hd-multimedia.com\/trgovina\/fiio-fb1-w\/\"]}]},{\"@type\":\"BreadcrumbList\",\"@id\":\"https:\/\/hd-multimedia.com\/trgovina\/fiio-fb1-w\/#breadcrumb\",\"itemListElement\":[{\"@type\":\"ListItem\",\"position\":1,\"name\":\"Po\u010detna stranica\",\"item\":\"https:\/\/hd-multimedia.com\/\"},{\"@type\":\"ListItem\",\"position\":2,\"name\":\"Trgovina\",\"item\":\"https:\/\/hd-multimedia.com\/trgovina\/\"},{\"@type\":\"ListItem\",\"position\":3,\"name\":\"FiiO FB1\"}]},{\"@type\":\"WebSite\",\"@id\":\"https:\/\/hd-multimedia.com\/#website\",\"url\":\"https:\/\/hd-multimedia.com\/\",\"name\":\"hd-multimedia\",\"description\":\"\",\"publisher\":{\"@id\":\"https:\/\/hd-multimedia.com\/#organization\"},\"potentialAction\":[{\"@type\":\"SearchAction\",\"target\":{\"@type\":\"EntryPoint\",\"urlTemplate\":\"https:\/\/hd-multimedia.com\/?s={search_term_string}\"},\"query-input\":\"required name=search_term_string\"}],\"inLanguage\":\"en-GB\"},{\"@type\":\"Organization\",\"@id\":\"https:\/\/hd-multimedia.com\/#organization\",\"name\":\"hd-multimedia\",\"url\":\"https:\/\/hd-multimedia.com\/\",\"logo\":{\"@type\":\"ImageObject\",\"inLanguage\":\"en-GB\",\"@id\":\"https:\/\/hd-multimedia.com\/#\/schema\/logo\/image\/\",\"url\":\"https:\/\/hd-multimedia.com\/hdm_media\/HD-curves-ok-196-56px-alpha-1.png\",\"contentUrl\":\"https:\/\/hd-multimedia.com\/hdm_media\/HD-curves-ok-196-56px-alpha-1.png\",\"width\":196,\"height\":53,\"caption\":\"hd-multimedia\"},\"image\":{\"@id\":\"https:\/\/hd-multimedia.com\/#\/schema\/logo\/image\/\"}}]}<\/script>\n<!-- \/ Yoast SEO plugin. -->","yoast_head_json":{"title":"FiiO FB1 - hd-multimedia","description":"FiiO FB1 Bluetooth 4.1 slu\u0161alice s mikrofonom. FB1 koristi Qualcomm CSR8645 Bluetooth 4.1 \u010dip, koji podr\u017eava SBC, AAC i aptX audio kodeke.","robots":{"index":"index","follow":"follow","max-snippet":"max-snippet:-1","max-image-preview":"max-image-preview:large","max-video-preview":"max-video-preview:-1"},"canonical":"https:\/\/hd-multimedia.com\/en\/trgovina\/fiio-fb1-w\/","og_locale":"en_GB","og_type":"article","og_title":"FiiO FB1 - hd-multimedia","og_description":"FiiO FB1 Bluetooth 4.1 slu\u0161alice s mikrofonom. FB1 koristi Qualcomm CSR8645 Bluetooth 4.1 \u010dip, koji podr\u017eava SBC, AAC i aptX audio kodeke.","og_url":"https:\/\/hd-multimedia.com\/en\/trgovina\/fiio-fb1-w\/","og_site_name":"hd-multimedia","article_modified_time":"2026-04-01T09:10:41+00:00","og_image":[{"width":678,"height":678,"url":"https:\/\/hd-multimedia.com\/hdm_media\/FB1-1-e1567687077976.jpg","type":"image\/jpeg"}],"twitter_card":"summary_large_image","twitter_misc":{"Estimated reading time":"1 minute"},"schema":{"@context":"https:\/\/schema.org","@graph":[{"@type":"WebPage","@id":"https:\/\/hd-multimedia.com\/trgovina\/fiio-fb1-w\/","url":"https:\/\/hd-multimedia.com\/trgovina\/fiio-fb1-w\/","name":"FiiO FB1 - hd-multimedia","isPartOf":{"@id":"https:\/\/hd-multimedia.com\/#website"},"datePublished":"2019-08-21T09:47:48+00:00","dateModified":"2026-04-01T09:10:41+00:00","description":"FiiO FB1 Bluetooth 4.1 slu\u0161alice s mikrofonom. FB1 koristi Qualcomm CSR8645 Bluetooth 4.1 \u010dip, koji podr\u017eava SBC, AAC i aptX audio kodeke.","breadcrumb":{"@id":"https:\/\/hd-multimedia.com\/trgovina\/fiio-fb1-w\/#breadcrumb"},"inLanguage":"en-GB","potentialAction":[{"@type":"ReadAction","target":["https:\/\/hd-multimedia.com\/trgovina\/fiio-fb1-w\/"]}]},{"@type":"BreadcrumbList","@id":"https:\/\/hd-multimedia.com\/trgovina\/fiio-fb1-w\/#breadcrumb","itemListElement":[{"@type":"ListItem","position":1,"name":"Po\u010detna stranica","item":"https:\/\/hd-multimedia.com\/"},{"@type":"ListItem","position":2,"name":"Trgovina","item":"https:\/\/hd-multimedia.com\/trgovina\/"},{"@type":"ListItem","position":3,"name":"FiiO FB1"}]},{"@type":"WebSite","@id":"https:\/\/hd-multimedia.com\/#website","url":"https:\/\/hd-multimedia.com\/","name":"hd-multimedia","description":"","publisher":{"@id":"https:\/\/hd-multimedia.com\/#organization"},"potentialAction":[{"@type":"SearchAction","target":{"@type":"EntryPoint","urlTemplate":"https:\/\/hd-multimedia.com\/?s={search_term_string}"},"query-input":"required name=search_term_string"}],"inLanguage":"en-GB"},{"@type":"Organization","@id":"https:\/\/hd-multimedia.com\/#organization","name":"hd-multimedia","url":"https:\/\/hd-multimedia.com\/","logo":{"@type":"ImageObject","inLanguage":"en-GB","@id":"https:\/\/hd-multimedia.com\/#\/schema\/logo\/image\/","url":"https:\/\/hd-multimedia.com\/hdm_media\/HD-curves-ok-196-56px-alpha-1.png","contentUrl":"https:\/\/hd-multimedia.com\/hdm_media\/HD-curves-ok-196-56px-alpha-1.png","width":196,"height":53,"caption":"hd-multimedia"},"image":{"@id":"https:\/\/hd-multimedia.com\/#\/schema\/logo\/image\/"}}]}},"post_mailing_queue_ids":[],"_links":{"self":[{"href":"https:\/\/hd-multimedia.com\/en\/wp-json\/wp\/v2\/product\/186","targetHints":{"allow":["GET"]}}],"collection":[{"href":"https:\/\/hd-multimedia.com\/en\/wp-json\/wp\/v2\/product"}],"about":[{"href":"https:\/\/hd-multimedia.com\/en\/wp-json\/wp\/v2\/types\/product"}],"version-history":[{"count":5,"href":"https:\/\/hd-multimedia.com\/en\/wp-json\/wp\/v2\/product\/186\/revisions"}],"predecessor-version":[{"id":14299,"href":"https:\/\/hd-multimedia.com\/en\/wp-json\/wp\/v2\/product\/186\/revisions\/14299"}],"wp:featuredmedia":[{"embeddable":true,"href":"https:\/\/hd-multimedia.com\/en\/wp-json\/wp\/v2\/media\/1088"}],"wp:attachment":[{"href":"https:\/\/hd-multimedia.com\/en\/wp-json\/wp\/v2\/media?parent=186"}],"curies":[{"name":"wp","href":"https:\/\/api.w.org\/{rel}","templated":true}]}}