{"id":18489,"date":"2025-05-07T12:08:33","date_gmt":"2025-05-07T12:08:33","guid":{"rendered":"https:\/\/hd-multimedia.com\/?post_type=product&#038;p=18489"},"modified":"2026-03-30T09:30:59","modified_gmt":"2026-03-30T09:30:59","slug":"fiio-ft1-pro","status":"publish","type":"product","link":"https:\/\/hd-multimedia.com\/en\/trgovina\/fiio-ft1-pro\/","title":{"rendered":"FiiO FT1 Pro"},"content":{"rendered":"<p>The FiiO FT1 Pro are open-back headphones, meaning they let in some external sound. The FiiO FT1 Pro weigh around 374 grams and are covered in breathable fabric with leatherette for comfort during extended use. The FiiO FT1 Pro comes with a 4.4mm balanced cable, a 3.5mm single-ended cable, and a 3.5mm to 6.3mm adapter. There&#039;s also a hard case for safe transportation.<\/p>\n<p>Specifications:<br \/>\nFrequency response: 7 Hz to 40 kHz.<br \/>\nImpedance: 20 ohms.<br \/>\nSensitivity: 112 dB\/Vrms (@1 kHz) \/ 95 dB\/mW (@1 kHz).<br \/>\nWeight: 374 g.<\/p>\n<p><a href=\"https:\/\/www.fiio.com\/ft1pro_reviews\" target=\"_blank\" rel=\"noopener\">FiiO FT1 Pro reviews!<\/a><\/p>","protected":false},"excerpt":{"rendered":"<p>The FiiO FT1 Pro uses a large planar magnetic driver measuring 95\u00d786 mm. The diaphragm is ultra-thin, just 1 micron, and is made of PET (polyethylene terephthalate), a material often chosen for its balance of flexibility and durability. To improve performance, FiiO has applied its patented dual-coating system made of aluminum and sapphire, which helps with the driver\u2019s rigidity, treble clarity, and reduced distortion. The FiiO FT1 Pro is designed to operate in a frequency range of 7 Hz to 40 kHz, so it is capable of covering deep bass and airy highs. Planar drivers like this are known for being faster and more precise, thanks to their flat magnetic design and smoothly driven diaphragm.<\/p>\n<p><a href=\"https:\/\/www.fiio.com\/ft1pro\" target=\"_blank\" rel=\"noopener\">More about FiiO FT1 Pro<\/a><\/p>","protected":false},"featured_media":18492,"template":"","meta":{"site-sidebar-layout":"default","site-content-layout":"","ast-site-content-layout":"default","site-content-style":"default","site-sidebar-style":"default","ast-global-header-display":"","ast-banner-title-visibility":"","ast-main-header-display":"","ast-hfb-above-header-display":"","ast-hfb-below-header-display":"","ast-hfb-mobile-header-display":"","site-post-title":"","ast-breadcrumbs-content":"","ast-featured-img":"","footer-sml-layout":"","theme-transparent-header-meta":"default","adv-header-id-meta":"","stick-header-meta":"default","header-above-stick-meta":"","header-main-stick-meta":"","header-below-stick-meta":"","astra-migrate-meta-layouts":"set","ast-page-background-enabled":"default","ast-page-background-meta":{"desktop":{"background-color":"","background-image":"","background-repeat":"repeat","background-position":"center center","background-size":"auto","background-attachment":"scroll","background-type":"","background-media":"","overlay-type":"","overlay-color":"","overlay-opacity":"","overlay-gradient":""},"tablet":{"background-color":"","background-image":"","background-repeat":"repeat","background-position":"center center","background-size":"auto","background-attachment":"scroll","background-type":"","background-media":"","overlay-type":"","overlay-color":"","overlay-opacity":"","overlay-gradient":""},"mobile":{"background-color":"","background-image":"","background-repeat":"repeat","background-position":"center center","background-size":"auto","background-attachment":"scroll","background-type":"","background-media":"","overlay-type":"","overlay-color":"","overlay-opacity":"","overlay-gradient":""}},"ast-content-background-meta":{"desktop":{"background-color":"var(--ast-global-color-5)","background-image":"","background-repeat":"repeat","background-position":"center center","background-size":"auto","background-attachment":"scroll","background-type":"","background-media":"","overlay-type":"","overlay-color":"","overlay-opacity":"","overlay-gradient":""},"tablet":{"background-color":"var(--ast-global-color-5)","background-image":"","background-repeat":"repeat","background-position":"center center","background-size":"auto","background-attachment":"scroll","background-type":"","background-media":"","overlay-type":"","overlay-color":"","overlay-opacity":"","overlay-gradient":""},"mobile":{"background-color":"var(--ast-global-color-5)","background-image":"","background-repeat":"repeat","background-position":"center center","background-size":"auto","background-attachment":"scroll","background-type":"","background-media":"","overlay-type":"","overlay-color":"","overlay-opacity":"","overlay-gradient":""}}},"class_list":["post-18489","product","type-product","status-publish","has-post-thumbnail","hentry","product_cat-naglavne-slusalice","product_cat-fiio","desktop-align-center","tablet-align-center","mobile-align-center","ast-product-gallery-layout-horizontal","ast-magnify-disabled","ast-product-tabs-layout-horizontal"],"yoast_head":"<!-- This site is optimized with the Yoast SEO plugin v21.4 - https:\/\/yoast.com\/wordpress\/plugins\/seo\/ -->\n<title>FiiO FT1 Pro - hd-multimedia<\/title>\n<meta name=\"description\" content=\"FiiO FT1 Pro su slu\u0161alice otvorenog tipa \u0161to zna\u010di da propu\u0161taju ne\u0161to vanjskog zvuka. FiiO FT1 Pro te\u017ee oko 374 grama i prekrivene prozra\u010dnom tkaninom.\" \/>\n<meta name=\"robots\" content=\"index, follow, max-snippet:-1, max-image-preview:large, max-video-preview:-1\" \/>\n<link rel=\"canonical\" href=\"https:\/\/hd-multimedia.com\/en\/trgovina\/fiio-ft1-pro\/\" \/>\n<meta property=\"og:locale\" content=\"en_GB\" \/>\n<meta property=\"og:type\" content=\"article\" \/>\n<meta property=\"og:title\" content=\"FiiO FT1 Pro - hd-multimedia\" \/>\n<meta property=\"og:description\" content=\"FiiO FT1 Pro su slu\u0161alice otvorenog tipa \u0161to zna\u010di da propu\u0161taju ne\u0161to vanjskog zvuka. FiiO FT1 Pro te\u017ee oko 374 grama i prekrivene prozra\u010dnom tkaninom.\" \/>\n<meta property=\"og:url\" content=\"https:\/\/hd-multimedia.com\/en\/trgovina\/fiio-ft1-pro\/\" \/>\n<meta property=\"og:site_name\" content=\"hd-multimedia\" \/>\n<meta property=\"article:modified_time\" content=\"2026-03-30T09:30:59+00:00\" \/>\n<meta property=\"og:image\" content=\"https:\/\/hd-multimedia.com\/hdm_media\/FiiO-FT1-Pro-3-e1746617327856.jpg\" \/>\n\t<meta property=\"og:image:width\" content=\"700\" \/>\n\t<meta property=\"og:image:height\" content=\"700\" \/>\n\t<meta property=\"og:image:type\" content=\"image\/jpeg\" \/>\n<meta name=\"twitter:card\" content=\"summary_large_image\" \/>\n<meta name=\"twitter:label1\" content=\"Estimated reading time\" \/>\n\t<meta name=\"twitter:data1\" content=\"1 minute\" \/>\n<script type=\"application\/ld+json\" class=\"yoast-schema-graph\">{\"@context\":\"https:\/\/schema.org\",\"@graph\":[{\"@type\":\"WebPage\",\"@id\":\"https:\/\/hd-multimedia.com\/trgovina\/fiio-ft1-pro\/\",\"url\":\"https:\/\/hd-multimedia.com\/trgovina\/fiio-ft1-pro\/\",\"name\":\"FiiO FT1 Pro - hd-multimedia\",\"isPartOf\":{\"@id\":\"https:\/\/hd-multimedia.com\/#website\"},\"datePublished\":\"2025-05-07T12:08:33+00:00\",\"dateModified\":\"2026-03-30T09:30:59+00:00\",\"description\":\"FiiO FT1 Pro su slu\u0161alice otvorenog tipa \u0161to zna\u010di da propu\u0161taju ne\u0161to vanjskog zvuka. FiiO FT1 Pro te\u017ee oko 374 grama i prekrivene prozra\u010dnom tkaninom.\",\"breadcrumb\":{\"@id\":\"https:\/\/hd-multimedia.com\/trgovina\/fiio-ft1-pro\/#breadcrumb\"},\"inLanguage\":\"en-GB\",\"potentialAction\":[{\"@type\":\"ReadAction\",\"target\":[\"https:\/\/hd-multimedia.com\/trgovina\/fiio-ft1-pro\/\"]}]},{\"@type\":\"BreadcrumbList\",\"@id\":\"https:\/\/hd-multimedia.com\/trgovina\/fiio-ft1-pro\/#breadcrumb\",\"itemListElement\":[{\"@type\":\"ListItem\",\"position\":1,\"name\":\"Po\u010detna stranica\",\"item\":\"https:\/\/hd-multimedia.com\/\"},{\"@type\":\"ListItem\",\"position\":2,\"name\":\"Trgovina\",\"item\":\"https:\/\/hd-multimedia.com\/trgovina\/\"},{\"@type\":\"ListItem\",\"position\":3,\"name\":\"FiiO FT1 Pro\"}]},{\"@type\":\"WebSite\",\"@id\":\"https:\/\/hd-multimedia.com\/#website\",\"url\":\"https:\/\/hd-multimedia.com\/\",\"name\":\"hd-multimedia\",\"description\":\"\",\"publisher\":{\"@id\":\"https:\/\/hd-multimedia.com\/#organization\"},\"potentialAction\":[{\"@type\":\"SearchAction\",\"target\":{\"@type\":\"EntryPoint\",\"urlTemplate\":\"https:\/\/hd-multimedia.com\/?s={search_term_string}\"},\"query-input\":\"required name=search_term_string\"}],\"inLanguage\":\"en-GB\"},{\"@type\":\"Organization\",\"@id\":\"https:\/\/hd-multimedia.com\/#organization\",\"name\":\"hd-multimedia\",\"url\":\"https:\/\/hd-multimedia.com\/\",\"logo\":{\"@type\":\"ImageObject\",\"inLanguage\":\"en-GB\",\"@id\":\"https:\/\/hd-multimedia.com\/#\/schema\/logo\/image\/\",\"url\":\"https:\/\/hd-multimedia.com\/hdm_media\/HD-curves-ok-196-56px-alpha-1.png\",\"contentUrl\":\"https:\/\/hd-multimedia.com\/hdm_media\/HD-curves-ok-196-56px-alpha-1.png\",\"width\":196,\"height\":53,\"caption\":\"hd-multimedia\"},\"image\":{\"@id\":\"https:\/\/hd-multimedia.com\/#\/schema\/logo\/image\/\"}}]}<\/script>\n<!-- \/ Yoast SEO plugin. -->","yoast_head_json":{"title":"FiiO FT1 Pro - hd-multimedia","description":"FiiO FT1 Pro su slu\u0161alice otvorenog tipa \u0161to zna\u010di da propu\u0161taju ne\u0161to vanjskog zvuka. FiiO FT1 Pro te\u017ee oko 374 grama i prekrivene prozra\u010dnom tkaninom.","robots":{"index":"index","follow":"follow","max-snippet":"max-snippet:-1","max-image-preview":"max-image-preview:large","max-video-preview":"max-video-preview:-1"},"canonical":"https:\/\/hd-multimedia.com\/en\/trgovina\/fiio-ft1-pro\/","og_locale":"en_GB","og_type":"article","og_title":"FiiO FT1 Pro - hd-multimedia","og_description":"FiiO FT1 Pro su slu\u0161alice otvorenog tipa \u0161to zna\u010di da propu\u0161taju ne\u0161to vanjskog zvuka. FiiO FT1 Pro te\u017ee oko 374 grama i prekrivene prozra\u010dnom tkaninom.","og_url":"https:\/\/hd-multimedia.com\/en\/trgovina\/fiio-ft1-pro\/","og_site_name":"hd-multimedia","article_modified_time":"2026-03-30T09:30:59+00:00","og_image":[{"width":700,"height":700,"url":"https:\/\/hd-multimedia.com\/hdm_media\/FiiO-FT1-Pro-3-e1746617327856.jpg","type":"image\/jpeg"}],"twitter_card":"summary_large_image","twitter_misc":{"Estimated reading time":"1 minute"},"schema":{"@context":"https:\/\/schema.org","@graph":[{"@type":"WebPage","@id":"https:\/\/hd-multimedia.com\/trgovina\/fiio-ft1-pro\/","url":"https:\/\/hd-multimedia.com\/trgovina\/fiio-ft1-pro\/","name":"FiiO FT1 Pro - hd-multimedia","isPartOf":{"@id":"https:\/\/hd-multimedia.com\/#website"},"datePublished":"2025-05-07T12:08:33+00:00","dateModified":"2026-03-30T09:30:59+00:00","description":"FiiO FT1 Pro su slu\u0161alice otvorenog tipa \u0161to zna\u010di da propu\u0161taju ne\u0161to vanjskog zvuka. FiiO FT1 Pro te\u017ee oko 374 grama i prekrivene prozra\u010dnom tkaninom.","breadcrumb":{"@id":"https:\/\/hd-multimedia.com\/trgovina\/fiio-ft1-pro\/#breadcrumb"},"inLanguage":"en-GB","potentialAction":[{"@type":"ReadAction","target":["https:\/\/hd-multimedia.com\/trgovina\/fiio-ft1-pro\/"]}]},{"@type":"BreadcrumbList","@id":"https:\/\/hd-multimedia.com\/trgovina\/fiio-ft1-pro\/#breadcrumb","itemListElement":[{"@type":"ListItem","position":1,"name":"Po\u010detna stranica","item":"https:\/\/hd-multimedia.com\/"},{"@type":"ListItem","position":2,"name":"Trgovina","item":"https:\/\/hd-multimedia.com\/trgovina\/"},{"@type":"ListItem","position":3,"name":"FiiO FT1 Pro"}]},{"@type":"WebSite","@id":"https:\/\/hd-multimedia.com\/#website","url":"https:\/\/hd-multimedia.com\/","name":"hd-multimedia","description":"","publisher":{"@id":"https:\/\/hd-multimedia.com\/#organization"},"potentialAction":[{"@type":"SearchAction","target":{"@type":"EntryPoint","urlTemplate":"https:\/\/hd-multimedia.com\/?s={search_term_string}"},"query-input":"required name=search_term_string"}],"inLanguage":"en-GB"},{"@type":"Organization","@id":"https:\/\/hd-multimedia.com\/#organization","name":"hd-multimedia","url":"https:\/\/hd-multimedia.com\/","logo":{"@type":"ImageObject","inLanguage":"en-GB","@id":"https:\/\/hd-multimedia.com\/#\/schema\/logo\/image\/","url":"https:\/\/hd-multimedia.com\/hdm_media\/HD-curves-ok-196-56px-alpha-1.png","contentUrl":"https:\/\/hd-multimedia.com\/hdm_media\/HD-curves-ok-196-56px-alpha-1.png","width":196,"height":53,"caption":"hd-multimedia"},"image":{"@id":"https:\/\/hd-multimedia.com\/#\/schema\/logo\/image\/"}}]}},"post_mailing_queue_ids":[],"_links":{"self":[{"href":"https:\/\/hd-multimedia.com\/en\/wp-json\/wp\/v2\/product\/18489","targetHints":{"allow":["GET"]}}],"collection":[{"href":"https:\/\/hd-multimedia.com\/en\/wp-json\/wp\/v2\/product"}],"about":[{"href":"https:\/\/hd-multimedia.com\/en\/wp-json\/wp\/v2\/types\/product"}],"version-history":[{"count":1,"href":"https:\/\/hd-multimedia.com\/en\/wp-json\/wp\/v2\/product\/18489\/revisions"}],"predecessor-version":[{"id":18495,"href":"https:\/\/hd-multimedia.com\/en\/wp-json\/wp\/v2\/product\/18489\/revisions\/18495"}],"wp:featuredmedia":[{"embeddable":true,"href":"https:\/\/hd-multimedia.com\/en\/wp-json\/wp\/v2\/media\/18492"}],"wp:attachment":[{"href":"https:\/\/hd-multimedia.com\/en\/wp-json\/wp\/v2\/media?parent=18489"}],"curies":[{"name":"wp","href":"https:\/\/api.w.org\/{rel}","templated":true}]}}