{"id":18480,"date":"2025-05-07T09:20:26","date_gmt":"2025-05-07T09:20:26","guid":{"rendered":"https:\/\/hd-multimedia.com\/?post_type=product&#038;p=18480"},"modified":"2026-02-20T11:08:31","modified_gmt":"2026-02-20T11:08:31","slug":"fiio-rr11","status":"publish","type":"product","link":"https:\/\/hd-multimedia.com\/en\/trgovina\/fiio-rr11\/","title":{"rendered":"FiiO RR11"},"content":{"rendered":"<p>The box contains the FiiO RR11 radio, a white USB charging cable, a black USB-C cable with a digital-to-digital converter for using the amplifier with a digital music source, and a set of headphones with three pairs of tips.<\/p>\n<p>Frequency Modulation (FM) \u2013 FM1: 87~108MHz (standard frequency), FM2: 76~90MHz (Japanese frequency band), FM3: 64~87MHz (school frequency band)<br \/>\nFM radio chip \u2013 Silicon Labs Si4831<br \/>\nIndicators \u2013 Stereo indicator, frequency indicator, radio indicator, battery level indicator<br \/>\nUSB port - Type-C USB<br \/>\nHeadphone jack \u2013 3.5 mm jack<br \/>\nBattery \u2013 300 mAh for 8 hours of operation<br \/>\nCharging time \u2013 2 hours on a 5V charger (do not use fast chargers)<\/p>\n<p><a href=\"https:\/\/www.fiio.com\/RR11_parameters\" target=\"_blank\" rel=\"noopener\">Detailed specifications for FiiO RR11<\/a><\/p>","protected":false},"excerpt":{"rendered":"<p>The FiiO RR11 is a stylish digital radio with an analog dial. It also doubles as a headphone amplifier. It comes with headphones with a 3.5mm jack and three pairs of ear tips. The FiiO RR11 features a Silicon Labs Si4831 FM radio chip. It receives a digital radio signal and converts it to analog. The mechanical station selector mimics an analog PVR (phase voltage regulator) setting, like grandma&#039;s kitchen radio. The radio chip handles the entire processing chain from antenna input to decoding to audio output and provides robust reception. The FiiO RR11 has a built-in antenna, but also uses the headphone cable as such. The 3 FM bands provide ultra-wide FM coverage and therefore worldwide reception.<\/p>\n<p><a href=\"https:\/\/www.fiio.com\/RR11\" target=\"_blank\" rel=\"noopener\">More about FiiO RR11<\/a><\/p>","protected":false},"featured_media":19342,"template":"","meta":{"site-sidebar-layout":"default","site-content-layout":"","ast-site-content-layout":"default","site-content-style":"default","site-sidebar-style":"default","ast-global-header-display":"","ast-banner-title-visibility":"","ast-main-header-display":"","ast-hfb-above-header-display":"","ast-hfb-below-header-display":"","ast-hfb-mobile-header-display":"","site-post-title":"","ast-breadcrumbs-content":"","ast-featured-img":"","footer-sml-layout":"","theme-transparent-header-meta":"default","adv-header-id-meta":"","stick-header-meta":"default","header-above-stick-meta":"","header-main-stick-meta":"","header-below-stick-meta":"","astra-migrate-meta-layouts":"set","ast-page-background-enabled":"default","ast-page-background-meta":{"desktop":{"background-color":"","background-image":"","background-repeat":"repeat","background-position":"center center","background-size":"auto","background-attachment":"scroll","background-type":"","background-media":"","overlay-type":"","overlay-color":"","overlay-opacity":"","overlay-gradient":""},"tablet":{"background-color":"","background-image":"","background-repeat":"repeat","background-position":"center center","background-size":"auto","background-attachment":"scroll","background-type":"","background-media":"","overlay-type":"","overlay-color":"","overlay-opacity":"","overlay-gradient":""},"mobile":{"background-color":"","background-image":"","background-repeat":"repeat","background-position":"center center","background-size":"auto","background-attachment":"scroll","background-type":"","background-media":"","overlay-type":"","overlay-color":"","overlay-opacity":"","overlay-gradient":""}},"ast-content-background-meta":{"desktop":{"background-color":"var(--ast-global-color-5)","background-image":"","background-repeat":"repeat","background-position":"center center","background-size":"auto","background-attachment":"scroll","background-type":"","background-media":"","overlay-type":"","overlay-color":"","overlay-opacity":"","overlay-gradient":""},"tablet":{"background-color":"var(--ast-global-color-5)","background-image":"","background-repeat":"repeat","background-position":"center center","background-size":"auto","background-attachment":"scroll","background-type":"","background-media":"","overlay-type":"","overlay-color":"","overlay-opacity":"","overlay-gradient":""},"mobile":{"background-color":"var(--ast-global-color-5)","background-image":"","background-repeat":"repeat","background-position":"center center","background-size":"auto","background-attachment":"scroll","background-type":"","background-media":"","overlay-type":"","overlay-color":"","overlay-opacity":"","overlay-gradient":""}}},"class_list":["post-18480","product","type-product","status-publish","has-post-thumbnail","hentry","product_cat-mobilni-playeri","product_cat-fiio","product_tag-novo-u-ponudi-fiio","product_tag-novo-u-ponudi","desktop-align-center","tablet-align-center","mobile-align-center","ast-product-gallery-layout-horizontal","ast-magnify-disabled","ast-product-single-variable","ast-product-tabs-layout-horizontal"],"yoast_head":"<!-- This site is optimized with the Yoast SEO plugin v21.4 - https:\/\/yoast.com\/wordpress\/plugins\/seo\/ -->\n<title>FiiO RR11 - hd-multimedia<\/title>\n<meta name=\"description\" content=\"FiiO RR11 je elegantan digitalni radio s analognim kota\u010di\u0107em koji pokriva tri FM pojasa za prijem diljem svijeta. Uz njega dolaze slu\u0161alice.\" \/>\n<meta name=\"robots\" content=\"index, follow, max-snippet:-1, max-image-preview:large, max-video-preview:-1\" \/>\n<link rel=\"canonical\" href=\"https:\/\/hd-multimedia.com\/en\/trgovina\/fiio-rr11\/\" \/>\n<meta property=\"og:locale\" content=\"en_GB\" \/>\n<meta property=\"og:type\" content=\"article\" \/>\n<meta property=\"og:title\" content=\"FiiO RR11 - hd-multimedia\" \/>\n<meta property=\"og:description\" content=\"FiiO RR11 je elegantan digitalni radio s analognim kota\u010di\u0107em koji pokriva tri FM pojasa za prijem diljem svijeta. Uz njega dolaze slu\u0161alice.\" \/>\n<meta property=\"og:url\" content=\"https:\/\/hd-multimedia.com\/en\/trgovina\/fiio-rr11\/\" \/>\n<meta property=\"og:site_name\" content=\"hd-multimedia\" \/>\n<meta property=\"article:modified_time\" content=\"2026-02-20T11:08:31+00:00\" \/>\n<meta property=\"og:image\" content=\"https:\/\/hd-multimedia.com\/hdm_media\/FiiO-RR11-Black-e1770904722553.jpg\" \/>\n\t<meta property=\"og:image:width\" content=\"700\" \/>\n\t<meta property=\"og:image:height\" content=\"700\" \/>\n\t<meta property=\"og:image:type\" content=\"image\/jpeg\" \/>\n<meta name=\"twitter:card\" content=\"summary_large_image\" \/>\n<meta name=\"twitter:label1\" content=\"Estimated reading time\" \/>\n\t<meta name=\"twitter:data1\" content=\"1 minute\" \/>\n<script type=\"application\/ld+json\" class=\"yoast-schema-graph\">{\"@context\":\"https:\/\/schema.org\",\"@graph\":[{\"@type\":\"WebPage\",\"@id\":\"https:\/\/hd-multimedia.com\/trgovina\/fiio-rr11\/\",\"url\":\"https:\/\/hd-multimedia.com\/trgovina\/fiio-rr11\/\",\"name\":\"FiiO RR11 - hd-multimedia\",\"isPartOf\":{\"@id\":\"https:\/\/hd-multimedia.com\/#website\"},\"datePublished\":\"2025-05-07T09:20:26+00:00\",\"dateModified\":\"2026-02-20T11:08:31+00:00\",\"description\":\"FiiO RR11 je elegantan digitalni radio s analognim kota\u010di\u0107em koji pokriva tri FM pojasa za prijem diljem svijeta. Uz njega dolaze slu\u0161alice.\",\"breadcrumb\":{\"@id\":\"https:\/\/hd-multimedia.com\/trgovina\/fiio-rr11\/#breadcrumb\"},\"inLanguage\":\"en-GB\",\"potentialAction\":[{\"@type\":\"ReadAction\",\"target\":[\"https:\/\/hd-multimedia.com\/trgovina\/fiio-rr11\/\"]}]},{\"@type\":\"BreadcrumbList\",\"@id\":\"https:\/\/hd-multimedia.com\/trgovina\/fiio-rr11\/#breadcrumb\",\"itemListElement\":[{\"@type\":\"ListItem\",\"position\":1,\"name\":\"Po\u010detna stranica\",\"item\":\"https:\/\/hd-multimedia.com\/\"},{\"@type\":\"ListItem\",\"position\":2,\"name\":\"Trgovina\",\"item\":\"https:\/\/hd-multimedia.com\/trgovina\/\"},{\"@type\":\"ListItem\",\"position\":3,\"name\":\"FiiO RR11\"}]},{\"@type\":\"WebSite\",\"@id\":\"https:\/\/hd-multimedia.com\/#website\",\"url\":\"https:\/\/hd-multimedia.com\/\",\"name\":\"hd-multimedia\",\"description\":\"\",\"publisher\":{\"@id\":\"https:\/\/hd-multimedia.com\/#organization\"},\"potentialAction\":[{\"@type\":\"SearchAction\",\"target\":{\"@type\":\"EntryPoint\",\"urlTemplate\":\"https:\/\/hd-multimedia.com\/?s={search_term_string}\"},\"query-input\":\"required name=search_term_string\"}],\"inLanguage\":\"en-GB\"},{\"@type\":\"Organization\",\"@id\":\"https:\/\/hd-multimedia.com\/#organization\",\"name\":\"hd-multimedia\",\"url\":\"https:\/\/hd-multimedia.com\/\",\"logo\":{\"@type\":\"ImageObject\",\"inLanguage\":\"en-GB\",\"@id\":\"https:\/\/hd-multimedia.com\/#\/schema\/logo\/image\/\",\"url\":\"https:\/\/hd-multimedia.com\/hdm_media\/HD-curves-ok-196-56px-alpha-1.png\",\"contentUrl\":\"https:\/\/hd-multimedia.com\/hdm_media\/HD-curves-ok-196-56px-alpha-1.png\",\"width\":196,\"height\":53,\"caption\":\"hd-multimedia\"},\"image\":{\"@id\":\"https:\/\/hd-multimedia.com\/#\/schema\/logo\/image\/\"}}]}<\/script>\n<!-- \/ Yoast SEO plugin. -->","yoast_head_json":{"title":"FiiO RR11 - hd-multimedia","description":"FiiO RR11 je elegantan digitalni radio s analognim kota\u010di\u0107em koji pokriva tri FM pojasa za prijem diljem svijeta. Uz njega dolaze slu\u0161alice.","robots":{"index":"index","follow":"follow","max-snippet":"max-snippet:-1","max-image-preview":"max-image-preview:large","max-video-preview":"max-video-preview:-1"},"canonical":"https:\/\/hd-multimedia.com\/en\/trgovina\/fiio-rr11\/","og_locale":"en_GB","og_type":"article","og_title":"FiiO RR11 - hd-multimedia","og_description":"FiiO RR11 je elegantan digitalni radio s analognim kota\u010di\u0107em koji pokriva tri FM pojasa za prijem diljem svijeta. Uz njega dolaze slu\u0161alice.","og_url":"https:\/\/hd-multimedia.com\/en\/trgovina\/fiio-rr11\/","og_site_name":"hd-multimedia","article_modified_time":"2026-02-20T11:08:31+00:00","og_image":[{"width":700,"height":700,"url":"https:\/\/hd-multimedia.com\/hdm_media\/FiiO-RR11-Black-e1770904722553.jpg","type":"image\/jpeg"}],"twitter_card":"summary_large_image","twitter_misc":{"Estimated reading time":"1 minute"},"schema":{"@context":"https:\/\/schema.org","@graph":[{"@type":"WebPage","@id":"https:\/\/hd-multimedia.com\/trgovina\/fiio-rr11\/","url":"https:\/\/hd-multimedia.com\/trgovina\/fiio-rr11\/","name":"FiiO RR11 - hd-multimedia","isPartOf":{"@id":"https:\/\/hd-multimedia.com\/#website"},"datePublished":"2025-05-07T09:20:26+00:00","dateModified":"2026-02-20T11:08:31+00:00","description":"FiiO RR11 je elegantan digitalni radio s analognim kota\u010di\u0107em koji pokriva tri FM pojasa za prijem diljem svijeta. Uz njega dolaze slu\u0161alice.","breadcrumb":{"@id":"https:\/\/hd-multimedia.com\/trgovina\/fiio-rr11\/#breadcrumb"},"inLanguage":"en-GB","potentialAction":[{"@type":"ReadAction","target":["https:\/\/hd-multimedia.com\/trgovina\/fiio-rr11\/"]}]},{"@type":"BreadcrumbList","@id":"https:\/\/hd-multimedia.com\/trgovina\/fiio-rr11\/#breadcrumb","itemListElement":[{"@type":"ListItem","position":1,"name":"Po\u010detna stranica","item":"https:\/\/hd-multimedia.com\/"},{"@type":"ListItem","position":2,"name":"Trgovina","item":"https:\/\/hd-multimedia.com\/trgovina\/"},{"@type":"ListItem","position":3,"name":"FiiO RR11"}]},{"@type":"WebSite","@id":"https:\/\/hd-multimedia.com\/#website","url":"https:\/\/hd-multimedia.com\/","name":"hd-multimedia","description":"","publisher":{"@id":"https:\/\/hd-multimedia.com\/#organization"},"potentialAction":[{"@type":"SearchAction","target":{"@type":"EntryPoint","urlTemplate":"https:\/\/hd-multimedia.com\/?s={search_term_string}"},"query-input":"required name=search_term_string"}],"inLanguage":"en-GB"},{"@type":"Organization","@id":"https:\/\/hd-multimedia.com\/#organization","name":"hd-multimedia","url":"https:\/\/hd-multimedia.com\/","logo":{"@type":"ImageObject","inLanguage":"en-GB","@id":"https:\/\/hd-multimedia.com\/#\/schema\/logo\/image\/","url":"https:\/\/hd-multimedia.com\/hdm_media\/HD-curves-ok-196-56px-alpha-1.png","contentUrl":"https:\/\/hd-multimedia.com\/hdm_media\/HD-curves-ok-196-56px-alpha-1.png","width":196,"height":53,"caption":"hd-multimedia"},"image":{"@id":"https:\/\/hd-multimedia.com\/#\/schema\/logo\/image\/"}}]}},"post_mailing_queue_ids":[],"_links":{"self":[{"href":"https:\/\/hd-multimedia.com\/en\/wp-json\/wp\/v2\/product\/18480","targetHints":{"allow":["GET"]}}],"collection":[{"href":"https:\/\/hd-multimedia.com\/en\/wp-json\/wp\/v2\/product"}],"about":[{"href":"https:\/\/hd-multimedia.com\/en\/wp-json\/wp\/v2\/types\/product"}],"version-history":[{"count":3,"href":"https:\/\/hd-multimedia.com\/en\/wp-json\/wp\/v2\/product\/18480\/revisions"}],"predecessor-version":[{"id":18488,"href":"https:\/\/hd-multimedia.com\/en\/wp-json\/wp\/v2\/product\/18480\/revisions\/18488"}],"wp:featuredmedia":[{"embeddable":true,"href":"https:\/\/hd-multimedia.com\/en\/wp-json\/wp\/v2\/media\/19342"}],"wp:attachment":[{"href":"https:\/\/hd-multimedia.com\/en\/wp-json\/wp\/v2\/media?parent=18480"}],"curies":[{"name":"wp","href":"https:\/\/api.w.org\/{rel}","templated":true}]}}