{"id":18291,"date":"2025-04-11T09:11:18","date_gmt":"2025-04-11T09:11:18","guid":{"rendered":"https:\/\/hd-multimedia.com\/?post_type=product&#038;p=18291"},"modified":"2025-04-14T13:32:40","modified_gmt":"2025-04-14T13:32:40","slug":"kanto-sx22-2","status":"publish","type":"product","link":"https:\/\/hd-multimedia.com\/en\/trgovina\/kanto-sx22-2\/","title":{"rendered":"Kanto SX22"},"content":{"rendered":"<p>The Kanto SX22 Series floor stands are designed for superior sonic performance and aesthetic harmony with modern interiors. Each stand comes with two sizes of top plates, anti-slip foam pads and integrated cable channels for neat cable management. Precise leveling is enabled by adjustable feet and a built-in bubble level, while silicone pads and metal spikes ensure stability on all types of floors.<\/p>\n<p>With a load capacity of up to 18.1 kg per stand, the Kanto SX22 Series is ideal for medium and larger bookshelf speakers, including the Kanto TUK, YU6 and similar models. Thanks to the vibration isolation system and carefully designed construction, these stands provide significantly cleaner and more focused sound. Available in a stylish black finish, the SX stands provide the perfect blend of performance, stability and contemporary design \u2013 the perfect addition to any serious audio system.<\/p>\n<p><a href=\"https:\/\/cdn.amplifi.pattern.com\/b2aa0855-eb50-4095-8ffc-631b578e2f83\" target=\"_blank\" rel=\"noopener\">Detailed specifications!<\/a><\/p>","protected":false},"excerpt":{"rendered":"<p>The Kanto SX22 are premium freestanding speaker stands with a custom isolation system, separating the speaker stands from the floor for best-in-class audio performance. A leveling system accessible from the top of the base plate, combined with the included bubble level, allows you to easily adjust the level. The durable base plates provide the perfect platform with a dedicated cable channel, and a hole for filling with the substrate of your choice. Hard floor discs with silicone pads protect wooden floors, and additional adhesive foam pads on the top plate improve damping.<\/p>\n<p><a href=\"https:\/\/www.kantoaudio.com\/speaker-accessories\/sx-series\/\" target=\"_blank\" rel=\"noopener\">For more information, see here!<\/a><\/p>","protected":false},"featured_media":18296,"template":"","meta":{"site-sidebar-layout":"default","site-content-layout":"","ast-site-content-layout":"default","site-content-style":"default","site-sidebar-style":"default","ast-global-header-display":"","ast-banner-title-visibility":"","ast-main-header-display":"","ast-hfb-above-header-display":"","ast-hfb-below-header-display":"","ast-hfb-mobile-header-display":"","site-post-title":"","ast-breadcrumbs-content":"","ast-featured-img":"","footer-sml-layout":"","theme-transparent-header-meta":"default","adv-header-id-meta":"","stick-header-meta":"default","header-above-stick-meta":"","header-main-stick-meta":"","header-below-stick-meta":"","astra-migrate-meta-layouts":"set","ast-page-background-enabled":"default","ast-page-background-meta":{"desktop":{"background-color":"","background-image":"","background-repeat":"repeat","background-position":"center center","background-size":"auto","background-attachment":"scroll","background-type":"","background-media":"","overlay-type":"","overlay-color":"","overlay-opacity":"","overlay-gradient":""},"tablet":{"background-color":"","background-image":"","background-repeat":"repeat","background-position":"center center","background-size":"auto","background-attachment":"scroll","background-type":"","background-media":"","overlay-type":"","overlay-color":"","overlay-opacity":"","overlay-gradient":""},"mobile":{"background-color":"","background-image":"","background-repeat":"repeat","background-position":"center center","background-size":"auto","background-attachment":"scroll","background-type":"","background-media":"","overlay-type":"","overlay-color":"","overlay-opacity":"","overlay-gradient":""}},"ast-content-background-meta":{"desktop":{"background-color":"var(--ast-global-color-5)","background-image":"","background-repeat":"repeat","background-position":"center center","background-size":"auto","background-attachment":"scroll","background-type":"","background-media":"","overlay-type":"","overlay-color":"","overlay-opacity":"","overlay-gradient":""},"tablet":{"background-color":"var(--ast-global-color-5)","background-image":"","background-repeat":"repeat","background-position":"center center","background-size":"auto","background-attachment":"scroll","background-type":"","background-media":"","overlay-type":"","overlay-color":"","overlay-opacity":"","overlay-gradient":""},"mobile":{"background-color":"var(--ast-global-color-5)","background-image":"","background-repeat":"repeat","background-position":"center center","background-size":"auto","background-attachment":"scroll","background-type":"","background-media":"","overlay-type":"","overlay-color":"","overlay-opacity":"","overlay-gradient":""}}},"class_list":["post-18291","product","type-product","status-publish","has-post-thumbnail","hentry","product_cat-kanto-proizvodaci","product_cat-stalci-za-zvucne-kutije","desktop-align-center","tablet-align-center","mobile-align-center","ast-product-gallery-layout-horizontal","ast-magnify-disabled","ast-product-tabs-layout-horizontal"],"yoast_head":"<!-- This site is optimized with the Yoast SEO plugin v21.4 - https:\/\/yoast.com\/wordpress\/plugins\/seo\/ -->\n<title>Kanto SX22 - hd-multimedia<\/title>\n<meta name=\"description\" content=\"Uz nosivost do 18.1 kg po stalcima, Kanto SX22 Series je idealan za srednje i ve\u0107e bookshelf zvu\u010dnike, uklju\u010duju\u0107i Kanto TUK, YU6 i sli\u010dne modele.\" \/>\n<meta name=\"robots\" content=\"index, follow, max-snippet:-1, max-image-preview:large, max-video-preview:-1\" \/>\n<link rel=\"canonical\" href=\"https:\/\/hd-multimedia.com\/en\/trgovina\/kanto-sx22-2\/\" \/>\n<meta property=\"og:locale\" content=\"en_GB\" \/>\n<meta property=\"og:type\" content=\"article\" \/>\n<meta property=\"og:title\" content=\"Kanto SX22 - hd-multimedia\" \/>\n<meta property=\"og:description\" content=\"Uz nosivost do 18.1 kg po stalcima, Kanto SX22 Series je idealan za srednje i ve\u0107e bookshelf zvu\u010dnike, uklju\u010duju\u0107i Kanto TUK, YU6 i sli\u010dne modele.\" \/>\n<meta property=\"og:url\" content=\"https:\/\/hd-multimedia.com\/en\/trgovina\/kanto-sx22-2\/\" \/>\n<meta property=\"og:site_name\" content=\"hd-multimedia\" \/>\n<meta property=\"article:modified_time\" content=\"2025-04-14T13:32:40+00:00\" \/>\n<meta property=\"og:image\" content=\"https:\/\/hd-multimedia.com\/hdm_media\/SX22_main-e1744364148886.png\" \/>\n\t<meta property=\"og:image:width\" content=\"600\" \/>\n\t<meta property=\"og:image:height\" content=\"600\" \/>\n\t<meta property=\"og:image:type\" content=\"image\/png\" \/>\n<meta name=\"twitter:card\" content=\"summary_large_image\" \/>\n<meta name=\"twitter:label1\" content=\"Estimated reading time\" \/>\n\t<meta name=\"twitter:data1\" content=\"1 minute\" \/>\n<script type=\"application\/ld+json\" class=\"yoast-schema-graph\">{\"@context\":\"https:\/\/schema.org\",\"@graph\":[{\"@type\":\"WebPage\",\"@id\":\"https:\/\/hd-multimedia.com\/trgovina\/kanto-sx22-2\/\",\"url\":\"https:\/\/hd-multimedia.com\/trgovina\/kanto-sx22-2\/\",\"name\":\"Kanto SX22 - hd-multimedia\",\"isPartOf\":{\"@id\":\"https:\/\/hd-multimedia.com\/#website\"},\"datePublished\":\"2025-04-11T09:11:18+00:00\",\"dateModified\":\"2025-04-14T13:32:40+00:00\",\"description\":\"Uz nosivost do 18.1 kg po stalcima, Kanto SX22 Series je idealan za srednje i ve\u0107e bookshelf zvu\u010dnike, uklju\u010duju\u0107i Kanto TUK, YU6 i sli\u010dne modele.\",\"breadcrumb\":{\"@id\":\"https:\/\/hd-multimedia.com\/trgovina\/kanto-sx22-2\/#breadcrumb\"},\"inLanguage\":\"en-GB\",\"potentialAction\":[{\"@type\":\"ReadAction\",\"target\":[\"https:\/\/hd-multimedia.com\/trgovina\/kanto-sx22-2\/\"]}]},{\"@type\":\"BreadcrumbList\",\"@id\":\"https:\/\/hd-multimedia.com\/trgovina\/kanto-sx22-2\/#breadcrumb\",\"itemListElement\":[{\"@type\":\"ListItem\",\"position\":1,\"name\":\"Po\u010detna stranica\",\"item\":\"https:\/\/hd-multimedia.com\/\"},{\"@type\":\"ListItem\",\"position\":2,\"name\":\"Trgovina\",\"item\":\"https:\/\/hd-multimedia.com\/trgovina\/\"},{\"@type\":\"ListItem\",\"position\":3,\"name\":\"Kanto SX22\"}]},{\"@type\":\"WebSite\",\"@id\":\"https:\/\/hd-multimedia.com\/#website\",\"url\":\"https:\/\/hd-multimedia.com\/\",\"name\":\"hd-multimedia\",\"description\":\"\",\"publisher\":{\"@id\":\"https:\/\/hd-multimedia.com\/#organization\"},\"potentialAction\":[{\"@type\":\"SearchAction\",\"target\":{\"@type\":\"EntryPoint\",\"urlTemplate\":\"https:\/\/hd-multimedia.com\/?s={search_term_string}\"},\"query-input\":\"required name=search_term_string\"}],\"inLanguage\":\"en-GB\"},{\"@type\":\"Organization\",\"@id\":\"https:\/\/hd-multimedia.com\/#organization\",\"name\":\"hd-multimedia\",\"url\":\"https:\/\/hd-multimedia.com\/\",\"logo\":{\"@type\":\"ImageObject\",\"inLanguage\":\"en-GB\",\"@id\":\"https:\/\/hd-multimedia.com\/#\/schema\/logo\/image\/\",\"url\":\"https:\/\/hd-multimedia.com\/hdm_media\/HD-curves-ok-196-56px-alpha-1.png\",\"contentUrl\":\"https:\/\/hd-multimedia.com\/hdm_media\/HD-curves-ok-196-56px-alpha-1.png\",\"width\":196,\"height\":53,\"caption\":\"hd-multimedia\"},\"image\":{\"@id\":\"https:\/\/hd-multimedia.com\/#\/schema\/logo\/image\/\"}}]}<\/script>\n<!-- \/ Yoast SEO plugin. -->","yoast_head_json":{"title":"Kanto SX22 - hd-multimedia","description":"Uz nosivost do 18.1 kg po stalcima, Kanto SX22 Series je idealan za srednje i ve\u0107e bookshelf zvu\u010dnike, uklju\u010duju\u0107i Kanto TUK, YU6 i sli\u010dne modele.","robots":{"index":"index","follow":"follow","max-snippet":"max-snippet:-1","max-image-preview":"max-image-preview:large","max-video-preview":"max-video-preview:-1"},"canonical":"https:\/\/hd-multimedia.com\/en\/trgovina\/kanto-sx22-2\/","og_locale":"en_GB","og_type":"article","og_title":"Kanto SX22 - hd-multimedia","og_description":"Uz nosivost do 18.1 kg po stalcima, Kanto SX22 Series je idealan za srednje i ve\u0107e bookshelf zvu\u010dnike, uklju\u010duju\u0107i Kanto TUK, YU6 i sli\u010dne modele.","og_url":"https:\/\/hd-multimedia.com\/en\/trgovina\/kanto-sx22-2\/","og_site_name":"hd-multimedia","article_modified_time":"2025-04-14T13:32:40+00:00","og_image":[{"width":600,"height":600,"url":"https:\/\/hd-multimedia.com\/hdm_media\/SX22_main-e1744364148886.png","type":"image\/png"}],"twitter_card":"summary_large_image","twitter_misc":{"Estimated reading time":"1 minute"},"schema":{"@context":"https:\/\/schema.org","@graph":[{"@type":"WebPage","@id":"https:\/\/hd-multimedia.com\/trgovina\/kanto-sx22-2\/","url":"https:\/\/hd-multimedia.com\/trgovina\/kanto-sx22-2\/","name":"Kanto SX22 - hd-multimedia","isPartOf":{"@id":"https:\/\/hd-multimedia.com\/#website"},"datePublished":"2025-04-11T09:11:18+00:00","dateModified":"2025-04-14T13:32:40+00:00","description":"Uz nosivost do 18.1 kg po stalcima, Kanto SX22 Series je idealan za srednje i ve\u0107e bookshelf zvu\u010dnike, uklju\u010duju\u0107i Kanto TUK, YU6 i sli\u010dne modele.","breadcrumb":{"@id":"https:\/\/hd-multimedia.com\/trgovina\/kanto-sx22-2\/#breadcrumb"},"inLanguage":"en-GB","potentialAction":[{"@type":"ReadAction","target":["https:\/\/hd-multimedia.com\/trgovina\/kanto-sx22-2\/"]}]},{"@type":"BreadcrumbList","@id":"https:\/\/hd-multimedia.com\/trgovina\/kanto-sx22-2\/#breadcrumb","itemListElement":[{"@type":"ListItem","position":1,"name":"Po\u010detna stranica","item":"https:\/\/hd-multimedia.com\/"},{"@type":"ListItem","position":2,"name":"Trgovina","item":"https:\/\/hd-multimedia.com\/trgovina\/"},{"@type":"ListItem","position":3,"name":"Kanto SX22"}]},{"@type":"WebSite","@id":"https:\/\/hd-multimedia.com\/#website","url":"https:\/\/hd-multimedia.com\/","name":"hd-multimedia","description":"","publisher":{"@id":"https:\/\/hd-multimedia.com\/#organization"},"potentialAction":[{"@type":"SearchAction","target":{"@type":"EntryPoint","urlTemplate":"https:\/\/hd-multimedia.com\/?s={search_term_string}"},"query-input":"required name=search_term_string"}],"inLanguage":"en-GB"},{"@type":"Organization","@id":"https:\/\/hd-multimedia.com\/#organization","name":"hd-multimedia","url":"https:\/\/hd-multimedia.com\/","logo":{"@type":"ImageObject","inLanguage":"en-GB","@id":"https:\/\/hd-multimedia.com\/#\/schema\/logo\/image\/","url":"https:\/\/hd-multimedia.com\/hdm_media\/HD-curves-ok-196-56px-alpha-1.png","contentUrl":"https:\/\/hd-multimedia.com\/hdm_media\/HD-curves-ok-196-56px-alpha-1.png","width":196,"height":53,"caption":"hd-multimedia"},"image":{"@id":"https:\/\/hd-multimedia.com\/#\/schema\/logo\/image\/"}}]}},"post_mailing_queue_ids":[],"_links":{"self":[{"href":"https:\/\/hd-multimedia.com\/en\/wp-json\/wp\/v2\/product\/18291","targetHints":{"allow":["GET"]}}],"collection":[{"href":"https:\/\/hd-multimedia.com\/en\/wp-json\/wp\/v2\/product"}],"about":[{"href":"https:\/\/hd-multimedia.com\/en\/wp-json\/wp\/v2\/types\/product"}],"version-history":[{"count":9,"href":"https:\/\/hd-multimedia.com\/en\/wp-json\/wp\/v2\/product\/18291\/revisions"}],"predecessor-version":[{"id":18313,"href":"https:\/\/hd-multimedia.com\/en\/wp-json\/wp\/v2\/product\/18291\/revisions\/18313"}],"wp:featuredmedia":[{"embeddable":true,"href":"https:\/\/hd-multimedia.com\/en\/wp-json\/wp\/v2\/media\/18296"}],"wp:attachment":[{"href":"https:\/\/hd-multimedia.com\/en\/wp-json\/wp\/v2\/media?parent=18291"}],"curies":[{"name":"wp","href":"https:\/\/api.w.org\/{rel}","templated":true}]}}