{"id":18279,"date":"2025-04-10T12:39:08","date_gmt":"2025-04-10T12:39:08","guid":{"rendered":"https:\/\/hd-multimedia.com\/?post_type=product&#038;p=18279"},"modified":"2025-04-14T13:47:25","modified_gmt":"2025-04-14T13:47:25","slug":"kanto-st28","status":"publish","type":"product","link":"https:\/\/hd-multimedia.com\/en\/trgovina\/kanto-st28\/","title":{"rendered":"Kanto ST28"},"content":{"rendered":"<p>Elevate the sound quality in your space with the Kanto ST28 Series floorstanding speaker stands, carefully designed for optimal positioning and enhanced sound reproduction. These stands place the speakers at the ideal height, reducing reflections and allowing for clearer, more balanced sound. The steel columns in combination with the MDF base provide additional mass and stability, while the integrated cable management system enables neat and discreet routing of wires. Each pair comes with rubber feet for hard surfaces and spikes for carpets, ensuring stability on any surface.<\/p>\n<p>The Kanto ST28 Series stands support speakers weighing up to 13.6 kg, making them perfect for a wide range of bookshelf models, including the Kanto YU4, YU6 and TUK. Their minimalist design easily blends into a variety of interior styles, combining aesthetics and functionality. Whether you&#039;re furnishing a living room, home theater or music room, the Kanto ST Series stands provide a sturdy and elegant foundation for your speakers.<\/p>\n<p><a href=\"https:\/\/www.kantoaudio.com\/wp-content\/uploads\/ST-Series-Speaker-Stand-Tech-Drawing-23-11-15.pdf\" target=\"_blank\" rel=\"noopener\">Detailed specifications!<\/a><\/p>","protected":false},"excerpt":{"rendered":"<p>Placing your speakers in a good position and away from objects that could cause reflections allows you to get the most out of your speakers. Enhance your audio experience with the Kanto ST28 floor stands, designed for speakers weighing up to 13.6 kg. They are made of sturdy steel columns and an MDF base for added weight and stability. Rubber feet for hard floors and spikes for carpet are included. A cable management guide keeps your cables organized and hidden, while the unobtrusive design of these stands complements any home decor.<\/p>\n<p><a href=\"https:\/\/www.kantoaudio.com\/speaker-accessories\/st-series\/\" target=\"_blank\" rel=\"noopener\">For more information, see here.<\/a><\/p>","protected":false},"featured_media":18281,"template":"","meta":{"site-sidebar-layout":"default","site-content-layout":"","ast-site-content-layout":"default","site-content-style":"default","site-sidebar-style":"default","ast-global-header-display":"","ast-banner-title-visibility":"","ast-main-header-display":"","ast-hfb-above-header-display":"","ast-hfb-below-header-display":"","ast-hfb-mobile-header-display":"","site-post-title":"","ast-breadcrumbs-content":"","ast-featured-img":"","footer-sml-layout":"","theme-transparent-header-meta":"default","adv-header-id-meta":"","stick-header-meta":"default","header-above-stick-meta":"","header-main-stick-meta":"","header-below-stick-meta":"","astra-migrate-meta-layouts":"set","ast-page-background-enabled":"default","ast-page-background-meta":{"desktop":{"background-color":"","background-image":"","background-repeat":"repeat","background-position":"center center","background-size":"auto","background-attachment":"scroll","background-type":"","background-media":"","overlay-type":"","overlay-color":"","overlay-opacity":"","overlay-gradient":""},"tablet":{"background-color":"","background-image":"","background-repeat":"repeat","background-position":"center center","background-size":"auto","background-attachment":"scroll","background-type":"","background-media":"","overlay-type":"","overlay-color":"","overlay-opacity":"","overlay-gradient":""},"mobile":{"background-color":"","background-image":"","background-repeat":"repeat","background-position":"center center","background-size":"auto","background-attachment":"scroll","background-type":"","background-media":"","overlay-type":"","overlay-color":"","overlay-opacity":"","overlay-gradient":""}},"ast-content-background-meta":{"desktop":{"background-color":"var(--ast-global-color-5)","background-image":"","background-repeat":"repeat","background-position":"center center","background-size":"auto","background-attachment":"scroll","background-type":"","background-media":"","overlay-type":"","overlay-color":"","overlay-opacity":"","overlay-gradient":""},"tablet":{"background-color":"var(--ast-global-color-5)","background-image":"","background-repeat":"repeat","background-position":"center center","background-size":"auto","background-attachment":"scroll","background-type":"","background-media":"","overlay-type":"","overlay-color":"","overlay-opacity":"","overlay-gradient":""},"mobile":{"background-color":"var(--ast-global-color-5)","background-image":"","background-repeat":"repeat","background-position":"center center","background-size":"auto","background-attachment":"scroll","background-type":"","background-media":"","overlay-type":"","overlay-color":"","overlay-opacity":"","overlay-gradient":""}}},"class_list":["post-18279","product","type-product","status-publish","has-post-thumbnail","hentry","product_cat-kanto-proizvodaci","product_cat-stalci-za-zvucne-kutije","desktop-align-center","tablet-align-center","mobile-align-center","ast-product-gallery-layout-horizontal","ast-product-gallery-with-no-image","ast-magnify-disabled","ast-product-tabs-layout-horizontal"],"yoast_head":"<!-- This site is optimized with the Yoast SEO plugin v21.4 - https:\/\/yoast.com\/wordpress\/plugins\/seo\/ -->\n<title>Kanto ST28 - hd-multimedia<\/title>\n<meta name=\"description\" content=\"Kanto ST28 Series stalci podr\u017eavaju zvu\u010dnike mase do 13.6 kg, \u0161to ih \u010dini savr\u0161enim za \u0161irok raspon bookshelf modela, uklju\u010duju\u0107i Kanto YU4, YU6 i TUK.\" \/>\n<meta name=\"robots\" content=\"index, follow, max-snippet:-1, max-image-preview:large, max-video-preview:-1\" \/>\n<link rel=\"canonical\" href=\"https:\/\/hd-multimedia.com\/en\/trgovina\/kanto-st28\/\" \/>\n<meta property=\"og:locale\" content=\"en_GB\" \/>\n<meta property=\"og:type\" content=\"article\" \/>\n<meta property=\"og:title\" content=\"Kanto ST28 - hd-multimedia\" \/>\n<meta property=\"og:description\" content=\"Kanto ST28 Series stalci podr\u017eavaju zvu\u010dnike mase do 13.6 kg, \u0161to ih \u010dini savr\u0161enim za \u0161irok raspon bookshelf modela, uklju\u010duju\u0107i Kanto YU4, YU6 i TUK.\" \/>\n<meta property=\"og:url\" content=\"https:\/\/hd-multimedia.com\/en\/trgovina\/kanto-st28\/\" \/>\n<meta property=\"og:site_name\" content=\"hd-multimedia\" \/>\n<meta property=\"article:modified_time\" content=\"2025-04-14T13:47:25+00:00\" \/>\n<meta property=\"og:image\" content=\"https:\/\/hd-multimedia.com\/hdm_media\/st28_main-e1744288897769.png\" \/>\n\t<meta property=\"og:image:width\" content=\"600\" \/>\n\t<meta property=\"og:image:height\" content=\"600\" \/>\n\t<meta property=\"og:image:type\" content=\"image\/png\" \/>\n<meta name=\"twitter:card\" content=\"summary_large_image\" \/>\n<meta name=\"twitter:label1\" content=\"Estimated reading time\" \/>\n\t<meta name=\"twitter:data1\" content=\"1 minute\" \/>\n<script type=\"application\/ld+json\" class=\"yoast-schema-graph\">{\"@context\":\"https:\/\/schema.org\",\"@graph\":[{\"@type\":\"WebPage\",\"@id\":\"https:\/\/hd-multimedia.com\/trgovina\/kanto-st28\/\",\"url\":\"https:\/\/hd-multimedia.com\/trgovina\/kanto-st28\/\",\"name\":\"Kanto ST28 - hd-multimedia\",\"isPartOf\":{\"@id\":\"https:\/\/hd-multimedia.com\/#website\"},\"datePublished\":\"2025-04-10T12:39:08+00:00\",\"dateModified\":\"2025-04-14T13:47:25+00:00\",\"description\":\"Kanto ST28 Series stalci podr\u017eavaju zvu\u010dnike mase do 13.6 kg, \u0161to ih \u010dini savr\u0161enim za \u0161irok raspon bookshelf modela, uklju\u010duju\u0107i Kanto YU4, YU6 i TUK.\",\"breadcrumb\":{\"@id\":\"https:\/\/hd-multimedia.com\/trgovina\/kanto-st28\/#breadcrumb\"},\"inLanguage\":\"en-GB\",\"potentialAction\":[{\"@type\":\"ReadAction\",\"target\":[\"https:\/\/hd-multimedia.com\/trgovina\/kanto-st28\/\"]}]},{\"@type\":\"BreadcrumbList\",\"@id\":\"https:\/\/hd-multimedia.com\/trgovina\/kanto-st28\/#breadcrumb\",\"itemListElement\":[{\"@type\":\"ListItem\",\"position\":1,\"name\":\"Po\u010detna stranica\",\"item\":\"https:\/\/hd-multimedia.com\/\"},{\"@type\":\"ListItem\",\"position\":2,\"name\":\"Trgovina\",\"item\":\"https:\/\/hd-multimedia.com\/trgovina\/\"},{\"@type\":\"ListItem\",\"position\":3,\"name\":\"Kanto ST28\"}]},{\"@type\":\"WebSite\",\"@id\":\"https:\/\/hd-multimedia.com\/#website\",\"url\":\"https:\/\/hd-multimedia.com\/\",\"name\":\"hd-multimedia\",\"description\":\"\",\"publisher\":{\"@id\":\"https:\/\/hd-multimedia.com\/#organization\"},\"potentialAction\":[{\"@type\":\"SearchAction\",\"target\":{\"@type\":\"EntryPoint\",\"urlTemplate\":\"https:\/\/hd-multimedia.com\/?s={search_term_string}\"},\"query-input\":\"required name=search_term_string\"}],\"inLanguage\":\"en-GB\"},{\"@type\":\"Organization\",\"@id\":\"https:\/\/hd-multimedia.com\/#organization\",\"name\":\"hd-multimedia\",\"url\":\"https:\/\/hd-multimedia.com\/\",\"logo\":{\"@type\":\"ImageObject\",\"inLanguage\":\"en-GB\",\"@id\":\"https:\/\/hd-multimedia.com\/#\/schema\/logo\/image\/\",\"url\":\"https:\/\/hd-multimedia.com\/hdm_media\/HD-curves-ok-196-56px-alpha-1.png\",\"contentUrl\":\"https:\/\/hd-multimedia.com\/hdm_media\/HD-curves-ok-196-56px-alpha-1.png\",\"width\":196,\"height\":53,\"caption\":\"hd-multimedia\"},\"image\":{\"@id\":\"https:\/\/hd-multimedia.com\/#\/schema\/logo\/image\/\"}}]}<\/script>\n<!-- \/ Yoast SEO plugin. -->","yoast_head_json":{"title":"Kanto ST28 - hd-multimedia","description":"Kanto ST28 Series stalci podr\u017eavaju zvu\u010dnike mase do 13.6 kg, \u0161to ih \u010dini savr\u0161enim za \u0161irok raspon bookshelf modela, uklju\u010duju\u0107i Kanto YU4, YU6 i TUK.","robots":{"index":"index","follow":"follow","max-snippet":"max-snippet:-1","max-image-preview":"max-image-preview:large","max-video-preview":"max-video-preview:-1"},"canonical":"https:\/\/hd-multimedia.com\/en\/trgovina\/kanto-st28\/","og_locale":"en_GB","og_type":"article","og_title":"Kanto ST28 - hd-multimedia","og_description":"Kanto ST28 Series stalci podr\u017eavaju zvu\u010dnike mase do 13.6 kg, \u0161to ih \u010dini savr\u0161enim za \u0161irok raspon bookshelf modela, uklju\u010duju\u0107i Kanto YU4, YU6 i TUK.","og_url":"https:\/\/hd-multimedia.com\/en\/trgovina\/kanto-st28\/","og_site_name":"hd-multimedia","article_modified_time":"2025-04-14T13:47:25+00:00","og_image":[{"width":600,"height":600,"url":"https:\/\/hd-multimedia.com\/hdm_media\/st28_main-e1744288897769.png","type":"image\/png"}],"twitter_card":"summary_large_image","twitter_misc":{"Estimated reading time":"1 minute"},"schema":{"@context":"https:\/\/schema.org","@graph":[{"@type":"WebPage","@id":"https:\/\/hd-multimedia.com\/trgovina\/kanto-st28\/","url":"https:\/\/hd-multimedia.com\/trgovina\/kanto-st28\/","name":"Kanto ST28 - hd-multimedia","isPartOf":{"@id":"https:\/\/hd-multimedia.com\/#website"},"datePublished":"2025-04-10T12:39:08+00:00","dateModified":"2025-04-14T13:47:25+00:00","description":"Kanto ST28 Series stalci podr\u017eavaju zvu\u010dnike mase do 13.6 kg, \u0161to ih \u010dini savr\u0161enim za \u0161irok raspon bookshelf modela, uklju\u010duju\u0107i Kanto YU4, YU6 i TUK.","breadcrumb":{"@id":"https:\/\/hd-multimedia.com\/trgovina\/kanto-st28\/#breadcrumb"},"inLanguage":"en-GB","potentialAction":[{"@type":"ReadAction","target":["https:\/\/hd-multimedia.com\/trgovina\/kanto-st28\/"]}]},{"@type":"BreadcrumbList","@id":"https:\/\/hd-multimedia.com\/trgovina\/kanto-st28\/#breadcrumb","itemListElement":[{"@type":"ListItem","position":1,"name":"Po\u010detna stranica","item":"https:\/\/hd-multimedia.com\/"},{"@type":"ListItem","position":2,"name":"Trgovina","item":"https:\/\/hd-multimedia.com\/trgovina\/"},{"@type":"ListItem","position":3,"name":"Kanto ST28"}]},{"@type":"WebSite","@id":"https:\/\/hd-multimedia.com\/#website","url":"https:\/\/hd-multimedia.com\/","name":"hd-multimedia","description":"","publisher":{"@id":"https:\/\/hd-multimedia.com\/#organization"},"potentialAction":[{"@type":"SearchAction","target":{"@type":"EntryPoint","urlTemplate":"https:\/\/hd-multimedia.com\/?s={search_term_string}"},"query-input":"required name=search_term_string"}],"inLanguage":"en-GB"},{"@type":"Organization","@id":"https:\/\/hd-multimedia.com\/#organization","name":"hd-multimedia","url":"https:\/\/hd-multimedia.com\/","logo":{"@type":"ImageObject","inLanguage":"en-GB","@id":"https:\/\/hd-multimedia.com\/#\/schema\/logo\/image\/","url":"https:\/\/hd-multimedia.com\/hdm_media\/HD-curves-ok-196-56px-alpha-1.png","contentUrl":"https:\/\/hd-multimedia.com\/hdm_media\/HD-curves-ok-196-56px-alpha-1.png","width":196,"height":53,"caption":"hd-multimedia"},"image":{"@id":"https:\/\/hd-multimedia.com\/#\/schema\/logo\/image\/"}}]}},"post_mailing_queue_ids":[],"_links":{"self":[{"href":"https:\/\/hd-multimedia.com\/en\/wp-json\/wp\/v2\/product\/18279","targetHints":{"allow":["GET"]}}],"collection":[{"href":"https:\/\/hd-multimedia.com\/en\/wp-json\/wp\/v2\/product"}],"about":[{"href":"https:\/\/hd-multimedia.com\/en\/wp-json\/wp\/v2\/types\/product"}],"version-history":[{"count":6,"href":"https:\/\/hd-multimedia.com\/en\/wp-json\/wp\/v2\/product\/18279\/revisions"}],"predecessor-version":[{"id":18315,"href":"https:\/\/hd-multimedia.com\/en\/wp-json\/wp\/v2\/product\/18279\/revisions\/18315"}],"wp:featuredmedia":[{"embeddable":true,"href":"https:\/\/hd-multimedia.com\/en\/wp-json\/wp\/v2\/media\/18281"}],"wp:attachment":[{"href":"https:\/\/hd-multimedia.com\/en\/wp-json\/wp\/v2\/media?parent=18279"}],"curies":[{"name":"wp","href":"https:\/\/api.w.org\/{rel}","templated":true}]}}