{"id":18253,"date":"2025-04-10T09:37:09","date_gmt":"2025-04-10T09:37:09","guid":{"rendered":"https:\/\/hd-multimedia.com\/?post_type=product&#038;p=18253"},"modified":"2025-04-15T09:12:45","modified_gmt":"2025-04-15T09:12:45","slug":"kanto-sp26pl","status":"publish","type":"product","link":"https:\/\/hd-multimedia.com\/en\/trgovina\/kanto-sp26pl\/","title":{"rendered":"Kanto SP26PL"},"content":{"rendered":"<p>The Kanto SP series offers stability and flexibility with two top plate sizes (11 x 18 cm and 18 x 18 cm), with integrated 1\/4\u201d-20 threads and screws for secure mounting of compatible speakers such as the YU4 and YU6. Hollow steel tubes allow for neat cable routing, hiding power and speaker wires. With interchangeable rubber and spike feet for different surfaces and a stylish black finish, the SP stands blend perfectly into any space.<\/p>\n<p><a href=\"https:\/\/www.kantoaudio.com\/wp-content\/uploads\/SP-Comb_-Manual_2023-06-20-linear.pdf\" target=\"_blank\" rel=\"noopener\">User manual.<\/a><\/p>","protected":false},"excerpt":{"rendered":"<p>Get the most out of your speakers with the Kanto SP26PL floor stands. These low-profile speaker stands feature a rotating top plate to ensure every sound reaches your ears. Each stand is made of steel to reduce unwanted vibrations and has a hollow core to hide speaker cables and wires. For maximum stability, they come in two sizes of top plates, each with a mounting hole and a 1\/4\u201d-20 screw to secure your YU4, YU6 or other compatible speakers in place.<\/p>\n<p><a href=\"https:\/\/www.kantoaudio.com\/speaker-accessories\/sp-series\/\" target=\"_blank\" rel=\"noopener\">For more information, see here.<\/a><\/p>","protected":false},"featured_media":18275,"template":"","meta":{"site-sidebar-layout":"default","site-content-layout":"","ast-site-content-layout":"default","site-content-style":"default","site-sidebar-style":"default","ast-global-header-display":"","ast-banner-title-visibility":"","ast-main-header-display":"","ast-hfb-above-header-display":"","ast-hfb-below-header-display":"","ast-hfb-mobile-header-display":"","site-post-title":"","ast-breadcrumbs-content":"","ast-featured-img":"","footer-sml-layout":"","theme-transparent-header-meta":"default","adv-header-id-meta":"","stick-header-meta":"default","header-above-stick-meta":"","header-main-stick-meta":"","header-below-stick-meta":"","astra-migrate-meta-layouts":"set","ast-page-background-enabled":"default","ast-page-background-meta":{"desktop":{"background-color":"","background-image":"","background-repeat":"repeat","background-position":"center center","background-size":"auto","background-attachment":"scroll","background-type":"","background-media":"","overlay-type":"","overlay-color":"","overlay-opacity":"","overlay-gradient":""},"tablet":{"background-color":"","background-image":"","background-repeat":"repeat","background-position":"center center","background-size":"auto","background-attachment":"scroll","background-type":"","background-media":"","overlay-type":"","overlay-color":"","overlay-opacity":"","overlay-gradient":""},"mobile":{"background-color":"","background-image":"","background-repeat":"repeat","background-position":"center center","background-size":"auto","background-attachment":"scroll","background-type":"","background-media":"","overlay-type":"","overlay-color":"","overlay-opacity":"","overlay-gradient":""}},"ast-content-background-meta":{"desktop":{"background-color":"var(--ast-global-color-5)","background-image":"","background-repeat":"repeat","background-position":"center center","background-size":"auto","background-attachment":"scroll","background-type":"","background-media":"","overlay-type":"","overlay-color":"","overlay-opacity":"","overlay-gradient":""},"tablet":{"background-color":"var(--ast-global-color-5)","background-image":"","background-repeat":"repeat","background-position":"center center","background-size":"auto","background-attachment":"scroll","background-type":"","background-media":"","overlay-type":"","overlay-color":"","overlay-opacity":"","overlay-gradient":""},"mobile":{"background-color":"var(--ast-global-color-5)","background-image":"","background-repeat":"repeat","background-position":"center center","background-size":"auto","background-attachment":"scroll","background-type":"","background-media":"","overlay-type":"","overlay-color":"","overlay-opacity":"","overlay-gradient":""}}},"class_list":["post-18253","product","type-product","status-publish","has-post-thumbnail","hentry","product_cat-kanto-proizvodaci","product_cat-stalci-za-zvucne-kutije","desktop-align-center","tablet-align-center","mobile-align-center","ast-product-gallery-layout-horizontal","ast-magnify-disabled","ast-product-tabs-layout-horizontal"],"yoast_head":"<!-- This site is optimized with the Yoast SEO plugin v21.4 - https:\/\/yoast.com\/wordpress\/plugins\/seo\/ -->\n<title>Kanto SP26PL - hd-multimedia<\/title>\n<meta name=\"description\" content=\"Unaprijedite svoj audio sustav s Kanto SP26PL podnim stalcima za zvu\u010dnike, dizajniranim za bolji polo\u017eaj zvu\u010dnika i pobolj\u0161anu kvalitetu zvuka.\" \/>\n<meta name=\"robots\" content=\"index, follow, max-snippet:-1, max-image-preview:large, max-video-preview:-1\" \/>\n<link rel=\"canonical\" href=\"https:\/\/hd-multimedia.com\/en\/trgovina\/kanto-sp26pl\/\" \/>\n<meta property=\"og:locale\" content=\"en_GB\" \/>\n<meta property=\"og:type\" content=\"article\" \/>\n<meta property=\"og:title\" content=\"Kanto SP26PL - hd-multimedia\" \/>\n<meta property=\"og:description\" content=\"Unaprijedite svoj audio sustav s Kanto SP26PL podnim stalcima za zvu\u010dnike, dizajniranim za bolji polo\u017eaj zvu\u010dnika i pobolj\u0161anu kvalitetu zvuka.\" \/>\n<meta property=\"og:url\" content=\"https:\/\/hd-multimedia.com\/en\/trgovina\/kanto-sp26pl\/\" \/>\n<meta property=\"og:site_name\" content=\"hd-multimedia\" \/>\n<meta property=\"article:modified_time\" content=\"2025-04-15T09:12:45+00:00\" \/>\n<meta property=\"og:image\" content=\"https:\/\/hd-multimedia.com\/hdm_media\/sp26pl_main-e1744288496370.png\" \/>\n\t<meta property=\"og:image:width\" content=\"600\" \/>\n\t<meta property=\"og:image:height\" content=\"600\" \/>\n\t<meta property=\"og:image:type\" content=\"image\/png\" \/>\n<meta name=\"twitter:card\" content=\"summary_large_image\" \/>\n<meta name=\"twitter:label1\" content=\"Estimated reading time\" \/>\n\t<meta name=\"twitter:data1\" content=\"1 minute\" \/>\n<script type=\"application\/ld+json\" class=\"yoast-schema-graph\">{\"@context\":\"https:\/\/schema.org\",\"@graph\":[{\"@type\":\"WebPage\",\"@id\":\"https:\/\/hd-multimedia.com\/trgovina\/kanto-sp26pl\/\",\"url\":\"https:\/\/hd-multimedia.com\/trgovina\/kanto-sp26pl\/\",\"name\":\"Kanto SP26PL - hd-multimedia\",\"isPartOf\":{\"@id\":\"https:\/\/hd-multimedia.com\/#website\"},\"datePublished\":\"2025-04-10T09:37:09+00:00\",\"dateModified\":\"2025-04-15T09:12:45+00:00\",\"description\":\"Unaprijedite svoj audio sustav s Kanto SP26PL podnim stalcima za zvu\u010dnike, dizajniranim za bolji polo\u017eaj zvu\u010dnika i pobolj\u0161anu kvalitetu zvuka.\",\"breadcrumb\":{\"@id\":\"https:\/\/hd-multimedia.com\/trgovina\/kanto-sp26pl\/#breadcrumb\"},\"inLanguage\":\"en-GB\",\"potentialAction\":[{\"@type\":\"ReadAction\",\"target\":[\"https:\/\/hd-multimedia.com\/trgovina\/kanto-sp26pl\/\"]}]},{\"@type\":\"BreadcrumbList\",\"@id\":\"https:\/\/hd-multimedia.com\/trgovina\/kanto-sp26pl\/#breadcrumb\",\"itemListElement\":[{\"@type\":\"ListItem\",\"position\":1,\"name\":\"Po\u010detna stranica\",\"item\":\"https:\/\/hd-multimedia.com\/\"},{\"@type\":\"ListItem\",\"position\":2,\"name\":\"Trgovina\",\"item\":\"https:\/\/hd-multimedia.com\/trgovina\/\"},{\"@type\":\"ListItem\",\"position\":3,\"name\":\"Kanto SP26PL\"}]},{\"@type\":\"WebSite\",\"@id\":\"https:\/\/hd-multimedia.com\/#website\",\"url\":\"https:\/\/hd-multimedia.com\/\",\"name\":\"hd-multimedia\",\"description\":\"\",\"publisher\":{\"@id\":\"https:\/\/hd-multimedia.com\/#organization\"},\"potentialAction\":[{\"@type\":\"SearchAction\",\"target\":{\"@type\":\"EntryPoint\",\"urlTemplate\":\"https:\/\/hd-multimedia.com\/?s={search_term_string}\"},\"query-input\":\"required name=search_term_string\"}],\"inLanguage\":\"en-GB\"},{\"@type\":\"Organization\",\"@id\":\"https:\/\/hd-multimedia.com\/#organization\",\"name\":\"hd-multimedia\",\"url\":\"https:\/\/hd-multimedia.com\/\",\"logo\":{\"@type\":\"ImageObject\",\"inLanguage\":\"en-GB\",\"@id\":\"https:\/\/hd-multimedia.com\/#\/schema\/logo\/image\/\",\"url\":\"https:\/\/hd-multimedia.com\/hdm_media\/HD-curves-ok-196-56px-alpha-1.png\",\"contentUrl\":\"https:\/\/hd-multimedia.com\/hdm_media\/HD-curves-ok-196-56px-alpha-1.png\",\"width\":196,\"height\":53,\"caption\":\"hd-multimedia\"},\"image\":{\"@id\":\"https:\/\/hd-multimedia.com\/#\/schema\/logo\/image\/\"}}]}<\/script>\n<!-- \/ Yoast SEO plugin. -->","yoast_head_json":{"title":"Kanto SP26PL - hd-multimedia","description":"Unaprijedite svoj audio sustav s Kanto SP26PL podnim stalcima za zvu\u010dnike, dizajniranim za bolji polo\u017eaj zvu\u010dnika i pobolj\u0161anu kvalitetu zvuka.","robots":{"index":"index","follow":"follow","max-snippet":"max-snippet:-1","max-image-preview":"max-image-preview:large","max-video-preview":"max-video-preview:-1"},"canonical":"https:\/\/hd-multimedia.com\/en\/trgovina\/kanto-sp26pl\/","og_locale":"en_GB","og_type":"article","og_title":"Kanto SP26PL - hd-multimedia","og_description":"Unaprijedite svoj audio sustav s Kanto SP26PL podnim stalcima za zvu\u010dnike, dizajniranim za bolji polo\u017eaj zvu\u010dnika i pobolj\u0161anu kvalitetu zvuka.","og_url":"https:\/\/hd-multimedia.com\/en\/trgovina\/kanto-sp26pl\/","og_site_name":"hd-multimedia","article_modified_time":"2025-04-15T09:12:45+00:00","og_image":[{"width":600,"height":600,"url":"https:\/\/hd-multimedia.com\/hdm_media\/sp26pl_main-e1744288496370.png","type":"image\/png"}],"twitter_card":"summary_large_image","twitter_misc":{"Estimated reading time":"1 minute"},"schema":{"@context":"https:\/\/schema.org","@graph":[{"@type":"WebPage","@id":"https:\/\/hd-multimedia.com\/trgovina\/kanto-sp26pl\/","url":"https:\/\/hd-multimedia.com\/trgovina\/kanto-sp26pl\/","name":"Kanto SP26PL - hd-multimedia","isPartOf":{"@id":"https:\/\/hd-multimedia.com\/#website"},"datePublished":"2025-04-10T09:37:09+00:00","dateModified":"2025-04-15T09:12:45+00:00","description":"Unaprijedite svoj audio sustav s Kanto SP26PL podnim stalcima za zvu\u010dnike, dizajniranim za bolji polo\u017eaj zvu\u010dnika i pobolj\u0161anu kvalitetu zvuka.","breadcrumb":{"@id":"https:\/\/hd-multimedia.com\/trgovina\/kanto-sp26pl\/#breadcrumb"},"inLanguage":"en-GB","potentialAction":[{"@type":"ReadAction","target":["https:\/\/hd-multimedia.com\/trgovina\/kanto-sp26pl\/"]}]},{"@type":"BreadcrumbList","@id":"https:\/\/hd-multimedia.com\/trgovina\/kanto-sp26pl\/#breadcrumb","itemListElement":[{"@type":"ListItem","position":1,"name":"Po\u010detna stranica","item":"https:\/\/hd-multimedia.com\/"},{"@type":"ListItem","position":2,"name":"Trgovina","item":"https:\/\/hd-multimedia.com\/trgovina\/"},{"@type":"ListItem","position":3,"name":"Kanto SP26PL"}]},{"@type":"WebSite","@id":"https:\/\/hd-multimedia.com\/#website","url":"https:\/\/hd-multimedia.com\/","name":"hd-multimedia","description":"","publisher":{"@id":"https:\/\/hd-multimedia.com\/#organization"},"potentialAction":[{"@type":"SearchAction","target":{"@type":"EntryPoint","urlTemplate":"https:\/\/hd-multimedia.com\/?s={search_term_string}"},"query-input":"required name=search_term_string"}],"inLanguage":"en-GB"},{"@type":"Organization","@id":"https:\/\/hd-multimedia.com\/#organization","name":"hd-multimedia","url":"https:\/\/hd-multimedia.com\/","logo":{"@type":"ImageObject","inLanguage":"en-GB","@id":"https:\/\/hd-multimedia.com\/#\/schema\/logo\/image\/","url":"https:\/\/hd-multimedia.com\/hdm_media\/HD-curves-ok-196-56px-alpha-1.png","contentUrl":"https:\/\/hd-multimedia.com\/hdm_media\/HD-curves-ok-196-56px-alpha-1.png","width":196,"height":53,"caption":"hd-multimedia"},"image":{"@id":"https:\/\/hd-multimedia.com\/#\/schema\/logo\/image\/"}}]}},"post_mailing_queue_ids":[],"_links":{"self":[{"href":"https:\/\/hd-multimedia.com\/en\/wp-json\/wp\/v2\/product\/18253","targetHints":{"allow":["GET"]}}],"collection":[{"href":"https:\/\/hd-multimedia.com\/en\/wp-json\/wp\/v2\/product"}],"about":[{"href":"https:\/\/hd-multimedia.com\/en\/wp-json\/wp\/v2\/types\/product"}],"version-history":[{"count":5,"href":"https:\/\/hd-multimedia.com\/en\/wp-json\/wp\/v2\/product\/18253\/revisions"}],"predecessor-version":[{"id":18322,"href":"https:\/\/hd-multimedia.com\/en\/wp-json\/wp\/v2\/product\/18253\/revisions\/18322"}],"wp:featuredmedia":[{"embeddable":true,"href":"https:\/\/hd-multimedia.com\/en\/wp-json\/wp\/v2\/media\/18275"}],"wp:attachment":[{"href":"https:\/\/hd-multimedia.com\/en\/wp-json\/wp\/v2\/media?parent=18253"}],"curies":[{"name":"wp","href":"https:\/\/api.w.org\/{rel}","templated":true}]}}