{"id":18213,"date":"2025-04-09T07:53:30","date_gmt":"2025-04-09T07:53:30","guid":{"rendered":"https:\/\/hd-multimedia.com\/?post_type=product&#038;p=18213"},"modified":"2026-03-13T18:36:43","modified_gmt":"2026-03-13T18:36:43","slug":"kanto-yup4","status":"publish","type":"product","link":"https:\/\/hd-multimedia.com\/en\/trgovina\/kanto-yup4\/","title":{"rendered":"Kanto YUP4"},"content":{"rendered":"<p>Designed to fit seamlessly into any space, the YUP4 speakers have a modern, clean look with a durable finish that complements any interior. Compact dimensions don&#039;t mean compromising on quality \u2013 thanks to a 4-inch woofer and 1-inch silk dome tweeter, you&#039;ll enjoy impressive sound whether you&#039;re streaming music or watching movies. Upgrade your audio experience with the Kanto YUP4 \u2013 passive speakers that deliver surprisingly powerful sound for their size.<\/p>\n<p data-start=\"147\" data-end=\"168\"><strong>Specifications<\/strong><\/p>\n<p>Drivers<\/p>\n<p>\u2022 1\u201d Silk Dome Tweeters<br data-start=\"175\" data-end=\"178\" \/>\u2022 4\u201d Kevlar\u00ae Drivers<\/p>\n<p>Audio<br data-start=\"246\" data-end=\"249\" \/>\u2022 Maximum power: 70 W per speaker<br data-start=\"285\" data-end=\"288\" \/>\u2022 Impedance: 4 Ohms<br data-start=\"309\" data-end=\"312\" \/>\u2022 Frequency range: 60 Hz \u2013 20 kHz<\/p>\n<p>What&#039;s in the box?<br data-start=\"378\" data-end=\"381\" \/>\u2022 8 x rubber feet<br data-start=\"400\" data-end=\"403\" \/>\u2022 User manual<\/p>\n<p class=\"\" data-start=\"427\" data-end=\"532\">Dimensions and weight<br data-start=\"449\" data-end=\"452\" \/>\u2022 Dimensions (per speaker): 14 x 19 x 22 cm\u00a0\u00a0<br data-start=\"494\" data-end=\"497\" \/>\u2022 Net weight (per speaker): 2.5 kg<\/p>","protected":false},"excerpt":{"rendered":"<p>Pair the Kanto YUP4 passive speakers with the amplifier of your choice and enjoy your favorite tunes the way the artist intended. With 4-inch Kevlar\u00ae woofers and 1-inch silk dome tweeters, these speakers produce a neutral, balanced tone. 1\/4\u2033-20 threaded bottom hole for rack mounting. The YUP4 works great on a desktop computer with a DAC\/amplifier combo or in a dedicated two-channel listening station. Enhance the sound of your TV by connecting the YUP4 to an integrated amplifier, or add them to your home theater system as rear, side or height channels.<\/p>\n<p><a href=\"https:\/\/www.kantoaudio.com\/passive-speakers\/yup4\/\" target=\"_blank\" rel=\"noopener\">For more information, see here.<\/a><\/p>","protected":false},"featured_media":18219,"template":"","meta":{"site-sidebar-layout":"default","site-content-layout":"","ast-site-content-layout":"default","site-content-style":"default","site-sidebar-style":"default","ast-global-header-display":"","ast-banner-title-visibility":"","ast-main-header-display":"","ast-hfb-above-header-display":"","ast-hfb-below-header-display":"","ast-hfb-mobile-header-display":"","site-post-title":"","ast-breadcrumbs-content":"","ast-featured-img":"","footer-sml-layout":"","theme-transparent-header-meta":"default","adv-header-id-meta":"","stick-header-meta":"default","header-above-stick-meta":"","header-main-stick-meta":"","header-below-stick-meta":"","astra-migrate-meta-layouts":"set","ast-page-background-enabled":"default","ast-page-background-meta":{"desktop":{"background-color":"","background-image":"","background-repeat":"repeat","background-position":"center center","background-size":"auto","background-attachment":"scroll","background-type":"","background-media":"","overlay-type":"","overlay-color":"","overlay-opacity":"","overlay-gradient":""},"tablet":{"background-color":"","background-image":"","background-repeat":"repeat","background-position":"center center","background-size":"auto","background-attachment":"scroll","background-type":"","background-media":"","overlay-type":"","overlay-color":"","overlay-opacity":"","overlay-gradient":""},"mobile":{"background-color":"","background-image":"","background-repeat":"repeat","background-position":"center center","background-size":"auto","background-attachment":"scroll","background-type":"","background-media":"","overlay-type":"","overlay-color":"","overlay-opacity":"","overlay-gradient":""}},"ast-content-background-meta":{"desktop":{"background-color":"var(--ast-global-color-5)","background-image":"","background-repeat":"repeat","background-position":"center center","background-size":"auto","background-attachment":"scroll","background-type":"","background-media":"","overlay-type":"","overlay-color":"","overlay-opacity":"","overlay-gradient":""},"tablet":{"background-color":"var(--ast-global-color-5)","background-image":"","background-repeat":"repeat","background-position":"center center","background-size":"auto","background-attachment":"scroll","background-type":"","background-media":"","overlay-type":"","overlay-color":"","overlay-opacity":"","overlay-gradient":""},"mobile":{"background-color":"var(--ast-global-color-5)","background-image":"","background-repeat":"repeat","background-position":"center center","background-size":"auto","background-attachment":"scroll","background-type":"","background-media":"","overlay-type":"","overlay-color":"","overlay-opacity":"","overlay-gradient":""}}},"class_list":["post-18213","product","type-product","status-publish","has-post-thumbnail","hentry","product_cat-kanto-proizvodaci","product_cat-pasivne-zvucne-kutije","desktop-align-center","tablet-align-center","mobile-align-center","ast-product-gallery-layout-horizontal","ast-magnify-disabled","ast-product-single-variable","ast-product-tabs-layout-horizontal"],"yoast_head":"<!-- This site is optimized with the Yoast SEO plugin v21.4 - https:\/\/yoast.com\/wordpress\/plugins\/seo\/ -->\n<title>Kanto YUP4 - hd-multimedia<\/title>\n<meta name=\"description\" content=\"Do\u017eivite bogat i detaljan zvuk s Kanto YUP4 pasivnim zvu\u010dnicima \u2013 savr\u0161enom kombinacijom minimalisti\u010dkog dizajna i sna\u017enih performansi.\" \/>\n<meta name=\"robots\" content=\"index, follow, max-snippet:-1, max-image-preview:large, max-video-preview:-1\" \/>\n<link rel=\"canonical\" href=\"https:\/\/hd-multimedia.com\/en\/trgovina\/kanto-yup4\/\" \/>\n<meta property=\"og:locale\" content=\"en_GB\" \/>\n<meta property=\"og:type\" content=\"article\" \/>\n<meta property=\"og:title\" content=\"Kanto YUP4 - hd-multimedia\" \/>\n<meta property=\"og:description\" content=\"Do\u017eivite bogat i detaljan zvuk s Kanto YUP4 pasivnim zvu\u010dnicima \u2013 savr\u0161enom kombinacijom minimalisti\u010dkog dizajna i sna\u017enih performansi.\" \/>\n<meta property=\"og:url\" content=\"https:\/\/hd-multimedia.com\/en\/trgovina\/kanto-yup4\/\" \/>\n<meta property=\"og:site_name\" content=\"hd-multimedia\" \/>\n<meta property=\"article:modified_time\" content=\"2026-03-13T18:36:43+00:00\" \/>\n<meta property=\"og:image\" content=\"https:\/\/hd-multimedia.com\/hdm_media\/yup4b_main-e1744187858683.png\" \/>\n\t<meta property=\"og:image:width\" content=\"600\" \/>\n\t<meta property=\"og:image:height\" content=\"600\" \/>\n\t<meta property=\"og:image:type\" content=\"image\/png\" \/>\n<meta name=\"twitter:card\" content=\"summary_large_image\" \/>\n<meta name=\"twitter:label1\" content=\"Estimated reading time\" \/>\n\t<meta name=\"twitter:data1\" content=\"1 minute\" \/>\n<script type=\"application\/ld+json\" class=\"yoast-schema-graph\">{\"@context\":\"https:\/\/schema.org\",\"@graph\":[{\"@type\":\"WebPage\",\"@id\":\"https:\/\/hd-multimedia.com\/trgovina\/kanto-yup4\/\",\"url\":\"https:\/\/hd-multimedia.com\/trgovina\/kanto-yup4\/\",\"name\":\"Kanto YUP4 - hd-multimedia\",\"isPartOf\":{\"@id\":\"https:\/\/hd-multimedia.com\/#website\"},\"datePublished\":\"2025-04-09T07:53:30+00:00\",\"dateModified\":\"2026-03-13T18:36:43+00:00\",\"description\":\"Do\u017eivite bogat i detaljan zvuk s Kanto YUP4 pasivnim zvu\u010dnicima \u2013 savr\u0161enom kombinacijom minimalisti\u010dkog dizajna i sna\u017enih performansi.\",\"breadcrumb\":{\"@id\":\"https:\/\/hd-multimedia.com\/trgovina\/kanto-yup4\/#breadcrumb\"},\"inLanguage\":\"en-GB\",\"potentialAction\":[{\"@type\":\"ReadAction\",\"target\":[\"https:\/\/hd-multimedia.com\/trgovina\/kanto-yup4\/\"]}]},{\"@type\":\"BreadcrumbList\",\"@id\":\"https:\/\/hd-multimedia.com\/trgovina\/kanto-yup4\/#breadcrumb\",\"itemListElement\":[{\"@type\":\"ListItem\",\"position\":1,\"name\":\"Po\u010detna stranica\",\"item\":\"https:\/\/hd-multimedia.com\/\"},{\"@type\":\"ListItem\",\"position\":2,\"name\":\"Trgovina\",\"item\":\"https:\/\/hd-multimedia.com\/trgovina\/\"},{\"@type\":\"ListItem\",\"position\":3,\"name\":\"Kanto YUP4\"}]},{\"@type\":\"WebSite\",\"@id\":\"https:\/\/hd-multimedia.com\/#website\",\"url\":\"https:\/\/hd-multimedia.com\/\",\"name\":\"hd-multimedia\",\"description\":\"\",\"publisher\":{\"@id\":\"https:\/\/hd-multimedia.com\/#organization\"},\"potentialAction\":[{\"@type\":\"SearchAction\",\"target\":{\"@type\":\"EntryPoint\",\"urlTemplate\":\"https:\/\/hd-multimedia.com\/?s={search_term_string}\"},\"query-input\":\"required name=search_term_string\"}],\"inLanguage\":\"en-GB\"},{\"@type\":\"Organization\",\"@id\":\"https:\/\/hd-multimedia.com\/#organization\",\"name\":\"hd-multimedia\",\"url\":\"https:\/\/hd-multimedia.com\/\",\"logo\":{\"@type\":\"ImageObject\",\"inLanguage\":\"en-GB\",\"@id\":\"https:\/\/hd-multimedia.com\/#\/schema\/logo\/image\/\",\"url\":\"https:\/\/hd-multimedia.com\/hdm_media\/HD-curves-ok-196-56px-alpha-1.png\",\"contentUrl\":\"https:\/\/hd-multimedia.com\/hdm_media\/HD-curves-ok-196-56px-alpha-1.png\",\"width\":196,\"height\":53,\"caption\":\"hd-multimedia\"},\"image\":{\"@id\":\"https:\/\/hd-multimedia.com\/#\/schema\/logo\/image\/\"}}]}<\/script>\n<!-- \/ Yoast SEO plugin. -->","yoast_head_json":{"title":"Kanto YUP4 - hd-multimedia","description":"Do\u017eivite bogat i detaljan zvuk s Kanto YUP4 pasivnim zvu\u010dnicima \u2013 savr\u0161enom kombinacijom minimalisti\u010dkog dizajna i sna\u017enih performansi.","robots":{"index":"index","follow":"follow","max-snippet":"max-snippet:-1","max-image-preview":"max-image-preview:large","max-video-preview":"max-video-preview:-1"},"canonical":"https:\/\/hd-multimedia.com\/en\/trgovina\/kanto-yup4\/","og_locale":"en_GB","og_type":"article","og_title":"Kanto YUP4 - hd-multimedia","og_description":"Do\u017eivite bogat i detaljan zvuk s Kanto YUP4 pasivnim zvu\u010dnicima \u2013 savr\u0161enom kombinacijom minimalisti\u010dkog dizajna i sna\u017enih performansi.","og_url":"https:\/\/hd-multimedia.com\/en\/trgovina\/kanto-yup4\/","og_site_name":"hd-multimedia","article_modified_time":"2026-03-13T18:36:43+00:00","og_image":[{"width":600,"height":600,"url":"https:\/\/hd-multimedia.com\/hdm_media\/yup4b_main-e1744187858683.png","type":"image\/png"}],"twitter_card":"summary_large_image","twitter_misc":{"Estimated reading time":"1 minute"},"schema":{"@context":"https:\/\/schema.org","@graph":[{"@type":"WebPage","@id":"https:\/\/hd-multimedia.com\/trgovina\/kanto-yup4\/","url":"https:\/\/hd-multimedia.com\/trgovina\/kanto-yup4\/","name":"Kanto YUP4 - hd-multimedia","isPartOf":{"@id":"https:\/\/hd-multimedia.com\/#website"},"datePublished":"2025-04-09T07:53:30+00:00","dateModified":"2026-03-13T18:36:43+00:00","description":"Do\u017eivite bogat i detaljan zvuk s Kanto YUP4 pasivnim zvu\u010dnicima \u2013 savr\u0161enom kombinacijom minimalisti\u010dkog dizajna i sna\u017enih performansi.","breadcrumb":{"@id":"https:\/\/hd-multimedia.com\/trgovina\/kanto-yup4\/#breadcrumb"},"inLanguage":"en-GB","potentialAction":[{"@type":"ReadAction","target":["https:\/\/hd-multimedia.com\/trgovina\/kanto-yup4\/"]}]},{"@type":"BreadcrumbList","@id":"https:\/\/hd-multimedia.com\/trgovina\/kanto-yup4\/#breadcrumb","itemListElement":[{"@type":"ListItem","position":1,"name":"Po\u010detna stranica","item":"https:\/\/hd-multimedia.com\/"},{"@type":"ListItem","position":2,"name":"Trgovina","item":"https:\/\/hd-multimedia.com\/trgovina\/"},{"@type":"ListItem","position":3,"name":"Kanto YUP4"}]},{"@type":"WebSite","@id":"https:\/\/hd-multimedia.com\/#website","url":"https:\/\/hd-multimedia.com\/","name":"hd-multimedia","description":"","publisher":{"@id":"https:\/\/hd-multimedia.com\/#organization"},"potentialAction":[{"@type":"SearchAction","target":{"@type":"EntryPoint","urlTemplate":"https:\/\/hd-multimedia.com\/?s={search_term_string}"},"query-input":"required name=search_term_string"}],"inLanguage":"en-GB"},{"@type":"Organization","@id":"https:\/\/hd-multimedia.com\/#organization","name":"hd-multimedia","url":"https:\/\/hd-multimedia.com\/","logo":{"@type":"ImageObject","inLanguage":"en-GB","@id":"https:\/\/hd-multimedia.com\/#\/schema\/logo\/image\/","url":"https:\/\/hd-multimedia.com\/hdm_media\/HD-curves-ok-196-56px-alpha-1.png","contentUrl":"https:\/\/hd-multimedia.com\/hdm_media\/HD-curves-ok-196-56px-alpha-1.png","width":196,"height":53,"caption":"hd-multimedia"},"image":{"@id":"https:\/\/hd-multimedia.com\/#\/schema\/logo\/image\/"}}]}},"post_mailing_queue_ids":[],"_links":{"self":[{"href":"https:\/\/hd-multimedia.com\/en\/wp-json\/wp\/v2\/product\/18213","targetHints":{"allow":["GET"]}}],"collection":[{"href":"https:\/\/hd-multimedia.com\/en\/wp-json\/wp\/v2\/product"}],"about":[{"href":"https:\/\/hd-multimedia.com\/en\/wp-json\/wp\/v2\/types\/product"}],"version-history":[{"count":7,"href":"https:\/\/hd-multimedia.com\/en\/wp-json\/wp\/v2\/product\/18213\/revisions"}],"predecessor-version":[{"id":18241,"href":"https:\/\/hd-multimedia.com\/en\/wp-json\/wp\/v2\/product\/18213\/revisions\/18241"}],"wp:featuredmedia":[{"embeddable":true,"href":"https:\/\/hd-multimedia.com\/en\/wp-json\/wp\/v2\/media\/18219"}],"wp:attachment":[{"href":"https:\/\/hd-multimedia.com\/en\/wp-json\/wp\/v2\/media?parent=18213"}],"curies":[{"name":"wp","href":"https:\/\/api.w.org\/{rel}","templated":true}]}}