{"id":18073,"date":"2025-03-25T09:51:31","date_gmt":"2025-03-25T09:51:31","guid":{"rendered":"https:\/\/hd-multimedia.com\/?post_type=product&#038;p=18073"},"modified":"2026-03-13T21:19:06","modified_gmt":"2026-03-13T21:19:06","slug":"kanto-yu4","status":"publish","type":"product","link":"https:\/\/hd-multimedia.com\/en\/trgovina\/kanto-yu4\/","title":{"rendered":"Kanto YU4"},"content":{"rendered":"<p>Designed to fit perfectly into any space, the Kanto YU4 speakers are available in a variety of premium finishes that complement modern interiors. They come with a remote control for adjusting volume, input and playback, as well as a convenient automatic sleep mode that saves energy when not in use. Whether you&#039;re an audiophile or a casual listener, the YU4 speakers deliver rich and immersive sound in a compact, beautifully designed package that brings style and performance to any space.<\/p>\n<p><a href=\"https:\/\/www.kantoaudio.com\/powered-speakers\/yu4\/\" target=\"_blank\" rel=\"noopener\">For more information, see here.<\/a><\/p>\n<p>DRIVERS<br \/>\n1 inch silk dome tweeters<br \/>\n4\u2032\u2032 Kevlar\u00ae drivers<\/p>\n<p>AUDIO<br \/>\nClass D amplifier<br \/>\n140 W peak power (70 W total RMS)<br \/>\nFrequency response: 60 Hz \u2013 20 kHz<\/p>\n<p>ENTRANCE<br \/>\n3.5mm mini AUX jack<br \/>\nRCA with Phono switch<br \/>\n2 x optical (TOSLINK)<br \/>\nBluetoothTM 4.0 with Qualcomm\u00ae aptXTM<\/p>\n<p>EXITS<br \/>\nSubwoofer<br \/>\nUSB charging 5V 1A<\/p>\n<p>WHAT&#039;S IN THE BOX<br \/>\nRemote with batteries<br \/>\nPower cable<br \/>\nSpeaker wire (16\u2032)<br \/>\n3.5mm auxiliary cable (6.5\u2032)<br \/>\n8 x rubber feet<br \/>\nManual<\/p>\n<p>WEIGHTS AND MEASURES<br \/>\nDimensions (each speaker):<br \/>\n5.5\u2033 W x 7.5\u2033 L x 8.7\u2033 H (14 x 19 x 22 cm)<br \/>\nNet weight (active): 6.9 lb (3.2 kg)<br \/>\nNet weight (passive): 5.5 lb (2.5 kg)<br \/>\n1\/4\u2032\u2032-20 threaded mounting holes<\/p>","protected":false},"excerpt":{"rendered":"<p>The Kanto YU4 active speakers offer an exceptional audio experience in a compact and stylish design. With 140W peak power and an integrated Class D amplifier, these speakers deliver clear, balanced sound with rich bass and crisp highs. 4\u201d woven Kevlar drivers and 1\u201d silk dome tweeters ensure high-fidelity audio reproduction, making them perfect for music, movies and video games. Bluetooth connectivity with Qualcomm aptXTM enables high-quality wireless streaming, while versatile connection options\u2014including RCA, optical and AUX\u2014enable easy connection to a variety of devices such as turntables, TVs and more.<\/p>","protected":false},"featured_media":18077,"template":"","meta":{"site-sidebar-layout":"default","site-content-layout":"","ast-site-content-layout":"default","site-content-style":"default","site-sidebar-style":"default","ast-global-header-display":"","ast-banner-title-visibility":"","ast-main-header-display":"","ast-hfb-above-header-display":"","ast-hfb-below-header-display":"","ast-hfb-mobile-header-display":"","site-post-title":"","ast-breadcrumbs-content":"","ast-featured-img":"","footer-sml-layout":"","theme-transparent-header-meta":"default","adv-header-id-meta":"","stick-header-meta":"default","header-above-stick-meta":"","header-main-stick-meta":"","header-below-stick-meta":"","astra-migrate-meta-layouts":"set","ast-page-background-enabled":"default","ast-page-background-meta":{"desktop":{"background-color":"","background-image":"","background-repeat":"repeat","background-position":"center center","background-size":"auto","background-attachment":"scroll","background-type":"","background-media":"","overlay-type":"","overlay-color":"","overlay-opacity":"","overlay-gradient":""},"tablet":{"background-color":"","background-image":"","background-repeat":"repeat","background-position":"center center","background-size":"auto","background-attachment":"scroll","background-type":"","background-media":"","overlay-type":"","overlay-color":"","overlay-opacity":"","overlay-gradient":""},"mobile":{"background-color":"","background-image":"","background-repeat":"repeat","background-position":"center center","background-size":"auto","background-attachment":"scroll","background-type":"","background-media":"","overlay-type":"","overlay-color":"","overlay-opacity":"","overlay-gradient":""}},"ast-content-background-meta":{"desktop":{"background-color":"var(--ast-global-color-5)","background-image":"","background-repeat":"repeat","background-position":"center center","background-size":"auto","background-attachment":"scroll","background-type":"","background-media":"","overlay-type":"","overlay-color":"","overlay-opacity":"","overlay-gradient":""},"tablet":{"background-color":"var(--ast-global-color-5)","background-image":"","background-repeat":"repeat","background-position":"center center","background-size":"auto","background-attachment":"scroll","background-type":"","background-media":"","overlay-type":"","overlay-color":"","overlay-opacity":"","overlay-gradient":""},"mobile":{"background-color":"var(--ast-global-color-5)","background-image":"","background-repeat":"repeat","background-position":"center center","background-size":"auto","background-attachment":"scroll","background-type":"","background-media":"","overlay-type":"","overlay-color":"","overlay-opacity":"","overlay-gradient":""}}},"class_list":["post-18073","product","type-product","status-publish","has-post-thumbnail","hentry","product_cat-kanto-proizvodaci","product_cat-aktivne-zvucne-kutije","desktop-align-center","tablet-align-center","mobile-align-center","ast-product-gallery-layout-horizontal","ast-magnify-disabled","ast-product-single-variable","ast-product-tabs-layout-horizontal"],"yoast_head":"<!-- This site is optimized with the Yoast SEO plugin v21.4 - https:\/\/yoast.com\/wordpress\/plugins\/seo\/ -->\n<title>Kanto YU4 - hd-multimedia<\/title>\n<meta name=\"description\" content=\"Dizajnirani da se savr\u0161eno uklapaju u svaki prostor, YU4 zvu\u010dnici dostupni su u razli\u010ditim premium zavr\u0161nim obradama koje upotpunjuju moderni interijer.\" \/>\n<meta name=\"robots\" content=\"index, follow, max-snippet:-1, max-image-preview:large, max-video-preview:-1\" \/>\n<link rel=\"canonical\" href=\"https:\/\/hd-multimedia.com\/en\/trgovina\/kanto-yu4\/\" \/>\n<meta property=\"og:locale\" content=\"en_GB\" \/>\n<meta property=\"og:type\" content=\"article\" \/>\n<meta property=\"og:title\" content=\"Kanto YU4 - hd-multimedia\" \/>\n<meta property=\"og:description\" content=\"Dizajnirani da se savr\u0161eno uklapaju u svaki prostor, YU4 zvu\u010dnici dostupni su u razli\u010ditim premium zavr\u0161nim obradama koje upotpunjuju moderni interijer.\" \/>\n<meta property=\"og:url\" content=\"https:\/\/hd-multimedia.com\/en\/trgovina\/kanto-yu4\/\" \/>\n<meta property=\"og:site_name\" content=\"hd-multimedia\" \/>\n<meta property=\"article:modified_time\" content=\"2026-03-13T21:19:06+00:00\" \/>\n<meta property=\"og:image\" content=\"https:\/\/hd-multimedia.com\/hdm_media\/yu4mb_main-e1742979787755.png\" \/>\n\t<meta property=\"og:image:width\" content=\"600\" \/>\n\t<meta property=\"og:image:height\" content=\"600\" \/>\n\t<meta property=\"og:image:type\" content=\"image\/png\" \/>\n<meta name=\"twitter:card\" content=\"summary_large_image\" \/>\n<meta name=\"twitter:label1\" content=\"Estimated reading time\" \/>\n\t<meta name=\"twitter:data1\" content=\"2 minutes\" \/>\n<script type=\"application\/ld+json\" class=\"yoast-schema-graph\">{\"@context\":\"https:\/\/schema.org\",\"@graph\":[{\"@type\":\"WebPage\",\"@id\":\"https:\/\/hd-multimedia.com\/trgovina\/kanto-yu4\/\",\"url\":\"https:\/\/hd-multimedia.com\/trgovina\/kanto-yu4\/\",\"name\":\"Kanto YU4 - hd-multimedia\",\"isPartOf\":{\"@id\":\"https:\/\/hd-multimedia.com\/#website\"},\"datePublished\":\"2025-03-25T09:51:31+00:00\",\"dateModified\":\"2026-03-13T21:19:06+00:00\",\"description\":\"Dizajnirani da se savr\u0161eno uklapaju u svaki prostor, YU4 zvu\u010dnici dostupni su u razli\u010ditim premium zavr\u0161nim obradama koje upotpunjuju moderni interijer.\",\"breadcrumb\":{\"@id\":\"https:\/\/hd-multimedia.com\/trgovina\/kanto-yu4\/#breadcrumb\"},\"inLanguage\":\"en-GB\",\"potentialAction\":[{\"@type\":\"ReadAction\",\"target\":[\"https:\/\/hd-multimedia.com\/trgovina\/kanto-yu4\/\"]}]},{\"@type\":\"BreadcrumbList\",\"@id\":\"https:\/\/hd-multimedia.com\/trgovina\/kanto-yu4\/#breadcrumb\",\"itemListElement\":[{\"@type\":\"ListItem\",\"position\":1,\"name\":\"Po\u010detna stranica\",\"item\":\"https:\/\/hd-multimedia.com\/\"},{\"@type\":\"ListItem\",\"position\":2,\"name\":\"Trgovina\",\"item\":\"https:\/\/hd-multimedia.com\/trgovina\/\"},{\"@type\":\"ListItem\",\"position\":3,\"name\":\"Kanto YU4\"}]},{\"@type\":\"WebSite\",\"@id\":\"https:\/\/hd-multimedia.com\/#website\",\"url\":\"https:\/\/hd-multimedia.com\/\",\"name\":\"hd-multimedia\",\"description\":\"\",\"publisher\":{\"@id\":\"https:\/\/hd-multimedia.com\/#organization\"},\"potentialAction\":[{\"@type\":\"SearchAction\",\"target\":{\"@type\":\"EntryPoint\",\"urlTemplate\":\"https:\/\/hd-multimedia.com\/?s={search_term_string}\"},\"query-input\":\"required name=search_term_string\"}],\"inLanguage\":\"en-GB\"},{\"@type\":\"Organization\",\"@id\":\"https:\/\/hd-multimedia.com\/#organization\",\"name\":\"hd-multimedia\",\"url\":\"https:\/\/hd-multimedia.com\/\",\"logo\":{\"@type\":\"ImageObject\",\"inLanguage\":\"en-GB\",\"@id\":\"https:\/\/hd-multimedia.com\/#\/schema\/logo\/image\/\",\"url\":\"https:\/\/hd-multimedia.com\/hdm_media\/HD-curves-ok-196-56px-alpha-1.png\",\"contentUrl\":\"https:\/\/hd-multimedia.com\/hdm_media\/HD-curves-ok-196-56px-alpha-1.png\",\"width\":196,\"height\":53,\"caption\":\"hd-multimedia\"},\"image\":{\"@id\":\"https:\/\/hd-multimedia.com\/#\/schema\/logo\/image\/\"}}]}<\/script>\n<!-- \/ Yoast SEO plugin. -->","yoast_head_json":{"title":"Kanto YU4 - hd-multimedia","description":"Dizajnirani da se savr\u0161eno uklapaju u svaki prostor, YU4 zvu\u010dnici dostupni su u razli\u010ditim premium zavr\u0161nim obradama koje upotpunjuju moderni interijer.","robots":{"index":"index","follow":"follow","max-snippet":"max-snippet:-1","max-image-preview":"max-image-preview:large","max-video-preview":"max-video-preview:-1"},"canonical":"https:\/\/hd-multimedia.com\/en\/trgovina\/kanto-yu4\/","og_locale":"en_GB","og_type":"article","og_title":"Kanto YU4 - hd-multimedia","og_description":"Dizajnirani da se savr\u0161eno uklapaju u svaki prostor, YU4 zvu\u010dnici dostupni su u razli\u010ditim premium zavr\u0161nim obradama koje upotpunjuju moderni interijer.","og_url":"https:\/\/hd-multimedia.com\/en\/trgovina\/kanto-yu4\/","og_site_name":"hd-multimedia","article_modified_time":"2026-03-13T21:19:06+00:00","og_image":[{"width":600,"height":600,"url":"https:\/\/hd-multimedia.com\/hdm_media\/yu4mb_main-e1742979787755.png","type":"image\/png"}],"twitter_card":"summary_large_image","twitter_misc":{"Estimated reading time":"2 minutes"},"schema":{"@context":"https:\/\/schema.org","@graph":[{"@type":"WebPage","@id":"https:\/\/hd-multimedia.com\/trgovina\/kanto-yu4\/","url":"https:\/\/hd-multimedia.com\/trgovina\/kanto-yu4\/","name":"Kanto YU4 - hd-multimedia","isPartOf":{"@id":"https:\/\/hd-multimedia.com\/#website"},"datePublished":"2025-03-25T09:51:31+00:00","dateModified":"2026-03-13T21:19:06+00:00","description":"Dizajnirani da se savr\u0161eno uklapaju u svaki prostor, YU4 zvu\u010dnici dostupni su u razli\u010ditim premium zavr\u0161nim obradama koje upotpunjuju moderni interijer.","breadcrumb":{"@id":"https:\/\/hd-multimedia.com\/trgovina\/kanto-yu4\/#breadcrumb"},"inLanguage":"en-GB","potentialAction":[{"@type":"ReadAction","target":["https:\/\/hd-multimedia.com\/trgovina\/kanto-yu4\/"]}]},{"@type":"BreadcrumbList","@id":"https:\/\/hd-multimedia.com\/trgovina\/kanto-yu4\/#breadcrumb","itemListElement":[{"@type":"ListItem","position":1,"name":"Po\u010detna stranica","item":"https:\/\/hd-multimedia.com\/"},{"@type":"ListItem","position":2,"name":"Trgovina","item":"https:\/\/hd-multimedia.com\/trgovina\/"},{"@type":"ListItem","position":3,"name":"Kanto YU4"}]},{"@type":"WebSite","@id":"https:\/\/hd-multimedia.com\/#website","url":"https:\/\/hd-multimedia.com\/","name":"hd-multimedia","description":"","publisher":{"@id":"https:\/\/hd-multimedia.com\/#organization"},"potentialAction":[{"@type":"SearchAction","target":{"@type":"EntryPoint","urlTemplate":"https:\/\/hd-multimedia.com\/?s={search_term_string}"},"query-input":"required name=search_term_string"}],"inLanguage":"en-GB"},{"@type":"Organization","@id":"https:\/\/hd-multimedia.com\/#organization","name":"hd-multimedia","url":"https:\/\/hd-multimedia.com\/","logo":{"@type":"ImageObject","inLanguage":"en-GB","@id":"https:\/\/hd-multimedia.com\/#\/schema\/logo\/image\/","url":"https:\/\/hd-multimedia.com\/hdm_media\/HD-curves-ok-196-56px-alpha-1.png","contentUrl":"https:\/\/hd-multimedia.com\/hdm_media\/HD-curves-ok-196-56px-alpha-1.png","width":196,"height":53,"caption":"hd-multimedia"},"image":{"@id":"https:\/\/hd-multimedia.com\/#\/schema\/logo\/image\/"}}]}},"post_mailing_queue_ids":[],"_links":{"self":[{"href":"https:\/\/hd-multimedia.com\/en\/wp-json\/wp\/v2\/product\/18073","targetHints":{"allow":["GET"]}}],"collection":[{"href":"https:\/\/hd-multimedia.com\/en\/wp-json\/wp\/v2\/product"}],"about":[{"href":"https:\/\/hd-multimedia.com\/en\/wp-json\/wp\/v2\/types\/product"}],"version-history":[{"count":8,"href":"https:\/\/hd-multimedia.com\/en\/wp-json\/wp\/v2\/product\/18073\/revisions"}],"predecessor-version":[{"id":18191,"href":"https:\/\/hd-multimedia.com\/en\/wp-json\/wp\/v2\/product\/18073\/revisions\/18191"}],"wp:featuredmedia":[{"embeddable":true,"href":"https:\/\/hd-multimedia.com\/en\/wp-json\/wp\/v2\/media\/18077"}],"wp:attachment":[{"href":"https:\/\/hd-multimedia.com\/en\/wp-json\/wp\/v2\/media?parent=18073"}],"curies":[{"name":"wp","href":"https:\/\/api.w.org\/{rel}","templated":true}]}}