{"id":18063,"date":"2025-03-25T09:10:03","date_gmt":"2025-03-25T09:10:03","guid":{"rendered":"https:\/\/hd-multimedia.com\/?post_type=product&#038;p=18063"},"modified":"2026-03-02T22:20:58","modified_gmt":"2026-03-02T22:20:58","slug":"kanto-yu6","status":"publish","type":"product","link":"https:\/\/hd-multimedia.com\/en\/trgovina\/kanto-yu6\/","title":{"rendered":"Kanto YU6"},"content":{"rendered":"<p>Designed with style and performance in mind, the YU6 speakers come in a variety of premium finishes that blend seamlessly into any interior. The intuitive user interface includes a convenient remote control for volume adjustment and source selection, as well as automatic sleep and wake modes for optimal energy efficiency. Whether you&#039;re an audiophile or a casual listener, these speakers deliver a dynamic and immersive audio experience in a compact and elegantly designed package.<\/p>\n<p>Specifications:<\/p>\n<p>DRIVERS<br \/>\n1 inch silk dome tweeters<br \/>\n5.25&#039;&#039; Kevlar\u00ae drivers<\/p>\n<p>AUDIO<br \/>\nClass D amplifier<br \/>\n200 W peak power (100 W total RMS)<br \/>\nFrequency response: 50 Hz \u2013 20 kHz<\/p>\n<p>Entries<br \/>\n3.5mm mini AUX jack<br \/>\nRCA with Phono switch<br \/>\n2 x optical (TOSLINK)<br \/>\nBluetoothTM 4.0 with Qualcomm\u00ae aptXTM<\/p>\n<p>EXITS<br \/>\nSubwoofer<br \/>\nUSB charging 5V 1A<\/p>\n<p>WHAT&#039;S IN THE BOX<br \/>\nRemote with batteries<br \/>\nPower cable<br \/>\nSpeaker wire (16\u2032)<br \/>\n3.5mm auxiliary cable (6.5\u2032)<br \/>\n8 x rubber feet<br \/>\nManual<\/p>\n<p>WEIGHTS AND MEASURES<br \/>\nDimensions (each speaker):<br \/>\n6.9&quot; W x 8.1&quot; L x 10.7&quot; H (17.5 x 20.5 x 27.2 cm)<br \/>\nNet weight (active): 11.4 lb (5.2 kg)<br \/>\nNet weight (passive): 8.7 lb (4.0 kg)<br \/>\n1\/4\u2032\u2032-20 threaded mounting holes<\/p>","protected":false},"excerpt":{"rendered":"<p>Satisfy your craving for powerful, full-bodied sound with the Kanto YU6. Armed with an incredible 200W Class D amplifier, the Kanto YU6 will make you question what it means to be loud. Its 5.25-inch Kevlar\u00ae drivers and 1-inch silk dome tweeters deliver detailed sound to every square inch of your room, putting a smile on your face.<\/p>\n<p>The Kanto YU6 delivers a balanced soundstage, whether you&#039;re listening to music, watching movies or playing video games. Built-in Bluetooth with Qualcomm aptXTM technology enables high-quality wireless playback, while a range of connections \u2013 including RCA with integrated phono preamplifier \u2013 allow for easy connection to turntables, TVs and other devices.<\/p>\n<p><a href=\"https:\/\/www.kantoaudio.com\/powered-speakers\/yu6\/\" target=\"_blank\" rel=\"noopener\">For more information, see here.<\/a><\/p>","protected":false},"featured_media":18071,"template":"","meta":{"site-sidebar-layout":"default","site-content-layout":"","ast-site-content-layout":"default","site-content-style":"default","site-sidebar-style":"default","ast-global-header-display":"","ast-banner-title-visibility":"","ast-main-header-display":"","ast-hfb-above-header-display":"","ast-hfb-below-header-display":"","ast-hfb-mobile-header-display":"","site-post-title":"","ast-breadcrumbs-content":"","ast-featured-img":"","footer-sml-layout":"","theme-transparent-header-meta":"default","adv-header-id-meta":"","stick-header-meta":"default","header-above-stick-meta":"","header-main-stick-meta":"","header-below-stick-meta":"","astra-migrate-meta-layouts":"set","ast-page-background-enabled":"default","ast-page-background-meta":{"desktop":{"background-color":"","background-image":"","background-repeat":"repeat","background-position":"center center","background-size":"auto","background-attachment":"scroll","background-type":"","background-media":"","overlay-type":"","overlay-color":"","overlay-opacity":"","overlay-gradient":""},"tablet":{"background-color":"","background-image":"","background-repeat":"repeat","background-position":"center center","background-size":"auto","background-attachment":"scroll","background-type":"","background-media":"","overlay-type":"","overlay-color":"","overlay-opacity":"","overlay-gradient":""},"mobile":{"background-color":"","background-image":"","background-repeat":"repeat","background-position":"center center","background-size":"auto","background-attachment":"scroll","background-type":"","background-media":"","overlay-type":"","overlay-color":"","overlay-opacity":"","overlay-gradient":""}},"ast-content-background-meta":{"desktop":{"background-color":"var(--ast-global-color-5)","background-image":"","background-repeat":"repeat","background-position":"center center","background-size":"auto","background-attachment":"scroll","background-type":"","background-media":"","overlay-type":"","overlay-color":"","overlay-opacity":"","overlay-gradient":""},"tablet":{"background-color":"var(--ast-global-color-5)","background-image":"","background-repeat":"repeat","background-position":"center center","background-size":"auto","background-attachment":"scroll","background-type":"","background-media":"","overlay-type":"","overlay-color":"","overlay-opacity":"","overlay-gradient":""},"mobile":{"background-color":"var(--ast-global-color-5)","background-image":"","background-repeat":"repeat","background-position":"center center","background-size":"auto","background-attachment":"scroll","background-type":"","background-media":"","overlay-type":"","overlay-color":"","overlay-opacity":"","overlay-gradient":""}}},"class_list":["post-18063","product","type-product","status-publish","has-post-thumbnail","hentry","product_cat-kanto-proizvodaci","product_cat-aktivne-zvucne-kutije","desktop-align-center","tablet-align-center","mobile-align-center","ast-product-gallery-layout-horizontal","ast-magnify-disabled","ast-product-single-variable","ast-product-tabs-layout-horizontal"],"yoast_head":"<!-- This site is optimized with the Yoast SEO plugin v21.4 - https:\/\/yoast.com\/wordpress\/plugins\/seo\/ -->\n<title>Kanto YU6 - hd-multimedia<\/title>\n<meta name=\"description\" content=\"Zvu\u010dnici Kanto YU6 pru\u017eaju visokovjernu kvalitetu zvuka u elegantnom i modernom dizajnu, \u0161to ih \u010dini savr\u0161enim dodatkom svakom ku\u0107nom audio sustavu.\" \/>\n<meta name=\"robots\" content=\"index, follow, max-snippet:-1, max-image-preview:large, max-video-preview:-1\" \/>\n<link rel=\"canonical\" href=\"https:\/\/hd-multimedia.com\/en\/trgovina\/kanto-yu6\/\" \/>\n<meta property=\"og:locale\" content=\"en_GB\" \/>\n<meta property=\"og:type\" content=\"article\" \/>\n<meta property=\"og:title\" content=\"Kanto YU6 - hd-multimedia\" \/>\n<meta property=\"og:description\" content=\"Zvu\u010dnici Kanto YU6 pru\u017eaju visokovjernu kvalitetu zvuka u elegantnom i modernom dizajnu, \u0161to ih \u010dini savr\u0161enim dodatkom svakom ku\u0107nom audio sustavu.\" \/>\n<meta property=\"og:url\" content=\"https:\/\/hd-multimedia.com\/en\/trgovina\/kanto-yu6\/\" \/>\n<meta property=\"og:site_name\" content=\"hd-multimedia\" \/>\n<meta property=\"article:modified_time\" content=\"2026-03-02T22:20:58+00:00\" \/>\n<meta property=\"og:image\" content=\"https:\/\/hd-multimedia.com\/hdm_media\/yu6wal_main-e1742894685175.png\" \/>\n\t<meta property=\"og:image:width\" content=\"600\" \/>\n\t<meta property=\"og:image:height\" content=\"600\" \/>\n\t<meta property=\"og:image:type\" content=\"image\/png\" \/>\n<meta name=\"twitter:card\" content=\"summary_large_image\" \/>\n<meta name=\"twitter:label1\" content=\"Estimated reading time\" \/>\n\t<meta name=\"twitter:data1\" content=\"2 minutes\" \/>\n<script type=\"application\/ld+json\" class=\"yoast-schema-graph\">{\"@context\":\"https:\/\/schema.org\",\"@graph\":[{\"@type\":\"WebPage\",\"@id\":\"https:\/\/hd-multimedia.com\/trgovina\/kanto-yu6\/\",\"url\":\"https:\/\/hd-multimedia.com\/trgovina\/kanto-yu6\/\",\"name\":\"Kanto YU6 - hd-multimedia\",\"isPartOf\":{\"@id\":\"https:\/\/hd-multimedia.com\/#website\"},\"datePublished\":\"2025-03-25T09:10:03+00:00\",\"dateModified\":\"2026-03-02T22:20:58+00:00\",\"description\":\"Zvu\u010dnici Kanto YU6 pru\u017eaju visokovjernu kvalitetu zvuka u elegantnom i modernom dizajnu, \u0161to ih \u010dini savr\u0161enim dodatkom svakom ku\u0107nom audio sustavu.\",\"breadcrumb\":{\"@id\":\"https:\/\/hd-multimedia.com\/trgovina\/kanto-yu6\/#breadcrumb\"},\"inLanguage\":\"en-GB\",\"potentialAction\":[{\"@type\":\"ReadAction\",\"target\":[\"https:\/\/hd-multimedia.com\/trgovina\/kanto-yu6\/\"]}]},{\"@type\":\"BreadcrumbList\",\"@id\":\"https:\/\/hd-multimedia.com\/trgovina\/kanto-yu6\/#breadcrumb\",\"itemListElement\":[{\"@type\":\"ListItem\",\"position\":1,\"name\":\"Po\u010detna stranica\",\"item\":\"https:\/\/hd-multimedia.com\/\"},{\"@type\":\"ListItem\",\"position\":2,\"name\":\"Trgovina\",\"item\":\"https:\/\/hd-multimedia.com\/trgovina\/\"},{\"@type\":\"ListItem\",\"position\":3,\"name\":\"Kanto YU6\"}]},{\"@type\":\"WebSite\",\"@id\":\"https:\/\/hd-multimedia.com\/#website\",\"url\":\"https:\/\/hd-multimedia.com\/\",\"name\":\"hd-multimedia\",\"description\":\"\",\"publisher\":{\"@id\":\"https:\/\/hd-multimedia.com\/#organization\"},\"potentialAction\":[{\"@type\":\"SearchAction\",\"target\":{\"@type\":\"EntryPoint\",\"urlTemplate\":\"https:\/\/hd-multimedia.com\/?s={search_term_string}\"},\"query-input\":\"required name=search_term_string\"}],\"inLanguage\":\"en-GB\"},{\"@type\":\"Organization\",\"@id\":\"https:\/\/hd-multimedia.com\/#organization\",\"name\":\"hd-multimedia\",\"url\":\"https:\/\/hd-multimedia.com\/\",\"logo\":{\"@type\":\"ImageObject\",\"inLanguage\":\"en-GB\",\"@id\":\"https:\/\/hd-multimedia.com\/#\/schema\/logo\/image\/\",\"url\":\"https:\/\/hd-multimedia.com\/hdm_media\/HD-curves-ok-196-56px-alpha-1.png\",\"contentUrl\":\"https:\/\/hd-multimedia.com\/hdm_media\/HD-curves-ok-196-56px-alpha-1.png\",\"width\":196,\"height\":53,\"caption\":\"hd-multimedia\"},\"image\":{\"@id\":\"https:\/\/hd-multimedia.com\/#\/schema\/logo\/image\/\"}}]}<\/script>\n<!-- \/ Yoast SEO plugin. -->","yoast_head_json":{"title":"Kanto YU6 - hd-multimedia","description":"Zvu\u010dnici Kanto YU6 pru\u017eaju visokovjernu kvalitetu zvuka u elegantnom i modernom dizajnu, \u0161to ih \u010dini savr\u0161enim dodatkom svakom ku\u0107nom audio sustavu.","robots":{"index":"index","follow":"follow","max-snippet":"max-snippet:-1","max-image-preview":"max-image-preview:large","max-video-preview":"max-video-preview:-1"},"canonical":"https:\/\/hd-multimedia.com\/en\/trgovina\/kanto-yu6\/","og_locale":"en_GB","og_type":"article","og_title":"Kanto YU6 - hd-multimedia","og_description":"Zvu\u010dnici Kanto YU6 pru\u017eaju visokovjernu kvalitetu zvuka u elegantnom i modernom dizajnu, \u0161to ih \u010dini savr\u0161enim dodatkom svakom ku\u0107nom audio sustavu.","og_url":"https:\/\/hd-multimedia.com\/en\/trgovina\/kanto-yu6\/","og_site_name":"hd-multimedia","article_modified_time":"2026-03-02T22:20:58+00:00","og_image":[{"width":600,"height":600,"url":"https:\/\/hd-multimedia.com\/hdm_media\/yu6wal_main-e1742894685175.png","type":"image\/png"}],"twitter_card":"summary_large_image","twitter_misc":{"Estimated reading time":"2 minutes"},"schema":{"@context":"https:\/\/schema.org","@graph":[{"@type":"WebPage","@id":"https:\/\/hd-multimedia.com\/trgovina\/kanto-yu6\/","url":"https:\/\/hd-multimedia.com\/trgovina\/kanto-yu6\/","name":"Kanto YU6 - hd-multimedia","isPartOf":{"@id":"https:\/\/hd-multimedia.com\/#website"},"datePublished":"2025-03-25T09:10:03+00:00","dateModified":"2026-03-02T22:20:58+00:00","description":"Zvu\u010dnici Kanto YU6 pru\u017eaju visokovjernu kvalitetu zvuka u elegantnom i modernom dizajnu, \u0161to ih \u010dini savr\u0161enim dodatkom svakom ku\u0107nom audio sustavu.","breadcrumb":{"@id":"https:\/\/hd-multimedia.com\/trgovina\/kanto-yu6\/#breadcrumb"},"inLanguage":"en-GB","potentialAction":[{"@type":"ReadAction","target":["https:\/\/hd-multimedia.com\/trgovina\/kanto-yu6\/"]}]},{"@type":"BreadcrumbList","@id":"https:\/\/hd-multimedia.com\/trgovina\/kanto-yu6\/#breadcrumb","itemListElement":[{"@type":"ListItem","position":1,"name":"Po\u010detna stranica","item":"https:\/\/hd-multimedia.com\/"},{"@type":"ListItem","position":2,"name":"Trgovina","item":"https:\/\/hd-multimedia.com\/trgovina\/"},{"@type":"ListItem","position":3,"name":"Kanto YU6"}]},{"@type":"WebSite","@id":"https:\/\/hd-multimedia.com\/#website","url":"https:\/\/hd-multimedia.com\/","name":"hd-multimedia","description":"","publisher":{"@id":"https:\/\/hd-multimedia.com\/#organization"},"potentialAction":[{"@type":"SearchAction","target":{"@type":"EntryPoint","urlTemplate":"https:\/\/hd-multimedia.com\/?s={search_term_string}"},"query-input":"required name=search_term_string"}],"inLanguage":"en-GB"},{"@type":"Organization","@id":"https:\/\/hd-multimedia.com\/#organization","name":"hd-multimedia","url":"https:\/\/hd-multimedia.com\/","logo":{"@type":"ImageObject","inLanguage":"en-GB","@id":"https:\/\/hd-multimedia.com\/#\/schema\/logo\/image\/","url":"https:\/\/hd-multimedia.com\/hdm_media\/HD-curves-ok-196-56px-alpha-1.png","contentUrl":"https:\/\/hd-multimedia.com\/hdm_media\/HD-curves-ok-196-56px-alpha-1.png","width":196,"height":53,"caption":"hd-multimedia"},"image":{"@id":"https:\/\/hd-multimedia.com\/#\/schema\/logo\/image\/"}}]}},"post_mailing_queue_ids":[],"_links":{"self":[{"href":"https:\/\/hd-multimedia.com\/en\/wp-json\/wp\/v2\/product\/18063","targetHints":{"allow":["GET"]}}],"collection":[{"href":"https:\/\/hd-multimedia.com\/en\/wp-json\/wp\/v2\/product"}],"about":[{"href":"https:\/\/hd-multimedia.com\/en\/wp-json\/wp\/v2\/types\/product"}],"version-history":[{"count":6,"href":"https:\/\/hd-multimedia.com\/en\/wp-json\/wp\/v2\/product\/18063\/revisions"}],"predecessor-version":[{"id":18207,"href":"https:\/\/hd-multimedia.com\/en\/wp-json\/wp\/v2\/product\/18063\/revisions\/18207"}],"wp:featuredmedia":[{"embeddable":true,"href":"https:\/\/hd-multimedia.com\/en\/wp-json\/wp\/v2\/media\/18071"}],"wp:attachment":[{"href":"https:\/\/hd-multimedia.com\/en\/wp-json\/wp\/v2\/media?parent=18063"}],"curies":[{"name":"wp","href":"https:\/\/api.w.org\/{rel}","templated":true}]}}