{"id":18031,"date":"2025-03-21T12:30:20","date_gmt":"2025-03-21T12:30:20","guid":{"rendered":"https:\/\/hd-multimedia.com\/?post_type=product&#038;p=18031"},"modified":"2026-02-23T12:28:15","modified_gmt":"2026-02-23T12:28:15","slug":"kanto-yu","status":"publish","type":"product","link":"https:\/\/hd-multimedia.com\/en\/trgovina\/kanto-yu\/","title":{"rendered":"Kanto YU"},"content":{"rendered":"<p>In addition to top-notch performance, the Kanto YU impresses with a modern and minimalist design that fits perfectly into any space. Their compact size is ideal for desktops, shelves or home systems. In addition, a subwoofer output allows you to expand your sound system for even deeper bass. Whether you enjoy music, movies or games, the Kanto YU active speakers provide the clarity, depth and convenience you need for a premium audio experience.<\/p>\n<p>DRIVERS<br \/>\n1 inch silk dome tweeters<br \/>\n4\u2032\u2032 Kevlar\u00ae driver<\/p>\n<p>AUDIO<br \/>\nClass D amplifier<br \/>\n140 W peak power (70 W total RMS)<br \/>\nFrequency response: 60 Hz \u2013 20 kHz<\/p>\n<p>ENTRANCE<br \/>\nRCA<br \/>\nBluetooth\u00ae 4.2 with Qualcomm\u00ae aptXTM<\/p>\n<p>EXITS<br \/>\nSubwoofer<\/p>\n<p>WHAT&#039;S IN THE BOX<br \/>\nRemote with batteries<br \/>\nPower cable<br \/>\nSpeaker wire (16\u2032)<br \/>\n8 x rubber feet<br \/>\nManual<\/p>\n<p>WEIGHTS AND MEASURES<br \/>\nDimensions (each speaker):<br \/>\n5.5\u2033 W x 7.5\u2033 L x 8.7\u2033 H (14 x 19 x 22 cm)<br \/>\nNet weight (active): 6.1 lb (2.8 kg)<br \/>\nNet weight (passive): 5.2 lb (2.4 kg)<br \/>\n1\/4\u2032\u2032-20 threaded mounting holes<\/p>","protected":false},"excerpt":{"rendered":"<p>Kanto YU aktivni zvu\u010dnici dizajnirani su da donesu visokokvalitetan zvuk u va\u0161 dom u elegantnom i kompaktnom paketu. S 4\u201d Kevlar driverima i 1\u201d svilenim visokotoncem, ovi zvu\u010dnici pru\u017eaju kristalno \u010diste visoke tonove, uravnote\u017eene srednje frekvencije i dubok bas za potpuno audio iskustvo. Class D poja\u010dalo s 140W peak power (70W RMS) osigurava sna\u017ean i \u010dist zvuk bez izobli\u010denja. Bez obzira na to koristite li Bluetooth 4.2 za be\u017ei\u010dno streamanje ili koristite RCA ulaze, Kanto YU zvu\u010dnici nude iznimnu svestranost za sve va\u0161e audio potrebe.<\/p>\n<p><a href=\"https:\/\/www.kantoaudio.com\/powered-speakers\/yu\/\" target=\"_blank\" rel=\"noopener\">For more information, see here.<\/a><\/p>","protected":false},"featured_media":18037,"template":"","meta":{"site-sidebar-layout":"default","site-content-layout":"","ast-site-content-layout":"default","site-content-style":"default","site-sidebar-style":"default","ast-global-header-display":"","ast-banner-title-visibility":"","ast-main-header-display":"","ast-hfb-above-header-display":"","ast-hfb-below-header-display":"","ast-hfb-mobile-header-display":"","site-post-title":"","ast-breadcrumbs-content":"","ast-featured-img":"","footer-sml-layout":"","theme-transparent-header-meta":"default","adv-header-id-meta":"","stick-header-meta":"default","header-above-stick-meta":"","header-main-stick-meta":"","header-below-stick-meta":"","astra-migrate-meta-layouts":"set","ast-page-background-enabled":"default","ast-page-background-meta":{"desktop":{"background-color":"","background-image":"","background-repeat":"repeat","background-position":"center center","background-size":"auto","background-attachment":"scroll","background-type":"","background-media":"","overlay-type":"","overlay-color":"","overlay-opacity":"","overlay-gradient":""},"tablet":{"background-color":"","background-image":"","background-repeat":"repeat","background-position":"center center","background-size":"auto","background-attachment":"scroll","background-type":"","background-media":"","overlay-type":"","overlay-color":"","overlay-opacity":"","overlay-gradient":""},"mobile":{"background-color":"","background-image":"","background-repeat":"repeat","background-position":"center center","background-size":"auto","background-attachment":"scroll","background-type":"","background-media":"","overlay-type":"","overlay-color":"","overlay-opacity":"","overlay-gradient":""}},"ast-content-background-meta":{"desktop":{"background-color":"var(--ast-global-color-5)","background-image":"","background-repeat":"repeat","background-position":"center center","background-size":"auto","background-attachment":"scroll","background-type":"","background-media":"","overlay-type":"","overlay-color":"","overlay-opacity":"","overlay-gradient":""},"tablet":{"background-color":"var(--ast-global-color-5)","background-image":"","background-repeat":"repeat","background-position":"center center","background-size":"auto","background-attachment":"scroll","background-type":"","background-media":"","overlay-type":"","overlay-color":"","overlay-opacity":"","overlay-gradient":""},"mobile":{"background-color":"var(--ast-global-color-5)","background-image":"","background-repeat":"repeat","background-position":"center center","background-size":"auto","background-attachment":"scroll","background-type":"","background-media":"","overlay-type":"","overlay-color":"","overlay-opacity":"","overlay-gradient":""}}},"class_list":["post-18031","product","type-product","status-publish","has-post-thumbnail","hentry","product_cat-kanto-proizvodaci","product_cat-aktivne-zvucne-kutije","desktop-align-center","tablet-align-center","mobile-align-center","ast-product-gallery-layout-horizontal","ast-magnify-disabled","ast-product-tabs-layout-horizontal"],"yoast_head":"<!-- This site is optimized with the Yoast SEO plugin v21.4 - https:\/\/yoast.com\/wordpress\/plugins\/seo\/ -->\n<title>Kanto YU - hd-multimedia<\/title>\n<meta name=\"description\" content=\"Kanto YU aktivni zvu\u010dnici dizajnirani su da donesu visokokvalitetan zvuk u va\u0161 dom u elegantnom dizajnu i kompaktnom paketu.\" \/>\n<meta name=\"robots\" content=\"index, follow, max-snippet:-1, max-image-preview:large, max-video-preview:-1\" \/>\n<link rel=\"canonical\" href=\"https:\/\/hd-multimedia.com\/en\/trgovina\/kanto-yu\/\" \/>\n<meta property=\"og:locale\" content=\"en_GB\" \/>\n<meta property=\"og:type\" content=\"article\" \/>\n<meta property=\"og:title\" content=\"Kanto YU - hd-multimedia\" \/>\n<meta property=\"og:description\" content=\"Kanto YU aktivni zvu\u010dnici dizajnirani su da donesu visokokvalitetan zvuk u va\u0161 dom u elegantnom dizajnu i kompaktnom paketu.\" \/>\n<meta property=\"og:url\" content=\"https:\/\/hd-multimedia.com\/en\/trgovina\/kanto-yu\/\" \/>\n<meta property=\"og:site_name\" content=\"hd-multimedia\" \/>\n<meta property=\"article:modified_time\" content=\"2026-02-23T12:28:15+00:00\" \/>\n<meta property=\"og:image\" content=\"https:\/\/hd-multimedia.com\/hdm_media\/yumb_main-e1742805600243.png\" \/>\n\t<meta property=\"og:image:width\" content=\"600\" \/>\n\t<meta property=\"og:image:height\" content=\"600\" \/>\n\t<meta property=\"og:image:type\" content=\"image\/png\" \/>\n<meta name=\"twitter:card\" content=\"summary_large_image\" \/>\n<meta name=\"twitter:label1\" content=\"Estimated reading time\" \/>\n\t<meta name=\"twitter:data1\" content=\"1 minute\" \/>\n<script type=\"application\/ld+json\" class=\"yoast-schema-graph\">{\"@context\":\"https:\/\/schema.org\",\"@graph\":[{\"@type\":\"WebPage\",\"@id\":\"https:\/\/hd-multimedia.com\/trgovina\/kanto-yu\/\",\"url\":\"https:\/\/hd-multimedia.com\/trgovina\/kanto-yu\/\",\"name\":\"Kanto YU - hd-multimedia\",\"isPartOf\":{\"@id\":\"https:\/\/hd-multimedia.com\/#website\"},\"datePublished\":\"2025-03-21T12:30:20+00:00\",\"dateModified\":\"2026-02-23T12:28:15+00:00\",\"description\":\"Kanto YU aktivni zvu\u010dnici dizajnirani su da donesu visokokvalitetan zvuk u va\u0161 dom u elegantnom dizajnu i kompaktnom paketu.\",\"breadcrumb\":{\"@id\":\"https:\/\/hd-multimedia.com\/trgovina\/kanto-yu\/#breadcrumb\"},\"inLanguage\":\"en-GB\",\"potentialAction\":[{\"@type\":\"ReadAction\",\"target\":[\"https:\/\/hd-multimedia.com\/trgovina\/kanto-yu\/\"]}]},{\"@type\":\"BreadcrumbList\",\"@id\":\"https:\/\/hd-multimedia.com\/trgovina\/kanto-yu\/#breadcrumb\",\"itemListElement\":[{\"@type\":\"ListItem\",\"position\":1,\"name\":\"Po\u010detna stranica\",\"item\":\"https:\/\/hd-multimedia.com\/\"},{\"@type\":\"ListItem\",\"position\":2,\"name\":\"Trgovina\",\"item\":\"https:\/\/hd-multimedia.com\/trgovina\/\"},{\"@type\":\"ListItem\",\"position\":3,\"name\":\"Kanto YU\"}]},{\"@type\":\"WebSite\",\"@id\":\"https:\/\/hd-multimedia.com\/#website\",\"url\":\"https:\/\/hd-multimedia.com\/\",\"name\":\"hd-multimedia\",\"description\":\"\",\"publisher\":{\"@id\":\"https:\/\/hd-multimedia.com\/#organization\"},\"potentialAction\":[{\"@type\":\"SearchAction\",\"target\":{\"@type\":\"EntryPoint\",\"urlTemplate\":\"https:\/\/hd-multimedia.com\/?s={search_term_string}\"},\"query-input\":\"required name=search_term_string\"}],\"inLanguage\":\"en-GB\"},{\"@type\":\"Organization\",\"@id\":\"https:\/\/hd-multimedia.com\/#organization\",\"name\":\"hd-multimedia\",\"url\":\"https:\/\/hd-multimedia.com\/\",\"logo\":{\"@type\":\"ImageObject\",\"inLanguage\":\"en-GB\",\"@id\":\"https:\/\/hd-multimedia.com\/#\/schema\/logo\/image\/\",\"url\":\"https:\/\/hd-multimedia.com\/hdm_media\/HD-curves-ok-196-56px-alpha-1.png\",\"contentUrl\":\"https:\/\/hd-multimedia.com\/hdm_media\/HD-curves-ok-196-56px-alpha-1.png\",\"width\":196,\"height\":53,\"caption\":\"hd-multimedia\"},\"image\":{\"@id\":\"https:\/\/hd-multimedia.com\/#\/schema\/logo\/image\/\"}}]}<\/script>\n<!-- \/ Yoast SEO plugin. -->","yoast_head_json":{"title":"Kanto YU - hd-multimedia","description":"Kanto YU aktivni zvu\u010dnici dizajnirani su da donesu visokokvalitetan zvuk u va\u0161 dom u elegantnom dizajnu i kompaktnom paketu.","robots":{"index":"index","follow":"follow","max-snippet":"max-snippet:-1","max-image-preview":"max-image-preview:large","max-video-preview":"max-video-preview:-1"},"canonical":"https:\/\/hd-multimedia.com\/en\/trgovina\/kanto-yu\/","og_locale":"en_GB","og_type":"article","og_title":"Kanto YU - hd-multimedia","og_description":"Kanto YU aktivni zvu\u010dnici dizajnirani su da donesu visokokvalitetan zvuk u va\u0161 dom u elegantnom dizajnu i kompaktnom paketu.","og_url":"https:\/\/hd-multimedia.com\/en\/trgovina\/kanto-yu\/","og_site_name":"hd-multimedia","article_modified_time":"2026-02-23T12:28:15+00:00","og_image":[{"width":600,"height":600,"url":"https:\/\/hd-multimedia.com\/hdm_media\/yumb_main-e1742805600243.png","type":"image\/png"}],"twitter_card":"summary_large_image","twitter_misc":{"Estimated reading time":"1 minute"},"schema":{"@context":"https:\/\/schema.org","@graph":[{"@type":"WebPage","@id":"https:\/\/hd-multimedia.com\/trgovina\/kanto-yu\/","url":"https:\/\/hd-multimedia.com\/trgovina\/kanto-yu\/","name":"Kanto YU - hd-multimedia","isPartOf":{"@id":"https:\/\/hd-multimedia.com\/#website"},"datePublished":"2025-03-21T12:30:20+00:00","dateModified":"2026-02-23T12:28:15+00:00","description":"Kanto YU aktivni zvu\u010dnici dizajnirani su da donesu visokokvalitetan zvuk u va\u0161 dom u elegantnom dizajnu i kompaktnom paketu.","breadcrumb":{"@id":"https:\/\/hd-multimedia.com\/trgovina\/kanto-yu\/#breadcrumb"},"inLanguage":"en-GB","potentialAction":[{"@type":"ReadAction","target":["https:\/\/hd-multimedia.com\/trgovina\/kanto-yu\/"]}]},{"@type":"BreadcrumbList","@id":"https:\/\/hd-multimedia.com\/trgovina\/kanto-yu\/#breadcrumb","itemListElement":[{"@type":"ListItem","position":1,"name":"Po\u010detna stranica","item":"https:\/\/hd-multimedia.com\/"},{"@type":"ListItem","position":2,"name":"Trgovina","item":"https:\/\/hd-multimedia.com\/trgovina\/"},{"@type":"ListItem","position":3,"name":"Kanto YU"}]},{"@type":"WebSite","@id":"https:\/\/hd-multimedia.com\/#website","url":"https:\/\/hd-multimedia.com\/","name":"hd-multimedia","description":"","publisher":{"@id":"https:\/\/hd-multimedia.com\/#organization"},"potentialAction":[{"@type":"SearchAction","target":{"@type":"EntryPoint","urlTemplate":"https:\/\/hd-multimedia.com\/?s={search_term_string}"},"query-input":"required name=search_term_string"}],"inLanguage":"en-GB"},{"@type":"Organization","@id":"https:\/\/hd-multimedia.com\/#organization","name":"hd-multimedia","url":"https:\/\/hd-multimedia.com\/","logo":{"@type":"ImageObject","inLanguage":"en-GB","@id":"https:\/\/hd-multimedia.com\/#\/schema\/logo\/image\/","url":"https:\/\/hd-multimedia.com\/hdm_media\/HD-curves-ok-196-56px-alpha-1.png","contentUrl":"https:\/\/hd-multimedia.com\/hdm_media\/HD-curves-ok-196-56px-alpha-1.png","width":196,"height":53,"caption":"hd-multimedia"},"image":{"@id":"https:\/\/hd-multimedia.com\/#\/schema\/logo\/image\/"}}]}},"post_mailing_queue_ids":[],"_links":{"self":[{"href":"https:\/\/hd-multimedia.com\/en\/wp-json\/wp\/v2\/product\/18031","targetHints":{"allow":["GET"]}}],"collection":[{"href":"https:\/\/hd-multimedia.com\/en\/wp-json\/wp\/v2\/product"}],"about":[{"href":"https:\/\/hd-multimedia.com\/en\/wp-json\/wp\/v2\/types\/product"}],"version-history":[{"count":5,"href":"https:\/\/hd-multimedia.com\/en\/wp-json\/wp\/v2\/product\/18031\/revisions"}],"predecessor-version":[{"id":19274,"href":"https:\/\/hd-multimedia.com\/en\/wp-json\/wp\/v2\/product\/18031\/revisions\/19274"}],"wp:featuredmedia":[{"embeddable":true,"href":"https:\/\/hd-multimedia.com\/en\/wp-json\/wp\/v2\/media\/18037"}],"wp:attachment":[{"href":"https:\/\/hd-multimedia.com\/en\/wp-json\/wp\/v2\/media?parent=18031"}],"curies":[{"name":"wp","href":"https:\/\/api.w.org\/{rel}","templated":true}]}}