{"id":18024,"date":"2025-03-20T12:07:14","date_gmt":"2025-03-20T12:07:14","guid":{"rendered":"https:\/\/hd-multimedia.com\/?post_type=product&#038;p=18024"},"modified":"2026-03-15T09:53:32","modified_gmt":"2026-03-15T09:53:32","slug":"kanto-ora4","status":"publish","type":"product","link":"https:\/\/hd-multimedia.com\/en\/trgovina\/kanto-ora4\/","title":{"rendered":"Kanto ORA4"},"content":{"rendered":"<p>Designed for versatility and ease of use, the ORA4 features a subwoofer output for enhanced low frequencies and a USB charging port for added convenience. Its modern look and availability in multiple colors make it easy to blend into any space. Whether you&#039;re enjoying your favorite music, watching movies, or playing games, the Kanto ORA4 delivers impressive, high-quality sound with the flexibility to suit your needs.<\/p>\n<p><a href=\"https:\/\/www.kantoaudio.com\/powered-speakers\/ora4\/\" target=\"_blank\" rel=\"noopener\">For more information, see here.<\/a><\/p>\n<p>3\u20444\u201d Silk Dome tweeters<br \/>\n4\u201d aluminum concave cone<br \/>\n(Magnetic shielded)<\/p>\n<p>AUDIO<br \/>\nDual Class D amplifier<br \/>\n140 W peak power (70 W total RMS)<br \/>\n12 W RMS per tweeter<br \/>\n23 W RMS per Woofer<br \/>\nAutomatic 80 Hz high\/low pass filter<br \/>\nFrequency response: 60 Hz \u2013 22 kHz<\/p>\n<p>ENTRANCE<br \/>\nRCA line level<br \/>\nUSB-C (24 bit\/96 kHz)<br \/>\nBluetooth\u00ae 5.0<\/p>\n<p>EXITS<br \/>\nSubwoofer<\/p>\n<p>WHAT&#039;S IN THE BOX<br \/>\n4-pin speaker connector (16&#039;)<br \/>\nPower cable<br \/>\n8 x rubber feet<br \/>\nQuick guide to getting started<\/p>\n<p>WEIGHTS AND MEASURES<br \/>\nDimensions (each speaker)<br \/>\n4.7&quot; W x 6.7&quot; L x 8.3&quot; H (12 x 17 x 21 cm)<br \/>\nNet weight (active): 4.3 lb (2 kg)<br \/>\nNet weight (passive): 4.0 lb (1.9 kg)<br \/>\n1\u20444\u201d-20 rear and bottom threaded mounting holes<\/p>","protected":false},"excerpt":{"rendered":"<p>Kanto ORA4 aktivni zvu\u010dnici pru\u017eaju iznimnu kvalitetu zvuka u elegantnom i kompaktnom dizajnu, \u0161to ih \u010dini savr\u0161enim dodatkom svakom domu ili uredu. Opremljeni 4\u201d wooferima s papirnatim konusom i 3\u20444\u201d svilenim visokotoncima, ORA4 donosi jasne visoke tonove, detaljne srednje frekvencije i dubok, bogat bas za uravnote\u017eeno audio iskustvo. S ugra\u0111enim Class D poja\u010dalom koje isporu\u010duje 140W vr\u0161ne snage (70W RMS), ovi zvu\u010dnici nude sna\u017ean i ispunjavaju\u0107i zvuk bez potrebe za dodatnim poja\u010dalom. Vi\u0161estruke mogu\u0107nosti povezivanja, uklju\u010duju\u0107i USB-C, Bluetooth 5.0 i RCA\u00a0 omogu\u0107uju jednostavnu integraciju s televizorima, ra\u010dunalima, gramofonima i mobilnim ure\u0111ajima.<\/p>","protected":false},"featured_media":18026,"template":"","meta":{"site-sidebar-layout":"default","site-content-layout":"","ast-site-content-layout":"default","site-content-style":"default","site-sidebar-style":"default","ast-global-header-display":"","ast-banner-title-visibility":"","ast-main-header-display":"","ast-hfb-above-header-display":"","ast-hfb-below-header-display":"","ast-hfb-mobile-header-display":"","site-post-title":"","ast-breadcrumbs-content":"","ast-featured-img":"","footer-sml-layout":"","theme-transparent-header-meta":"default","adv-header-id-meta":"","stick-header-meta":"default","header-above-stick-meta":"","header-main-stick-meta":"","header-below-stick-meta":"","astra-migrate-meta-layouts":"set","ast-page-background-enabled":"default","ast-page-background-meta":{"desktop":{"background-color":"","background-image":"","background-repeat":"repeat","background-position":"center center","background-size":"auto","background-attachment":"scroll","background-type":"","background-media":"","overlay-type":"","overlay-color":"","overlay-opacity":"","overlay-gradient":""},"tablet":{"background-color":"","background-image":"","background-repeat":"repeat","background-position":"center center","background-size":"auto","background-attachment":"scroll","background-type":"","background-media":"","overlay-type":"","overlay-color":"","overlay-opacity":"","overlay-gradient":""},"mobile":{"background-color":"","background-image":"","background-repeat":"repeat","background-position":"center center","background-size":"auto","background-attachment":"scroll","background-type":"","background-media":"","overlay-type":"","overlay-color":"","overlay-opacity":"","overlay-gradient":""}},"ast-content-background-meta":{"desktop":{"background-color":"var(--ast-global-color-5)","background-image":"","background-repeat":"repeat","background-position":"center center","background-size":"auto","background-attachment":"scroll","background-type":"","background-media":"","overlay-type":"","overlay-color":"","overlay-opacity":"","overlay-gradient":""},"tablet":{"background-color":"var(--ast-global-color-5)","background-image":"","background-repeat":"repeat","background-position":"center center","background-size":"auto","background-attachment":"scroll","background-type":"","background-media":"","overlay-type":"","overlay-color":"","overlay-opacity":"","overlay-gradient":""},"mobile":{"background-color":"var(--ast-global-color-5)","background-image":"","background-repeat":"repeat","background-position":"center center","background-size":"auto","background-attachment":"scroll","background-type":"","background-media":"","overlay-type":"","overlay-color":"","overlay-opacity":"","overlay-gradient":""}}},"class_list":["post-18024","product","type-product","status-publish","has-post-thumbnail","hentry","product_cat-kanto-proizvodaci","product_cat-aktivne-zvucne-kutije","desktop-align-center","tablet-align-center","mobile-align-center","ast-product-gallery-layout-horizontal","ast-magnify-disabled","ast-product-tabs-layout-horizontal"],"yoast_head":"<!-- This site is optimized with the Yoast SEO plugin v21.4 - https:\/\/yoast.com\/wordpress\/plugins\/seo\/ -->\n<title>Kanto ORA4 - hd-multimedia<\/title>\n<meta name=\"description\" content=\"Kanto ORA4 aktivni zvu\u010dnici pru\u017eaju iznimnu kvalitetu zvuka u elegantnom i kompaktnom dizajnu, \u0161to ih \u010dini savr\u0161enim dodatkom svakom domu ili uredu.\" \/>\n<meta name=\"robots\" content=\"index, follow, max-snippet:-1, max-image-preview:large, max-video-preview:-1\" \/>\n<link rel=\"canonical\" href=\"https:\/\/hd-multimedia.com\/en\/trgovina\/kanto-ora4\/\" \/>\n<meta property=\"og:locale\" content=\"en_GB\" \/>\n<meta property=\"og:type\" content=\"article\" \/>\n<meta property=\"og:title\" content=\"Kanto ORA4 - hd-multimedia\" \/>\n<meta property=\"og:description\" content=\"Kanto ORA4 aktivni zvu\u010dnici pru\u017eaju iznimnu kvalitetu zvuka u elegantnom i kompaktnom dizajnu, \u0161to ih \u010dini savr\u0161enim dodatkom svakom domu ili uredu.\" \/>\n<meta property=\"og:url\" content=\"https:\/\/hd-multimedia.com\/en\/trgovina\/kanto-ora4\/\" \/>\n<meta property=\"og:site_name\" content=\"hd-multimedia\" \/>\n<meta property=\"article:modified_time\" content=\"2026-03-15T09:53:32+00:00\" \/>\n<meta property=\"og:image\" content=\"https:\/\/hd-multimedia.com\/hdm_media\/ora4mb_main-e1742473703156.png\" \/>\n\t<meta property=\"og:image:width\" content=\"600\" \/>\n\t<meta property=\"og:image:height\" content=\"600\" \/>\n\t<meta property=\"og:image:type\" content=\"image\/png\" \/>\n<meta name=\"twitter:card\" content=\"summary_large_image\" \/>\n<meta name=\"twitter:label1\" content=\"Estimated reading time\" \/>\n\t<meta name=\"twitter:data1\" content=\"2 minutes\" \/>\n<script type=\"application\/ld+json\" class=\"yoast-schema-graph\">{\"@context\":\"https:\/\/schema.org\",\"@graph\":[{\"@type\":\"WebPage\",\"@id\":\"https:\/\/hd-multimedia.com\/trgovina\/kanto-ora4\/\",\"url\":\"https:\/\/hd-multimedia.com\/trgovina\/kanto-ora4\/\",\"name\":\"Kanto ORA4 - hd-multimedia\",\"isPartOf\":{\"@id\":\"https:\/\/hd-multimedia.com\/#website\"},\"datePublished\":\"2025-03-20T12:07:14+00:00\",\"dateModified\":\"2026-03-15T09:53:32+00:00\",\"description\":\"Kanto ORA4 aktivni zvu\u010dnici pru\u017eaju iznimnu kvalitetu zvuka u elegantnom i kompaktnom dizajnu, \u0161to ih \u010dini savr\u0161enim dodatkom svakom domu ili uredu.\",\"breadcrumb\":{\"@id\":\"https:\/\/hd-multimedia.com\/trgovina\/kanto-ora4\/#breadcrumb\"},\"inLanguage\":\"en-GB\",\"potentialAction\":[{\"@type\":\"ReadAction\",\"target\":[\"https:\/\/hd-multimedia.com\/trgovina\/kanto-ora4\/\"]}]},{\"@type\":\"BreadcrumbList\",\"@id\":\"https:\/\/hd-multimedia.com\/trgovina\/kanto-ora4\/#breadcrumb\",\"itemListElement\":[{\"@type\":\"ListItem\",\"position\":1,\"name\":\"Po\u010detna stranica\",\"item\":\"https:\/\/hd-multimedia.com\/\"},{\"@type\":\"ListItem\",\"position\":2,\"name\":\"Trgovina\",\"item\":\"https:\/\/hd-multimedia.com\/trgovina\/\"},{\"@type\":\"ListItem\",\"position\":3,\"name\":\"Kanto ORA4\"}]},{\"@type\":\"WebSite\",\"@id\":\"https:\/\/hd-multimedia.com\/#website\",\"url\":\"https:\/\/hd-multimedia.com\/\",\"name\":\"hd-multimedia\",\"description\":\"\",\"publisher\":{\"@id\":\"https:\/\/hd-multimedia.com\/#organization\"},\"potentialAction\":[{\"@type\":\"SearchAction\",\"target\":{\"@type\":\"EntryPoint\",\"urlTemplate\":\"https:\/\/hd-multimedia.com\/?s={search_term_string}\"},\"query-input\":\"required name=search_term_string\"}],\"inLanguage\":\"en-GB\"},{\"@type\":\"Organization\",\"@id\":\"https:\/\/hd-multimedia.com\/#organization\",\"name\":\"hd-multimedia\",\"url\":\"https:\/\/hd-multimedia.com\/\",\"logo\":{\"@type\":\"ImageObject\",\"inLanguage\":\"en-GB\",\"@id\":\"https:\/\/hd-multimedia.com\/#\/schema\/logo\/image\/\",\"url\":\"https:\/\/hd-multimedia.com\/hdm_media\/HD-curves-ok-196-56px-alpha-1.png\",\"contentUrl\":\"https:\/\/hd-multimedia.com\/hdm_media\/HD-curves-ok-196-56px-alpha-1.png\",\"width\":196,\"height\":53,\"caption\":\"hd-multimedia\"},\"image\":{\"@id\":\"https:\/\/hd-multimedia.com\/#\/schema\/logo\/image\/\"}}]}<\/script>\n<!-- \/ Yoast SEO plugin. -->","yoast_head_json":{"title":"Kanto ORA4 - hd-multimedia","description":"Kanto ORA4 aktivni zvu\u010dnici pru\u017eaju iznimnu kvalitetu zvuka u elegantnom i kompaktnom dizajnu, \u0161to ih \u010dini savr\u0161enim dodatkom svakom domu ili uredu.","robots":{"index":"index","follow":"follow","max-snippet":"max-snippet:-1","max-image-preview":"max-image-preview:large","max-video-preview":"max-video-preview:-1"},"canonical":"https:\/\/hd-multimedia.com\/en\/trgovina\/kanto-ora4\/","og_locale":"en_GB","og_type":"article","og_title":"Kanto ORA4 - hd-multimedia","og_description":"Kanto ORA4 aktivni zvu\u010dnici pru\u017eaju iznimnu kvalitetu zvuka u elegantnom i kompaktnom dizajnu, \u0161to ih \u010dini savr\u0161enim dodatkom svakom domu ili uredu.","og_url":"https:\/\/hd-multimedia.com\/en\/trgovina\/kanto-ora4\/","og_site_name":"hd-multimedia","article_modified_time":"2026-03-15T09:53:32+00:00","og_image":[{"width":600,"height":600,"url":"https:\/\/hd-multimedia.com\/hdm_media\/ora4mb_main-e1742473703156.png","type":"image\/png"}],"twitter_card":"summary_large_image","twitter_misc":{"Estimated reading time":"2 minutes"},"schema":{"@context":"https:\/\/schema.org","@graph":[{"@type":"WebPage","@id":"https:\/\/hd-multimedia.com\/trgovina\/kanto-ora4\/","url":"https:\/\/hd-multimedia.com\/trgovina\/kanto-ora4\/","name":"Kanto ORA4 - hd-multimedia","isPartOf":{"@id":"https:\/\/hd-multimedia.com\/#website"},"datePublished":"2025-03-20T12:07:14+00:00","dateModified":"2026-03-15T09:53:32+00:00","description":"Kanto ORA4 aktivni zvu\u010dnici pru\u017eaju iznimnu kvalitetu zvuka u elegantnom i kompaktnom dizajnu, \u0161to ih \u010dini savr\u0161enim dodatkom svakom domu ili uredu.","breadcrumb":{"@id":"https:\/\/hd-multimedia.com\/trgovina\/kanto-ora4\/#breadcrumb"},"inLanguage":"en-GB","potentialAction":[{"@type":"ReadAction","target":["https:\/\/hd-multimedia.com\/trgovina\/kanto-ora4\/"]}]},{"@type":"BreadcrumbList","@id":"https:\/\/hd-multimedia.com\/trgovina\/kanto-ora4\/#breadcrumb","itemListElement":[{"@type":"ListItem","position":1,"name":"Po\u010detna stranica","item":"https:\/\/hd-multimedia.com\/"},{"@type":"ListItem","position":2,"name":"Trgovina","item":"https:\/\/hd-multimedia.com\/trgovina\/"},{"@type":"ListItem","position":3,"name":"Kanto ORA4"}]},{"@type":"WebSite","@id":"https:\/\/hd-multimedia.com\/#website","url":"https:\/\/hd-multimedia.com\/","name":"hd-multimedia","description":"","publisher":{"@id":"https:\/\/hd-multimedia.com\/#organization"},"potentialAction":[{"@type":"SearchAction","target":{"@type":"EntryPoint","urlTemplate":"https:\/\/hd-multimedia.com\/?s={search_term_string}"},"query-input":"required name=search_term_string"}],"inLanguage":"en-GB"},{"@type":"Organization","@id":"https:\/\/hd-multimedia.com\/#organization","name":"hd-multimedia","url":"https:\/\/hd-multimedia.com\/","logo":{"@type":"ImageObject","inLanguage":"en-GB","@id":"https:\/\/hd-multimedia.com\/#\/schema\/logo\/image\/","url":"https:\/\/hd-multimedia.com\/hdm_media\/HD-curves-ok-196-56px-alpha-1.png","contentUrl":"https:\/\/hd-multimedia.com\/hdm_media\/HD-curves-ok-196-56px-alpha-1.png","width":196,"height":53,"caption":"hd-multimedia"},"image":{"@id":"https:\/\/hd-multimedia.com\/#\/schema\/logo\/image\/"}}]}},"post_mailing_queue_ids":[],"_links":{"self":[{"href":"https:\/\/hd-multimedia.com\/en\/wp-json\/wp\/v2\/product\/18024","targetHints":{"allow":["GET"]}}],"collection":[{"href":"https:\/\/hd-multimedia.com\/en\/wp-json\/wp\/v2\/product"}],"about":[{"href":"https:\/\/hd-multimedia.com\/en\/wp-json\/wp\/v2\/types\/product"}],"version-history":[{"count":4,"href":"https:\/\/hd-multimedia.com\/en\/wp-json\/wp\/v2\/product\/18024\/revisions"}],"predecessor-version":[{"id":19273,"href":"https:\/\/hd-multimedia.com\/en\/wp-json\/wp\/v2\/product\/18024\/revisions\/19273"}],"wp:featuredmedia":[{"embeddable":true,"href":"https:\/\/hd-multimedia.com\/en\/wp-json\/wp\/v2\/media\/18026"}],"wp:attachment":[{"href":"https:\/\/hd-multimedia.com\/en\/wp-json\/wp\/v2\/media?parent=18024"}],"curies":[{"name":"wp","href":"https:\/\/api.w.org\/{rel}","templated":true}]}}