{"id":18011,"date":"2025-03-20T08:36:12","date_gmt":"2025-03-20T08:36:12","guid":{"rendered":"https:\/\/hd-multimedia.com\/?post_type=product&#038;p=18011"},"modified":"2026-02-23T12:32:06","modified_gmt":"2026-02-23T12:32:06","slug":"kanto-yu2","status":"publish","type":"product","link":"https:\/\/hd-multimedia.com\/en\/trgovina\/kanto-yu2\/","title":{"rendered":"Kanto YU2"},"content":{"rendered":"<p>Designed with style and versatility in mind, the Kanto YU2 fits perfectly into any space, whether you place them on a table, shelf or media center. Available in a variety of finishes, they will easily adapt to any interior. Their compact size makes them ideal for smaller spaces, while still delivering surprisingly clear and rich sound. For even deeper bass, there is a subwoofer output that allows you to easily expand your sound system. Whether you are working, gaming or enjoying your favorite music, the Kanto YU2 delivers superior sound quality in a stylish, space-efficient package.<\/p>\n<p><strong>Specifications:<\/strong><\/p>\n<p data-start=\"35\" data-end=\"55\"><strong>Speakers:<\/strong><\/p>\n<ul data-start=\"56\" data-end=\"116\">\n<li data-start=\"56\" data-end=\"86\">\u00be\u201d silk tweeters<\/li>\n<li data-start=\"87\" data-end=\"116\">3\u201d composite woofers<\/li>\n<\/ul>\n<p data-start=\"118\" data-end=\"135\"><strong>Audio:<\/strong><\/p>\n<ul data-start=\"136\" data-end=\"238\">\n<li data-start=\"136\" data-end=\"160\">Class D amplifier<\/li>\n<li data-start=\"161\" data-end=\"195\">100W Peak Power (50W RMS)<\/li>\n<li data-start=\"196\" data-end=\"238\">Frequency range: 80Hz \u2013 20kHz<\/li>\n<\/ul>\n<p data-start=\"240\" data-end=\"257\"><strong>Inputs:<\/strong><\/p>\n<ul data-start=\"258\" data-end=\"303\">\n<li data-start=\"258\" data-end=\"287\">3.5mm AUX (mini-jack)<\/li>\n<li data-start=\"288\" data-end=\"303\">USB DAC<\/li>\n<\/ul>\n<p data-start=\"305\" data-end=\"323\"><strong>Exits:<\/strong><\/p>\n<ul data-start=\"324\" data-end=\"350\">\n<li data-start=\"324\" data-end=\"350\">Subwoofer output<\/li>\n<\/ul>\n<p data-start=\"352\" data-end=\"383\"><strong>What comes in the package:<\/strong><\/p>\n<ul data-start=\"384\" data-end=\"557\">\n<li data-start=\"384\" data-end=\"405\">Power cable<\/li>\n<li data-start=\"406\" data-end=\"449\">Speaker connection cable (10\u2032)<\/li>\n<li data-start=\"450\" data-end=\"471\">USB DAC cable<\/li>\n<li data-start=\"472\" data-end=\"502\">AUX cable 3.5mm (6.5\u2032)<\/li>\n<li data-start=\"503\" data-end=\"528\">8 x rubber feet<\/li>\n<li data-start=\"529\" data-end=\"557\">User manual<\/li>\n<\/ul>\n<p data-start=\"559\" data-end=\"589\"><strong>Dimensions and weight:<\/strong><\/p>\n<ul data-start=\"590\" data-end=\"765\" data-is-only-node=\"\" data-is-last-node=\"\">\n<li data-start=\"590\" data-end=\"667\">Dimensions (per speaker): 3.9\u2033 W \u00d7 5.3\u2033 D \u00d7 5.9\u2033 H (10 \u00d7 13.5 \u00d7 15 cm)<\/li>\n<li data-start=\"668\" data-end=\"717\">Weight (active speaker): 3.1 lb (1.4 kg)<\/li>\n<li data-start=\"718\" data-end=\"765\" data-is-last-node=\"\">Weight (passive speaker): 2.9 lb (1.3 kg)<\/li>\n<\/ul>","protected":false},"excerpt":{"rendered":"<p>The Kanto YU2 active desktop speakers deliver clear, high-quality sound in a compact design, making them a perfect choice for your workspace or home audio system. Equipped with 3\u201d composite woofers and 3\u20444\u201d silk tweeters, the YU2 delivers balanced sound with clear highs and rich midrange. The built-in Class D amplifier with 100W peak power (50W RMS) ensures a powerful and impressive listening experience. Thanks to the USB DAC functionality, you can connect them directly to your computer for high-quality sound, while the 3.5 mm AUX input allows for easy connection to other devices.<\/p>\n<p><a href=\"https:\/\/www.kantoaudio.com\/powered-speakers\/yu2\/\" target=\"_blank\" rel=\"noopener\">For more information, see here.<\/a><\/p>","protected":false},"featured_media":18013,"template":"","meta":{"site-sidebar-layout":"default","site-content-layout":"","ast-site-content-layout":"default","site-content-style":"default","site-sidebar-style":"default","ast-global-header-display":"","ast-banner-title-visibility":"","ast-main-header-display":"","ast-hfb-above-header-display":"","ast-hfb-below-header-display":"","ast-hfb-mobile-header-display":"","site-post-title":"","ast-breadcrumbs-content":"","ast-featured-img":"","footer-sml-layout":"","theme-transparent-header-meta":"default","adv-header-id-meta":"","stick-header-meta":"default","header-above-stick-meta":"","header-main-stick-meta":"","header-below-stick-meta":"","astra-migrate-meta-layouts":"set","ast-page-background-enabled":"default","ast-page-background-meta":{"desktop":{"background-color":"","background-image":"","background-repeat":"repeat","background-position":"center center","background-size":"auto","background-attachment":"scroll","background-type":"","background-media":"","overlay-type":"","overlay-color":"","overlay-opacity":"","overlay-gradient":""},"tablet":{"background-color":"","background-image":"","background-repeat":"repeat","background-position":"center center","background-size":"auto","background-attachment":"scroll","background-type":"","background-media":"","overlay-type":"","overlay-color":"","overlay-opacity":"","overlay-gradient":""},"mobile":{"background-color":"","background-image":"","background-repeat":"repeat","background-position":"center center","background-size":"auto","background-attachment":"scroll","background-type":"","background-media":"","overlay-type":"","overlay-color":"","overlay-opacity":"","overlay-gradient":""}},"ast-content-background-meta":{"desktop":{"background-color":"var(--ast-global-color-5)","background-image":"","background-repeat":"repeat","background-position":"center center","background-size":"auto","background-attachment":"scroll","background-type":"","background-media":"","overlay-type":"","overlay-color":"","overlay-opacity":"","overlay-gradient":""},"tablet":{"background-color":"var(--ast-global-color-5)","background-image":"","background-repeat":"repeat","background-position":"center center","background-size":"auto","background-attachment":"scroll","background-type":"","background-media":"","overlay-type":"","overlay-color":"","overlay-opacity":"","overlay-gradient":""},"mobile":{"background-color":"var(--ast-global-color-5)","background-image":"","background-repeat":"repeat","background-position":"center center","background-size":"auto","background-attachment":"scroll","background-type":"","background-media":"","overlay-type":"","overlay-color":"","overlay-opacity":"","overlay-gradient":""}}},"class_list":["post-18011","product","type-product","status-publish","has-post-thumbnail","hentry","product_cat-kanto-proizvodaci","product_cat-aktivne-zvucne-kutije","desktop-align-center","tablet-align-center","mobile-align-center","ast-product-gallery-layout-horizontal","ast-magnify-disabled","ast-product-single-variable","ast-product-tabs-layout-horizontal"],"yoast_head":"<!-- This site is optimized with the Yoast SEO plugin v21.4 - https:\/\/yoast.com\/wordpress\/plugins\/seo\/ -->\n<title>Kanto YU2 - hd-multimedia<\/title>\n<meta name=\"description\" content=\"Kanto YU2 aktivni desktop zvu\u010dnici pru\u017eaju \u010dist i kvalitetan zvuk u kompaktnom dizajnu, \u0161to ih \u010dini savr\u0161enim izborom za radni prostor ili ku\u0107ni audio.\" \/>\n<meta name=\"robots\" content=\"index, follow, max-snippet:-1, max-image-preview:large, max-video-preview:-1\" \/>\n<link rel=\"canonical\" href=\"https:\/\/hd-multimedia.com\/en\/trgovina\/kanto-yu2\/\" \/>\n<meta property=\"og:locale\" content=\"en_GB\" \/>\n<meta property=\"og:type\" content=\"article\" \/>\n<meta property=\"og:title\" content=\"Kanto YU2 - hd-multimedia\" \/>\n<meta property=\"og:description\" content=\"Kanto YU2 aktivni desktop zvu\u010dnici pru\u017eaju \u010dist i kvalitetan zvuk u kompaktnom dizajnu, \u0161to ih \u010dini savr\u0161enim izborom za radni prostor ili ku\u0107ni audio.\" \/>\n<meta property=\"og:url\" content=\"https:\/\/hd-multimedia.com\/en\/trgovina\/kanto-yu2\/\" \/>\n<meta property=\"og:site_name\" content=\"hd-multimedia\" \/>\n<meta property=\"article:modified_time\" content=\"2026-02-23T12:32:06+00:00\" \/>\n<meta property=\"og:image\" content=\"https:\/\/hd-multimedia.com\/hdm_media\/yu2mb_main-e1742461149601.png\" \/>\n\t<meta property=\"og:image:width\" content=\"600\" \/>\n\t<meta property=\"og:image:height\" content=\"600\" \/>\n\t<meta property=\"og:image:type\" content=\"image\/png\" \/>\n<meta name=\"twitter:card\" content=\"summary_large_image\" \/>\n<meta name=\"twitter:label1\" content=\"Estimated reading time\" \/>\n\t<meta name=\"twitter:data1\" content=\"1 minute\" \/>\n<script type=\"application\/ld+json\" class=\"yoast-schema-graph\">{\"@context\":\"https:\/\/schema.org\",\"@graph\":[{\"@type\":\"WebPage\",\"@id\":\"https:\/\/hd-multimedia.com\/trgovina\/kanto-yu2\/\",\"url\":\"https:\/\/hd-multimedia.com\/trgovina\/kanto-yu2\/\",\"name\":\"Kanto YU2 - hd-multimedia\",\"isPartOf\":{\"@id\":\"https:\/\/hd-multimedia.com\/#website\"},\"datePublished\":\"2025-03-20T08:36:12+00:00\",\"dateModified\":\"2026-02-23T12:32:06+00:00\",\"description\":\"Kanto YU2 aktivni desktop zvu\u010dnici pru\u017eaju \u010dist i kvalitetan zvuk u kompaktnom dizajnu, \u0161to ih \u010dini savr\u0161enim izborom za radni prostor ili ku\u0107ni audio.\",\"breadcrumb\":{\"@id\":\"https:\/\/hd-multimedia.com\/trgovina\/kanto-yu2\/#breadcrumb\"},\"inLanguage\":\"en-GB\",\"potentialAction\":[{\"@type\":\"ReadAction\",\"target\":[\"https:\/\/hd-multimedia.com\/trgovina\/kanto-yu2\/\"]}]},{\"@type\":\"BreadcrumbList\",\"@id\":\"https:\/\/hd-multimedia.com\/trgovina\/kanto-yu2\/#breadcrumb\",\"itemListElement\":[{\"@type\":\"ListItem\",\"position\":1,\"name\":\"Po\u010detna stranica\",\"item\":\"https:\/\/hd-multimedia.com\/\"},{\"@type\":\"ListItem\",\"position\":2,\"name\":\"Trgovina\",\"item\":\"https:\/\/hd-multimedia.com\/trgovina\/\"},{\"@type\":\"ListItem\",\"position\":3,\"name\":\"Kanto YU2\"}]},{\"@type\":\"WebSite\",\"@id\":\"https:\/\/hd-multimedia.com\/#website\",\"url\":\"https:\/\/hd-multimedia.com\/\",\"name\":\"hd-multimedia\",\"description\":\"\",\"publisher\":{\"@id\":\"https:\/\/hd-multimedia.com\/#organization\"},\"potentialAction\":[{\"@type\":\"SearchAction\",\"target\":{\"@type\":\"EntryPoint\",\"urlTemplate\":\"https:\/\/hd-multimedia.com\/?s={search_term_string}\"},\"query-input\":\"required name=search_term_string\"}],\"inLanguage\":\"en-GB\"},{\"@type\":\"Organization\",\"@id\":\"https:\/\/hd-multimedia.com\/#organization\",\"name\":\"hd-multimedia\",\"url\":\"https:\/\/hd-multimedia.com\/\",\"logo\":{\"@type\":\"ImageObject\",\"inLanguage\":\"en-GB\",\"@id\":\"https:\/\/hd-multimedia.com\/#\/schema\/logo\/image\/\",\"url\":\"https:\/\/hd-multimedia.com\/hdm_media\/HD-curves-ok-196-56px-alpha-1.png\",\"contentUrl\":\"https:\/\/hd-multimedia.com\/hdm_media\/HD-curves-ok-196-56px-alpha-1.png\",\"width\":196,\"height\":53,\"caption\":\"hd-multimedia\"},\"image\":{\"@id\":\"https:\/\/hd-multimedia.com\/#\/schema\/logo\/image\/\"}}]}<\/script>\n<!-- \/ Yoast SEO plugin. -->","yoast_head_json":{"title":"Kanto YU2 - hd-multimedia","description":"Kanto YU2 aktivni desktop zvu\u010dnici pru\u017eaju \u010dist i kvalitetan zvuk u kompaktnom dizajnu, \u0161to ih \u010dini savr\u0161enim izborom za radni prostor ili ku\u0107ni audio.","robots":{"index":"index","follow":"follow","max-snippet":"max-snippet:-1","max-image-preview":"max-image-preview:large","max-video-preview":"max-video-preview:-1"},"canonical":"https:\/\/hd-multimedia.com\/en\/trgovina\/kanto-yu2\/","og_locale":"en_GB","og_type":"article","og_title":"Kanto YU2 - hd-multimedia","og_description":"Kanto YU2 aktivni desktop zvu\u010dnici pru\u017eaju \u010dist i kvalitetan zvuk u kompaktnom dizajnu, \u0161to ih \u010dini savr\u0161enim izborom za radni prostor ili ku\u0107ni audio.","og_url":"https:\/\/hd-multimedia.com\/en\/trgovina\/kanto-yu2\/","og_site_name":"hd-multimedia","article_modified_time":"2026-02-23T12:32:06+00:00","og_image":[{"width":600,"height":600,"url":"https:\/\/hd-multimedia.com\/hdm_media\/yu2mb_main-e1742461149601.png","type":"image\/png"}],"twitter_card":"summary_large_image","twitter_misc":{"Estimated reading time":"1 minute"},"schema":{"@context":"https:\/\/schema.org","@graph":[{"@type":"WebPage","@id":"https:\/\/hd-multimedia.com\/trgovina\/kanto-yu2\/","url":"https:\/\/hd-multimedia.com\/trgovina\/kanto-yu2\/","name":"Kanto YU2 - hd-multimedia","isPartOf":{"@id":"https:\/\/hd-multimedia.com\/#website"},"datePublished":"2025-03-20T08:36:12+00:00","dateModified":"2026-02-23T12:32:06+00:00","description":"Kanto YU2 aktivni desktop zvu\u010dnici pru\u017eaju \u010dist i kvalitetan zvuk u kompaktnom dizajnu, \u0161to ih \u010dini savr\u0161enim izborom za radni prostor ili ku\u0107ni audio.","breadcrumb":{"@id":"https:\/\/hd-multimedia.com\/trgovina\/kanto-yu2\/#breadcrumb"},"inLanguage":"en-GB","potentialAction":[{"@type":"ReadAction","target":["https:\/\/hd-multimedia.com\/trgovina\/kanto-yu2\/"]}]},{"@type":"BreadcrumbList","@id":"https:\/\/hd-multimedia.com\/trgovina\/kanto-yu2\/#breadcrumb","itemListElement":[{"@type":"ListItem","position":1,"name":"Po\u010detna stranica","item":"https:\/\/hd-multimedia.com\/"},{"@type":"ListItem","position":2,"name":"Trgovina","item":"https:\/\/hd-multimedia.com\/trgovina\/"},{"@type":"ListItem","position":3,"name":"Kanto YU2"}]},{"@type":"WebSite","@id":"https:\/\/hd-multimedia.com\/#website","url":"https:\/\/hd-multimedia.com\/","name":"hd-multimedia","description":"","publisher":{"@id":"https:\/\/hd-multimedia.com\/#organization"},"potentialAction":[{"@type":"SearchAction","target":{"@type":"EntryPoint","urlTemplate":"https:\/\/hd-multimedia.com\/?s={search_term_string}"},"query-input":"required name=search_term_string"}],"inLanguage":"en-GB"},{"@type":"Organization","@id":"https:\/\/hd-multimedia.com\/#organization","name":"hd-multimedia","url":"https:\/\/hd-multimedia.com\/","logo":{"@type":"ImageObject","inLanguage":"en-GB","@id":"https:\/\/hd-multimedia.com\/#\/schema\/logo\/image\/","url":"https:\/\/hd-multimedia.com\/hdm_media\/HD-curves-ok-196-56px-alpha-1.png","contentUrl":"https:\/\/hd-multimedia.com\/hdm_media\/HD-curves-ok-196-56px-alpha-1.png","width":196,"height":53,"caption":"hd-multimedia"},"image":{"@id":"https:\/\/hd-multimedia.com\/#\/schema\/logo\/image\/"}}]}},"post_mailing_queue_ids":[],"_links":{"self":[{"href":"https:\/\/hd-multimedia.com\/en\/wp-json\/wp\/v2\/product\/18011","targetHints":{"allow":["GET"]}}],"collection":[{"href":"https:\/\/hd-multimedia.com\/en\/wp-json\/wp\/v2\/product"}],"about":[{"href":"https:\/\/hd-multimedia.com\/en\/wp-json\/wp\/v2\/types\/product"}],"version-history":[{"count":8,"href":"https:\/\/hd-multimedia.com\/en\/wp-json\/wp\/v2\/product\/18011\/revisions"}],"predecessor-version":[{"id":18190,"href":"https:\/\/hd-multimedia.com\/en\/wp-json\/wp\/v2\/product\/18011\/revisions\/18190"}],"wp:featuredmedia":[{"embeddable":true,"href":"https:\/\/hd-multimedia.com\/en\/wp-json\/wp\/v2\/media\/18013"}],"wp:attachment":[{"href":"https:\/\/hd-multimedia.com\/en\/wp-json\/wp\/v2\/media?parent=18011"}],"curies":[{"name":"wp","href":"https:\/\/api.w.org\/{rel}","templated":true}]}}