{"id":17742,"date":"2025-02-04T09:54:12","date_gmt":"2025-02-04T09:54:12","guid":{"rendered":"https:\/\/hd-multimedia.com\/?post_type=product&#038;p=17742"},"modified":"2026-03-06T15:54:22","modified_gmt":"2026-03-06T15:54:22","slug":"elac-debut-f6-3","status":"publish","type":"product","link":"https:\/\/hd-multimedia.com\/en\/trgovina\/elac-debut-f6-3\/","title":{"rendered":"Elac Debut F6.3 (pair)"},"content":{"rendered":"<p>Designed with performance and aesthetics in mind, the Debut F6.3 features gold-plated 5-way connectors for optimal conductivity and wide connectivity options. The 16mm thick cabinet is further reinforced with internal supports to reduce resonances, while spiked crossbars provide a stable base and effectively isolate the speaker from the floor, improving sound clarity and reducing vibration. With its elegant matte finish and precision-crafted construction, the ELAC Debut F6.3 not only delivers superior sonic performance, but also aesthetically enriches any listening space.<\/p>","protected":false},"excerpt":{"rendered":"<p>The ELAC Debut F6.3 freestanding speakers provide an impressive and dynamic sound experience, perfect for music lovers and home theater enthusiasts. With three powerful 160mm woofers, these speakers offer deep bass, enhanced dynamics and high power, making them an excellent choice for those who like loud and energetic listening. The full 3-way design ensures a clear and balanced sound in all frequencies, while the tweeter and 16 cm midrange speaker are housed in a separate chamber to reduce distortion and unwanted vibrations. Whether you&#039;re enjoying the subtle details of acoustic music or turning up the volume for fun, the Debut F6.3 delivers a spacious and precise sound experience.<\/p>\n<p>The price refers to a pair (2 speakers)<\/p>","protected":false},"featured_media":17744,"template":"","meta":{"site-sidebar-layout":"default","site-content-layout":"","ast-site-content-layout":"default","site-content-style":"default","site-sidebar-style":"default","ast-global-header-display":"","ast-banner-title-visibility":"","ast-main-header-display":"","ast-hfb-above-header-display":"","ast-hfb-below-header-display":"","ast-hfb-mobile-header-display":"","site-post-title":"","ast-breadcrumbs-content":"","ast-featured-img":"","footer-sml-layout":"","theme-transparent-header-meta":"default","adv-header-id-meta":"","stick-header-meta":"default","header-above-stick-meta":"","header-main-stick-meta":"","header-below-stick-meta":"","astra-migrate-meta-layouts":"set","ast-page-background-enabled":"default","ast-page-background-meta":{"desktop":{"background-color":"","background-image":"","background-repeat":"repeat","background-position":"center center","background-size":"auto","background-attachment":"scroll","background-type":"","background-media":"","overlay-type":"","overlay-color":"","overlay-opacity":"","overlay-gradient":""},"tablet":{"background-color":"","background-image":"","background-repeat":"repeat","background-position":"center center","background-size":"auto","background-attachment":"scroll","background-type":"","background-media":"","overlay-type":"","overlay-color":"","overlay-opacity":"","overlay-gradient":""},"mobile":{"background-color":"","background-image":"","background-repeat":"repeat","background-position":"center center","background-size":"auto","background-attachment":"scroll","background-type":"","background-media":"","overlay-type":"","overlay-color":"","overlay-opacity":"","overlay-gradient":""}},"ast-content-background-meta":{"desktop":{"background-color":"var(--ast-global-color-5)","background-image":"","background-repeat":"repeat","background-position":"center center","background-size":"auto","background-attachment":"scroll","background-type":"","background-media":"","overlay-type":"","overlay-color":"","overlay-opacity":"","overlay-gradient":""},"tablet":{"background-color":"var(--ast-global-color-5)","background-image":"","background-repeat":"repeat","background-position":"center center","background-size":"auto","background-attachment":"scroll","background-type":"","background-media":"","overlay-type":"","overlay-color":"","overlay-opacity":"","overlay-gradient":""},"mobile":{"background-color":"var(--ast-global-color-5)","background-image":"","background-repeat":"repeat","background-position":"center center","background-size":"auto","background-attachment":"scroll","background-type":"","background-media":"","overlay-type":"","overlay-color":"","overlay-opacity":"","overlay-gradient":""}}},"class_list":["post-17742","product","type-product","status-publish","has-post-thumbnail","hentry","product_cat-pasivne-zvucne-kutije","product_cat-elac","product_tag-novi-modeli-elac","desktop-align-center","tablet-align-center","mobile-align-center","ast-product-gallery-layout-horizontal","ast-magnify-disabled","ast-product-single-variable","ast-product-tabs-layout-horizontal"],"yoast_head":"<!-- This site is optimized with the Yoast SEO plugin v21.4 - https:\/\/yoast.com\/wordpress\/plugins\/seo\/ -->\n<title>Elac Debut F6.3 (par) - hd-multimedia<\/title>\n<meta name=\"description\" content=\"ELAC Debut F6.3 samostoje\u0107i zvu\u010dnici pru\u017eaju impresivan i dinami\u010dan zvu\u010dni do\u017eivljaj, savr\u0161en za ljubitelje glazbe i ku\u0107nog kina.\" \/>\n<meta name=\"robots\" content=\"index, follow, max-snippet:-1, max-image-preview:large, max-video-preview:-1\" \/>\n<link rel=\"canonical\" href=\"https:\/\/hd-multimedia.com\/en\/trgovina\/elac-debut-f6-3\/\" \/>\n<meta property=\"og:locale\" content=\"en_GB\" \/>\n<meta property=\"og:type\" content=\"article\" \/>\n<meta property=\"og:title\" content=\"Elac Debut F6.3 (par) - hd-multimedia\" \/>\n<meta property=\"og:description\" content=\"ELAC Debut F6.3 samostoje\u0107i zvu\u010dnici pru\u017eaju impresivan i dinami\u010dan zvu\u010dni do\u017eivljaj, savr\u0161en za ljubitelje glazbe i ku\u0107nog kina.\" \/>\n<meta property=\"og:url\" content=\"https:\/\/hd-multimedia.com\/en\/trgovina\/elac-debut-f6-3\/\" \/>\n<meta property=\"og:site_name\" content=\"hd-multimedia\" \/>\n<meta property=\"article:modified_time\" content=\"2026-03-06T15:54:22+00:00\" \/>\n<meta property=\"og:image\" content=\"https:\/\/hd-multimedia.com\/hdm_media\/elac-debut-f63-per-pair.webp\" \/>\n\t<meta property=\"og:image:width\" content=\"1000\" \/>\n\t<meta property=\"og:image:height\" content=\"1000\" \/>\n\t<meta property=\"og:image:type\" content=\"image\/webp\" \/>\n<meta name=\"twitter:card\" content=\"summary_large_image\" \/>\n<meta name=\"twitter:label1\" content=\"Estimated reading time\" \/>\n\t<meta name=\"twitter:data1\" content=\"1 minute\" \/>\n<script type=\"application\/ld+json\" class=\"yoast-schema-graph\">{\"@context\":\"https:\/\/schema.org\",\"@graph\":[{\"@type\":\"WebPage\",\"@id\":\"https:\/\/hd-multimedia.com\/trgovina\/elac-debut-f6-3\/\",\"url\":\"https:\/\/hd-multimedia.com\/trgovina\/elac-debut-f6-3\/\",\"name\":\"Elac Debut F6.3 (par) - hd-multimedia\",\"isPartOf\":{\"@id\":\"https:\/\/hd-multimedia.com\/#website\"},\"datePublished\":\"2025-02-04T09:54:12+00:00\",\"dateModified\":\"2026-03-06T15:54:22+00:00\",\"description\":\"ELAC Debut F6.3 samostoje\u0107i zvu\u010dnici pru\u017eaju impresivan i dinami\u010dan zvu\u010dni do\u017eivljaj, savr\u0161en za ljubitelje glazbe i ku\u0107nog kina.\",\"breadcrumb\":{\"@id\":\"https:\/\/hd-multimedia.com\/trgovina\/elac-debut-f6-3\/#breadcrumb\"},\"inLanguage\":\"en-GB\",\"potentialAction\":[{\"@type\":\"ReadAction\",\"target\":[\"https:\/\/hd-multimedia.com\/trgovina\/elac-debut-f6-3\/\"]}]},{\"@type\":\"BreadcrumbList\",\"@id\":\"https:\/\/hd-multimedia.com\/trgovina\/elac-debut-f6-3\/#breadcrumb\",\"itemListElement\":[{\"@type\":\"ListItem\",\"position\":1,\"name\":\"Po\u010detna stranica\",\"item\":\"https:\/\/hd-multimedia.com\/\"},{\"@type\":\"ListItem\",\"position\":2,\"name\":\"Trgovina\",\"item\":\"https:\/\/hd-multimedia.com\/trgovina\/\"},{\"@type\":\"ListItem\",\"position\":3,\"name\":\"Elac Debut F6.3 (par)\"}]},{\"@type\":\"WebSite\",\"@id\":\"https:\/\/hd-multimedia.com\/#website\",\"url\":\"https:\/\/hd-multimedia.com\/\",\"name\":\"hd-multimedia\",\"description\":\"\",\"publisher\":{\"@id\":\"https:\/\/hd-multimedia.com\/#organization\"},\"potentialAction\":[{\"@type\":\"SearchAction\",\"target\":{\"@type\":\"EntryPoint\",\"urlTemplate\":\"https:\/\/hd-multimedia.com\/?s={search_term_string}\"},\"query-input\":\"required name=search_term_string\"}],\"inLanguage\":\"en-GB\"},{\"@type\":\"Organization\",\"@id\":\"https:\/\/hd-multimedia.com\/#organization\",\"name\":\"hd-multimedia\",\"url\":\"https:\/\/hd-multimedia.com\/\",\"logo\":{\"@type\":\"ImageObject\",\"inLanguage\":\"en-GB\",\"@id\":\"https:\/\/hd-multimedia.com\/#\/schema\/logo\/image\/\",\"url\":\"https:\/\/hd-multimedia.com\/hdm_media\/HD-curves-ok-196-56px-alpha-1.png\",\"contentUrl\":\"https:\/\/hd-multimedia.com\/hdm_media\/HD-curves-ok-196-56px-alpha-1.png\",\"width\":196,\"height\":53,\"caption\":\"hd-multimedia\"},\"image\":{\"@id\":\"https:\/\/hd-multimedia.com\/#\/schema\/logo\/image\/\"}}]}<\/script>\n<!-- \/ Yoast SEO plugin. -->","yoast_head_json":{"title":"Elac Debut F6.3 (par) - hd-multimedia","description":"ELAC Debut F6.3 samostoje\u0107i zvu\u010dnici pru\u017eaju impresivan i dinami\u010dan zvu\u010dni do\u017eivljaj, savr\u0161en za ljubitelje glazbe i ku\u0107nog kina.","robots":{"index":"index","follow":"follow","max-snippet":"max-snippet:-1","max-image-preview":"max-image-preview:large","max-video-preview":"max-video-preview:-1"},"canonical":"https:\/\/hd-multimedia.com\/en\/trgovina\/elac-debut-f6-3\/","og_locale":"en_GB","og_type":"article","og_title":"Elac Debut F6.3 (par) - hd-multimedia","og_description":"ELAC Debut F6.3 samostoje\u0107i zvu\u010dnici pru\u017eaju impresivan i dinami\u010dan zvu\u010dni do\u017eivljaj, savr\u0161en za ljubitelje glazbe i ku\u0107nog kina.","og_url":"https:\/\/hd-multimedia.com\/en\/trgovina\/elac-debut-f6-3\/","og_site_name":"hd-multimedia","article_modified_time":"2026-03-06T15:54:22+00:00","og_image":[{"width":1000,"height":1000,"url":"https:\/\/hd-multimedia.com\/hdm_media\/elac-debut-f63-per-pair.webp","type":"image\/webp"}],"twitter_card":"summary_large_image","twitter_misc":{"Estimated reading time":"1 minute"},"schema":{"@context":"https:\/\/schema.org","@graph":[{"@type":"WebPage","@id":"https:\/\/hd-multimedia.com\/trgovina\/elac-debut-f6-3\/","url":"https:\/\/hd-multimedia.com\/trgovina\/elac-debut-f6-3\/","name":"Elac Debut F6.3 (par) - hd-multimedia","isPartOf":{"@id":"https:\/\/hd-multimedia.com\/#website"},"datePublished":"2025-02-04T09:54:12+00:00","dateModified":"2026-03-06T15:54:22+00:00","description":"ELAC Debut F6.3 samostoje\u0107i zvu\u010dnici pru\u017eaju impresivan i dinami\u010dan zvu\u010dni do\u017eivljaj, savr\u0161en za ljubitelje glazbe i ku\u0107nog kina.","breadcrumb":{"@id":"https:\/\/hd-multimedia.com\/trgovina\/elac-debut-f6-3\/#breadcrumb"},"inLanguage":"en-GB","potentialAction":[{"@type":"ReadAction","target":["https:\/\/hd-multimedia.com\/trgovina\/elac-debut-f6-3\/"]}]},{"@type":"BreadcrumbList","@id":"https:\/\/hd-multimedia.com\/trgovina\/elac-debut-f6-3\/#breadcrumb","itemListElement":[{"@type":"ListItem","position":1,"name":"Po\u010detna stranica","item":"https:\/\/hd-multimedia.com\/"},{"@type":"ListItem","position":2,"name":"Trgovina","item":"https:\/\/hd-multimedia.com\/trgovina\/"},{"@type":"ListItem","position":3,"name":"Elac Debut F6.3 (par)"}]},{"@type":"WebSite","@id":"https:\/\/hd-multimedia.com\/#website","url":"https:\/\/hd-multimedia.com\/","name":"hd-multimedia","description":"","publisher":{"@id":"https:\/\/hd-multimedia.com\/#organization"},"potentialAction":[{"@type":"SearchAction","target":{"@type":"EntryPoint","urlTemplate":"https:\/\/hd-multimedia.com\/?s={search_term_string}"},"query-input":"required name=search_term_string"}],"inLanguage":"en-GB"},{"@type":"Organization","@id":"https:\/\/hd-multimedia.com\/#organization","name":"hd-multimedia","url":"https:\/\/hd-multimedia.com\/","logo":{"@type":"ImageObject","inLanguage":"en-GB","@id":"https:\/\/hd-multimedia.com\/#\/schema\/logo\/image\/","url":"https:\/\/hd-multimedia.com\/hdm_media\/HD-curves-ok-196-56px-alpha-1.png","contentUrl":"https:\/\/hd-multimedia.com\/hdm_media\/HD-curves-ok-196-56px-alpha-1.png","width":196,"height":53,"caption":"hd-multimedia"},"image":{"@id":"https:\/\/hd-multimedia.com\/#\/schema\/logo\/image\/"}}]}},"post_mailing_queue_ids":[],"_links":{"self":[{"href":"https:\/\/hd-multimedia.com\/en\/wp-json\/wp\/v2\/product\/17742","targetHints":{"allow":["GET"]}}],"collection":[{"href":"https:\/\/hd-multimedia.com\/en\/wp-json\/wp\/v2\/product"}],"about":[{"href":"https:\/\/hd-multimedia.com\/en\/wp-json\/wp\/v2\/types\/product"}],"version-history":[{"count":4,"href":"https:\/\/hd-multimedia.com\/en\/wp-json\/wp\/v2\/product\/17742\/revisions"}],"predecessor-version":[{"id":18336,"href":"https:\/\/hd-multimedia.com\/en\/wp-json\/wp\/v2\/product\/17742\/revisions\/18336"}],"wp:featuredmedia":[{"embeddable":true,"href":"https:\/\/hd-multimedia.com\/en\/wp-json\/wp\/v2\/media\/17744"}],"wp:attachment":[{"href":"https:\/\/hd-multimedia.com\/en\/wp-json\/wp\/v2\/media?parent=17742"}],"curies":[{"name":"wp","href":"https:\/\/api.w.org\/{rel}","templated":true}]}}