{"id":17723,"date":"2025-02-04T08:21:41","date_gmt":"2025-02-04T08:21:41","guid":{"rendered":"https:\/\/hd-multimedia.com\/?post_type=product&#038;p=17723"},"modified":"2025-04-02T09:42:47","modified_gmt":"2025-04-02T09:42:47","slug":"elac-debut-c6-3","status":"publish","type":"product","link":"https:\/\/hd-multimedia.com\/en\/trgovina\/elac-debut-c6-3\/","title":{"rendered":"ELAC Debut C6.3"},"content":{"rendered":"<p>Crafted from premium materials and with extreme precision, the Debut C6.3 features a 25mm aluminum tweeter and a solid 16mm thick cabinet with internal reinforcements that reduce unwanted resonances. Gold-plated 5-way connectors guarantee excellent conductivity and allow for a variety of connection options. Thanks to its robust construction and superior acoustic performance, the ELAC Debut C6.3 ensures that every dialogue and sound effect is transmitted with maximum precision, making it an indispensable part of any home theater.<\/p>","protected":false},"excerpt":{"rendered":"<p>The ELAC Debut C6.3 center speaker is the perfect addition to your home theater, delivering powerful and impressive sound. With its two 160mm woofers and larger enclosure, this speaker offers improved dynamics and more power compared to smaller models. Designed to perfectly complement the B6.3 and F6.3 loudspeakers, the C6.3 ensures impeccable tonal balance, making dialogue and sound effects exceptionally clear. Whether you&#039;re watching movies or your favorite series, this speaker provides a realistic and engaging audio experience.<\/p>\n<p>The price refers to a pair (2 speakers)<\/p>\n<p><a href=\"https:\/\/hd-multimedia.com\/en\/kontakt\/\" target=\"_blank\" rel=\"noopener\">This item is available to order, if you are interested, please contact us via the contact form!<\/a><\/p>","protected":false},"featured_media":17725,"template":"","meta":{"site-sidebar-layout":"default","site-content-layout":"","ast-site-content-layout":"default","site-content-style":"default","site-sidebar-style":"default","ast-global-header-display":"","ast-banner-title-visibility":"","ast-main-header-display":"","ast-hfb-above-header-display":"","ast-hfb-below-header-display":"","ast-hfb-mobile-header-display":"","site-post-title":"","ast-breadcrumbs-content":"","ast-featured-img":"","footer-sml-layout":"","theme-transparent-header-meta":"default","adv-header-id-meta":"","stick-header-meta":"default","header-above-stick-meta":"","header-main-stick-meta":"","header-below-stick-meta":"","astra-migrate-meta-layouts":"set","ast-page-background-enabled":"default","ast-page-background-meta":{"desktop":{"background-color":"","background-image":"","background-repeat":"repeat","background-position":"center center","background-size":"auto","background-attachment":"scroll","background-type":"","background-media":"","overlay-type":"","overlay-color":"","overlay-opacity":"","overlay-gradient":""},"tablet":{"background-color":"","background-image":"","background-repeat":"repeat","background-position":"center center","background-size":"auto","background-attachment":"scroll","background-type":"","background-media":"","overlay-type":"","overlay-color":"","overlay-opacity":"","overlay-gradient":""},"mobile":{"background-color":"","background-image":"","background-repeat":"repeat","background-position":"center center","background-size":"auto","background-attachment":"scroll","background-type":"","background-media":"","overlay-type":"","overlay-color":"","overlay-opacity":"","overlay-gradient":""}},"ast-content-background-meta":{"desktop":{"background-color":"var(--ast-global-color-5)","background-image":"","background-repeat":"repeat","background-position":"center center","background-size":"auto","background-attachment":"scroll","background-type":"","background-media":"","overlay-type":"","overlay-color":"","overlay-opacity":"","overlay-gradient":""},"tablet":{"background-color":"var(--ast-global-color-5)","background-image":"","background-repeat":"repeat","background-position":"center center","background-size":"auto","background-attachment":"scroll","background-type":"","background-media":"","overlay-type":"","overlay-color":"","overlay-opacity":"","overlay-gradient":""},"mobile":{"background-color":"var(--ast-global-color-5)","background-image":"","background-repeat":"repeat","background-position":"center center","background-size":"auto","background-attachment":"scroll","background-type":"","background-media":"","overlay-type":"","overlay-color":"","overlay-opacity":"","overlay-gradient":""}}},"class_list":["post-17723","product","type-product","status-publish","has-post-thumbnail","hentry","product_cat-pasivne-zvucne-kutije","product_cat-elac","product_tag-novi-modeli-elac","desktop-align-center","tablet-align-center","mobile-align-center","ast-product-gallery-layout-horizontal","ast-magnify-disabled","ast-product-tabs-layout-horizontal"],"yoast_head":"<!-- This site is optimized with the Yoast SEO plugin v21.4 - https:\/\/yoast.com\/wordpress\/plugins\/seo\/ -->\n<title>ELAC Debut C6.3 - hd-multimedia<\/title>\n<meta name=\"description\" content=\"ELAC Debut C6.3 sredi\u0161nji zvu\u010dnik savr\u0161en je dodatak va\u0161em ku\u0107nom kinu, pru\u017eaju\u0107i sna\u017ean i impresivan zvuk. Sa svoja dva 160 mm woofera.\" \/>\n<meta name=\"robots\" content=\"index, follow, max-snippet:-1, max-image-preview:large, max-video-preview:-1\" \/>\n<link rel=\"canonical\" href=\"https:\/\/hd-multimedia.com\/en\/trgovina\/elac-debut-c6-3\/\" \/>\n<meta property=\"og:locale\" content=\"en_GB\" \/>\n<meta property=\"og:type\" content=\"article\" \/>\n<meta property=\"og:title\" content=\"ELAC Debut C6.3 - hd-multimedia\" \/>\n<meta property=\"og:description\" content=\"ELAC Debut C6.3 sredi\u0161nji zvu\u010dnik savr\u0161en je dodatak va\u0161em ku\u0107nom kinu, pru\u017eaju\u0107i sna\u017ean i impresivan zvuk. Sa svoja dva 160 mm woofera.\" \/>\n<meta property=\"og:url\" content=\"https:\/\/hd-multimedia.com\/en\/trgovina\/elac-debut-c6-3\/\" \/>\n<meta property=\"og:site_name\" content=\"hd-multimedia\" \/>\n<meta property=\"article:modified_time\" content=\"2025-04-02T09:42:47+00:00\" \/>\n<meta property=\"og:image\" content=\"https:\/\/hd-multimedia.com\/hdm_media\/debut-3-0-c6-3-zwart-4011822321552.jpg\" \/>\n\t<meta property=\"og:image:width\" content=\"1500\" \/>\n\t<meta property=\"og:image:height\" content=\"1500\" \/>\n\t<meta property=\"og:image:type\" content=\"image\/jpeg\" \/>\n<meta name=\"twitter:card\" content=\"summary_large_image\" \/>\n<meta name=\"twitter:label1\" content=\"Estimated reading time\" \/>\n\t<meta name=\"twitter:data1\" content=\"1 minute\" \/>\n<script type=\"application\/ld+json\" class=\"yoast-schema-graph\">{\"@context\":\"https:\/\/schema.org\",\"@graph\":[{\"@type\":\"WebPage\",\"@id\":\"https:\/\/hd-multimedia.com\/trgovina\/elac-debut-c6-3\/\",\"url\":\"https:\/\/hd-multimedia.com\/trgovina\/elac-debut-c6-3\/\",\"name\":\"ELAC Debut C6.3 - hd-multimedia\",\"isPartOf\":{\"@id\":\"https:\/\/hd-multimedia.com\/#website\"},\"datePublished\":\"2025-02-04T08:21:41+00:00\",\"dateModified\":\"2025-04-02T09:42:47+00:00\",\"description\":\"ELAC Debut C6.3 sredi\u0161nji zvu\u010dnik savr\u0161en je dodatak va\u0161em ku\u0107nom kinu, pru\u017eaju\u0107i sna\u017ean i impresivan zvuk. Sa svoja dva 160 mm woofera.\",\"breadcrumb\":{\"@id\":\"https:\/\/hd-multimedia.com\/trgovina\/elac-debut-c6-3\/#breadcrumb\"},\"inLanguage\":\"en-GB\",\"potentialAction\":[{\"@type\":\"ReadAction\",\"target\":[\"https:\/\/hd-multimedia.com\/trgovina\/elac-debut-c6-3\/\"]}]},{\"@type\":\"BreadcrumbList\",\"@id\":\"https:\/\/hd-multimedia.com\/trgovina\/elac-debut-c6-3\/#breadcrumb\",\"itemListElement\":[{\"@type\":\"ListItem\",\"position\":1,\"name\":\"Po\u010detna stranica\",\"item\":\"https:\/\/hd-multimedia.com\/\"},{\"@type\":\"ListItem\",\"position\":2,\"name\":\"Trgovina\",\"item\":\"https:\/\/hd-multimedia.com\/trgovina\/\"},{\"@type\":\"ListItem\",\"position\":3,\"name\":\"ELAC Debut C6.3\"}]},{\"@type\":\"WebSite\",\"@id\":\"https:\/\/hd-multimedia.com\/#website\",\"url\":\"https:\/\/hd-multimedia.com\/\",\"name\":\"hd-multimedia\",\"description\":\"\",\"publisher\":{\"@id\":\"https:\/\/hd-multimedia.com\/#organization\"},\"potentialAction\":[{\"@type\":\"SearchAction\",\"target\":{\"@type\":\"EntryPoint\",\"urlTemplate\":\"https:\/\/hd-multimedia.com\/?s={search_term_string}\"},\"query-input\":\"required name=search_term_string\"}],\"inLanguage\":\"en-GB\"},{\"@type\":\"Organization\",\"@id\":\"https:\/\/hd-multimedia.com\/#organization\",\"name\":\"hd-multimedia\",\"url\":\"https:\/\/hd-multimedia.com\/\",\"logo\":{\"@type\":\"ImageObject\",\"inLanguage\":\"en-GB\",\"@id\":\"https:\/\/hd-multimedia.com\/#\/schema\/logo\/image\/\",\"url\":\"https:\/\/hd-multimedia.com\/hdm_media\/HD-curves-ok-196-56px-alpha-1.png\",\"contentUrl\":\"https:\/\/hd-multimedia.com\/hdm_media\/HD-curves-ok-196-56px-alpha-1.png\",\"width\":196,\"height\":53,\"caption\":\"hd-multimedia\"},\"image\":{\"@id\":\"https:\/\/hd-multimedia.com\/#\/schema\/logo\/image\/\"}}]}<\/script>\n<!-- \/ Yoast SEO plugin. -->","yoast_head_json":{"title":"ELAC Debut C6.3 - hd-multimedia","description":"ELAC Debut C6.3 sredi\u0161nji zvu\u010dnik savr\u0161en je dodatak va\u0161em ku\u0107nom kinu, pru\u017eaju\u0107i sna\u017ean i impresivan zvuk. Sa svoja dva 160 mm woofera.","robots":{"index":"index","follow":"follow","max-snippet":"max-snippet:-1","max-image-preview":"max-image-preview:large","max-video-preview":"max-video-preview:-1"},"canonical":"https:\/\/hd-multimedia.com\/en\/trgovina\/elac-debut-c6-3\/","og_locale":"en_GB","og_type":"article","og_title":"ELAC Debut C6.3 - hd-multimedia","og_description":"ELAC Debut C6.3 sredi\u0161nji zvu\u010dnik savr\u0161en je dodatak va\u0161em ku\u0107nom kinu, pru\u017eaju\u0107i sna\u017ean i impresivan zvuk. Sa svoja dva 160 mm woofera.","og_url":"https:\/\/hd-multimedia.com\/en\/trgovina\/elac-debut-c6-3\/","og_site_name":"hd-multimedia","article_modified_time":"2025-04-02T09:42:47+00:00","og_image":[{"width":1500,"height":1500,"url":"https:\/\/hd-multimedia.com\/hdm_media\/debut-3-0-c6-3-zwart-4011822321552.jpg","type":"image\/jpeg"}],"twitter_card":"summary_large_image","twitter_misc":{"Estimated reading time":"1 minute"},"schema":{"@context":"https:\/\/schema.org","@graph":[{"@type":"WebPage","@id":"https:\/\/hd-multimedia.com\/trgovina\/elac-debut-c6-3\/","url":"https:\/\/hd-multimedia.com\/trgovina\/elac-debut-c6-3\/","name":"ELAC Debut C6.3 - hd-multimedia","isPartOf":{"@id":"https:\/\/hd-multimedia.com\/#website"},"datePublished":"2025-02-04T08:21:41+00:00","dateModified":"2025-04-02T09:42:47+00:00","description":"ELAC Debut C6.3 sredi\u0161nji zvu\u010dnik savr\u0161en je dodatak va\u0161em ku\u0107nom kinu, pru\u017eaju\u0107i sna\u017ean i impresivan zvuk. Sa svoja dva 160 mm woofera.","breadcrumb":{"@id":"https:\/\/hd-multimedia.com\/trgovina\/elac-debut-c6-3\/#breadcrumb"},"inLanguage":"en-GB","potentialAction":[{"@type":"ReadAction","target":["https:\/\/hd-multimedia.com\/trgovina\/elac-debut-c6-3\/"]}]},{"@type":"BreadcrumbList","@id":"https:\/\/hd-multimedia.com\/trgovina\/elac-debut-c6-3\/#breadcrumb","itemListElement":[{"@type":"ListItem","position":1,"name":"Po\u010detna stranica","item":"https:\/\/hd-multimedia.com\/"},{"@type":"ListItem","position":2,"name":"Trgovina","item":"https:\/\/hd-multimedia.com\/trgovina\/"},{"@type":"ListItem","position":3,"name":"ELAC Debut C6.3"}]},{"@type":"WebSite","@id":"https:\/\/hd-multimedia.com\/#website","url":"https:\/\/hd-multimedia.com\/","name":"hd-multimedia","description":"","publisher":{"@id":"https:\/\/hd-multimedia.com\/#organization"},"potentialAction":[{"@type":"SearchAction","target":{"@type":"EntryPoint","urlTemplate":"https:\/\/hd-multimedia.com\/?s={search_term_string}"},"query-input":"required name=search_term_string"}],"inLanguage":"en-GB"},{"@type":"Organization","@id":"https:\/\/hd-multimedia.com\/#organization","name":"hd-multimedia","url":"https:\/\/hd-multimedia.com\/","logo":{"@type":"ImageObject","inLanguage":"en-GB","@id":"https:\/\/hd-multimedia.com\/#\/schema\/logo\/image\/","url":"https:\/\/hd-multimedia.com\/hdm_media\/HD-curves-ok-196-56px-alpha-1.png","contentUrl":"https:\/\/hd-multimedia.com\/hdm_media\/HD-curves-ok-196-56px-alpha-1.png","width":196,"height":53,"caption":"hd-multimedia"},"image":{"@id":"https:\/\/hd-multimedia.com\/#\/schema\/logo\/image\/"}}]}},"post_mailing_queue_ids":[],"_links":{"self":[{"href":"https:\/\/hd-multimedia.com\/en\/wp-json\/wp\/v2\/product\/17723","targetHints":{"allow":["GET"]}}],"collection":[{"href":"https:\/\/hd-multimedia.com\/en\/wp-json\/wp\/v2\/product"}],"about":[{"href":"https:\/\/hd-multimedia.com\/en\/wp-json\/wp\/v2\/types\/product"}],"version-history":[{"count":6,"href":"https:\/\/hd-multimedia.com\/en\/wp-json\/wp\/v2\/product\/17723\/revisions"}],"predecessor-version":[{"id":18109,"href":"https:\/\/hd-multimedia.com\/en\/wp-json\/wp\/v2\/product\/17723\/revisions\/18109"}],"wp:featuredmedia":[{"embeddable":true,"href":"https:\/\/hd-multimedia.com\/en\/wp-json\/wp\/v2\/media\/17725"}],"wp:attachment":[{"href":"https:\/\/hd-multimedia.com\/en\/wp-json\/wp\/v2\/media?parent=17723"}],"curies":[{"name":"wp","href":"https:\/\/api.w.org\/{rel}","templated":true}]}}