{"id":17666,"date":"2025-01-27T11:26:56","date_gmt":"2025-01-27T11:26:56","guid":{"rendered":"https:\/\/hd-multimedia.com\/?post_type=product&#038;p=17666"},"modified":"2026-04-01T13:10:23","modified_gmt":"2026-04-01T13:10:23","slug":"fiio-s15","status":"publish","type":"product","link":"https:\/\/hd-multimedia.com\/en\/trgovina\/fiio-s15\/","title":{"rendered":"FiiO S15"},"content":{"rendered":"<p>In terms of outputs, the FiiO S15 offers Bluetooth transmission, media streaming, HDMI ARC, TRIGGER out, XLR4 balanced line out, RCA line out, USB out, AES out, I2S out, coaxial and optical out, and HDMI out. This diverse connectivity allows for flexible integration into various audio systems. In addition, the S15 comes with a 35W linear low-noise power supply, ensuring stable and clean power delivery for optimal performance.<\/p>\n<p><a href=\"https:\/\/www.fiio.com\/s15_parameters\" target=\"_blank\" rel=\"noopener\">Parameters<\/a><\/p>","protected":false},"excerpt":{"rendered":"<p>The FiiO S15 is a high-resolution desktop audio streamer designed to seamlessly integrate into your HiFi system. With a standard width of 430mm, it fits perfectly with other audio equipment, providing a premium sound source. The S15 supports a wide range of input signals, including streaming, HDMI, USB, AES, optical, coaxial, Bluetooth and TF card, ensuring compatibility with a variety of devices and user preferences.<\/p>\n<p>FiiO S15 dobitnik je presti\u017ene EISA nagrade za najbolji streamer 2025 godine.<\/p>\n<p><a href=\"https:\/\/www.fiio.com\/s15\" target=\"_blank\" rel=\"noopener\">You can find other information at this link.<\/a><\/p>","protected":false},"featured_media":17676,"template":"","meta":{"site-sidebar-layout":"default","site-content-layout":"","ast-site-content-layout":"default","site-content-style":"default","site-sidebar-style":"default","ast-global-header-display":"","ast-banner-title-visibility":"","ast-main-header-display":"","ast-hfb-above-header-display":"","ast-hfb-below-header-display":"","ast-hfb-mobile-header-display":"","site-post-title":"","ast-breadcrumbs-content":"","ast-featured-img":"","footer-sml-layout":"","theme-transparent-header-meta":"default","adv-header-id-meta":"","stick-header-meta":"default","header-above-stick-meta":"","header-main-stick-meta":"","header-below-stick-meta":"","astra-migrate-meta-layouts":"set","ast-page-background-enabled":"default","ast-page-background-meta":{"desktop":{"background-color":"","background-image":"","background-repeat":"repeat","background-position":"center center","background-size":"auto","background-attachment":"scroll","background-type":"","background-media":"","overlay-type":"","overlay-color":"","overlay-opacity":"","overlay-gradient":""},"tablet":{"background-color":"","background-image":"","background-repeat":"repeat","background-position":"center center","background-size":"auto","background-attachment":"scroll","background-type":"","background-media":"","overlay-type":"","overlay-color":"","overlay-opacity":"","overlay-gradient":""},"mobile":{"background-color":"","background-image":"","background-repeat":"repeat","background-position":"center center","background-size":"auto","background-attachment":"scroll","background-type":"","background-media":"","overlay-type":"","overlay-color":"","overlay-opacity":"","overlay-gradient":""}},"ast-content-background-meta":{"desktop":{"background-color":"var(--ast-global-color-5)","background-image":"","background-repeat":"repeat","background-position":"center center","background-size":"auto","background-attachment":"scroll","background-type":"","background-media":"","overlay-type":"","overlay-color":"","overlay-opacity":"","overlay-gradient":""},"tablet":{"background-color":"var(--ast-global-color-5)","background-image":"","background-repeat":"repeat","background-position":"center center","background-size":"auto","background-attachment":"scroll","background-type":"","background-media":"","overlay-type":"","overlay-color":"","overlay-opacity":"","overlay-gradient":""},"mobile":{"background-color":"var(--ast-global-color-5)","background-image":"","background-repeat":"repeat","background-position":"center center","background-size":"auto","background-attachment":"scroll","background-type":"","background-media":"","overlay-type":"","overlay-color":"","overlay-opacity":"","overlay-gradient":""}}},"class_list":["post-17666","product","type-product","status-publish","has-post-thumbnail","hentry","product_cat-mrezni-playeri","product_cat-fiio","desktop-align-center","tablet-align-center","mobile-align-center","ast-product-gallery-layout-horizontal","ast-magnify-disabled","ast-product-single-variable","ast-product-tabs-layout-horizontal"],"yoast_head":"<!-- This site is optimized with the Yoast SEO plugin v21.4 - https:\/\/yoast.com\/wordpress\/plugins\/seo\/ -->\n<title>FiiO S15 - hd-multimedia<\/title>\n<meta name=\"description\" content=\"S15 sadr\u017ei vode\u0107u AKM DAC kombinaciju AK4191+AK4499EX, ultra-niske fazne \u0161umove femtosekundnih kristalnih oscilatora i 35W linearno napajanje s niskom razinom \u0161uma.\" \/>\n<meta name=\"robots\" content=\"index, follow, max-snippet:-1, max-image-preview:large, max-video-preview:-1\" \/>\n<link rel=\"canonical\" href=\"https:\/\/hd-multimedia.com\/en\/trgovina\/fiio-s15\/\" \/>\n<meta property=\"og:locale\" content=\"en_GB\" \/>\n<meta property=\"og:type\" content=\"article\" \/>\n<meta property=\"og:title\" content=\"FiiO S15 - hd-multimedia\" \/>\n<meta property=\"og:description\" content=\"S15 sadr\u017ei vode\u0107u AKM DAC kombinaciju AK4191+AK4499EX, ultra-niske fazne \u0161umove femtosekundnih kristalnih oscilatora i 35W linearno napajanje s niskom razinom \u0161uma.\" \/>\n<meta property=\"og:url\" content=\"https:\/\/hd-multimedia.com\/en\/trgovina\/fiio-s15\/\" \/>\n<meta property=\"og:site_name\" content=\"hd-multimedia\" \/>\n<meta property=\"article:modified_time\" content=\"2026-04-01T13:10:23+00:00\" \/>\n<meta property=\"og:image\" content=\"https:\/\/hd-multimedia.com\/hdm_media\/4-2-e1738060268459.jpg\" \/>\n\t<meta property=\"og:image:width\" content=\"955\" \/>\n\t<meta property=\"og:image:height\" content=\"955\" \/>\n\t<meta property=\"og:image:type\" content=\"image\/jpeg\" \/>\n<meta name=\"twitter:card\" content=\"summary_large_image\" \/>\n<meta name=\"twitter:label1\" content=\"Estimated reading time\" \/>\n\t<meta name=\"twitter:data1\" content=\"1 minute\" \/>\n<script type=\"application\/ld+json\" class=\"yoast-schema-graph\">{\"@context\":\"https:\/\/schema.org\",\"@graph\":[{\"@type\":\"WebPage\",\"@id\":\"https:\/\/hd-multimedia.com\/trgovina\/fiio-s15\/\",\"url\":\"https:\/\/hd-multimedia.com\/trgovina\/fiio-s15\/\",\"name\":\"FiiO S15 - hd-multimedia\",\"isPartOf\":{\"@id\":\"https:\/\/hd-multimedia.com\/#website\"},\"datePublished\":\"2025-01-27T11:26:56+00:00\",\"dateModified\":\"2026-04-01T13:10:23+00:00\",\"description\":\"S15 sadr\u017ei vode\u0107u AKM DAC kombinaciju AK4191+AK4499EX, ultra-niske fazne \u0161umove femtosekundnih kristalnih oscilatora i 35W linearno napajanje s niskom razinom \u0161uma.\",\"breadcrumb\":{\"@id\":\"https:\/\/hd-multimedia.com\/trgovina\/fiio-s15\/#breadcrumb\"},\"inLanguage\":\"en-GB\",\"potentialAction\":[{\"@type\":\"ReadAction\",\"target\":[\"https:\/\/hd-multimedia.com\/trgovina\/fiio-s15\/\"]}]},{\"@type\":\"BreadcrumbList\",\"@id\":\"https:\/\/hd-multimedia.com\/trgovina\/fiio-s15\/#breadcrumb\",\"itemListElement\":[{\"@type\":\"ListItem\",\"position\":1,\"name\":\"Po\u010detna stranica\",\"item\":\"https:\/\/hd-multimedia.com\/\"},{\"@type\":\"ListItem\",\"position\":2,\"name\":\"Trgovina\",\"item\":\"https:\/\/hd-multimedia.com\/trgovina\/\"},{\"@type\":\"ListItem\",\"position\":3,\"name\":\"FiiO S15\"}]},{\"@type\":\"WebSite\",\"@id\":\"https:\/\/hd-multimedia.com\/#website\",\"url\":\"https:\/\/hd-multimedia.com\/\",\"name\":\"hd-multimedia\",\"description\":\"\",\"publisher\":{\"@id\":\"https:\/\/hd-multimedia.com\/#organization\"},\"potentialAction\":[{\"@type\":\"SearchAction\",\"target\":{\"@type\":\"EntryPoint\",\"urlTemplate\":\"https:\/\/hd-multimedia.com\/?s={search_term_string}\"},\"query-input\":\"required name=search_term_string\"}],\"inLanguage\":\"en-GB\"},{\"@type\":\"Organization\",\"@id\":\"https:\/\/hd-multimedia.com\/#organization\",\"name\":\"hd-multimedia\",\"url\":\"https:\/\/hd-multimedia.com\/\",\"logo\":{\"@type\":\"ImageObject\",\"inLanguage\":\"en-GB\",\"@id\":\"https:\/\/hd-multimedia.com\/#\/schema\/logo\/image\/\",\"url\":\"https:\/\/hd-multimedia.com\/hdm_media\/HD-curves-ok-196-56px-alpha-1.png\",\"contentUrl\":\"https:\/\/hd-multimedia.com\/hdm_media\/HD-curves-ok-196-56px-alpha-1.png\",\"width\":196,\"height\":53,\"caption\":\"hd-multimedia\"},\"image\":{\"@id\":\"https:\/\/hd-multimedia.com\/#\/schema\/logo\/image\/\"}}]}<\/script>\n<!-- \/ Yoast SEO plugin. -->","yoast_head_json":{"title":"FiiO S15 - hd-multimedia","description":"S15 sadr\u017ei vode\u0107u AKM DAC kombinaciju AK4191+AK4499EX, ultra-niske fazne \u0161umove femtosekundnih kristalnih oscilatora i 35W linearno napajanje s niskom razinom \u0161uma.","robots":{"index":"index","follow":"follow","max-snippet":"max-snippet:-1","max-image-preview":"max-image-preview:large","max-video-preview":"max-video-preview:-1"},"canonical":"https:\/\/hd-multimedia.com\/en\/trgovina\/fiio-s15\/","og_locale":"en_GB","og_type":"article","og_title":"FiiO S15 - hd-multimedia","og_description":"S15 sadr\u017ei vode\u0107u AKM DAC kombinaciju AK4191+AK4499EX, ultra-niske fazne \u0161umove femtosekundnih kristalnih oscilatora i 35W linearno napajanje s niskom razinom \u0161uma.","og_url":"https:\/\/hd-multimedia.com\/en\/trgovina\/fiio-s15\/","og_site_name":"hd-multimedia","article_modified_time":"2026-04-01T13:10:23+00:00","og_image":[{"width":955,"height":955,"url":"https:\/\/hd-multimedia.com\/hdm_media\/4-2-e1738060268459.jpg","type":"image\/jpeg"}],"twitter_card":"summary_large_image","twitter_misc":{"Estimated reading time":"1 minute"},"schema":{"@context":"https:\/\/schema.org","@graph":[{"@type":"WebPage","@id":"https:\/\/hd-multimedia.com\/trgovina\/fiio-s15\/","url":"https:\/\/hd-multimedia.com\/trgovina\/fiio-s15\/","name":"FiiO S15 - hd-multimedia","isPartOf":{"@id":"https:\/\/hd-multimedia.com\/#website"},"datePublished":"2025-01-27T11:26:56+00:00","dateModified":"2026-04-01T13:10:23+00:00","description":"S15 sadr\u017ei vode\u0107u AKM DAC kombinaciju AK4191+AK4499EX, ultra-niske fazne \u0161umove femtosekundnih kristalnih oscilatora i 35W linearno napajanje s niskom razinom \u0161uma.","breadcrumb":{"@id":"https:\/\/hd-multimedia.com\/trgovina\/fiio-s15\/#breadcrumb"},"inLanguage":"en-GB","potentialAction":[{"@type":"ReadAction","target":["https:\/\/hd-multimedia.com\/trgovina\/fiio-s15\/"]}]},{"@type":"BreadcrumbList","@id":"https:\/\/hd-multimedia.com\/trgovina\/fiio-s15\/#breadcrumb","itemListElement":[{"@type":"ListItem","position":1,"name":"Po\u010detna stranica","item":"https:\/\/hd-multimedia.com\/"},{"@type":"ListItem","position":2,"name":"Trgovina","item":"https:\/\/hd-multimedia.com\/trgovina\/"},{"@type":"ListItem","position":3,"name":"FiiO S15"}]},{"@type":"WebSite","@id":"https:\/\/hd-multimedia.com\/#website","url":"https:\/\/hd-multimedia.com\/","name":"hd-multimedia","description":"","publisher":{"@id":"https:\/\/hd-multimedia.com\/#organization"},"potentialAction":[{"@type":"SearchAction","target":{"@type":"EntryPoint","urlTemplate":"https:\/\/hd-multimedia.com\/?s={search_term_string}"},"query-input":"required name=search_term_string"}],"inLanguage":"en-GB"},{"@type":"Organization","@id":"https:\/\/hd-multimedia.com\/#organization","name":"hd-multimedia","url":"https:\/\/hd-multimedia.com\/","logo":{"@type":"ImageObject","inLanguage":"en-GB","@id":"https:\/\/hd-multimedia.com\/#\/schema\/logo\/image\/","url":"https:\/\/hd-multimedia.com\/hdm_media\/HD-curves-ok-196-56px-alpha-1.png","contentUrl":"https:\/\/hd-multimedia.com\/hdm_media\/HD-curves-ok-196-56px-alpha-1.png","width":196,"height":53,"caption":"hd-multimedia"},"image":{"@id":"https:\/\/hd-multimedia.com\/#\/schema\/logo\/image\/"}}]}},"post_mailing_queue_ids":[],"_links":{"self":[{"href":"https:\/\/hd-multimedia.com\/en\/wp-json\/wp\/v2\/product\/17666","targetHints":{"allow":["GET"]}}],"collection":[{"href":"https:\/\/hd-multimedia.com\/en\/wp-json\/wp\/v2\/product"}],"about":[{"href":"https:\/\/hd-multimedia.com\/en\/wp-json\/wp\/v2\/types\/product"}],"version-history":[{"count":8,"href":"https:\/\/hd-multimedia.com\/en\/wp-json\/wp\/v2\/product\/17666\/revisions"}],"predecessor-version":[{"id":18980,"href":"https:\/\/hd-multimedia.com\/en\/wp-json\/wp\/v2\/product\/17666\/revisions\/18980"}],"wp:featuredmedia":[{"embeddable":true,"href":"https:\/\/hd-multimedia.com\/en\/wp-json\/wp\/v2\/media\/17676"}],"wp:attachment":[{"href":"https:\/\/hd-multimedia.com\/en\/wp-json\/wp\/v2\/media?parent=17666"}],"curies":[{"name":"wp","href":"https:\/\/api.w.org\/{rel}","templated":true}]}}