{"id":16945,"date":"2024-10-16T08:08:47","date_gmt":"2024-10-16T08:08:47","guid":{"rendered":"https:\/\/hd-multimedia.com\/?post_type=product&#038;p=16945"},"modified":"2025-04-22T09:52:04","modified_gmt":"2025-04-22T09:52:04","slug":"elac-vela-fs-407-2","status":"publish","type":"product","link":"https:\/\/hd-multimedia.com\/en\/trgovina\/elac-vela-fs-407-2\/","title":{"rendered":"ELAC Vela FS 407.2 (pair)"},"content":{"rendered":"<p>The ELAC Vela FS 407.2 has a special design that allows for accurate reproduction of low tones without distortion, while the bass reflex port facing downwards improves bass performance and reduces unwanted vibrations. The speaker is ideal for modern interiors, because in addition to providing incredible sound quality, its design brings sophistication to any space.<\/p>\n<ul>\n<li>Type: 2 \u00bd-Way, Bass Reflex<\/li>\n<li>Woofer: 2 \u00d7 150 mm \u00d8, AS-XR Cone<\/li>\n<li>Tweeter: JET 6<\/li>\n<li>Magnetic shielding: No<\/li>\n<li>Frequency response: 450 | 2400 Hz<\/li>\n<li>Frequency range (IEC 268-5): 30 \u2013 50,000 Hz<\/li>\n<li>Sensitivity: 88 dB at 2.83 V\/m<\/li>\n<li>Included accessories: Formwork with spikes and washer<\/li>\n<li>Optional accessory: Speaker nets<\/li>\n<li>Height x Width x Depth: 1000 x 229 x 266 mm<\/li>\n<li>Weight: 19.1 kg<\/li>\n<\/ul>","protected":false},"excerpt":{"rendered":"<p>The ELAC Vela FS 407.2 floorstanding speaker is the perfect combination of sophisticated design and superior acoustic performance, the result of 95 years of ELAC expertise. Its trapezoidal shape and high-gloss lacquer finish are not only visually impressive, but also optimize acoustics by reducing internal reflections. At the heart of the speaker is the JET 6 tweeter, which offers an extended frequency range of up to 50 kHz, fast response and minimal distortion, delivering crystal-clear and detailed highs. Together with the bi-wire configuration, it ensures precise sound reproduction, creating an impressive experience in stereo and multi-channel systems. Additional power and precision are provided by the woofer with a crystal-concave aluminum layer, known for its rigidity and extended frequency range.<\/p>\n<p>The price refers to a pair (2 speakers)<\/p>\n<p><a href=\"https:\/\/www.elac.com\/vfs407-2\" target=\"_blank\" rel=\"noopener\">You can find other information at this link.<\/a><\/p>\n<p>If you are interested in this model, please contact us at 0998060160 or via the contact form:<\/p>\n<p><a href=\"https:\/\/hd-multimedia.com\/en\/kontakt\/\" target=\"_blank\" rel=\"noopener\">Contact form<\/a><\/p>","protected":false},"featured_media":16955,"template":"","meta":{"site-sidebar-layout":"default","site-content-layout":"","ast-site-content-layout":"default","site-content-style":"default","site-sidebar-style":"default","ast-global-header-display":"","ast-banner-title-visibility":"","ast-main-header-display":"","ast-hfb-above-header-display":"","ast-hfb-below-header-display":"","ast-hfb-mobile-header-display":"","site-post-title":"","ast-breadcrumbs-content":"","ast-featured-img":"","footer-sml-layout":"","theme-transparent-header-meta":"default","adv-header-id-meta":"","stick-header-meta":"default","header-above-stick-meta":"","header-main-stick-meta":"","header-below-stick-meta":"","astra-migrate-meta-layouts":"set","ast-page-background-enabled":"default","ast-page-background-meta":{"desktop":{"background-color":"","background-image":"","background-repeat":"repeat","background-position":"center center","background-size":"auto","background-attachment":"scroll","background-type":"","background-media":"","overlay-type":"","overlay-color":"","overlay-opacity":"","overlay-gradient":""},"tablet":{"background-color":"","background-image":"","background-repeat":"repeat","background-position":"center center","background-size":"auto","background-attachment":"scroll","background-type":"","background-media":"","overlay-type":"","overlay-color":"","overlay-opacity":"","overlay-gradient":""},"mobile":{"background-color":"","background-image":"","background-repeat":"repeat","background-position":"center center","background-size":"auto","background-attachment":"scroll","background-type":"","background-media":"","overlay-type":"","overlay-color":"","overlay-opacity":"","overlay-gradient":""}},"ast-content-background-meta":{"desktop":{"background-color":"var(--ast-global-color-5)","background-image":"","background-repeat":"repeat","background-position":"center center","background-size":"auto","background-attachment":"scroll","background-type":"","background-media":"","overlay-type":"","overlay-color":"","overlay-opacity":"","overlay-gradient":""},"tablet":{"background-color":"var(--ast-global-color-5)","background-image":"","background-repeat":"repeat","background-position":"center center","background-size":"auto","background-attachment":"scroll","background-type":"","background-media":"","overlay-type":"","overlay-color":"","overlay-opacity":"","overlay-gradient":""},"mobile":{"background-color":"var(--ast-global-color-5)","background-image":"","background-repeat":"repeat","background-position":"center center","background-size":"auto","background-attachment":"scroll","background-type":"","background-media":"","overlay-type":"","overlay-color":"","overlay-opacity":"","overlay-gradient":""}}},"class_list":["post-16945","product","type-product","status-publish","has-post-thumbnail","hentry","product_cat-pasivne-zvucne-kutije","product_cat-elac","product_tag-novi-modeli-elac","desktop-align-center","tablet-align-center","mobile-align-center","ast-product-gallery-layout-horizontal","ast-product-gallery-with-no-image","ast-magnify-disabled","ast-product-tabs-layout-horizontal"],"yoast_head":"<!-- This site is optimized with the Yoast SEO plugin v21.4 - https:\/\/yoast.com\/wordpress\/plugins\/seo\/ -->\n<title>ELAC Vela FS 407.2 (par) - hd-multimedia<\/title>\n<meta name=\"description\" content=\"ELAC Vela 2.0 FS407.2 predstavljaju savr\u0161enu kombinaciju sofisticiranog dizajna i vrhunske akusti\u010dne izvedbe, rezultat 95 godina ELAC-ove stru\u010dnosti.\" \/>\n<meta name=\"robots\" content=\"index, follow, max-snippet:-1, max-image-preview:large, max-video-preview:-1\" \/>\n<link rel=\"canonical\" href=\"https:\/\/hd-multimedia.com\/en\/trgovina\/elac-vela-fs-407-2\/\" \/>\n<meta property=\"og:locale\" content=\"en_GB\" \/>\n<meta property=\"og:type\" content=\"article\" \/>\n<meta property=\"og:title\" content=\"ELAC Vela FS 407.2 (par) - hd-multimedia\" \/>\n<meta property=\"og:description\" content=\"ELAC Vela 2.0 FS407.2 predstavljaju savr\u0161enu kombinaciju sofisticiranog dizajna i vrhunske akusti\u010dne izvedbe, rezultat 95 godina ELAC-ove stru\u010dnosti.\" \/>\n<meta property=\"og:url\" content=\"https:\/\/hd-multimedia.com\/en\/trgovina\/elac-vela-fs-407-2\/\" \/>\n<meta property=\"og:site_name\" content=\"hd-multimedia\" \/>\n<meta property=\"article:modified_time\" content=\"2025-04-22T09:52:04+00:00\" \/>\n<meta property=\"og:image\" content=\"https:\/\/hd-multimedia.com\/hdm_media\/0017741-e1729068642524.jpeg\" \/>\n\t<meta property=\"og:image:width\" content=\"1440\" \/>\n\t<meta property=\"og:image:height\" content=\"1440\" \/>\n\t<meta property=\"og:image:type\" content=\"image\/jpeg\" \/>\n<meta name=\"twitter:card\" content=\"summary_large_image\" \/>\n<meta name=\"twitter:label1\" content=\"Estimated reading time\" \/>\n\t<meta name=\"twitter:data1\" content=\"1 minute\" \/>\n<script type=\"application\/ld+json\" class=\"yoast-schema-graph\">{\"@context\":\"https:\/\/schema.org\",\"@graph\":[{\"@type\":\"WebPage\",\"@id\":\"https:\/\/hd-multimedia.com\/trgovina\/elac-vela-fs-407-2\/\",\"url\":\"https:\/\/hd-multimedia.com\/trgovina\/elac-vela-fs-407-2\/\",\"name\":\"ELAC Vela FS 407.2 (par) - hd-multimedia\",\"isPartOf\":{\"@id\":\"https:\/\/hd-multimedia.com\/#website\"},\"datePublished\":\"2024-10-16T08:08:47+00:00\",\"dateModified\":\"2025-04-22T09:52:04+00:00\",\"description\":\"ELAC Vela 2.0 FS407.2 predstavljaju savr\u0161enu kombinaciju sofisticiranog dizajna i vrhunske akusti\u010dne izvedbe, rezultat 95 godina ELAC-ove stru\u010dnosti.\",\"breadcrumb\":{\"@id\":\"https:\/\/hd-multimedia.com\/trgovina\/elac-vela-fs-407-2\/#breadcrumb\"},\"inLanguage\":\"en-GB\",\"potentialAction\":[{\"@type\":\"ReadAction\",\"target\":[\"https:\/\/hd-multimedia.com\/trgovina\/elac-vela-fs-407-2\/\"]}]},{\"@type\":\"BreadcrumbList\",\"@id\":\"https:\/\/hd-multimedia.com\/trgovina\/elac-vela-fs-407-2\/#breadcrumb\",\"itemListElement\":[{\"@type\":\"ListItem\",\"position\":1,\"name\":\"Po\u010detna stranica\",\"item\":\"https:\/\/hd-multimedia.com\/\"},{\"@type\":\"ListItem\",\"position\":2,\"name\":\"Trgovina\",\"item\":\"https:\/\/hd-multimedia.com\/trgovina\/\"},{\"@type\":\"ListItem\",\"position\":3,\"name\":\"ELAC Vela FS 407.2 (par)\"}]},{\"@type\":\"WebSite\",\"@id\":\"https:\/\/hd-multimedia.com\/#website\",\"url\":\"https:\/\/hd-multimedia.com\/\",\"name\":\"hd-multimedia\",\"description\":\"\",\"publisher\":{\"@id\":\"https:\/\/hd-multimedia.com\/#organization\"},\"potentialAction\":[{\"@type\":\"SearchAction\",\"target\":{\"@type\":\"EntryPoint\",\"urlTemplate\":\"https:\/\/hd-multimedia.com\/?s={search_term_string}\"},\"query-input\":\"required name=search_term_string\"}],\"inLanguage\":\"en-GB\"},{\"@type\":\"Organization\",\"@id\":\"https:\/\/hd-multimedia.com\/#organization\",\"name\":\"hd-multimedia\",\"url\":\"https:\/\/hd-multimedia.com\/\",\"logo\":{\"@type\":\"ImageObject\",\"inLanguage\":\"en-GB\",\"@id\":\"https:\/\/hd-multimedia.com\/#\/schema\/logo\/image\/\",\"url\":\"https:\/\/hd-multimedia.com\/hdm_media\/HD-curves-ok-196-56px-alpha-1.png\",\"contentUrl\":\"https:\/\/hd-multimedia.com\/hdm_media\/HD-curves-ok-196-56px-alpha-1.png\",\"width\":196,\"height\":53,\"caption\":\"hd-multimedia\"},\"image\":{\"@id\":\"https:\/\/hd-multimedia.com\/#\/schema\/logo\/image\/\"}}]}<\/script>\n<!-- \/ Yoast SEO plugin. -->","yoast_head_json":{"title":"ELAC Vela FS 407.2 (par) - hd-multimedia","description":"ELAC Vela 2.0 FS407.2 predstavljaju savr\u0161enu kombinaciju sofisticiranog dizajna i vrhunske akusti\u010dne izvedbe, rezultat 95 godina ELAC-ove stru\u010dnosti.","robots":{"index":"index","follow":"follow","max-snippet":"max-snippet:-1","max-image-preview":"max-image-preview:large","max-video-preview":"max-video-preview:-1"},"canonical":"https:\/\/hd-multimedia.com\/en\/trgovina\/elac-vela-fs-407-2\/","og_locale":"en_GB","og_type":"article","og_title":"ELAC Vela FS 407.2 (par) - hd-multimedia","og_description":"ELAC Vela 2.0 FS407.2 predstavljaju savr\u0161enu kombinaciju sofisticiranog dizajna i vrhunske akusti\u010dne izvedbe, rezultat 95 godina ELAC-ove stru\u010dnosti.","og_url":"https:\/\/hd-multimedia.com\/en\/trgovina\/elac-vela-fs-407-2\/","og_site_name":"hd-multimedia","article_modified_time":"2025-04-22T09:52:04+00:00","og_image":[{"width":1440,"height":1440,"url":"https:\/\/hd-multimedia.com\/hdm_media\/0017741-e1729068642524.jpeg","type":"image\/jpeg"}],"twitter_card":"summary_large_image","twitter_misc":{"Estimated reading time":"1 minute"},"schema":{"@context":"https:\/\/schema.org","@graph":[{"@type":"WebPage","@id":"https:\/\/hd-multimedia.com\/trgovina\/elac-vela-fs-407-2\/","url":"https:\/\/hd-multimedia.com\/trgovina\/elac-vela-fs-407-2\/","name":"ELAC Vela FS 407.2 (par) - hd-multimedia","isPartOf":{"@id":"https:\/\/hd-multimedia.com\/#website"},"datePublished":"2024-10-16T08:08:47+00:00","dateModified":"2025-04-22T09:52:04+00:00","description":"ELAC Vela 2.0 FS407.2 predstavljaju savr\u0161enu kombinaciju sofisticiranog dizajna i vrhunske akusti\u010dne izvedbe, rezultat 95 godina ELAC-ove stru\u010dnosti.","breadcrumb":{"@id":"https:\/\/hd-multimedia.com\/trgovina\/elac-vela-fs-407-2\/#breadcrumb"},"inLanguage":"en-GB","potentialAction":[{"@type":"ReadAction","target":["https:\/\/hd-multimedia.com\/trgovina\/elac-vela-fs-407-2\/"]}]},{"@type":"BreadcrumbList","@id":"https:\/\/hd-multimedia.com\/trgovina\/elac-vela-fs-407-2\/#breadcrumb","itemListElement":[{"@type":"ListItem","position":1,"name":"Po\u010detna stranica","item":"https:\/\/hd-multimedia.com\/"},{"@type":"ListItem","position":2,"name":"Trgovina","item":"https:\/\/hd-multimedia.com\/trgovina\/"},{"@type":"ListItem","position":3,"name":"ELAC Vela FS 407.2 (par)"}]},{"@type":"WebSite","@id":"https:\/\/hd-multimedia.com\/#website","url":"https:\/\/hd-multimedia.com\/","name":"hd-multimedia","description":"","publisher":{"@id":"https:\/\/hd-multimedia.com\/#organization"},"potentialAction":[{"@type":"SearchAction","target":{"@type":"EntryPoint","urlTemplate":"https:\/\/hd-multimedia.com\/?s={search_term_string}"},"query-input":"required name=search_term_string"}],"inLanguage":"en-GB"},{"@type":"Organization","@id":"https:\/\/hd-multimedia.com\/#organization","name":"hd-multimedia","url":"https:\/\/hd-multimedia.com\/","logo":{"@type":"ImageObject","inLanguage":"en-GB","@id":"https:\/\/hd-multimedia.com\/#\/schema\/logo\/image\/","url":"https:\/\/hd-multimedia.com\/hdm_media\/HD-curves-ok-196-56px-alpha-1.png","contentUrl":"https:\/\/hd-multimedia.com\/hdm_media\/HD-curves-ok-196-56px-alpha-1.png","width":196,"height":53,"caption":"hd-multimedia"},"image":{"@id":"https:\/\/hd-multimedia.com\/#\/schema\/logo\/image\/"}}]}},"post_mailing_queue_ids":[],"_links":{"self":[{"href":"https:\/\/hd-multimedia.com\/en\/wp-json\/wp\/v2\/product\/16945","targetHints":{"allow":["GET"]}}],"collection":[{"href":"https:\/\/hd-multimedia.com\/en\/wp-json\/wp\/v2\/product"}],"about":[{"href":"https:\/\/hd-multimedia.com\/en\/wp-json\/wp\/v2\/types\/product"}],"version-history":[{"count":9,"href":"https:\/\/hd-multimedia.com\/en\/wp-json\/wp\/v2\/product\/16945\/revisions"}],"predecessor-version":[{"id":18338,"href":"https:\/\/hd-multimedia.com\/en\/wp-json\/wp\/v2\/product\/16945\/revisions\/18338"}],"wp:featuredmedia":[{"embeddable":true,"href":"https:\/\/hd-multimedia.com\/en\/wp-json\/wp\/v2\/media\/16955"}],"wp:attachment":[{"href":"https:\/\/hd-multimedia.com\/en\/wp-json\/wp\/v2\/media?parent=16945"}],"curies":[{"name":"wp","href":"https:\/\/api.w.org\/{rel}","templated":true}]}}