{"id":16917,"date":"2024-10-14T07:41:40","date_gmt":"2024-10-14T07:41:40","guid":{"rendered":"https:\/\/hd-multimedia.com\/?post_type=product&#038;p=16917"},"modified":"2026-02-23T13:17:57","modified_gmt":"2026-02-23T13:17:57","slug":"elac-debut-b5-3","status":"publish","type":"product","link":"https:\/\/hd-multimedia.com\/en\/trgovina\/elac-debut-b5-3\/","title":{"rendered":"ELAC Debut B5.3 (pair)"},"content":{"rendered":"<p>ELAC Debut B5.3 not only provide top performance, but also look great. With a sleek black finish combined with magnetic meshes, which allow for easy removal with no visible fasteners, the ELAC Debut B5.3 speakers fit easily into any space. The internal reinforcement further reduces vibrations and improves the sound quality, while the compact dimensions enable easy placement in different rooms. All these characteristics make them an ideal choice for those who want top-quality sound, modern design and long-lasting quality.<\/p>\n<ul>\n<li><strong>Speaker type:<\/strong> 2-way, bass reflex<\/li>\n<li><strong>Frequency response (-6 dB):<\/strong> 48 Hz to 38 kHz<\/li>\n<li><strong>Nominal impedance:<\/strong> 6 \u03a9<\/li>\n<li><strong>Sensitivity (@ 2.83 V\/1m):<\/strong> 86.5 dB<\/li>\n<li><strong>Separation frequency:<\/strong> 1900 Hz<\/li>\n<li><strong>Recommended amplifier power:<\/strong> 20 \u2013 120 watts<\/li>\n<li><strong>Cabinet:<\/strong> CARB2 rating 16 mm MDF<\/li>\n<li><strong>Finishing:<\/strong> Black oak, satin black front panel<\/li>\n<li><strong>Port:<\/strong> Dual Flared<\/li>\n<li><strong>Binding Post:<\/strong> 5-way metal<\/li>\n<li><strong>Width:<\/strong>\u00a0 17.2 cm<\/li>\n<li><strong>Height:<\/strong> 31.1 cm<\/li>\n<li><strong>Depth:<\/strong>\u00a0 26.7 cm<\/li>\n<li><strong>Net weight:<\/strong>\u00a0 6.05 kg<\/li>\n<\/ul>\n<p>&nbsp;<\/p>","protected":false},"excerpt":{"rendered":"<p>ELAC Debut B5.3 Bookshelf speakers bring improved sound quality with a new aramid fiber bass speaker, which stands out for its strength and durability. This material enables precise reproduction of low tones, providing a deeper and richer bass, perfect for all types of music and film effects. In addition, the speakers are equipped with a single tweeter made of aluminum, which is known for its exceptional ability to make the reproduction of high tones clear and detailed. Due to the aluminum construction, the tweeter is light but strong, which enables a quick response and precise tracking of all the subtleties in the sound, especially in modern dynamic recordings.<\/p>\n<p>The price refers to a pair (2 speakers)<\/p>\n<p><a href=\"https:\/\/www.elac.com\/db53-bk\" target=\"_blank\" rel=\"noopener\">You can find other information at this link.<\/a><\/p>\n<p>&nbsp;<\/p>","protected":false},"featured_media":16920,"template":"","meta":{"site-sidebar-layout":"default","site-content-layout":"","ast-site-content-layout":"default","site-content-style":"default","site-sidebar-style":"default","ast-global-header-display":"","ast-banner-title-visibility":"","ast-main-header-display":"","ast-hfb-above-header-display":"","ast-hfb-below-header-display":"","ast-hfb-mobile-header-display":"","site-post-title":"","ast-breadcrumbs-content":"","ast-featured-img":"","footer-sml-layout":"","theme-transparent-header-meta":"default","adv-header-id-meta":"","stick-header-meta":"default","header-above-stick-meta":"","header-main-stick-meta":"","header-below-stick-meta":"","astra-migrate-meta-layouts":"set","ast-page-background-enabled":"default","ast-page-background-meta":{"desktop":{"background-color":"","background-image":"","background-repeat":"repeat","background-position":"center center","background-size":"auto","background-attachment":"scroll","background-type":"","background-media":"","overlay-type":"","overlay-color":"","overlay-opacity":"","overlay-gradient":""},"tablet":{"background-color":"","background-image":"","background-repeat":"repeat","background-position":"center center","background-size":"auto","background-attachment":"scroll","background-type":"","background-media":"","overlay-type":"","overlay-color":"","overlay-opacity":"","overlay-gradient":""},"mobile":{"background-color":"","background-image":"","background-repeat":"repeat","background-position":"center center","background-size":"auto","background-attachment":"scroll","background-type":"","background-media":"","overlay-type":"","overlay-color":"","overlay-opacity":"","overlay-gradient":""}},"ast-content-background-meta":{"desktop":{"background-color":"var(--ast-global-color-5)","background-image":"","background-repeat":"repeat","background-position":"center center","background-size":"auto","background-attachment":"scroll","background-type":"","background-media":"","overlay-type":"","overlay-color":"","overlay-opacity":"","overlay-gradient":""},"tablet":{"background-color":"var(--ast-global-color-5)","background-image":"","background-repeat":"repeat","background-position":"center center","background-size":"auto","background-attachment":"scroll","background-type":"","background-media":"","overlay-type":"","overlay-color":"","overlay-opacity":"","overlay-gradient":""},"mobile":{"background-color":"var(--ast-global-color-5)","background-image":"","background-repeat":"repeat","background-position":"center center","background-size":"auto","background-attachment":"scroll","background-type":"","background-media":"","overlay-type":"","overlay-color":"","overlay-opacity":"","overlay-gradient":""}}},"class_list":["post-16917","product","type-product","status-publish","has-post-thumbnail","hentry","product_cat-pasivne-zvucne-kutije","product_cat-elac","product_tag-novi-modeli-elac","desktop-align-center","tablet-align-center","mobile-align-center","ast-product-gallery-layout-horizontal","ast-magnify-disabled","ast-product-single-variable","ast-product-tabs-layout-horizontal"],"yoast_head":"<!-- This site is optimized with the Yoast SEO plugin v21.4 - https:\/\/yoast.com\/wordpress\/plugins\/seo\/ -->\n<title>ELAC Debut B5.3 (par) - hd-multimedia<\/title>\n<meta name=\"description\" content=\"ELAC Debut B5.3 zvu\u010dnici lako se uklapaju u svaki prostor. Unutarnje oja\u010danje dodatno smanjuje vibracije i pobolj\u0161ava kvalitetu zvuka.\" \/>\n<meta name=\"robots\" content=\"index, follow, max-snippet:-1, max-image-preview:large, max-video-preview:-1\" \/>\n<link rel=\"canonical\" href=\"https:\/\/hd-multimedia.com\/en\/trgovina\/elac-debut-b5-3\/\" \/>\n<meta property=\"og:locale\" content=\"en_GB\" \/>\n<meta property=\"og:type\" content=\"article\" \/>\n<meta property=\"og:title\" content=\"ELAC Debut B5.3 (par) - hd-multimedia\" \/>\n<meta property=\"og:description\" content=\"ELAC Debut B5.3 zvu\u010dnici lako se uklapaju u svaki prostor. Unutarnje oja\u010danje dodatno smanjuje vibracije i pobolj\u0161ava kvalitetu zvuka.\" \/>\n<meta property=\"og:url\" content=\"https:\/\/hd-multimedia.com\/en\/trgovina\/elac-debut-b5-3\/\" \/>\n<meta property=\"og:site_name\" content=\"hd-multimedia\" \/>\n<meta property=\"article:modified_time\" content=\"2026-02-23T13:17:57+00:00\" \/>\n<meta property=\"og:image\" content=\"https:\/\/hd-multimedia.com\/hdm_media\/Debut-V3.1570_1-e1728892134131.webp\" \/>\n\t<meta property=\"og:image:width\" content=\"900\" \/>\n\t<meta property=\"og:image:height\" content=\"900\" \/>\n\t<meta property=\"og:image:type\" content=\"image\/webp\" \/>\n<meta name=\"twitter:card\" content=\"summary_large_image\" \/>\n<meta name=\"twitter:label1\" content=\"Estimated reading time\" \/>\n\t<meta name=\"twitter:data1\" content=\"1 minute\" \/>\n<script type=\"application\/ld+json\" class=\"yoast-schema-graph\">{\"@context\":\"https:\/\/schema.org\",\"@graph\":[{\"@type\":\"WebPage\",\"@id\":\"https:\/\/hd-multimedia.com\/trgovina\/elac-debut-b5-3\/\",\"url\":\"https:\/\/hd-multimedia.com\/trgovina\/elac-debut-b5-3\/\",\"name\":\"ELAC Debut B5.3 (par) - hd-multimedia\",\"isPartOf\":{\"@id\":\"https:\/\/hd-multimedia.com\/#website\"},\"datePublished\":\"2024-10-14T07:41:40+00:00\",\"dateModified\":\"2026-02-23T13:17:57+00:00\",\"description\":\"ELAC Debut B5.3 zvu\u010dnici lako se uklapaju u svaki prostor. Unutarnje oja\u010danje dodatno smanjuje vibracije i pobolj\u0161ava kvalitetu zvuka.\",\"breadcrumb\":{\"@id\":\"https:\/\/hd-multimedia.com\/trgovina\/elac-debut-b5-3\/#breadcrumb\"},\"inLanguage\":\"en-GB\",\"potentialAction\":[{\"@type\":\"ReadAction\",\"target\":[\"https:\/\/hd-multimedia.com\/trgovina\/elac-debut-b5-3\/\"]}]},{\"@type\":\"BreadcrumbList\",\"@id\":\"https:\/\/hd-multimedia.com\/trgovina\/elac-debut-b5-3\/#breadcrumb\",\"itemListElement\":[{\"@type\":\"ListItem\",\"position\":1,\"name\":\"Po\u010detna stranica\",\"item\":\"https:\/\/hd-multimedia.com\/\"},{\"@type\":\"ListItem\",\"position\":2,\"name\":\"Trgovina\",\"item\":\"https:\/\/hd-multimedia.com\/trgovina\/\"},{\"@type\":\"ListItem\",\"position\":3,\"name\":\"ELAC Debut B5.3 (par)\"}]},{\"@type\":\"WebSite\",\"@id\":\"https:\/\/hd-multimedia.com\/#website\",\"url\":\"https:\/\/hd-multimedia.com\/\",\"name\":\"hd-multimedia\",\"description\":\"\",\"publisher\":{\"@id\":\"https:\/\/hd-multimedia.com\/#organization\"},\"potentialAction\":[{\"@type\":\"SearchAction\",\"target\":{\"@type\":\"EntryPoint\",\"urlTemplate\":\"https:\/\/hd-multimedia.com\/?s={search_term_string}\"},\"query-input\":\"required name=search_term_string\"}],\"inLanguage\":\"en-GB\"},{\"@type\":\"Organization\",\"@id\":\"https:\/\/hd-multimedia.com\/#organization\",\"name\":\"hd-multimedia\",\"url\":\"https:\/\/hd-multimedia.com\/\",\"logo\":{\"@type\":\"ImageObject\",\"inLanguage\":\"en-GB\",\"@id\":\"https:\/\/hd-multimedia.com\/#\/schema\/logo\/image\/\",\"url\":\"https:\/\/hd-multimedia.com\/hdm_media\/HD-curves-ok-196-56px-alpha-1.png\",\"contentUrl\":\"https:\/\/hd-multimedia.com\/hdm_media\/HD-curves-ok-196-56px-alpha-1.png\",\"width\":196,\"height\":53,\"caption\":\"hd-multimedia\"},\"image\":{\"@id\":\"https:\/\/hd-multimedia.com\/#\/schema\/logo\/image\/\"}}]}<\/script>\n<!-- \/ Yoast SEO plugin. -->","yoast_head_json":{"title":"ELAC Debut B5.3 (par) - hd-multimedia","description":"ELAC Debut B5.3 zvu\u010dnici lako se uklapaju u svaki prostor. Unutarnje oja\u010danje dodatno smanjuje vibracije i pobolj\u0161ava kvalitetu zvuka.","robots":{"index":"index","follow":"follow","max-snippet":"max-snippet:-1","max-image-preview":"max-image-preview:large","max-video-preview":"max-video-preview:-1"},"canonical":"https:\/\/hd-multimedia.com\/en\/trgovina\/elac-debut-b5-3\/","og_locale":"en_GB","og_type":"article","og_title":"ELAC Debut B5.3 (par) - hd-multimedia","og_description":"ELAC Debut B5.3 zvu\u010dnici lako se uklapaju u svaki prostor. Unutarnje oja\u010danje dodatno smanjuje vibracije i pobolj\u0161ava kvalitetu zvuka.","og_url":"https:\/\/hd-multimedia.com\/en\/trgovina\/elac-debut-b5-3\/","og_site_name":"hd-multimedia","article_modified_time":"2026-02-23T13:17:57+00:00","og_image":[{"width":900,"height":900,"url":"https:\/\/hd-multimedia.com\/hdm_media\/Debut-V3.1570_1-e1728892134131.webp","type":"image\/webp"}],"twitter_card":"summary_large_image","twitter_misc":{"Estimated reading time":"1 minute"},"schema":{"@context":"https:\/\/schema.org","@graph":[{"@type":"WebPage","@id":"https:\/\/hd-multimedia.com\/trgovina\/elac-debut-b5-3\/","url":"https:\/\/hd-multimedia.com\/trgovina\/elac-debut-b5-3\/","name":"ELAC Debut B5.3 (par) - hd-multimedia","isPartOf":{"@id":"https:\/\/hd-multimedia.com\/#website"},"datePublished":"2024-10-14T07:41:40+00:00","dateModified":"2026-02-23T13:17:57+00:00","description":"ELAC Debut B5.3 zvu\u010dnici lako se uklapaju u svaki prostor. Unutarnje oja\u010danje dodatno smanjuje vibracije i pobolj\u0161ava kvalitetu zvuka.","breadcrumb":{"@id":"https:\/\/hd-multimedia.com\/trgovina\/elac-debut-b5-3\/#breadcrumb"},"inLanguage":"en-GB","potentialAction":[{"@type":"ReadAction","target":["https:\/\/hd-multimedia.com\/trgovina\/elac-debut-b5-3\/"]}]},{"@type":"BreadcrumbList","@id":"https:\/\/hd-multimedia.com\/trgovina\/elac-debut-b5-3\/#breadcrumb","itemListElement":[{"@type":"ListItem","position":1,"name":"Po\u010detna stranica","item":"https:\/\/hd-multimedia.com\/"},{"@type":"ListItem","position":2,"name":"Trgovina","item":"https:\/\/hd-multimedia.com\/trgovina\/"},{"@type":"ListItem","position":3,"name":"ELAC Debut B5.3 (par)"}]},{"@type":"WebSite","@id":"https:\/\/hd-multimedia.com\/#website","url":"https:\/\/hd-multimedia.com\/","name":"hd-multimedia","description":"","publisher":{"@id":"https:\/\/hd-multimedia.com\/#organization"},"potentialAction":[{"@type":"SearchAction","target":{"@type":"EntryPoint","urlTemplate":"https:\/\/hd-multimedia.com\/?s={search_term_string}"},"query-input":"required name=search_term_string"}],"inLanguage":"en-GB"},{"@type":"Organization","@id":"https:\/\/hd-multimedia.com\/#organization","name":"hd-multimedia","url":"https:\/\/hd-multimedia.com\/","logo":{"@type":"ImageObject","inLanguage":"en-GB","@id":"https:\/\/hd-multimedia.com\/#\/schema\/logo\/image\/","url":"https:\/\/hd-multimedia.com\/hdm_media\/HD-curves-ok-196-56px-alpha-1.png","contentUrl":"https:\/\/hd-multimedia.com\/hdm_media\/HD-curves-ok-196-56px-alpha-1.png","width":196,"height":53,"caption":"hd-multimedia"},"image":{"@id":"https:\/\/hd-multimedia.com\/#\/schema\/logo\/image\/"}}]}},"post_mailing_queue_ids":[],"_links":{"self":[{"href":"https:\/\/hd-multimedia.com\/en\/wp-json\/wp\/v2\/product\/16917","targetHints":{"allow":["GET"]}}],"collection":[{"href":"https:\/\/hd-multimedia.com\/en\/wp-json\/wp\/v2\/product"}],"about":[{"href":"https:\/\/hd-multimedia.com\/en\/wp-json\/wp\/v2\/types\/product"}],"version-history":[{"count":9,"href":"https:\/\/hd-multimedia.com\/en\/wp-json\/wp\/v2\/product\/16917\/revisions"}],"predecessor-version":[{"id":18340,"href":"https:\/\/hd-multimedia.com\/en\/wp-json\/wp\/v2\/product\/16917\/revisions\/18340"}],"wp:featuredmedia":[{"embeddable":true,"href":"https:\/\/hd-multimedia.com\/en\/wp-json\/wp\/v2\/media\/16920"}],"wp:attachment":[{"href":"https:\/\/hd-multimedia.com\/en\/wp-json\/wp\/v2\/media?parent=16917"}],"curies":[{"name":"wp","href":"https:\/\/api.w.org\/{rel}","templated":true}]}}