{"id":16880,"date":"2024-10-02T08:05:18","date_gmt":"2024-10-02T08:05:18","guid":{"rendered":"https:\/\/hd-multimedia.com\/?post_type=product&#038;p=16880"},"modified":"2024-10-03T12:34:58","modified_gmt":"2024-10-03T12:34:58","slug":"cayin-cs-100a-kt88","status":"publish","type":"product","link":"https:\/\/hd-multimedia.com\/en\/trgovina\/cayin-cs-100a-kt88\/","title":{"rendered":"Cayin CS-100A (KT88)"},"content":{"rendered":"<div class=\"flex-shrink-0 flex flex-col relative items-end\">\n<div>\n<div class=\"pt-0\">\n<div class=\"gizmo-bot-avatar flex h-8 w-8 items-center justify-center overflow-hidden rounded-full\">\n<div class=\"relative p-1 rounded-sm flex items-center justify-center bg-token-main-surface-primary text-token-text-primary h-8 w-8\"><span style=\"font-size: 16px\">Vrsta ure\u0111aja: Integrirano poja\u010dalo s konfiguracijama Triode i Ultralinear<\/span><\/div>\n<\/div>\n<\/div>\n<\/div>\n<\/div>\n<div class=\"group\/conversation-turn relative flex w-full min-w-0 flex-col agent-turn\">\n<div class=\"flex-col gap-1 md:gap-3\">\n<div class=\"flex max-w-full flex-col flex-grow\">\n<div class=\"min-h-8 text-message flex w-full flex-col items-end gap-2 whitespace-normal break-words [.text-message+&amp;]:mt-5\" dir=\"auto\" data-message-author-role=\"assistant\" data-message-id=\"99ffc29e-3e27-40b6-9f01-08ed4c16570f\">\n<div class=\"flex w-full flex-col gap-1 empty:hidden first:pt-[3px]\">\n<div class=\"markdown prose w-full break-words dark:prose-invert dark\">\n<p>Frekvencijski odziv: 8Hz-75kHz (-3dB)<br \/>\nHarmoni\u010dko izobli\u010denje (THD): 1% (1kHz)<br \/>\nOmjer signal-\u0161um: 92 dB<br \/>\nUlazna impedancija: 100K<br \/>\nOsjetljivost ulaza: 450 mV linijski ulaz, 1300 mV pre-in<br \/>\nCijevi: 6SN7 \u00d7 1, 12BH7EH \u00d7 2, 12AU7EH \u00d7 2, KT88 \u00d7 8<br \/>\nUlazi: Linija 1, Linija 2, Linija 3, Pre-In<br \/>\nKrug: Klasa A \/ B<br \/>\nBoja ku\u0107i\u0161ta: Antracit metalik<br \/>\nPrednja plo\u010da: Srebrna ili crna<br \/>\nKrug: Klasa A \/ B<br \/>\nIzlazna snaga (RMS) na 4 i 8: KT88: 50W + 50W Triode, 80W + 80W Ultralinear<br \/>\nMaksimalna potro\u0161nja energije: 480W<br \/>\nDimenzije (\u0160 x D x V): 420mm \u00d7 394mm \u00d7 200mm<br \/>\nTe\u017eina: 30kg<br \/>\nOprema: Daljinski upravlja\u010d, integrirani mjera\u010d pristranosti<\/p>\n<\/div>\n<\/div>\n<\/div>\n<\/div>\n<\/div>\n<\/div>\n","protected":false},"excerpt":{"rendered":"<p>The new Cayin Audio CS-100A dual-mode tube amplifier delivers 80 watts per channel in Class AB Ultra-linear mode and 50 watts per channel in triode mode. Designed for flexibility, it features a built-in bias meter and can operate with KT-88 or EL family tubes, connected via internal silver wiring for optimal performance. The amplifier uses a 6SN7 tube for voltage amplification, 12AU7EH for phase inversion and voltage amplification, and 12BH7EH for the drive stages, with KT-88 or EL-34 output valves. A soft-start circuit protects internal components and extends tube life, while premium components such as a high-quality Alps volume control, audio capacitors, carbon film resistors, and high-power transformers ensure superior sound quality and longevity.<\/p>\n<p><a href=\"https:\/\/en.cayin.cn\/features\/8\/57\/73\/360.html\" target=\"_blank\" rel=\"noopener\">Link for additional product information!<\/a><\/p>","protected":false},"featured_media":16889,"template":"","meta":{"site-sidebar-layout":"default","site-content-layout":"","ast-site-content-layout":"default","site-content-style":"default","site-sidebar-style":"default","ast-global-header-display":"","ast-banner-title-visibility":"","ast-main-header-display":"","ast-hfb-above-header-display":"","ast-hfb-below-header-display":"","ast-hfb-mobile-header-display":"","site-post-title":"","ast-breadcrumbs-content":"","ast-featured-img":"","footer-sml-layout":"","theme-transparent-header-meta":"default","adv-header-id-meta":"","stick-header-meta":"default","header-above-stick-meta":"","header-main-stick-meta":"","header-below-stick-meta":"","astra-migrate-meta-layouts":"set","ast-page-background-enabled":"default","ast-page-background-meta":{"desktop":{"background-color":"","background-image":"","background-repeat":"repeat","background-position":"center center","background-size":"auto","background-attachment":"scroll","background-type":"","background-media":"","overlay-type":"","overlay-color":"","overlay-opacity":"","overlay-gradient":""},"tablet":{"background-color":"","background-image":"","background-repeat":"repeat","background-position":"center center","background-size":"auto","background-attachment":"scroll","background-type":"","background-media":"","overlay-type":"","overlay-color":"","overlay-opacity":"","overlay-gradient":""},"mobile":{"background-color":"","background-image":"","background-repeat":"repeat","background-position":"center center","background-size":"auto","background-attachment":"scroll","background-type":"","background-media":"","overlay-type":"","overlay-color":"","overlay-opacity":"","overlay-gradient":""}},"ast-content-background-meta":{"desktop":{"background-color":"var(--ast-global-color-5)","background-image":"","background-repeat":"repeat","background-position":"center center","background-size":"auto","background-attachment":"scroll","background-type":"","background-media":"","overlay-type":"","overlay-color":"","overlay-opacity":"","overlay-gradient":""},"tablet":{"background-color":"var(--ast-global-color-5)","background-image":"","background-repeat":"repeat","background-position":"center center","background-size":"auto","background-attachment":"scroll","background-type":"","background-media":"","overlay-type":"","overlay-color":"","overlay-opacity":"","overlay-gradient":""},"mobile":{"background-color":"var(--ast-global-color-5)","background-image":"","background-repeat":"repeat","background-position":"center center","background-size":"auto","background-attachment":"scroll","background-type":"","background-media":"","overlay-type":"","overlay-color":"","overlay-opacity":"","overlay-gradient":""}}},"class_list":["post-16880","product","type-product","status-publish","has-post-thumbnail","hentry","product_cat-cayin","product_cat-integrirana-pojacala","desktop-align-center","tablet-align-center","mobile-align-center","ast-product-gallery-layout-horizontal","ast-magnify-disabled","ast-product-tabs-layout-horizontal"],"yoast_head":"<!-- This site is optimized with the Yoast SEO plugin v27.5 - https:\/\/yoast.com\/product\/yoast-seo-wordpress\/ -->\n<title>Cayin CS-100A (KT88) - hd-multimedia<\/title>\n<meta name=\"description\" content=\"Novi Cayin Audio CS-100A cijevni poja\u010dalo s dvostrukim na\u010dinom rada pru\u017ea 80 vata po kanalu u Class AB Ultra-linear modu i 50 vata po kanalu u triode modu.\" \/>\n<meta name=\"robots\" content=\"index, follow, max-snippet:-1, max-image-preview:large, max-video-preview:-1\" \/>\n<link rel=\"canonical\" href=\"https:\/\/hd-multimedia.com\/en\/trgovina\/cayin-cs-100a-kt88\/\" \/>\n<meta property=\"og:locale\" content=\"en_GB\" \/>\n<meta property=\"og:type\" content=\"article\" \/>\n<meta property=\"og:title\" content=\"Cayin CS-100A (KT88) - hd-multimedia\" \/>\n<meta property=\"og:description\" content=\"Novi Cayin Audio CS-100A cijevni poja\u010dalo s dvostrukim na\u010dinom rada pru\u017ea 80 vata po kanalu u Class AB Ultra-linear modu i 50 vata po kanalu u triode modu.\" \/>\n<meta property=\"og:url\" content=\"https:\/\/hd-multimedia.com\/en\/trgovina\/cayin-cs-100a-kt88\/\" \/>\n<meta property=\"og:site_name\" content=\"hd-multimedia\" \/>\n<meta property=\"article:modified_time\" content=\"2024-10-03T12:34:58+00:00\" \/>\n<meta property=\"og:image\" content=\"https:\/\/hd-multimedia.com\/hdm_media\/1640240707363652.png\" \/>\n\t<meta property=\"og:image:width\" content=\"800\" \/>\n\t<meta property=\"og:image:height\" content=\"707\" \/>\n\t<meta property=\"og:image:type\" content=\"image\/png\" \/>\n<meta name=\"twitter:card\" content=\"summary_large_image\" \/>\n<meta name=\"twitter:label1\" content=\"Estimated reading time\" \/>\n\t<meta name=\"twitter:data1\" content=\"1 minute\" \/>\n<script type=\"application\/ld+json\" class=\"yoast-schema-graph\">{\"@context\":\"https:\\\/\\\/schema.org\",\"@graph\":[{\"@type\":\"WebPage\",\"@id\":\"https:\\\/\\\/hd-multimedia.com\\\/trgovina\\\/cayin-cs-100a-kt88\\\/\",\"url\":\"https:\\\/\\\/hd-multimedia.com\\\/trgovina\\\/cayin-cs-100a-kt88\\\/\",\"name\":\"Cayin CS-100A (KT88) - hd-multimedia\",\"isPartOf\":{\"@id\":\"https:\\\/\\\/hd-multimedia.com\\\/#website\"},\"primaryImageOfPage\":{\"@id\":\"https:\\\/\\\/hd-multimedia.com\\\/trgovina\\\/cayin-cs-100a-kt88\\\/#primaryimage\"},\"image\":{\"@id\":\"https:\\\/\\\/hd-multimedia.com\\\/trgovina\\\/cayin-cs-100a-kt88\\\/#primaryimage\"},\"thumbnailUrl\":\"https:\\\/\\\/hd-multimedia.com\\\/hdm_media\\\/1640240707363652.png\",\"datePublished\":\"2024-10-02T08:05:18+00:00\",\"dateModified\":\"2024-10-03T12:34:58+00:00\",\"description\":\"Novi Cayin Audio CS-100A cijevni poja\u010dalo s dvostrukim na\u010dinom rada pru\u017ea 80 vata po kanalu u Class AB Ultra-linear modu i 50 vata po kanalu u triode modu.\",\"breadcrumb\":{\"@id\":\"https:\\\/\\\/hd-multimedia.com\\\/trgovina\\\/cayin-cs-100a-kt88\\\/#breadcrumb\"},\"inLanguage\":\"en-GB\",\"potentialAction\":[{\"@type\":\"ReadAction\",\"target\":[\"https:\\\/\\\/hd-multimedia.com\\\/trgovina\\\/cayin-cs-100a-kt88\\\/\"]}]},{\"@type\":\"ImageObject\",\"inLanguage\":\"en-GB\",\"@id\":\"https:\\\/\\\/hd-multimedia.com\\\/trgovina\\\/cayin-cs-100a-kt88\\\/#primaryimage\",\"url\":\"https:\\\/\\\/hd-multimedia.com\\\/hdm_media\\\/1640240707363652.png\",\"contentUrl\":\"https:\\\/\\\/hd-multimedia.com\\\/hdm_media\\\/1640240707363652.png\",\"width\":800,\"height\":707,\"caption\":\"Cayin CS-100A (KT88)\"},{\"@type\":\"BreadcrumbList\",\"@id\":\"https:\\\/\\\/hd-multimedia.com\\\/trgovina\\\/cayin-cs-100a-kt88\\\/#breadcrumb\",\"itemListElement\":[{\"@type\":\"ListItem\",\"position\":1,\"name\":\"Po\u010detna stranica\",\"item\":\"https:\\\/\\\/hd-multimedia.com\\\/\"},{\"@type\":\"ListItem\",\"position\":2,\"name\":\"Trgovina\",\"item\":\"https:\\\/\\\/hd-multimedia.com\\\/trgovina\\\/\"},{\"@type\":\"ListItem\",\"position\":3,\"name\":\"Cayin CS-100A (KT88)\"}]},{\"@type\":\"WebSite\",\"@id\":\"https:\\\/\\\/hd-multimedia.com\\\/#website\",\"url\":\"https:\\\/\\\/hd-multimedia.com\\\/\",\"name\":\"hd-multimedia\",\"description\":\"\",\"publisher\":{\"@id\":\"https:\\\/\\\/hd-multimedia.com\\\/#organization\"},\"potentialAction\":[{\"@type\":\"SearchAction\",\"target\":{\"@type\":\"EntryPoint\",\"urlTemplate\":\"https:\\\/\\\/hd-multimedia.com\\\/?s={search_term_string}\"},\"query-input\":{\"@type\":\"PropertyValueSpecification\",\"valueRequired\":true,\"valueName\":\"search_term_string\"}}],\"inLanguage\":\"en-GB\"},{\"@type\":\"Organization\",\"@id\":\"https:\\\/\\\/hd-multimedia.com\\\/#organization\",\"name\":\"hd-multimedia\",\"url\":\"https:\\\/\\\/hd-multimedia.com\\\/\",\"logo\":{\"@type\":\"ImageObject\",\"inLanguage\":\"en-GB\",\"@id\":\"https:\\\/\\\/hd-multimedia.com\\\/#\\\/schema\\\/logo\\\/image\\\/\",\"url\":\"https:\\\/\\\/hd-multimedia.com\\\/hdm_media\\\/HD-curves-ok-196-56px-alpha-1.png\",\"contentUrl\":\"https:\\\/\\\/hd-multimedia.com\\\/hdm_media\\\/HD-curves-ok-196-56px-alpha-1.png\",\"width\":196,\"height\":53,\"caption\":\"hd-multimedia\"},\"image\":{\"@id\":\"https:\\\/\\\/hd-multimedia.com\\\/#\\\/schema\\\/logo\\\/image\\\/\"}}]}<\/script>\n<!-- \/ Yoast SEO plugin. -->","yoast_head_json":{"title":"Cayin CS-100A (KT88) - hd-multimedia","description":"Novi Cayin Audio CS-100A cijevni poja\u010dalo s dvostrukim na\u010dinom rada pru\u017ea 80 vata po kanalu u Class AB Ultra-linear modu i 50 vata po kanalu u triode modu.","robots":{"index":"index","follow":"follow","max-snippet":"max-snippet:-1","max-image-preview":"max-image-preview:large","max-video-preview":"max-video-preview:-1"},"canonical":"https:\/\/hd-multimedia.com\/en\/trgovina\/cayin-cs-100a-kt88\/","og_locale":"en_GB","og_type":"article","og_title":"Cayin CS-100A (KT88) - hd-multimedia","og_description":"Novi Cayin Audio CS-100A cijevni poja\u010dalo s dvostrukim na\u010dinom rada pru\u017ea 80 vata po kanalu u Class AB Ultra-linear modu i 50 vata po kanalu u triode modu.","og_url":"https:\/\/hd-multimedia.com\/en\/trgovina\/cayin-cs-100a-kt88\/","og_site_name":"hd-multimedia","article_modified_time":"2024-10-03T12:34:58+00:00","og_image":[{"width":800,"height":707,"url":"https:\/\/hd-multimedia.com\/hdm_media\/1640240707363652.png","type":"image\/png"}],"twitter_card":"summary_large_image","twitter_misc":{"Estimated reading time":"1 minute"},"schema":{"@context":"https:\/\/schema.org","@graph":[{"@type":"WebPage","@id":"https:\/\/hd-multimedia.com\/trgovina\/cayin-cs-100a-kt88\/","url":"https:\/\/hd-multimedia.com\/trgovina\/cayin-cs-100a-kt88\/","name":"Cayin CS-100A (KT88) - hd-multimedia","isPartOf":{"@id":"https:\/\/hd-multimedia.com\/#website"},"primaryImageOfPage":{"@id":"https:\/\/hd-multimedia.com\/trgovina\/cayin-cs-100a-kt88\/#primaryimage"},"image":{"@id":"https:\/\/hd-multimedia.com\/trgovina\/cayin-cs-100a-kt88\/#primaryimage"},"thumbnailUrl":"https:\/\/hd-multimedia.com\/hdm_media\/1640240707363652.png","datePublished":"2024-10-02T08:05:18+00:00","dateModified":"2024-10-03T12:34:58+00:00","description":"Novi Cayin Audio CS-100A cijevni poja\u010dalo s dvostrukim na\u010dinom rada pru\u017ea 80 vata po kanalu u Class AB Ultra-linear modu i 50 vata po kanalu u triode modu.","breadcrumb":{"@id":"https:\/\/hd-multimedia.com\/trgovina\/cayin-cs-100a-kt88\/#breadcrumb"},"inLanguage":"en-GB","potentialAction":[{"@type":"ReadAction","target":["https:\/\/hd-multimedia.com\/trgovina\/cayin-cs-100a-kt88\/"]}]},{"@type":"ImageObject","inLanguage":"en-GB","@id":"https:\/\/hd-multimedia.com\/trgovina\/cayin-cs-100a-kt88\/#primaryimage","url":"https:\/\/hd-multimedia.com\/hdm_media\/1640240707363652.png","contentUrl":"https:\/\/hd-multimedia.com\/hdm_media\/1640240707363652.png","width":800,"height":707,"caption":"Cayin CS-100A (KT88)"},{"@type":"BreadcrumbList","@id":"https:\/\/hd-multimedia.com\/trgovina\/cayin-cs-100a-kt88\/#breadcrumb","itemListElement":[{"@type":"ListItem","position":1,"name":"Po\u010detna stranica","item":"https:\/\/hd-multimedia.com\/"},{"@type":"ListItem","position":2,"name":"Trgovina","item":"https:\/\/hd-multimedia.com\/trgovina\/"},{"@type":"ListItem","position":3,"name":"Cayin CS-100A (KT88)"}]},{"@type":"WebSite","@id":"https:\/\/hd-multimedia.com\/#website","url":"https:\/\/hd-multimedia.com\/","name":"hd multimedia","description":"","publisher":{"@id":"https:\/\/hd-multimedia.com\/#organization"},"potentialAction":[{"@type":"SearchAction","target":{"@type":"EntryPoint","urlTemplate":"https:\/\/hd-multimedia.com\/?s={search_term_string}"},"query-input":{"@type":"PropertyValueSpecification","valueRequired":true,"valueName":"search_term_string"}}],"inLanguage":"en-GB"},{"@type":"Organization","@id":"https:\/\/hd-multimedia.com\/#organization","name":"hd multimedia","url":"https:\/\/hd-multimedia.com\/","logo":{"@type":"ImageObject","inLanguage":"en-GB","@id":"https:\/\/hd-multimedia.com\/#\/schema\/logo\/image\/","url":"https:\/\/hd-multimedia.com\/hdm_media\/HD-curves-ok-196-56px-alpha-1.png","contentUrl":"https:\/\/hd-multimedia.com\/hdm_media\/HD-curves-ok-196-56px-alpha-1.png","width":196,"height":53,"caption":"hd-multimedia"},"image":{"@id":"https:\/\/hd-multimedia.com\/#\/schema\/logo\/image\/"}}]}},"post_mailing_queue_ids":[],"_links":{"self":[{"href":"https:\/\/hd-multimedia.com\/en\/wp-json\/wp\/v2\/product\/16880","targetHints":{"allow":["GET"]}}],"collection":[{"href":"https:\/\/hd-multimedia.com\/en\/wp-json\/wp\/v2\/product"}],"about":[{"href":"https:\/\/hd-multimedia.com\/en\/wp-json\/wp\/v2\/types\/product"}],"version-history":[{"count":5,"href":"https:\/\/hd-multimedia.com\/en\/wp-json\/wp\/v2\/product\/16880\/revisions"}],"predecessor-version":[{"id":16893,"href":"https:\/\/hd-multimedia.com\/en\/wp-json\/wp\/v2\/product\/16880\/revisions\/16893"}],"wp:featuredmedia":[{"embeddable":true,"href":"https:\/\/hd-multimedia.com\/en\/wp-json\/wp\/v2\/media\/16889"}],"wp:attachment":[{"href":"https:\/\/hd-multimedia.com\/en\/wp-json\/wp\/v2\/media?parent=16880"}],"curies":[{"name":"wp","href":"https:\/\/api.w.org\/{rel}","templated":true}]}}