{"id":16876,"date":"2024-10-02T07:44:44","date_gmt":"2024-10-02T07:44:44","guid":{"rendered":"https:\/\/hd-multimedia.com\/?post_type=product&#038;p=16876"},"modified":"2024-10-03T12:35:13","modified_gmt":"2024-10-03T12:35:13","slug":"cayin-idap-8","status":"publish","type":"product","link":"https:\/\/hd-multimedia.com\/en\/trgovina\/cayin-idap-8\/","title":{"rendered":"Cayin iDap-8"},"content":{"rendered":"<p>Its versatility includes support for 2.5-inch SATA hard drives up to 4TB, and control is possible via the HiByCast or HiByLink apps from your Android or iOS device. Whether via HDMI or S\/PDIF output, this streamer ensures crystal-clear signal transmission to high-end DACs, giving audiophiles an unparalleled, flexible and enjoyable streaming experience.<\/p>","protected":false},"excerpt":{"rendered":"<p>The iDAP-8 is a powerful desktop digital music streamer designed to seamlessly play music from a variety of sources, including Wi-Fi, Bluetooth, hard drives, USB and SD cards. More than just a music server or streamer, the iDAP-8 combines cutting-edge technology with superior sound quality to enhance your listening experience. Powered by the Android 9 operating system and a powerful Snapdragon 660 processor, it enables easy app integration via the Google Play Store, with native support for streaming services like Apple Music and Tidal Hi-Res Lossless. With an intelligent FPGA architecture that generates native I2S signals and high-quality components like a 45W toroidal transformer, the iDAP-8 delivers outstanding audio performance.<\/p>\n<p><a href=\"https:\/\/en.cayin.cn\/features\/7\/59\/620.html\" target=\"_blank\" rel=\"noopener\">Link for additional product information!<\/a><\/p>","protected":false},"featured_media":16883,"template":"","meta":{"site-sidebar-layout":"default","site-content-layout":"","ast-site-content-layout":"default","site-content-style":"default","site-sidebar-style":"default","ast-global-header-display":"","ast-banner-title-visibility":"","ast-main-header-display":"","ast-hfb-above-header-display":"","ast-hfb-below-header-display":"","ast-hfb-mobile-header-display":"","site-post-title":"","ast-breadcrumbs-content":"","ast-featured-img":"","footer-sml-layout":"","theme-transparent-header-meta":"default","adv-header-id-meta":"","stick-header-meta":"default","header-above-stick-meta":"","header-main-stick-meta":"","header-below-stick-meta":"","astra-migrate-meta-layouts":"set","ast-page-background-enabled":"default","ast-page-background-meta":{"desktop":{"background-color":"","background-image":"","background-repeat":"repeat","background-position":"center center","background-size":"auto","background-attachment":"scroll","background-type":"","background-media":"","overlay-type":"","overlay-color":"","overlay-opacity":"","overlay-gradient":""},"tablet":{"background-color":"","background-image":"","background-repeat":"repeat","background-position":"center center","background-size":"auto","background-attachment":"scroll","background-type":"","background-media":"","overlay-type":"","overlay-color":"","overlay-opacity":"","overlay-gradient":""},"mobile":{"background-color":"","background-image":"","background-repeat":"repeat","background-position":"center center","background-size":"auto","background-attachment":"scroll","background-type":"","background-media":"","overlay-type":"","overlay-color":"","overlay-opacity":"","overlay-gradient":""}},"ast-content-background-meta":{"desktop":{"background-color":"var(--ast-global-color-5)","background-image":"","background-repeat":"repeat","background-position":"center center","background-size":"auto","background-attachment":"scroll","background-type":"","background-media":"","overlay-type":"","overlay-color":"","overlay-opacity":"","overlay-gradient":""},"tablet":{"background-color":"var(--ast-global-color-5)","background-image":"","background-repeat":"repeat","background-position":"center center","background-size":"auto","background-attachment":"scroll","background-type":"","background-media":"","overlay-type":"","overlay-color":"","overlay-opacity":"","overlay-gradient":""},"mobile":{"background-color":"var(--ast-global-color-5)","background-image":"","background-repeat":"repeat","background-position":"center center","background-size":"auto","background-attachment":"scroll","background-type":"","background-media":"","overlay-type":"","overlay-color":"","overlay-opacity":"","overlay-gradient":""}}},"class_list":["post-16876","product","type-product","status-publish","has-post-thumbnail","hentry","product_cat-cayin","product_cat-streameri","desktop-align-center","tablet-align-center","mobile-align-center","ast-product-gallery-layout-horizontal","ast-magnify-disabled","ast-product-tabs-layout-horizontal"],"yoast_head":"<!-- This site is optimized with the Yoast SEO plugin v21.4 - https:\/\/yoast.com\/wordpress\/plugins\/seo\/ -->\n<title>Cayin iDap-8 - hd-multimedia<\/title>\n<meta name=\"description\" content=\"iDAP-8 je sna\u017ean stolni digitalni glazbeni streamer dizajniran za besprijekornu reprodukciju glazbe s raznih izvora, uklju\u010duju\u0107i Wi-Fi, Bluetooth, tvrde diskove, USB i SD kartice.\" \/>\n<meta name=\"robots\" content=\"index, follow, max-snippet:-1, max-image-preview:large, max-video-preview:-1\" \/>\n<link rel=\"canonical\" href=\"https:\/\/hd-multimedia.com\/en\/trgovina\/cayin-idap-8\/\" \/>\n<meta property=\"og:locale\" content=\"en_GB\" \/>\n<meta property=\"og:type\" content=\"article\" \/>\n<meta property=\"og:title\" content=\"Cayin iDap-8 - hd-multimedia\" \/>\n<meta property=\"og:description\" content=\"iDAP-8 je sna\u017ean stolni digitalni glazbeni streamer dizajniran za besprijekornu reprodukciju glazbe s raznih izvora, uklju\u010duju\u0107i Wi-Fi, Bluetooth, tvrde diskove, USB i SD kartice.\" \/>\n<meta property=\"og:url\" content=\"https:\/\/hd-multimedia.com\/en\/trgovina\/cayin-idap-8\/\" \/>\n<meta property=\"og:site_name\" content=\"hd-multimedia\" \/>\n<meta property=\"article:modified_time\" content=\"2024-10-03T12:35:13+00:00\" \/>\n<meta property=\"og:image\" content=\"https:\/\/hd-multimedia.com\/hdm_media\/IDAP-8_seite_r_2000px-e1727858569629.jpg\" \/>\n\t<meta property=\"og:image:width\" content=\"1460\" \/>\n\t<meta property=\"og:image:height\" content=\"1460\" \/>\n\t<meta property=\"og:image:type\" content=\"image\/jpeg\" \/>\n<meta name=\"twitter:card\" content=\"summary_large_image\" \/>\n<meta name=\"twitter:label1\" content=\"Estimated reading time\" \/>\n\t<meta name=\"twitter:data1\" content=\"1 minute\" \/>\n<script type=\"application\/ld+json\" class=\"yoast-schema-graph\">{\"@context\":\"https:\/\/schema.org\",\"@graph\":[{\"@type\":\"WebPage\",\"@id\":\"https:\/\/hd-multimedia.com\/trgovina\/cayin-idap-8\/\",\"url\":\"https:\/\/hd-multimedia.com\/trgovina\/cayin-idap-8\/\",\"name\":\"Cayin iDap-8 - hd-multimedia\",\"isPartOf\":{\"@id\":\"https:\/\/hd-multimedia.com\/#website\"},\"datePublished\":\"2024-10-02T07:44:44+00:00\",\"dateModified\":\"2024-10-03T12:35:13+00:00\",\"description\":\"iDAP-8 je sna\u017ean stolni digitalni glazbeni streamer dizajniran za besprijekornu reprodukciju glazbe s raznih izvora, uklju\u010duju\u0107i Wi-Fi, Bluetooth, tvrde diskove, USB i SD kartice.\",\"breadcrumb\":{\"@id\":\"https:\/\/hd-multimedia.com\/trgovina\/cayin-idap-8\/#breadcrumb\"},\"inLanguage\":\"en-GB\",\"potentialAction\":[{\"@type\":\"ReadAction\",\"target\":[\"https:\/\/hd-multimedia.com\/trgovina\/cayin-idap-8\/\"]}]},{\"@type\":\"BreadcrumbList\",\"@id\":\"https:\/\/hd-multimedia.com\/trgovina\/cayin-idap-8\/#breadcrumb\",\"itemListElement\":[{\"@type\":\"ListItem\",\"position\":1,\"name\":\"Po\u010detna stranica\",\"item\":\"https:\/\/hd-multimedia.com\/\"},{\"@type\":\"ListItem\",\"position\":2,\"name\":\"Trgovina\",\"item\":\"https:\/\/hd-multimedia.com\/trgovina\/\"},{\"@type\":\"ListItem\",\"position\":3,\"name\":\"Cayin iDap-8\"}]},{\"@type\":\"WebSite\",\"@id\":\"https:\/\/hd-multimedia.com\/#website\",\"url\":\"https:\/\/hd-multimedia.com\/\",\"name\":\"hd-multimedia\",\"description\":\"\",\"publisher\":{\"@id\":\"https:\/\/hd-multimedia.com\/#organization\"},\"potentialAction\":[{\"@type\":\"SearchAction\",\"target\":{\"@type\":\"EntryPoint\",\"urlTemplate\":\"https:\/\/hd-multimedia.com\/?s={search_term_string}\"},\"query-input\":\"required name=search_term_string\"}],\"inLanguage\":\"en-GB\"},{\"@type\":\"Organization\",\"@id\":\"https:\/\/hd-multimedia.com\/#organization\",\"name\":\"hd-multimedia\",\"url\":\"https:\/\/hd-multimedia.com\/\",\"logo\":{\"@type\":\"ImageObject\",\"inLanguage\":\"en-GB\",\"@id\":\"https:\/\/hd-multimedia.com\/#\/schema\/logo\/image\/\",\"url\":\"https:\/\/hd-multimedia.com\/hdm_media\/HD-curves-ok-196-56px-alpha-1.png\",\"contentUrl\":\"https:\/\/hd-multimedia.com\/hdm_media\/HD-curves-ok-196-56px-alpha-1.png\",\"width\":196,\"height\":53,\"caption\":\"hd-multimedia\"},\"image\":{\"@id\":\"https:\/\/hd-multimedia.com\/#\/schema\/logo\/image\/\"}}]}<\/script>\n<!-- \/ Yoast SEO plugin. -->","yoast_head_json":{"title":"Cayin iDap-8 - hd-multimedia","description":"iDAP-8 je sna\u017ean stolni digitalni glazbeni streamer dizajniran za besprijekornu reprodukciju glazbe s raznih izvora, uklju\u010duju\u0107i Wi-Fi, Bluetooth, tvrde diskove, USB i SD kartice.","robots":{"index":"index","follow":"follow","max-snippet":"max-snippet:-1","max-image-preview":"max-image-preview:large","max-video-preview":"max-video-preview:-1"},"canonical":"https:\/\/hd-multimedia.com\/en\/trgovina\/cayin-idap-8\/","og_locale":"en_GB","og_type":"article","og_title":"Cayin iDap-8 - hd-multimedia","og_description":"iDAP-8 je sna\u017ean stolni digitalni glazbeni streamer dizajniran za besprijekornu reprodukciju glazbe s raznih izvora, uklju\u010duju\u0107i Wi-Fi, Bluetooth, tvrde diskove, USB i SD kartice.","og_url":"https:\/\/hd-multimedia.com\/en\/trgovina\/cayin-idap-8\/","og_site_name":"hd-multimedia","article_modified_time":"2024-10-03T12:35:13+00:00","og_image":[{"width":1460,"height":1460,"url":"https:\/\/hd-multimedia.com\/hdm_media\/IDAP-8_seite_r_2000px-e1727858569629.jpg","type":"image\/jpeg"}],"twitter_card":"summary_large_image","twitter_misc":{"Estimated reading time":"1 minute"},"schema":{"@context":"https:\/\/schema.org","@graph":[{"@type":"WebPage","@id":"https:\/\/hd-multimedia.com\/trgovina\/cayin-idap-8\/","url":"https:\/\/hd-multimedia.com\/trgovina\/cayin-idap-8\/","name":"Cayin iDap-8 - hd-multimedia","isPartOf":{"@id":"https:\/\/hd-multimedia.com\/#website"},"datePublished":"2024-10-02T07:44:44+00:00","dateModified":"2024-10-03T12:35:13+00:00","description":"iDAP-8 je sna\u017ean stolni digitalni glazbeni streamer dizajniran za besprijekornu reprodukciju glazbe s raznih izvora, uklju\u010duju\u0107i Wi-Fi, Bluetooth, tvrde diskove, USB i SD kartice.","breadcrumb":{"@id":"https:\/\/hd-multimedia.com\/trgovina\/cayin-idap-8\/#breadcrumb"},"inLanguage":"en-GB","potentialAction":[{"@type":"ReadAction","target":["https:\/\/hd-multimedia.com\/trgovina\/cayin-idap-8\/"]}]},{"@type":"BreadcrumbList","@id":"https:\/\/hd-multimedia.com\/trgovina\/cayin-idap-8\/#breadcrumb","itemListElement":[{"@type":"ListItem","position":1,"name":"Po\u010detna stranica","item":"https:\/\/hd-multimedia.com\/"},{"@type":"ListItem","position":2,"name":"Trgovina","item":"https:\/\/hd-multimedia.com\/trgovina\/"},{"@type":"ListItem","position":3,"name":"Cayin iDap-8"}]},{"@type":"WebSite","@id":"https:\/\/hd-multimedia.com\/#website","url":"https:\/\/hd-multimedia.com\/","name":"hd-multimedia","description":"","publisher":{"@id":"https:\/\/hd-multimedia.com\/#organization"},"potentialAction":[{"@type":"SearchAction","target":{"@type":"EntryPoint","urlTemplate":"https:\/\/hd-multimedia.com\/?s={search_term_string}"},"query-input":"required name=search_term_string"}],"inLanguage":"en-GB"},{"@type":"Organization","@id":"https:\/\/hd-multimedia.com\/#organization","name":"hd-multimedia","url":"https:\/\/hd-multimedia.com\/","logo":{"@type":"ImageObject","inLanguage":"en-GB","@id":"https:\/\/hd-multimedia.com\/#\/schema\/logo\/image\/","url":"https:\/\/hd-multimedia.com\/hdm_media\/HD-curves-ok-196-56px-alpha-1.png","contentUrl":"https:\/\/hd-multimedia.com\/hdm_media\/HD-curves-ok-196-56px-alpha-1.png","width":196,"height":53,"caption":"hd-multimedia"},"image":{"@id":"https:\/\/hd-multimedia.com\/#\/schema\/logo\/image\/"}}]}},"post_mailing_queue_ids":[],"_links":{"self":[{"href":"https:\/\/hd-multimedia.com\/en\/wp-json\/wp\/v2\/product\/16876","targetHints":{"allow":["GET"]}}],"collection":[{"href":"https:\/\/hd-multimedia.com\/en\/wp-json\/wp\/v2\/product"}],"about":[{"href":"https:\/\/hd-multimedia.com\/en\/wp-json\/wp\/v2\/types\/product"}],"version-history":[{"count":3,"href":"https:\/\/hd-multimedia.com\/en\/wp-json\/wp\/v2\/product\/16876\/revisions"}],"predecessor-version":[{"id":16888,"href":"https:\/\/hd-multimedia.com\/en\/wp-json\/wp\/v2\/product\/16876\/revisions\/16888"}],"wp:featuredmedia":[{"embeddable":true,"href":"https:\/\/hd-multimedia.com\/en\/wp-json\/wp\/v2\/media\/16883"}],"wp:attachment":[{"href":"https:\/\/hd-multimedia.com\/en\/wp-json\/wp\/v2\/media?parent=16876"}],"curies":[{"name":"wp","href":"https:\/\/api.w.org\/{rel}","templated":true}]}}