{"id":16775,"date":"2024-09-26T13:55:48","date_gmt":"2024-09-26T13:55:48","guid":{"rendered":"https:\/\/hd-multimedia.com\/?post_type=product&#038;p=16775"},"modified":"2025-04-15T10:01:25","modified_gmt":"2025-04-15T10:01:25","slug":"fiio-fh19","status":"publish","type":"product","link":"https:\/\/hd-multimedia.com\/en\/trgovina\/fiio-fh19\/","title":{"rendered":"FiiO FH19"},"content":{"rendered":"<p>The FiiO FH19 comes standard with a high-purity pure silver cable. Each of the 8 strands consists of 28 wires, for a total of 224 wires.<\/p>\n<p>It supports 3.5\/4.4mm plugs and has extended stainless steel MMCX plugs.<\/p>\n<p>The FH19 comes with 22 pairs of ear tips of different shapes and sizes to give you a comfortable listening experience.<\/p>\n<p>Specifications:<\/p>\n<p>Frequency response: 8Hz-40kHz<br \/>\nImpedance: 16\u03a9@1kHz<br \/>\nSensitivity: 109dB\/mW@1kHz<br \/>\nCable type: 8 wires with a total of 224 high-purity pure silver wires<br \/>\nCable length: Approximately 1.2 m<br \/>\nHeadphone unit weight: approximately 12 g (without cable)<br \/>\nHeadphone connector: Extended MMCX<br \/>\nAudio plug: Flat plug with lock<\/p>","protected":false},"excerpt":{"rendered":"<p>The new FIIO FH19 is equipped with two 13.7 mm dynamic drivers and six balanced armature drivers. Bass is reproduced using a brand new push-pull dual dynamic driver unit, which was developed in collaboration with Tokyo Onkyo Ltd. in Japan. This driver has significantly improved extension, cohesion and speed in the low frequency range. The mid-to-high frequencies are handled by specially adapted, enhanced Knowles Balanced Armature midrange drivers, achieving greater sonic energy density for rich and delicate vocals that are beautifully musical without sacrificing detail. Compared to typical dynamic drivers, dual dynamic push-pull drivers only need half the amplitude to achieve the target sound pressure level. This results in lower cone deviation, which significantly improves linear drive performance and further reduces intermodulation distortion, allowing the drive unit to deliver a cleaner sound.<\/p>\n<p><a href=\"https:\/\/www.fiio.com\/fh19\" target=\"_blank\" rel=\"noopener\">Link for additional product information!<\/a><\/p>","protected":false},"featured_media":16786,"template":"","meta":{"site-sidebar-layout":"default","site-content-layout":"","ast-site-content-layout":"default","site-content-style":"default","site-sidebar-style":"default","ast-global-header-display":"","ast-banner-title-visibility":"","ast-main-header-display":"","ast-hfb-above-header-display":"","ast-hfb-below-header-display":"","ast-hfb-mobile-header-display":"","site-post-title":"","ast-breadcrumbs-content":"","ast-featured-img":"","footer-sml-layout":"","theme-transparent-header-meta":"default","adv-header-id-meta":"","stick-header-meta":"default","header-above-stick-meta":"","header-main-stick-meta":"","header-below-stick-meta":"","astra-migrate-meta-layouts":"set","ast-page-background-enabled":"default","ast-page-background-meta":{"desktop":{"background-color":"","background-image":"","background-repeat":"repeat","background-position":"center center","background-size":"auto","background-attachment":"scroll","background-type":"","background-media":"","overlay-type":"","overlay-color":"","overlay-opacity":"","overlay-gradient":""},"tablet":{"background-color":"","background-image":"","background-repeat":"repeat","background-position":"center center","background-size":"auto","background-attachment":"scroll","background-type":"","background-media":"","overlay-type":"","overlay-color":"","overlay-opacity":"","overlay-gradient":""},"mobile":{"background-color":"","background-image":"","background-repeat":"repeat","background-position":"center center","background-size":"auto","background-attachment":"scroll","background-type":"","background-media":"","overlay-type":"","overlay-color":"","overlay-opacity":"","overlay-gradient":""}},"ast-content-background-meta":{"desktop":{"background-color":"var(--ast-global-color-5)","background-image":"","background-repeat":"repeat","background-position":"center center","background-size":"auto","background-attachment":"scroll","background-type":"","background-media":"","overlay-type":"","overlay-color":"","overlay-opacity":"","overlay-gradient":""},"tablet":{"background-color":"var(--ast-global-color-5)","background-image":"","background-repeat":"repeat","background-position":"center center","background-size":"auto","background-attachment":"scroll","background-type":"","background-media":"","overlay-type":"","overlay-color":"","overlay-opacity":"","overlay-gradient":""},"mobile":{"background-color":"var(--ast-global-color-5)","background-image":"","background-repeat":"repeat","background-position":"center center","background-size":"auto","background-attachment":"scroll","background-type":"","background-media":"","overlay-type":"","overlay-color":"","overlay-opacity":"","overlay-gradient":""}}},"class_list":["post-16775","product","type-product","status-publish","has-post-thumbnail","hentry","product_cat-usne-slusalice-iem","product_cat-fiio","desktop-align-center","tablet-align-center","mobile-align-center","ast-product-gallery-layout-horizontal","ast-magnify-disabled","ast-product-tabs-layout-horizontal"],"yoast_head":"<!-- This site is optimized with the Yoast SEO plugin v21.4 - https:\/\/yoast.com\/wordpress\/plugins\/seo\/ -->\n<title>FiiO FH19 - hd-multimedia<\/title>\n<meta name=\"description\" content=\"Novi FIIO FH19 opremljen je s dva dinami\u010dka drivera od 13,7 mm i \u0161est balansiranih armaturnih drivera. Podr\u017eava utika\u010de od 3,5\/4,4 mm.\" \/>\n<meta name=\"robots\" content=\"index, follow, max-snippet:-1, max-image-preview:large, max-video-preview:-1\" \/>\n<link rel=\"canonical\" href=\"https:\/\/hd-multimedia.com\/en\/trgovina\/fiio-fh19\/\" \/>\n<meta property=\"og:locale\" content=\"en_GB\" \/>\n<meta property=\"og:type\" content=\"article\" \/>\n<meta property=\"og:title\" content=\"FiiO FH19 - hd-multimedia\" \/>\n<meta property=\"og:description\" content=\"Novi FIIO FH19 opremljen je s dva dinami\u010dka drivera od 13,7 mm i \u0161est balansiranih armaturnih drivera. Podr\u017eava utika\u010de od 3,5\/4,4 mm.\" \/>\n<meta property=\"og:url\" content=\"https:\/\/hd-multimedia.com\/en\/trgovina\/fiio-fh19\/\" \/>\n<meta property=\"og:site_name\" content=\"hd-multimedia\" \/>\n<meta property=\"article:modified_time\" content=\"2025-04-15T10:01:25+00:00\" \/>\n<meta property=\"og:image\" content=\"https:\/\/hd-multimedia.com\/hdm_media\/FiiO-FH19-1-e1727427506267.jpg\" \/>\n\t<meta property=\"og:image:width\" content=\"696\" \/>\n\t<meta property=\"og:image:height\" content=\"696\" \/>\n\t<meta property=\"og:image:type\" content=\"image\/jpeg\" \/>\n<meta name=\"twitter:card\" content=\"summary_large_image\" \/>\n<meta name=\"twitter:label1\" content=\"Estimated reading time\" \/>\n\t<meta name=\"twitter:data1\" content=\"1 minute\" \/>\n<script type=\"application\/ld+json\" class=\"yoast-schema-graph\">{\"@context\":\"https:\/\/schema.org\",\"@graph\":[{\"@type\":\"WebPage\",\"@id\":\"https:\/\/hd-multimedia.com\/trgovina\/fiio-fh19\/\",\"url\":\"https:\/\/hd-multimedia.com\/trgovina\/fiio-fh19\/\",\"name\":\"FiiO FH19 - hd-multimedia\",\"isPartOf\":{\"@id\":\"https:\/\/hd-multimedia.com\/#website\"},\"datePublished\":\"2024-09-26T13:55:48+00:00\",\"dateModified\":\"2025-04-15T10:01:25+00:00\",\"description\":\"Novi FIIO FH19 opremljen je s dva dinami\u010dka drivera od 13,7 mm i \u0161est balansiranih armaturnih drivera. Podr\u017eava utika\u010de od 3,5\/4,4 mm.\",\"breadcrumb\":{\"@id\":\"https:\/\/hd-multimedia.com\/trgovina\/fiio-fh19\/#breadcrumb\"},\"inLanguage\":\"en-GB\",\"potentialAction\":[{\"@type\":\"ReadAction\",\"target\":[\"https:\/\/hd-multimedia.com\/trgovina\/fiio-fh19\/\"]}]},{\"@type\":\"BreadcrumbList\",\"@id\":\"https:\/\/hd-multimedia.com\/trgovina\/fiio-fh19\/#breadcrumb\",\"itemListElement\":[{\"@type\":\"ListItem\",\"position\":1,\"name\":\"Po\u010detna stranica\",\"item\":\"https:\/\/hd-multimedia.com\/\"},{\"@type\":\"ListItem\",\"position\":2,\"name\":\"Trgovina\",\"item\":\"https:\/\/hd-multimedia.com\/trgovina\/\"},{\"@type\":\"ListItem\",\"position\":3,\"name\":\"FiiO FH19\"}]},{\"@type\":\"WebSite\",\"@id\":\"https:\/\/hd-multimedia.com\/#website\",\"url\":\"https:\/\/hd-multimedia.com\/\",\"name\":\"hd-multimedia\",\"description\":\"\",\"publisher\":{\"@id\":\"https:\/\/hd-multimedia.com\/#organization\"},\"potentialAction\":[{\"@type\":\"SearchAction\",\"target\":{\"@type\":\"EntryPoint\",\"urlTemplate\":\"https:\/\/hd-multimedia.com\/?s={search_term_string}\"},\"query-input\":\"required name=search_term_string\"}],\"inLanguage\":\"en-GB\"},{\"@type\":\"Organization\",\"@id\":\"https:\/\/hd-multimedia.com\/#organization\",\"name\":\"hd-multimedia\",\"url\":\"https:\/\/hd-multimedia.com\/\",\"logo\":{\"@type\":\"ImageObject\",\"inLanguage\":\"en-GB\",\"@id\":\"https:\/\/hd-multimedia.com\/#\/schema\/logo\/image\/\",\"url\":\"https:\/\/hd-multimedia.com\/hdm_media\/HD-curves-ok-196-56px-alpha-1.png\",\"contentUrl\":\"https:\/\/hd-multimedia.com\/hdm_media\/HD-curves-ok-196-56px-alpha-1.png\",\"width\":196,\"height\":53,\"caption\":\"hd-multimedia\"},\"image\":{\"@id\":\"https:\/\/hd-multimedia.com\/#\/schema\/logo\/image\/\"}}]}<\/script>\n<!-- \/ Yoast SEO plugin. -->","yoast_head_json":{"title":"FiiO FH19 - hd-multimedia","description":"Novi FIIO FH19 opremljen je s dva dinami\u010dka drivera od 13,7 mm i \u0161est balansiranih armaturnih drivera. Podr\u017eava utika\u010de od 3,5\/4,4 mm.","robots":{"index":"index","follow":"follow","max-snippet":"max-snippet:-1","max-image-preview":"max-image-preview:large","max-video-preview":"max-video-preview:-1"},"canonical":"https:\/\/hd-multimedia.com\/en\/trgovina\/fiio-fh19\/","og_locale":"en_GB","og_type":"article","og_title":"FiiO FH19 - hd-multimedia","og_description":"Novi FIIO FH19 opremljen je s dva dinami\u010dka drivera od 13,7 mm i \u0161est balansiranih armaturnih drivera. Podr\u017eava utika\u010de od 3,5\/4,4 mm.","og_url":"https:\/\/hd-multimedia.com\/en\/trgovina\/fiio-fh19\/","og_site_name":"hd-multimedia","article_modified_time":"2025-04-15T10:01:25+00:00","og_image":[{"width":696,"height":696,"url":"https:\/\/hd-multimedia.com\/hdm_media\/FiiO-FH19-1-e1727427506267.jpg","type":"image\/jpeg"}],"twitter_card":"summary_large_image","twitter_misc":{"Estimated reading time":"1 minute"},"schema":{"@context":"https:\/\/schema.org","@graph":[{"@type":"WebPage","@id":"https:\/\/hd-multimedia.com\/trgovina\/fiio-fh19\/","url":"https:\/\/hd-multimedia.com\/trgovina\/fiio-fh19\/","name":"FiiO FH19 - hd-multimedia","isPartOf":{"@id":"https:\/\/hd-multimedia.com\/#website"},"datePublished":"2024-09-26T13:55:48+00:00","dateModified":"2025-04-15T10:01:25+00:00","description":"Novi FIIO FH19 opremljen je s dva dinami\u010dka drivera od 13,7 mm i \u0161est balansiranih armaturnih drivera. Podr\u017eava utika\u010de od 3,5\/4,4 mm.","breadcrumb":{"@id":"https:\/\/hd-multimedia.com\/trgovina\/fiio-fh19\/#breadcrumb"},"inLanguage":"en-GB","potentialAction":[{"@type":"ReadAction","target":["https:\/\/hd-multimedia.com\/trgovina\/fiio-fh19\/"]}]},{"@type":"BreadcrumbList","@id":"https:\/\/hd-multimedia.com\/trgovina\/fiio-fh19\/#breadcrumb","itemListElement":[{"@type":"ListItem","position":1,"name":"Po\u010detna stranica","item":"https:\/\/hd-multimedia.com\/"},{"@type":"ListItem","position":2,"name":"Trgovina","item":"https:\/\/hd-multimedia.com\/trgovina\/"},{"@type":"ListItem","position":3,"name":"FiiO FH19"}]},{"@type":"WebSite","@id":"https:\/\/hd-multimedia.com\/#website","url":"https:\/\/hd-multimedia.com\/","name":"hd-multimedia","description":"","publisher":{"@id":"https:\/\/hd-multimedia.com\/#organization"},"potentialAction":[{"@type":"SearchAction","target":{"@type":"EntryPoint","urlTemplate":"https:\/\/hd-multimedia.com\/?s={search_term_string}"},"query-input":"required name=search_term_string"}],"inLanguage":"en-GB"},{"@type":"Organization","@id":"https:\/\/hd-multimedia.com\/#organization","name":"hd-multimedia","url":"https:\/\/hd-multimedia.com\/","logo":{"@type":"ImageObject","inLanguage":"en-GB","@id":"https:\/\/hd-multimedia.com\/#\/schema\/logo\/image\/","url":"https:\/\/hd-multimedia.com\/hdm_media\/HD-curves-ok-196-56px-alpha-1.png","contentUrl":"https:\/\/hd-multimedia.com\/hdm_media\/HD-curves-ok-196-56px-alpha-1.png","width":196,"height":53,"caption":"hd-multimedia"},"image":{"@id":"https:\/\/hd-multimedia.com\/#\/schema\/logo\/image\/"}}]}},"post_mailing_queue_ids":[],"_links":{"self":[{"href":"https:\/\/hd-multimedia.com\/en\/wp-json\/wp\/v2\/product\/16775","targetHints":{"allow":["GET"]}}],"collection":[{"href":"https:\/\/hd-multimedia.com\/en\/wp-json\/wp\/v2\/product"}],"about":[{"href":"https:\/\/hd-multimedia.com\/en\/wp-json\/wp\/v2\/types\/product"}],"version-history":[{"count":3,"href":"https:\/\/hd-multimedia.com\/en\/wp-json\/wp\/v2\/product\/16775\/revisions"}],"predecessor-version":[{"id":16790,"href":"https:\/\/hd-multimedia.com\/en\/wp-json\/wp\/v2\/product\/16775\/revisions\/16790"}],"wp:featuredmedia":[{"embeddable":true,"href":"https:\/\/hd-multimedia.com\/en\/wp-json\/wp\/v2\/media\/16786"}],"wp:attachment":[{"href":"https:\/\/hd-multimedia.com\/en\/wp-json\/wp\/v2\/media?parent=16775"}],"curies":[{"name":"wp","href":"https:\/\/api.w.org\/{rel}","templated":true}]}}