{"id":16116,"date":"2024-07-24T08:31:59","date_gmt":"2024-07-24T08:31:59","guid":{"rendered":"https:\/\/hd-multimedia.com\/?post_type=product&#038;p=16116"},"modified":"2025-01-24T16:57:37","modified_gmt":"2025-01-24T16:57:37","slug":"zastitna-maska-fiio-sk-m23","status":"publish","type":"product","link":"https:\/\/hd-multimedia.com\/en\/trgovina\/zastitna-maska-fiio-sk-m23\/","title":{"rendered":"FiiO SK-M23 protective mask"},"content":{"rendered":"<p>The FIIO SK-M23 Protective Case is designed to provide protection and stylish versatility for your FiiO M23. Made from high-quality materials, the SK-M23 features a durable, impact-resistant exterior that protects against scratches, drops, and everyday wear and tear.<\/p>\n<p><a href=\"https:\/\/www.fiio.com\/productinfo\/1192954.html\" target=\"_blank\" rel=\"noopener\">You can find other information at this link.<\/a><\/p>","protected":false},"excerpt":{"rendered":"<p>The SK-M23 Protective Case is designed to provide protection and stylish versatility for your FiiO M23. Made from high-quality materials, the SK-M23 features a durable, impact-resistant exterior that protects against scratches, drops, and everyday wear and tear. Its custom design ensures a firm and secure fit for your device, while the padding inside provides cushioning to prevent accidental damage. The case includes strategically placed compartments and pockets for convenient accessory storage, ensuring everything you need is within reach.<\/p>\n<p><a href=\"https:\/\/www.fiio.com\/productinfo\/1192954.html\" target=\"_blank\" rel=\"noopener\">You can find other information at this link.<\/a><\/p>","protected":false},"featured_media":16118,"template":"","meta":{"site-sidebar-layout":"default","site-content-layout":"","ast-site-content-layout":"default","site-content-style":"default","site-sidebar-style":"default","ast-global-header-display":"","ast-banner-title-visibility":"","ast-main-header-display":"","ast-hfb-above-header-display":"","ast-hfb-below-header-display":"","ast-hfb-mobile-header-display":"","site-post-title":"","ast-breadcrumbs-content":"","ast-featured-img":"","footer-sml-layout":"","theme-transparent-header-meta":"default","adv-header-id-meta":"","stick-header-meta":"default","header-above-stick-meta":"","header-main-stick-meta":"","header-below-stick-meta":"","astra-migrate-meta-layouts":"set","ast-page-background-enabled":"default","ast-page-background-meta":{"desktop":{"background-color":"","background-image":"","background-repeat":"repeat","background-position":"center center","background-size":"auto","background-attachment":"scroll","background-type":"","background-media":"","overlay-type":"","overlay-color":"","overlay-opacity":"","overlay-gradient":""},"tablet":{"background-color":"","background-image":"","background-repeat":"repeat","background-position":"center center","background-size":"auto","background-attachment":"scroll","background-type":"","background-media":"","overlay-type":"","overlay-color":"","overlay-opacity":"","overlay-gradient":""},"mobile":{"background-color":"","background-image":"","background-repeat":"repeat","background-position":"center center","background-size":"auto","background-attachment":"scroll","background-type":"","background-media":"","overlay-type":"","overlay-color":"","overlay-opacity":"","overlay-gradient":""}},"ast-content-background-meta":{"desktop":{"background-color":"var(--ast-global-color-5)","background-image":"","background-repeat":"repeat","background-position":"center center","background-size":"auto","background-attachment":"scroll","background-type":"","background-media":"","overlay-type":"","overlay-color":"","overlay-opacity":"","overlay-gradient":""},"tablet":{"background-color":"var(--ast-global-color-5)","background-image":"","background-repeat":"repeat","background-position":"center center","background-size":"auto","background-attachment":"scroll","background-type":"","background-media":"","overlay-type":"","overlay-color":"","overlay-opacity":"","overlay-gradient":""},"mobile":{"background-color":"var(--ast-global-color-5)","background-image":"","background-repeat":"repeat","background-position":"center center","background-size":"auto","background-attachment":"scroll","background-type":"","background-media":"","overlay-type":"","overlay-color":"","overlay-opacity":"","overlay-gradient":""}}},"class_list":["post-16116","product","type-product","status-publish","has-post-thumbnail","hentry","product_cat-dodaci-mobilni-playeri","product_cat-fiio","desktop-align-center","tablet-align-center","mobile-align-center","ast-product-gallery-layout-horizontal","ast-magnify-disabled","ast-product-tabs-layout-horizontal"],"yoast_head":"<!-- This site is optimized with the Yoast SEO plugin v21.4 - https:\/\/yoast.com\/wordpress\/plugins\/seo\/ -->\n<title>Za\u0161titna maska FiiO SK-M23 - hd-multimedia<\/title>\n<meta name=\"description\" content=\"Za\u0161titna maska FIIO SK-M23 je dizajnirana da pru\u017ei za\u0161titu i stilsku svestranost za va\u0161 FiiO M23 Izra\u0111ena od visokokvalitetnih materijala.\" \/>\n<meta name=\"robots\" content=\"index, follow, max-snippet:-1, max-image-preview:large, max-video-preview:-1\" \/>\n<link rel=\"canonical\" href=\"https:\/\/hd-multimedia.com\/en\/trgovina\/zastitna-maska-fiio-sk-m23\/\" \/>\n<meta property=\"og:locale\" content=\"en_GB\" \/>\n<meta property=\"og:type\" content=\"article\" \/>\n<meta property=\"og:title\" content=\"Za\u0161titna maska FiiO SK-M23 - hd-multimedia\" \/>\n<meta property=\"og:description\" content=\"Za\u0161titna maska FIIO SK-M23 je dizajnirana da pru\u017ei za\u0161titu i stilsku svestranost za va\u0161 FiiO M23 Izra\u0111ena od visokokvalitetnih materijala.\" \/>\n<meta property=\"og:url\" content=\"https:\/\/hd-multimedia.com\/en\/trgovina\/zastitna-maska-fiio-sk-m23\/\" \/>\n<meta property=\"og:site_name\" content=\"hd-multimedia\" \/>\n<meta property=\"article:modified_time\" content=\"2025-01-24T16:57:37+00:00\" \/>\n<meta property=\"og:image\" content=\"https:\/\/hd-multimedia.com\/hdm_media\/Capture-7-1-e1721810251793.png\" \/>\n\t<meta property=\"og:image:width\" content=\"744\" \/>\n\t<meta property=\"og:image:height\" content=\"746\" \/>\n\t<meta property=\"og:image:type\" content=\"image\/png\" \/>\n<meta name=\"twitter:card\" content=\"summary_large_image\" \/>\n<meta name=\"twitter:label1\" content=\"Estimated reading time\" \/>\n\t<meta name=\"twitter:data1\" content=\"1 minute\" \/>\n<script type=\"application\/ld+json\" class=\"yoast-schema-graph\">{\"@context\":\"https:\/\/schema.org\",\"@graph\":[{\"@type\":\"WebPage\",\"@id\":\"https:\/\/hd-multimedia.com\/trgovina\/zastitna-maska-fiio-sk-m23\/\",\"url\":\"https:\/\/hd-multimedia.com\/trgovina\/zastitna-maska-fiio-sk-m23\/\",\"name\":\"Za\u0161titna maska FiiO SK-M23 - hd-multimedia\",\"isPartOf\":{\"@id\":\"https:\/\/hd-multimedia.com\/#website\"},\"datePublished\":\"2024-07-24T08:31:59+00:00\",\"dateModified\":\"2025-01-24T16:57:37+00:00\",\"description\":\"Za\u0161titna maska FIIO SK-M23 je dizajnirana da pru\u017ei za\u0161titu i stilsku svestranost za va\u0161 FiiO M23 Izra\u0111ena od visokokvalitetnih materijala.\",\"breadcrumb\":{\"@id\":\"https:\/\/hd-multimedia.com\/trgovina\/zastitna-maska-fiio-sk-m23\/#breadcrumb\"},\"inLanguage\":\"en-GB\",\"potentialAction\":[{\"@type\":\"ReadAction\",\"target\":[\"https:\/\/hd-multimedia.com\/trgovina\/zastitna-maska-fiio-sk-m23\/\"]}]},{\"@type\":\"BreadcrumbList\",\"@id\":\"https:\/\/hd-multimedia.com\/trgovina\/zastitna-maska-fiio-sk-m23\/#breadcrumb\",\"itemListElement\":[{\"@type\":\"ListItem\",\"position\":1,\"name\":\"Po\u010detna stranica\",\"item\":\"https:\/\/hd-multimedia.com\/\"},{\"@type\":\"ListItem\",\"position\":2,\"name\":\"Trgovina\",\"item\":\"https:\/\/hd-multimedia.com\/trgovina\/\"},{\"@type\":\"ListItem\",\"position\":3,\"name\":\"Za\u0161titna maska FiiO SK-M23\"}]},{\"@type\":\"WebSite\",\"@id\":\"https:\/\/hd-multimedia.com\/#website\",\"url\":\"https:\/\/hd-multimedia.com\/\",\"name\":\"hd-multimedia\",\"description\":\"\",\"publisher\":{\"@id\":\"https:\/\/hd-multimedia.com\/#organization\"},\"potentialAction\":[{\"@type\":\"SearchAction\",\"target\":{\"@type\":\"EntryPoint\",\"urlTemplate\":\"https:\/\/hd-multimedia.com\/?s={search_term_string}\"},\"query-input\":\"required name=search_term_string\"}],\"inLanguage\":\"en-GB\"},{\"@type\":\"Organization\",\"@id\":\"https:\/\/hd-multimedia.com\/#organization\",\"name\":\"hd-multimedia\",\"url\":\"https:\/\/hd-multimedia.com\/\",\"logo\":{\"@type\":\"ImageObject\",\"inLanguage\":\"en-GB\",\"@id\":\"https:\/\/hd-multimedia.com\/#\/schema\/logo\/image\/\",\"url\":\"https:\/\/hd-multimedia.com\/hdm_media\/HD-curves-ok-196-56px-alpha-1.png\",\"contentUrl\":\"https:\/\/hd-multimedia.com\/hdm_media\/HD-curves-ok-196-56px-alpha-1.png\",\"width\":196,\"height\":53,\"caption\":\"hd-multimedia\"},\"image\":{\"@id\":\"https:\/\/hd-multimedia.com\/#\/schema\/logo\/image\/\"}}]}<\/script>\n<!-- \/ Yoast SEO plugin. -->","yoast_head_json":{"title":"Za\u0161titna maska FiiO SK-M23 - hd-multimedia","description":"Za\u0161titna maska FIIO SK-M23 je dizajnirana da pru\u017ei za\u0161titu i stilsku svestranost za va\u0161 FiiO M23 Izra\u0111ena od visokokvalitetnih materijala.","robots":{"index":"index","follow":"follow","max-snippet":"max-snippet:-1","max-image-preview":"max-image-preview:large","max-video-preview":"max-video-preview:-1"},"canonical":"https:\/\/hd-multimedia.com\/en\/trgovina\/zastitna-maska-fiio-sk-m23\/","og_locale":"en_GB","og_type":"article","og_title":"Za\u0161titna maska FiiO SK-M23 - hd-multimedia","og_description":"Za\u0161titna maska FIIO SK-M23 je dizajnirana da pru\u017ei za\u0161titu i stilsku svestranost za va\u0161 FiiO M23 Izra\u0111ena od visokokvalitetnih materijala.","og_url":"https:\/\/hd-multimedia.com\/en\/trgovina\/zastitna-maska-fiio-sk-m23\/","og_site_name":"hd-multimedia","article_modified_time":"2025-01-24T16:57:37+00:00","og_image":[{"width":744,"height":746,"url":"https:\/\/hd-multimedia.com\/hdm_media\/Capture-7-1-e1721810251793.png","type":"image\/png"}],"twitter_card":"summary_large_image","twitter_misc":{"Estimated reading time":"1 minute"},"schema":{"@context":"https:\/\/schema.org","@graph":[{"@type":"WebPage","@id":"https:\/\/hd-multimedia.com\/trgovina\/zastitna-maska-fiio-sk-m23\/","url":"https:\/\/hd-multimedia.com\/trgovina\/zastitna-maska-fiio-sk-m23\/","name":"Za\u0161titna maska FiiO SK-M23 - hd-multimedia","isPartOf":{"@id":"https:\/\/hd-multimedia.com\/#website"},"datePublished":"2024-07-24T08:31:59+00:00","dateModified":"2025-01-24T16:57:37+00:00","description":"Za\u0161titna maska FIIO SK-M23 je dizajnirana da pru\u017ei za\u0161titu i stilsku svestranost za va\u0161 FiiO M23 Izra\u0111ena od visokokvalitetnih materijala.","breadcrumb":{"@id":"https:\/\/hd-multimedia.com\/trgovina\/zastitna-maska-fiio-sk-m23\/#breadcrumb"},"inLanguage":"en-GB","potentialAction":[{"@type":"ReadAction","target":["https:\/\/hd-multimedia.com\/trgovina\/zastitna-maska-fiio-sk-m23\/"]}]},{"@type":"BreadcrumbList","@id":"https:\/\/hd-multimedia.com\/trgovina\/zastitna-maska-fiio-sk-m23\/#breadcrumb","itemListElement":[{"@type":"ListItem","position":1,"name":"Po\u010detna stranica","item":"https:\/\/hd-multimedia.com\/"},{"@type":"ListItem","position":2,"name":"Trgovina","item":"https:\/\/hd-multimedia.com\/trgovina\/"},{"@type":"ListItem","position":3,"name":"Za\u0161titna maska FiiO SK-M23"}]},{"@type":"WebSite","@id":"https:\/\/hd-multimedia.com\/#website","url":"https:\/\/hd-multimedia.com\/","name":"hd-multimedia","description":"","publisher":{"@id":"https:\/\/hd-multimedia.com\/#organization"},"potentialAction":[{"@type":"SearchAction","target":{"@type":"EntryPoint","urlTemplate":"https:\/\/hd-multimedia.com\/?s={search_term_string}"},"query-input":"required name=search_term_string"}],"inLanguage":"en-GB"},{"@type":"Organization","@id":"https:\/\/hd-multimedia.com\/#organization","name":"hd-multimedia","url":"https:\/\/hd-multimedia.com\/","logo":{"@type":"ImageObject","inLanguage":"en-GB","@id":"https:\/\/hd-multimedia.com\/#\/schema\/logo\/image\/","url":"https:\/\/hd-multimedia.com\/hdm_media\/HD-curves-ok-196-56px-alpha-1.png","contentUrl":"https:\/\/hd-multimedia.com\/hdm_media\/HD-curves-ok-196-56px-alpha-1.png","width":196,"height":53,"caption":"hd-multimedia"},"image":{"@id":"https:\/\/hd-multimedia.com\/#\/schema\/logo\/image\/"}}]}},"post_mailing_queue_ids":[],"_links":{"self":[{"href":"https:\/\/hd-multimedia.com\/en\/wp-json\/wp\/v2\/product\/16116","targetHints":{"allow":["GET"]}}],"collection":[{"href":"https:\/\/hd-multimedia.com\/en\/wp-json\/wp\/v2\/product"}],"about":[{"href":"https:\/\/hd-multimedia.com\/en\/wp-json\/wp\/v2\/types\/product"}],"version-history":[{"count":4,"href":"https:\/\/hd-multimedia.com\/en\/wp-json\/wp\/v2\/product\/16116\/revisions"}],"predecessor-version":[{"id":16122,"href":"https:\/\/hd-multimedia.com\/en\/wp-json\/wp\/v2\/product\/16116\/revisions\/16122"}],"wp:featuredmedia":[{"embeddable":true,"href":"https:\/\/hd-multimedia.com\/en\/wp-json\/wp\/v2\/media\/16118"}],"wp:attachment":[{"href":"https:\/\/hd-multimedia.com\/en\/wp-json\/wp\/v2\/media?parent=16116"}],"curies":[{"name":"wp","href":"https:\/\/api.w.org\/{rel}","templated":true}]}}