{"id":16102,"date":"2024-07-24T07:05:52","date_gmt":"2024-07-24T07:05:52","guid":{"rendered":"https:\/\/hd-multimedia.com\/?post_type=product&#038;p=16102"},"modified":"2026-04-02T11:55:45","modified_gmt":"2026-04-02T11:55:45","slug":"fiio-fd11-type-c","status":"publish","type":"product","link":"https:\/\/hd-multimedia.com\/en\/trgovina\/fiio-fd11-type-c\/","title":{"rendered":"FiiO FD11 type C"},"content":{"rendered":"<p>Inspired by the shape of a seashell, the die-cast zinc alloy construction is polished and then polished to provide a fluid and durable look. The C-shaped acoustic tube enhances sound quality, with a focus on bass. Despite having only one dynamic driver, the FD11 handles low frequencies with ease and clearly reproduces the details of music, emphasizing specific frequencies to deliver a realistic and spacious sound.<\/p>\n<div class=\"group\/conversation-turn relative flex w-full min-w-0 flex-col agent-turn\">\n<div class=\"flex-col gap-1 md:gap-3\">\n<div class=\"flex flex-grow flex-col max-w-full\">\n<div class=\"min-h-[20px] text-message flex w-full flex-col items-end gap-2 whitespace-pre-wrap break-words [.text-message+&amp;]:mt-5 overflow-x-auto\" dir=\"auto\" data-message-author-role=\"assistant\" data-message-id=\"5235fbc0-a434-4ada-a463-b59fa5f237cf\">\n<div class=\"flex w-full flex-col gap-1 empty:hidden first:pt-[3px]\"><\/div>\n<\/div>\n<\/div>\n<\/div>\n<\/div>\n<ul>\n<li><strong>TYPE:<\/strong> In-Ear<\/li>\n<li><strong style=\"font-size: 16px;\">IMPEDANCE:<\/strong><span style=\"font-size: 16px;\"> 32 \u03a9<\/span><\/li>\n<li><strong style=\"font-size: 16px;\">FREQUENCY RESPONSE:<\/strong><span style=\"font-size: 16px;\"> 10Hz \u2013 40,000Hz<\/span><\/li>\n<li><strong style=\"font-size: 16px;\">SENSITIVITY:<\/strong><span style=\"font-size: 16px;\"> 103 dB\/mW<\/span><\/li>\n<li><strong style=\"font-size: 16px;\">DRIVER TYPE:<\/strong><span style=\"font-size: 16px;\"> 10 mm carbon<\/span><\/li>\n<li><strong style=\"font-size: 16px;\">MAXIMUM POWER INPUTED:<\/strong><span style=\"font-size: 16px;\"> 100 mW<\/span><\/li>\n<li><strong style=\"font-size: 16px;\">CABLE:<\/strong><span style=\"font-size: 16px;\"> Monocrystalline cable with 2 pins 0.78 mm<\/span><\/li>\n<li><strong style=\"font-size: 16px;\">CONNECTOR:<\/strong><span style=\"font-size: 16px;\">\u00a0Gold-plated 3.5 mm minijack<\/span><\/li>\n<\/ul>","protected":false},"excerpt":{"rendered":"<p>The Fiio FD11 type C is an in-ear headphone with a 10mm dynamic driver, made of die-cast zinc alloy, which stands out for both its pure sound and innovative design. It incorporates asymmetrical internal and external magnetic circuits to deliver a finely tuned frequency response certified for high-quality sound. Using cutting-edge techniques, the Fiio FD11 type C features a carbon-based diaphragm, which is lighter than aluminum or beryllium, enabling high response and minimal distortion. The N52 neodymium magnets guarantee a sensitivity of 111 dB\/mW at 1 kHz. In addition, the dual-layer rear cavity of the dynamic driver controls airflow and reduces distortion, resulting in detailed highs and robust bass.<\/p>\n<p><a href=\"https:\/\/www.fiio.com\/fd11\" target=\"_blank\" rel=\"noopener\">You can find other information at this link.<\/a><\/p>","protected":false},"featured_media":16104,"template":"","meta":{"site-sidebar-layout":"default","site-content-layout":"","ast-site-content-layout":"default","site-content-style":"default","site-sidebar-style":"default","ast-global-header-display":"","ast-banner-title-visibility":"","ast-main-header-display":"","ast-hfb-above-header-display":"","ast-hfb-below-header-display":"","ast-hfb-mobile-header-display":"","site-post-title":"","ast-breadcrumbs-content":"","ast-featured-img":"","footer-sml-layout":"","theme-transparent-header-meta":"default","adv-header-id-meta":"","stick-header-meta":"default","header-above-stick-meta":"","header-main-stick-meta":"","header-below-stick-meta":"","astra-migrate-meta-layouts":"set","ast-page-background-enabled":"default","ast-page-background-meta":{"desktop":{"background-color":"","background-image":"","background-repeat":"repeat","background-position":"center center","background-size":"auto","background-attachment":"scroll","background-type":"","background-media":"","overlay-type":"","overlay-color":"","overlay-opacity":"","overlay-gradient":""},"tablet":{"background-color":"","background-image":"","background-repeat":"repeat","background-position":"center center","background-size":"auto","background-attachment":"scroll","background-type":"","background-media":"","overlay-type":"","overlay-color":"","overlay-opacity":"","overlay-gradient":""},"mobile":{"background-color":"","background-image":"","background-repeat":"repeat","background-position":"center center","background-size":"auto","background-attachment":"scroll","background-type":"","background-media":"","overlay-type":"","overlay-color":"","overlay-opacity":"","overlay-gradient":""}},"ast-content-background-meta":{"desktop":{"background-color":"var(--ast-global-color-5)","background-image":"","background-repeat":"repeat","background-position":"center center","background-size":"auto","background-attachment":"scroll","background-type":"","background-media":"","overlay-type":"","overlay-color":"","overlay-opacity":"","overlay-gradient":""},"tablet":{"background-color":"var(--ast-global-color-5)","background-image":"","background-repeat":"repeat","background-position":"center center","background-size":"auto","background-attachment":"scroll","background-type":"","background-media":"","overlay-type":"","overlay-color":"","overlay-opacity":"","overlay-gradient":""},"mobile":{"background-color":"var(--ast-global-color-5)","background-image":"","background-repeat":"repeat","background-position":"center center","background-size":"auto","background-attachment":"scroll","background-type":"","background-media":"","overlay-type":"","overlay-color":"","overlay-opacity":"","overlay-gradient":""}}},"class_list":["post-16102","product","type-product","status-publish","has-post-thumbnail","hentry","product_cat-usne-slusalice-iem","product_cat-fiio","product_tag-novo-u-ponudi-fiio","desktop-align-center","tablet-align-center","mobile-align-center","ast-product-gallery-layout-horizontal","ast-magnify-disabled","ast-product-tabs-layout-horizontal"],"yoast_head":"<!-- This site is optimized with the Yoast SEO plugin v21.4 - https:\/\/yoast.com\/wordpress\/plugins\/seo\/ -->\n<title>FiiO FD11 type C - hd-multimedia<\/title>\n<meta name=\"description\" content=\"Fiio FD11 type C su in-ear slu\u0161alice s dinami\u010dkim driverom od 10 mm izra\u0111ene od legure cinka lijevane pod tlakomi i isti\u010du se po \u010distom zvuku.\" \/>\n<meta name=\"robots\" content=\"index, follow, max-snippet:-1, max-image-preview:large, max-video-preview:-1\" \/>\n<link rel=\"canonical\" href=\"https:\/\/hd-multimedia.com\/en\/trgovina\/fiio-fd11-type-c\/\" \/>\n<meta property=\"og:locale\" content=\"en_GB\" \/>\n<meta property=\"og:type\" content=\"article\" \/>\n<meta property=\"og:title\" content=\"FiiO FD11 type C - hd-multimedia\" \/>\n<meta property=\"og:description\" content=\"Fiio FD11 type C su in-ear slu\u0161alice s dinami\u010dkim driverom od 10 mm izra\u0111ene od legure cinka lijevane pod tlakomi i isti\u010du se po \u010distom zvuku.\" \/>\n<meta property=\"og:url\" content=\"https:\/\/hd-multimedia.com\/en\/trgovina\/fiio-fd11-type-c\/\" \/>\n<meta property=\"og:site_name\" content=\"hd-multimedia\" \/>\n<meta property=\"article:modified_time\" content=\"2026-04-02T11:55:45+00:00\" \/>\n<meta property=\"og:image\" content=\"https:\/\/hd-multimedia.com\/hdm_media\/Capture3-e1721804512783.png\" \/>\n\t<meta property=\"og:image:width\" content=\"520\" \/>\n\t<meta property=\"og:image:height\" content=\"520\" \/>\n\t<meta property=\"og:image:type\" content=\"image\/png\" \/>\n<meta name=\"twitter:card\" content=\"summary_large_image\" \/>\n<meta name=\"twitter:label1\" content=\"Estimated reading time\" \/>\n\t<meta name=\"twitter:data1\" content=\"1 minute\" \/>\n<script type=\"application\/ld+json\" class=\"yoast-schema-graph\">{\"@context\":\"https:\/\/schema.org\",\"@graph\":[{\"@type\":\"WebPage\",\"@id\":\"https:\/\/hd-multimedia.com\/trgovina\/fiio-fd11-type-c\/\",\"url\":\"https:\/\/hd-multimedia.com\/trgovina\/fiio-fd11-type-c\/\",\"name\":\"FiiO FD11 type C - hd-multimedia\",\"isPartOf\":{\"@id\":\"https:\/\/hd-multimedia.com\/#website\"},\"datePublished\":\"2024-07-24T07:05:52+00:00\",\"dateModified\":\"2026-04-02T11:55:45+00:00\",\"description\":\"Fiio FD11 type C su in-ear slu\u0161alice s dinami\u010dkim driverom od 10 mm izra\u0111ene od legure cinka lijevane pod tlakomi i isti\u010du se po \u010distom zvuku.\",\"breadcrumb\":{\"@id\":\"https:\/\/hd-multimedia.com\/trgovina\/fiio-fd11-type-c\/#breadcrumb\"},\"inLanguage\":\"en-GB\",\"potentialAction\":[{\"@type\":\"ReadAction\",\"target\":[\"https:\/\/hd-multimedia.com\/trgovina\/fiio-fd11-type-c\/\"]}]},{\"@type\":\"BreadcrumbList\",\"@id\":\"https:\/\/hd-multimedia.com\/trgovina\/fiio-fd11-type-c\/#breadcrumb\",\"itemListElement\":[{\"@type\":\"ListItem\",\"position\":1,\"name\":\"Po\u010detna stranica\",\"item\":\"https:\/\/hd-multimedia.com\/\"},{\"@type\":\"ListItem\",\"position\":2,\"name\":\"Trgovina\",\"item\":\"https:\/\/hd-multimedia.com\/trgovina\/\"},{\"@type\":\"ListItem\",\"position\":3,\"name\":\"FiiO FD11 type C\"}]},{\"@type\":\"WebSite\",\"@id\":\"https:\/\/hd-multimedia.com\/#website\",\"url\":\"https:\/\/hd-multimedia.com\/\",\"name\":\"hd-multimedia\",\"description\":\"\",\"publisher\":{\"@id\":\"https:\/\/hd-multimedia.com\/#organization\"},\"potentialAction\":[{\"@type\":\"SearchAction\",\"target\":{\"@type\":\"EntryPoint\",\"urlTemplate\":\"https:\/\/hd-multimedia.com\/?s={search_term_string}\"},\"query-input\":\"required name=search_term_string\"}],\"inLanguage\":\"en-GB\"},{\"@type\":\"Organization\",\"@id\":\"https:\/\/hd-multimedia.com\/#organization\",\"name\":\"hd-multimedia\",\"url\":\"https:\/\/hd-multimedia.com\/\",\"logo\":{\"@type\":\"ImageObject\",\"inLanguage\":\"en-GB\",\"@id\":\"https:\/\/hd-multimedia.com\/#\/schema\/logo\/image\/\",\"url\":\"https:\/\/hd-multimedia.com\/hdm_media\/HD-curves-ok-196-56px-alpha-1.png\",\"contentUrl\":\"https:\/\/hd-multimedia.com\/hdm_media\/HD-curves-ok-196-56px-alpha-1.png\",\"width\":196,\"height\":53,\"caption\":\"hd-multimedia\"},\"image\":{\"@id\":\"https:\/\/hd-multimedia.com\/#\/schema\/logo\/image\/\"}}]}<\/script>\n<!-- \/ Yoast SEO plugin. -->","yoast_head_json":{"title":"FiiO FD11 type C - hd-multimedia","description":"Fiio FD11 type C su in-ear slu\u0161alice s dinami\u010dkim driverom od 10 mm izra\u0111ene od legure cinka lijevane pod tlakomi i isti\u010du se po \u010distom zvuku.","robots":{"index":"index","follow":"follow","max-snippet":"max-snippet:-1","max-image-preview":"max-image-preview:large","max-video-preview":"max-video-preview:-1"},"canonical":"https:\/\/hd-multimedia.com\/en\/trgovina\/fiio-fd11-type-c\/","og_locale":"en_GB","og_type":"article","og_title":"FiiO FD11 type C - hd-multimedia","og_description":"Fiio FD11 type C su in-ear slu\u0161alice s dinami\u010dkim driverom od 10 mm izra\u0111ene od legure cinka lijevane pod tlakomi i isti\u010du se po \u010distom zvuku.","og_url":"https:\/\/hd-multimedia.com\/en\/trgovina\/fiio-fd11-type-c\/","og_site_name":"hd-multimedia","article_modified_time":"2026-04-02T11:55:45+00:00","og_image":[{"width":520,"height":520,"url":"https:\/\/hd-multimedia.com\/hdm_media\/Capture3-e1721804512783.png","type":"image\/png"}],"twitter_card":"summary_large_image","twitter_misc":{"Estimated reading time":"1 minute"},"schema":{"@context":"https:\/\/schema.org","@graph":[{"@type":"WebPage","@id":"https:\/\/hd-multimedia.com\/trgovina\/fiio-fd11-type-c\/","url":"https:\/\/hd-multimedia.com\/trgovina\/fiio-fd11-type-c\/","name":"FiiO FD11 type C - hd-multimedia","isPartOf":{"@id":"https:\/\/hd-multimedia.com\/#website"},"datePublished":"2024-07-24T07:05:52+00:00","dateModified":"2026-04-02T11:55:45+00:00","description":"Fiio FD11 type C su in-ear slu\u0161alice s dinami\u010dkim driverom od 10 mm izra\u0111ene od legure cinka lijevane pod tlakomi i isti\u010du se po \u010distom zvuku.","breadcrumb":{"@id":"https:\/\/hd-multimedia.com\/trgovina\/fiio-fd11-type-c\/#breadcrumb"},"inLanguage":"en-GB","potentialAction":[{"@type":"ReadAction","target":["https:\/\/hd-multimedia.com\/trgovina\/fiio-fd11-type-c\/"]}]},{"@type":"BreadcrumbList","@id":"https:\/\/hd-multimedia.com\/trgovina\/fiio-fd11-type-c\/#breadcrumb","itemListElement":[{"@type":"ListItem","position":1,"name":"Po\u010detna stranica","item":"https:\/\/hd-multimedia.com\/"},{"@type":"ListItem","position":2,"name":"Trgovina","item":"https:\/\/hd-multimedia.com\/trgovina\/"},{"@type":"ListItem","position":3,"name":"FiiO FD11 type C"}]},{"@type":"WebSite","@id":"https:\/\/hd-multimedia.com\/#website","url":"https:\/\/hd-multimedia.com\/","name":"hd-multimedia","description":"","publisher":{"@id":"https:\/\/hd-multimedia.com\/#organization"},"potentialAction":[{"@type":"SearchAction","target":{"@type":"EntryPoint","urlTemplate":"https:\/\/hd-multimedia.com\/?s={search_term_string}"},"query-input":"required name=search_term_string"}],"inLanguage":"en-GB"},{"@type":"Organization","@id":"https:\/\/hd-multimedia.com\/#organization","name":"hd-multimedia","url":"https:\/\/hd-multimedia.com\/","logo":{"@type":"ImageObject","inLanguage":"en-GB","@id":"https:\/\/hd-multimedia.com\/#\/schema\/logo\/image\/","url":"https:\/\/hd-multimedia.com\/hdm_media\/HD-curves-ok-196-56px-alpha-1.png","contentUrl":"https:\/\/hd-multimedia.com\/hdm_media\/HD-curves-ok-196-56px-alpha-1.png","width":196,"height":53,"caption":"hd-multimedia"},"image":{"@id":"https:\/\/hd-multimedia.com\/#\/schema\/logo\/image\/"}}]}},"post_mailing_queue_ids":[],"_links":{"self":[{"href":"https:\/\/hd-multimedia.com\/en\/wp-json\/wp\/v2\/product\/16102","targetHints":{"allow":["GET"]}}],"collection":[{"href":"https:\/\/hd-multimedia.com\/en\/wp-json\/wp\/v2\/product"}],"about":[{"href":"https:\/\/hd-multimedia.com\/en\/wp-json\/wp\/v2\/types\/product"}],"version-history":[{"count":5,"href":"https:\/\/hd-multimedia.com\/en\/wp-json\/wp\/v2\/product\/16102\/revisions"}],"predecessor-version":[{"id":16123,"href":"https:\/\/hd-multimedia.com\/en\/wp-json\/wp\/v2\/product\/16102\/revisions\/16123"}],"wp:featuredmedia":[{"embeddable":true,"href":"https:\/\/hd-multimedia.com\/en\/wp-json\/wp\/v2\/media\/16104"}],"wp:attachment":[{"href":"https:\/\/hd-multimedia.com\/en\/wp-json\/wp\/v2\/media?parent=16102"}],"curies":[{"name":"wp","href":"https:\/\/api.w.org\/{rel}","templated":true}]}}