{"id":15984,"date":"2024-06-25T09:57:17","date_gmt":"2024-06-25T09:57:17","guid":{"rendered":"https:\/\/hd-multimedia.com\/?post_type=product&#038;p=15984"},"modified":"2026-02-24T13:38:22","modified_gmt":"2026-02-24T13:38:22","slug":"varro-ps250-subwoofer","status":"publish","type":"product","link":"https:\/\/hd-multimedia.com\/en\/trgovina\/varro-ps250-subwoofer\/","title":{"rendered":"Varro PS250 Subwoofer"},"content":{"rendered":"<p>ELAC&#039;s 95-year tradition of creating audio excellence is reflected in these subwoofers, designed for deep bass, power and dynamic capabilities, fitting perfectly into any environment. Advanced app control, along with Auto EQ, optimizes room acoustics allowing for flexible placement without sacrificing performance, making ELAC subwoofers the best for every listening level.<\/p>\n<ul>\n<li><strong>Speaker Type:<\/strong> Bass Reflex<\/li>\n<li><strong>Woofer:<\/strong> 10\u201d Treated Paper<\/li>\n<li><strong>Frequency Response (Anechoic):<\/strong> 27Hz to 150Hz<\/li>\n<li><strong>Frequency Response (In Room):<\/strong> 24Hz to 150Hz<\/li>\n<li><strong>Maximum Output Level, SPL dB\/1m anechoic:<\/strong> 107 dB<\/li>\n<li><strong>Low pass crossover, Hz:<\/strong> 40Hz to 150Hz<\/li>\n<li><strong>Amplifier power, @4 Ohm (RMS\/Peak):<\/strong> 250\/500 Watts<\/li>\n<li><strong>App Controlled (BLE):<\/strong> iOS and Android<\/li>\n<li><strong>Amplifier Topology:<\/strong> BASH<\/li>\n<li><strong>Standby Power Consumption:<\/strong> &lt; 0.5W<\/li>\n<li><strong>Inputs:<\/strong> RCA Line Level<\/li>\n<li><strong>Data Connection:<\/strong> USB (Firmware Update)<\/li>\n<li><strong>Cabinet Finish:<\/strong> Black Vinyl<\/li>\n<li><strong>Accessories Included:<\/strong> Grille, AC power Cord, Spikes<\/li>\n<li><strong>Height:<\/strong> 381 mm<\/li>\n<li><strong>Width:<\/strong> 360 mm<\/li>\n<li><strong>Depth:<\/strong> 360 mm<\/li>\n<li><strong>Net Weight:<\/strong> 16.4 Kg<\/li>\n<\/ul>\n<p><a href=\"https:\/\/www.elac.com\/ps250\" target=\"_blank\" rel=\"noopener\">You can find other information at this link.<\/a><\/p>","protected":false},"excerpt":{"rendered":"<p>The Varro PS250 Subwoofer from ELAC is a powerful, bold and dynamic addition to their new Premium subwoofer series, offering exceptional power and performance in a sleek, contemporary design. Utilizing BASH amplifiers, advanced app control and ELAC\u2019s revolutionary Auto EQ system, these subwoofers provide an affordable yet high-quality solution for home theater or music systems. ELAC pioneered app-controlled subwoofers, allowing calibration and control from a smartphone and supporting multiple subwoofers simultaneously. Vinyl-wrapped, sleek and acoustically balanced cabinets are damped and internally reinforced to eliminate unwanted resonances, while a treated paper cone driver with a large 2.0\u201d voice coil provides increased power handling and thermal regulation for higher output. Dual 28-Bit DSP with a master clock frequency of 147mHz processes audio signals with high precision and minimal latency.<\/p>\n<p><a href=\"https:\/\/www.elac.com\/ps250\" target=\"_blank\" rel=\"noopener\">You can find other information at this link.<\/a><\/p>","protected":false},"featured_media":15988,"template":"","meta":{"site-sidebar-layout":"default","site-content-layout":"","ast-site-content-layout":"default","site-content-style":"default","site-sidebar-style":"default","ast-global-header-display":"","ast-banner-title-visibility":"","ast-main-header-display":"","ast-hfb-above-header-display":"","ast-hfb-below-header-display":"","ast-hfb-mobile-header-display":"","site-post-title":"","ast-breadcrumbs-content":"","ast-featured-img":"","footer-sml-layout":"","theme-transparent-header-meta":"default","adv-header-id-meta":"","stick-header-meta":"default","header-above-stick-meta":"","header-main-stick-meta":"","header-below-stick-meta":"","astra-migrate-meta-layouts":"set","ast-page-background-enabled":"default","ast-page-background-meta":{"desktop":{"background-color":"","background-image":"","background-repeat":"repeat","background-position":"center center","background-size":"auto","background-attachment":"scroll","background-type":"","background-media":"","overlay-type":"","overlay-color":"","overlay-opacity":"","overlay-gradient":""},"tablet":{"background-color":"","background-image":"","background-repeat":"repeat","background-position":"center center","background-size":"auto","background-attachment":"scroll","background-type":"","background-media":"","overlay-type":"","overlay-color":"","overlay-opacity":"","overlay-gradient":""},"mobile":{"background-color":"","background-image":"","background-repeat":"repeat","background-position":"center center","background-size":"auto","background-attachment":"scroll","background-type":"","background-media":"","overlay-type":"","overlay-color":"","overlay-opacity":"","overlay-gradient":""}},"ast-content-background-meta":{"desktop":{"background-color":"var(--ast-global-color-5)","background-image":"","background-repeat":"repeat","background-position":"center center","background-size":"auto","background-attachment":"scroll","background-type":"","background-media":"","overlay-type":"","overlay-color":"","overlay-opacity":"","overlay-gradient":""},"tablet":{"background-color":"var(--ast-global-color-5)","background-image":"","background-repeat":"repeat","background-position":"center center","background-size":"auto","background-attachment":"scroll","background-type":"","background-media":"","overlay-type":"","overlay-color":"","overlay-opacity":"","overlay-gradient":""},"mobile":{"background-color":"var(--ast-global-color-5)","background-image":"","background-repeat":"repeat","background-position":"center center","background-size":"auto","background-attachment":"scroll","background-type":"","background-media":"","overlay-type":"","overlay-color":"","overlay-opacity":"","overlay-gradient":""}}},"class_list":["post-15984","product","type-product","status-publish","has-post-thumbnail","hentry","product_cat-subwoofer-home-theater","product_cat-elac","desktop-align-center","tablet-align-center","mobile-align-center","ast-product-gallery-layout-horizontal","ast-magnify-disabled","ast-product-tabs-layout-horizontal"],"yoast_head":"<!-- This site is optimized with the Yoast SEO plugin v21.4 - https:\/\/yoast.com\/wordpress\/plugins\/seo\/ -->\n<title>Varro PS250 Subwoofer - hd-multimedia<\/title>\n<meta name=\"description\" content=\"Varro PS250 Subwoofer tvrtke ELAC je sna\u017ean, hrabar i dinami\u010dan dodatak njihovoj novoj Premium seriji subwoofera, nude\u0107i izuzetnu snagu i performanse.\" \/>\n<meta name=\"robots\" content=\"index, follow, max-snippet:-1, max-image-preview:large, max-video-preview:-1\" \/>\n<link rel=\"canonical\" href=\"https:\/\/hd-multimedia.com\/en\/trgovina\/varro-ps250-subwoofer\/\" \/>\n<meta property=\"og:locale\" content=\"en_GB\" \/>\n<meta property=\"og:type\" content=\"article\" \/>\n<meta property=\"og:title\" content=\"Varro PS250 Subwoofer - hd-multimedia\" \/>\n<meta property=\"og:description\" content=\"Varro PS250 Subwoofer tvrtke ELAC je sna\u017ean, hrabar i dinami\u010dan dodatak njihovoj novoj Premium seriji subwoofera, nude\u0107i izuzetnu snagu i performanse.\" \/>\n<meta property=\"og:url\" content=\"https:\/\/hd-multimedia.com\/en\/trgovina\/varro-ps250-subwoofer\/\" \/>\n<meta property=\"og:site_name\" content=\"hd-multimedia\" \/>\n<meta property=\"article:modified_time\" content=\"2026-02-24T13:38:22+00:00\" \/>\n<meta property=\"og:image\" content=\"https:\/\/hd-multimedia.com\/hdm_media\/g970ps250bk-o-other9-e1719313124251.webp\" \/>\n\t<meta property=\"og:image:width\" content=\"900\" \/>\n\t<meta property=\"og:image:height\" content=\"900\" \/>\n\t<meta property=\"og:image:type\" content=\"image\/webp\" \/>\n<meta name=\"twitter:card\" content=\"summary_large_image\" \/>\n<meta name=\"twitter:label1\" content=\"Estimated reading time\" \/>\n\t<meta name=\"twitter:data1\" content=\"1 minute\" \/>\n<script type=\"application\/ld+json\" class=\"yoast-schema-graph\">{\"@context\":\"https:\/\/schema.org\",\"@graph\":[{\"@type\":\"WebPage\",\"@id\":\"https:\/\/hd-multimedia.com\/trgovina\/varro-ps250-subwoofer\/\",\"url\":\"https:\/\/hd-multimedia.com\/trgovina\/varro-ps250-subwoofer\/\",\"name\":\"Varro PS250 Subwoofer - hd-multimedia\",\"isPartOf\":{\"@id\":\"https:\/\/hd-multimedia.com\/#website\"},\"datePublished\":\"2024-06-25T09:57:17+00:00\",\"dateModified\":\"2026-02-24T13:38:22+00:00\",\"description\":\"Varro PS250 Subwoofer tvrtke ELAC je sna\u017ean, hrabar i dinami\u010dan dodatak njihovoj novoj Premium seriji subwoofera, nude\u0107i izuzetnu snagu i performanse.\",\"breadcrumb\":{\"@id\":\"https:\/\/hd-multimedia.com\/trgovina\/varro-ps250-subwoofer\/#breadcrumb\"},\"inLanguage\":\"en-GB\",\"potentialAction\":[{\"@type\":\"ReadAction\",\"target\":[\"https:\/\/hd-multimedia.com\/trgovina\/varro-ps250-subwoofer\/\"]}]},{\"@type\":\"BreadcrumbList\",\"@id\":\"https:\/\/hd-multimedia.com\/trgovina\/varro-ps250-subwoofer\/#breadcrumb\",\"itemListElement\":[{\"@type\":\"ListItem\",\"position\":1,\"name\":\"Po\u010detna stranica\",\"item\":\"https:\/\/hd-multimedia.com\/\"},{\"@type\":\"ListItem\",\"position\":2,\"name\":\"Trgovina\",\"item\":\"https:\/\/hd-multimedia.com\/trgovina\/\"},{\"@type\":\"ListItem\",\"position\":3,\"name\":\"Varro PS250 Subwoofer\"}]},{\"@type\":\"WebSite\",\"@id\":\"https:\/\/hd-multimedia.com\/#website\",\"url\":\"https:\/\/hd-multimedia.com\/\",\"name\":\"hd-multimedia\",\"description\":\"\",\"publisher\":{\"@id\":\"https:\/\/hd-multimedia.com\/#organization\"},\"potentialAction\":[{\"@type\":\"SearchAction\",\"target\":{\"@type\":\"EntryPoint\",\"urlTemplate\":\"https:\/\/hd-multimedia.com\/?s={search_term_string}\"},\"query-input\":\"required name=search_term_string\"}],\"inLanguage\":\"en-GB\"},{\"@type\":\"Organization\",\"@id\":\"https:\/\/hd-multimedia.com\/#organization\",\"name\":\"hd-multimedia\",\"url\":\"https:\/\/hd-multimedia.com\/\",\"logo\":{\"@type\":\"ImageObject\",\"inLanguage\":\"en-GB\",\"@id\":\"https:\/\/hd-multimedia.com\/#\/schema\/logo\/image\/\",\"url\":\"https:\/\/hd-multimedia.com\/hdm_media\/HD-curves-ok-196-56px-alpha-1.png\",\"contentUrl\":\"https:\/\/hd-multimedia.com\/hdm_media\/HD-curves-ok-196-56px-alpha-1.png\",\"width\":196,\"height\":53,\"caption\":\"hd-multimedia\"},\"image\":{\"@id\":\"https:\/\/hd-multimedia.com\/#\/schema\/logo\/image\/\"}}]}<\/script>\n<!-- \/ Yoast SEO plugin. -->","yoast_head_json":{"title":"Varro PS250 Subwoofer - hd-multimedia","description":"Varro PS250 Subwoofer tvrtke ELAC je sna\u017ean, hrabar i dinami\u010dan dodatak njihovoj novoj Premium seriji subwoofera, nude\u0107i izuzetnu snagu i performanse.","robots":{"index":"index","follow":"follow","max-snippet":"max-snippet:-1","max-image-preview":"max-image-preview:large","max-video-preview":"max-video-preview:-1"},"canonical":"https:\/\/hd-multimedia.com\/en\/trgovina\/varro-ps250-subwoofer\/","og_locale":"en_GB","og_type":"article","og_title":"Varro PS250 Subwoofer - hd-multimedia","og_description":"Varro PS250 Subwoofer tvrtke ELAC je sna\u017ean, hrabar i dinami\u010dan dodatak njihovoj novoj Premium seriji subwoofera, nude\u0107i izuzetnu snagu i performanse.","og_url":"https:\/\/hd-multimedia.com\/en\/trgovina\/varro-ps250-subwoofer\/","og_site_name":"hd-multimedia","article_modified_time":"2026-02-24T13:38:22+00:00","og_image":[{"width":900,"height":900,"url":"https:\/\/hd-multimedia.com\/hdm_media\/g970ps250bk-o-other9-e1719313124251.webp","type":"image\/webp"}],"twitter_card":"summary_large_image","twitter_misc":{"Estimated reading time":"1 minute"},"schema":{"@context":"https:\/\/schema.org","@graph":[{"@type":"WebPage","@id":"https:\/\/hd-multimedia.com\/trgovina\/varro-ps250-subwoofer\/","url":"https:\/\/hd-multimedia.com\/trgovina\/varro-ps250-subwoofer\/","name":"Varro PS250 Subwoofer - hd-multimedia","isPartOf":{"@id":"https:\/\/hd-multimedia.com\/#website"},"datePublished":"2024-06-25T09:57:17+00:00","dateModified":"2026-02-24T13:38:22+00:00","description":"Varro PS250 Subwoofer tvrtke ELAC je sna\u017ean, hrabar i dinami\u010dan dodatak njihovoj novoj Premium seriji subwoofera, nude\u0107i izuzetnu snagu i performanse.","breadcrumb":{"@id":"https:\/\/hd-multimedia.com\/trgovina\/varro-ps250-subwoofer\/#breadcrumb"},"inLanguage":"en-GB","potentialAction":[{"@type":"ReadAction","target":["https:\/\/hd-multimedia.com\/trgovina\/varro-ps250-subwoofer\/"]}]},{"@type":"BreadcrumbList","@id":"https:\/\/hd-multimedia.com\/trgovina\/varro-ps250-subwoofer\/#breadcrumb","itemListElement":[{"@type":"ListItem","position":1,"name":"Po\u010detna stranica","item":"https:\/\/hd-multimedia.com\/"},{"@type":"ListItem","position":2,"name":"Trgovina","item":"https:\/\/hd-multimedia.com\/trgovina\/"},{"@type":"ListItem","position":3,"name":"Varro PS250 Subwoofer"}]},{"@type":"WebSite","@id":"https:\/\/hd-multimedia.com\/#website","url":"https:\/\/hd-multimedia.com\/","name":"hd-multimedia","description":"","publisher":{"@id":"https:\/\/hd-multimedia.com\/#organization"},"potentialAction":[{"@type":"SearchAction","target":{"@type":"EntryPoint","urlTemplate":"https:\/\/hd-multimedia.com\/?s={search_term_string}"},"query-input":"required name=search_term_string"}],"inLanguage":"en-GB"},{"@type":"Organization","@id":"https:\/\/hd-multimedia.com\/#organization","name":"hd-multimedia","url":"https:\/\/hd-multimedia.com\/","logo":{"@type":"ImageObject","inLanguage":"en-GB","@id":"https:\/\/hd-multimedia.com\/#\/schema\/logo\/image\/","url":"https:\/\/hd-multimedia.com\/hdm_media\/HD-curves-ok-196-56px-alpha-1.png","contentUrl":"https:\/\/hd-multimedia.com\/hdm_media\/HD-curves-ok-196-56px-alpha-1.png","width":196,"height":53,"caption":"hd-multimedia"},"image":{"@id":"https:\/\/hd-multimedia.com\/#\/schema\/logo\/image\/"}}]}},"post_mailing_queue_ids":[],"_links":{"self":[{"href":"https:\/\/hd-multimedia.com\/en\/wp-json\/wp\/v2\/product\/15984","targetHints":{"allow":["GET"]}}],"collection":[{"href":"https:\/\/hd-multimedia.com\/en\/wp-json\/wp\/v2\/product"}],"about":[{"href":"https:\/\/hd-multimedia.com\/en\/wp-json\/wp\/v2\/types\/product"}],"version-history":[{"count":7,"href":"https:\/\/hd-multimedia.com\/en\/wp-json\/wp\/v2\/product\/15984\/revisions"}],"predecessor-version":[{"id":18118,"href":"https:\/\/hd-multimedia.com\/en\/wp-json\/wp\/v2\/product\/15984\/revisions\/18118"}],"wp:featuredmedia":[{"embeddable":true,"href":"https:\/\/hd-multimedia.com\/en\/wp-json\/wp\/v2\/media\/15988"}],"wp:attachment":[{"href":"https:\/\/hd-multimedia.com\/en\/wp-json\/wp\/v2\/media?parent=15984"}],"curies":[{"name":"wp","href":"https:\/\/api.w.org\/{rel}","templated":true}]}}