{"id":15972,"date":"2024-06-25T08:48:39","date_gmt":"2024-06-25T08:48:39","guid":{"rendered":"https:\/\/hd-multimedia.com\/?post_type=product&#038;p=15972"},"modified":"2026-05-12T08:22:00","modified_gmt":"2026-05-12T08:22:00","slug":"elac-designer-series-dcb41-ds","status":"publish","type":"product","link":"https:\/\/hd-multimedia.com\/en\/trgovina\/elac-designer-series-dcb41-ds\/","title":{"rendered":"ELAC Designer Series DCB41-DS (pair)"},"content":{"rendered":"<div class=\"flex-shrink-0 flex flex-col relative items-end\">\n<div>\n<div class=\"pt-0.5 juice:pt-0\">\n<div class=\"gizmo-bot-avatar flex h-6 w-6 items-center justify-center overflow-hidden rounded-full juice:h-8 juice:w-8\">\n<div class=\"relative p-1 rounded-sm flex items-center justify-center bg-token-main-surface-primary text-token-text-primary h-8 w-8\"><\/div>\n<\/div>\n<\/div>\n<\/div>\n<\/div>\n<div class=\"group\/conversation-turn relative flex w-full min-w-0 flex-col agent-turn\">\n<div class=\"flex-col gap-1 md:gap-3\">\n<div class=\"flex flex-grow flex-col max-w-full\">\n<div class=\"min-h-[20px] text-message flex flex-col items-start whitespace-pre-wrap break-words [.text-message+&amp;]:mt-5 juice:w-full juice:items-end overflow-x-auto gap-2\" dir=\"auto\" data-message-author-role=\"assistant\" data-message-id=\"5bc01648-2b64-44dc-90d1-459a9309d8d8\">\n<div class=\"flex w-full flex-col gap-1 juice:empty:hidden juice:first:pt-[3px]\">\n<div class=\"markdown prose w-full break-words dark:prose-invert dark\">\n<h3>Specifications<\/h3>\n<p><strong>Speaker Type:<\/strong> Bass Reflex \/ Powered<br \/>\n<strong>Amplifier Power:<\/strong> 50 Watts x 2<br \/>\n<strong>Tweeter:<\/strong> \u00be&#8221; Soft Dome<br \/>\n<strong>Woofer:<\/strong> 4-1\/2&#8243; Polypropylene<br \/>\n<strong>Frequency Response:<\/strong><\/p>\n<ul>\n<li>Anechoic: 66Hz &#8211; 25,000Hz<\/li>\n<li>In-Room: 50Hz &#8211; 25,000Hz<br \/>\n<strong>Total Harmonic Distortion (THD):<\/strong> \u2264 0.20%<br \/>\n<strong>Signal to Noise Ratio (S\/N):<\/strong> \u2265 90 dB<br \/>\n<strong>Maximum System Output:<\/strong> 102dB @1m<\/li>\n<\/ul>\n<p><strong>Inputs:<\/strong><\/p>\n<ul>\n<li>HDMI (ARC) x 1<\/li>\n<li>Line \/ Phono (Switchable) x 1<\/li>\n<li>USB (96kHz 24-Bit) x 1<\/li>\n<li>Optical x 1<\/li>\n<li>Bluetooth (AptX)<\/li>\n<\/ul>\n<p><strong>Outputs:<\/strong><\/p>\n<ul>\n<li>Subwoofer<\/li>\n<li>Speaker<\/li>\n<\/ul>\n<p><strong>Remote Control:<\/strong> Yes (Infrared)<br \/>\n<strong>Firmware Upgradeable:<\/strong> Yes (via USB)<br \/>\n<strong>Voltage:<\/strong> 120-240 Volts<\/p>\n<p><a href=\"https:\/\/www.elac.com\/dcb41-ds\" target=\"_blank\" rel=\"noopener\">Ostale informacije mo\u017eete prona\u0107i na ovom linku<\/a><\/p>\n<p>&nbsp;<\/p>\n<\/div>\n<\/div>\n<\/div>\n<\/div>\n<\/div>\n<\/div>\n","protected":false},"excerpt":{"rendered":"<p>The collaboration between ELAC and ADSUM seamlessly blends ELAC&#039;s commitment to audio excellence with ADSUM&#039;s distinctive aesthetic, reflecting the dynamic pulse of city life. Debut ConneX Adsum, with its elegant design inspired by metropolitan landscapes, offers an unparalleled sensory experience for modern audiophiles and fashion-conscious individuals. This compact yet powerful device features a built-in amplifier and an impressive array of connectivity options, including USB Audio, HDMI eARC, Bluetooth AptX, Phono Preamp, Analog and Optical inputs, making it easy to integrate high-quality sound anywhere. The Debut ConneX features a long excursion woofer with a wide-curved surround for increased bass output and includes ELAC&#039;s proprietary XBass Enhancer for superior bass extension and output. A rear-facing bass reflex port in an \u201cS\u201d configuration further enhances low-frequency performance while minimizing noise, allowing users to connect almost any device for a truly immersive audio experience.<\/p>\n<p>The price refers to a pair (2 speakers)<\/p>\n<p><a href=\"https:\/\/www.elac.com\/dcb41-ds\" target=\"_blank\" rel=\"noopener\">You can find other information at this link.<\/a><\/p>","protected":false},"featured_media":15976,"template":"","meta":{"site-sidebar-layout":"default","site-content-layout":"","ast-site-content-layout":"default","site-content-style":"default","site-sidebar-style":"default","ast-global-header-display":"","ast-banner-title-visibility":"","ast-main-header-display":"","ast-hfb-above-header-display":"","ast-hfb-below-header-display":"","ast-hfb-mobile-header-display":"","site-post-title":"","ast-breadcrumbs-content":"","ast-featured-img":"","footer-sml-layout":"","theme-transparent-header-meta":"default","adv-header-id-meta":"","stick-header-meta":"default","header-above-stick-meta":"","header-main-stick-meta":"","header-below-stick-meta":"","astra-migrate-meta-layouts":"set","ast-page-background-enabled":"default","ast-page-background-meta":{"desktop":{"background-color":"","background-image":"","background-repeat":"repeat","background-position":"center center","background-size":"auto","background-attachment":"scroll","background-type":"","background-media":"","overlay-type":"","overlay-color":"","overlay-opacity":"","overlay-gradient":""},"tablet":{"background-color":"","background-image":"","background-repeat":"repeat","background-position":"center center","background-size":"auto","background-attachment":"scroll","background-type":"","background-media":"","overlay-type":"","overlay-color":"","overlay-opacity":"","overlay-gradient":""},"mobile":{"background-color":"","background-image":"","background-repeat":"repeat","background-position":"center center","background-size":"auto","background-attachment":"scroll","background-type":"","background-media":"","overlay-type":"","overlay-color":"","overlay-opacity":"","overlay-gradient":""}},"ast-content-background-meta":{"desktop":{"background-color":"var(--ast-global-color-5)","background-image":"","background-repeat":"repeat","background-position":"center center","background-size":"auto","background-attachment":"scroll","background-type":"","background-media":"","overlay-type":"","overlay-color":"","overlay-opacity":"","overlay-gradient":""},"tablet":{"background-color":"var(--ast-global-color-5)","background-image":"","background-repeat":"repeat","background-position":"center center","background-size":"auto","background-attachment":"scroll","background-type":"","background-media":"","overlay-type":"","overlay-color":"","overlay-opacity":"","overlay-gradient":""},"mobile":{"background-color":"var(--ast-global-color-5)","background-image":"","background-repeat":"repeat","background-position":"center center","background-size":"auto","background-attachment":"scroll","background-type":"","background-media":"","overlay-type":"","overlay-color":"","overlay-opacity":"","overlay-gradient":""}}},"class_list":["post-15972","product","type-product","status-publish","has-post-thumbnail","hentry","product_cat-aktivne-zvucne-kutije","product_cat-elac","desktop-align-center","tablet-align-center","mobile-align-center","ast-product-gallery-layout-horizontal","ast-magnify-disabled","ast-product-tabs-layout-horizontal"],"yoast_head":"<!-- This site is optimized with the Yoast SEO plugin v27.5 - https:\/\/yoast.com\/product\/yoast-seo-wordpress\/ -->\n<title>ELAC Designer Series DCB41-DS (par) - hd-multimedia<\/title>\n<meta name=\"description\" content=\"Debut ConneX ima dugi ekskurzijski woofer sa \u0161iroko uvijenom okolinom za pove\u0107ani izlaz basova i uklju\u010duje ELAC-ov vlasni\u010dki XBass Enhancer\" \/>\n<meta name=\"robots\" content=\"index, follow, max-snippet:-1, max-image-preview:large, max-video-preview:-1\" \/>\n<link rel=\"canonical\" href=\"https:\/\/hd-multimedia.com\/en\/trgovina\/elac-designer-series-dcb41-ds\/\" \/>\n<meta property=\"og:locale\" content=\"en_GB\" \/>\n<meta property=\"og:type\" content=\"article\" \/>\n<meta property=\"og:title\" content=\"ELAC Designer Series DCB41-DS (par) - hd-multimedia\" \/>\n<meta property=\"og:description\" content=\"Debut ConneX ima dugi ekskurzijski woofer sa \u0161iroko uvijenom okolinom za pove\u0107ani izlaz basova i uklju\u010duje ELAC-ov vlasni\u010dki XBass Enhancer\" \/>\n<meta property=\"og:url\" content=\"https:\/\/hd-multimedia.com\/en\/trgovina\/elac-designer-series-dcb41-ds\/\" \/>\n<meta property=\"og:site_name\" content=\"hd-multimedia\" \/>\n<meta property=\"article:modified_time\" content=\"2026-05-12T08:22:00+00:00\" \/>\n<meta property=\"og:image\" content=\"https:\/\/hd-multimedia.com\/hdm_media\/D0A9807-e-e1719307855642.webp\" \/>\n\t<meta property=\"og:image:width\" content=\"900\" \/>\n\t<meta property=\"og:image:height\" content=\"900\" \/>\n\t<meta property=\"og:image:type\" content=\"image\/webp\" \/>\n<meta name=\"twitter:card\" content=\"summary_large_image\" \/>\n<meta name=\"twitter:label1\" content=\"Estimated reading time\" \/>\n\t<meta name=\"twitter:data1\" content=\"1 minute\" \/>\n<script type=\"application\/ld+json\" class=\"yoast-schema-graph\">{\"@context\":\"https:\\\/\\\/schema.org\",\"@graph\":[{\"@type\":\"WebPage\",\"@id\":\"https:\\\/\\\/hd-multimedia.com\\\/trgovina\\\/elac-designer-series-dcb41-ds\\\/\",\"url\":\"https:\\\/\\\/hd-multimedia.com\\\/trgovina\\\/elac-designer-series-dcb41-ds\\\/\",\"name\":\"ELAC Designer Series DCB41-DS (par) - hd-multimedia\",\"isPartOf\":{\"@id\":\"https:\\\/\\\/hd-multimedia.com\\\/#website\"},\"primaryImageOfPage\":{\"@id\":\"https:\\\/\\\/hd-multimedia.com\\\/trgovina\\\/elac-designer-series-dcb41-ds\\\/#primaryimage\"},\"image\":{\"@id\":\"https:\\\/\\\/hd-multimedia.com\\\/trgovina\\\/elac-designer-series-dcb41-ds\\\/#primaryimage\"},\"thumbnailUrl\":\"https:\\\/\\\/hd-multimedia.com\\\/hdm_media\\\/D0A9807-e-e1719307855642.webp\",\"datePublished\":\"2024-06-25T08:48:39+00:00\",\"dateModified\":\"2026-05-12T08:22:00+00:00\",\"description\":\"Debut ConneX ima dugi ekskurzijski woofer sa \u0161iroko uvijenom okolinom za pove\u0107ani izlaz basova i uklju\u010duje ELAC-ov vlasni\u010dki XBass Enhancer\",\"breadcrumb\":{\"@id\":\"https:\\\/\\\/hd-multimedia.com\\\/trgovina\\\/elac-designer-series-dcb41-ds\\\/#breadcrumb\"},\"inLanguage\":\"en-GB\",\"potentialAction\":[{\"@type\":\"ReadAction\",\"target\":[\"https:\\\/\\\/hd-multimedia.com\\\/trgovina\\\/elac-designer-series-dcb41-ds\\\/\"]}]},{\"@type\":\"ImageObject\",\"inLanguage\":\"en-GB\",\"@id\":\"https:\\\/\\\/hd-multimedia.com\\\/trgovina\\\/elac-designer-series-dcb41-ds\\\/#primaryimage\",\"url\":\"https:\\\/\\\/hd-multimedia.com\\\/hdm_media\\\/D0A9807-e-e1719307855642.webp\",\"contentUrl\":\"https:\\\/\\\/hd-multimedia.com\\\/hdm_media\\\/D0A9807-e-e1719307855642.webp\",\"width\":900,\"height\":900,\"caption\":\"ELAC Designer Series DCB41-DS\"},{\"@type\":\"BreadcrumbList\",\"@id\":\"https:\\\/\\\/hd-multimedia.com\\\/trgovina\\\/elac-designer-series-dcb41-ds\\\/#breadcrumb\",\"itemListElement\":[{\"@type\":\"ListItem\",\"position\":1,\"name\":\"Po\u010detna stranica\",\"item\":\"https:\\\/\\\/hd-multimedia.com\\\/\"},{\"@type\":\"ListItem\",\"position\":2,\"name\":\"Trgovina\",\"item\":\"https:\\\/\\\/hd-multimedia.com\\\/trgovina\\\/\"},{\"@type\":\"ListItem\",\"position\":3,\"name\":\"ELAC Designer Series DCB41-DS (par)\"}]},{\"@type\":\"WebSite\",\"@id\":\"https:\\\/\\\/hd-multimedia.com\\\/#website\",\"url\":\"https:\\\/\\\/hd-multimedia.com\\\/\",\"name\":\"hd-multimedia\",\"description\":\"\",\"publisher\":{\"@id\":\"https:\\\/\\\/hd-multimedia.com\\\/#organization\"},\"potentialAction\":[{\"@type\":\"SearchAction\",\"target\":{\"@type\":\"EntryPoint\",\"urlTemplate\":\"https:\\\/\\\/hd-multimedia.com\\\/?s={search_term_string}\"},\"query-input\":{\"@type\":\"PropertyValueSpecification\",\"valueRequired\":true,\"valueName\":\"search_term_string\"}}],\"inLanguage\":\"en-GB\"},{\"@type\":\"Organization\",\"@id\":\"https:\\\/\\\/hd-multimedia.com\\\/#organization\",\"name\":\"hd-multimedia\",\"url\":\"https:\\\/\\\/hd-multimedia.com\\\/\",\"logo\":{\"@type\":\"ImageObject\",\"inLanguage\":\"en-GB\",\"@id\":\"https:\\\/\\\/hd-multimedia.com\\\/#\\\/schema\\\/logo\\\/image\\\/\",\"url\":\"https:\\\/\\\/hd-multimedia.com\\\/hdm_media\\\/HD-curves-ok-196-56px-alpha-1.png\",\"contentUrl\":\"https:\\\/\\\/hd-multimedia.com\\\/hdm_media\\\/HD-curves-ok-196-56px-alpha-1.png\",\"width\":196,\"height\":53,\"caption\":\"hd-multimedia\"},\"image\":{\"@id\":\"https:\\\/\\\/hd-multimedia.com\\\/#\\\/schema\\\/logo\\\/image\\\/\"}}]}<\/script>\n<!-- \/ Yoast SEO plugin. -->","yoast_head_json":{"title":"ELAC Designer Series DCB41-DS (par) - hd-multimedia","description":"Debut ConneX ima dugi ekskurzijski woofer sa \u0161iroko uvijenom okolinom za pove\u0107ani izlaz basova i uklju\u010duje ELAC-ov vlasni\u010dki XBass Enhancer","robots":{"index":"index","follow":"follow","max-snippet":"max-snippet:-1","max-image-preview":"max-image-preview:large","max-video-preview":"max-video-preview:-1"},"canonical":"https:\/\/hd-multimedia.com\/en\/trgovina\/elac-designer-series-dcb41-ds\/","og_locale":"en_GB","og_type":"article","og_title":"ELAC Designer Series DCB41-DS (par) - hd-multimedia","og_description":"Debut ConneX ima dugi ekskurzijski woofer sa \u0161iroko uvijenom okolinom za pove\u0107ani izlaz basova i uklju\u010duje ELAC-ov vlasni\u010dki XBass Enhancer","og_url":"https:\/\/hd-multimedia.com\/en\/trgovina\/elac-designer-series-dcb41-ds\/","og_site_name":"hd-multimedia","article_modified_time":"2026-05-12T08:22:00+00:00","og_image":[{"width":900,"height":900,"url":"https:\/\/hd-multimedia.com\/hdm_media\/D0A9807-e-e1719307855642.webp","type":"image\/webp"}],"twitter_card":"summary_large_image","twitter_misc":{"Estimated reading time":"1 minute"},"schema":{"@context":"https:\/\/schema.org","@graph":[{"@type":"WebPage","@id":"https:\/\/hd-multimedia.com\/trgovina\/elac-designer-series-dcb41-ds\/","url":"https:\/\/hd-multimedia.com\/trgovina\/elac-designer-series-dcb41-ds\/","name":"ELAC Designer Series DCB41-DS (par) - hd-multimedia","isPartOf":{"@id":"https:\/\/hd-multimedia.com\/#website"},"primaryImageOfPage":{"@id":"https:\/\/hd-multimedia.com\/trgovina\/elac-designer-series-dcb41-ds\/#primaryimage"},"image":{"@id":"https:\/\/hd-multimedia.com\/trgovina\/elac-designer-series-dcb41-ds\/#primaryimage"},"thumbnailUrl":"https:\/\/hd-multimedia.com\/hdm_media\/D0A9807-e-e1719307855642.webp","datePublished":"2024-06-25T08:48:39+00:00","dateModified":"2026-05-12T08:22:00+00:00","description":"Debut ConneX ima dugi ekskurzijski woofer sa \u0161iroko uvijenom okolinom za pove\u0107ani izlaz basova i uklju\u010duje ELAC-ov vlasni\u010dki XBass Enhancer","breadcrumb":{"@id":"https:\/\/hd-multimedia.com\/trgovina\/elac-designer-series-dcb41-ds\/#breadcrumb"},"inLanguage":"en-GB","potentialAction":[{"@type":"ReadAction","target":["https:\/\/hd-multimedia.com\/trgovina\/elac-designer-series-dcb41-ds\/"]}]},{"@type":"ImageObject","inLanguage":"en-GB","@id":"https:\/\/hd-multimedia.com\/trgovina\/elac-designer-series-dcb41-ds\/#primaryimage","url":"https:\/\/hd-multimedia.com\/hdm_media\/D0A9807-e-e1719307855642.webp","contentUrl":"https:\/\/hd-multimedia.com\/hdm_media\/D0A9807-e-e1719307855642.webp","width":900,"height":900,"caption":"ELAC Designer Series DCB41-DS"},{"@type":"BreadcrumbList","@id":"https:\/\/hd-multimedia.com\/trgovina\/elac-designer-series-dcb41-ds\/#breadcrumb","itemListElement":[{"@type":"ListItem","position":1,"name":"Po\u010detna stranica","item":"https:\/\/hd-multimedia.com\/"},{"@type":"ListItem","position":2,"name":"Trgovina","item":"https:\/\/hd-multimedia.com\/trgovina\/"},{"@type":"ListItem","position":3,"name":"ELAC Designer Series DCB41-DS (par)"}]},{"@type":"WebSite","@id":"https:\/\/hd-multimedia.com\/#website","url":"https:\/\/hd-multimedia.com\/","name":"hd multimedia","description":"","publisher":{"@id":"https:\/\/hd-multimedia.com\/#organization"},"potentialAction":[{"@type":"SearchAction","target":{"@type":"EntryPoint","urlTemplate":"https:\/\/hd-multimedia.com\/?s={search_term_string}"},"query-input":{"@type":"PropertyValueSpecification","valueRequired":true,"valueName":"search_term_string"}}],"inLanguage":"en-GB"},{"@type":"Organization","@id":"https:\/\/hd-multimedia.com\/#organization","name":"hd multimedia","url":"https:\/\/hd-multimedia.com\/","logo":{"@type":"ImageObject","inLanguage":"en-GB","@id":"https:\/\/hd-multimedia.com\/#\/schema\/logo\/image\/","url":"https:\/\/hd-multimedia.com\/hdm_media\/HD-curves-ok-196-56px-alpha-1.png","contentUrl":"https:\/\/hd-multimedia.com\/hdm_media\/HD-curves-ok-196-56px-alpha-1.png","width":196,"height":53,"caption":"hd-multimedia"},"image":{"@id":"https:\/\/hd-multimedia.com\/#\/schema\/logo\/image\/"}}]}},"post_mailing_queue_ids":[],"_links":{"self":[{"href":"https:\/\/hd-multimedia.com\/en\/wp-json\/wp\/v2\/product\/15972","targetHints":{"allow":["GET"]}}],"collection":[{"href":"https:\/\/hd-multimedia.com\/en\/wp-json\/wp\/v2\/product"}],"about":[{"href":"https:\/\/hd-multimedia.com\/en\/wp-json\/wp\/v2\/types\/product"}],"version-history":[{"count":8,"href":"https:\/\/hd-multimedia.com\/en\/wp-json\/wp\/v2\/product\/15972\/revisions"}],"predecessor-version":[{"id":19645,"href":"https:\/\/hd-multimedia.com\/en\/wp-json\/wp\/v2\/product\/15972\/revisions\/19645"}],"wp:featuredmedia":[{"embeddable":true,"href":"https:\/\/hd-multimedia.com\/en\/wp-json\/wp\/v2\/media\/15976"}],"wp:attachment":[{"href":"https:\/\/hd-multimedia.com\/en\/wp-json\/wp\/v2\/media?parent=15972"}],"curies":[{"name":"wp","href":"https:\/\/api.w.org\/{rel}","templated":true}]}}