{"id":15356,"date":"2024-05-13T08:33:45","date_gmt":"2024-05-13T08:33:45","guid":{"rendered":"https:\/\/hd-multimedia.com\/?post_type=product&#038;p=15356"},"modified":"2025-04-15T11:35:58","modified_gmt":"2025-04-15T11:35:58","slug":"campfire-ponderosa-iem","status":"publish","type":"product","link":"https:\/\/hd-multimedia.com\/en\/trgovina\/campfire-ponderosa-iem\/","title":{"rendered":"Campfire Ponderosa IEM"},"content":{"rendered":"<ul>\n<li>Frequency Response: 5Hz\u201320 kHz<\/li>\n<li>SPL: 94 dB @ 1 kHz: 8.1 mVrms<\/li>\n<li>Impedance: 6 Ohms @ 1 kHz<\/li>\n<li>Less than 1% Total Harmonic Distortion<\/li>\n<\/ul>\n<p><a href=\"https:\/\/www.campfireaudio.com\/products\/ponderosa\" target=\"_blank\" rel=\"noopener\">You can find other information at this link.<\/a><\/p>","protected":false},"excerpt":{"rendered":"<p>The Campfire Ponderosa IEM provides a unique space to accommodate balanced armatures, allowing precise emphasis or reduction of specific frequency bands. In the Ponderosa, TAEC is applied to the dual driver circuit, resulting in an extremely detailed and precise high-frequency response. When combined with our three-way Phase Harmony Engineering, this ensures seamless interaction between the segmented high end and the rest of the frequency range. The Campfire Ponderosa IEM&#039;s patented Solid Body Design further enhances the listening experience by enabling direct installation of the drivers into a single, precision 3D printed &#039;engine block&#039;. This design optimizes sound transmission and emphasizes the drivers in a deliberate and precise manner, elevating the overall audio experience for the user.<\/p>\n<p><a href=\"https:\/\/www.campfireaudio.com\/products\/ponderosa\" target=\"_blank\" rel=\"noopener\">You can find other information at this link.<\/a><\/p>","protected":false},"featured_media":15360,"template":"","meta":{"site-sidebar-layout":"default","site-content-layout":"","ast-site-content-layout":"default","site-content-style":"default","site-sidebar-style":"default","ast-global-header-display":"","ast-banner-title-visibility":"","ast-main-header-display":"","ast-hfb-above-header-display":"","ast-hfb-below-header-display":"","ast-hfb-mobile-header-display":"","site-post-title":"","ast-breadcrumbs-content":"","ast-featured-img":"","footer-sml-layout":"","theme-transparent-header-meta":"default","adv-header-id-meta":"","stick-header-meta":"default","header-above-stick-meta":"","header-main-stick-meta":"","header-below-stick-meta":"","astra-migrate-meta-layouts":"set","ast-page-background-enabled":"default","ast-page-background-meta":{"desktop":{"background-color":"","background-image":"","background-repeat":"repeat","background-position":"center center","background-size":"auto","background-attachment":"scroll","background-type":"","background-media":"","overlay-type":"","overlay-color":"","overlay-opacity":"","overlay-gradient":""},"tablet":{"background-color":"","background-image":"","background-repeat":"repeat","background-position":"center center","background-size":"auto","background-attachment":"scroll","background-type":"","background-media":"","overlay-type":"","overlay-color":"","overlay-opacity":"","overlay-gradient":""},"mobile":{"background-color":"","background-image":"","background-repeat":"repeat","background-position":"center center","background-size":"auto","background-attachment":"scroll","background-type":"","background-media":"","overlay-type":"","overlay-color":"","overlay-opacity":"","overlay-gradient":""}},"ast-content-background-meta":{"desktop":{"background-color":"var(--ast-global-color-5)","background-image":"","background-repeat":"repeat","background-position":"center center","background-size":"auto","background-attachment":"scroll","background-type":"","background-media":"","overlay-type":"","overlay-color":"","overlay-opacity":"","overlay-gradient":""},"tablet":{"background-color":"var(--ast-global-color-5)","background-image":"","background-repeat":"repeat","background-position":"center center","background-size":"auto","background-attachment":"scroll","background-type":"","background-media":"","overlay-type":"","overlay-color":"","overlay-opacity":"","overlay-gradient":""},"mobile":{"background-color":"var(--ast-global-color-5)","background-image":"","background-repeat":"repeat","background-position":"center center","background-size":"auto","background-attachment":"scroll","background-type":"","background-media":"","overlay-type":"","overlay-color":"","overlay-opacity":"","overlay-gradient":""}}},"class_list":["post-15356","product","type-product","status-publish","has-post-thumbnail","hentry","product_cat-campfire-audio","product_cat-usne-slusalice-iem","desktop-align-center","tablet-align-center","mobile-align-center","ast-product-gallery-layout-horizontal","ast-magnify-disabled","ast-product-tabs-layout-horizontal"],"yoast_head":"<!-- This site is optimized with the Yoast SEO plugin v21.4 - https:\/\/yoast.com\/wordpress\/plugins\/seo\/ -->\n<title>Campfire Ponderosa IEM - hd-multimedia<\/title>\n<meta name=\"description\" content=\"Campfire Ponderosa IEM pru\u017ea jedinstveni prostor za smje\u0161taj uravnote\u017eene armature, omogu\u0107uju\u0107i precizno isticanje frekvencijskih pojaseva.\" \/>\n<meta name=\"robots\" content=\"index, follow, max-snippet:-1, max-image-preview:large, max-video-preview:-1\" \/>\n<link rel=\"canonical\" href=\"https:\/\/hd-multimedia.com\/en\/trgovina\/campfire-ponderosa-iem\/\" \/>\n<meta property=\"og:locale\" content=\"en_GB\" \/>\n<meta property=\"og:type\" content=\"article\" \/>\n<meta property=\"og:title\" content=\"Campfire Ponderosa IEM - hd-multimedia\" \/>\n<meta property=\"og:description\" content=\"Campfire Ponderosa IEM pru\u017ea jedinstveni prostor za smje\u0161taj uravnote\u017eene armature, omogu\u0107uju\u0107i precizno isticanje frekvencijskih pojaseva.\" \/>\n<meta property=\"og:url\" content=\"https:\/\/hd-multimedia.com\/en\/trgovina\/campfire-ponderosa-iem\/\" \/>\n<meta property=\"og:site_name\" content=\"hd-multimedia\" \/>\n<meta property=\"article:modified_time\" content=\"2025-04-15T11:35:58+00:00\" \/>\n<meta property=\"og:image\" content=\"https:\/\/hd-multimedia.com\/hdm_media\/Ponderosa-Green-Shopify-2048_3.webp\" \/>\n\t<meta property=\"og:image:width\" content=\"823\" \/>\n\t<meta property=\"og:image:height\" content=\"823\" \/>\n\t<meta property=\"og:image:type\" content=\"image\/webp\" \/>\n<meta name=\"twitter:card\" content=\"summary_large_image\" \/>\n<meta name=\"twitter:label1\" content=\"Estimated reading time\" \/>\n\t<meta name=\"twitter:data1\" content=\"1 minute\" \/>\n<script type=\"application\/ld+json\" class=\"yoast-schema-graph\">{\"@context\":\"https:\/\/schema.org\",\"@graph\":[{\"@type\":\"WebPage\",\"@id\":\"https:\/\/hd-multimedia.com\/trgovina\/campfire-ponderosa-iem\/\",\"url\":\"https:\/\/hd-multimedia.com\/trgovina\/campfire-ponderosa-iem\/\",\"name\":\"Campfire Ponderosa IEM - hd-multimedia\",\"isPartOf\":{\"@id\":\"https:\/\/hd-multimedia.com\/#website\"},\"datePublished\":\"2024-05-13T08:33:45+00:00\",\"dateModified\":\"2025-04-15T11:35:58+00:00\",\"description\":\"Campfire Ponderosa IEM pru\u017ea jedinstveni prostor za smje\u0161taj uravnote\u017eene armature, omogu\u0107uju\u0107i precizno isticanje frekvencijskih pojaseva.\",\"breadcrumb\":{\"@id\":\"https:\/\/hd-multimedia.com\/trgovina\/campfire-ponderosa-iem\/#breadcrumb\"},\"inLanguage\":\"en-GB\",\"potentialAction\":[{\"@type\":\"ReadAction\",\"target\":[\"https:\/\/hd-multimedia.com\/trgovina\/campfire-ponderosa-iem\/\"]}]},{\"@type\":\"BreadcrumbList\",\"@id\":\"https:\/\/hd-multimedia.com\/trgovina\/campfire-ponderosa-iem\/#breadcrumb\",\"itemListElement\":[{\"@type\":\"ListItem\",\"position\":1,\"name\":\"Po\u010detna stranica\",\"item\":\"https:\/\/hd-multimedia.com\/\"},{\"@type\":\"ListItem\",\"position\":2,\"name\":\"Trgovina\",\"item\":\"https:\/\/hd-multimedia.com\/trgovina\/\"},{\"@type\":\"ListItem\",\"position\":3,\"name\":\"Campfire Ponderosa IEM\"}]},{\"@type\":\"WebSite\",\"@id\":\"https:\/\/hd-multimedia.com\/#website\",\"url\":\"https:\/\/hd-multimedia.com\/\",\"name\":\"hd-multimedia\",\"description\":\"\",\"publisher\":{\"@id\":\"https:\/\/hd-multimedia.com\/#organization\"},\"potentialAction\":[{\"@type\":\"SearchAction\",\"target\":{\"@type\":\"EntryPoint\",\"urlTemplate\":\"https:\/\/hd-multimedia.com\/?s={search_term_string}\"},\"query-input\":\"required name=search_term_string\"}],\"inLanguage\":\"en-GB\"},{\"@type\":\"Organization\",\"@id\":\"https:\/\/hd-multimedia.com\/#organization\",\"name\":\"hd-multimedia\",\"url\":\"https:\/\/hd-multimedia.com\/\",\"logo\":{\"@type\":\"ImageObject\",\"inLanguage\":\"en-GB\",\"@id\":\"https:\/\/hd-multimedia.com\/#\/schema\/logo\/image\/\",\"url\":\"https:\/\/hd-multimedia.com\/hdm_media\/HD-curves-ok-196-56px-alpha-1.png\",\"contentUrl\":\"https:\/\/hd-multimedia.com\/hdm_media\/HD-curves-ok-196-56px-alpha-1.png\",\"width\":196,\"height\":53,\"caption\":\"hd-multimedia\"},\"image\":{\"@id\":\"https:\/\/hd-multimedia.com\/#\/schema\/logo\/image\/\"}}]}<\/script>\n<!-- \/ Yoast SEO plugin. -->","yoast_head_json":{"title":"Campfire Ponderosa IEM - hd-multimedia","description":"Campfire Ponderosa IEM pru\u017ea jedinstveni prostor za smje\u0161taj uravnote\u017eene armature, omogu\u0107uju\u0107i precizno isticanje frekvencijskih pojaseva.","robots":{"index":"index","follow":"follow","max-snippet":"max-snippet:-1","max-image-preview":"max-image-preview:large","max-video-preview":"max-video-preview:-1"},"canonical":"https:\/\/hd-multimedia.com\/en\/trgovina\/campfire-ponderosa-iem\/","og_locale":"en_GB","og_type":"article","og_title":"Campfire Ponderosa IEM - hd-multimedia","og_description":"Campfire Ponderosa IEM pru\u017ea jedinstveni prostor za smje\u0161taj uravnote\u017eene armature, omogu\u0107uju\u0107i precizno isticanje frekvencijskih pojaseva.","og_url":"https:\/\/hd-multimedia.com\/en\/trgovina\/campfire-ponderosa-iem\/","og_site_name":"hd-multimedia","article_modified_time":"2025-04-15T11:35:58+00:00","og_image":[{"width":823,"height":823,"url":"https:\/\/hd-multimedia.com\/hdm_media\/Ponderosa-Green-Shopify-2048_3.webp","type":"image\/webp"}],"twitter_card":"summary_large_image","twitter_misc":{"Estimated reading time":"1 minute"},"schema":{"@context":"https:\/\/schema.org","@graph":[{"@type":"WebPage","@id":"https:\/\/hd-multimedia.com\/trgovina\/campfire-ponderosa-iem\/","url":"https:\/\/hd-multimedia.com\/trgovina\/campfire-ponderosa-iem\/","name":"Campfire Ponderosa IEM - hd-multimedia","isPartOf":{"@id":"https:\/\/hd-multimedia.com\/#website"},"datePublished":"2024-05-13T08:33:45+00:00","dateModified":"2025-04-15T11:35:58+00:00","description":"Campfire Ponderosa IEM pru\u017ea jedinstveni prostor za smje\u0161taj uravnote\u017eene armature, omogu\u0107uju\u0107i precizno isticanje frekvencijskih pojaseva.","breadcrumb":{"@id":"https:\/\/hd-multimedia.com\/trgovina\/campfire-ponderosa-iem\/#breadcrumb"},"inLanguage":"en-GB","potentialAction":[{"@type":"ReadAction","target":["https:\/\/hd-multimedia.com\/trgovina\/campfire-ponderosa-iem\/"]}]},{"@type":"BreadcrumbList","@id":"https:\/\/hd-multimedia.com\/trgovina\/campfire-ponderosa-iem\/#breadcrumb","itemListElement":[{"@type":"ListItem","position":1,"name":"Po\u010detna stranica","item":"https:\/\/hd-multimedia.com\/"},{"@type":"ListItem","position":2,"name":"Trgovina","item":"https:\/\/hd-multimedia.com\/trgovina\/"},{"@type":"ListItem","position":3,"name":"Campfire Ponderosa IEM"}]},{"@type":"WebSite","@id":"https:\/\/hd-multimedia.com\/#website","url":"https:\/\/hd-multimedia.com\/","name":"hd-multimedia","description":"","publisher":{"@id":"https:\/\/hd-multimedia.com\/#organization"},"potentialAction":[{"@type":"SearchAction","target":{"@type":"EntryPoint","urlTemplate":"https:\/\/hd-multimedia.com\/?s={search_term_string}"},"query-input":"required name=search_term_string"}],"inLanguage":"en-GB"},{"@type":"Organization","@id":"https:\/\/hd-multimedia.com\/#organization","name":"hd-multimedia","url":"https:\/\/hd-multimedia.com\/","logo":{"@type":"ImageObject","inLanguage":"en-GB","@id":"https:\/\/hd-multimedia.com\/#\/schema\/logo\/image\/","url":"https:\/\/hd-multimedia.com\/hdm_media\/HD-curves-ok-196-56px-alpha-1.png","contentUrl":"https:\/\/hd-multimedia.com\/hdm_media\/HD-curves-ok-196-56px-alpha-1.png","width":196,"height":53,"caption":"hd-multimedia"},"image":{"@id":"https:\/\/hd-multimedia.com\/#\/schema\/logo\/image\/"}}]}},"post_mailing_queue_ids":[],"_links":{"self":[{"href":"https:\/\/hd-multimedia.com\/en\/wp-json\/wp\/v2\/product\/15356","targetHints":{"allow":["GET"]}}],"collection":[{"href":"https:\/\/hd-multimedia.com\/en\/wp-json\/wp\/v2\/product"}],"about":[{"href":"https:\/\/hd-multimedia.com\/en\/wp-json\/wp\/v2\/types\/product"}],"version-history":[{"count":4,"href":"https:\/\/hd-multimedia.com\/en\/wp-json\/wp\/v2\/product\/15356\/revisions"}],"predecessor-version":[{"id":15364,"href":"https:\/\/hd-multimedia.com\/en\/wp-json\/wp\/v2\/product\/15356\/revisions\/15364"}],"wp:featuredmedia":[{"embeddable":true,"href":"https:\/\/hd-multimedia.com\/en\/wp-json\/wp\/v2\/media\/15360"}],"wp:attachment":[{"href":"https:\/\/hd-multimedia.com\/en\/wp-json\/wp\/v2\/media?parent=15356"}],"curies":[{"name":"wp","href":"https:\/\/api.w.org\/{rel}","templated":true}]}}