{"id":15263,"date":"2024-05-03T10:29:21","date_gmt":"2024-05-03T10:29:21","guid":{"rendered":"https:\/\/hd-multimedia.com\/?post_type=product&#038;p=15263"},"modified":"2025-07-09T11:24:42","modified_gmt":"2025-07-09T11:24:42","slug":"fiio-m23","status":"publish","type":"product","link":"https:\/\/hd-multimedia.com\/en\/trgovina\/fiio-m23\/","title":{"rendered":"FiiO M23"},"content":{"rendered":"<ul>\n<li>Portable Hi-Res wireless Android music player.<\/li>\n<li>AKM AK4191EQ+AK4499EX High-End DAC setup.<\/li>\n<li>4-channel fully balanced THX AAA 78+ amplifier.<\/li>\n<li>Power of 1000 mW per channel.<\/li>\n<li>4-stage, 20-lane power supply architecture.<\/li>\n<li>Digital audio purification system.<\/li>\n<li>Global PEQ function.<\/li>\n<li>Globally everything in DSD.<\/li>\n<li>Qualcomm Snapdragon 660 SoC.<\/li>\n<li>28 high-capacity polymer tantalum capacitors.<\/li>\n<li>Fast charging in two modes.<\/li>\n<li>Dedicated desktop mode.<\/li>\n<li>Dual USB ports.<\/li>\n<li>High-capacity 5500mAh battery with support for fast charging (up to 30W).<\/li>\n<\/ul>\n<p><a href=\"https:\/\/www.fiio.com\/m23_parameters\" target=\"_blank\" rel=\"noopener\">You can find other information at this link.<\/a><\/p>","protected":false},"excerpt":{"rendered":"<p>The FiiO M23 features AKM&#039;s advanced AK4499EX and AK4191EQ DAC chipsets for unparalleled audio decoding, ensuring true reproduction of high-resolution PCM and DSD with minimal distortion and high SNR performance. It comes with a fully balanced 4-channel THX AAA 78+ amplifier, outputs up to 1W per channel in desktop mode, easily connecting various IEMs and headphones. With dual independent USB ports, one for power and charging, and the other for seamless connectivity with smartphones, the FiiO M23 sets a new standard in portable audio players. It also further improves sound quality with its Digital Audio Purification System (DAPS), which integrates its own HiFi audio core. FiiO M23 stands out with a large battery capacity of 5500mAh and support for fast charging of 30W, offering up to 10.5 hours of playback in single mode and up to 9 hours in balanced mode.<\/p>\n<p><a href=\"https:\/\/www.fiio.com\/m23\" target=\"_blank\" rel=\"noopener\">You can find other information at this link.<\/a><\/p>","protected":false},"featured_media":15264,"template":"","meta":{"site-sidebar-layout":"default","site-content-layout":"","ast-site-content-layout":"default","site-content-style":"default","site-sidebar-style":"default","ast-global-header-display":"","ast-banner-title-visibility":"","ast-main-header-display":"","ast-hfb-above-header-display":"","ast-hfb-below-header-display":"","ast-hfb-mobile-header-display":"","site-post-title":"","ast-breadcrumbs-content":"","ast-featured-img":"","footer-sml-layout":"","theme-transparent-header-meta":"default","adv-header-id-meta":"","stick-header-meta":"default","header-above-stick-meta":"","header-main-stick-meta":"","header-below-stick-meta":"","astra-migrate-meta-layouts":"set","ast-page-background-enabled":"default","ast-page-background-meta":{"desktop":{"background-color":"","background-image":"","background-repeat":"repeat","background-position":"center center","background-size":"auto","background-attachment":"scroll","background-type":"","background-media":"","overlay-type":"","overlay-color":"","overlay-opacity":"","overlay-gradient":""},"tablet":{"background-color":"","background-image":"","background-repeat":"repeat","background-position":"center center","background-size":"auto","background-attachment":"scroll","background-type":"","background-media":"","overlay-type":"","overlay-color":"","overlay-opacity":"","overlay-gradient":""},"mobile":{"background-color":"","background-image":"","background-repeat":"repeat","background-position":"center center","background-size":"auto","background-attachment":"scroll","background-type":"","background-media":"","overlay-type":"","overlay-color":"","overlay-opacity":"","overlay-gradient":""}},"ast-content-background-meta":{"desktop":{"background-color":"var(--ast-global-color-5)","background-image":"","background-repeat":"repeat","background-position":"center center","background-size":"auto","background-attachment":"scroll","background-type":"","background-media":"","overlay-type":"","overlay-color":"","overlay-opacity":"","overlay-gradient":""},"tablet":{"background-color":"var(--ast-global-color-5)","background-image":"","background-repeat":"repeat","background-position":"center center","background-size":"auto","background-attachment":"scroll","background-type":"","background-media":"","overlay-type":"","overlay-color":"","overlay-opacity":"","overlay-gradient":""},"mobile":{"background-color":"var(--ast-global-color-5)","background-image":"","background-repeat":"repeat","background-position":"center center","background-size":"auto","background-attachment":"scroll","background-type":"","background-media":"","overlay-type":"","overlay-color":"","overlay-opacity":"","overlay-gradient":""}}},"class_list":["post-15263","product","type-product","status-publish","has-post-thumbnail","hentry","product_cat-mobilni-playeri","product_cat-fiio","desktop-align-center","tablet-align-center","mobile-align-center","ast-product-gallery-layout-horizontal","ast-magnify-disabled","ast-product-tabs-layout-horizontal"],"yoast_head":"<!-- This site is optimized with the Yoast SEO plugin v21.4 - https:\/\/yoast.com\/wordpress\/plugins\/seo\/ -->\n<title>FiiO M23 - hd-multimedia<\/title>\n<meta name=\"description\" content=\"FiiO M23 ima AKM-ov napredni \u010dipset DAC-a AK4499EX i AK4191EQ za neusporedivo dekodiranje zvuka, osiguravaju\u0107i pravu reprodukciju PCM-a visoke razlu\u010divosti.\" \/>\n<meta name=\"robots\" content=\"index, follow, max-snippet:-1, max-image-preview:large, max-video-preview:-1\" \/>\n<link rel=\"canonical\" href=\"https:\/\/hd-multimedia.com\/en\/trgovina\/fiio-m23\/\" \/>\n<meta property=\"og:locale\" content=\"en_GB\" \/>\n<meta property=\"og:type\" content=\"article\" \/>\n<meta property=\"og:title\" content=\"FiiO M23 - hd-multimedia\" \/>\n<meta property=\"og:description\" content=\"FiiO M23 ima AKM-ov napredni \u010dipset DAC-a AK4499EX i AK4191EQ za neusporedivo dekodiranje zvuka, osiguravaju\u0107i pravu reprodukciju PCM-a visoke razlu\u010divosti.\" \/>\n<meta property=\"og:url\" content=\"https:\/\/hd-multimedia.com\/en\/trgovina\/fiio-m23\/\" \/>\n<meta property=\"og:site_name\" content=\"hd-multimedia\" \/>\n<meta property=\"article:modified_time\" content=\"2025-07-09T11:24:42+00:00\" \/>\n<meta property=\"og:image\" content=\"https:\/\/hd-multimedia.com\/hdm_media\/fiio-m23-portable-high-resolution-music-player-6604999eb479c_1920x1920.jpeg\" \/>\n\t<meta property=\"og:image:width\" content=\"1920\" \/>\n\t<meta property=\"og:image:height\" content=\"1920\" \/>\n\t<meta property=\"og:image:type\" content=\"image\/jpeg\" \/>\n<meta name=\"twitter:card\" content=\"summary_large_image\" \/>\n<meta name=\"twitter:label1\" content=\"Estimated reading time\" \/>\n\t<meta name=\"twitter:data1\" content=\"1 minute\" \/>\n<script type=\"application\/ld+json\" class=\"yoast-schema-graph\">{\"@context\":\"https:\/\/schema.org\",\"@graph\":[{\"@type\":\"WebPage\",\"@id\":\"https:\/\/hd-multimedia.com\/trgovina\/fiio-m23\/\",\"url\":\"https:\/\/hd-multimedia.com\/trgovina\/fiio-m23\/\",\"name\":\"FiiO M23 - hd-multimedia\",\"isPartOf\":{\"@id\":\"https:\/\/hd-multimedia.com\/#website\"},\"datePublished\":\"2024-05-03T10:29:21+00:00\",\"dateModified\":\"2025-07-09T11:24:42+00:00\",\"description\":\"FiiO M23 ima AKM-ov napredni \u010dipset DAC-a AK4499EX i AK4191EQ za neusporedivo dekodiranje zvuka, osiguravaju\u0107i pravu reprodukciju PCM-a visoke razlu\u010divosti.\",\"breadcrumb\":{\"@id\":\"https:\/\/hd-multimedia.com\/trgovina\/fiio-m23\/#breadcrumb\"},\"inLanguage\":\"en-GB\",\"potentialAction\":[{\"@type\":\"ReadAction\",\"target\":[\"https:\/\/hd-multimedia.com\/trgovina\/fiio-m23\/\"]}]},{\"@type\":\"BreadcrumbList\",\"@id\":\"https:\/\/hd-multimedia.com\/trgovina\/fiio-m23\/#breadcrumb\",\"itemListElement\":[{\"@type\":\"ListItem\",\"position\":1,\"name\":\"Po\u010detna stranica\",\"item\":\"https:\/\/hd-multimedia.com\/\"},{\"@type\":\"ListItem\",\"position\":2,\"name\":\"Trgovina\",\"item\":\"https:\/\/hd-multimedia.com\/trgovina\/\"},{\"@type\":\"ListItem\",\"position\":3,\"name\":\"FiiO M23\"}]},{\"@type\":\"WebSite\",\"@id\":\"https:\/\/hd-multimedia.com\/#website\",\"url\":\"https:\/\/hd-multimedia.com\/\",\"name\":\"hd-multimedia\",\"description\":\"\",\"publisher\":{\"@id\":\"https:\/\/hd-multimedia.com\/#organization\"},\"potentialAction\":[{\"@type\":\"SearchAction\",\"target\":{\"@type\":\"EntryPoint\",\"urlTemplate\":\"https:\/\/hd-multimedia.com\/?s={search_term_string}\"},\"query-input\":\"required name=search_term_string\"}],\"inLanguage\":\"en-GB\"},{\"@type\":\"Organization\",\"@id\":\"https:\/\/hd-multimedia.com\/#organization\",\"name\":\"hd-multimedia\",\"url\":\"https:\/\/hd-multimedia.com\/\",\"logo\":{\"@type\":\"ImageObject\",\"inLanguage\":\"en-GB\",\"@id\":\"https:\/\/hd-multimedia.com\/#\/schema\/logo\/image\/\",\"url\":\"https:\/\/hd-multimedia.com\/hdm_media\/HD-curves-ok-196-56px-alpha-1.png\",\"contentUrl\":\"https:\/\/hd-multimedia.com\/hdm_media\/HD-curves-ok-196-56px-alpha-1.png\",\"width\":196,\"height\":53,\"caption\":\"hd-multimedia\"},\"image\":{\"@id\":\"https:\/\/hd-multimedia.com\/#\/schema\/logo\/image\/\"}}]}<\/script>\n<!-- \/ Yoast SEO plugin. -->","yoast_head_json":{"title":"FiiO M23 - hd-multimedia","description":"FiiO M23 ima AKM-ov napredni \u010dipset DAC-a AK4499EX i AK4191EQ za neusporedivo dekodiranje zvuka, osiguravaju\u0107i pravu reprodukciju PCM-a visoke razlu\u010divosti.","robots":{"index":"index","follow":"follow","max-snippet":"max-snippet:-1","max-image-preview":"max-image-preview:large","max-video-preview":"max-video-preview:-1"},"canonical":"https:\/\/hd-multimedia.com\/en\/trgovina\/fiio-m23\/","og_locale":"en_GB","og_type":"article","og_title":"FiiO M23 - hd-multimedia","og_description":"FiiO M23 ima AKM-ov napredni \u010dipset DAC-a AK4499EX i AK4191EQ za neusporedivo dekodiranje zvuka, osiguravaju\u0107i pravu reprodukciju PCM-a visoke razlu\u010divosti.","og_url":"https:\/\/hd-multimedia.com\/en\/trgovina\/fiio-m23\/","og_site_name":"hd-multimedia","article_modified_time":"2025-07-09T11:24:42+00:00","og_image":[{"width":1920,"height":1920,"url":"https:\/\/hd-multimedia.com\/hdm_media\/fiio-m23-portable-high-resolution-music-player-6604999eb479c_1920x1920.jpeg","type":"image\/jpeg"}],"twitter_card":"summary_large_image","twitter_misc":{"Estimated reading time":"1 minute"},"schema":{"@context":"https:\/\/schema.org","@graph":[{"@type":"WebPage","@id":"https:\/\/hd-multimedia.com\/trgovina\/fiio-m23\/","url":"https:\/\/hd-multimedia.com\/trgovina\/fiio-m23\/","name":"FiiO M23 - hd-multimedia","isPartOf":{"@id":"https:\/\/hd-multimedia.com\/#website"},"datePublished":"2024-05-03T10:29:21+00:00","dateModified":"2025-07-09T11:24:42+00:00","description":"FiiO M23 ima AKM-ov napredni \u010dipset DAC-a AK4499EX i AK4191EQ za neusporedivo dekodiranje zvuka, osiguravaju\u0107i pravu reprodukciju PCM-a visoke razlu\u010divosti.","breadcrumb":{"@id":"https:\/\/hd-multimedia.com\/trgovina\/fiio-m23\/#breadcrumb"},"inLanguage":"en-GB","potentialAction":[{"@type":"ReadAction","target":["https:\/\/hd-multimedia.com\/trgovina\/fiio-m23\/"]}]},{"@type":"BreadcrumbList","@id":"https:\/\/hd-multimedia.com\/trgovina\/fiio-m23\/#breadcrumb","itemListElement":[{"@type":"ListItem","position":1,"name":"Po\u010detna stranica","item":"https:\/\/hd-multimedia.com\/"},{"@type":"ListItem","position":2,"name":"Trgovina","item":"https:\/\/hd-multimedia.com\/trgovina\/"},{"@type":"ListItem","position":3,"name":"FiiO M23"}]},{"@type":"WebSite","@id":"https:\/\/hd-multimedia.com\/#website","url":"https:\/\/hd-multimedia.com\/","name":"hd-multimedia","description":"","publisher":{"@id":"https:\/\/hd-multimedia.com\/#organization"},"potentialAction":[{"@type":"SearchAction","target":{"@type":"EntryPoint","urlTemplate":"https:\/\/hd-multimedia.com\/?s={search_term_string}"},"query-input":"required name=search_term_string"}],"inLanguage":"en-GB"},{"@type":"Organization","@id":"https:\/\/hd-multimedia.com\/#organization","name":"hd-multimedia","url":"https:\/\/hd-multimedia.com\/","logo":{"@type":"ImageObject","inLanguage":"en-GB","@id":"https:\/\/hd-multimedia.com\/#\/schema\/logo\/image\/","url":"https:\/\/hd-multimedia.com\/hdm_media\/HD-curves-ok-196-56px-alpha-1.png","contentUrl":"https:\/\/hd-multimedia.com\/hdm_media\/HD-curves-ok-196-56px-alpha-1.png","width":196,"height":53,"caption":"hd-multimedia"},"image":{"@id":"https:\/\/hd-multimedia.com\/#\/schema\/logo\/image\/"}}]}},"post_mailing_queue_ids":[],"_links":{"self":[{"href":"https:\/\/hd-multimedia.com\/en\/wp-json\/wp\/v2\/product\/15263","targetHints":{"allow":["GET"]}}],"collection":[{"href":"https:\/\/hd-multimedia.com\/en\/wp-json\/wp\/v2\/product"}],"about":[{"href":"https:\/\/hd-multimedia.com\/en\/wp-json\/wp\/v2\/types\/product"}],"version-history":[{"count":7,"href":"https:\/\/hd-multimedia.com\/en\/wp-json\/wp\/v2\/product\/15263\/revisions"}],"predecessor-version":[{"id":15279,"href":"https:\/\/hd-multimedia.com\/en\/wp-json\/wp\/v2\/product\/15263\/revisions\/15279"}],"wp:featuredmedia":[{"embeddable":true,"href":"https:\/\/hd-multimedia.com\/en\/wp-json\/wp\/v2\/media\/15264"}],"wp:attachment":[{"href":"https:\/\/hd-multimedia.com\/en\/wp-json\/wp\/v2\/media?parent=15263"}],"curies":[{"name":"wp","href":"https:\/\/api.w.org\/{rel}","templated":true}]}}