{"id":14845,"date":"2024-04-05T10:54:32","date_gmt":"2024-04-05T10:54:32","guid":{"rendered":"https:\/\/hd-multimedia.com\/?post_type=product&#038;p=14845"},"modified":"2026-03-30T12:52:12","modified_gmt":"2026-03-30T12:52:12","slug":"topping-d50-iii","status":"publish","type":"product","link":"https:\/\/hd-multimedia.com\/en\/trgovina\/topping-d50-iii\/","title":{"rendered":"Topping D50-III"},"content":{"rendered":"<p>Topping D50-III ima Qualcomm QCC5125 Bluetooth \u010dip za vrhunski be\u017ei\u010dni prijem. Podr\u017eava Bluetooth aptX, aptX Adaptative, aptX HD i LDAC kodeke. Topping je odlu\u010dio ponuditi mogu\u0107nost rada kao DAC\/pretpoja\u010dalo s kontrolom glasno\u0107e, u kombinaciji s aktivnim zvu\u010dnicima ili poja\u010dalom snage. Su\u010delje za povezivanje DAC D50 III sadr\u017ei brojne digitalne ulaze: SPDIF koaksijalni, opti\u010dki i USB-C. Izlazi uklju\u010duju balansirani 6,35 mm TRS priklju\u010dak i RCA izlaz. ima atraktivan zaslon, Bluetooth daljinski upravlja\u010d i 10-pojasni softver za izjedna\u010davanje pobolj\u0161avaju korisni\u010dko iskustvo.<\/p>\n<p><strong>Specifications:\u00a0<a href=\"https:\/\/www.toppingaudio.com\/product-item\/d50-iii?tab=specs\" target=\"_blank\" rel=\"noopener\">Detailed specifications!<\/a><\/strong><\/p>\n<p><strong>RCA :<\/strong><br \/>\nTHD+N @1kHz (A-wt): &lt;0.00008%<br \/>\nTHD @ 20-20kHz (90kBW): &lt;0.0004%<br \/>\nSNR @ Max out 1kHz (A-wt): 127dB<br \/>\nDynamic range @1kHz (A-wt): 127dB<br \/>\nFrequency response<br \/>\n20Hz \u2013 20kHz (\u00b10.1dB)<br \/>\n20Hz \u2013 40kHz (\u00b10.3dB)<br \/>\nOutput level<br \/>\n2.0Vrms @0dBFS (4V Mode)<br \/>\n2.5Vrms @0dBFS (5V Mode)<br \/>\nNoise (A-wt): &lt;1.1uVrms<br \/>\nChannel crosstalk: -136dB<br \/>\nChannel balance: 0.3dB<br \/>\nOutput impedance: 50\u03a9<\/p>\n<p><strong>Balanced 6.35mm :<\/strong><br \/>\nTHD+N @1kHz (A-wt): &lt;0.00006%<br \/>\nTHD @ 20-20kHz (90kBW): &lt;0.0002%<br \/>\nSNR @ Max out 1kHz (A-wt): 132dB<br \/>\nDynamic range @1kHz (A-wt): 132dB<br \/>\nFrequency response<br \/>\n20Hz \u2013 20kHz (\u00b10.1dB)<br \/>\n20Hz \u2013 40kHz (\u00b10.3dB)<br \/>\nOutput level<br \/>\n4.0Vrms @0dBFS (4V Mode)<br \/>\n5.0Vrms @0dBFS (5V Mode)<br \/>\nNoise (A-wt): &lt;1.3uVrms<br \/>\nChannel crosstalk: -147dB<br \/>\nChannel balance: 0.3dB<br \/>\nOutput impedance: 100\u03a9<\/p>","protected":false},"excerpt":{"rendered":"<p>Topping D50 III je DAC koji koristi dva ES9039Q2M \u010dipa za neovisnu obradu lijevog i desnog kanala, \u0161to rezultira \u010distim i visokokvalitetnim zvukom. Topping D50-III podr\u017eava impresivan niz formata do DSD 512 i PCM 768kHz, uz certifikat za visokorezolutivni zvuk koji zadovoljava standarde audiofila. Procesor XMOS XU316 i I\/V pretvorbeni modul ima iznimno niske THD+N . Funkcija PEQ equilizera mo\u017ee se prilagoditi putem ra\u010dunala, pru\u017eaju\u0107i korisnicima fleksibilnije mogu\u0107nosti pode\u0161avanja zvuka. Opremljen je dvostrukim Type-C konektorima za prijenos signala i napajanje, pobolj\u0161avaju\u0107i povezivost.<\/p>\n<p><a href=\"https:\/\/www.toppingaudio.com\/product-item\/d50-iii\" target=\"_blank\" rel=\"noopener\">Link for additional product information!<\/a><\/p>\n<p>&nbsp;<\/p>","protected":false},"featured_media":16685,"template":"","meta":{"site-sidebar-layout":"default","site-content-layout":"","ast-site-content-layout":"default","site-content-style":"default","site-sidebar-style":"default","ast-global-header-display":"","ast-banner-title-visibility":"","ast-main-header-display":"","ast-hfb-above-header-display":"","ast-hfb-below-header-display":"","ast-hfb-mobile-header-display":"","site-post-title":"","ast-breadcrumbs-content":"","ast-featured-img":"","footer-sml-layout":"","theme-transparent-header-meta":"default","adv-header-id-meta":"","stick-header-meta":"default","header-above-stick-meta":"","header-main-stick-meta":"","header-below-stick-meta":"","astra-migrate-meta-layouts":"set","ast-page-background-enabled":"default","ast-page-background-meta":{"desktop":{"background-color":"","background-image":"","background-repeat":"repeat","background-position":"center center","background-size":"auto","background-attachment":"scroll","background-type":"","background-media":"","overlay-type":"","overlay-color":"","overlay-opacity":"","overlay-gradient":""},"tablet":{"background-color":"","background-image":"","background-repeat":"repeat","background-position":"center center","background-size":"auto","background-attachment":"scroll","background-type":"","background-media":"","overlay-type":"","overlay-color":"","overlay-opacity":"","overlay-gradient":""},"mobile":{"background-color":"","background-image":"","background-repeat":"repeat","background-position":"center center","background-size":"auto","background-attachment":"scroll","background-type":"","background-media":"","overlay-type":"","overlay-color":"","overlay-opacity":"","overlay-gradient":""}},"ast-content-background-meta":{"desktop":{"background-color":"var(--ast-global-color-5)","background-image":"","background-repeat":"repeat","background-position":"center center","background-size":"auto","background-attachment":"scroll","background-type":"","background-media":"","overlay-type":"","overlay-color":"","overlay-opacity":"","overlay-gradient":""},"tablet":{"background-color":"var(--ast-global-color-5)","background-image":"","background-repeat":"repeat","background-position":"center center","background-size":"auto","background-attachment":"scroll","background-type":"","background-media":"","overlay-type":"","overlay-color":"","overlay-opacity":"","overlay-gradient":""},"mobile":{"background-color":"var(--ast-global-color-5)","background-image":"","background-repeat":"repeat","background-position":"center center","background-size":"auto","background-attachment":"scroll","background-type":"","background-media":"","overlay-type":"","overlay-color":"","overlay-opacity":"","overlay-gradient":""}}},"class_list":["post-14845","product","type-product","status-publish","has-post-thumbnail","hentry","product_cat-dac","product_cat-topping","desktop-align-center","tablet-align-center","mobile-align-center","ast-product-gallery-layout-horizontal","ast-magnify-disabled","ast-product-single-variable","ast-product-tabs-layout-horizontal"],"yoast_head":"<!-- This site is optimized with the Yoast SEO plugin v21.4 - https:\/\/yoast.com\/wordpress\/plugins\/seo\/ -->\n<title>Topping D50-III - hd-multimedia<\/title>\n<meta name=\"description\" content=\"Topping D\/A konverter D50-III podr\u017eava impresivan niz formata do DSD 512 i PCM 768kHz, uz certifikat za visokorezolutivni zvuk.Topping D50-III\" \/>\n<meta name=\"robots\" content=\"index, follow, max-snippet:-1, max-image-preview:large, max-video-preview:-1\" \/>\n<link rel=\"canonical\" href=\"https:\/\/hd-multimedia.com\/en\/trgovina\/topping-d50-iii\/\" \/>\n<meta property=\"og:locale\" content=\"en_GB\" \/>\n<meta property=\"og:type\" content=\"article\" \/>\n<meta property=\"og:title\" content=\"Topping D50-III - hd-multimedia\" \/>\n<meta property=\"og:description\" content=\"Topping D\/A konverter D50-III podr\u017eava impresivan niz formata do DSD 512 i PCM 768kHz, uz certifikat za visokorezolutivni zvuk.Topping D50-III\" \/>\n<meta property=\"og:url\" content=\"https:\/\/hd-multimedia.com\/en\/trgovina\/topping-d50-iii\/\" \/>\n<meta property=\"og:site_name\" content=\"hd-multimedia\" \/>\n<meta property=\"article:modified_time\" content=\"2026-03-30T12:52:12+00:00\" \/>\n<meta property=\"og:image\" content=\"https:\/\/hd-multimedia.com\/hdm_media\/Topping-D50III-Black.jpg\" \/>\n\t<meta property=\"og:image:width\" content=\"600\" \/>\n\t<meta property=\"og:image:height\" content=\"600\" \/>\n\t<meta property=\"og:image:type\" content=\"image\/jpeg\" \/>\n<meta name=\"twitter:card\" content=\"summary_large_image\" \/>\n<meta name=\"twitter:label1\" content=\"Estimated reading time\" \/>\n\t<meta name=\"twitter:data1\" content=\"1 minute\" \/>\n<script type=\"application\/ld+json\" class=\"yoast-schema-graph\">{\"@context\":\"https:\/\/schema.org\",\"@graph\":[{\"@type\":\"WebPage\",\"@id\":\"https:\/\/hd-multimedia.com\/trgovina\/topping-d50-iii\/\",\"url\":\"https:\/\/hd-multimedia.com\/trgovina\/topping-d50-iii\/\",\"name\":\"Topping D50-III - hd-multimedia\",\"isPartOf\":{\"@id\":\"https:\/\/hd-multimedia.com\/#website\"},\"datePublished\":\"2024-04-05T10:54:32+00:00\",\"dateModified\":\"2026-03-30T12:52:12+00:00\",\"description\":\"Topping D\/A konverter D50-III podr\u017eava impresivan niz formata do DSD 512 i PCM 768kHz, uz certifikat za visokorezolutivni zvuk.Topping D50-III\",\"breadcrumb\":{\"@id\":\"https:\/\/hd-multimedia.com\/trgovina\/topping-d50-iii\/#breadcrumb\"},\"inLanguage\":\"en-GB\",\"potentialAction\":[{\"@type\":\"ReadAction\",\"target\":[\"https:\/\/hd-multimedia.com\/trgovina\/topping-d50-iii\/\"]}]},{\"@type\":\"BreadcrumbList\",\"@id\":\"https:\/\/hd-multimedia.com\/trgovina\/topping-d50-iii\/#breadcrumb\",\"itemListElement\":[{\"@type\":\"ListItem\",\"position\":1,\"name\":\"Po\u010detna stranica\",\"item\":\"https:\/\/hd-multimedia.com\/\"},{\"@type\":\"ListItem\",\"position\":2,\"name\":\"Trgovina\",\"item\":\"https:\/\/hd-multimedia.com\/trgovina\/\"},{\"@type\":\"ListItem\",\"position\":3,\"name\":\"Topping D50-III\"}]},{\"@type\":\"WebSite\",\"@id\":\"https:\/\/hd-multimedia.com\/#website\",\"url\":\"https:\/\/hd-multimedia.com\/\",\"name\":\"hd-multimedia\",\"description\":\"\",\"publisher\":{\"@id\":\"https:\/\/hd-multimedia.com\/#organization\"},\"potentialAction\":[{\"@type\":\"SearchAction\",\"target\":{\"@type\":\"EntryPoint\",\"urlTemplate\":\"https:\/\/hd-multimedia.com\/?s={search_term_string}\"},\"query-input\":\"required name=search_term_string\"}],\"inLanguage\":\"en-GB\"},{\"@type\":\"Organization\",\"@id\":\"https:\/\/hd-multimedia.com\/#organization\",\"name\":\"hd-multimedia\",\"url\":\"https:\/\/hd-multimedia.com\/\",\"logo\":{\"@type\":\"ImageObject\",\"inLanguage\":\"en-GB\",\"@id\":\"https:\/\/hd-multimedia.com\/#\/schema\/logo\/image\/\",\"url\":\"https:\/\/hd-multimedia.com\/hdm_media\/HD-curves-ok-196-56px-alpha-1.png\",\"contentUrl\":\"https:\/\/hd-multimedia.com\/hdm_media\/HD-curves-ok-196-56px-alpha-1.png\",\"width\":196,\"height\":53,\"caption\":\"hd-multimedia\"},\"image\":{\"@id\":\"https:\/\/hd-multimedia.com\/#\/schema\/logo\/image\/\"}}]}<\/script>\n<!-- \/ Yoast SEO plugin. -->","yoast_head_json":{"title":"Topping D50-III - hd-multimedia","description":"Topping D\/A konverter D50-III podr\u017eava impresivan niz formata do DSD 512 i PCM 768kHz, uz certifikat za visokorezolutivni zvuk.Topping D50-III","robots":{"index":"index","follow":"follow","max-snippet":"max-snippet:-1","max-image-preview":"max-image-preview:large","max-video-preview":"max-video-preview:-1"},"canonical":"https:\/\/hd-multimedia.com\/en\/trgovina\/topping-d50-iii\/","og_locale":"en_GB","og_type":"article","og_title":"Topping D50-III - hd-multimedia","og_description":"Topping D\/A konverter D50-III podr\u017eava impresivan niz formata do DSD 512 i PCM 768kHz, uz certifikat za visokorezolutivni zvuk.Topping D50-III","og_url":"https:\/\/hd-multimedia.com\/en\/trgovina\/topping-d50-iii\/","og_site_name":"hd-multimedia","article_modified_time":"2026-03-30T12:52:12+00:00","og_image":[{"width":600,"height":600,"url":"https:\/\/hd-multimedia.com\/hdm_media\/Topping-D50III-Black.jpg","type":"image\/jpeg"}],"twitter_card":"summary_large_image","twitter_misc":{"Estimated reading time":"1 minute"},"schema":{"@context":"https:\/\/schema.org","@graph":[{"@type":"WebPage","@id":"https:\/\/hd-multimedia.com\/trgovina\/topping-d50-iii\/","url":"https:\/\/hd-multimedia.com\/trgovina\/topping-d50-iii\/","name":"Topping D50-III - hd-multimedia","isPartOf":{"@id":"https:\/\/hd-multimedia.com\/#website"},"datePublished":"2024-04-05T10:54:32+00:00","dateModified":"2026-03-30T12:52:12+00:00","description":"Topping D\/A konverter D50-III podr\u017eava impresivan niz formata do DSD 512 i PCM 768kHz, uz certifikat za visokorezolutivni zvuk.Topping D50-III","breadcrumb":{"@id":"https:\/\/hd-multimedia.com\/trgovina\/topping-d50-iii\/#breadcrumb"},"inLanguage":"en-GB","potentialAction":[{"@type":"ReadAction","target":["https:\/\/hd-multimedia.com\/trgovina\/topping-d50-iii\/"]}]},{"@type":"BreadcrumbList","@id":"https:\/\/hd-multimedia.com\/trgovina\/topping-d50-iii\/#breadcrumb","itemListElement":[{"@type":"ListItem","position":1,"name":"Po\u010detna stranica","item":"https:\/\/hd-multimedia.com\/"},{"@type":"ListItem","position":2,"name":"Trgovina","item":"https:\/\/hd-multimedia.com\/trgovina\/"},{"@type":"ListItem","position":3,"name":"Topping D50-III"}]},{"@type":"WebSite","@id":"https:\/\/hd-multimedia.com\/#website","url":"https:\/\/hd-multimedia.com\/","name":"hd-multimedia","description":"","publisher":{"@id":"https:\/\/hd-multimedia.com\/#organization"},"potentialAction":[{"@type":"SearchAction","target":{"@type":"EntryPoint","urlTemplate":"https:\/\/hd-multimedia.com\/?s={search_term_string}"},"query-input":"required name=search_term_string"}],"inLanguage":"en-GB"},{"@type":"Organization","@id":"https:\/\/hd-multimedia.com\/#organization","name":"hd-multimedia","url":"https:\/\/hd-multimedia.com\/","logo":{"@type":"ImageObject","inLanguage":"en-GB","@id":"https:\/\/hd-multimedia.com\/#\/schema\/logo\/image\/","url":"https:\/\/hd-multimedia.com\/hdm_media\/HD-curves-ok-196-56px-alpha-1.png","contentUrl":"https:\/\/hd-multimedia.com\/hdm_media\/HD-curves-ok-196-56px-alpha-1.png","width":196,"height":53,"caption":"hd-multimedia"},"image":{"@id":"https:\/\/hd-multimedia.com\/#\/schema\/logo\/image\/"}}]}},"post_mailing_queue_ids":[],"_links":{"self":[{"href":"https:\/\/hd-multimedia.com\/en\/wp-json\/wp\/v2\/product\/14845","targetHints":{"allow":["GET"]}}],"collection":[{"href":"https:\/\/hd-multimedia.com\/en\/wp-json\/wp\/v2\/product"}],"about":[{"href":"https:\/\/hd-multimedia.com\/en\/wp-json\/wp\/v2\/types\/product"}],"version-history":[{"count":6,"href":"https:\/\/hd-multimedia.com\/en\/wp-json\/wp\/v2\/product\/14845\/revisions"}],"predecessor-version":[{"id":19461,"href":"https:\/\/hd-multimedia.com\/en\/wp-json\/wp\/v2\/product\/14845\/revisions\/19461"}],"wp:featuredmedia":[{"embeddable":true,"href":"https:\/\/hd-multimedia.com\/en\/wp-json\/wp\/v2\/media\/16685"}],"wp:attachment":[{"href":"https:\/\/hd-multimedia.com\/en\/wp-json\/wp\/v2\/media?parent=14845"}],"curies":[{"name":"wp","href":"https:\/\/api.w.org\/{rel}","templated":true}]}}