{"id":14769,"date":"2024-03-26T10:09:15","date_gmt":"2024-03-26T10:09:15","guid":{"rendered":"https:\/\/hd-multimedia.com\/?post_type=product&#038;p=14769"},"modified":"2024-04-05T09:02:29","modified_gmt":"2024-04-05T09:02:29","slug":"smsl-d300-dac-rohm-chip","status":"publish","type":"product","link":"https:\/\/hd-multimedia.com\/en\/trgovina\/smsl-d300-dac-rohm-chip\/","title":{"rendered":"SMSL D300 DAC \u2013 ROHM chip"},"content":{"rendered":"<p>Qualcomm&#039;s Bluetooth chip offers support for a variety of codecs, including SBC, AAC, aptX, aptX HD and LDAC. With high-quality gold-plated input and output connectors, newly designed buttons and a high-definition color display with screen off function, this system combines functionality with elegance. Complete with remote control capabilities and Japan Audio Association (JAS) Hi-Res certification, it ensures a premier audio experience that meets the highest standards of quality and performance.<\/p>\n<p><a href=\"https:\/\/www.smsl-audio.com\/portal\/product\/detail\/id\/771.html\" target=\"_blank\" rel=\"noopener\">You can find other information at this link.<\/a><\/p>","protected":false},"excerpt":{"rendered":"<p>The SMSL D300 DAC features the industry-leading BD34301EKV DAC chip, thoroughly optimized to achieve exceptional THD+N values of up to -116dB. With USB support via the XMOS XU-208, this solution delivers true 32-bit performance, enabling PCM up to 768kHz and DSD up to DSD512. The inclusion of the new CK-03 clock processing circuit ensures ultra-low clock jitter, even with fiber optic connections. Enriched with built-in buffers and low-noise power processing, this system prioritizes energy efficiency and power consumption reduction while maintaining audio purity. Specially designed discrete component stabilized power supplies and multiple low-noise stabilized power supplies further contribute to clean power for the analog circuits.<\/p>\n<p><a href=\"https:\/\/www.smsl-audio.com\/portal\/product\/detail\/id\/771.html\" target=\"_blank\" rel=\"noopener\">You can find other information at this link.<\/a><\/p>","protected":false},"featured_media":14774,"template":"","meta":{"site-sidebar-layout":"default","site-content-layout":"","ast-site-content-layout":"default","site-content-style":"default","site-sidebar-style":"default","ast-global-header-display":"","ast-banner-title-visibility":"","ast-main-header-display":"","ast-hfb-above-header-display":"","ast-hfb-below-header-display":"","ast-hfb-mobile-header-display":"","site-post-title":"","ast-breadcrumbs-content":"","ast-featured-img":"","footer-sml-layout":"","theme-transparent-header-meta":"default","adv-header-id-meta":"","stick-header-meta":"default","header-above-stick-meta":"","header-main-stick-meta":"","header-below-stick-meta":"","astra-migrate-meta-layouts":"set","ast-page-background-enabled":"default","ast-page-background-meta":{"desktop":{"background-color":"","background-image":"","background-repeat":"repeat","background-position":"center center","background-size":"auto","background-attachment":"scroll","background-type":"","background-media":"","overlay-type":"","overlay-color":"","overlay-opacity":"","overlay-gradient":""},"tablet":{"background-color":"","background-image":"","background-repeat":"repeat","background-position":"center center","background-size":"auto","background-attachment":"scroll","background-type":"","background-media":"","overlay-type":"","overlay-color":"","overlay-opacity":"","overlay-gradient":""},"mobile":{"background-color":"","background-image":"","background-repeat":"repeat","background-position":"center center","background-size":"auto","background-attachment":"scroll","background-type":"","background-media":"","overlay-type":"","overlay-color":"","overlay-opacity":"","overlay-gradient":""}},"ast-content-background-meta":{"desktop":{"background-color":"var(--ast-global-color-5)","background-image":"","background-repeat":"repeat","background-position":"center center","background-size":"auto","background-attachment":"scroll","background-type":"","background-media":"","overlay-type":"","overlay-color":"","overlay-opacity":"","overlay-gradient":""},"tablet":{"background-color":"var(--ast-global-color-5)","background-image":"","background-repeat":"repeat","background-position":"center center","background-size":"auto","background-attachment":"scroll","background-type":"","background-media":"","overlay-type":"","overlay-color":"","overlay-opacity":"","overlay-gradient":""},"mobile":{"background-color":"var(--ast-global-color-5)","background-image":"","background-repeat":"repeat","background-position":"center center","background-size":"auto","background-attachment":"scroll","background-type":"","background-media":"","overlay-type":"","overlay-color":"","overlay-opacity":"","overlay-gradient":""}}},"class_list":["post-14769","product","type-product","status-publish","has-post-thumbnail","hentry","product_cat-smsl","product_cat-dac","desktop-align-center","tablet-align-center","mobile-align-center","ast-product-gallery-layout-horizontal","ast-magnify-disabled","ast-product-tabs-layout-horizontal"],"yoast_head":"<!-- This site is optimized with the Yoast SEO plugin v21.4 - https:\/\/yoast.com\/wordpress\/plugins\/seo\/ -->\n<title>SMSL D300 DAC - ROHM chip - hd-multimedia<\/title>\n<meta name=\"description\" content=\"SMSL D300 DAC sadr\u017ei vode\u0107im DAC \u010dip BD34301EKV, temeljito optimiziranim za postizanje iznimne THD+N vrijednosti od \u010dak -116dB.\" \/>\n<meta name=\"robots\" content=\"index, follow, max-snippet:-1, max-image-preview:large, max-video-preview:-1\" \/>\n<link rel=\"canonical\" href=\"https:\/\/hd-multimedia.com\/en\/trgovina\/smsl-d300-dac-rohm-chip\/\" \/>\n<meta property=\"og:locale\" content=\"en_GB\" \/>\n<meta property=\"og:type\" content=\"article\" \/>\n<meta property=\"og:title\" content=\"SMSL D300 DAC - ROHM chip - hd-multimedia\" \/>\n<meta property=\"og:description\" content=\"SMSL D300 DAC sadr\u017ei vode\u0107im DAC \u010dip BD34301EKV, temeljito optimiziranim za postizanje iznimne THD+N vrijednosti od \u010dak -116dB.\" \/>\n<meta property=\"og:url\" content=\"https:\/\/hd-multimedia.com\/en\/trgovina\/smsl-d300-dac-rohm-chip\/\" \/>\n<meta property=\"og:site_name\" content=\"hd-multimedia\" \/>\n<meta property=\"article:modified_time\" content=\"2024-04-05T09:02:29+00:00\" \/>\n<meta property=\"og:image\" content=\"https:\/\/hd-multimedia.com\/hdm_media\/smsl-d300-rohm-dac-bd34301ekv-xmos-xu208-bluetooth-50-32bit-768khz-dsd512-5.jpg\" \/>\n\t<meta property=\"og:image:width\" content=\"900\" \/>\n\t<meta property=\"og:image:height\" content=\"900\" \/>\n\t<meta property=\"og:image:type\" content=\"image\/jpeg\" \/>\n<meta name=\"twitter:card\" content=\"summary_large_image\" \/>\n<meta name=\"twitter:label1\" content=\"Estimated reading time\" \/>\n\t<meta name=\"twitter:data1\" content=\"1 minute\" \/>\n<script type=\"application\/ld+json\" class=\"yoast-schema-graph\">{\"@context\":\"https:\/\/schema.org\",\"@graph\":[{\"@type\":\"WebPage\",\"@id\":\"https:\/\/hd-multimedia.com\/trgovina\/smsl-d300-dac-rohm-chip\/\",\"url\":\"https:\/\/hd-multimedia.com\/trgovina\/smsl-d300-dac-rohm-chip\/\",\"name\":\"SMSL D300 DAC - ROHM chip - hd-multimedia\",\"isPartOf\":{\"@id\":\"https:\/\/hd-multimedia.com\/#website\"},\"datePublished\":\"2024-03-26T10:09:15+00:00\",\"dateModified\":\"2024-04-05T09:02:29+00:00\",\"description\":\"SMSL D300 DAC sadr\u017ei vode\u0107im DAC \u010dip BD34301EKV, temeljito optimiziranim za postizanje iznimne THD+N vrijednosti od \u010dak -116dB.\",\"breadcrumb\":{\"@id\":\"https:\/\/hd-multimedia.com\/trgovina\/smsl-d300-dac-rohm-chip\/#breadcrumb\"},\"inLanguage\":\"en-GB\",\"potentialAction\":[{\"@type\":\"ReadAction\",\"target\":[\"https:\/\/hd-multimedia.com\/trgovina\/smsl-d300-dac-rohm-chip\/\"]}]},{\"@type\":\"BreadcrumbList\",\"@id\":\"https:\/\/hd-multimedia.com\/trgovina\/smsl-d300-dac-rohm-chip\/#breadcrumb\",\"itemListElement\":[{\"@type\":\"ListItem\",\"position\":1,\"name\":\"Po\u010detna stranica\",\"item\":\"https:\/\/hd-multimedia.com\/\"},{\"@type\":\"ListItem\",\"position\":2,\"name\":\"Trgovina\",\"item\":\"https:\/\/hd-multimedia.com\/trgovina\/\"},{\"@type\":\"ListItem\",\"position\":3,\"name\":\"SMSL D300 DAC &#8211; ROHM chip\"}]},{\"@type\":\"WebSite\",\"@id\":\"https:\/\/hd-multimedia.com\/#website\",\"url\":\"https:\/\/hd-multimedia.com\/\",\"name\":\"hd-multimedia\",\"description\":\"\",\"publisher\":{\"@id\":\"https:\/\/hd-multimedia.com\/#organization\"},\"potentialAction\":[{\"@type\":\"SearchAction\",\"target\":{\"@type\":\"EntryPoint\",\"urlTemplate\":\"https:\/\/hd-multimedia.com\/?s={search_term_string}\"},\"query-input\":\"required name=search_term_string\"}],\"inLanguage\":\"en-GB\"},{\"@type\":\"Organization\",\"@id\":\"https:\/\/hd-multimedia.com\/#organization\",\"name\":\"hd-multimedia\",\"url\":\"https:\/\/hd-multimedia.com\/\",\"logo\":{\"@type\":\"ImageObject\",\"inLanguage\":\"en-GB\",\"@id\":\"https:\/\/hd-multimedia.com\/#\/schema\/logo\/image\/\",\"url\":\"https:\/\/hd-multimedia.com\/hdm_media\/HD-curves-ok-196-56px-alpha-1.png\",\"contentUrl\":\"https:\/\/hd-multimedia.com\/hdm_media\/HD-curves-ok-196-56px-alpha-1.png\",\"width\":196,\"height\":53,\"caption\":\"hd-multimedia\"},\"image\":{\"@id\":\"https:\/\/hd-multimedia.com\/#\/schema\/logo\/image\/\"}}]}<\/script>\n<!-- \/ Yoast SEO plugin. -->","yoast_head_json":{"title":"SMSL D300 DAC - ROHM chip - hd-multimedia","description":"SMSL D300 DAC sadr\u017ei vode\u0107im DAC \u010dip BD34301EKV, temeljito optimiziranim za postizanje iznimne THD+N vrijednosti od \u010dak -116dB.","robots":{"index":"index","follow":"follow","max-snippet":"max-snippet:-1","max-image-preview":"max-image-preview:large","max-video-preview":"max-video-preview:-1"},"canonical":"https:\/\/hd-multimedia.com\/en\/trgovina\/smsl-d300-dac-rohm-chip\/","og_locale":"en_GB","og_type":"article","og_title":"SMSL D300 DAC - ROHM chip - hd-multimedia","og_description":"SMSL D300 DAC sadr\u017ei vode\u0107im DAC \u010dip BD34301EKV, temeljito optimiziranim za postizanje iznimne THD+N vrijednosti od \u010dak -116dB.","og_url":"https:\/\/hd-multimedia.com\/en\/trgovina\/smsl-d300-dac-rohm-chip\/","og_site_name":"hd-multimedia","article_modified_time":"2024-04-05T09:02:29+00:00","og_image":[{"width":900,"height":900,"url":"https:\/\/hd-multimedia.com\/hdm_media\/smsl-d300-rohm-dac-bd34301ekv-xmos-xu208-bluetooth-50-32bit-768khz-dsd512-5.jpg","type":"image\/jpeg"}],"twitter_card":"summary_large_image","twitter_misc":{"Estimated reading time":"1 minute"},"schema":{"@context":"https:\/\/schema.org","@graph":[{"@type":"WebPage","@id":"https:\/\/hd-multimedia.com\/trgovina\/smsl-d300-dac-rohm-chip\/","url":"https:\/\/hd-multimedia.com\/trgovina\/smsl-d300-dac-rohm-chip\/","name":"SMSL D300 DAC - ROHM chip - hd-multimedia","isPartOf":{"@id":"https:\/\/hd-multimedia.com\/#website"},"datePublished":"2024-03-26T10:09:15+00:00","dateModified":"2024-04-05T09:02:29+00:00","description":"SMSL D300 DAC sadr\u017ei vode\u0107im DAC \u010dip BD34301EKV, temeljito optimiziranim za postizanje iznimne THD+N vrijednosti od \u010dak -116dB.","breadcrumb":{"@id":"https:\/\/hd-multimedia.com\/trgovina\/smsl-d300-dac-rohm-chip\/#breadcrumb"},"inLanguage":"en-GB","potentialAction":[{"@type":"ReadAction","target":["https:\/\/hd-multimedia.com\/trgovina\/smsl-d300-dac-rohm-chip\/"]}]},{"@type":"BreadcrumbList","@id":"https:\/\/hd-multimedia.com\/trgovina\/smsl-d300-dac-rohm-chip\/#breadcrumb","itemListElement":[{"@type":"ListItem","position":1,"name":"Po\u010detna stranica","item":"https:\/\/hd-multimedia.com\/"},{"@type":"ListItem","position":2,"name":"Trgovina","item":"https:\/\/hd-multimedia.com\/trgovina\/"},{"@type":"ListItem","position":3,"name":"SMSL D300 DAC &#8211; ROHM chip"}]},{"@type":"WebSite","@id":"https:\/\/hd-multimedia.com\/#website","url":"https:\/\/hd-multimedia.com\/","name":"hd-multimedia","description":"","publisher":{"@id":"https:\/\/hd-multimedia.com\/#organization"},"potentialAction":[{"@type":"SearchAction","target":{"@type":"EntryPoint","urlTemplate":"https:\/\/hd-multimedia.com\/?s={search_term_string}"},"query-input":"required name=search_term_string"}],"inLanguage":"en-GB"},{"@type":"Organization","@id":"https:\/\/hd-multimedia.com\/#organization","name":"hd-multimedia","url":"https:\/\/hd-multimedia.com\/","logo":{"@type":"ImageObject","inLanguage":"en-GB","@id":"https:\/\/hd-multimedia.com\/#\/schema\/logo\/image\/","url":"https:\/\/hd-multimedia.com\/hdm_media\/HD-curves-ok-196-56px-alpha-1.png","contentUrl":"https:\/\/hd-multimedia.com\/hdm_media\/HD-curves-ok-196-56px-alpha-1.png","width":196,"height":53,"caption":"hd-multimedia"},"image":{"@id":"https:\/\/hd-multimedia.com\/#\/schema\/logo\/image\/"}}]}},"post_mailing_queue_ids":[],"_links":{"self":[{"href":"https:\/\/hd-multimedia.com\/en\/wp-json\/wp\/v2\/product\/14769","targetHints":{"allow":["GET"]}}],"collection":[{"href":"https:\/\/hd-multimedia.com\/en\/wp-json\/wp\/v2\/product"}],"about":[{"href":"https:\/\/hd-multimedia.com\/en\/wp-json\/wp\/v2\/types\/product"}],"version-history":[{"count":5,"href":"https:\/\/hd-multimedia.com\/en\/wp-json\/wp\/v2\/product\/14769\/revisions"}],"predecessor-version":[{"id":14781,"href":"https:\/\/hd-multimedia.com\/en\/wp-json\/wp\/v2\/product\/14769\/revisions\/14781"}],"wp:featuredmedia":[{"embeddable":true,"href":"https:\/\/hd-multimedia.com\/en\/wp-json\/wp\/v2\/media\/14774"}],"wp:attachment":[{"href":"https:\/\/hd-multimedia.com\/en\/wp-json\/wp\/v2\/media?parent=14769"}],"curies":[{"name":"wp","href":"https:\/\/api.w.org\/{rel}","templated":true}]}}