{"id":14454,"date":"2024-02-19T08:35:01","date_gmt":"2024-02-19T08:35:01","guid":{"rendered":"https:\/\/hd-multimedia.com\/?post_type=product&#038;p=14454"},"modified":"2025-04-17T06:50:00","modified_gmt":"2025-04-17T06:50:00","slug":"cayin-c9","status":"publish","type":"product","link":"https:\/\/hd-multimedia.com\/en\/trgovina\/cayin-c9\/","title":{"rendered":"Cayin C9 mobile headphone amplifier"},"content":{"rendered":"<p>Cayin C9 has developed a special silicone case and spring suspension system to solve the problems of vibration, impact and impact. The C9 inherits the same technologies from the N8, with modifications, but instead of one, Cay&#039;s C9 uses a pair of Nutubes, allowing it to become the first fully balanced portable tube headphone amplifier. In addition, to ensure continuous sound quality, Cayin designed a discrete audio circuit around two pairs of paired Toshiba 2SK209 JFET transistors as an alternative to the Nutube. The C9 comes with selectable high\/low gain applicable to both input modes (LINE and PRE) and all gain operations (Class A or Class AB), providing an additional 6 dB of dynamic range when needed, and improving compatibility with a variety of headphones and earphones.<\/p>","protected":false},"excerpt":{"rendered":"<p>Cayin introduces the C9, a portable headphone amplifier that delivers incredible performance. This battery-powered amplifier can deliver 4W of power at a balanced output, making it ideal for driving even the most demanding headphones. What sets the Cayin C9 apart from many other headphone amplifiers is its ability to work with a wide range of headphones, including those using electrostatic or planar drive technologies that are notoriously demanding in terms of power. The Cayin C9 uses two modes of operation to bring you the best out of your music: solid state and tube output, utilizing KORG&#039;s own proprietary design. The C9 is the ideal companion to the N6 ii A02, which provides a line-level output to power the C9. This amplifier has a wide range of inputs and outputs, making it compatible with a variety of audio sources. A unique feature of the Cayin C9 is the ability to switch between volume pass and preamp modes, allowing you to bypass the volume control completely or use it to tailor the sound to your preferences.<\/p>\n<p>We currently do not have this product in stock but it can be ordered, please contact us via the contact form to order.<\/p>\n<p><a href=\"https:\/\/hd-multimedia.com\/en\/kontakt\/\" target=\"_blank\" rel=\"noopener\">Arrange your order at the link!<\/a><\/p>","protected":false},"featured_media":14455,"template":"","meta":{"site-sidebar-layout":"default","site-content-layout":"","ast-site-content-layout":"default","site-content-style":"default","site-sidebar-style":"default","ast-global-header-display":"","ast-banner-title-visibility":"","ast-main-header-display":"","ast-hfb-above-header-display":"","ast-hfb-below-header-display":"","ast-hfb-mobile-header-display":"","site-post-title":"","ast-breadcrumbs-content":"","ast-featured-img":"","footer-sml-layout":"","theme-transparent-header-meta":"default","adv-header-id-meta":"","stick-header-meta":"default","header-above-stick-meta":"","header-main-stick-meta":"","header-below-stick-meta":"","astra-migrate-meta-layouts":"set","ast-page-background-enabled":"default","ast-page-background-meta":{"desktop":{"background-color":"","background-image":"","background-repeat":"repeat","background-position":"center center","background-size":"auto","background-attachment":"scroll","background-type":"","background-media":"","overlay-type":"","overlay-color":"","overlay-opacity":"","overlay-gradient":""},"tablet":{"background-color":"","background-image":"","background-repeat":"repeat","background-position":"center center","background-size":"auto","background-attachment":"scroll","background-type":"","background-media":"","overlay-type":"","overlay-color":"","overlay-opacity":"","overlay-gradient":""},"mobile":{"background-color":"","background-image":"","background-repeat":"repeat","background-position":"center center","background-size":"auto","background-attachment":"scroll","background-type":"","background-media":"","overlay-type":"","overlay-color":"","overlay-opacity":"","overlay-gradient":""}},"ast-content-background-meta":{"desktop":{"background-color":"var(--ast-global-color-5)","background-image":"","background-repeat":"repeat","background-position":"center center","background-size":"auto","background-attachment":"scroll","background-type":"","background-media":"","overlay-type":"","overlay-color":"","overlay-opacity":"","overlay-gradient":""},"tablet":{"background-color":"var(--ast-global-color-5)","background-image":"","background-repeat":"repeat","background-position":"center center","background-size":"auto","background-attachment":"scroll","background-type":"","background-media":"","overlay-type":"","overlay-color":"","overlay-opacity":"","overlay-gradient":""},"mobile":{"background-color":"var(--ast-global-color-5)","background-image":"","background-repeat":"repeat","background-position":"center center","background-size":"auto","background-attachment":"scroll","background-type":"","background-media":"","overlay-type":"","overlay-color":"","overlay-opacity":"","overlay-gradient":""}}},"class_list":["post-14454","product","type-product","status-publish","has-post-thumbnail","hentry","product_cat-cayin","product_cat-pojacala-smartphone","product_cat-pojacala-za-slusalice","desktop-align-center","tablet-align-center","mobile-align-center","ast-product-gallery-layout-horizontal","ast-magnify-disabled","ast-product-tabs-layout-horizontal"],"yoast_head":"<!-- This site is optimized with the Yoast SEO plugin v21.4 - https:\/\/yoast.com\/wordpress\/plugins\/seo\/ -->\n<title>Cayin C9 mobilno poja\u010dalo za slu\u0161alice - hd-multimedia<\/title>\n<meta name=\"robots\" content=\"index, follow, max-snippet:-1, max-image-preview:large, max-video-preview:-1\" \/>\n<link rel=\"canonical\" href=\"https:\/\/hd-multimedia.com\/en\/trgovina\/cayin-c9\/\" \/>\n<meta property=\"og:locale\" content=\"en_GB\" \/>\n<meta property=\"og:type\" content=\"article\" \/>\n<meta property=\"og:title\" content=\"Cayin C9 mobilno poja\u010dalo za slu\u0161alice - hd-multimedia\" \/>\n<meta property=\"og:description\" content=\"Cayin predstavlja C9, prenosno poja\u010dalo za slu\u0161alice koje nudi nevjerojatne performanse. Ovo poja\u010dalo s pokretano baterijom mo\u017ee isporu\u010diti 4 W snage na balansirani izlaz, \u0161to ga \u010dini idealnim za pogon \u010dak i najzahtjevnijih slu\u0161alica. Ono \u0161to izdvaja Cayin C9 od mnogih drugih poja\u010dala za slu\u0161alice je njegova sposobnost da radi s \u0161irokim spektrom slu\u0161alica, uklju\u010duju\u0107i one koje koriste tehnologije elektrostati\u010dkog ili planarnog pogona koje su poznate po svojoj zahtjevnosti u pogledu napajanja. Cayin C9 koristi dva moda rada kako bi vam pru\u017eio najbolje od va\u0161e glazbe: solid state i cijevni izlaz, pri \u010demu koristi poseban dizajn tvrtke KORG. C9 je idealan suputnik proizvodu N6 ii A02, koji pru\u017ea liniju izlazne razine za napajanje C9. Ovo poja\u010dalo ima \u0161irok raspon ulaza i izlaza, \u0161to ga \u010dini kompatibilnim s razli\u010ditim izvorima zvuka. Jedinstvena zna\u010dajka Cayin C9 je mogu\u0107nost prebacivanja izme\u0111u na\u010dina prolaza volumena i pretpoja\u010dala, omogu\u0107uju\u0107i vam da potpuno zaobi\u0111ete kontrolu glasno\u0107e ili je koristite za prilagodbu zvuka prema va\u0161im \u017eeljama.  Ovaj proizvod trenuta\u010dno nemamo na stanju ali mo\u017ee se naru\u010diti, javite nam se na kontakt formu za narud\u017ebu.  Dogovorite narud\u017ebu na linku!\" \/>\n<meta property=\"og:url\" content=\"https:\/\/hd-multimedia.com\/en\/trgovina\/cayin-c9\/\" \/>\n<meta property=\"og:site_name\" content=\"hd-multimedia\" \/>\n<meta property=\"article:modified_time\" content=\"2025-04-17T06:50:00+00:00\" \/>\n<meta property=\"og:image\" content=\"https:\/\/hd-multimedia.com\/hdm_media\/s-l1600-4.jpg\" \/>\n\t<meta property=\"og:image:width\" content=\"800\" \/>\n\t<meta property=\"og:image:height\" content=\"800\" \/>\n\t<meta property=\"og:image:type\" content=\"image\/jpeg\" \/>\n<meta name=\"twitter:card\" content=\"summary_large_image\" \/>\n<meta name=\"twitter:label1\" content=\"Estimated reading time\" \/>\n\t<meta name=\"twitter:data1\" content=\"1 minute\" \/>\n<script type=\"application\/ld+json\" class=\"yoast-schema-graph\">{\"@context\":\"https:\/\/schema.org\",\"@graph\":[{\"@type\":\"WebPage\",\"@id\":\"https:\/\/hd-multimedia.com\/trgovina\/cayin-c9\/\",\"url\":\"https:\/\/hd-multimedia.com\/trgovina\/cayin-c9\/\",\"name\":\"Cayin C9 mobilno poja\u010dalo za slu\u0161alice - hd-multimedia\",\"isPartOf\":{\"@id\":\"https:\/\/hd-multimedia.com\/#website\"},\"datePublished\":\"2024-02-19T08:35:01+00:00\",\"dateModified\":\"2025-04-17T06:50:00+00:00\",\"breadcrumb\":{\"@id\":\"https:\/\/hd-multimedia.com\/trgovina\/cayin-c9\/#breadcrumb\"},\"inLanguage\":\"en-GB\",\"potentialAction\":[{\"@type\":\"ReadAction\",\"target\":[\"https:\/\/hd-multimedia.com\/trgovina\/cayin-c9\/\"]}]},{\"@type\":\"BreadcrumbList\",\"@id\":\"https:\/\/hd-multimedia.com\/trgovina\/cayin-c9\/#breadcrumb\",\"itemListElement\":[{\"@type\":\"ListItem\",\"position\":1,\"name\":\"Po\u010detna stranica\",\"item\":\"https:\/\/hd-multimedia.com\/\"},{\"@type\":\"ListItem\",\"position\":2,\"name\":\"Trgovina\",\"item\":\"https:\/\/hd-multimedia.com\/trgovina\/\"},{\"@type\":\"ListItem\",\"position\":3,\"name\":\"Cayin C9 mobilno poja\u010dalo za slu\u0161alice\"}]},{\"@type\":\"WebSite\",\"@id\":\"https:\/\/hd-multimedia.com\/#website\",\"url\":\"https:\/\/hd-multimedia.com\/\",\"name\":\"hd-multimedia\",\"description\":\"\",\"publisher\":{\"@id\":\"https:\/\/hd-multimedia.com\/#organization\"},\"potentialAction\":[{\"@type\":\"SearchAction\",\"target\":{\"@type\":\"EntryPoint\",\"urlTemplate\":\"https:\/\/hd-multimedia.com\/?s={search_term_string}\"},\"query-input\":\"required name=search_term_string\"}],\"inLanguage\":\"en-GB\"},{\"@type\":\"Organization\",\"@id\":\"https:\/\/hd-multimedia.com\/#organization\",\"name\":\"hd-multimedia\",\"url\":\"https:\/\/hd-multimedia.com\/\",\"logo\":{\"@type\":\"ImageObject\",\"inLanguage\":\"en-GB\",\"@id\":\"https:\/\/hd-multimedia.com\/#\/schema\/logo\/image\/\",\"url\":\"https:\/\/hd-multimedia.com\/hdm_media\/HD-curves-ok-196-56px-alpha-1.png\",\"contentUrl\":\"https:\/\/hd-multimedia.com\/hdm_media\/HD-curves-ok-196-56px-alpha-1.png\",\"width\":196,\"height\":53,\"caption\":\"hd-multimedia\"},\"image\":{\"@id\":\"https:\/\/hd-multimedia.com\/#\/schema\/logo\/image\/\"}}]}<\/script>\n<!-- \/ Yoast SEO plugin. -->","yoast_head_json":{"title":"Cayin C9 mobilno poja\u010dalo za slu\u0161alice - hd-multimedia","robots":{"index":"index","follow":"follow","max-snippet":"max-snippet:-1","max-image-preview":"max-image-preview:large","max-video-preview":"max-video-preview:-1"},"canonical":"https:\/\/hd-multimedia.com\/en\/trgovina\/cayin-c9\/","og_locale":"en_GB","og_type":"article","og_title":"Cayin C9 mobilno poja\u010dalo za slu\u0161alice - hd-multimedia","og_description":"Cayin predstavlja C9, prenosno poja\u010dalo za slu\u0161alice koje nudi nevjerojatne performanse. Ovo poja\u010dalo s pokretano baterijom mo\u017ee isporu\u010diti 4 W snage na balansirani izlaz, \u0161to ga \u010dini idealnim za pogon \u010dak i najzahtjevnijih slu\u0161alica. Ono \u0161to izdvaja Cayin C9 od mnogih drugih poja\u010dala za slu\u0161alice je njegova sposobnost da radi s \u0161irokim spektrom slu\u0161alica, uklju\u010duju\u0107i one koje koriste tehnologije elektrostati\u010dkog ili planarnog pogona koje su poznate po svojoj zahtjevnosti u pogledu napajanja. Cayin C9 koristi dva moda rada kako bi vam pru\u017eio najbolje od va\u0161e glazbe: solid state i cijevni izlaz, pri \u010demu koristi poseban dizajn tvrtke KORG. C9 je idealan suputnik proizvodu N6 ii A02, koji pru\u017ea liniju izlazne razine za napajanje C9. Ovo poja\u010dalo ima \u0161irok raspon ulaza i izlaza, \u0161to ga \u010dini kompatibilnim s razli\u010ditim izvorima zvuka. Jedinstvena zna\u010dajka Cayin C9 je mogu\u0107nost prebacivanja izme\u0111u na\u010dina prolaza volumena i pretpoja\u010dala, omogu\u0107uju\u0107i vam da potpuno zaobi\u0111ete kontrolu glasno\u0107e ili je koristite za prilagodbu zvuka prema va\u0161im \u017eeljama.  Ovaj proizvod trenuta\u010dno nemamo na stanju ali mo\u017ee se naru\u010diti, javite nam se na kontakt formu za narud\u017ebu.  Dogovorite narud\u017ebu na linku!","og_url":"https:\/\/hd-multimedia.com\/en\/trgovina\/cayin-c9\/","og_site_name":"hd-multimedia","article_modified_time":"2025-04-17T06:50:00+00:00","og_image":[{"width":800,"height":800,"url":"https:\/\/hd-multimedia.com\/hdm_media\/s-l1600-4.jpg","type":"image\/jpeg"}],"twitter_card":"summary_large_image","twitter_misc":{"Estimated reading time":"1 minute"},"schema":{"@context":"https:\/\/schema.org","@graph":[{"@type":"WebPage","@id":"https:\/\/hd-multimedia.com\/trgovina\/cayin-c9\/","url":"https:\/\/hd-multimedia.com\/trgovina\/cayin-c9\/","name":"Cayin C9 mobilno poja\u010dalo za slu\u0161alice - hd-multimedia","isPartOf":{"@id":"https:\/\/hd-multimedia.com\/#website"},"datePublished":"2024-02-19T08:35:01+00:00","dateModified":"2025-04-17T06:50:00+00:00","breadcrumb":{"@id":"https:\/\/hd-multimedia.com\/trgovina\/cayin-c9\/#breadcrumb"},"inLanguage":"en-GB","potentialAction":[{"@type":"ReadAction","target":["https:\/\/hd-multimedia.com\/trgovina\/cayin-c9\/"]}]},{"@type":"BreadcrumbList","@id":"https:\/\/hd-multimedia.com\/trgovina\/cayin-c9\/#breadcrumb","itemListElement":[{"@type":"ListItem","position":1,"name":"Po\u010detna stranica","item":"https:\/\/hd-multimedia.com\/"},{"@type":"ListItem","position":2,"name":"Trgovina","item":"https:\/\/hd-multimedia.com\/trgovina\/"},{"@type":"ListItem","position":3,"name":"Cayin C9 mobilno poja\u010dalo za slu\u0161alice"}]},{"@type":"WebSite","@id":"https:\/\/hd-multimedia.com\/#website","url":"https:\/\/hd-multimedia.com\/","name":"hd-multimedia","description":"","publisher":{"@id":"https:\/\/hd-multimedia.com\/#organization"},"potentialAction":[{"@type":"SearchAction","target":{"@type":"EntryPoint","urlTemplate":"https:\/\/hd-multimedia.com\/?s={search_term_string}"},"query-input":"required name=search_term_string"}],"inLanguage":"en-GB"},{"@type":"Organization","@id":"https:\/\/hd-multimedia.com\/#organization","name":"hd-multimedia","url":"https:\/\/hd-multimedia.com\/","logo":{"@type":"ImageObject","inLanguage":"en-GB","@id":"https:\/\/hd-multimedia.com\/#\/schema\/logo\/image\/","url":"https:\/\/hd-multimedia.com\/hdm_media\/HD-curves-ok-196-56px-alpha-1.png","contentUrl":"https:\/\/hd-multimedia.com\/hdm_media\/HD-curves-ok-196-56px-alpha-1.png","width":196,"height":53,"caption":"hd-multimedia"},"image":{"@id":"https:\/\/hd-multimedia.com\/#\/schema\/logo\/image\/"}}]}},"post_mailing_queue_ids":[],"_links":{"self":[{"href":"https:\/\/hd-multimedia.com\/en\/wp-json\/wp\/v2\/product\/14454","targetHints":{"allow":["GET"]}}],"collection":[{"href":"https:\/\/hd-multimedia.com\/en\/wp-json\/wp\/v2\/product"}],"about":[{"href":"https:\/\/hd-multimedia.com\/en\/wp-json\/wp\/v2\/types\/product"}],"version-history":[{"count":7,"href":"https:\/\/hd-multimedia.com\/en\/wp-json\/wp\/v2\/product\/14454\/revisions"}],"predecessor-version":[{"id":18332,"href":"https:\/\/hd-multimedia.com\/en\/wp-json\/wp\/v2\/product\/14454\/revisions\/18332"}],"wp:featuredmedia":[{"embeddable":true,"href":"https:\/\/hd-multimedia.com\/en\/wp-json\/wp\/v2\/media\/14455"}],"wp:attachment":[{"href":"https:\/\/hd-multimedia.com\/en\/wp-json\/wp\/v2\/media?parent=14454"}],"curies":[{"name":"wp","href":"https:\/\/api.w.org\/{rel}","templated":true}]}}