{"id":14390,"date":"2024-02-13T11:06:43","date_gmt":"2024-02-13T11:06:43","guid":{"rendered":"https:\/\/hd-multimedia.com\/?post_type=product&#038;p=14390"},"modified":"2025-03-17T08:51:47","modified_gmt":"2025-03-17T08:51:47","slug":"cayin-jazz-80","status":"publish","type":"product","link":"https:\/\/hd-multimedia.com\/en\/trgovina\/cayin-jazz-80\/","title":{"rendered":"Cayin Jazz 80 (KT88 demo)"},"content":{"rendered":"<p>Cayin Jazz 80 comes with a Bluetooth module for wireless connection with smartphones, tablets and other devices, turning it into a modern HiFi center. Connecting is easy: select \u201cBluetooth\u201d as the input source and the Cayin will identify itself as \u201cCayin HD BT\u201d. Connection is possible with a simple touch of a finger. With the LDAC codec, it is possible to transmit high-quality audio content at a speed of up to 990 kbps. The operation of this tube amplifier is intuitive, and the Cayin Jazz 80 is switched on via the switch on the left side. Input and volume control can be done manually or via remote control.<\/p>\n<p><a href=\"https:\/\/en.cayin.cn\/features\/8\/57\/161\/609.html\" target=\"_blank\" rel=\"noopener\">You can find other information at this link.<\/a><\/p>","protected":false},"excerpt":{"rendered":"<p>The Cayin Jazz 80 is the latest product from Cayin. It is a hand-crafted tube amplifier that includes wireless music playback, while maintaining Cayin\u2019s renowned design and manufacturing standards. The Cayin Jazz 80 comes in a solid design with high-quality workmanship and selected components. Its glossy casing not only enhances the aesthetic appeal, but also ensures durability and protection of the internal electronics. The amplifier is equipped with a total of eight tubes, including four KT88 output tubes for power amplification, as well as four smaller tubes \u2013 two 12AU7 and two 12AX7 \u2013 that perform different functions in signal amplification and phase separation. The amplifier\u2019s cage, painted in the same color as the casing, offers a modern touch while providing protection for the delicate tubes. In addition, the Cayin Jazz 80 is equipped with shock-absorbing feet for added stability and vibration isolation, further enhancing its performance and longevity.<\/p>\n<p>This product is on display in our showroom in Zagreb! If you would like to listen to and view it, please make an appointment at:<\/p>\n<p><a href=\"https:\/\/hd-multimedia.com\/en\/kontakt\/\" target=\"_blank\" rel=\"noopener\">Arrange a meeting online!<\/a><\/p>","protected":false},"featured_media":14513,"template":"","meta":{"site-sidebar-layout":"default","site-content-layout":"","ast-site-content-layout":"default","site-content-style":"default","site-sidebar-style":"default","ast-global-header-display":"","ast-banner-title-visibility":"","ast-main-header-display":"","ast-hfb-above-header-display":"","ast-hfb-below-header-display":"","ast-hfb-mobile-header-display":"","site-post-title":"","ast-breadcrumbs-content":"","ast-featured-img":"","footer-sml-layout":"","theme-transparent-header-meta":"default","adv-header-id-meta":"","stick-header-meta":"default","header-above-stick-meta":"","header-main-stick-meta":"","header-below-stick-meta":"","astra-migrate-meta-layouts":"set","ast-page-background-enabled":"default","ast-page-background-meta":{"desktop":{"background-color":"","background-image":"","background-repeat":"repeat","background-position":"center center","background-size":"auto","background-attachment":"scroll","background-type":"","background-media":"","overlay-type":"","overlay-color":"","overlay-opacity":"","overlay-gradient":""},"tablet":{"background-color":"","background-image":"","background-repeat":"repeat","background-position":"center center","background-size":"auto","background-attachment":"scroll","background-type":"","background-media":"","overlay-type":"","overlay-color":"","overlay-opacity":"","overlay-gradient":""},"mobile":{"background-color":"","background-image":"","background-repeat":"repeat","background-position":"center center","background-size":"auto","background-attachment":"scroll","background-type":"","background-media":"","overlay-type":"","overlay-color":"","overlay-opacity":"","overlay-gradient":""}},"ast-content-background-meta":{"desktop":{"background-color":"var(--ast-global-color-5)","background-image":"","background-repeat":"repeat","background-position":"center center","background-size":"auto","background-attachment":"scroll","background-type":"","background-media":"","overlay-type":"","overlay-color":"","overlay-opacity":"","overlay-gradient":""},"tablet":{"background-color":"var(--ast-global-color-5)","background-image":"","background-repeat":"repeat","background-position":"center center","background-size":"auto","background-attachment":"scroll","background-type":"","background-media":"","overlay-type":"","overlay-color":"","overlay-opacity":"","overlay-gradient":""},"mobile":{"background-color":"var(--ast-global-color-5)","background-image":"","background-repeat":"repeat","background-position":"center center","background-size":"auto","background-attachment":"scroll","background-type":"","background-media":"","overlay-type":"","overlay-color":"","overlay-opacity":"","overlay-gradient":""}}},"class_list":["post-14390","product","type-product","status-publish","has-post-thumbnail","hentry","product_cat-cayin","product_cat-integrirana-pojacala","desktop-align-center","tablet-align-center","mobile-align-center","ast-product-gallery-layout-horizontal","ast-magnify-disabled","ast-product-tabs-layout-horizontal"],"yoast_head":"<!-- This site is optimized with the Yoast SEO plugin v21.4 - https:\/\/yoast.com\/wordpress\/plugins\/seo\/ -->\n<title>Cayin Jazz 80 (KT88 demo) - hd-multimedia<\/title>\n<meta name=\"description\" content=\"Jazz 80 predstavlja najnoviji vrhunac tvrtke Cayin. To je ru\u010dno izra\u0111eno cijevno poja\u010dalo koje uklju\u010duje be\u017ei\u010dnu reprodukciju glazbe.\" \/>\n<meta name=\"robots\" content=\"index, follow, max-snippet:-1, max-image-preview:large, max-video-preview:-1\" \/>\n<link rel=\"canonical\" href=\"https:\/\/hd-multimedia.com\/en\/trgovina\/cayin-jazz-80\/\" \/>\n<meta property=\"og:locale\" content=\"en_GB\" \/>\n<meta property=\"og:type\" content=\"article\" \/>\n<meta property=\"og:title\" content=\"Cayin Jazz 80 (KT88 demo) - hd-multimedia\" \/>\n<meta property=\"og:description\" content=\"Jazz 80 predstavlja najnoviji vrhunac tvrtke Cayin. To je ru\u010dno izra\u0111eno cijevno poja\u010dalo koje uklju\u010duje be\u017ei\u010dnu reprodukciju glazbe.\" \/>\n<meta property=\"og:url\" content=\"https:\/\/hd-multimedia.com\/en\/trgovina\/cayin-jazz-80\/\" \/>\n<meta property=\"og:site_name\" content=\"hd-multimedia\" \/>\n<meta property=\"article:modified_time\" content=\"2025-03-17T08:51:47+00:00\" \/>\n<meta property=\"og:image\" content=\"https:\/\/hd-multimedia.com\/hdm_media\/Cayin-Jazz-80-e1708343914154.jpg\" \/>\n\t<meta property=\"og:image:width\" content=\"1310\" \/>\n\t<meta property=\"og:image:height\" content=\"1310\" \/>\n\t<meta property=\"og:image:type\" content=\"image\/jpeg\" \/>\n<meta name=\"twitter:card\" content=\"summary_large_image\" \/>\n<meta name=\"twitter:label1\" content=\"Estimated reading time\" \/>\n\t<meta name=\"twitter:data1\" content=\"1 minute\" \/>\n<script type=\"application\/ld+json\" class=\"yoast-schema-graph\">{\"@context\":\"https:\/\/schema.org\",\"@graph\":[{\"@type\":\"WebPage\",\"@id\":\"https:\/\/hd-multimedia.com\/trgovina\/cayin-jazz-80\/\",\"url\":\"https:\/\/hd-multimedia.com\/trgovina\/cayin-jazz-80\/\",\"name\":\"Cayin Jazz 80 (KT88 demo) - hd-multimedia\",\"isPartOf\":{\"@id\":\"https:\/\/hd-multimedia.com\/#website\"},\"datePublished\":\"2024-02-13T11:06:43+00:00\",\"dateModified\":\"2025-03-17T08:51:47+00:00\",\"description\":\"Jazz 80 predstavlja najnoviji vrhunac tvrtke Cayin. To je ru\u010dno izra\u0111eno cijevno poja\u010dalo koje uklju\u010duje be\u017ei\u010dnu reprodukciju glazbe.\",\"breadcrumb\":{\"@id\":\"https:\/\/hd-multimedia.com\/trgovina\/cayin-jazz-80\/#breadcrumb\"},\"inLanguage\":\"en-GB\",\"potentialAction\":[{\"@type\":\"ReadAction\",\"target\":[\"https:\/\/hd-multimedia.com\/trgovina\/cayin-jazz-80\/\"]}]},{\"@type\":\"BreadcrumbList\",\"@id\":\"https:\/\/hd-multimedia.com\/trgovina\/cayin-jazz-80\/#breadcrumb\",\"itemListElement\":[{\"@type\":\"ListItem\",\"position\":1,\"name\":\"Po\u010detna stranica\",\"item\":\"https:\/\/hd-multimedia.com\/\"},{\"@type\":\"ListItem\",\"position\":2,\"name\":\"Trgovina\",\"item\":\"https:\/\/hd-multimedia.com\/trgovina\/\"},{\"@type\":\"ListItem\",\"position\":3,\"name\":\"Cayin Jazz 80 (KT88 demo)\"}]},{\"@type\":\"WebSite\",\"@id\":\"https:\/\/hd-multimedia.com\/#website\",\"url\":\"https:\/\/hd-multimedia.com\/\",\"name\":\"hd-multimedia\",\"description\":\"\",\"publisher\":{\"@id\":\"https:\/\/hd-multimedia.com\/#organization\"},\"potentialAction\":[{\"@type\":\"SearchAction\",\"target\":{\"@type\":\"EntryPoint\",\"urlTemplate\":\"https:\/\/hd-multimedia.com\/?s={search_term_string}\"},\"query-input\":\"required name=search_term_string\"}],\"inLanguage\":\"en-GB\"},{\"@type\":\"Organization\",\"@id\":\"https:\/\/hd-multimedia.com\/#organization\",\"name\":\"hd-multimedia\",\"url\":\"https:\/\/hd-multimedia.com\/\",\"logo\":{\"@type\":\"ImageObject\",\"inLanguage\":\"en-GB\",\"@id\":\"https:\/\/hd-multimedia.com\/#\/schema\/logo\/image\/\",\"url\":\"https:\/\/hd-multimedia.com\/hdm_media\/HD-curves-ok-196-56px-alpha-1.png\",\"contentUrl\":\"https:\/\/hd-multimedia.com\/hdm_media\/HD-curves-ok-196-56px-alpha-1.png\",\"width\":196,\"height\":53,\"caption\":\"hd-multimedia\"},\"image\":{\"@id\":\"https:\/\/hd-multimedia.com\/#\/schema\/logo\/image\/\"}}]}<\/script>\n<!-- \/ Yoast SEO plugin. -->","yoast_head_json":{"title":"Cayin Jazz 80 (KT88 demo) - hd-multimedia","description":"Jazz 80 predstavlja najnoviji vrhunac tvrtke Cayin. To je ru\u010dno izra\u0111eno cijevno poja\u010dalo koje uklju\u010duje be\u017ei\u010dnu reprodukciju glazbe.","robots":{"index":"index","follow":"follow","max-snippet":"max-snippet:-1","max-image-preview":"max-image-preview:large","max-video-preview":"max-video-preview:-1"},"canonical":"https:\/\/hd-multimedia.com\/en\/trgovina\/cayin-jazz-80\/","og_locale":"en_GB","og_type":"article","og_title":"Cayin Jazz 80 (KT88 demo) - hd-multimedia","og_description":"Jazz 80 predstavlja najnoviji vrhunac tvrtke Cayin. To je ru\u010dno izra\u0111eno cijevno poja\u010dalo koje uklju\u010duje be\u017ei\u010dnu reprodukciju glazbe.","og_url":"https:\/\/hd-multimedia.com\/en\/trgovina\/cayin-jazz-80\/","og_site_name":"hd-multimedia","article_modified_time":"2025-03-17T08:51:47+00:00","og_image":[{"width":1310,"height":1310,"url":"https:\/\/hd-multimedia.com\/hdm_media\/Cayin-Jazz-80-e1708343914154.jpg","type":"image\/jpeg"}],"twitter_card":"summary_large_image","twitter_misc":{"Estimated reading time":"1 minute"},"schema":{"@context":"https:\/\/schema.org","@graph":[{"@type":"WebPage","@id":"https:\/\/hd-multimedia.com\/trgovina\/cayin-jazz-80\/","url":"https:\/\/hd-multimedia.com\/trgovina\/cayin-jazz-80\/","name":"Cayin Jazz 80 (KT88 demo) - hd-multimedia","isPartOf":{"@id":"https:\/\/hd-multimedia.com\/#website"},"datePublished":"2024-02-13T11:06:43+00:00","dateModified":"2025-03-17T08:51:47+00:00","description":"Jazz 80 predstavlja najnoviji vrhunac tvrtke Cayin. To je ru\u010dno izra\u0111eno cijevno poja\u010dalo koje uklju\u010duje be\u017ei\u010dnu reprodukciju glazbe.","breadcrumb":{"@id":"https:\/\/hd-multimedia.com\/trgovina\/cayin-jazz-80\/#breadcrumb"},"inLanguage":"en-GB","potentialAction":[{"@type":"ReadAction","target":["https:\/\/hd-multimedia.com\/trgovina\/cayin-jazz-80\/"]}]},{"@type":"BreadcrumbList","@id":"https:\/\/hd-multimedia.com\/trgovina\/cayin-jazz-80\/#breadcrumb","itemListElement":[{"@type":"ListItem","position":1,"name":"Po\u010detna stranica","item":"https:\/\/hd-multimedia.com\/"},{"@type":"ListItem","position":2,"name":"Trgovina","item":"https:\/\/hd-multimedia.com\/trgovina\/"},{"@type":"ListItem","position":3,"name":"Cayin Jazz 80 (KT88 demo)"}]},{"@type":"WebSite","@id":"https:\/\/hd-multimedia.com\/#website","url":"https:\/\/hd-multimedia.com\/","name":"hd-multimedia","description":"","publisher":{"@id":"https:\/\/hd-multimedia.com\/#organization"},"potentialAction":[{"@type":"SearchAction","target":{"@type":"EntryPoint","urlTemplate":"https:\/\/hd-multimedia.com\/?s={search_term_string}"},"query-input":"required name=search_term_string"}],"inLanguage":"en-GB"},{"@type":"Organization","@id":"https:\/\/hd-multimedia.com\/#organization","name":"hd-multimedia","url":"https:\/\/hd-multimedia.com\/","logo":{"@type":"ImageObject","inLanguage":"en-GB","@id":"https:\/\/hd-multimedia.com\/#\/schema\/logo\/image\/","url":"https:\/\/hd-multimedia.com\/hdm_media\/HD-curves-ok-196-56px-alpha-1.png","contentUrl":"https:\/\/hd-multimedia.com\/hdm_media\/HD-curves-ok-196-56px-alpha-1.png","width":196,"height":53,"caption":"hd-multimedia"},"image":{"@id":"https:\/\/hd-multimedia.com\/#\/schema\/logo\/image\/"}}]}},"post_mailing_queue_ids":[],"_links":{"self":[{"href":"https:\/\/hd-multimedia.com\/en\/wp-json\/wp\/v2\/product\/14390","targetHints":{"allow":["GET"]}}],"collection":[{"href":"https:\/\/hd-multimedia.com\/en\/wp-json\/wp\/v2\/product"}],"about":[{"href":"https:\/\/hd-multimedia.com\/en\/wp-json\/wp\/v2\/types\/product"}],"version-history":[{"count":8,"href":"https:\/\/hd-multimedia.com\/en\/wp-json\/wp\/v2\/product\/14390\/revisions"}],"predecessor-version":[{"id":15929,"href":"https:\/\/hd-multimedia.com\/en\/wp-json\/wp\/v2\/product\/14390\/revisions\/15929"}],"wp:featuredmedia":[{"embeddable":true,"href":"https:\/\/hd-multimedia.com\/en\/wp-json\/wp\/v2\/media\/14513"}],"wp:attachment":[{"href":"https:\/\/hd-multimedia.com\/en\/wp-json\/wp\/v2\/media?parent=14390"}],"curies":[{"name":"wp","href":"https:\/\/api.w.org\/{rel}","templated":true}]}}