{"id":14371,"date":"2024-02-12T08:57:55","date_gmt":"2024-02-12T08:57:55","guid":{"rendered":"https:\/\/hd-multimedia.com\/?post_type=product&#038;p=14371"},"modified":"2024-06-17T07:22:06","modified_gmt":"2024-06-17T07:22:06","slug":"fiio-lc-re-mmcx","status":"publish","type":"product","link":"https:\/\/hd-multimedia.com\/en\/trgovina\/fiio-lc-re-mmcx\/","title":{"rendered":"FiiO LC-RE MMCX"},"content":{"rendered":"<ul>\n<li>Silver, Copper Hybrid Braided Mix cable<\/li>\n<li>8 Strands tootling 360 wires<\/li>\n<li>Stainless Steel Angled MMCX connectors<\/li>\n<li>Transparent German TPU Sheathing<\/li>\n<li>Litz Braided Structure<\/li>\n<li>Twist-Lock Swappable Termination Plugs put in lines<\/li>\n<\/ul>\n<p><a href=\"https:\/\/www.fiio.com\/newsinfo\/674648.html\" target=\"_blank\" rel=\"noopener\">You can find other information at this link.<\/a><\/p>","protected":false},"excerpt":{"rendered":"<p>The headphone cable, with connector types including 2.5mm, 3.5mm and 4.4mm on one end and mmcx on the other, is 1.2 meters long. It is designed to adapt to different types of headphone jacks, ensuring compatibility with a variety of audio devices. The dimensions of the cable measure 1200x10x10 mm, while the weight of the package is 0.5 kg, with a package size of 100x100x100 mm. This flexible cable offers users the convenience and ability to connect their headphones to compatible audio sources.<\/p>\n<p><a href=\"https:\/\/www.fiio.com\/newsinfo\/674648.html\" target=\"_blank\" rel=\"noopener\">You can find other information at this link.<\/a><\/p>\n<p>&nbsp;<\/p>","protected":false},"featured_media":14374,"template":"","meta":{"site-sidebar-layout":"default","site-content-layout":"","ast-site-content-layout":"default","site-content-style":"default","site-sidebar-style":"default","ast-global-header-display":"","ast-banner-title-visibility":"","ast-main-header-display":"","ast-hfb-above-header-display":"","ast-hfb-below-header-display":"","ast-hfb-mobile-header-display":"","site-post-title":"","ast-breadcrumbs-content":"","ast-featured-img":"","footer-sml-layout":"","theme-transparent-header-meta":"default","adv-header-id-meta":"","stick-header-meta":"default","header-above-stick-meta":"","header-main-stick-meta":"","header-below-stick-meta":"","astra-migrate-meta-layouts":"set","ast-page-background-enabled":"default","ast-page-background-meta":{"desktop":{"background-color":"","background-image":"","background-repeat":"repeat","background-position":"center center","background-size":"auto","background-attachment":"scroll","background-type":"","background-media":"","overlay-type":"","overlay-color":"","overlay-opacity":"","overlay-gradient":""},"tablet":{"background-color":"","background-image":"","background-repeat":"repeat","background-position":"center center","background-size":"auto","background-attachment":"scroll","background-type":"","background-media":"","overlay-type":"","overlay-color":"","overlay-opacity":"","overlay-gradient":""},"mobile":{"background-color":"","background-image":"","background-repeat":"repeat","background-position":"center center","background-size":"auto","background-attachment":"scroll","background-type":"","background-media":"","overlay-type":"","overlay-color":"","overlay-opacity":"","overlay-gradient":""}},"ast-content-background-meta":{"desktop":{"background-color":"var(--ast-global-color-5)","background-image":"","background-repeat":"repeat","background-position":"center center","background-size":"auto","background-attachment":"scroll","background-type":"","background-media":"","overlay-type":"","overlay-color":"","overlay-opacity":"","overlay-gradient":""},"tablet":{"background-color":"var(--ast-global-color-5)","background-image":"","background-repeat":"repeat","background-position":"center center","background-size":"auto","background-attachment":"scroll","background-type":"","background-media":"","overlay-type":"","overlay-color":"","overlay-opacity":"","overlay-gradient":""},"mobile":{"background-color":"var(--ast-global-color-5)","background-image":"","background-repeat":"repeat","background-position":"center center","background-size":"auto","background-attachment":"scroll","background-type":"","background-media":"","overlay-type":"","overlay-color":"","overlay-opacity":"","overlay-gradient":""}}},"class_list":["post-14371","product","type-product","status-publish","has-post-thumbnail","hentry","product_cat-kablovi-mobilni-audio","product_cat-fiio","product_tag-fiio","desktop-align-center","tablet-align-center","mobile-align-center","ast-product-gallery-layout-horizontal","ast-product-gallery-with-no-image","ast-magnify-disabled","ast-product-tabs-layout-horizontal"],"yoast_head":"<!-- This site is optimized with the Yoast SEO plugin v21.4 - https:\/\/yoast.com\/wordpress\/plugins\/seo\/ -->\n<title>FiiO LC-RE MMCX - hd-multimedia<\/title>\n<meta name=\"description\" content=\"Kabel za slu\u0161alice, s tipovima konektora koji uklju\u010duju 2,5 mm, 3,5 mm i 4,4 mm na jednom kraju i mmcx na drugom, ima du\u017einu od 1,2 metra.\" \/>\n<meta name=\"robots\" content=\"index, follow, max-snippet:-1, max-image-preview:large, max-video-preview:-1\" \/>\n<link rel=\"canonical\" href=\"https:\/\/hd-multimedia.com\/en\/trgovina\/fiio-lc-re-mmcx\/\" \/>\n<meta property=\"og:locale\" content=\"en_GB\" \/>\n<meta property=\"og:type\" content=\"article\" \/>\n<meta property=\"og:title\" content=\"FiiO LC-RE MMCX - hd-multimedia\" \/>\n<meta property=\"og:description\" content=\"Kabel za slu\u0161alice, s tipovima konektora koji uklju\u010duju 2,5 mm, 3,5 mm i 4,4 mm na jednom kraju i mmcx na drugom, ima du\u017einu od 1,2 metra.\" \/>\n<meta property=\"og:url\" content=\"https:\/\/hd-multimedia.com\/en\/trgovina\/fiio-lc-re-mmcx\/\" \/>\n<meta property=\"og:site_name\" content=\"hd-multimedia\" \/>\n<meta property=\"article:modified_time\" content=\"2024-06-17T07:22:06+00:00\" \/>\n<meta property=\"og:image\" content=\"https:\/\/hd-multimedia.com\/hdm_media\/a628780b-6c0e-431e-bb13-43e5aa80989c_cropped-e1707728546495.jpg\" \/>\n\t<meta property=\"og:image:width\" content=\"486\" \/>\n\t<meta property=\"og:image:height\" content=\"486\" \/>\n\t<meta property=\"og:image:type\" content=\"image\/jpeg\" \/>\n<meta name=\"twitter:card\" content=\"summary_large_image\" \/>\n<meta name=\"twitter:label1\" content=\"Estimated reading time\" \/>\n\t<meta name=\"twitter:data1\" content=\"1 minute\" \/>\n<script type=\"application\/ld+json\" class=\"yoast-schema-graph\">{\"@context\":\"https:\/\/schema.org\",\"@graph\":[{\"@type\":\"WebPage\",\"@id\":\"https:\/\/hd-multimedia.com\/trgovina\/fiio-lc-re-mmcx\/\",\"url\":\"https:\/\/hd-multimedia.com\/trgovina\/fiio-lc-re-mmcx\/\",\"name\":\"FiiO LC-RE MMCX - hd-multimedia\",\"isPartOf\":{\"@id\":\"https:\/\/hd-multimedia.com\/#website\"},\"datePublished\":\"2024-02-12T08:57:55+00:00\",\"dateModified\":\"2024-06-17T07:22:06+00:00\",\"description\":\"Kabel za slu\u0161alice, s tipovima konektora koji uklju\u010duju 2,5 mm, 3,5 mm i 4,4 mm na jednom kraju i mmcx na drugom, ima du\u017einu od 1,2 metra.\",\"breadcrumb\":{\"@id\":\"https:\/\/hd-multimedia.com\/trgovina\/fiio-lc-re-mmcx\/#breadcrumb\"},\"inLanguage\":\"en-GB\",\"potentialAction\":[{\"@type\":\"ReadAction\",\"target\":[\"https:\/\/hd-multimedia.com\/trgovina\/fiio-lc-re-mmcx\/\"]}]},{\"@type\":\"BreadcrumbList\",\"@id\":\"https:\/\/hd-multimedia.com\/trgovina\/fiio-lc-re-mmcx\/#breadcrumb\",\"itemListElement\":[{\"@type\":\"ListItem\",\"position\":1,\"name\":\"Po\u010detna stranica\",\"item\":\"https:\/\/hd-multimedia.com\/\"},{\"@type\":\"ListItem\",\"position\":2,\"name\":\"Trgovina\",\"item\":\"https:\/\/hd-multimedia.com\/trgovina\/\"},{\"@type\":\"ListItem\",\"position\":3,\"name\":\"FiiO LC-RE MMCX\"}]},{\"@type\":\"WebSite\",\"@id\":\"https:\/\/hd-multimedia.com\/#website\",\"url\":\"https:\/\/hd-multimedia.com\/\",\"name\":\"hd-multimedia\",\"description\":\"\",\"publisher\":{\"@id\":\"https:\/\/hd-multimedia.com\/#organization\"},\"potentialAction\":[{\"@type\":\"SearchAction\",\"target\":{\"@type\":\"EntryPoint\",\"urlTemplate\":\"https:\/\/hd-multimedia.com\/?s={search_term_string}\"},\"query-input\":\"required name=search_term_string\"}],\"inLanguage\":\"en-GB\"},{\"@type\":\"Organization\",\"@id\":\"https:\/\/hd-multimedia.com\/#organization\",\"name\":\"hd-multimedia\",\"url\":\"https:\/\/hd-multimedia.com\/\",\"logo\":{\"@type\":\"ImageObject\",\"inLanguage\":\"en-GB\",\"@id\":\"https:\/\/hd-multimedia.com\/#\/schema\/logo\/image\/\",\"url\":\"https:\/\/hd-multimedia.com\/hdm_media\/HD-curves-ok-196-56px-alpha-1.png\",\"contentUrl\":\"https:\/\/hd-multimedia.com\/hdm_media\/HD-curves-ok-196-56px-alpha-1.png\",\"width\":196,\"height\":53,\"caption\":\"hd-multimedia\"},\"image\":{\"@id\":\"https:\/\/hd-multimedia.com\/#\/schema\/logo\/image\/\"}}]}<\/script>\n<!-- \/ Yoast SEO plugin. -->","yoast_head_json":{"title":"FiiO LC-RE MMCX - hd-multimedia","description":"Kabel za slu\u0161alice, s tipovima konektora koji uklju\u010duju 2,5 mm, 3,5 mm i 4,4 mm na jednom kraju i mmcx na drugom, ima du\u017einu od 1,2 metra.","robots":{"index":"index","follow":"follow","max-snippet":"max-snippet:-1","max-image-preview":"max-image-preview:large","max-video-preview":"max-video-preview:-1"},"canonical":"https:\/\/hd-multimedia.com\/en\/trgovina\/fiio-lc-re-mmcx\/","og_locale":"en_GB","og_type":"article","og_title":"FiiO LC-RE MMCX - hd-multimedia","og_description":"Kabel za slu\u0161alice, s tipovima konektora koji uklju\u010duju 2,5 mm, 3,5 mm i 4,4 mm na jednom kraju i mmcx na drugom, ima du\u017einu od 1,2 metra.","og_url":"https:\/\/hd-multimedia.com\/en\/trgovina\/fiio-lc-re-mmcx\/","og_site_name":"hd-multimedia","article_modified_time":"2024-06-17T07:22:06+00:00","og_image":[{"width":486,"height":486,"url":"https:\/\/hd-multimedia.com\/hdm_media\/a628780b-6c0e-431e-bb13-43e5aa80989c_cropped-e1707728546495.jpg","type":"image\/jpeg"}],"twitter_card":"summary_large_image","twitter_misc":{"Estimated reading time":"1 minute"},"schema":{"@context":"https:\/\/schema.org","@graph":[{"@type":"WebPage","@id":"https:\/\/hd-multimedia.com\/trgovina\/fiio-lc-re-mmcx\/","url":"https:\/\/hd-multimedia.com\/trgovina\/fiio-lc-re-mmcx\/","name":"FiiO LC-RE MMCX - hd-multimedia","isPartOf":{"@id":"https:\/\/hd-multimedia.com\/#website"},"datePublished":"2024-02-12T08:57:55+00:00","dateModified":"2024-06-17T07:22:06+00:00","description":"Kabel za slu\u0161alice, s tipovima konektora koji uklju\u010duju 2,5 mm, 3,5 mm i 4,4 mm na jednom kraju i mmcx na drugom, ima du\u017einu od 1,2 metra.","breadcrumb":{"@id":"https:\/\/hd-multimedia.com\/trgovina\/fiio-lc-re-mmcx\/#breadcrumb"},"inLanguage":"en-GB","potentialAction":[{"@type":"ReadAction","target":["https:\/\/hd-multimedia.com\/trgovina\/fiio-lc-re-mmcx\/"]}]},{"@type":"BreadcrumbList","@id":"https:\/\/hd-multimedia.com\/trgovina\/fiio-lc-re-mmcx\/#breadcrumb","itemListElement":[{"@type":"ListItem","position":1,"name":"Po\u010detna stranica","item":"https:\/\/hd-multimedia.com\/"},{"@type":"ListItem","position":2,"name":"Trgovina","item":"https:\/\/hd-multimedia.com\/trgovina\/"},{"@type":"ListItem","position":3,"name":"FiiO LC-RE MMCX"}]},{"@type":"WebSite","@id":"https:\/\/hd-multimedia.com\/#website","url":"https:\/\/hd-multimedia.com\/","name":"hd-multimedia","description":"","publisher":{"@id":"https:\/\/hd-multimedia.com\/#organization"},"potentialAction":[{"@type":"SearchAction","target":{"@type":"EntryPoint","urlTemplate":"https:\/\/hd-multimedia.com\/?s={search_term_string}"},"query-input":"required name=search_term_string"}],"inLanguage":"en-GB"},{"@type":"Organization","@id":"https:\/\/hd-multimedia.com\/#organization","name":"hd-multimedia","url":"https:\/\/hd-multimedia.com\/","logo":{"@type":"ImageObject","inLanguage":"en-GB","@id":"https:\/\/hd-multimedia.com\/#\/schema\/logo\/image\/","url":"https:\/\/hd-multimedia.com\/hdm_media\/HD-curves-ok-196-56px-alpha-1.png","contentUrl":"https:\/\/hd-multimedia.com\/hdm_media\/HD-curves-ok-196-56px-alpha-1.png","width":196,"height":53,"caption":"hd-multimedia"},"image":{"@id":"https:\/\/hd-multimedia.com\/#\/schema\/logo\/image\/"}}]}},"post_mailing_queue_ids":[],"_links":{"self":[{"href":"https:\/\/hd-multimedia.com\/en\/wp-json\/wp\/v2\/product\/14371","targetHints":{"allow":["GET"]}}],"collection":[{"href":"https:\/\/hd-multimedia.com\/en\/wp-json\/wp\/v2\/product"}],"about":[{"href":"https:\/\/hd-multimedia.com\/en\/wp-json\/wp\/v2\/types\/product"}],"version-history":[{"count":3,"href":"https:\/\/hd-multimedia.com\/en\/wp-json\/wp\/v2\/product\/14371\/revisions"}],"predecessor-version":[{"id":15883,"href":"https:\/\/hd-multimedia.com\/en\/wp-json\/wp\/v2\/product\/14371\/revisions\/15883"}],"wp:featuredmedia":[{"embeddable":true,"href":"https:\/\/hd-multimedia.com\/en\/wp-json\/wp\/v2\/media\/14374"}],"wp:attachment":[{"href":"https:\/\/hd-multimedia.com\/en\/wp-json\/wp\/v2\/media?parent=14371"}],"curies":[{"name":"wp","href":"https:\/\/api.w.org\/{rel}","templated":true}]}}