{"id":13843,"date":"2023-12-27T10:25:27","date_gmt":"2023-12-27T10:25:27","guid":{"rendered":"https:\/\/hd-multimedia.com\/?post_type=product&#038;p=13843"},"modified":"2026-04-01T12:15:11","modified_gmt":"2026-04-01T12:15:11","slug":"topping-dx9","status":"publish","type":"product","link":"https:\/\/hd-multimedia.com\/en\/trgovina\/topping-dx9\/","title":{"rendered":"Topping DX9"},"content":{"rendered":"<p>Topping DX9 DAC + Balanced Headphone Amplifier, high-quality workmanship. The Topping DX9 contains the AKM4499EX DAC chip as well as Bluetooth 5.1 with LADAC, which is a must if you love HiFi. In addition to USB and Bluetooth inputs, it also has optical IIS, COAX, TOSLINK and AES inputs. The Topping DX9 contains 3 different headphone outputs: a standard 6.35 mm single output, a balanced XLR output and a balanced 4.4 mm output. There are also separate balanced and unbalanced - fixed and variable LINE outputs. The DX9 volume control is hybrid, which means it uses analog and digital elements for volume control.<\/p>\n<p>What comes in the box:<\/p>\n<p>USB cable<br \/>\nBluetooth antenna<br \/>\nAC cable<br \/>\nRemote control<\/p>\n<p>6.35 to 3.5 headphone adapter<\/p>\n<p><a href=\"https:\/\/www.toppingaudio.com\/product-item\/dx9#content-section\" target=\"_blank\" rel=\"noopener\">You can find other information at this link.<\/a><\/p>\n<p>&nbsp;<\/p>","protected":false},"excerpt":{"rendered":"<p>Topping DX9 DAC + Balanced Headphone Amplifier, high-quality workmanship. The Topping DX9 contains the AKM4499EX DAC chip as well as Bluetooth 5.1 with LADAC, which is a must if you love HiFi. In addition to USB and Bluetooth inputs, it also has optical IIS, COAX, TOSLINK and AES inputs. The Topping DX9 contains 3 different headphone outputs: a standard 6.35 mm single output, a balanced XLR output and a balanced 4.4 mm output. There are also separate balanced and unbalanced - fixed and variable LINE outputs. The DX9 volume control is hybrid, which means it uses analog and digital elements for volume control.<\/p>\n<p><a href=\"https:\/\/www.tpdz.net\/productinfo\/1090577.html\" target=\"_blank\" rel=\"noopener\">Topping DX9 \u2013 Link for additional information<\/a><\/p>","protected":false},"featured_media":13863,"template":"","meta":{"site-sidebar-layout":"default","site-content-layout":"default","ast-site-content-layout":"default","site-content-style":"default","site-sidebar-style":"default","ast-global-header-display":"","ast-banner-title-visibility":"","ast-main-header-display":"","ast-hfb-above-header-display":"","ast-hfb-below-header-display":"","ast-hfb-mobile-header-display":"","site-post-title":"","ast-breadcrumbs-content":"","ast-featured-img":"","footer-sml-layout":"","theme-transparent-header-meta":"default","adv-header-id-meta":"","stick-header-meta":"default","header-above-stick-meta":"","header-main-stick-meta":"","header-below-stick-meta":"","astra-migrate-meta-layouts":"set","ast-page-background-enabled":"default","ast-page-background-meta":{"desktop":{"background-color":"","background-image":"","background-repeat":"repeat","background-position":"center center","background-size":"auto","background-attachment":"scroll","background-type":"","background-media":"","overlay-type":"","overlay-color":"","overlay-opacity":"","overlay-gradient":""},"tablet":{"background-color":"","background-image":"","background-repeat":"repeat","background-position":"center center","background-size":"auto","background-attachment":"scroll","background-type":"","background-media":"","overlay-type":"","overlay-color":"","overlay-opacity":"","overlay-gradient":""},"mobile":{"background-color":"","background-image":"","background-repeat":"repeat","background-position":"center center","background-size":"auto","background-attachment":"scroll","background-type":"","background-media":"","overlay-type":"","overlay-color":"","overlay-opacity":"","overlay-gradient":""}},"ast-content-background-meta":{"desktop":{"background-color":"var(--ast-global-color-5)","background-image":"","background-repeat":"repeat","background-position":"center center","background-size":"auto","background-attachment":"scroll","background-type":"","background-media":"","overlay-type":"","overlay-color":"","overlay-opacity":"","overlay-gradient":""},"tablet":{"background-color":"var(--ast-global-color-5)","background-image":"","background-repeat":"repeat","background-position":"center center","background-size":"auto","background-attachment":"scroll","background-type":"","background-media":"","overlay-type":"","overlay-color":"","overlay-opacity":"","overlay-gradient":""},"mobile":{"background-color":"var(--ast-global-color-5)","background-image":"","background-repeat":"repeat","background-position":"center center","background-size":"auto","background-attachment":"scroll","background-type":"","background-media":"","overlay-type":"","overlay-color":"","overlay-opacity":"","overlay-gradient":""}}},"class_list":["post-13843","product","type-product","status-publish","has-post-thumbnail","hentry","product_cat-dac","product_cat-pojacala-za-slusalice","product_cat-topping","desktop-align-center","tablet-align-center","mobile-align-center","ast-product-gallery-layout-horizontal","ast-magnify-disabled","ast-product-single-variable","ast-product-tabs-layout-horizontal"],"yoast_head":"<!-- This site is optimized with the Yoast SEO plugin v21.4 - https:\/\/yoast.com\/wordpress\/plugins\/seo\/ -->\n<title>Topping DX9 - hd-multimedia<\/title>\n<meta name=\"description\" content=\"Topping DX9 DAC+ Balansirano poja\u010dalo za slu\u0161alice, visokokvalitetne izrade, AKM 4499EX DAC chip najnovije generacije izlazi za slu\u0161alice, fiksni i varijablini LINE izlazi, digitalni ulazi AES, TOSLINK, SPDIF, USB2, I2S.\" \/>\n<meta name=\"robots\" content=\"index, follow, max-snippet:-1, max-image-preview:large, max-video-preview:-1\" \/>\n<link rel=\"canonical\" href=\"https:\/\/hd-multimedia.com\/en\/trgovina\/topping-dx9\/\" \/>\n<meta property=\"og:locale\" content=\"en_GB\" \/>\n<meta property=\"og:type\" content=\"article\" \/>\n<meta property=\"og:title\" content=\"Topping DX9 - hd-multimedia\" \/>\n<meta property=\"og:description\" content=\"Topping DX9 DAC+ Balansirano poja\u010dalo za slu\u0161alice, visokokvalitetne izrade, AKM 4499EX DAC chip najnovije generacije izlazi za slu\u0161alice, fiksni i varijablini LINE izlazi, digitalni ulazi AES, TOSLINK, SPDIF, USB2, I2S.\" \/>\n<meta property=\"og:url\" content=\"https:\/\/hd-multimedia.com\/en\/trgovina\/topping-dx9\/\" \/>\n<meta property=\"og:site_name\" content=\"hd-multimedia\" \/>\n<meta property=\"article:modified_time\" content=\"2026-04-01T12:15:11+00:00\" \/>\n<meta property=\"og:image\" content=\"https:\/\/hd-multimedia.com\/hdm_media\/DX9-e-03.webp\" \/>\n\t<meta property=\"og:image:width\" content=\"2400\" \/>\n\t<meta property=\"og:image:height\" content=\"2400\" \/>\n\t<meta property=\"og:image:type\" content=\"image\/webp\" \/>\n<meta name=\"twitter:card\" content=\"summary_large_image\" \/>\n<meta name=\"twitter:label1\" content=\"Estimated reading time\" \/>\n\t<meta name=\"twitter:data1\" content=\"1 minute\" \/>\n<script type=\"application\/ld+json\" class=\"yoast-schema-graph\">{\"@context\":\"https:\/\/schema.org\",\"@graph\":[{\"@type\":\"WebPage\",\"@id\":\"https:\/\/hd-multimedia.com\/trgovina\/topping-dx9\/\",\"url\":\"https:\/\/hd-multimedia.com\/trgovina\/topping-dx9\/\",\"name\":\"Topping DX9 - hd-multimedia\",\"isPartOf\":{\"@id\":\"https:\/\/hd-multimedia.com\/#website\"},\"datePublished\":\"2023-12-27T10:25:27+00:00\",\"dateModified\":\"2026-04-01T12:15:11+00:00\",\"description\":\"Topping DX9 DAC+ Balansirano poja\u010dalo za slu\u0161alice, visokokvalitetne izrade, AKM 4499EX DAC chip najnovije generacije izlazi za slu\u0161alice, fiksni i varijablini LINE izlazi, digitalni ulazi AES, TOSLINK, SPDIF, USB2, I2S.\",\"breadcrumb\":{\"@id\":\"https:\/\/hd-multimedia.com\/trgovina\/topping-dx9\/#breadcrumb\"},\"inLanguage\":\"en-GB\",\"potentialAction\":[{\"@type\":\"ReadAction\",\"target\":[\"https:\/\/hd-multimedia.com\/trgovina\/topping-dx9\/\"]}]},{\"@type\":\"BreadcrumbList\",\"@id\":\"https:\/\/hd-multimedia.com\/trgovina\/topping-dx9\/#breadcrumb\",\"itemListElement\":[{\"@type\":\"ListItem\",\"position\":1,\"name\":\"Po\u010detna stranica\",\"item\":\"https:\/\/hd-multimedia.com\/\"},{\"@type\":\"ListItem\",\"position\":2,\"name\":\"Trgovina\",\"item\":\"https:\/\/hd-multimedia.com\/trgovina\/\"},{\"@type\":\"ListItem\",\"position\":3,\"name\":\"Topping DX9\"}]},{\"@type\":\"WebSite\",\"@id\":\"https:\/\/hd-multimedia.com\/#website\",\"url\":\"https:\/\/hd-multimedia.com\/\",\"name\":\"hd-multimedia\",\"description\":\"\",\"publisher\":{\"@id\":\"https:\/\/hd-multimedia.com\/#organization\"},\"potentialAction\":[{\"@type\":\"SearchAction\",\"target\":{\"@type\":\"EntryPoint\",\"urlTemplate\":\"https:\/\/hd-multimedia.com\/?s={search_term_string}\"},\"query-input\":\"required name=search_term_string\"}],\"inLanguage\":\"en-GB\"},{\"@type\":\"Organization\",\"@id\":\"https:\/\/hd-multimedia.com\/#organization\",\"name\":\"hd-multimedia\",\"url\":\"https:\/\/hd-multimedia.com\/\",\"logo\":{\"@type\":\"ImageObject\",\"inLanguage\":\"en-GB\",\"@id\":\"https:\/\/hd-multimedia.com\/#\/schema\/logo\/image\/\",\"url\":\"https:\/\/hd-multimedia.com\/hdm_media\/HD-curves-ok-196-56px-alpha-1.png\",\"contentUrl\":\"https:\/\/hd-multimedia.com\/hdm_media\/HD-curves-ok-196-56px-alpha-1.png\",\"width\":196,\"height\":53,\"caption\":\"hd-multimedia\"},\"image\":{\"@id\":\"https:\/\/hd-multimedia.com\/#\/schema\/logo\/image\/\"}}]}<\/script>\n<!-- \/ Yoast SEO plugin. -->","yoast_head_json":{"title":"Topping DX9 - hd-multimedia","description":"Topping DX9 DAC+ Balansirano poja\u010dalo za slu\u0161alice, visokokvalitetne izrade, AKM 4499EX DAC chip najnovije generacije izlazi za slu\u0161alice, fiksni i varijablini LINE izlazi, digitalni ulazi AES, TOSLINK, SPDIF, USB2, I2S.","robots":{"index":"index","follow":"follow","max-snippet":"max-snippet:-1","max-image-preview":"max-image-preview:large","max-video-preview":"max-video-preview:-1"},"canonical":"https:\/\/hd-multimedia.com\/en\/trgovina\/topping-dx9\/","og_locale":"en_GB","og_type":"article","og_title":"Topping DX9 - hd-multimedia","og_description":"Topping DX9 DAC+ Balansirano poja\u010dalo za slu\u0161alice, visokokvalitetne izrade, AKM 4499EX DAC chip najnovije generacije izlazi za slu\u0161alice, fiksni i varijablini LINE izlazi, digitalni ulazi AES, TOSLINK, SPDIF, USB2, I2S.","og_url":"https:\/\/hd-multimedia.com\/en\/trgovina\/topping-dx9\/","og_site_name":"hd-multimedia","article_modified_time":"2026-04-01T12:15:11+00:00","og_image":[{"width":2400,"height":2400,"url":"https:\/\/hd-multimedia.com\/hdm_media\/DX9-e-03.webp","type":"image\/webp"}],"twitter_card":"summary_large_image","twitter_misc":{"Estimated reading time":"1 minute"},"schema":{"@context":"https:\/\/schema.org","@graph":[{"@type":"WebPage","@id":"https:\/\/hd-multimedia.com\/trgovina\/topping-dx9\/","url":"https:\/\/hd-multimedia.com\/trgovina\/topping-dx9\/","name":"Topping DX9 - hd-multimedia","isPartOf":{"@id":"https:\/\/hd-multimedia.com\/#website"},"datePublished":"2023-12-27T10:25:27+00:00","dateModified":"2026-04-01T12:15:11+00:00","description":"Topping DX9 DAC+ Balansirano poja\u010dalo za slu\u0161alice, visokokvalitetne izrade, AKM 4499EX DAC chip najnovije generacije izlazi za slu\u0161alice, fiksni i varijablini LINE izlazi, digitalni ulazi AES, TOSLINK, SPDIF, USB2, I2S.","breadcrumb":{"@id":"https:\/\/hd-multimedia.com\/trgovina\/topping-dx9\/#breadcrumb"},"inLanguage":"en-GB","potentialAction":[{"@type":"ReadAction","target":["https:\/\/hd-multimedia.com\/trgovina\/topping-dx9\/"]}]},{"@type":"BreadcrumbList","@id":"https:\/\/hd-multimedia.com\/trgovina\/topping-dx9\/#breadcrumb","itemListElement":[{"@type":"ListItem","position":1,"name":"Po\u010detna stranica","item":"https:\/\/hd-multimedia.com\/"},{"@type":"ListItem","position":2,"name":"Trgovina","item":"https:\/\/hd-multimedia.com\/trgovina\/"},{"@type":"ListItem","position":3,"name":"Topping DX9"}]},{"@type":"WebSite","@id":"https:\/\/hd-multimedia.com\/#website","url":"https:\/\/hd-multimedia.com\/","name":"hd-multimedia","description":"","publisher":{"@id":"https:\/\/hd-multimedia.com\/#organization"},"potentialAction":[{"@type":"SearchAction","target":{"@type":"EntryPoint","urlTemplate":"https:\/\/hd-multimedia.com\/?s={search_term_string}"},"query-input":"required name=search_term_string"}],"inLanguage":"en-GB"},{"@type":"Organization","@id":"https:\/\/hd-multimedia.com\/#organization","name":"hd-multimedia","url":"https:\/\/hd-multimedia.com\/","logo":{"@type":"ImageObject","inLanguage":"en-GB","@id":"https:\/\/hd-multimedia.com\/#\/schema\/logo\/image\/","url":"https:\/\/hd-multimedia.com\/hdm_media\/HD-curves-ok-196-56px-alpha-1.png","contentUrl":"https:\/\/hd-multimedia.com\/hdm_media\/HD-curves-ok-196-56px-alpha-1.png","width":196,"height":53,"caption":"hd-multimedia"},"image":{"@id":"https:\/\/hd-multimedia.com\/#\/schema\/logo\/image\/"}}]}},"post_mailing_queue_ids":[],"_links":{"self":[{"href":"https:\/\/hd-multimedia.com\/en\/wp-json\/wp\/v2\/product\/13843","targetHints":{"allow":["GET"]}}],"collection":[{"href":"https:\/\/hd-multimedia.com\/en\/wp-json\/wp\/v2\/product"}],"about":[{"href":"https:\/\/hd-multimedia.com\/en\/wp-json\/wp\/v2\/types\/product"}],"version-history":[{"count":6,"href":"https:\/\/hd-multimedia.com\/en\/wp-json\/wp\/v2\/product\/13843\/revisions"}],"predecessor-version":[{"id":13859,"href":"https:\/\/hd-multimedia.com\/en\/wp-json\/wp\/v2\/product\/13843\/revisions\/13859"}],"wp:featuredmedia":[{"embeddable":true,"href":"https:\/\/hd-multimedia.com\/en\/wp-json\/wp\/v2\/media\/13863"}],"wp:attachment":[{"href":"https:\/\/hd-multimedia.com\/en\/wp-json\/wp\/v2\/media?parent=13843"}],"curies":[{"name":"wp","href":"https:\/\/api.w.org\/{rel}","templated":true}]}}