{"id":13565,"date":"2023-12-13T11:36:56","date_gmt":"2023-12-13T11:36:56","guid":{"rendered":"https:\/\/hd-multimedia.com\/?post_type=product&#038;p=13565"},"modified":"2026-02-15T21:03:31","modified_gmt":"2026-02-15T21:03:31","slug":"fiio-btr15","status":"publish","type":"product","link":"https:\/\/hd-multimedia.com\/en\/trgovina\/fiio-btr15\/","title":{"rendered":"FiiO BTR15"},"content":{"rendered":"<p>-Bluetooth chip: QCC5125 (CPU+DSP dual-core architecture)<\/p>\n<p>\u2013 Bluetooth version: 5.1<\/p>\n<p>\u2013 USB chip: XMOS XU316<\/p>\n<p>\u2013 DAC: ES9219MQ*2<\/p>\n<p>\u2013 Bluetooth codecs: AAC\/SBC\/aptX\/apt LL\/aptx Adaptive\/apt HD\/LDAC<\/p>\n<p>\u2013 USB DAC: Asynchronous 384kHz-32bit, DSD256<\/p>\n<p>\u2013 USB DAC driverless mode: Supported<\/p>\n<p>\u2013 Display: 0.96-inch OLED with 96\u00d796 resolution<\/p>\n<p>\u2013 Headphone outputs: single-ended 3.5 mm + balanced 4.4 mm<\/p>\n<p>\u2013 Dimensions: about 32.0mm x 72.2mm x 12.5mm<\/p>\n<p>\u2013 Weight: about 37.3g<\/p>\n<p>\u2013 Charging time: &lt; 2h<\/p>\n<p>\u2013 Battery: 550mAh lithium-ion resistant to high temperatures<\/p>\n<p>\u2013 Battery life: about 8 hours<\/p>\n<p><a href=\"https:\/\/www.fiio.com\/BTR15\" target=\"_blank\" rel=\"noopener\">You can find other information at this link.<\/a><\/p>","protected":false},"excerpt":{"rendered":"<p>The FiiO BTR15 delivers quality music on the go with a portable Bluetooth DAC and headphone amplifier that features two integrated DACs. The FiiO BTR15 features a dual ES9219MQ DAC chip, which handles sample rates and resolutions up to 384 kHz\/32-bit. This DAC is paired with a Qualcomm QCC5125 Bluetooth chip to provide support for Bluetooth 5.1, as well as Bluetooth aptX and SBC. The FiiO BTR15 is made of curved glass on the front and back with an aluminum alloy middle frame, which provides ample protection as well as a 3D aesthetic. The built-in rechargeable battery lasts up to eight hours, ensuring you can listen to music wirelessly for a long time. If your iOS or Android device doesn&#039;t have a 3.5mm headphone jack, this can serve as a high-quality method for listening to great-sounding music with your wired headphones,<\/p>\n<p>FiiO BTR15 is also available in a version with a Lightning connector. (FiiO LT-LT2).<\/p>\n<p><a href=\"https:\/\/www.fiio.com\/BTR15\" target=\"_blank\" rel=\"noopener\">You can find other information at this link.<\/a><\/p>","protected":false},"featured_media":13567,"template":"","meta":{"site-sidebar-layout":"default","site-content-layout":"","ast-site-content-layout":"default","site-content-style":"default","site-sidebar-style":"default","ast-global-header-display":"","ast-banner-title-visibility":"","ast-main-header-display":"","ast-hfb-above-header-display":"","ast-hfb-below-header-display":"","ast-hfb-mobile-header-display":"","site-post-title":"","ast-breadcrumbs-content":"","ast-featured-img":"","footer-sml-layout":"","theme-transparent-header-meta":"default","adv-header-id-meta":"","stick-header-meta":"default","header-above-stick-meta":"","header-main-stick-meta":"","header-below-stick-meta":"","astra-migrate-meta-layouts":"set","ast-page-background-enabled":"default","ast-page-background-meta":{"desktop":{"background-color":"","background-image":"","background-repeat":"repeat","background-position":"center center","background-size":"auto","background-attachment":"scroll","background-type":"","background-media":"","overlay-type":"","overlay-color":"","overlay-opacity":"","overlay-gradient":""},"tablet":{"background-color":"","background-image":"","background-repeat":"repeat","background-position":"center center","background-size":"auto","background-attachment":"scroll","background-type":"","background-media":"","overlay-type":"","overlay-color":"","overlay-opacity":"","overlay-gradient":""},"mobile":{"background-color":"","background-image":"","background-repeat":"repeat","background-position":"center center","background-size":"auto","background-attachment":"scroll","background-type":"","background-media":"","overlay-type":"","overlay-color":"","overlay-opacity":"","overlay-gradient":""}},"ast-content-background-meta":{"desktop":{"background-color":"var(--ast-global-color-5)","background-image":"","background-repeat":"repeat","background-position":"center center","background-size":"auto","background-attachment":"scroll","background-type":"","background-media":"","overlay-type":"","overlay-color":"","overlay-opacity":"","overlay-gradient":""},"tablet":{"background-color":"var(--ast-global-color-5)","background-image":"","background-repeat":"repeat","background-position":"center center","background-size":"auto","background-attachment":"scroll","background-type":"","background-media":"","overlay-type":"","overlay-color":"","overlay-opacity":"","overlay-gradient":""},"mobile":{"background-color":"var(--ast-global-color-5)","background-image":"","background-repeat":"repeat","background-position":"center center","background-size":"auto","background-attachment":"scroll","background-type":"","background-media":"","overlay-type":"","overlay-color":"","overlay-opacity":"","overlay-gradient":""}}},"class_list":["post-13565","product","type-product","status-publish","has-post-thumbnail","hentry","product_cat-pojacala-smartphone","product_cat-fiio","product_tag-novo-u-ponudi-fiio","desktop-align-center","tablet-align-center","mobile-align-center","ast-product-gallery-layout-horizontal","ast-magnify-disabled","ast-product-single-variable","ast-product-tabs-layout-horizontal"],"yoast_head":"<!-- This site is optimized with the Yoast SEO plugin v21.4 - https:\/\/yoast.com\/wordpress\/plugins\/seo\/ -->\n<title>FiiO BTR15 - hd-multimedia<\/title>\n<meta name=\"description\" content=\"FiiO BTR15 pru\u017ea kvalitetu glazbe u pokretu prijenosnim Bluetooth DAC-om i poja\u010dalom za slu\u0161alice koje ima dva integrirana DAC-a.\" \/>\n<meta name=\"robots\" content=\"index, follow, max-snippet:-1, max-image-preview:large, max-video-preview:-1\" \/>\n<link rel=\"canonical\" href=\"https:\/\/hd-multimedia.com\/en\/trgovina\/fiio-btr15\/\" \/>\n<meta property=\"og:locale\" content=\"en_GB\" \/>\n<meta property=\"og:type\" content=\"article\" \/>\n<meta property=\"og:title\" content=\"FiiO BTR15 - hd-multimedia\" \/>\n<meta property=\"og:description\" content=\"FiiO BTR15 pru\u017ea kvalitetu glazbe u pokretu prijenosnim Bluetooth DAC-om i poja\u010dalom za slu\u0161alice koje ima dva integrirana DAC-a.\" \/>\n<meta property=\"og:url\" content=\"https:\/\/hd-multimedia.com\/en\/trgovina\/fiio-btr15\/\" \/>\n<meta property=\"og:site_name\" content=\"hd-multimedia\" \/>\n<meta property=\"article:modified_time\" content=\"2026-02-15T21:03:31+00:00\" \/>\n<meta property=\"og:image\" content=\"https:\/\/hd-multimedia.com\/hdm_media\/fiio-btr15-bluetooth-51-daul-es9219mq-dac-chip-dsd256-headphone-amplifier-hifigo-btr15-black-328140_695x695.webp\" \/>\n\t<meta property=\"og:image:width\" content=\"695\" \/>\n\t<meta property=\"og:image:height\" content=\"695\" \/>\n\t<meta property=\"og:image:type\" content=\"image\/webp\" \/>\n<meta name=\"twitter:card\" content=\"summary_large_image\" \/>\n<meta name=\"twitter:label1\" content=\"Estimated reading time\" \/>\n\t<meta name=\"twitter:data1\" content=\"1 minute\" \/>\n<script type=\"application\/ld+json\" class=\"yoast-schema-graph\">{\"@context\":\"https:\/\/schema.org\",\"@graph\":[{\"@type\":\"WebPage\",\"@id\":\"https:\/\/hd-multimedia.com\/trgovina\/fiio-btr15\/\",\"url\":\"https:\/\/hd-multimedia.com\/trgovina\/fiio-btr15\/\",\"name\":\"FiiO BTR15 - hd-multimedia\",\"isPartOf\":{\"@id\":\"https:\/\/hd-multimedia.com\/#website\"},\"datePublished\":\"2023-12-13T11:36:56+00:00\",\"dateModified\":\"2026-02-15T21:03:31+00:00\",\"description\":\"FiiO BTR15 pru\u017ea kvalitetu glazbe u pokretu prijenosnim Bluetooth DAC-om i poja\u010dalom za slu\u0161alice koje ima dva integrirana DAC-a.\",\"breadcrumb\":{\"@id\":\"https:\/\/hd-multimedia.com\/trgovina\/fiio-btr15\/#breadcrumb\"},\"inLanguage\":\"en-GB\",\"potentialAction\":[{\"@type\":\"ReadAction\",\"target\":[\"https:\/\/hd-multimedia.com\/trgovina\/fiio-btr15\/\"]}]},{\"@type\":\"BreadcrumbList\",\"@id\":\"https:\/\/hd-multimedia.com\/trgovina\/fiio-btr15\/#breadcrumb\",\"itemListElement\":[{\"@type\":\"ListItem\",\"position\":1,\"name\":\"Po\u010detna stranica\",\"item\":\"https:\/\/hd-multimedia.com\/\"},{\"@type\":\"ListItem\",\"position\":2,\"name\":\"Trgovina\",\"item\":\"https:\/\/hd-multimedia.com\/trgovina\/\"},{\"@type\":\"ListItem\",\"position\":3,\"name\":\"FiiO BTR15\"}]},{\"@type\":\"WebSite\",\"@id\":\"https:\/\/hd-multimedia.com\/#website\",\"url\":\"https:\/\/hd-multimedia.com\/\",\"name\":\"hd-multimedia\",\"description\":\"\",\"publisher\":{\"@id\":\"https:\/\/hd-multimedia.com\/#organization\"},\"potentialAction\":[{\"@type\":\"SearchAction\",\"target\":{\"@type\":\"EntryPoint\",\"urlTemplate\":\"https:\/\/hd-multimedia.com\/?s={search_term_string}\"},\"query-input\":\"required name=search_term_string\"}],\"inLanguage\":\"en-GB\"},{\"@type\":\"Organization\",\"@id\":\"https:\/\/hd-multimedia.com\/#organization\",\"name\":\"hd-multimedia\",\"url\":\"https:\/\/hd-multimedia.com\/\",\"logo\":{\"@type\":\"ImageObject\",\"inLanguage\":\"en-GB\",\"@id\":\"https:\/\/hd-multimedia.com\/#\/schema\/logo\/image\/\",\"url\":\"https:\/\/hd-multimedia.com\/hdm_media\/HD-curves-ok-196-56px-alpha-1.png\",\"contentUrl\":\"https:\/\/hd-multimedia.com\/hdm_media\/HD-curves-ok-196-56px-alpha-1.png\",\"width\":196,\"height\":53,\"caption\":\"hd-multimedia\"},\"image\":{\"@id\":\"https:\/\/hd-multimedia.com\/#\/schema\/logo\/image\/\"}}]}<\/script>\n<!-- \/ Yoast SEO plugin. -->","yoast_head_json":{"title":"FiiO BTR15 - hd-multimedia","description":"FiiO BTR15 pru\u017ea kvalitetu glazbe u pokretu prijenosnim Bluetooth DAC-om i poja\u010dalom za slu\u0161alice koje ima dva integrirana DAC-a.","robots":{"index":"index","follow":"follow","max-snippet":"max-snippet:-1","max-image-preview":"max-image-preview:large","max-video-preview":"max-video-preview:-1"},"canonical":"https:\/\/hd-multimedia.com\/en\/trgovina\/fiio-btr15\/","og_locale":"en_GB","og_type":"article","og_title":"FiiO BTR15 - hd-multimedia","og_description":"FiiO BTR15 pru\u017ea kvalitetu glazbe u pokretu prijenosnim Bluetooth DAC-om i poja\u010dalom za slu\u0161alice koje ima dva integrirana DAC-a.","og_url":"https:\/\/hd-multimedia.com\/en\/trgovina\/fiio-btr15\/","og_site_name":"hd-multimedia","article_modified_time":"2026-02-15T21:03:31+00:00","og_image":[{"width":695,"height":695,"url":"https:\/\/hd-multimedia.com\/hdm_media\/fiio-btr15-bluetooth-51-daul-es9219mq-dac-chip-dsd256-headphone-amplifier-hifigo-btr15-black-328140_695x695.webp","type":"image\/webp"}],"twitter_card":"summary_large_image","twitter_misc":{"Estimated reading time":"1 minute"},"schema":{"@context":"https:\/\/schema.org","@graph":[{"@type":"WebPage","@id":"https:\/\/hd-multimedia.com\/trgovina\/fiio-btr15\/","url":"https:\/\/hd-multimedia.com\/trgovina\/fiio-btr15\/","name":"FiiO BTR15 - hd-multimedia","isPartOf":{"@id":"https:\/\/hd-multimedia.com\/#website"},"datePublished":"2023-12-13T11:36:56+00:00","dateModified":"2026-02-15T21:03:31+00:00","description":"FiiO BTR15 pru\u017ea kvalitetu glazbe u pokretu prijenosnim Bluetooth DAC-om i poja\u010dalom za slu\u0161alice koje ima dva integrirana DAC-a.","breadcrumb":{"@id":"https:\/\/hd-multimedia.com\/trgovina\/fiio-btr15\/#breadcrumb"},"inLanguage":"en-GB","potentialAction":[{"@type":"ReadAction","target":["https:\/\/hd-multimedia.com\/trgovina\/fiio-btr15\/"]}]},{"@type":"BreadcrumbList","@id":"https:\/\/hd-multimedia.com\/trgovina\/fiio-btr15\/#breadcrumb","itemListElement":[{"@type":"ListItem","position":1,"name":"Po\u010detna stranica","item":"https:\/\/hd-multimedia.com\/"},{"@type":"ListItem","position":2,"name":"Trgovina","item":"https:\/\/hd-multimedia.com\/trgovina\/"},{"@type":"ListItem","position":3,"name":"FiiO BTR15"}]},{"@type":"WebSite","@id":"https:\/\/hd-multimedia.com\/#website","url":"https:\/\/hd-multimedia.com\/","name":"hd-multimedia","description":"","publisher":{"@id":"https:\/\/hd-multimedia.com\/#organization"},"potentialAction":[{"@type":"SearchAction","target":{"@type":"EntryPoint","urlTemplate":"https:\/\/hd-multimedia.com\/?s={search_term_string}"},"query-input":"required name=search_term_string"}],"inLanguage":"en-GB"},{"@type":"Organization","@id":"https:\/\/hd-multimedia.com\/#organization","name":"hd-multimedia","url":"https:\/\/hd-multimedia.com\/","logo":{"@type":"ImageObject","inLanguage":"en-GB","@id":"https:\/\/hd-multimedia.com\/#\/schema\/logo\/image\/","url":"https:\/\/hd-multimedia.com\/hdm_media\/HD-curves-ok-196-56px-alpha-1.png","contentUrl":"https:\/\/hd-multimedia.com\/hdm_media\/HD-curves-ok-196-56px-alpha-1.png","width":196,"height":53,"caption":"hd-multimedia"},"image":{"@id":"https:\/\/hd-multimedia.com\/#\/schema\/logo\/image\/"}}]}},"post_mailing_queue_ids":[],"_links":{"self":[{"href":"https:\/\/hd-multimedia.com\/en\/wp-json\/wp\/v2\/product\/13565","targetHints":{"allow":["GET"]}}],"collection":[{"href":"https:\/\/hd-multimedia.com\/en\/wp-json\/wp\/v2\/product"}],"about":[{"href":"https:\/\/hd-multimedia.com\/en\/wp-json\/wp\/v2\/types\/product"}],"version-history":[{"count":5,"href":"https:\/\/hd-multimedia.com\/en\/wp-json\/wp\/v2\/product\/13565\/revisions"}],"predecessor-version":[{"id":13713,"href":"https:\/\/hd-multimedia.com\/en\/wp-json\/wp\/v2\/product\/13565\/revisions\/13713"}],"wp:featuredmedia":[{"embeddable":true,"href":"https:\/\/hd-multimedia.com\/en\/wp-json\/wp\/v2\/media\/13567"}],"wp:attachment":[{"href":"https:\/\/hd-multimedia.com\/en\/wp-json\/wp\/v2\/media?parent=13565"}],"curies":[{"name":"wp","href":"https:\/\/api.w.org\/{rel}","templated":true}]}}