{"id":13557,"date":"2023-12-13T10:31:06","date_gmt":"2023-12-13T10:31:06","guid":{"rendered":"https:\/\/hd-multimedia.com\/?post_type=product&#038;p=13557"},"modified":"2026-03-10T09:07:00","modified_gmt":"2026-03-10T09:07:00","slug":"fiio-ka13","status":"publish","type":"product","link":"https:\/\/hd-multimedia.com\/en\/trgovina\/fiio-ka13\/","title":{"rendered":"FiiO KA13"},"content":{"rendered":"<p>\u2013 Premium portable USB DAC &amp; AMP.<\/p>\n<p>\u2013 Desktop amplification.<\/p>\n<p>\u2013 Dual CS43131 high-performance DAC chips.<\/p>\n<p>\u2013 Powerful two 8262 OPAamps.<\/p>\n<p>\u2013 Supports PCM 32-bit\/384kHz. &amp; Native DSD256 audio signals.<\/p>\n<p>\u2013 Dual headphone outputs (3.5mm+4.4mm).<\/p>\n<p>\u2013 Physical volume buttons.<\/p>\n<p>\u2013 Detachable Type C connection cable.<\/p>\n<p>\u2013 Excellent design quality.<\/p>\n<p>\u2013 Support for FiiO applications.<\/p>\n<p>\u2013 SPDIF support for digital output.<\/p>\n<p>\u2013 Ambient light display window.<\/p>\n<p><a href=\"https:\/\/www.fiio.com\/ka13_parameters\" target=\"_blank\" rel=\"noopener\">You can find other information at this link.<\/a><\/p>","protected":false},"excerpt":{"rendered":"<p>The FiiO KA13 serves as an adapter or \u201cdongle\u201d to connect 3.5mm or 4.4mm headphones to a mobile device that does not have a jack. It improves sound quality along the way! The FiiO KA13 is a brand new portable USB DAC\/AMP with an improved audio circuit for unparalleled performance. The portable DAC\/AMP features a desktop-grade amplifier that delivers a solid output boost of up to 550mW that easily drives IEms and headphones. As for decoding, it features a high-performance Dual DAC chipset that houses two CS43131 DAC chips that provide crystal-clear decoding of high-resolution PCM and DSD audio signals. The FiiO KA13 has an extremely sturdy metal construction with an exclusive ambient light display window. It also gives you two output options, supporting single-ended and balanced headphone jacks.<\/p>\n<p><a href=\"https:\/\/www.fiio.com\/ka13\" target=\"_blank\" rel=\"noopener\">You can find other information at this link.<\/a><\/p>\n<p>&nbsp;<\/p>","protected":false},"featured_media":13558,"template":"","meta":{"site-sidebar-layout":"default","site-content-layout":"","ast-site-content-layout":"default","site-content-style":"default","site-sidebar-style":"default","ast-global-header-display":"","ast-banner-title-visibility":"","ast-main-header-display":"","ast-hfb-above-header-display":"","ast-hfb-below-header-display":"","ast-hfb-mobile-header-display":"","site-post-title":"","ast-breadcrumbs-content":"","ast-featured-img":"","footer-sml-layout":"","theme-transparent-header-meta":"default","adv-header-id-meta":"","stick-header-meta":"default","header-above-stick-meta":"","header-main-stick-meta":"","header-below-stick-meta":"","astra-migrate-meta-layouts":"set","ast-page-background-enabled":"default","ast-page-background-meta":{"desktop":{"background-color":"","background-image":"","background-repeat":"repeat","background-position":"center center","background-size":"auto","background-attachment":"scroll","background-type":"","background-media":"","overlay-type":"","overlay-color":"","overlay-opacity":"","overlay-gradient":""},"tablet":{"background-color":"","background-image":"","background-repeat":"repeat","background-position":"center center","background-size":"auto","background-attachment":"scroll","background-type":"","background-media":"","overlay-type":"","overlay-color":"","overlay-opacity":"","overlay-gradient":""},"mobile":{"background-color":"","background-image":"","background-repeat":"repeat","background-position":"center center","background-size":"auto","background-attachment":"scroll","background-type":"","background-media":"","overlay-type":"","overlay-color":"","overlay-opacity":"","overlay-gradient":""}},"ast-content-background-meta":{"desktop":{"background-color":"var(--ast-global-color-5)","background-image":"","background-repeat":"repeat","background-position":"center center","background-size":"auto","background-attachment":"scroll","background-type":"","background-media":"","overlay-type":"","overlay-color":"","overlay-opacity":"","overlay-gradient":""},"tablet":{"background-color":"var(--ast-global-color-5)","background-image":"","background-repeat":"repeat","background-position":"center center","background-size":"auto","background-attachment":"scroll","background-type":"","background-media":"","overlay-type":"","overlay-color":"","overlay-opacity":"","overlay-gradient":""},"mobile":{"background-color":"var(--ast-global-color-5)","background-image":"","background-repeat":"repeat","background-position":"center center","background-size":"auto","background-attachment":"scroll","background-type":"","background-media":"","overlay-type":"","overlay-color":"","overlay-opacity":"","overlay-gradient":""}}},"class_list":["post-13557","product","type-product","status-publish","has-post-thumbnail","hentry","product_cat-pojacala-smartphone","product_cat-fiio","desktop-align-center","tablet-align-center","mobile-align-center","ast-product-gallery-layout-horizontal","ast-magnify-disabled","ast-product-tabs-layout-horizontal"],"yoast_head":"<!-- This site is optimized with the Yoast SEO plugin v21.4 - https:\/\/yoast.com\/wordpress\/plugins\/seo\/ -->\n<title>FiiO KA13 - hd-multimedia<\/title>\n<meta name=\"description\" content=\"FiiO KA13 potpuno je novi prijenosni USB DAC\/AMP s pobolj\u0161anim audio sklopom za neusporedivu izvedbu. Prijenosni DAC\/AMP sadr\u017ei poja\u010dalo za stolno ra\u010dunalo.\" \/>\n<meta name=\"robots\" content=\"index, follow, max-snippet:-1, max-image-preview:large, max-video-preview:-1\" \/>\n<link rel=\"canonical\" href=\"https:\/\/hd-multimedia.com\/en\/trgovina\/fiio-ka13\/\" \/>\n<meta property=\"og:locale\" content=\"en_GB\" \/>\n<meta property=\"og:type\" content=\"article\" \/>\n<meta property=\"og:title\" content=\"FiiO KA13 - hd-multimedia\" \/>\n<meta property=\"og:description\" content=\"FiiO KA13 potpuno je novi prijenosni USB DAC\/AMP s pobolj\u0161anim audio sklopom za neusporedivu izvedbu. Prijenosni DAC\/AMP sadr\u017ei poja\u010dalo za stolno ra\u010dunalo.\" \/>\n<meta property=\"og:url\" content=\"https:\/\/hd-multimedia.com\/en\/trgovina\/fiio-ka13\/\" \/>\n<meta property=\"og:site_name\" content=\"hd-multimedia\" \/>\n<meta property=\"article:modified_time\" content=\"2026-03-10T09:07:00+00:00\" \/>\n<meta property=\"og:image\" content=\"https:\/\/hd-multimedia.com\/hdm_media\/8167395-1024x1024.png\" \/>\n\t<meta property=\"og:image:width\" content=\"1024\" \/>\n\t<meta property=\"og:image:height\" content=\"1024\" \/>\n\t<meta property=\"og:image:type\" content=\"image\/png\" \/>\n<meta name=\"twitter:card\" content=\"summary_large_image\" \/>\n<meta name=\"twitter:label1\" content=\"Estimated reading time\" \/>\n\t<meta name=\"twitter:data1\" content=\"1 minute\" \/>\n<script type=\"application\/ld+json\" class=\"yoast-schema-graph\">{\"@context\":\"https:\/\/schema.org\",\"@graph\":[{\"@type\":\"WebPage\",\"@id\":\"https:\/\/hd-multimedia.com\/trgovina\/fiio-ka13\/\",\"url\":\"https:\/\/hd-multimedia.com\/trgovina\/fiio-ka13\/\",\"name\":\"FiiO KA13 - hd-multimedia\",\"isPartOf\":{\"@id\":\"https:\/\/hd-multimedia.com\/#website\"},\"datePublished\":\"2023-12-13T10:31:06+00:00\",\"dateModified\":\"2026-03-10T09:07:00+00:00\",\"description\":\"FiiO KA13 potpuno je novi prijenosni USB DAC\/AMP s pobolj\u0161anim audio sklopom za neusporedivu izvedbu. Prijenosni DAC\/AMP sadr\u017ei poja\u010dalo za stolno ra\u010dunalo.\",\"breadcrumb\":{\"@id\":\"https:\/\/hd-multimedia.com\/trgovina\/fiio-ka13\/#breadcrumb\"},\"inLanguage\":\"en-GB\",\"potentialAction\":[{\"@type\":\"ReadAction\",\"target\":[\"https:\/\/hd-multimedia.com\/trgovina\/fiio-ka13\/\"]}]},{\"@type\":\"BreadcrumbList\",\"@id\":\"https:\/\/hd-multimedia.com\/trgovina\/fiio-ka13\/#breadcrumb\",\"itemListElement\":[{\"@type\":\"ListItem\",\"position\":1,\"name\":\"Po\u010detna stranica\",\"item\":\"https:\/\/hd-multimedia.com\/\"},{\"@type\":\"ListItem\",\"position\":2,\"name\":\"Trgovina\",\"item\":\"https:\/\/hd-multimedia.com\/trgovina\/\"},{\"@type\":\"ListItem\",\"position\":3,\"name\":\"FiiO KA13\"}]},{\"@type\":\"WebSite\",\"@id\":\"https:\/\/hd-multimedia.com\/#website\",\"url\":\"https:\/\/hd-multimedia.com\/\",\"name\":\"hd-multimedia\",\"description\":\"\",\"publisher\":{\"@id\":\"https:\/\/hd-multimedia.com\/#organization\"},\"potentialAction\":[{\"@type\":\"SearchAction\",\"target\":{\"@type\":\"EntryPoint\",\"urlTemplate\":\"https:\/\/hd-multimedia.com\/?s={search_term_string}\"},\"query-input\":\"required name=search_term_string\"}],\"inLanguage\":\"en-GB\"},{\"@type\":\"Organization\",\"@id\":\"https:\/\/hd-multimedia.com\/#organization\",\"name\":\"hd-multimedia\",\"url\":\"https:\/\/hd-multimedia.com\/\",\"logo\":{\"@type\":\"ImageObject\",\"inLanguage\":\"en-GB\",\"@id\":\"https:\/\/hd-multimedia.com\/#\/schema\/logo\/image\/\",\"url\":\"https:\/\/hd-multimedia.com\/hdm_media\/HD-curves-ok-196-56px-alpha-1.png\",\"contentUrl\":\"https:\/\/hd-multimedia.com\/hdm_media\/HD-curves-ok-196-56px-alpha-1.png\",\"width\":196,\"height\":53,\"caption\":\"hd-multimedia\"},\"image\":{\"@id\":\"https:\/\/hd-multimedia.com\/#\/schema\/logo\/image\/\"}}]}<\/script>\n<!-- \/ Yoast SEO plugin. -->","yoast_head_json":{"title":"FiiO KA13 - hd-multimedia","description":"FiiO KA13 potpuno je novi prijenosni USB DAC\/AMP s pobolj\u0161anim audio sklopom za neusporedivu izvedbu. Prijenosni DAC\/AMP sadr\u017ei poja\u010dalo za stolno ra\u010dunalo.","robots":{"index":"index","follow":"follow","max-snippet":"max-snippet:-1","max-image-preview":"max-image-preview:large","max-video-preview":"max-video-preview:-1"},"canonical":"https:\/\/hd-multimedia.com\/en\/trgovina\/fiio-ka13\/","og_locale":"en_GB","og_type":"article","og_title":"FiiO KA13 - hd-multimedia","og_description":"FiiO KA13 potpuno je novi prijenosni USB DAC\/AMP s pobolj\u0161anim audio sklopom za neusporedivu izvedbu. Prijenosni DAC\/AMP sadr\u017ei poja\u010dalo za stolno ra\u010dunalo.","og_url":"https:\/\/hd-multimedia.com\/en\/trgovina\/fiio-ka13\/","og_site_name":"hd-multimedia","article_modified_time":"2026-03-10T09:07:00+00:00","og_image":[{"width":1024,"height":1024,"url":"https:\/\/hd-multimedia.com\/hdm_media\/8167395-1024x1024.png","type":"image\/png"}],"twitter_card":"summary_large_image","twitter_misc":{"Estimated reading time":"1 minute"},"schema":{"@context":"https:\/\/schema.org","@graph":[{"@type":"WebPage","@id":"https:\/\/hd-multimedia.com\/trgovina\/fiio-ka13\/","url":"https:\/\/hd-multimedia.com\/trgovina\/fiio-ka13\/","name":"FiiO KA13 - hd-multimedia","isPartOf":{"@id":"https:\/\/hd-multimedia.com\/#website"},"datePublished":"2023-12-13T10:31:06+00:00","dateModified":"2026-03-10T09:07:00+00:00","description":"FiiO KA13 potpuno je novi prijenosni USB DAC\/AMP s pobolj\u0161anim audio sklopom za neusporedivu izvedbu. Prijenosni DAC\/AMP sadr\u017ei poja\u010dalo za stolno ra\u010dunalo.","breadcrumb":{"@id":"https:\/\/hd-multimedia.com\/trgovina\/fiio-ka13\/#breadcrumb"},"inLanguage":"en-GB","potentialAction":[{"@type":"ReadAction","target":["https:\/\/hd-multimedia.com\/trgovina\/fiio-ka13\/"]}]},{"@type":"BreadcrumbList","@id":"https:\/\/hd-multimedia.com\/trgovina\/fiio-ka13\/#breadcrumb","itemListElement":[{"@type":"ListItem","position":1,"name":"Po\u010detna stranica","item":"https:\/\/hd-multimedia.com\/"},{"@type":"ListItem","position":2,"name":"Trgovina","item":"https:\/\/hd-multimedia.com\/trgovina\/"},{"@type":"ListItem","position":3,"name":"FiiO KA13"}]},{"@type":"WebSite","@id":"https:\/\/hd-multimedia.com\/#website","url":"https:\/\/hd-multimedia.com\/","name":"hd-multimedia","description":"","publisher":{"@id":"https:\/\/hd-multimedia.com\/#organization"},"potentialAction":[{"@type":"SearchAction","target":{"@type":"EntryPoint","urlTemplate":"https:\/\/hd-multimedia.com\/?s={search_term_string}"},"query-input":"required name=search_term_string"}],"inLanguage":"en-GB"},{"@type":"Organization","@id":"https:\/\/hd-multimedia.com\/#organization","name":"hd-multimedia","url":"https:\/\/hd-multimedia.com\/","logo":{"@type":"ImageObject","inLanguage":"en-GB","@id":"https:\/\/hd-multimedia.com\/#\/schema\/logo\/image\/","url":"https:\/\/hd-multimedia.com\/hdm_media\/HD-curves-ok-196-56px-alpha-1.png","contentUrl":"https:\/\/hd-multimedia.com\/hdm_media\/HD-curves-ok-196-56px-alpha-1.png","width":196,"height":53,"caption":"hd-multimedia"},"image":{"@id":"https:\/\/hd-multimedia.com\/#\/schema\/logo\/image\/"}}]}},"post_mailing_queue_ids":[],"_links":{"self":[{"href":"https:\/\/hd-multimedia.com\/en\/wp-json\/wp\/v2\/product\/13557","targetHints":{"allow":["GET"]}}],"collection":[{"href":"https:\/\/hd-multimedia.com\/en\/wp-json\/wp\/v2\/product"}],"about":[{"href":"https:\/\/hd-multimedia.com\/en\/wp-json\/wp\/v2\/types\/product"}],"version-history":[{"count":7,"href":"https:\/\/hd-multimedia.com\/en\/wp-json\/wp\/v2\/product\/13557\/revisions"}],"predecessor-version":[{"id":15620,"href":"https:\/\/hd-multimedia.com\/en\/wp-json\/wp\/v2\/product\/13557\/revisions\/15620"}],"wp:featuredmedia":[{"embeddable":true,"href":"https:\/\/hd-multimedia.com\/en\/wp-json\/wp\/v2\/media\/13558"}],"wp:attachment":[{"href":"https:\/\/hd-multimedia.com\/en\/wp-json\/wp\/v2\/media?parent=13557"}],"curies":[{"name":"wp","href":"https:\/\/api.w.org\/{rel}","templated":true}]}}