{"id":12670,"date":"2023-10-12T13:41:45","date_gmt":"2023-10-12T13:41:45","guid":{"rendered":"https:\/\/hd-multimedia.com\/?post_type=product&#038;p=12670"},"modified":"2026-02-24T13:38:54","modified_gmt":"2026-02-24T13:38:54","slug":"elac-varro-ps500","status":"publish","type":"product","link":"https:\/\/hd-multimedia.com\/en\/trgovina\/elac-varro-ps500\/","title":{"rendered":"Elac Varro PS500"},"content":{"rendered":"<p>The Elac Varro PS500 uses a lightweight paper membrane that has been treated to increase rigidity and reduce any effects caused by changes in temperature or humidity.<\/p>\n<p>All three Premium Series subwoofers feature a large 2\u201d voice coil for increased power distribution and thermal management, resulting in higher output SPL.<\/p>\n<p>Speaker type Bass Reflex<\/p>\n<p>Woofer 15\u201d treated paper<\/p>\n<p>Frequency response 20 Hz to 150 Hz (without echo)16 Hz to 150 Hz (in room)<\/p>\n<p>Maximum output level, SPL dB\/1 m anechoic 115 dB<\/p>\n<p>Low Pass Crossover 40 Hz to 150 Hz<\/p>\n<p>Amplifier power 500\/1000 Watts<\/p>\n<p>App Controlled (BLE) iOS and Android<\/p>\n<p>BASH amplifier topology<\/p>\n<p>Standby power consumption &lt; 0.5 W<\/p>\n<p>Spike dimensions (H x W x D) 480 mm x 460 mm x 460 mm<\/p>\n<p>Net weight 25.9 kg<\/p>","protected":false},"excerpt":{"rendered":"<p>Elac Varro PS500 premium subwoofers: Best performance starts with design!<\/p>\n<p>Eliminate subwoofer setup challenges with ELAC&#039;s AUTO EQ. ELAC&#039;s new Premium Series subwoofers deliver unmatched power and performance with a sleek, modern design. With advanced features such as BASH Amplification, Advanced App Control and ELAC&#039;s revolutionary Auto EQ system, the new Premium Series is the perfect solution to complete your home theater or music experience.<\/p>\n<p><a href=\"https:\/\/www.elac.com\/series\/varro\/premium\/ps500-15-subwoofer\/\" target=\"_blank\" rel=\"noopener\">Link for additional information on specifications!<\/a><\/p>","protected":false},"featured_media":12672,"template":"","meta":{"site-sidebar-layout":"default","site-content-layout":"default","ast-site-content-layout":"","site-content-style":"default","site-sidebar-style":"default","ast-global-header-display":"","ast-banner-title-visibility":"","ast-main-header-display":"","ast-hfb-above-header-display":"","ast-hfb-below-header-display":"","ast-hfb-mobile-header-display":"","site-post-title":"","ast-breadcrumbs-content":"","ast-featured-img":"","footer-sml-layout":"","theme-transparent-header-meta":"default","adv-header-id-meta":"","stick-header-meta":"default","header-above-stick-meta":"","header-main-stick-meta":"","header-below-stick-meta":"","astra-migrate-meta-layouts":"default","ast-page-background-enabled":"default","ast-page-background-meta":{"desktop":{"background-color":"","background-image":"","background-repeat":"repeat","background-position":"center center","background-size":"auto","background-attachment":"scroll","background-type":"","background-media":"","overlay-type":"","overlay-color":"","overlay-opacity":"","overlay-gradient":""},"tablet":{"background-color":"","background-image":"","background-repeat":"repeat","background-position":"center center","background-size":"auto","background-attachment":"scroll","background-type":"","background-media":"","overlay-type":"","overlay-color":"","overlay-opacity":"","overlay-gradient":""},"mobile":{"background-color":"","background-image":"","background-repeat":"repeat","background-position":"center center","background-size":"auto","background-attachment":"scroll","background-type":"","background-media":"","overlay-type":"","overlay-color":"","overlay-opacity":"","overlay-gradient":""}},"ast-content-background-meta":{"desktop":{"background-color":"var(--ast-global-color-5)","background-image":"","background-repeat":"repeat","background-position":"center center","background-size":"auto","background-attachment":"scroll","background-type":"","background-media":"","overlay-type":"","overlay-color":"","overlay-opacity":"","overlay-gradient":""},"tablet":{"background-color":"var(--ast-global-color-5)","background-image":"","background-repeat":"repeat","background-position":"center center","background-size":"auto","background-attachment":"scroll","background-type":"","background-media":"","overlay-type":"","overlay-color":"","overlay-opacity":"","overlay-gradient":""},"mobile":{"background-color":"var(--ast-global-color-5)","background-image":"","background-repeat":"repeat","background-position":"center center","background-size":"auto","background-attachment":"scroll","background-type":"","background-media":"","overlay-type":"","overlay-color":"","overlay-opacity":"","overlay-gradient":""}}},"class_list":["post-12670","product","type-product","status-publish","has-post-thumbnail","hentry","product_cat-subwoofer-home-theater","product_cat-elac","desktop-align-center","tablet-align-center","mobile-align-center","ast-product-gallery-layout-horizontal","ast-magnify-disabled","ast-product-tabs-layout-horizontal"],"yoast_head":"<!-- This site is optimized with the Yoast SEO plugin v21.4 - https:\/\/yoast.com\/wordpress\/plugins\/seo\/ -->\n<title>Elac Varro PS500 - hd-multimedia<\/title>\n<meta name=\"description\" content=\"Elac Varro PS500 premium subwooferi: Najbolje performanse po\u010dinju s dizajnom! Savr\u0161eno je rje\u0161enje za kompletiranje va\u0161eg ku\u0107nog kina ili glazbe.\" \/>\n<meta name=\"robots\" content=\"index, follow, max-snippet:-1, max-image-preview:large, max-video-preview:-1\" \/>\n<link rel=\"canonical\" href=\"https:\/\/hd-multimedia.com\/en\/trgovina\/elac-varro-ps500\/\" \/>\n<meta property=\"og:locale\" content=\"en_GB\" \/>\n<meta property=\"og:type\" content=\"article\" \/>\n<meta property=\"og:title\" content=\"Elac Varro PS500 - hd-multimedia\" \/>\n<meta property=\"og:description\" content=\"Elac Varro PS500 premium subwooferi: Najbolje performanse po\u010dinju s dizajnom! Savr\u0161eno je rje\u0161enje za kompletiranje va\u0161eg ku\u0107nog kina ili glazbe.\" \/>\n<meta property=\"og:url\" content=\"https:\/\/hd-multimedia.com\/en\/trgovina\/elac-varro-ps500\/\" \/>\n<meta property=\"og:site_name\" content=\"hd-multimedia\" \/>\n<meta property=\"article:modified_time\" content=\"2026-02-24T13:38:54+00:00\" \/>\n<meta property=\"og:image\" content=\"https:\/\/hd-multimedia.com\/hdm_media\/Elac-Varro-PS500-2.png\" \/>\n\t<meta property=\"og:image:width\" content=\"1080\" \/>\n\t<meta property=\"og:image:height\" content=\"1080\" \/>\n\t<meta property=\"og:image:type\" content=\"image\/png\" \/>\n<meta name=\"twitter:card\" content=\"summary_large_image\" \/>\n<meta name=\"twitter:label1\" content=\"Estimated reading time\" \/>\n\t<meta name=\"twitter:data1\" content=\"1 minute\" \/>\n<script type=\"application\/ld+json\" class=\"yoast-schema-graph\">{\"@context\":\"https:\/\/schema.org\",\"@graph\":[{\"@type\":\"WebPage\",\"@id\":\"https:\/\/hd-multimedia.com\/trgovina\/elac-varro-ps500\/\",\"url\":\"https:\/\/hd-multimedia.com\/trgovina\/elac-varro-ps500\/\",\"name\":\"Elac Varro PS500 - hd-multimedia\",\"isPartOf\":{\"@id\":\"https:\/\/hd-multimedia.com\/#website\"},\"datePublished\":\"2023-10-12T13:41:45+00:00\",\"dateModified\":\"2026-02-24T13:38:54+00:00\",\"description\":\"Elac Varro PS500 premium subwooferi: Najbolje performanse po\u010dinju s dizajnom! Savr\u0161eno je rje\u0161enje za kompletiranje va\u0161eg ku\u0107nog kina ili glazbe.\",\"breadcrumb\":{\"@id\":\"https:\/\/hd-multimedia.com\/trgovina\/elac-varro-ps500\/#breadcrumb\"},\"inLanguage\":\"en-GB\",\"potentialAction\":[{\"@type\":\"ReadAction\",\"target\":[\"https:\/\/hd-multimedia.com\/trgovina\/elac-varro-ps500\/\"]}]},{\"@type\":\"BreadcrumbList\",\"@id\":\"https:\/\/hd-multimedia.com\/trgovina\/elac-varro-ps500\/#breadcrumb\",\"itemListElement\":[{\"@type\":\"ListItem\",\"position\":1,\"name\":\"Po\u010detna stranica\",\"item\":\"https:\/\/hd-multimedia.com\/\"},{\"@type\":\"ListItem\",\"position\":2,\"name\":\"Trgovina\",\"item\":\"https:\/\/hd-multimedia.com\/trgovina\/\"},{\"@type\":\"ListItem\",\"position\":3,\"name\":\"Elac Varro PS500\"}]},{\"@type\":\"WebSite\",\"@id\":\"https:\/\/hd-multimedia.com\/#website\",\"url\":\"https:\/\/hd-multimedia.com\/\",\"name\":\"hd-multimedia\",\"description\":\"\",\"publisher\":{\"@id\":\"https:\/\/hd-multimedia.com\/#organization\"},\"potentialAction\":[{\"@type\":\"SearchAction\",\"target\":{\"@type\":\"EntryPoint\",\"urlTemplate\":\"https:\/\/hd-multimedia.com\/?s={search_term_string}\"},\"query-input\":\"required name=search_term_string\"}],\"inLanguage\":\"en-GB\"},{\"@type\":\"Organization\",\"@id\":\"https:\/\/hd-multimedia.com\/#organization\",\"name\":\"hd-multimedia\",\"url\":\"https:\/\/hd-multimedia.com\/\",\"logo\":{\"@type\":\"ImageObject\",\"inLanguage\":\"en-GB\",\"@id\":\"https:\/\/hd-multimedia.com\/#\/schema\/logo\/image\/\",\"url\":\"https:\/\/hd-multimedia.com\/hdm_media\/HD-curves-ok-196-56px-alpha-1.png\",\"contentUrl\":\"https:\/\/hd-multimedia.com\/hdm_media\/HD-curves-ok-196-56px-alpha-1.png\",\"width\":196,\"height\":53,\"caption\":\"hd-multimedia\"},\"image\":{\"@id\":\"https:\/\/hd-multimedia.com\/#\/schema\/logo\/image\/\"}}]}<\/script>\n<!-- \/ Yoast SEO plugin. -->","yoast_head_json":{"title":"Elac Varro PS500 - hd-multimedia","description":"Elac Varro PS500 premium subwooferi: Najbolje performanse po\u010dinju s dizajnom! Savr\u0161eno je rje\u0161enje za kompletiranje va\u0161eg ku\u0107nog kina ili glazbe.","robots":{"index":"index","follow":"follow","max-snippet":"max-snippet:-1","max-image-preview":"max-image-preview:large","max-video-preview":"max-video-preview:-1"},"canonical":"https:\/\/hd-multimedia.com\/en\/trgovina\/elac-varro-ps500\/","og_locale":"en_GB","og_type":"article","og_title":"Elac Varro PS500 - hd-multimedia","og_description":"Elac Varro PS500 premium subwooferi: Najbolje performanse po\u010dinju s dizajnom! Savr\u0161eno je rje\u0161enje za kompletiranje va\u0161eg ku\u0107nog kina ili glazbe.","og_url":"https:\/\/hd-multimedia.com\/en\/trgovina\/elac-varro-ps500\/","og_site_name":"hd-multimedia","article_modified_time":"2026-02-24T13:38:54+00:00","og_image":[{"width":1080,"height":1080,"url":"https:\/\/hd-multimedia.com\/hdm_media\/Elac-Varro-PS500-2.png","type":"image\/png"}],"twitter_card":"summary_large_image","twitter_misc":{"Estimated reading time":"1 minute"},"schema":{"@context":"https:\/\/schema.org","@graph":[{"@type":"WebPage","@id":"https:\/\/hd-multimedia.com\/trgovina\/elac-varro-ps500\/","url":"https:\/\/hd-multimedia.com\/trgovina\/elac-varro-ps500\/","name":"Elac Varro PS500 - hd-multimedia","isPartOf":{"@id":"https:\/\/hd-multimedia.com\/#website"},"datePublished":"2023-10-12T13:41:45+00:00","dateModified":"2026-02-24T13:38:54+00:00","description":"Elac Varro PS500 premium subwooferi: Najbolje performanse po\u010dinju s dizajnom! Savr\u0161eno je rje\u0161enje za kompletiranje va\u0161eg ku\u0107nog kina ili glazbe.","breadcrumb":{"@id":"https:\/\/hd-multimedia.com\/trgovina\/elac-varro-ps500\/#breadcrumb"},"inLanguage":"en-GB","potentialAction":[{"@type":"ReadAction","target":["https:\/\/hd-multimedia.com\/trgovina\/elac-varro-ps500\/"]}]},{"@type":"BreadcrumbList","@id":"https:\/\/hd-multimedia.com\/trgovina\/elac-varro-ps500\/#breadcrumb","itemListElement":[{"@type":"ListItem","position":1,"name":"Po\u010detna stranica","item":"https:\/\/hd-multimedia.com\/"},{"@type":"ListItem","position":2,"name":"Trgovina","item":"https:\/\/hd-multimedia.com\/trgovina\/"},{"@type":"ListItem","position":3,"name":"Elac Varro PS500"}]},{"@type":"WebSite","@id":"https:\/\/hd-multimedia.com\/#website","url":"https:\/\/hd-multimedia.com\/","name":"hd-multimedia","description":"","publisher":{"@id":"https:\/\/hd-multimedia.com\/#organization"},"potentialAction":[{"@type":"SearchAction","target":{"@type":"EntryPoint","urlTemplate":"https:\/\/hd-multimedia.com\/?s={search_term_string}"},"query-input":"required name=search_term_string"}],"inLanguage":"en-GB"},{"@type":"Organization","@id":"https:\/\/hd-multimedia.com\/#organization","name":"hd-multimedia","url":"https:\/\/hd-multimedia.com\/","logo":{"@type":"ImageObject","inLanguage":"en-GB","@id":"https:\/\/hd-multimedia.com\/#\/schema\/logo\/image\/","url":"https:\/\/hd-multimedia.com\/hdm_media\/HD-curves-ok-196-56px-alpha-1.png","contentUrl":"https:\/\/hd-multimedia.com\/hdm_media\/HD-curves-ok-196-56px-alpha-1.png","width":196,"height":53,"caption":"hd-multimedia"},"image":{"@id":"https:\/\/hd-multimedia.com\/#\/schema\/logo\/image\/"}}]}},"post_mailing_queue_ids":[],"_links":{"self":[{"href":"https:\/\/hd-multimedia.com\/en\/wp-json\/wp\/v2\/product\/12670","targetHints":{"allow":["GET"]}}],"collection":[{"href":"https:\/\/hd-multimedia.com\/en\/wp-json\/wp\/v2\/product"}],"about":[{"href":"https:\/\/hd-multimedia.com\/en\/wp-json\/wp\/v2\/types\/product"}],"version-history":[{"count":1,"href":"https:\/\/hd-multimedia.com\/en\/wp-json\/wp\/v2\/product\/12670\/revisions"}],"predecessor-version":[{"id":12677,"href":"https:\/\/hd-multimedia.com\/en\/wp-json\/wp\/v2\/product\/12670\/revisions\/12677"}],"wp:featuredmedia":[{"embeddable":true,"href":"https:\/\/hd-multimedia.com\/en\/wp-json\/wp\/v2\/media\/12672"}],"wp:attachment":[{"href":"https:\/\/hd-multimedia.com\/en\/wp-json\/wp\/v2\/media?parent=12670"}],"curies":[{"name":"wp","href":"https:\/\/api.w.org\/{rel}","templated":true}]}}